{"id":146309,"date":"2021-06-24T13:26:42","date_gmt":"2021-06-24T05:26:42","guid":{"rendered":"https:\/\/leatai.com\/product\/non%20class\u00e9\/lsc-010\/"},"modified":"2025-03-17T11:54:14","modified_gmt":"2025-03-17T03:54:14","slug":"lsc-010","status":"publish","type":"product","link":"https:\/\/leatai.com\/fr\/product\/carnet-personnalise\/carnet-broche\/lsc-010\/","title":{"rendered":"LSC-010"},"content":{"rendered":"<p>Mod\u00e8le de produit : LSC-010<br \/>\nMat\u00e9riau de la couverture : Simili cuir PU premium \u00e0 effet changeant<br \/>\nCouleurs disponibles : Rouge intense \/ Noir sobre \/ Or tendance<br \/>\nDimensions : 16K \/ 25K \/ 48K<a href=\"https:\/\/leatai.com\/fr\/faq\/quelles-sont-les-tailles-des-planificateurs-8k-16k-et-25k-quelle-est-leur-taille\/\" target=\"_blank\" rel=\"noopener\"> (tailles courantes)<\/a><br \/>\nPages int\u00e9rieures : Format standard <a href=\"https:\/\/leatai.com\/fr\/categorie-produit\/format-des-pages-interieures\/\" target=\"_blank\" rel=\"noopener\">(choix de mise en page)<\/a><br \/>\nEmballage : Pochette OPP (en option)<br \/>\nPersonnalisation du logo : Marquage \u00e0 chaud<\/p>\n<p>Description du produit<\/p>\n<p>Leatai \u2013 Mod\u00e8le LSC-010<\/p>\n<p>Un agenda broch\u00e9 en patchwork, con\u00e7u avec du simili cuir synth\u00e9tique de haute qualit\u00e9, import\u00e9 pour garantir une finition \u00e9l\u00e9gante et durable. L\u2019association de couleurs contrast\u00e9es donne un effet visuel raffin\u00e9, transformant un agenda d\u2019entreprise classique en un accessoire de prestige.<\/p>\n<p>Gr\u00e2ce \u00e0 son syst\u00e8me de pages int\u00e9rieures interchangeables, il peut \u00eatre utilis\u00e9 ann\u00e9e apr\u00e8s ann\u00e9e, offrant une solution \u00e9conomique et pratique, id\u00e9ale pour ceux qui recherchent un \u00e9quilibre parfait entre \u00e9l\u00e9gance et accessibilit\u00e9.<\/p>\n<p>&nbsp;<\/p>\n<p><strong>\ud83d\udcd6<\/strong>Agenda d\u2019entreprise standard :<a href=\"https:\/\/leatai.com\/fr\/categorie-produit\/carnet-personnalise\/\" target=\"_blank\" rel=\"noopener\"> Tous les mod\u00e8les de la s\u00e9rie d\u2019agendas d\u2019entreprise<\/a> \/ <a href=\"https:\/\/leatai.com\/fr\/categorie-produit\/format-des-pages-interieures\/\" target=\"_blank\" rel=\"noopener\">Pages int\u00e9rieures des agendas d\u2019entreprise<\/a><\/p>\n<p><strong>\ud83d\udcd6<\/strong>Pour plus de recommandations sur l\u2019impression et la fabrication de carnets personnalis\u00e9s et d\u2019agendas d\u2019entreprise sur mesure, veuillez consulter :<\/p>\n<ul>\n<li><a href=\"https:\/\/leatai.com\/fr\/categorie-produit\/divers-echantillons-oem\/carnet-relie-oem\/\" target=\"_blank\" rel=\"noopener\">OEM \u2013 Carnet reli\u00e9 rigide<\/a><\/li>\n<li><a href=\"https:\/\/leatai.com\/fr\/categorie-produit\/divers-echantillons-oem\/carnet-a-feuilles-mobiles-oem\/\" target=\"_blank\" rel=\"noopener\">OEM \u2013 Carnet \u00e0 anneaux<\/a><\/li>\n<li><a href=\"https:\/\/leatai.com\/fr\/categorie-produit\/divers-echantillons-oem\/carnet-amovible-oem\/\" target=\"_blank\" rel=\"noopener\">OEM \u2013 Carnet \u00e0 feuillets amovibles<\/a><\/li>\n<li><a href=\"https:\/\/leatai.com\/fr\/categorie-produit\/divers-echantillons-oem\/carnet-broche-oem\/\" target=\"_blank\" rel=\"noopener\">OEM \u2013 Carnet broch\u00e9<\/a><\/li>\n<li><a href=\"https:\/\/leatai.com\/fr\/categorie-produit\/divers-echantillons-oem\/carnet-a-spirale-oem\/\" target=\"_blank\" rel=\"noopener\">OEM \u2013 Carnet \u00e0 spirale<\/a><\/li>\n<li><a href=\"https:\/\/leatai.com\/fr\/categorie-produit\/divers-echantillons-oem\/calendrier-oem\/\" target=\"_blank\" rel=\"noopener\">OEM \u2013 Calendrier journalier d\u00e9tachable personnalis\u00e9 \/ Impression de calendrier de bureau personnalis\u00e9<\/a><\/li>\n<li><a href=\"https:\/\/leatai.com\/fr\/categorie-produit\/divers-echantillons-oem\/oem-autres\/\" target=\"_blank\" rel=\"noopener\">OEM \u2013 Autres formats personnalis\u00e9s<\/a><\/li>\n<\/ul>\n<p>Pour une explication compl\u00e8te des tailles, consultez notre guide des formats de papier :<br \/>\n<a href=\"https:\/\/leatai.com\/fr\/connaissances-sur-les-cahiers\/guide-des-formats-de-papier-comprendre-les-formats-courants-comme-b3-a4-b5-8k-16k-et-plus-encore-un-tableau-de-tailles-complet-pour-une-reference-facile\/\" target=\"_blank\" rel=\"noopener\">D\u00e9couvrez en un coup d&#8217;\u0153il les dimensions des formats standard tels que B3, A4, B5, 8K, 16K, et bien d\u2019autres ! Tableau comparatif des tailles de papier pour une compr\u00e9hension facile et rapide.<\/a><\/p>\n","protected":false},"excerpt":{"rendered":"<p>Mod\u00e8le de produit : LSC-010 Mat\u00e9riau de la couverture : Simili cuir PU premium \u00e0 effet changeant Couleurs disponibles : Rouge intense \/ Noir sobre \/ Or tendance Dimensions : 16K \/ 25K \/ 48K (tailles courantes) Pages int\u00e9rieures : Format standard (choix de mise en page) Emballage : Pochette OPP (en option) Personnalisation du [&hellip;]<\/p>\n","protected":false},"featured_media":146310,"template":"","meta":{"_acf_changed":false},"product_brand":[],"product_cat":[799],"product_tag":[1389],"home_works":[],"class_list":{"0":"post-146309","1":"product","2":"type-product","3":"status-publish","4":"has-post-thumbnail","6":"product_cat-carnet-broche","7":"product_tag--fr","9":"first","10":"instock","11":"sold-individually","12":"shipping-taxable","13":"purchasable","14":"product-type-variable","15":"has-default-attributes"},"acf":[],"yoast_head":"<!-- This site is optimized with the Yoast SEO plugin v27.2 - https:\/\/yoast.com\/product\/yoast-seo-wordpress\/ -->\n<title>LSC-010 - Carnet broch\u00e9 \u00e0 empi\u00e8cements. - Leatai \u2013 Fabricant de carnets personnalis\u00e9s<\/title>\n<meta name=\"description\" content=\"Leatai \u2013 Mod\u00e8le LSC-010 Un agenda broch\u00e9 en patchwork, con\u00e7u avec du simili cuir synth\u00e9tique de haute qualit\u00e9, import\u00e9 pour garantir une finition \u00e9l\u00e9gante et durable. L\u2019association de couleurs contrast\u00e9es donne un effet visuel raffin\u00e9, transformant un agenda d\u2019entreprise classique en un accessoire de prestige. Gr\u00e2ce \u00e0 son syst\u00e8me de pages int\u00e9rieures interchangeables, il peut \u00eatre utilis\u00e9 ann\u00e9e apr\u00e8s ann\u00e9e, offrant une solution \u00e9conomique et pratique, id\u00e9ale pour ceux qui recherchent un \u00e9quilibre parfait entre \u00e9l\u00e9gance et accessibilit\u00e9.\" \/>\n<meta name=\"robots\" content=\"index, follow, max-snippet:-1, max-image-preview:large, max-video-preview:-1\" \/>\n<link rel=\"canonical\" href=\"https:\/\/leatai.com\/fr\/product\/carnet-personnalise\/carnet-broche\/lsc-010\/\" \/>\n<meta property=\"og:locale\" content=\"fr_FR\" \/>\n<meta property=\"og:type\" content=\"article\" \/>\n<meta property=\"og:title\" content=\"LSC-010 - Carnet broch\u00e9 \u00e0 empi\u00e8cements. - Leatai \u2013 Fabricant de carnets personnalis\u00e9s\" \/>\n<meta property=\"og:description\" content=\"Leatai \u2013 Mod\u00e8le LSC-010 Un agenda broch\u00e9 en patchwork, con\u00e7u avec du simili cuir synth\u00e9tique de haute qualit\u00e9, import\u00e9 pour garantir une finition \u00e9l\u00e9gante et durable. L\u2019association de couleurs contrast\u00e9es donne un effet visuel raffin\u00e9, transformant un agenda d\u2019entreprise classique en un accessoire de prestige. Gr\u00e2ce \u00e0 son syst\u00e8me de pages int\u00e9rieures interchangeables, il peut \u00eatre utilis\u00e9 ann\u00e9e apr\u00e8s ann\u00e9e, offrant une solution \u00e9conomique et pratique, id\u00e9ale pour ceux qui recherchent un \u00e9quilibre parfait entre \u00e9l\u00e9gance et accessibilit\u00e9.\" \/>\n<meta property=\"og:url\" content=\"https:\/\/leatai.com\/fr\/product\/carnet-personnalise\/carnet-broche\/lsc-010\/\" \/>\n<meta property=\"og:site_name\" content=\"Leatai \u2013 Fabricant de carnets personnalis\u00e9s\" \/>\n<meta property=\"article:modified_time\" content=\"2025-03-17T03:54:14+00:00\" \/>\n<meta property=\"og:image\" content=\"https:\/\/leatai.com\/wp-content\/uploads\/2015_09_15_2142550.jpg\" \/>\n\t<meta property=\"og:image:width\" content=\"1000\" \/>\n\t<meta property=\"og:image:height\" content=\"750\" \/>\n\t<meta property=\"og:image:type\" content=\"image\/jpeg\" \/>\n<meta name=\"twitter:card\" content=\"summary_large_image\" \/>\n<meta name=\"twitter:label1\" content=\"Dur\u00e9e de lecture estim\u00e9e\" \/>\n\t<meta name=\"twitter:data1\" content=\"2 minutes\" \/>\n<script type=\"application\/ld+json\" class=\"yoast-schema-graph\">{\"@context\":\"https:\/\/schema.org\",\"@graph\":[{\"@type\":\"WebPage\",\"@id\":\"https:\/\/leatai.com\/fr\/product\/carnet-personnalise\/carnet-broche\/lsc-010\/\",\"url\":\"https:\/\/leatai.com\/fr\/product\/carnet-personnalise\/carnet-broche\/lsc-010\/\",\"name\":\"LSC-010 - Carnet broch\u00e9 \u00e0 empi\u00e8cements. - Leatai \u2013 Fabricant de carnets personnalis\u00e9s\",\"isPartOf\":{\"@id\":\"https:\/\/leatai.com\/fr\/#website\"},\"primaryImageOfPage\":{\"@id\":\"https:\/\/leatai.com\/fr\/product\/carnet-personnalise\/carnet-broche\/lsc-010\/#primaryimage\"},\"image\":{\"@id\":\"https:\/\/leatai.com\/fr\/product\/carnet-personnalise\/carnet-broche\/lsc-010\/#primaryimage\"},\"thumbnailUrl\":\"https:\/\/leatai.com\/wp-content\/uploads\/2015_09_15_2142550.jpg\",\"datePublished\":\"2021-06-24T05:26:42+00:00\",\"dateModified\":\"2025-03-17T03:54:14+00:00\",\"description\":\"Leatai \u2013 Mod\u00e8le LSC-010 Un agenda broch\u00e9 en patchwork, con\u00e7u avec du simili cuir synth\u00e9tique de haute qualit\u00e9, import\u00e9 pour garantir une finition \u00e9l\u00e9gante et durable. L\u2019association de couleurs contrast\u00e9es donne un effet visuel raffin\u00e9, transformant un agenda d\u2019entreprise classique en un accessoire de prestige. Gr\u00e2ce \u00e0 son syst\u00e8me de pages int\u00e9rieures interchangeables, il peut \u00eatre utilis\u00e9 ann\u00e9e apr\u00e8s ann\u00e9e, offrant une solution \u00e9conomique et pratique, id\u00e9ale pour ceux qui recherchent un \u00e9quilibre parfait entre \u00e9l\u00e9gance et accessibilit\u00e9.\",\"breadcrumb\":{\"@id\":\"https:\/\/leatai.com\/fr\/product\/carnet-personnalise\/carnet-broche\/lsc-010\/#breadcrumb\"},\"inLanguage\":\"fr-FR\",\"potentialAction\":[{\"@type\":\"ReadAction\",\"target\":[\"https:\/\/leatai.com\/fr\/product\/carnet-personnalise\/carnet-broche\/lsc-010\/\"]}]},{\"@type\":\"ImageObject\",\"inLanguage\":\"fr-FR\",\"@id\":\"https:\/\/leatai.com\/fr\/product\/carnet-personnalise\/carnet-broche\/lsc-010\/#primaryimage\",\"url\":\"https:\/\/leatai.com\/wp-content\/uploads\/2015_09_15_2142550.jpg\",\"contentUrl\":\"https:\/\/leatai.com\/wp-content\/uploads\/2015_09_15_2142550.jpg\",\"width\":1000,\"height\":750},{\"@type\":\"BreadcrumbList\",\"@id\":\"https:\/\/leatai.com\/fr\/product\/carnet-personnalise\/carnet-broche\/lsc-010\/#breadcrumb\",\"itemListElement\":[{\"@type\":\"ListItem\",\"position\":1,\"name\":\"Home\",\"item\":\"https:\/\/leatai.com\/fr\/\"},{\"@type\":\"ListItem\",\"position\":2,\"name\":\"Pr\u00e9sentation des produits\",\"item\":\"https:\/\/leatai.com\/products\/\"},{\"@type\":\"ListItem\",\"position\":3,\"name\":\"Carnet personnalis\u00e9\",\"item\":\"https:\/\/leatai.com\/fr\/categorie-produit\/carnet-personnalise\/\"},{\"@type\":\"ListItem\",\"position\":4,\"name\":\"Carnet broch\u00e9\",\"item\":\"https:\/\/leatai.com\/fr\/categorie-produit\/carnet-personnalise\/carnet-broche\/\"},{\"@type\":\"ListItem\",\"position\":5,\"name\":\"LSC-010\"}]},{\"@type\":\"WebSite\",\"@id\":\"https:\/\/leatai.com\/fr\/#website\",\"url\":\"https:\/\/leatai.com\/fr\/\",\"name\":\"Leatai \u2013 Fabricant de carnets personnalis\u00e9s\",\"description\":\"Leatai propose des carnets et planificateurs personnalis\u00e9s pour les marques et distributeurs dans le monde entier.\",\"publisher\":{\"@id\":\"https:\/\/leatai.com\/fr\/#organization\"},\"potentialAction\":[{\"@type\":\"SearchAction\",\"target\":{\"@type\":\"EntryPoint\",\"urlTemplate\":\"https:\/\/leatai.com\/fr\/?s={search_term_string}\"},\"query-input\":{\"@type\":\"PropertyValueSpecification\",\"valueRequired\":true,\"valueName\":\"search_term_string\"}}],\"inLanguage\":\"fr-FR\"},{\"@type\":\"Organization\",\"@id\":\"https:\/\/leatai.com\/fr\/#organization\",\"name\":\"Leatai Diary, customized journal and business organizer\",\"url\":\"https:\/\/leatai.com\/fr\/\",\"logo\":{\"@type\":\"ImageObject\",\"inLanguage\":\"fr-FR\",\"@id\":\"https:\/\/leatai.com\/fr\/#\/schema\/logo\/image\/\",\"url\":\"https:\/\/leatai.com\/wp-content\/uploads\/logo-blue.png\",\"contentUrl\":\"https:\/\/leatai.com\/wp-content\/uploads\/logo-blue.png\",\"width\":230,\"height\":60,\"caption\":\"Leatai Diary, customized journal and business organizer\"},\"image\":{\"@id\":\"https:\/\/leatai.com\/fr\/#\/schema\/logo\/image\/\"}}]}<\/script>\n<!-- \/ Yoast SEO plugin. -->","yoast_head_json":{"title":"LSC-010 - Carnet broch\u00e9 \u00e0 empi\u00e8cements. - Leatai \u2013 Fabricant de carnets personnalis\u00e9s","description":"Leatai \u2013 Mod\u00e8le LSC-010 Un agenda broch\u00e9 en patchwork, con\u00e7u avec du simili cuir synth\u00e9tique de haute qualit\u00e9, import\u00e9 pour garantir une finition \u00e9l\u00e9gante et durable. L\u2019association de couleurs contrast\u00e9es donne un effet visuel raffin\u00e9, transformant un agenda d\u2019entreprise classique en un accessoire de prestige. Gr\u00e2ce \u00e0 son syst\u00e8me de pages int\u00e9rieures interchangeables, il peut \u00eatre utilis\u00e9 ann\u00e9e apr\u00e8s ann\u00e9e, offrant une solution \u00e9conomique et pratique, id\u00e9ale pour ceux qui recherchent un \u00e9quilibre parfait entre \u00e9l\u00e9gance et accessibilit\u00e9.","robots":{"index":"index","follow":"follow","max-snippet":"max-snippet:-1","max-image-preview":"max-image-preview:large","max-video-preview":"max-video-preview:-1"},"canonical":"https:\/\/leatai.com\/fr\/product\/carnet-personnalise\/carnet-broche\/lsc-010\/","og_locale":"fr_FR","og_type":"article","og_title":"LSC-010 - Carnet broch\u00e9 \u00e0 empi\u00e8cements. - Leatai \u2013 Fabricant de carnets personnalis\u00e9s","og_description":"Leatai \u2013 Mod\u00e8le LSC-010 Un agenda broch\u00e9 en patchwork, con\u00e7u avec du simili cuir synth\u00e9tique de haute qualit\u00e9, import\u00e9 pour garantir une finition \u00e9l\u00e9gante et durable. L\u2019association de couleurs contrast\u00e9es donne un effet visuel raffin\u00e9, transformant un agenda d\u2019entreprise classique en un accessoire de prestige. Gr\u00e2ce \u00e0 son syst\u00e8me de pages int\u00e9rieures interchangeables, il peut \u00eatre utilis\u00e9 ann\u00e9e apr\u00e8s ann\u00e9e, offrant une solution \u00e9conomique et pratique, id\u00e9ale pour ceux qui recherchent un \u00e9quilibre parfait entre \u00e9l\u00e9gance et accessibilit\u00e9.","og_url":"https:\/\/leatai.com\/fr\/product\/carnet-personnalise\/carnet-broche\/lsc-010\/","og_site_name":"Leatai \u2013 Fabricant de carnets personnalis\u00e9s","article_modified_time":"2025-03-17T03:54:14+00:00","og_image":[{"width":1000,"height":750,"url":"https:\/\/leatai.com\/wp-content\/uploads\/2015_09_15_2142550.jpg","type":"image\/jpeg"}],"twitter_card":"summary_large_image","twitter_misc":{"Dur\u00e9e de lecture estim\u00e9e":"2 minutes"},"schema":{"@context":"https:\/\/schema.org","@graph":[{"@type":"WebPage","@id":"https:\/\/leatai.com\/fr\/product\/carnet-personnalise\/carnet-broche\/lsc-010\/","url":"https:\/\/leatai.com\/fr\/product\/carnet-personnalise\/carnet-broche\/lsc-010\/","name":"LSC-010 - Carnet broch\u00e9 \u00e0 empi\u00e8cements. - Leatai \u2013 Fabricant de carnets personnalis\u00e9s","isPartOf":{"@id":"https:\/\/leatai.com\/fr\/#website"},"primaryImageOfPage":{"@id":"https:\/\/leatai.com\/fr\/product\/carnet-personnalise\/carnet-broche\/lsc-010\/#primaryimage"},"image":{"@id":"https:\/\/leatai.com\/fr\/product\/carnet-personnalise\/carnet-broche\/lsc-010\/#primaryimage"},"thumbnailUrl":"https:\/\/leatai.com\/wp-content\/uploads\/2015_09_15_2142550.jpg","datePublished":"2021-06-24T05:26:42+00:00","dateModified":"2025-03-17T03:54:14+00:00","description":"Leatai \u2013 Mod\u00e8le LSC-010 Un agenda broch\u00e9 en patchwork, con\u00e7u avec du simili cuir synth\u00e9tique de haute qualit\u00e9, import\u00e9 pour garantir une finition \u00e9l\u00e9gante et durable. L\u2019association de couleurs contrast\u00e9es donne un effet visuel raffin\u00e9, transformant un agenda d\u2019entreprise classique en un accessoire de prestige. Gr\u00e2ce \u00e0 son syst\u00e8me de pages int\u00e9rieures interchangeables, il peut \u00eatre utilis\u00e9 ann\u00e9e apr\u00e8s ann\u00e9e, offrant une solution \u00e9conomique et pratique, id\u00e9ale pour ceux qui recherchent un \u00e9quilibre parfait entre \u00e9l\u00e9gance et accessibilit\u00e9.","breadcrumb":{"@id":"https:\/\/leatai.com\/fr\/product\/carnet-personnalise\/carnet-broche\/lsc-010\/#breadcrumb"},"inLanguage":"fr-FR","potentialAction":[{"@type":"ReadAction","target":["https:\/\/leatai.com\/fr\/product\/carnet-personnalise\/carnet-broche\/lsc-010\/"]}]},{"@type":"ImageObject","inLanguage":"fr-FR","@id":"https:\/\/leatai.com\/fr\/product\/carnet-personnalise\/carnet-broche\/lsc-010\/#primaryimage","url":"https:\/\/leatai.com\/wp-content\/uploads\/2015_09_15_2142550.jpg","contentUrl":"https:\/\/leatai.com\/wp-content\/uploads\/2015_09_15_2142550.jpg","width":1000,"height":750},{"@type":"BreadcrumbList","@id":"https:\/\/leatai.com\/fr\/product\/carnet-personnalise\/carnet-broche\/lsc-010\/#breadcrumb","itemListElement":[{"@type":"ListItem","position":1,"name":"Home","item":"https:\/\/leatai.com\/fr\/"},{"@type":"ListItem","position":2,"name":"Pr\u00e9sentation des produits","item":"https:\/\/leatai.com\/products\/"},{"@type":"ListItem","position":3,"name":"Carnet personnalis\u00e9","item":"https:\/\/leatai.com\/fr\/categorie-produit\/carnet-personnalise\/"},{"@type":"ListItem","position":4,"name":"Carnet broch\u00e9","item":"https:\/\/leatai.com\/fr\/categorie-produit\/carnet-personnalise\/carnet-broche\/"},{"@type":"ListItem","position":5,"name":"LSC-010"}]},{"@type":"WebSite","@id":"https:\/\/leatai.com\/fr\/#website","url":"https:\/\/leatai.com\/fr\/","name":"Leatai \u2013 Fabricant de carnets personnalis\u00e9s","description":"Leatai propose des carnets et planificateurs personnalis\u00e9s pour les marques et distributeurs dans le monde entier.","publisher":{"@id":"https:\/\/leatai.com\/fr\/#organization"},"potentialAction":[{"@type":"SearchAction","target":{"@type":"EntryPoint","urlTemplate":"https:\/\/leatai.com\/fr\/?s={search_term_string}"},"query-input":{"@type":"PropertyValueSpecification","valueRequired":true,"valueName":"search_term_string"}}],"inLanguage":"fr-FR"},{"@type":"Organization","@id":"https:\/\/leatai.com\/fr\/#organization","name":"Leatai Diary, customized journal and business organizer","url":"https:\/\/leatai.com\/fr\/","logo":{"@type":"ImageObject","inLanguage":"fr-FR","@id":"https:\/\/leatai.com\/fr\/#\/schema\/logo\/image\/","url":"https:\/\/leatai.com\/wp-content\/uploads\/logo-blue.png","contentUrl":"https:\/\/leatai.com\/wp-content\/uploads\/logo-blue.png","width":230,"height":60,"caption":"Leatai Diary, customized journal and business organizer"},"image":{"@id":"https:\/\/leatai.com\/fr\/#\/schema\/logo\/image\/"}}]}},"_links":{"self":[{"href":"https:\/\/leatai.com\/fr\/wp-json\/wp\/v2\/product\/146309","targetHints":{"allow":["GET"]}}],"collection":[{"href":"https:\/\/leatai.com\/fr\/wp-json\/wp\/v2\/product"}],"about":[{"href":"https:\/\/leatai.com\/fr\/wp-json\/wp\/v2\/types\/product"}],"wp:featuredmedia":[{"embeddable":true,"href":"https:\/\/leatai.com\/fr\/wp-json\/wp\/v2\/media\/146310"}],"wp:attachment":[{"href":"https:\/\/leatai.com\/fr\/wp-json\/wp\/v2\/media?parent=146309"}],"wp:term":[{"taxonomy":"product_brand","embeddable":true,"href":"https:\/\/leatai.com\/fr\/wp-json\/wp\/v2\/product_brand?post=146309"},{"taxonomy":"product_cat","embeddable":true,"href":"https:\/\/leatai.com\/fr\/wp-json\/wp\/v2\/product_cat?post=146309"},{"taxonomy":"product_tag","embeddable":true,"href":"https:\/\/leatai.com\/fr\/wp-json\/wp\/v2\/product_tag?post=146309"},{"taxonomy":"home_works","embeddable":true,"href":"https:\/\/leatai.com\/fr\/wp-json\/wp\/v2\/home_works?post=146309"}],"curies":[{"name":"wp","href":"https:\/\/api.w.org\/{rel}","templated":true}]}}