{"id":145593,"date":"2023-05-08T21:13:43","date_gmt":"2023-05-08T13:13:43","guid":{"rendered":"https:\/\/leatai.com\/product\/non%20class\u00e9\/pochette-de-remise-de-cles-pochette-de-livraison-de-vehicule-03\/"},"modified":"2025-03-14T17:56:45","modified_gmt":"2025-03-14T09:56:45","slug":"pochette-de-remise-de-cles-pochette-de-livraison-de-vehicule-03","status":"publish","type":"product","link":"https:\/\/leatai.com\/fr\/product\/sac-de-remise-livraison-de-voiture\/pochette-de-remise-de-cles-pochette-de-livraison-de-vehicule-03\/","title":{"rendered":"Pochette de remise de cl\u00e9s \/ Pochette de livraison de v\u00e9hicule &#8211; 03"},"content":{"rendered":"<p>Mod\u00e8le de produit : Pochette de remise de cl\u00e9s \/ Pochette de livraison de v\u00e9hicule &#8211; 03<br \/>\nMat\u00e9riau de la couverture : Simili cuir<br \/>\nCouleurs disponibles : Noir, Gris<br \/>\nDimensions : A4 <a href=\"https:\/\/leatai.com\/fr\/faq\/quelles-sont-les-tailles-des-planificateurs-8k-16k-et-25k-quelle-est-leur-taille\/\" target=\"_blank\" rel=\"noopener\">(taille courante)<\/a><br \/>\nPages int\u00e9rieures : Aucune <a href=\"https:\/\/leatai.com\/fr\/categorie-produit\/format-des-pages-interieures\/pages-interieures-a5\/\" target=\"_blank\" rel=\"noopener\">(formats d\u2019int\u00e9rieur personnalisables)<\/a><br \/>\nEmballage : Pochette OPP (en option)<br \/>\nPersonnalisation du logo : Dorure \u00e0 chaud, argenture, marquage \u00e0 chaud<\/p>\n<p>Description du produit<\/p>\n<p>Leatai \u2013 Pochette de remise de cl\u00e9s \/ Pochette de livraison de v\u00e9hicule &#8211; 03<\/p>\n<p>Ce mod\u00e8le est con\u00e7u avec plusieurs pochettes transparentes int\u00e9gr\u00e9es, permettant un classement facile et rapide des documents, m\u00eame en petite quantit\u00e9. En plus d\u2019am\u00e9liorer la praticit\u00e9, il offre une organisation claire et efficace.<\/p>\n<p>Son format A4, accompagn\u00e9 d\u2019un porte-documents assorti, ajoute une touche d\u2019\u00e9l\u00e9gance et de distinction, renfor\u00e7ant ainsi le prestige et l\u2019exp\u00e9rience haut de gamme pour vos clients.<\/p>\n<p><strong>\ud83d\udcd6<\/strong>Agenda d\u2019entreprise standard :<a href=\"https:\/\/leatai.com\/fr\/categorie-produit\/carnet-personnalise\/\" target=\"_blank\" rel=\"noopener\"> Tous les mod\u00e8les de la s\u00e9rie d\u2019agendas d\u2019entreprise<\/a> \/ <a href=\"https:\/\/leatai.com\/fr\/categorie-produit\/format-des-pages-interieures\/\" target=\"_blank\" rel=\"noopener\">Pages int\u00e9rieures des agendas d\u2019entreprise<\/a><\/p>\n<p><strong>\ud83d\udcd6<\/strong>Pour plus de recommandations sur l\u2019impression et la fabrication de carnets personnalis\u00e9s et d\u2019agendas d\u2019entreprise sur mesure, veuillez consulter :<\/p>\n<ul>\n<li><a href=\"https:\/\/leatai.com\/fr\/categorie-produit\/divers-echantillons-oem\/carnet-relie-oem\/\" target=\"_blank\" rel=\"noopener\">OEM \u2013 Carnet reli\u00e9 rigide<\/a><\/li>\n<li><a href=\"https:\/\/leatai.com\/fr\/categorie-produit\/divers-echantillons-oem\/carnet-a-feuilles-mobiles-oem\/\" target=\"_blank\" rel=\"noopener\">OEM \u2013 Carnet \u00e0 anneaux<\/a><\/li>\n<li><a href=\"https:\/\/leatai.com\/fr\/categorie-produit\/divers-echantillons-oem\/carnet-amovible-oem\/\" target=\"_blank\" rel=\"noopener\">OEM \u2013 Carnet \u00e0 feuillets amovibles<\/a><\/li>\n<li><a href=\"https:\/\/leatai.com\/fr\/categorie-produit\/divers-echantillons-oem\/carnet-broche-oem\/\" target=\"_blank\" rel=\"noopener\">OEM \u2013 Carnet broch\u00e9<\/a><\/li>\n<li><a href=\"https:\/\/leatai.com\/fr\/categorie-produit\/divers-echantillons-oem\/carnet-a-spirale-oem\/\" target=\"_blank\" rel=\"noopener\">OEM \u2013 Carnet \u00e0 spirale<\/a><\/li>\n<li><a href=\"https:\/\/leatai.com\/fr\/categorie-produit\/divers-echantillons-oem\/calendrier-oem\/\" target=\"_blank\" rel=\"noopener\">OEM \u2013 Calendrier journalier d\u00e9tachable personnalis\u00e9 \/ Impression de calendrier de bureau personnalis\u00e9<\/a><\/li>\n<li><a href=\"https:\/\/leatai.com\/fr\/categorie-produit\/divers-echantillons-oem\/oem-autres\/\" target=\"_blank\" rel=\"noopener\">OEM \u2013 Autres formats personnalis\u00e9s<\/a><\/li>\n<\/ul>\n<p>Pour une explication compl\u00e8te des tailles, consultez notre guide des formats de papier :<br \/>\n<a href=\"https:\/\/leatai.com\/fr\/connaissances-sur-les-cahiers\/guide-des-formats-de-papier-comprendre-les-formats-courants-comme-b3-a4-b5-8k-16k-et-plus-encore-un-tableau-de-tailles-complet-pour-une-reference-facile\/\" target=\"_blank\" rel=\"noopener\">D\u00e9couvrez en un coup d&#8217;\u0153il les dimensions des formats standard tels que B3, A4, B5, 8K, 16K, et bien d\u2019autres ! Tableau comparatif des tailles de papier pour une compr\u00e9hension facile et rapide.<\/a><\/p>\n","protected":false},"excerpt":{"rendered":"<p>Mod\u00e8le de produit : Pochette de remise de cl\u00e9s \/ Pochette de livraison de v\u00e9hicule &#8211; 03 Mat\u00e9riau de la couverture : Simili cuir Couleurs disponibles : Noir, Gris Dimensions : A4 (taille courante) Pages int\u00e9rieures : Aucune (formats d\u2019int\u00e9rieur personnalisables) Emballage : Pochette OPP (en option) Personnalisation du logo : Dorure \u00e0 chaud, argenture, [&hellip;]<\/p>\n","protected":false},"featured_media":80707,"template":"","meta":{"_acf_changed":false},"product_brand":[],"product_cat":[808],"product_tag":[],"home_works":[],"class_list":{"0":"post-145593","1":"product","2":"type-product","3":"status-publish","4":"has-post-thumbnail","6":"product_cat-sac-de-remise-livraison-de-voiture","8":"first","9":"outofstock","10":"sold-individually","11":"shipping-taxable","12":"purchasable","13":"product-type-variable","14":"has-default-attributes"},"acf":[],"yoast_head":"<!-- This site is optimized with the Yoast SEO plugin v27.2 - https:\/\/yoast.com\/product\/yoast-seo-wordpress\/ -->\n<title>Pochette de remise de cl\u00e9s \/ Pochette de livraison de v\u00e9hicule - 03 - Leatai \u2013 Fabricant de carnets personnalis\u00e9s<\/title>\n<meta name=\"description\" content=\"Mod\u00e8le de produit Leatai : Pochette de remise de cl\u00e9s \/ Pochette de livraison de v\u00e9hicule - 03 Ce mod\u00e8le est dot\u00e9 de multiples pochettes transparentes int\u00e9gr\u00e9es, offrant un classement facile et une identification rapide des documents, m\u00eame en petite quantit\u00e9. En plus d&#039;am\u00e9liorer consid\u00e9rablement la praticit\u00e9, il permet une organisation efficace. Associ\u00e9 \u00e0 un porte-documents A4 assorti, il renforce l&#039;\u00e9l\u00e9gance et le prestige du client, faisant de cette pochette un accessoire \u00e0 la fois fonctionnel et distingu\u00e9.\" \/>\n<meta name=\"robots\" content=\"index, follow, max-snippet:-1, max-image-preview:large, max-video-preview:-1\" \/>\n<link rel=\"canonical\" href=\"https:\/\/leatai.com\/fr\/product\/sac-de-remise-livraison-de-voiture\/pochette-de-remise-de-cles-pochette-de-livraison-de-vehicule-03\/\" \/>\n<meta property=\"og:locale\" content=\"fr_FR\" \/>\n<meta property=\"og:type\" content=\"article\" \/>\n<meta property=\"og:title\" content=\"Pochette de remise de cl\u00e9s \/ Pochette de livraison de v\u00e9hicule - 03 - Leatai \u2013 Fabricant de carnets personnalis\u00e9s\" \/>\n<meta property=\"og:description\" content=\"Mod\u00e8le de produit Leatai : Pochette de remise de cl\u00e9s \/ Pochette de livraison de v\u00e9hicule - 03 Ce mod\u00e8le est dot\u00e9 de multiples pochettes transparentes int\u00e9gr\u00e9es, offrant un classement facile et une identification rapide des documents, m\u00eame en petite quantit\u00e9. En plus d&#039;am\u00e9liorer consid\u00e9rablement la praticit\u00e9, il permet une organisation efficace. Associ\u00e9 \u00e0 un porte-documents A4 assorti, il renforce l&#039;\u00e9l\u00e9gance et le prestige du client, faisant de cette pochette un accessoire \u00e0 la fois fonctionnel et distingu\u00e9.\" \/>\n<meta property=\"og:url\" content=\"https:\/\/leatai.com\/fr\/product\/sac-de-remise-livraison-de-voiture\/pochette-de-remise-de-cles-pochette-de-livraison-de-vehicule-03\/\" \/>\n<meta property=\"og:site_name\" content=\"Leatai \u2013 Fabricant de carnets personnalis\u00e9s\" \/>\n<meta property=\"article:modified_time\" content=\"2025-03-14T09:56:45+00:00\" \/>\n<meta property=\"og:image\" content=\"https:\/\/leatai.com\/wp-content\/uploads\/DSC_0366.jpg\" \/>\n\t<meta property=\"og:image:width\" content=\"1000\" \/>\n\t<meta property=\"og:image:height\" content=\"750\" \/>\n\t<meta property=\"og:image:type\" content=\"image\/jpeg\" \/>\n<meta name=\"twitter:card\" content=\"summary_large_image\" \/>\n<meta name=\"twitter:label1\" content=\"Dur\u00e9e de lecture estim\u00e9e\" \/>\n\t<meta name=\"twitter:data1\" content=\"2 minutes\" \/>\n<script type=\"application\/ld+json\" class=\"yoast-schema-graph\">{\"@context\":\"https:\/\/schema.org\",\"@graph\":[{\"@type\":\"WebPage\",\"@id\":\"https:\/\/leatai.com\/fr\/product\/sac-de-remise-livraison-de-voiture\/pochette-de-remise-de-cles-pochette-de-livraison-de-vehicule-03\/\",\"url\":\"https:\/\/leatai.com\/fr\/product\/sac-de-remise-livraison-de-voiture\/pochette-de-remise-de-cles-pochette-de-livraison-de-vehicule-03\/\",\"name\":\"Pochette de remise de cl\u00e9s \/ Pochette de livraison de v\u00e9hicule - 03 - Leatai \u2013 Fabricant de carnets personnalis\u00e9s\",\"isPartOf\":{\"@id\":\"https:\/\/leatai.com\/fr\/#website\"},\"primaryImageOfPage\":{\"@id\":\"https:\/\/leatai.com\/fr\/product\/sac-de-remise-livraison-de-voiture\/pochette-de-remise-de-cles-pochette-de-livraison-de-vehicule-03\/#primaryimage\"},\"image\":{\"@id\":\"https:\/\/leatai.com\/fr\/product\/sac-de-remise-livraison-de-voiture\/pochette-de-remise-de-cles-pochette-de-livraison-de-vehicule-03\/#primaryimage\"},\"thumbnailUrl\":\"https:\/\/leatai.com\/wp-content\/uploads\/DSC_0366.jpg\",\"datePublished\":\"2023-05-08T13:13:43+00:00\",\"dateModified\":\"2025-03-14T09:56:45+00:00\",\"description\":\"Mod\u00e8le de produit Leatai : Pochette de remise de cl\u00e9s \/ Pochette de livraison de v\u00e9hicule - 03 Ce mod\u00e8le est dot\u00e9 de multiples pochettes transparentes int\u00e9gr\u00e9es, offrant un classement facile et une identification rapide des documents, m\u00eame en petite quantit\u00e9. En plus d'am\u00e9liorer consid\u00e9rablement la praticit\u00e9, il permet une organisation efficace. Associ\u00e9 \u00e0 un porte-documents A4 assorti, il renforce l'\u00e9l\u00e9gance et le prestige du client, faisant de cette pochette un accessoire \u00e0 la fois fonctionnel et distingu\u00e9.\",\"breadcrumb\":{\"@id\":\"https:\/\/leatai.com\/fr\/product\/sac-de-remise-livraison-de-voiture\/pochette-de-remise-de-cles-pochette-de-livraison-de-vehicule-03\/#breadcrumb\"},\"inLanguage\":\"fr-FR\",\"potentialAction\":[{\"@type\":\"ReadAction\",\"target\":[\"https:\/\/leatai.com\/fr\/product\/sac-de-remise-livraison-de-voiture\/pochette-de-remise-de-cles-pochette-de-livraison-de-vehicule-03\/\"]}]},{\"@type\":\"ImageObject\",\"inLanguage\":\"fr-FR\",\"@id\":\"https:\/\/leatai.com\/fr\/product\/sac-de-remise-livraison-de-voiture\/pochette-de-remise-de-cles-pochette-de-livraison-de-vehicule-03\/#primaryimage\",\"url\":\"https:\/\/leatai.com\/wp-content\/uploads\/DSC_0366.jpg\",\"contentUrl\":\"https:\/\/leatai.com\/wp-content\/uploads\/DSC_0366.jpg\",\"width\":1000,\"height\":750,\"caption\":\"Pochette de remise de cl\u00e9s \/ Pochette de livraison de v\u00e9hicule\"},{\"@type\":\"BreadcrumbList\",\"@id\":\"https:\/\/leatai.com\/fr\/product\/sac-de-remise-livraison-de-voiture\/pochette-de-remise-de-cles-pochette-de-livraison-de-vehicule-03\/#breadcrumb\",\"itemListElement\":[{\"@type\":\"ListItem\",\"position\":1,\"name\":\"Home\",\"item\":\"https:\/\/leatai.com\/fr\/\"},{\"@type\":\"ListItem\",\"position\":2,\"name\":\"Pr\u00e9sentation des produits\",\"item\":\"https:\/\/leatai.com\/products\/\"},{\"@type\":\"ListItem\",\"position\":3,\"name\":\"Sac de remise \/ Livraison de voiture\",\"item\":\"https:\/\/leatai.com\/fr\/categorie-produit\/sac-de-remise-livraison-de-voiture\/\"},{\"@type\":\"ListItem\",\"position\":4,\"name\":\"Pochette de remise de cl\u00e9s \/ Pochette de livraison de v\u00e9hicule &#8211; 03\"}]},{\"@type\":\"WebSite\",\"@id\":\"https:\/\/leatai.com\/fr\/#website\",\"url\":\"https:\/\/leatai.com\/fr\/\",\"name\":\"Leatai \u2013 Fabricant de carnets personnalis\u00e9s\",\"description\":\"Leatai propose des carnets et planificateurs personnalis\u00e9s pour les marques et distributeurs dans le monde entier.\",\"publisher\":{\"@id\":\"https:\/\/leatai.com\/fr\/#organization\"},\"potentialAction\":[{\"@type\":\"SearchAction\",\"target\":{\"@type\":\"EntryPoint\",\"urlTemplate\":\"https:\/\/leatai.com\/fr\/?s={search_term_string}\"},\"query-input\":{\"@type\":\"PropertyValueSpecification\",\"valueRequired\":true,\"valueName\":\"search_term_string\"}}],\"inLanguage\":\"fr-FR\"},{\"@type\":\"Organization\",\"@id\":\"https:\/\/leatai.com\/fr\/#organization\",\"name\":\"Leatai Diary, customized journal and business organizer\",\"url\":\"https:\/\/leatai.com\/fr\/\",\"logo\":{\"@type\":\"ImageObject\",\"inLanguage\":\"fr-FR\",\"@id\":\"https:\/\/leatai.com\/fr\/#\/schema\/logo\/image\/\",\"url\":\"https:\/\/leatai.com\/wp-content\/uploads\/logo-blue.png\",\"contentUrl\":\"https:\/\/leatai.com\/wp-content\/uploads\/logo-blue.png\",\"width\":230,\"height\":60,\"caption\":\"Leatai Diary, customized journal and business organizer\"},\"image\":{\"@id\":\"https:\/\/leatai.com\/fr\/#\/schema\/logo\/image\/\"}}]}<\/script>\n<!-- \/ Yoast SEO plugin. -->","yoast_head_json":{"title":"Pochette de remise de cl\u00e9s \/ Pochette de livraison de v\u00e9hicule - 03 - Leatai \u2013 Fabricant de carnets personnalis\u00e9s","description":"Mod\u00e8le de produit Leatai : Pochette de remise de cl\u00e9s \/ Pochette de livraison de v\u00e9hicule - 03 Ce mod\u00e8le est dot\u00e9 de multiples pochettes transparentes int\u00e9gr\u00e9es, offrant un classement facile et une identification rapide des documents, m\u00eame en petite quantit\u00e9. En plus d'am\u00e9liorer consid\u00e9rablement la praticit\u00e9, il permet une organisation efficace. Associ\u00e9 \u00e0 un porte-documents A4 assorti, il renforce l'\u00e9l\u00e9gance et le prestige du client, faisant de cette pochette un accessoire \u00e0 la fois fonctionnel et distingu\u00e9.","robots":{"index":"index","follow":"follow","max-snippet":"max-snippet:-1","max-image-preview":"max-image-preview:large","max-video-preview":"max-video-preview:-1"},"canonical":"https:\/\/leatai.com\/fr\/product\/sac-de-remise-livraison-de-voiture\/pochette-de-remise-de-cles-pochette-de-livraison-de-vehicule-03\/","og_locale":"fr_FR","og_type":"article","og_title":"Pochette de remise de cl\u00e9s \/ Pochette de livraison de v\u00e9hicule - 03 - Leatai \u2013 Fabricant de carnets personnalis\u00e9s","og_description":"Mod\u00e8le de produit Leatai : Pochette de remise de cl\u00e9s \/ Pochette de livraison de v\u00e9hicule - 03 Ce mod\u00e8le est dot\u00e9 de multiples pochettes transparentes int\u00e9gr\u00e9es, offrant un classement facile et une identification rapide des documents, m\u00eame en petite quantit\u00e9. En plus d'am\u00e9liorer consid\u00e9rablement la praticit\u00e9, il permet une organisation efficace. Associ\u00e9 \u00e0 un porte-documents A4 assorti, il renforce l'\u00e9l\u00e9gance et le prestige du client, faisant de cette pochette un accessoire \u00e0 la fois fonctionnel et distingu\u00e9.","og_url":"https:\/\/leatai.com\/fr\/product\/sac-de-remise-livraison-de-voiture\/pochette-de-remise-de-cles-pochette-de-livraison-de-vehicule-03\/","og_site_name":"Leatai \u2013 Fabricant de carnets personnalis\u00e9s","article_modified_time":"2025-03-14T09:56:45+00:00","og_image":[{"width":1000,"height":750,"url":"https:\/\/leatai.com\/wp-content\/uploads\/DSC_0366.jpg","type":"image\/jpeg"}],"twitter_card":"summary_large_image","twitter_misc":{"Dur\u00e9e de lecture estim\u00e9e":"2 minutes"},"schema":{"@context":"https:\/\/schema.org","@graph":[{"@type":"WebPage","@id":"https:\/\/leatai.com\/fr\/product\/sac-de-remise-livraison-de-voiture\/pochette-de-remise-de-cles-pochette-de-livraison-de-vehicule-03\/","url":"https:\/\/leatai.com\/fr\/product\/sac-de-remise-livraison-de-voiture\/pochette-de-remise-de-cles-pochette-de-livraison-de-vehicule-03\/","name":"Pochette de remise de cl\u00e9s \/ Pochette de livraison de v\u00e9hicule - 03 - Leatai \u2013 Fabricant de carnets personnalis\u00e9s","isPartOf":{"@id":"https:\/\/leatai.com\/fr\/#website"},"primaryImageOfPage":{"@id":"https:\/\/leatai.com\/fr\/product\/sac-de-remise-livraison-de-voiture\/pochette-de-remise-de-cles-pochette-de-livraison-de-vehicule-03\/#primaryimage"},"image":{"@id":"https:\/\/leatai.com\/fr\/product\/sac-de-remise-livraison-de-voiture\/pochette-de-remise-de-cles-pochette-de-livraison-de-vehicule-03\/#primaryimage"},"thumbnailUrl":"https:\/\/leatai.com\/wp-content\/uploads\/DSC_0366.jpg","datePublished":"2023-05-08T13:13:43+00:00","dateModified":"2025-03-14T09:56:45+00:00","description":"Mod\u00e8le de produit Leatai : Pochette de remise de cl\u00e9s \/ Pochette de livraison de v\u00e9hicule - 03 Ce mod\u00e8le est dot\u00e9 de multiples pochettes transparentes int\u00e9gr\u00e9es, offrant un classement facile et une identification rapide des documents, m\u00eame en petite quantit\u00e9. En plus d'am\u00e9liorer consid\u00e9rablement la praticit\u00e9, il permet une organisation efficace. Associ\u00e9 \u00e0 un porte-documents A4 assorti, il renforce l'\u00e9l\u00e9gance et le prestige du client, faisant de cette pochette un accessoire \u00e0 la fois fonctionnel et distingu\u00e9.","breadcrumb":{"@id":"https:\/\/leatai.com\/fr\/product\/sac-de-remise-livraison-de-voiture\/pochette-de-remise-de-cles-pochette-de-livraison-de-vehicule-03\/#breadcrumb"},"inLanguage":"fr-FR","potentialAction":[{"@type":"ReadAction","target":["https:\/\/leatai.com\/fr\/product\/sac-de-remise-livraison-de-voiture\/pochette-de-remise-de-cles-pochette-de-livraison-de-vehicule-03\/"]}]},{"@type":"ImageObject","inLanguage":"fr-FR","@id":"https:\/\/leatai.com\/fr\/product\/sac-de-remise-livraison-de-voiture\/pochette-de-remise-de-cles-pochette-de-livraison-de-vehicule-03\/#primaryimage","url":"https:\/\/leatai.com\/wp-content\/uploads\/DSC_0366.jpg","contentUrl":"https:\/\/leatai.com\/wp-content\/uploads\/DSC_0366.jpg","width":1000,"height":750,"caption":"Pochette de remise de cl\u00e9s \/ Pochette de livraison de v\u00e9hicule"},{"@type":"BreadcrumbList","@id":"https:\/\/leatai.com\/fr\/product\/sac-de-remise-livraison-de-voiture\/pochette-de-remise-de-cles-pochette-de-livraison-de-vehicule-03\/#breadcrumb","itemListElement":[{"@type":"ListItem","position":1,"name":"Home","item":"https:\/\/leatai.com\/fr\/"},{"@type":"ListItem","position":2,"name":"Pr\u00e9sentation des produits","item":"https:\/\/leatai.com\/products\/"},{"@type":"ListItem","position":3,"name":"Sac de remise \/ Livraison de voiture","item":"https:\/\/leatai.com\/fr\/categorie-produit\/sac-de-remise-livraison-de-voiture\/"},{"@type":"ListItem","position":4,"name":"Pochette de remise de cl\u00e9s \/ Pochette de livraison de v\u00e9hicule &#8211; 03"}]},{"@type":"WebSite","@id":"https:\/\/leatai.com\/fr\/#website","url":"https:\/\/leatai.com\/fr\/","name":"Leatai \u2013 Fabricant de carnets personnalis\u00e9s","description":"Leatai propose des carnets et planificateurs personnalis\u00e9s pour les marques et distributeurs dans le monde entier.","publisher":{"@id":"https:\/\/leatai.com\/fr\/#organization"},"potentialAction":[{"@type":"SearchAction","target":{"@type":"EntryPoint","urlTemplate":"https:\/\/leatai.com\/fr\/?s={search_term_string}"},"query-input":{"@type":"PropertyValueSpecification","valueRequired":true,"valueName":"search_term_string"}}],"inLanguage":"fr-FR"},{"@type":"Organization","@id":"https:\/\/leatai.com\/fr\/#organization","name":"Leatai Diary, customized journal and business organizer","url":"https:\/\/leatai.com\/fr\/","logo":{"@type":"ImageObject","inLanguage":"fr-FR","@id":"https:\/\/leatai.com\/fr\/#\/schema\/logo\/image\/","url":"https:\/\/leatai.com\/wp-content\/uploads\/logo-blue.png","contentUrl":"https:\/\/leatai.com\/wp-content\/uploads\/logo-blue.png","width":230,"height":60,"caption":"Leatai Diary, customized journal and business organizer"},"image":{"@id":"https:\/\/leatai.com\/fr\/#\/schema\/logo\/image\/"}}]}},"_links":{"self":[{"href":"https:\/\/leatai.com\/fr\/wp-json\/wp\/v2\/product\/145593","targetHints":{"allow":["GET"]}}],"collection":[{"href":"https:\/\/leatai.com\/fr\/wp-json\/wp\/v2\/product"}],"about":[{"href":"https:\/\/leatai.com\/fr\/wp-json\/wp\/v2\/types\/product"}],"wp:featuredmedia":[{"embeddable":true,"href":"https:\/\/leatai.com\/fr\/wp-json\/wp\/v2\/media\/80707"}],"wp:attachment":[{"href":"https:\/\/leatai.com\/fr\/wp-json\/wp\/v2\/media?parent=145593"}],"wp:term":[{"taxonomy":"product_brand","embeddable":true,"href":"https:\/\/leatai.com\/fr\/wp-json\/wp\/v2\/product_brand?post=145593"},{"taxonomy":"product_cat","embeddable":true,"href":"https:\/\/leatai.com\/fr\/wp-json\/wp\/v2\/product_cat?post=145593"},{"taxonomy":"product_tag","embeddable":true,"href":"https:\/\/leatai.com\/fr\/wp-json\/wp\/v2\/product_tag?post=145593"},{"taxonomy":"home_works","embeddable":true,"href":"https:\/\/leatai.com\/fr\/wp-json\/wp\/v2\/home_works?post=145593"}],"curies":[{"name":"wp","href":"https:\/\/api.w.org\/{rel}","templated":true}]}}