{"id":145592,"date":"2023-05-08T21:05:06","date_gmt":"2023-05-08T13:05:06","guid":{"rendered":"https:\/\/leatai.com\/product\/non%20class\u00e9\/pochette-de-remise-de-cles-pochette-de-livraison-de-vehicule-02\/"},"modified":"2025-08-12T09:00:36","modified_gmt":"2025-08-12T01:00:36","slug":"pochette-de-remise-de-cles-pochette-de-livraison-de-vehicule-02","status":"publish","type":"product","link":"https:\/\/leatai.com\/fr\/product\/sac-de-remise-livraison-de-voiture\/pochette-de-remise-de-cles-pochette-de-livraison-de-vehicule-02\/","title":{"rendered":"Pochette de remise de cl\u00e9s \/ Pochette de livraison de v\u00e9hicule &#8211; 02"},"content":{"rendered":"<p data-start=\"0\" data-end=\"414\">Mod\u00e8le de produit : Pochette de remise de cl\u00e9s \/ Pochette de livraison de v\u00e9hicule &#8211; 02<br data-start=\"91\" data-end=\"94\" \/>Mat\u00e9riau de la couverture : Simili cuir<br data-start=\"137\" data-end=\"140\" \/>Couleurs disponibles : Noir \/ Marron<br data-start=\"180\" data-end=\"183\" \/>Dimensions : A4 <a href=\"https:\/\/leatai.com\/fr\/faq\/quelles-sont-les-tailles-des-planificateurs-8k-16k-et-25k-quelle-est-leur-taille\/\" target=\"_blank\" rel=\"noopener\">(taille courante)<\/a><br \/>\nPages int\u00e9rieures : Aucune <a href=\"https:\/\/leatai.com\/fr\/categorie-produit\/format-des-pages-interieures\/pages-interieures-a5\/\" target=\"_blank\" rel=\"noopener\">(formats d\u2019int\u00e9rieur personnalisables)<\/a><br data-start=\"292\" data-end=\"295\" \/>Emballage : Pochette OPP (en option)<br data-start=\"335\" data-end=\"338\" \/>Personnalisation du logo : Dorure \u00e0 chaud, argenture, marquage \u00e0 chaud<\/p>\n<p data-start=\"416\" data-end=\"448\">Description du produit<\/p>\n<p data-start=\"449\" data-end=\"538\">Leatai \u2013 Pochette de remise de cl\u00e9s \/ Pochette de livraison de v\u00e9hicule &#8211; 02<\/p>\n<p data-start=\"540\" data-end=\"924\">Cette pochette peut \u00eatre con\u00e7ue en ensemble personnalis\u00e9 avec des fonctionnalit\u00e9s sur mesure, offrant ainsi un coffret exclusif aux clients les plus prestigieux. Initialement destin\u00e9e \u00e0 la conservation de documents importants, elle peut \u00eatre transform\u00e9e en un accessoire polyvalent adapt\u00e9 \u00e0 une utilisation quotidienne, rehaussant ainsi son \u00e9l\u00e9gance et sa praticit\u00e9.<\/p>\n<p>&nbsp;<\/p>\n<p><strong>\ud83d\udcd6<\/strong>Agenda d\u2019entreprise standard :<a href=\"https:\/\/leatai.com\/fr\/categorie-produit\/carnet-personnalise\/\" target=\"_blank\" rel=\"noopener\"> Tous les mod\u00e8les de la s\u00e9rie d\u2019agendas d\u2019entreprise<\/a> \/ <a href=\"https:\/\/leatai.com\/fr\/categorie-produit\/format-des-pages-interieures\/\" target=\"_blank\" rel=\"noopener\">Pages int\u00e9rieures des agendas d\u2019entreprise<\/a><\/p>\n<p><strong>\ud83d\udcd6<\/strong>Pour plus de recommandations sur l\u2019impression et la fabrication de carnets personnalis\u00e9s et d\u2019agendas d\u2019entreprise sur mesure, veuillez consulter :<\/p>\n<ul>\n<li><a href=\"https:\/\/leatai.com\/fr\/categorie-produit\/divers-echantillons-oem\/carnet-relie-oem\/\" target=\"_blank\" rel=\"noopener\">OEM \u2013 Carnet reli\u00e9 rigide<\/a><\/li>\n<li><a href=\"https:\/\/leatai.com\/fr\/categorie-produit\/divers-echantillons-oem\/carnet-a-feuilles-mobiles-oem\/\" target=\"_blank\" rel=\"noopener\">OEM \u2013 Carnet \u00e0 anneaux<\/a><\/li>\n<li><a href=\"https:\/\/leatai.com\/fr\/categorie-produit\/divers-echantillons-oem\/carnet-amovible-oem\/\" target=\"_blank\" rel=\"noopener\">OEM \u2013 Carnet \u00e0 feuillets amovibles<\/a><\/li>\n<li><a href=\"https:\/\/leatai.com\/fr\/categorie-produit\/divers-echantillons-oem\/carnet-broche-oem\/\" target=\"_blank\" rel=\"noopener\">OEM \u2013 Carnet broch\u00e9<\/a><\/li>\n<li><a href=\"https:\/\/leatai.com\/fr\/categorie-produit\/divers-echantillons-oem\/carnet-a-spirale-oem\/\" target=\"_blank\" rel=\"noopener\">OEM \u2013 Carnet \u00e0 spirale<\/a><\/li>\n<li><a href=\"https:\/\/leatai.com\/fr\/categorie-produit\/divers-echantillons-oem\/calendrier-oem\/\" target=\"_blank\" rel=\"noopener\">OEM \u2013 Calendrier journalier d\u00e9tachable personnalis\u00e9 \/ Impression de calendrier de bureau personnalis\u00e9<\/a><\/li>\n<li><a href=\"https:\/\/leatai.com\/fr\/categorie-produit\/divers-echantillons-oem\/oem-autres\/\" target=\"_blank\" rel=\"noopener\">OEM \u2013 Autres formats personnalis\u00e9s<\/a><\/li>\n<\/ul>\n<p>Pour une explication compl\u00e8te des tailles, consultez notre guide des formats de papier :<br \/>\n<a href=\"https:\/\/leatai.com\/fr\/connaissances-sur-les-cahiers\/guide-des-formats-de-papier-comprendre-les-formats-courants-comme-b3-a4-b5-8k-16k-et-plus-encore-un-tableau-de-tailles-complet-pour-une-reference-facile\/\" target=\"_blank\" rel=\"noopener\">D\u00e9couvrez en un coup d&#8217;\u0153il les dimensions des formats standard tels que B3, A4, B5, 8K, 16K, et bien d\u2019autres ! Tableau comparatif des tailles de papier pour une compr\u00e9hension facile et rapide.<\/a><\/p>\n","protected":false},"excerpt":{"rendered":"<p>Mod\u00e8le de produit : Pochette de remise de cl\u00e9s \/ Pochette de livraison de v\u00e9hicule &#8211; 02Mat\u00e9riau de la couverture : Simili cuirCouleurs disponibles : Noir \/ MarronDimensions : A4 (taille courante) Pages int\u00e9rieures : Aucune (formats d\u2019int\u00e9rieur personnalisables)Emballage : Pochette OPP (en option)Personnalisation du logo : Dorure \u00e0 chaud, argenture, marquage \u00e0 chaud Description [&hellip;]<\/p>\n","protected":false},"featured_media":80727,"template":"","meta":{"_acf_changed":false},"product_brand":[],"product_cat":[808],"product_tag":[],"home_works":[],"class_list":{"0":"post-145592","1":"product","2":"type-product","3":"status-publish","4":"has-post-thumbnail","6":"product_cat-sac-de-remise-livraison-de-voiture","8":"first","9":"outofstock","10":"sold-individually","11":"shipping-taxable","12":"purchasable","13":"product-type-variable","14":"has-default-attributes"},"acf":[],"yoast_head":"<!-- This site is optimized with the Yoast SEO plugin v27.2 - https:\/\/yoast.com\/product\/yoast-seo-wordpress\/ -->\n<title>Pochette de remise de cl\u00e9s \/ Pochette de livraison de v\u00e9hicule - 02 - Leatai \u2013 Fabricant de carnets personnalis\u00e9s<\/title>\n<meta name=\"description\" content=\"Mod\u00e8le de produit Leatai : Pochette de remise de cl\u00e9s \/ Pochette de livraison de v\u00e9hicule Parfois con\u00e7ue sous forme de coffret complet avec des fonctionnalit\u00e9s personnalis\u00e9es, cette pochette est sp\u00e9cialement assembl\u00e9e pour \u00eatre offerte \u00e0 des clients prestigieux. Initialement destin\u00e9e \u00e0 conserver des documents importants, elle \u00e9volue en un accessoire raffin\u00e9 et pratique, parfaitement adapt\u00e9 \u00e0 une utilisation quotidienne.\" \/>\n<meta name=\"robots\" content=\"index, follow, max-snippet:-1, max-image-preview:large, max-video-preview:-1\" \/>\n<link rel=\"canonical\" href=\"https:\/\/leatai.com\/fr\/product\/sac-de-remise-livraison-de-voiture\/pochette-de-remise-de-cles-pochette-de-livraison-de-vehicule-02\/\" \/>\n<meta property=\"og:locale\" content=\"fr_FR\" \/>\n<meta property=\"og:type\" content=\"article\" \/>\n<meta property=\"og:title\" content=\"Pochette de remise de cl\u00e9s \/ Pochette de livraison de v\u00e9hicule - 02 - Leatai \u2013 Fabricant de carnets personnalis\u00e9s\" \/>\n<meta property=\"og:description\" content=\"Mod\u00e8le de produit Leatai : Pochette de remise de cl\u00e9s \/ Pochette de livraison de v\u00e9hicule Parfois con\u00e7ue sous forme de coffret complet avec des fonctionnalit\u00e9s personnalis\u00e9es, cette pochette est sp\u00e9cialement assembl\u00e9e pour \u00eatre offerte \u00e0 des clients prestigieux. Initialement destin\u00e9e \u00e0 conserver des documents importants, elle \u00e9volue en un accessoire raffin\u00e9 et pratique, parfaitement adapt\u00e9 \u00e0 une utilisation quotidienne.\" \/>\n<meta property=\"og:url\" content=\"https:\/\/leatai.com\/fr\/product\/sac-de-remise-livraison-de-voiture\/pochette-de-remise-de-cles-pochette-de-livraison-de-vehicule-02\/\" \/>\n<meta property=\"og:site_name\" content=\"Leatai \u2013 Fabricant de carnets personnalis\u00e9s\" \/>\n<meta property=\"article:modified_time\" content=\"2025-08-12T01:00:36+00:00\" \/>\n<meta property=\"og:image\" content=\"https:\/\/leatai.com\/wp-content\/uploads\/DSC_6019-4.jpg\" \/>\n\t<meta property=\"og:image:width\" content=\"1000\" \/>\n\t<meta property=\"og:image:height\" content=\"750\" \/>\n\t<meta property=\"og:image:type\" content=\"image\/jpeg\" \/>\n<meta name=\"twitter:card\" content=\"summary_large_image\" \/>\n<meta name=\"twitter:label1\" content=\"Dur\u00e9e de lecture estim\u00e9e\" \/>\n\t<meta name=\"twitter:data1\" content=\"2 minutes\" \/>\n<script type=\"application\/ld+json\" class=\"yoast-schema-graph\">{\"@context\":\"https:\/\/schema.org\",\"@graph\":[{\"@type\":\"WebPage\",\"@id\":\"https:\/\/leatai.com\/fr\/product\/sac-de-remise-livraison-de-voiture\/pochette-de-remise-de-cles-pochette-de-livraison-de-vehicule-02\/\",\"url\":\"https:\/\/leatai.com\/fr\/product\/sac-de-remise-livraison-de-voiture\/pochette-de-remise-de-cles-pochette-de-livraison-de-vehicule-02\/\",\"name\":\"Pochette de remise de cl\u00e9s \/ Pochette de livraison de v\u00e9hicule - 02 - Leatai \u2013 Fabricant de carnets personnalis\u00e9s\",\"isPartOf\":{\"@id\":\"https:\/\/leatai.com\/fr\/#website\"},\"primaryImageOfPage\":{\"@id\":\"https:\/\/leatai.com\/fr\/product\/sac-de-remise-livraison-de-voiture\/pochette-de-remise-de-cles-pochette-de-livraison-de-vehicule-02\/#primaryimage\"},\"image\":{\"@id\":\"https:\/\/leatai.com\/fr\/product\/sac-de-remise-livraison-de-voiture\/pochette-de-remise-de-cles-pochette-de-livraison-de-vehicule-02\/#primaryimage\"},\"thumbnailUrl\":\"https:\/\/leatai.com\/wp-content\/uploads\/DSC_6019-4.jpg\",\"datePublished\":\"2023-05-08T13:05:06+00:00\",\"dateModified\":\"2025-08-12T01:00:36+00:00\",\"description\":\"Mod\u00e8le de produit Leatai : Pochette de remise de cl\u00e9s \/ Pochette de livraison de v\u00e9hicule Parfois con\u00e7ue sous forme de coffret complet avec des fonctionnalit\u00e9s personnalis\u00e9es, cette pochette est sp\u00e9cialement assembl\u00e9e pour \u00eatre offerte \u00e0 des clients prestigieux. Initialement destin\u00e9e \u00e0 conserver des documents importants, elle \u00e9volue en un accessoire raffin\u00e9 et pratique, parfaitement adapt\u00e9 \u00e0 une utilisation quotidienne.\",\"breadcrumb\":{\"@id\":\"https:\/\/leatai.com\/fr\/product\/sac-de-remise-livraison-de-voiture\/pochette-de-remise-de-cles-pochette-de-livraison-de-vehicule-02\/#breadcrumb\"},\"inLanguage\":\"fr-FR\",\"potentialAction\":[{\"@type\":\"ReadAction\",\"target\":[\"https:\/\/leatai.com\/fr\/product\/sac-de-remise-livraison-de-voiture\/pochette-de-remise-de-cles-pochette-de-livraison-de-vehicule-02\/\"]}]},{\"@type\":\"ImageObject\",\"inLanguage\":\"fr-FR\",\"@id\":\"https:\/\/leatai.com\/fr\/product\/sac-de-remise-livraison-de-voiture\/pochette-de-remise-de-cles-pochette-de-livraison-de-vehicule-02\/#primaryimage\",\"url\":\"https:\/\/leatai.com\/wp-content\/uploads\/DSC_6019-4.jpg\",\"contentUrl\":\"https:\/\/leatai.com\/wp-content\/uploads\/DSC_6019-4.jpg\",\"width\":1000,\"height\":750,\"caption\":\"Pochette de remise de cl\u00e9s \/ Pochette de livraison de v\u00e9hicule\"},{\"@type\":\"BreadcrumbList\",\"@id\":\"https:\/\/leatai.com\/fr\/product\/sac-de-remise-livraison-de-voiture\/pochette-de-remise-de-cles-pochette-de-livraison-de-vehicule-02\/#breadcrumb\",\"itemListElement\":[{\"@type\":\"ListItem\",\"position\":1,\"name\":\"Home\",\"item\":\"https:\/\/leatai.com\/fr\/\"},{\"@type\":\"ListItem\",\"position\":2,\"name\":\"Pr\u00e9sentation des produits\",\"item\":\"https:\/\/leatai.com\/products\/\"},{\"@type\":\"ListItem\",\"position\":3,\"name\":\"Sac de remise \/ Livraison de voiture\",\"item\":\"https:\/\/leatai.com\/fr\/categorie-produit\/sac-de-remise-livraison-de-voiture\/\"},{\"@type\":\"ListItem\",\"position\":4,\"name\":\"Pochette de remise de cl\u00e9s \/ Pochette de livraison de v\u00e9hicule &#8211; 02\"}]},{\"@type\":\"WebSite\",\"@id\":\"https:\/\/leatai.com\/fr\/#website\",\"url\":\"https:\/\/leatai.com\/fr\/\",\"name\":\"Leatai \u2013 Fabricant de carnets personnalis\u00e9s\",\"description\":\"Leatai propose des carnets et planificateurs personnalis\u00e9s pour les marques et distributeurs dans le monde entier.\",\"publisher\":{\"@id\":\"https:\/\/leatai.com\/fr\/#organization\"},\"potentialAction\":[{\"@type\":\"SearchAction\",\"target\":{\"@type\":\"EntryPoint\",\"urlTemplate\":\"https:\/\/leatai.com\/fr\/?s={search_term_string}\"},\"query-input\":{\"@type\":\"PropertyValueSpecification\",\"valueRequired\":true,\"valueName\":\"search_term_string\"}}],\"inLanguage\":\"fr-FR\"},{\"@type\":\"Organization\",\"@id\":\"https:\/\/leatai.com\/fr\/#organization\",\"name\":\"Leatai Diary, customized journal and business organizer\",\"url\":\"https:\/\/leatai.com\/fr\/\",\"logo\":{\"@type\":\"ImageObject\",\"inLanguage\":\"fr-FR\",\"@id\":\"https:\/\/leatai.com\/fr\/#\/schema\/logo\/image\/\",\"url\":\"https:\/\/leatai.com\/wp-content\/uploads\/logo-blue.png\",\"contentUrl\":\"https:\/\/leatai.com\/wp-content\/uploads\/logo-blue.png\",\"width\":230,\"height\":60,\"caption\":\"Leatai Diary, customized journal and business organizer\"},\"image\":{\"@id\":\"https:\/\/leatai.com\/fr\/#\/schema\/logo\/image\/\"}}]}<\/script>\n<!-- \/ Yoast SEO plugin. -->","yoast_head_json":{"title":"Pochette de remise de cl\u00e9s \/ Pochette de livraison de v\u00e9hicule - 02 - Leatai \u2013 Fabricant de carnets personnalis\u00e9s","description":"Mod\u00e8le de produit Leatai : Pochette de remise de cl\u00e9s \/ Pochette de livraison de v\u00e9hicule Parfois con\u00e7ue sous forme de coffret complet avec des fonctionnalit\u00e9s personnalis\u00e9es, cette pochette est sp\u00e9cialement assembl\u00e9e pour \u00eatre offerte \u00e0 des clients prestigieux. Initialement destin\u00e9e \u00e0 conserver des documents importants, elle \u00e9volue en un accessoire raffin\u00e9 et pratique, parfaitement adapt\u00e9 \u00e0 une utilisation quotidienne.","robots":{"index":"index","follow":"follow","max-snippet":"max-snippet:-1","max-image-preview":"max-image-preview:large","max-video-preview":"max-video-preview:-1"},"canonical":"https:\/\/leatai.com\/fr\/product\/sac-de-remise-livraison-de-voiture\/pochette-de-remise-de-cles-pochette-de-livraison-de-vehicule-02\/","og_locale":"fr_FR","og_type":"article","og_title":"Pochette de remise de cl\u00e9s \/ Pochette de livraison de v\u00e9hicule - 02 - Leatai \u2013 Fabricant de carnets personnalis\u00e9s","og_description":"Mod\u00e8le de produit Leatai : Pochette de remise de cl\u00e9s \/ Pochette de livraison de v\u00e9hicule Parfois con\u00e7ue sous forme de coffret complet avec des fonctionnalit\u00e9s personnalis\u00e9es, cette pochette est sp\u00e9cialement assembl\u00e9e pour \u00eatre offerte \u00e0 des clients prestigieux. Initialement destin\u00e9e \u00e0 conserver des documents importants, elle \u00e9volue en un accessoire raffin\u00e9 et pratique, parfaitement adapt\u00e9 \u00e0 une utilisation quotidienne.","og_url":"https:\/\/leatai.com\/fr\/product\/sac-de-remise-livraison-de-voiture\/pochette-de-remise-de-cles-pochette-de-livraison-de-vehicule-02\/","og_site_name":"Leatai \u2013 Fabricant de carnets personnalis\u00e9s","article_modified_time":"2025-08-12T01:00:36+00:00","og_image":[{"width":1000,"height":750,"url":"https:\/\/leatai.com\/wp-content\/uploads\/DSC_6019-4.jpg","type":"image\/jpeg"}],"twitter_card":"summary_large_image","twitter_misc":{"Dur\u00e9e de lecture estim\u00e9e":"2 minutes"},"schema":{"@context":"https:\/\/schema.org","@graph":[{"@type":"WebPage","@id":"https:\/\/leatai.com\/fr\/product\/sac-de-remise-livraison-de-voiture\/pochette-de-remise-de-cles-pochette-de-livraison-de-vehicule-02\/","url":"https:\/\/leatai.com\/fr\/product\/sac-de-remise-livraison-de-voiture\/pochette-de-remise-de-cles-pochette-de-livraison-de-vehicule-02\/","name":"Pochette de remise de cl\u00e9s \/ Pochette de livraison de v\u00e9hicule - 02 - Leatai \u2013 Fabricant de carnets personnalis\u00e9s","isPartOf":{"@id":"https:\/\/leatai.com\/fr\/#website"},"primaryImageOfPage":{"@id":"https:\/\/leatai.com\/fr\/product\/sac-de-remise-livraison-de-voiture\/pochette-de-remise-de-cles-pochette-de-livraison-de-vehicule-02\/#primaryimage"},"image":{"@id":"https:\/\/leatai.com\/fr\/product\/sac-de-remise-livraison-de-voiture\/pochette-de-remise-de-cles-pochette-de-livraison-de-vehicule-02\/#primaryimage"},"thumbnailUrl":"https:\/\/leatai.com\/wp-content\/uploads\/DSC_6019-4.jpg","datePublished":"2023-05-08T13:05:06+00:00","dateModified":"2025-08-12T01:00:36+00:00","description":"Mod\u00e8le de produit Leatai : Pochette de remise de cl\u00e9s \/ Pochette de livraison de v\u00e9hicule Parfois con\u00e7ue sous forme de coffret complet avec des fonctionnalit\u00e9s personnalis\u00e9es, cette pochette est sp\u00e9cialement assembl\u00e9e pour \u00eatre offerte \u00e0 des clients prestigieux. Initialement destin\u00e9e \u00e0 conserver des documents importants, elle \u00e9volue en un accessoire raffin\u00e9 et pratique, parfaitement adapt\u00e9 \u00e0 une utilisation quotidienne.","breadcrumb":{"@id":"https:\/\/leatai.com\/fr\/product\/sac-de-remise-livraison-de-voiture\/pochette-de-remise-de-cles-pochette-de-livraison-de-vehicule-02\/#breadcrumb"},"inLanguage":"fr-FR","potentialAction":[{"@type":"ReadAction","target":["https:\/\/leatai.com\/fr\/product\/sac-de-remise-livraison-de-voiture\/pochette-de-remise-de-cles-pochette-de-livraison-de-vehicule-02\/"]}]},{"@type":"ImageObject","inLanguage":"fr-FR","@id":"https:\/\/leatai.com\/fr\/product\/sac-de-remise-livraison-de-voiture\/pochette-de-remise-de-cles-pochette-de-livraison-de-vehicule-02\/#primaryimage","url":"https:\/\/leatai.com\/wp-content\/uploads\/DSC_6019-4.jpg","contentUrl":"https:\/\/leatai.com\/wp-content\/uploads\/DSC_6019-4.jpg","width":1000,"height":750,"caption":"Pochette de remise de cl\u00e9s \/ Pochette de livraison de v\u00e9hicule"},{"@type":"BreadcrumbList","@id":"https:\/\/leatai.com\/fr\/product\/sac-de-remise-livraison-de-voiture\/pochette-de-remise-de-cles-pochette-de-livraison-de-vehicule-02\/#breadcrumb","itemListElement":[{"@type":"ListItem","position":1,"name":"Home","item":"https:\/\/leatai.com\/fr\/"},{"@type":"ListItem","position":2,"name":"Pr\u00e9sentation des produits","item":"https:\/\/leatai.com\/products\/"},{"@type":"ListItem","position":3,"name":"Sac de remise \/ Livraison de voiture","item":"https:\/\/leatai.com\/fr\/categorie-produit\/sac-de-remise-livraison-de-voiture\/"},{"@type":"ListItem","position":4,"name":"Pochette de remise de cl\u00e9s \/ Pochette de livraison de v\u00e9hicule &#8211; 02"}]},{"@type":"WebSite","@id":"https:\/\/leatai.com\/fr\/#website","url":"https:\/\/leatai.com\/fr\/","name":"Leatai \u2013 Fabricant de carnets personnalis\u00e9s","description":"Leatai propose des carnets et planificateurs personnalis\u00e9s pour les marques et distributeurs dans le monde entier.","publisher":{"@id":"https:\/\/leatai.com\/fr\/#organization"},"potentialAction":[{"@type":"SearchAction","target":{"@type":"EntryPoint","urlTemplate":"https:\/\/leatai.com\/fr\/?s={search_term_string}"},"query-input":{"@type":"PropertyValueSpecification","valueRequired":true,"valueName":"search_term_string"}}],"inLanguage":"fr-FR"},{"@type":"Organization","@id":"https:\/\/leatai.com\/fr\/#organization","name":"Leatai Diary, customized journal and business organizer","url":"https:\/\/leatai.com\/fr\/","logo":{"@type":"ImageObject","inLanguage":"fr-FR","@id":"https:\/\/leatai.com\/fr\/#\/schema\/logo\/image\/","url":"https:\/\/leatai.com\/wp-content\/uploads\/logo-blue.png","contentUrl":"https:\/\/leatai.com\/wp-content\/uploads\/logo-blue.png","width":230,"height":60,"caption":"Leatai Diary, customized journal and business organizer"},"image":{"@id":"https:\/\/leatai.com\/fr\/#\/schema\/logo\/image\/"}}]}},"_links":{"self":[{"href":"https:\/\/leatai.com\/fr\/wp-json\/wp\/v2\/product\/145592","targetHints":{"allow":["GET"]}}],"collection":[{"href":"https:\/\/leatai.com\/fr\/wp-json\/wp\/v2\/product"}],"about":[{"href":"https:\/\/leatai.com\/fr\/wp-json\/wp\/v2\/types\/product"}],"wp:featuredmedia":[{"embeddable":true,"href":"https:\/\/leatai.com\/fr\/wp-json\/wp\/v2\/media\/80727"}],"wp:attachment":[{"href":"https:\/\/leatai.com\/fr\/wp-json\/wp\/v2\/media?parent=145592"}],"wp:term":[{"taxonomy":"product_brand","embeddable":true,"href":"https:\/\/leatai.com\/fr\/wp-json\/wp\/v2\/product_brand?post=145592"},{"taxonomy":"product_cat","embeddable":true,"href":"https:\/\/leatai.com\/fr\/wp-json\/wp\/v2\/product_cat?post=145592"},{"taxonomy":"product_tag","embeddable":true,"href":"https:\/\/leatai.com\/fr\/wp-json\/wp\/v2\/product_tag?post=145592"},{"taxonomy":"home_works","embeddable":true,"href":"https:\/\/leatai.com\/fr\/wp-json\/wp\/v2\/home_works?post=145592"}],"curies":[{"name":"wp","href":"https:\/\/api.w.org\/{rel}","templated":true}]}}