{"id":145583,"date":"2021-06-24T13:23:08","date_gmt":"2021-06-24T05:23:08","guid":{"rendered":"https:\/\/leatai.com\/product\/non%20class\u00e9\/porte-badge-en-cuir-veritable\/"},"modified":"2025-11-28T16:49:20","modified_gmt":"2025-11-28T08:49:20","slug":"porte-badge-en-cuir-veritable","status":"publish","type":"product","link":"https:\/\/leatai.com\/fr\/product\/produits-de-cadeaux-et-de-cuir\/fournitures-en-cuir-et-de-bureau\/porte-badge-en-cuir-veritable\/","title":{"rendered":"Porte-badge en cuir v\u00e9ritable."},"content":{"rendered":"<p>Mod\u00e8le du produit : Porte-badge en cuir v\u00e9ritable<br \/>\nMat\u00e9riau : Cuir v\u00e9ritable (minimum de commande : 500 pi\u00e8ces) \/ Simili cuir (minimum de commande : 500 pi\u00e8ces)<br \/>\nCouleurs disponibles : Noir, Marron<br \/>\nEmballage : Pochette OPP (en option)<br \/>\nPersonnalisation du logo : Dorure \u00e0 chaud, argenture, marquage \u00e0 chaud<\/p>\n<p>Description du produit<\/p>\n<p>Le porte-badge est un accessoire essentiel dans presque toutes les entreprises. Gr\u00e2ce \u00e0 notre service de personnalisation, il devient un v\u00e9ritable reflet de votre sens du d\u00e9tail et de votre image de marque, laissant une impression marquante aupr\u00e8s de vos visiteurs et partenaires.<\/p>\n<p>Nous proposons \u00e9galement la fabrication d&#8217;autres articles en cuir v\u00e9ritable sur mesure, tels que des \u00e9tuis en cuir, porte-monnaie, porte-passeports, porte-cartes de visite, porte-badges, et bien plus encore.<\/p>\n<p>N\u2019h\u00e9sitez pas \u00e0 nous contacter pour toute demande personnalis\u00e9e.<\/p>\n","protected":false},"excerpt":{"rendered":"<p>Mod\u00e8le du produit : Porte-badge en cuir v\u00e9ritable Mat\u00e9riau : Cuir v\u00e9ritable (minimum de commande : 500 pi\u00e8ces) \/ Simili cuir (minimum de commande : 500 pi\u00e8ces) Couleurs disponibles : Noir, Marron Emballage : Pochette OPP (en option) Personnalisation du logo : Dorure \u00e0 chaud, argenture, marquage \u00e0 chaud Description du produit Le porte-badge est [&hellip;]<\/p>\n","protected":false},"featured_media":145584,"template":"","meta":{"_acf_changed":false},"product_brand":[],"product_cat":[1114,1127],"product_tag":[],"home_works":[],"class_list":{"0":"post-145583","1":"product","2":"type-product","3":"status-publish","4":"has-post-thumbnail","6":"product_cat-produits-de-cadeaux-et-de-cuir","7":"product_cat-fournitures-en-cuir-et-de-bureau","9":"first","10":"instock","11":"sold-individually","12":"shipping-taxable","13":"purchasable","14":"product-type-simple"},"acf":[],"yoast_head":"<!-- This site is optimized with the Yoast SEO plugin v27.2 - https:\/\/yoast.com\/product\/yoast-seo-wordpress\/ -->\n<title>Porte-badge en cuir v\u00e9ritable. - Leatai \u2013 Fabricant de carnets personnalis\u00e9s<\/title>\n<meta name=\"description\" content=\"Le porte-badge en cuir v\u00e9ritable, aussi appel\u00e9 porte-document en cuir, est un **accessoire incontournable dans le monde professionnel**. Son utilisation quotidienne lui permet de d\u00e9velopper une patine unique au fil du temps, refl\u00e9tant le **caract\u00e8re et le style personnel** de son propri\u00e9taire. \u00c9l\u00e9gant et durable, il est **id\u00e9al comme cadeau d&#039;affaires**, alliant fonctionnalit\u00e9 et raffinement.\" \/>\n<meta name=\"robots\" content=\"index, follow, max-snippet:-1, max-image-preview:large, max-video-preview:-1\" \/>\n<link rel=\"canonical\" href=\"https:\/\/leatai.com\/fr\/product\/produits-de-cadeaux-et-de-cuir\/fournitures-en-cuir-et-de-bureau\/porte-badge-en-cuir-veritable\/\" \/>\n<meta property=\"og:locale\" content=\"fr_FR\" \/>\n<meta property=\"og:type\" content=\"article\" \/>\n<meta property=\"og:title\" content=\"Porte-badge en cuir v\u00e9ritable. - Leatai \u2013 Fabricant de carnets personnalis\u00e9s\" \/>\n<meta property=\"og:description\" content=\"Le porte-badge en cuir v\u00e9ritable, aussi appel\u00e9 porte-document en cuir, est un **accessoire incontournable dans le monde professionnel**. Son utilisation quotidienne lui permet de d\u00e9velopper une patine unique au fil du temps, refl\u00e9tant le **caract\u00e8re et le style personnel** de son propri\u00e9taire. \u00c9l\u00e9gant et durable, il est **id\u00e9al comme cadeau d&#039;affaires**, alliant fonctionnalit\u00e9 et raffinement.\" \/>\n<meta property=\"og:url\" content=\"https:\/\/leatai.com\/fr\/product\/produits-de-cadeaux-et-de-cuir\/fournitures-en-cuir-et-de-bureau\/porte-badge-en-cuir-veritable\/\" \/>\n<meta property=\"og:site_name\" content=\"Leatai \u2013 Fabricant de carnets personnalis\u00e9s\" \/>\n<meta property=\"article:modified_time\" content=\"2025-11-28T08:49:20+00:00\" \/>\n<meta property=\"og:image\" content=\"https:\/\/leatai.com\/wp-content\/uploads\/2016_01_16_1731230.jpg\" \/>\n\t<meta property=\"og:image:width\" content=\"1000\" \/>\n\t<meta property=\"og:image:height\" content=\"750\" \/>\n\t<meta property=\"og:image:type\" content=\"image\/jpeg\" \/>\n<meta name=\"twitter:card\" content=\"summary_large_image\" \/>\n<meta name=\"twitter:label1\" content=\"Dur\u00e9e de lecture estim\u00e9e\" \/>\n\t<meta name=\"twitter:data1\" content=\"1 minute\" \/>\n<script type=\"application\/ld+json\" class=\"yoast-schema-graph\">{\"@context\":\"https:\/\/schema.org\",\"@graph\":[{\"@type\":\"WebPage\",\"@id\":\"https:\/\/leatai.com\/fr\/product\/produits-de-cadeaux-et-de-cuir\/fournitures-en-cuir-et-de-bureau\/porte-badge-en-cuir-veritable\/\",\"url\":\"https:\/\/leatai.com\/fr\/product\/produits-de-cadeaux-et-de-cuir\/fournitures-en-cuir-et-de-bureau\/porte-badge-en-cuir-veritable\/\",\"name\":\"Porte-badge en cuir v\u00e9ritable. - Leatai \u2013 Fabricant de carnets personnalis\u00e9s\",\"isPartOf\":{\"@id\":\"https:\/\/leatai.com\/fr\/#website\"},\"primaryImageOfPage\":{\"@id\":\"https:\/\/leatai.com\/fr\/product\/produits-de-cadeaux-et-de-cuir\/fournitures-en-cuir-et-de-bureau\/porte-badge-en-cuir-veritable\/#primaryimage\"},\"image\":{\"@id\":\"https:\/\/leatai.com\/fr\/product\/produits-de-cadeaux-et-de-cuir\/fournitures-en-cuir-et-de-bureau\/porte-badge-en-cuir-veritable\/#primaryimage\"},\"thumbnailUrl\":\"https:\/\/leatai.com\/wp-content\/uploads\/2016_01_16_1731230.jpg\",\"datePublished\":\"2021-06-24T05:23:08+00:00\",\"dateModified\":\"2025-11-28T08:49:20+00:00\",\"description\":\"Le porte-badge en cuir v\u00e9ritable, aussi appel\u00e9 porte-document en cuir, est un **accessoire incontournable dans le monde professionnel**. Son utilisation quotidienne lui permet de d\u00e9velopper une patine unique au fil du temps, refl\u00e9tant le **caract\u00e8re et le style personnel** de son propri\u00e9taire. \u00c9l\u00e9gant et durable, il est **id\u00e9al comme cadeau d'affaires**, alliant fonctionnalit\u00e9 et raffinement.\",\"breadcrumb\":{\"@id\":\"https:\/\/leatai.com\/fr\/product\/produits-de-cadeaux-et-de-cuir\/fournitures-en-cuir-et-de-bureau\/porte-badge-en-cuir-veritable\/#breadcrumb\"},\"inLanguage\":\"fr-FR\",\"potentialAction\":[{\"@type\":\"ReadAction\",\"target\":[\"https:\/\/leatai.com\/fr\/product\/produits-de-cadeaux-et-de-cuir\/fournitures-en-cuir-et-de-bureau\/porte-badge-en-cuir-veritable\/\"]}]},{\"@type\":\"ImageObject\",\"inLanguage\":\"fr-FR\",\"@id\":\"https:\/\/leatai.com\/fr\/product\/produits-de-cadeaux-et-de-cuir\/fournitures-en-cuir-et-de-bureau\/porte-badge-en-cuir-veritable\/#primaryimage\",\"url\":\"https:\/\/leatai.com\/wp-content\/uploads\/2016_01_16_1731230.jpg\",\"contentUrl\":\"https:\/\/leatai.com\/wp-content\/uploads\/2016_01_16_1731230.jpg\",\"width\":1000,\"height\":750},{\"@type\":\"BreadcrumbList\",\"@id\":\"https:\/\/leatai.com\/fr\/product\/produits-de-cadeaux-et-de-cuir\/fournitures-en-cuir-et-de-bureau\/porte-badge-en-cuir-veritable\/#breadcrumb\",\"itemListElement\":[{\"@type\":\"ListItem\",\"position\":1,\"name\":\"Home\",\"item\":\"https:\/\/leatai.com\/fr\/\"},{\"@type\":\"ListItem\",\"position\":2,\"name\":\"Pr\u00e9sentation des produits\",\"item\":\"https:\/\/leatai.com\/products\/\"},{\"@type\":\"ListItem\",\"position\":3,\"name\":\"Produits de cadeaux et de cuir\",\"item\":\"https:\/\/leatai.com\/fr\/categorie-produit\/produits-de-cadeaux-et-de-cuir\/\"},{\"@type\":\"ListItem\",\"position\":4,\"name\":\"Porte-badge en cuir v\u00e9ritable.\"}]},{\"@type\":\"WebSite\",\"@id\":\"https:\/\/leatai.com\/fr\/#website\",\"url\":\"https:\/\/leatai.com\/fr\/\",\"name\":\"Leatai \u2013 Fabricant de carnets personnalis\u00e9s\",\"description\":\"Leatai propose des carnets et planificateurs personnalis\u00e9s pour les marques et distributeurs dans le monde entier.\",\"publisher\":{\"@id\":\"https:\/\/leatai.com\/fr\/#organization\"},\"potentialAction\":[{\"@type\":\"SearchAction\",\"target\":{\"@type\":\"EntryPoint\",\"urlTemplate\":\"https:\/\/leatai.com\/fr\/?s={search_term_string}\"},\"query-input\":{\"@type\":\"PropertyValueSpecification\",\"valueRequired\":true,\"valueName\":\"search_term_string\"}}],\"inLanguage\":\"fr-FR\"},{\"@type\":\"Organization\",\"@id\":\"https:\/\/leatai.com\/fr\/#organization\",\"name\":\"Leatai Diary, customized journal and business organizer\",\"url\":\"https:\/\/leatai.com\/fr\/\",\"logo\":{\"@type\":\"ImageObject\",\"inLanguage\":\"fr-FR\",\"@id\":\"https:\/\/leatai.com\/fr\/#\/schema\/logo\/image\/\",\"url\":\"https:\/\/leatai.com\/wp-content\/uploads\/logo-blue.png\",\"contentUrl\":\"https:\/\/leatai.com\/wp-content\/uploads\/logo-blue.png\",\"width\":230,\"height\":60,\"caption\":\"Leatai Diary, customized journal and business organizer\"},\"image\":{\"@id\":\"https:\/\/leatai.com\/fr\/#\/schema\/logo\/image\/\"}}]}<\/script>\n<!-- \/ Yoast SEO plugin. -->","yoast_head_json":{"title":"Porte-badge en cuir v\u00e9ritable. - Leatai \u2013 Fabricant de carnets personnalis\u00e9s","description":"Le porte-badge en cuir v\u00e9ritable, aussi appel\u00e9 porte-document en cuir, est un **accessoire incontournable dans le monde professionnel**. Son utilisation quotidienne lui permet de d\u00e9velopper une patine unique au fil du temps, refl\u00e9tant le **caract\u00e8re et le style personnel** de son propri\u00e9taire. \u00c9l\u00e9gant et durable, il est **id\u00e9al comme cadeau d'affaires**, alliant fonctionnalit\u00e9 et raffinement.","robots":{"index":"index","follow":"follow","max-snippet":"max-snippet:-1","max-image-preview":"max-image-preview:large","max-video-preview":"max-video-preview:-1"},"canonical":"https:\/\/leatai.com\/fr\/product\/produits-de-cadeaux-et-de-cuir\/fournitures-en-cuir-et-de-bureau\/porte-badge-en-cuir-veritable\/","og_locale":"fr_FR","og_type":"article","og_title":"Porte-badge en cuir v\u00e9ritable. - Leatai \u2013 Fabricant de carnets personnalis\u00e9s","og_description":"Le porte-badge en cuir v\u00e9ritable, aussi appel\u00e9 porte-document en cuir, est un **accessoire incontournable dans le monde professionnel**. Son utilisation quotidienne lui permet de d\u00e9velopper une patine unique au fil du temps, refl\u00e9tant le **caract\u00e8re et le style personnel** de son propri\u00e9taire. \u00c9l\u00e9gant et durable, il est **id\u00e9al comme cadeau d'affaires**, alliant fonctionnalit\u00e9 et raffinement.","og_url":"https:\/\/leatai.com\/fr\/product\/produits-de-cadeaux-et-de-cuir\/fournitures-en-cuir-et-de-bureau\/porte-badge-en-cuir-veritable\/","og_site_name":"Leatai \u2013 Fabricant de carnets personnalis\u00e9s","article_modified_time":"2025-11-28T08:49:20+00:00","og_image":[{"width":1000,"height":750,"url":"https:\/\/leatai.com\/wp-content\/uploads\/2016_01_16_1731230.jpg","type":"image\/jpeg"}],"twitter_card":"summary_large_image","twitter_misc":{"Dur\u00e9e de lecture estim\u00e9e":"1 minute"},"schema":{"@context":"https:\/\/schema.org","@graph":[{"@type":"WebPage","@id":"https:\/\/leatai.com\/fr\/product\/produits-de-cadeaux-et-de-cuir\/fournitures-en-cuir-et-de-bureau\/porte-badge-en-cuir-veritable\/","url":"https:\/\/leatai.com\/fr\/product\/produits-de-cadeaux-et-de-cuir\/fournitures-en-cuir-et-de-bureau\/porte-badge-en-cuir-veritable\/","name":"Porte-badge en cuir v\u00e9ritable. - Leatai \u2013 Fabricant de carnets personnalis\u00e9s","isPartOf":{"@id":"https:\/\/leatai.com\/fr\/#website"},"primaryImageOfPage":{"@id":"https:\/\/leatai.com\/fr\/product\/produits-de-cadeaux-et-de-cuir\/fournitures-en-cuir-et-de-bureau\/porte-badge-en-cuir-veritable\/#primaryimage"},"image":{"@id":"https:\/\/leatai.com\/fr\/product\/produits-de-cadeaux-et-de-cuir\/fournitures-en-cuir-et-de-bureau\/porte-badge-en-cuir-veritable\/#primaryimage"},"thumbnailUrl":"https:\/\/leatai.com\/wp-content\/uploads\/2016_01_16_1731230.jpg","datePublished":"2021-06-24T05:23:08+00:00","dateModified":"2025-11-28T08:49:20+00:00","description":"Le porte-badge en cuir v\u00e9ritable, aussi appel\u00e9 porte-document en cuir, est un **accessoire incontournable dans le monde professionnel**. Son utilisation quotidienne lui permet de d\u00e9velopper une patine unique au fil du temps, refl\u00e9tant le **caract\u00e8re et le style personnel** de son propri\u00e9taire. \u00c9l\u00e9gant et durable, il est **id\u00e9al comme cadeau d'affaires**, alliant fonctionnalit\u00e9 et raffinement.","breadcrumb":{"@id":"https:\/\/leatai.com\/fr\/product\/produits-de-cadeaux-et-de-cuir\/fournitures-en-cuir-et-de-bureau\/porte-badge-en-cuir-veritable\/#breadcrumb"},"inLanguage":"fr-FR","potentialAction":[{"@type":"ReadAction","target":["https:\/\/leatai.com\/fr\/product\/produits-de-cadeaux-et-de-cuir\/fournitures-en-cuir-et-de-bureau\/porte-badge-en-cuir-veritable\/"]}]},{"@type":"ImageObject","inLanguage":"fr-FR","@id":"https:\/\/leatai.com\/fr\/product\/produits-de-cadeaux-et-de-cuir\/fournitures-en-cuir-et-de-bureau\/porte-badge-en-cuir-veritable\/#primaryimage","url":"https:\/\/leatai.com\/wp-content\/uploads\/2016_01_16_1731230.jpg","contentUrl":"https:\/\/leatai.com\/wp-content\/uploads\/2016_01_16_1731230.jpg","width":1000,"height":750},{"@type":"BreadcrumbList","@id":"https:\/\/leatai.com\/fr\/product\/produits-de-cadeaux-et-de-cuir\/fournitures-en-cuir-et-de-bureau\/porte-badge-en-cuir-veritable\/#breadcrumb","itemListElement":[{"@type":"ListItem","position":1,"name":"Home","item":"https:\/\/leatai.com\/fr\/"},{"@type":"ListItem","position":2,"name":"Pr\u00e9sentation des produits","item":"https:\/\/leatai.com\/products\/"},{"@type":"ListItem","position":3,"name":"Produits de cadeaux et de cuir","item":"https:\/\/leatai.com\/fr\/categorie-produit\/produits-de-cadeaux-et-de-cuir\/"},{"@type":"ListItem","position":4,"name":"Porte-badge en cuir v\u00e9ritable."}]},{"@type":"WebSite","@id":"https:\/\/leatai.com\/fr\/#website","url":"https:\/\/leatai.com\/fr\/","name":"Leatai \u2013 Fabricant de carnets personnalis\u00e9s","description":"Leatai propose des carnets et planificateurs personnalis\u00e9s pour les marques et distributeurs dans le monde entier.","publisher":{"@id":"https:\/\/leatai.com\/fr\/#organization"},"potentialAction":[{"@type":"SearchAction","target":{"@type":"EntryPoint","urlTemplate":"https:\/\/leatai.com\/fr\/?s={search_term_string}"},"query-input":{"@type":"PropertyValueSpecification","valueRequired":true,"valueName":"search_term_string"}}],"inLanguage":"fr-FR"},{"@type":"Organization","@id":"https:\/\/leatai.com\/fr\/#organization","name":"Leatai Diary, customized journal and business organizer","url":"https:\/\/leatai.com\/fr\/","logo":{"@type":"ImageObject","inLanguage":"fr-FR","@id":"https:\/\/leatai.com\/fr\/#\/schema\/logo\/image\/","url":"https:\/\/leatai.com\/wp-content\/uploads\/logo-blue.png","contentUrl":"https:\/\/leatai.com\/wp-content\/uploads\/logo-blue.png","width":230,"height":60,"caption":"Leatai Diary, customized journal and business organizer"},"image":{"@id":"https:\/\/leatai.com\/fr\/#\/schema\/logo\/image\/"}}]}},"_links":{"self":[{"href":"https:\/\/leatai.com\/fr\/wp-json\/wp\/v2\/product\/145583","targetHints":{"allow":["GET"]}}],"collection":[{"href":"https:\/\/leatai.com\/fr\/wp-json\/wp\/v2\/product"}],"about":[{"href":"https:\/\/leatai.com\/fr\/wp-json\/wp\/v2\/types\/product"}],"wp:featuredmedia":[{"embeddable":true,"href":"https:\/\/leatai.com\/fr\/wp-json\/wp\/v2\/media\/145584"}],"wp:attachment":[{"href":"https:\/\/leatai.com\/fr\/wp-json\/wp\/v2\/media?parent=145583"}],"wp:term":[{"taxonomy":"product_brand","embeddable":true,"href":"https:\/\/leatai.com\/fr\/wp-json\/wp\/v2\/product_brand?post=145583"},{"taxonomy":"product_cat","embeddable":true,"href":"https:\/\/leatai.com\/fr\/wp-json\/wp\/v2\/product_cat?post=145583"},{"taxonomy":"product_tag","embeddable":true,"href":"https:\/\/leatai.com\/fr\/wp-json\/wp\/v2\/product_tag?post=145583"},{"taxonomy":"home_works","embeddable":true,"href":"https:\/\/leatai.com\/fr\/wp-json\/wp\/v2\/home_works?post=145583"}],"curies":[{"name":"wp","href":"https:\/\/api.w.org\/{rel}","templated":true}]}}