{"id":145580,"date":"2021-06-24T13:23:08","date_gmt":"2021-06-24T05:23:08","guid":{"rendered":"https:\/\/leatai.com\/product\/non%20class\u00e9\/porte-monnaie-en-cuir-veritable-au-style-artisanal\/"},"modified":"2025-03-14T16:25:13","modified_gmt":"2025-03-14T08:25:13","slug":"porte-monnaie-en-cuir-veritable-au-style-artisanal","status":"publish","type":"product","link":"https:\/\/leatai.com\/fr\/product\/produits-de-cadeaux-et-de-cuir\/fournitures-en-cuir-et-de-bureau\/porte-monnaie-en-cuir-veritable-au-style-artisanal\/","title":{"rendered":"Porte-monnaie en cuir v\u00e9ritable au style artisanal."},"content":{"rendered":"<p>Mat\u00e9riau : Cuir de vache import\u00e9 authentique<br \/>\nEmballage : Pochette OPP<\/p>\n<p>Description du produit<\/p>\n<p>L\u2019\u00e9chantillon pr\u00e9sent\u00e9 sur la photo est cousu \u00e0 la main avec du fil cir\u00e9. Pour la production en s\u00e9rie, une couture machine avec un fil \u00e9pais est utilis\u00e9e afin d\u2019apporter plus de finesse aux finitions.<\/p>\n<p>En plus des porte-monnaie, nous fabriquons divers articles en cuir v\u00e9ritable sur mesure, tels que des porte-m\u00e9mo, porte-additions, porte-menus, porte-documents et autres accessoires pour restaurants et h\u00f4tels, disponibles en cuir v\u00e9ritable ou synth\u00e9tique. Leatai propose un service complet, de la conception \u00e0 la production.<\/p>\n<p>Nous r\u00e9alisons \u00e9galement d\u2019autres accessoires en cuir v\u00e9ritable personnalisables, comme des \u00e9tuis en cuir, des porte-passeports, des porte-cartes de visite et des porte-badges.<\/p>\n<p>N\u2019h\u00e9sitez pas \u00e0 nous contacter pour toute demande sur mesure.<\/p>\n","protected":false},"excerpt":{"rendered":"<p>Mat\u00e9riau : Cuir de vache import\u00e9 authentique Emballage : Pochette OPP Description du produit L\u2019\u00e9chantillon pr\u00e9sent\u00e9 sur la photo est cousu \u00e0 la main avec du fil cir\u00e9. Pour la production en s\u00e9rie, une couture machine avec un fil \u00e9pais est utilis\u00e9e afin d\u2019apporter plus de finesse aux finitions. En plus des porte-monnaie, nous fabriquons [&hellip;]<\/p>\n","protected":false},"featured_media":145581,"template":"","meta":{"_acf_changed":false},"product_brand":[],"product_cat":[1127],"product_tag":[],"home_works":[],"class_list":{"0":"post-145580","1":"product","2":"type-product","3":"status-publish","4":"has-post-thumbnail","6":"product_cat-fournitures-en-cuir-et-de-bureau","8":"first","9":"instock","10":"sold-individually","11":"shipping-taxable","12":"purchasable","13":"product-type-simple"},"acf":[],"yoast_head":"<!-- This site is optimized with the Yoast SEO plugin v27.2 - https:\/\/yoast.com\/product\/yoast-seo-wordpress\/ -->\n<title>Porte-monnaie en cuir v\u00e9ritable au style artisanal. - Leatai \u2013 Fabricant de carnets personnalis\u00e9s<\/title>\n<meta name=\"description\" content=\"Un porte-monnaie en cuir v\u00e9ritable mettant en avant un **artisanat authentique**. Son design soigneusement travaill\u00e9 souligne le charme du fait main, offrant une texture unique et raffin\u00e9e. Il peut \u00eatre personnalis\u00e9 selon vos besoins, avec diff\u00e9rentes formes et finitions. Un accessoire en cuir v\u00e9ritable enti\u00e8rement fabriqu\u00e9 \u00e0 la main, alliant \u00e9l\u00e9gance et exclusivit\u00e9.\" \/>\n<meta name=\"robots\" content=\"index, follow, max-snippet:-1, max-image-preview:large, max-video-preview:-1\" \/>\n<link rel=\"canonical\" href=\"https:\/\/leatai.com\/fr\/product\/produits-de-cadeaux-et-de-cuir\/fournitures-en-cuir-et-de-bureau\/porte-monnaie-en-cuir-veritable-au-style-artisanal\/\" \/>\n<meta property=\"og:locale\" content=\"fr_FR\" \/>\n<meta property=\"og:type\" content=\"article\" \/>\n<meta property=\"og:title\" content=\"Porte-monnaie en cuir v\u00e9ritable au style artisanal. - Leatai \u2013 Fabricant de carnets personnalis\u00e9s\" \/>\n<meta property=\"og:description\" content=\"Un porte-monnaie en cuir v\u00e9ritable mettant en avant un **artisanat authentique**. Son design soigneusement travaill\u00e9 souligne le charme du fait main, offrant une texture unique et raffin\u00e9e. Il peut \u00eatre personnalis\u00e9 selon vos besoins, avec diff\u00e9rentes formes et finitions. Un accessoire en cuir v\u00e9ritable enti\u00e8rement fabriqu\u00e9 \u00e0 la main, alliant \u00e9l\u00e9gance et exclusivit\u00e9.\" \/>\n<meta property=\"og:url\" content=\"https:\/\/leatai.com\/fr\/product\/produits-de-cadeaux-et-de-cuir\/fournitures-en-cuir-et-de-bureau\/porte-monnaie-en-cuir-veritable-au-style-artisanal\/\" \/>\n<meta property=\"og:site_name\" content=\"Leatai \u2013 Fabricant de carnets personnalis\u00e9s\" \/>\n<meta property=\"article:modified_time\" content=\"2025-03-14T08:25:13+00:00\" \/>\n<meta property=\"og:image\" content=\"https:\/\/leatai.com\/wp-content\/uploads\/2016_01_20_1759070.jpg\" \/>\n\t<meta property=\"og:image:width\" content=\"1000\" \/>\n\t<meta property=\"og:image:height\" content=\"750\" \/>\n\t<meta property=\"og:image:type\" content=\"image\/jpeg\" \/>\n<meta name=\"twitter:card\" content=\"summary_large_image\" \/>\n<meta name=\"twitter:label1\" content=\"Dur\u00e9e de lecture estim\u00e9e\" \/>\n\t<meta name=\"twitter:data1\" content=\"1 minute\" \/>\n<script type=\"application\/ld+json\" class=\"yoast-schema-graph\">{\"@context\":\"https:\/\/schema.org\",\"@graph\":[{\"@type\":\"WebPage\",\"@id\":\"https:\/\/leatai.com\/fr\/product\/produits-de-cadeaux-et-de-cuir\/fournitures-en-cuir-et-de-bureau\/porte-monnaie-en-cuir-veritable-au-style-artisanal\/\",\"url\":\"https:\/\/leatai.com\/fr\/product\/produits-de-cadeaux-et-de-cuir\/fournitures-en-cuir-et-de-bureau\/porte-monnaie-en-cuir-veritable-au-style-artisanal\/\",\"name\":\"Porte-monnaie en cuir v\u00e9ritable au style artisanal. - Leatai \u2013 Fabricant de carnets personnalis\u00e9s\",\"isPartOf\":{\"@id\":\"https:\/\/leatai.com\/fr\/#website\"},\"primaryImageOfPage\":{\"@id\":\"https:\/\/leatai.com\/fr\/product\/produits-de-cadeaux-et-de-cuir\/fournitures-en-cuir-et-de-bureau\/porte-monnaie-en-cuir-veritable-au-style-artisanal\/#primaryimage\"},\"image\":{\"@id\":\"https:\/\/leatai.com\/fr\/product\/produits-de-cadeaux-et-de-cuir\/fournitures-en-cuir-et-de-bureau\/porte-monnaie-en-cuir-veritable-au-style-artisanal\/#primaryimage\"},\"thumbnailUrl\":\"https:\/\/leatai.com\/wp-content\/uploads\/2016_01_20_1759070.jpg\",\"datePublished\":\"2021-06-24T05:23:08+00:00\",\"dateModified\":\"2025-03-14T08:25:13+00:00\",\"description\":\"Un porte-monnaie en cuir v\u00e9ritable mettant en avant un **artisanat authentique**. Son design soigneusement travaill\u00e9 souligne le charme du fait main, offrant une texture unique et raffin\u00e9e. Il peut \u00eatre personnalis\u00e9 selon vos besoins, avec diff\u00e9rentes formes et finitions. Un accessoire en cuir v\u00e9ritable enti\u00e8rement fabriqu\u00e9 \u00e0 la main, alliant \u00e9l\u00e9gance et exclusivit\u00e9.\",\"breadcrumb\":{\"@id\":\"https:\/\/leatai.com\/fr\/product\/produits-de-cadeaux-et-de-cuir\/fournitures-en-cuir-et-de-bureau\/porte-monnaie-en-cuir-veritable-au-style-artisanal\/#breadcrumb\"},\"inLanguage\":\"fr-FR\",\"potentialAction\":[{\"@type\":\"ReadAction\",\"target\":[\"https:\/\/leatai.com\/fr\/product\/produits-de-cadeaux-et-de-cuir\/fournitures-en-cuir-et-de-bureau\/porte-monnaie-en-cuir-veritable-au-style-artisanal\/\"]}]},{\"@type\":\"ImageObject\",\"inLanguage\":\"fr-FR\",\"@id\":\"https:\/\/leatai.com\/fr\/product\/produits-de-cadeaux-et-de-cuir\/fournitures-en-cuir-et-de-bureau\/porte-monnaie-en-cuir-veritable-au-style-artisanal\/#primaryimage\",\"url\":\"https:\/\/leatai.com\/wp-content\/uploads\/2016_01_20_1759070.jpg\",\"contentUrl\":\"https:\/\/leatai.com\/wp-content\/uploads\/2016_01_20_1759070.jpg\",\"width\":1000,\"height\":750},{\"@type\":\"BreadcrumbList\",\"@id\":\"https:\/\/leatai.com\/fr\/product\/produits-de-cadeaux-et-de-cuir\/fournitures-en-cuir-et-de-bureau\/porte-monnaie-en-cuir-veritable-au-style-artisanal\/#breadcrumb\",\"itemListElement\":[{\"@type\":\"ListItem\",\"position\":1,\"name\":\"Home\",\"item\":\"https:\/\/leatai.com\/fr\/\"},{\"@type\":\"ListItem\",\"position\":2,\"name\":\"Pr\u00e9sentation des produits\",\"item\":\"https:\/\/leatai.com\/products\/\"},{\"@type\":\"ListItem\",\"position\":3,\"name\":\"Produits de cadeaux et de cuir\",\"item\":\"https:\/\/leatai.com\/fr\/categorie-produit\/produits-de-cadeaux-et-de-cuir\/\"},{\"@type\":\"ListItem\",\"position\":4,\"name\":\"Fournitures en cuir et de bureau\",\"item\":\"https:\/\/leatai.com\/fr\/categorie-produit\/produits-de-cadeaux-et-de-cuir\/fournitures-en-cuir-et-de-bureau\/\"},{\"@type\":\"ListItem\",\"position\":5,\"name\":\"Porte-monnaie en cuir v\u00e9ritable au style artisanal.\"}]},{\"@type\":\"WebSite\",\"@id\":\"https:\/\/leatai.com\/fr\/#website\",\"url\":\"https:\/\/leatai.com\/fr\/\",\"name\":\"Leatai \u2013 Fabricant de carnets personnalis\u00e9s\",\"description\":\"Leatai propose des carnets et planificateurs personnalis\u00e9s pour les marques et distributeurs dans le monde entier.\",\"publisher\":{\"@id\":\"https:\/\/leatai.com\/fr\/#organization\"},\"potentialAction\":[{\"@type\":\"SearchAction\",\"target\":{\"@type\":\"EntryPoint\",\"urlTemplate\":\"https:\/\/leatai.com\/fr\/?s={search_term_string}\"},\"query-input\":{\"@type\":\"PropertyValueSpecification\",\"valueRequired\":true,\"valueName\":\"search_term_string\"}}],\"inLanguage\":\"fr-FR\"},{\"@type\":\"Organization\",\"@id\":\"https:\/\/leatai.com\/fr\/#organization\",\"name\":\"Leatai Diary, customized journal and business organizer\",\"url\":\"https:\/\/leatai.com\/fr\/\",\"logo\":{\"@type\":\"ImageObject\",\"inLanguage\":\"fr-FR\",\"@id\":\"https:\/\/leatai.com\/fr\/#\/schema\/logo\/image\/\",\"url\":\"https:\/\/leatai.com\/wp-content\/uploads\/logo-blue.png\",\"contentUrl\":\"https:\/\/leatai.com\/wp-content\/uploads\/logo-blue.png\",\"width\":230,\"height\":60,\"caption\":\"Leatai Diary, customized journal and business organizer\"},\"image\":{\"@id\":\"https:\/\/leatai.com\/fr\/#\/schema\/logo\/image\/\"}}]}<\/script>\n<!-- \/ Yoast SEO plugin. -->","yoast_head_json":{"title":"Porte-monnaie en cuir v\u00e9ritable au style artisanal. - Leatai \u2013 Fabricant de carnets personnalis\u00e9s","description":"Un porte-monnaie en cuir v\u00e9ritable mettant en avant un **artisanat authentique**. Son design soigneusement travaill\u00e9 souligne le charme du fait main, offrant une texture unique et raffin\u00e9e. Il peut \u00eatre personnalis\u00e9 selon vos besoins, avec diff\u00e9rentes formes et finitions. Un accessoire en cuir v\u00e9ritable enti\u00e8rement fabriqu\u00e9 \u00e0 la main, alliant \u00e9l\u00e9gance et exclusivit\u00e9.","robots":{"index":"index","follow":"follow","max-snippet":"max-snippet:-1","max-image-preview":"max-image-preview:large","max-video-preview":"max-video-preview:-1"},"canonical":"https:\/\/leatai.com\/fr\/product\/produits-de-cadeaux-et-de-cuir\/fournitures-en-cuir-et-de-bureau\/porte-monnaie-en-cuir-veritable-au-style-artisanal\/","og_locale":"fr_FR","og_type":"article","og_title":"Porte-monnaie en cuir v\u00e9ritable au style artisanal. - Leatai \u2013 Fabricant de carnets personnalis\u00e9s","og_description":"Un porte-monnaie en cuir v\u00e9ritable mettant en avant un **artisanat authentique**. Son design soigneusement travaill\u00e9 souligne le charme du fait main, offrant une texture unique et raffin\u00e9e. Il peut \u00eatre personnalis\u00e9 selon vos besoins, avec diff\u00e9rentes formes et finitions. Un accessoire en cuir v\u00e9ritable enti\u00e8rement fabriqu\u00e9 \u00e0 la main, alliant \u00e9l\u00e9gance et exclusivit\u00e9.","og_url":"https:\/\/leatai.com\/fr\/product\/produits-de-cadeaux-et-de-cuir\/fournitures-en-cuir-et-de-bureau\/porte-monnaie-en-cuir-veritable-au-style-artisanal\/","og_site_name":"Leatai \u2013 Fabricant de carnets personnalis\u00e9s","article_modified_time":"2025-03-14T08:25:13+00:00","og_image":[{"width":1000,"height":750,"url":"https:\/\/leatai.com\/wp-content\/uploads\/2016_01_20_1759070.jpg","type":"image\/jpeg"}],"twitter_card":"summary_large_image","twitter_misc":{"Dur\u00e9e de lecture estim\u00e9e":"1 minute"},"schema":{"@context":"https:\/\/schema.org","@graph":[{"@type":"WebPage","@id":"https:\/\/leatai.com\/fr\/product\/produits-de-cadeaux-et-de-cuir\/fournitures-en-cuir-et-de-bureau\/porte-monnaie-en-cuir-veritable-au-style-artisanal\/","url":"https:\/\/leatai.com\/fr\/product\/produits-de-cadeaux-et-de-cuir\/fournitures-en-cuir-et-de-bureau\/porte-monnaie-en-cuir-veritable-au-style-artisanal\/","name":"Porte-monnaie en cuir v\u00e9ritable au style artisanal. - Leatai \u2013 Fabricant de carnets personnalis\u00e9s","isPartOf":{"@id":"https:\/\/leatai.com\/fr\/#website"},"primaryImageOfPage":{"@id":"https:\/\/leatai.com\/fr\/product\/produits-de-cadeaux-et-de-cuir\/fournitures-en-cuir-et-de-bureau\/porte-monnaie-en-cuir-veritable-au-style-artisanal\/#primaryimage"},"image":{"@id":"https:\/\/leatai.com\/fr\/product\/produits-de-cadeaux-et-de-cuir\/fournitures-en-cuir-et-de-bureau\/porte-monnaie-en-cuir-veritable-au-style-artisanal\/#primaryimage"},"thumbnailUrl":"https:\/\/leatai.com\/wp-content\/uploads\/2016_01_20_1759070.jpg","datePublished":"2021-06-24T05:23:08+00:00","dateModified":"2025-03-14T08:25:13+00:00","description":"Un porte-monnaie en cuir v\u00e9ritable mettant en avant un **artisanat authentique**. Son design soigneusement travaill\u00e9 souligne le charme du fait main, offrant une texture unique et raffin\u00e9e. Il peut \u00eatre personnalis\u00e9 selon vos besoins, avec diff\u00e9rentes formes et finitions. Un accessoire en cuir v\u00e9ritable enti\u00e8rement fabriqu\u00e9 \u00e0 la main, alliant \u00e9l\u00e9gance et exclusivit\u00e9.","breadcrumb":{"@id":"https:\/\/leatai.com\/fr\/product\/produits-de-cadeaux-et-de-cuir\/fournitures-en-cuir-et-de-bureau\/porte-monnaie-en-cuir-veritable-au-style-artisanal\/#breadcrumb"},"inLanguage":"fr-FR","potentialAction":[{"@type":"ReadAction","target":["https:\/\/leatai.com\/fr\/product\/produits-de-cadeaux-et-de-cuir\/fournitures-en-cuir-et-de-bureau\/porte-monnaie-en-cuir-veritable-au-style-artisanal\/"]}]},{"@type":"ImageObject","inLanguage":"fr-FR","@id":"https:\/\/leatai.com\/fr\/product\/produits-de-cadeaux-et-de-cuir\/fournitures-en-cuir-et-de-bureau\/porte-monnaie-en-cuir-veritable-au-style-artisanal\/#primaryimage","url":"https:\/\/leatai.com\/wp-content\/uploads\/2016_01_20_1759070.jpg","contentUrl":"https:\/\/leatai.com\/wp-content\/uploads\/2016_01_20_1759070.jpg","width":1000,"height":750},{"@type":"BreadcrumbList","@id":"https:\/\/leatai.com\/fr\/product\/produits-de-cadeaux-et-de-cuir\/fournitures-en-cuir-et-de-bureau\/porte-monnaie-en-cuir-veritable-au-style-artisanal\/#breadcrumb","itemListElement":[{"@type":"ListItem","position":1,"name":"Home","item":"https:\/\/leatai.com\/fr\/"},{"@type":"ListItem","position":2,"name":"Pr\u00e9sentation des produits","item":"https:\/\/leatai.com\/products\/"},{"@type":"ListItem","position":3,"name":"Produits de cadeaux et de cuir","item":"https:\/\/leatai.com\/fr\/categorie-produit\/produits-de-cadeaux-et-de-cuir\/"},{"@type":"ListItem","position":4,"name":"Fournitures en cuir et de bureau","item":"https:\/\/leatai.com\/fr\/categorie-produit\/produits-de-cadeaux-et-de-cuir\/fournitures-en-cuir-et-de-bureau\/"},{"@type":"ListItem","position":5,"name":"Porte-monnaie en cuir v\u00e9ritable au style artisanal."}]},{"@type":"WebSite","@id":"https:\/\/leatai.com\/fr\/#website","url":"https:\/\/leatai.com\/fr\/","name":"Leatai \u2013 Fabricant de carnets personnalis\u00e9s","description":"Leatai propose des carnets et planificateurs personnalis\u00e9s pour les marques et distributeurs dans le monde entier.","publisher":{"@id":"https:\/\/leatai.com\/fr\/#organization"},"potentialAction":[{"@type":"SearchAction","target":{"@type":"EntryPoint","urlTemplate":"https:\/\/leatai.com\/fr\/?s={search_term_string}"},"query-input":{"@type":"PropertyValueSpecification","valueRequired":true,"valueName":"search_term_string"}}],"inLanguage":"fr-FR"},{"@type":"Organization","@id":"https:\/\/leatai.com\/fr\/#organization","name":"Leatai Diary, customized journal and business organizer","url":"https:\/\/leatai.com\/fr\/","logo":{"@type":"ImageObject","inLanguage":"fr-FR","@id":"https:\/\/leatai.com\/fr\/#\/schema\/logo\/image\/","url":"https:\/\/leatai.com\/wp-content\/uploads\/logo-blue.png","contentUrl":"https:\/\/leatai.com\/wp-content\/uploads\/logo-blue.png","width":230,"height":60,"caption":"Leatai Diary, customized journal and business organizer"},"image":{"@id":"https:\/\/leatai.com\/fr\/#\/schema\/logo\/image\/"}}]}},"_links":{"self":[{"href":"https:\/\/leatai.com\/fr\/wp-json\/wp\/v2\/product\/145580","targetHints":{"allow":["GET"]}}],"collection":[{"href":"https:\/\/leatai.com\/fr\/wp-json\/wp\/v2\/product"}],"about":[{"href":"https:\/\/leatai.com\/fr\/wp-json\/wp\/v2\/types\/product"}],"wp:featuredmedia":[{"embeddable":true,"href":"https:\/\/leatai.com\/fr\/wp-json\/wp\/v2\/media\/145581"}],"wp:attachment":[{"href":"https:\/\/leatai.com\/fr\/wp-json\/wp\/v2\/media?parent=145580"}],"wp:term":[{"taxonomy":"product_brand","embeddable":true,"href":"https:\/\/leatai.com\/fr\/wp-json\/wp\/v2\/product_brand?post=145580"},{"taxonomy":"product_cat","embeddable":true,"href":"https:\/\/leatai.com\/fr\/wp-json\/wp\/v2\/product_cat?post=145580"},{"taxonomy":"product_tag","embeddable":true,"href":"https:\/\/leatai.com\/fr\/wp-json\/wp\/v2\/product_tag?post=145580"},{"taxonomy":"home_works","embeddable":true,"href":"https:\/\/leatai.com\/fr\/wp-json\/wp\/v2\/home_works?post=145580"}],"curies":[{"name":"wp","href":"https:\/\/api.w.org\/{rel}","templated":true}]}}