{"id":145571,"date":"2021-06-24T13:22:46","date_gmt":"2021-06-24T05:22:46","guid":{"rendered":"https:\/\/leatai.com\/product\/non%20class\u00e9\/pochette-en-cuir-veritable-au-style-artisanal\/"},"modified":"2025-03-14T16:21:47","modified_gmt":"2025-03-14T08:21:47","slug":"pochette-en-cuir-veritable-au-style-artisanal","status":"publish","type":"product","link":"https:\/\/leatai.com\/fr\/product\/produits-de-cadeaux-et-de-cuir\/fournitures-en-cuir-et-de-bureau\/pochette-en-cuir-veritable-au-style-artisanal\/","title":{"rendered":"Pochette en cuir v\u00e9ritable au style artisanal."},"content":{"rendered":"<p>Mat\u00e9riau : Cuir de vache import\u00e9 authentique<br \/>\nEmballage : Pochette OPP<\/p>\n<p>Description du produit<\/p>\n<p>L\u2019\u00e9chantillon pr\u00e9sent\u00e9 sur la photo est cousu \u00e0 la main avec du fil cir\u00e9. Pour la production en s\u00e9rie, une couture en machine avec un fil \u00e9pais est utilis\u00e9e afin d\u2019apporter plus de finesse aux finitions.<\/p>\n<p>Nous proposons \u00e9galement d\u2019autres articles en cuir v\u00e9ritable sur mesure, tels que des \u00e9tuis en cuir, des porte-monnaie, des porte-passeports, des porte-cartes de visite, des porte-badges et bien d&#8217;autres accessoires.<\/p>\n<p>N\u2019h\u00e9sitez pas \u00e0 nous contacter pour toute demande personnalis\u00e9e.<\/p>\n","protected":false},"excerpt":{"rendered":"<p>Mat\u00e9riau : Cuir de vache import\u00e9 authentique Emballage : Pochette OPP Description du produit L\u2019\u00e9chantillon pr\u00e9sent\u00e9 sur la photo est cousu \u00e0 la main avec du fil cir\u00e9. Pour la production en s\u00e9rie, une couture en machine avec un fil \u00e9pais est utilis\u00e9e afin d\u2019apporter plus de finesse aux finitions. Nous proposons \u00e9galement d\u2019autres articles [&hellip;]<\/p>\n","protected":false},"featured_media":145572,"template":"","meta":{"_acf_changed":false},"product_brand":[],"product_cat":[1127],"product_tag":[],"home_works":[],"class_list":{"0":"post-145571","1":"product","2":"type-product","3":"status-publish","4":"has-post-thumbnail","6":"product_cat-fournitures-en-cuir-et-de-bureau","8":"first","9":"instock","10":"sold-individually","11":"shipping-taxable","12":"purchasable","13":"product-type-simple"},"acf":[],"yoast_head":"<!-- This site is optimized with the Yoast SEO plugin v27.2 - https:\/\/yoast.com\/product\/yoast-seo-wordpress\/ -->\n<title>Pochette en cuir v\u00e9ritable au style artisanal. - Leatai \u2013 Fabricant de carnets personnalis\u00e9s<\/title>\n<meta name=\"description\" content=\"Une pochette en cuir v\u00e9ritable, sp\u00e9cialement con\u00e7ue pour s\u2019adapter aux habitudes du quotidien avec des dimensions et une coupe pens\u00e9es pour le confort. Son aspect artisanal est volontairement conserv\u00e9, offrant une touche unique et authentique. Un accessoire parfait \u00e0 emporter partout, avec l\u2019assurance d\u2019un style exclusif.\" \/>\n<meta name=\"robots\" content=\"index, follow, max-snippet:-1, max-image-preview:large, max-video-preview:-1\" \/>\n<link rel=\"canonical\" href=\"https:\/\/leatai.com\/fr\/product\/produits-de-cadeaux-et-de-cuir\/fournitures-en-cuir-et-de-bureau\/pochette-en-cuir-veritable-au-style-artisanal\/\" \/>\n<meta property=\"og:locale\" content=\"fr_FR\" \/>\n<meta property=\"og:type\" content=\"article\" \/>\n<meta property=\"og:title\" content=\"Pochette en cuir v\u00e9ritable au style artisanal. - Leatai \u2013 Fabricant de carnets personnalis\u00e9s\" \/>\n<meta property=\"og:description\" content=\"Une pochette en cuir v\u00e9ritable, sp\u00e9cialement con\u00e7ue pour s\u2019adapter aux habitudes du quotidien avec des dimensions et une coupe pens\u00e9es pour le confort. Son aspect artisanal est volontairement conserv\u00e9, offrant une touche unique et authentique. Un accessoire parfait \u00e0 emporter partout, avec l\u2019assurance d\u2019un style exclusif.\" \/>\n<meta property=\"og:url\" content=\"https:\/\/leatai.com\/fr\/product\/produits-de-cadeaux-et-de-cuir\/fournitures-en-cuir-et-de-bureau\/pochette-en-cuir-veritable-au-style-artisanal\/\" \/>\n<meta property=\"og:site_name\" content=\"Leatai \u2013 Fabricant de carnets personnalis\u00e9s\" \/>\n<meta property=\"article:modified_time\" content=\"2025-03-14T08:21:47+00:00\" \/>\n<meta property=\"og:image\" content=\"https:\/\/leatai.com\/wp-content\/uploads\/2016_01_20_1757090.jpg\" \/>\n\t<meta property=\"og:image:width\" content=\"1000\" \/>\n\t<meta property=\"og:image:height\" content=\"750\" \/>\n\t<meta property=\"og:image:type\" content=\"image\/jpeg\" \/>\n<meta name=\"twitter:card\" content=\"summary_large_image\" \/>\n<meta name=\"twitter:label1\" content=\"Dur\u00e9e de lecture estim\u00e9e\" \/>\n\t<meta name=\"twitter:data1\" content=\"1 minute\" \/>\n<script type=\"application\/ld+json\" class=\"yoast-schema-graph\">{\"@context\":\"https:\/\/schema.org\",\"@graph\":[{\"@type\":\"WebPage\",\"@id\":\"https:\/\/leatai.com\/fr\/product\/produits-de-cadeaux-et-de-cuir\/fournitures-en-cuir-et-de-bureau\/pochette-en-cuir-veritable-au-style-artisanal\/\",\"url\":\"https:\/\/leatai.com\/fr\/product\/produits-de-cadeaux-et-de-cuir\/fournitures-en-cuir-et-de-bureau\/pochette-en-cuir-veritable-au-style-artisanal\/\",\"name\":\"Pochette en cuir v\u00e9ritable au style artisanal. - Leatai \u2013 Fabricant de carnets personnalis\u00e9s\",\"isPartOf\":{\"@id\":\"https:\/\/leatai.com\/fr\/#website\"},\"primaryImageOfPage\":{\"@id\":\"https:\/\/leatai.com\/fr\/product\/produits-de-cadeaux-et-de-cuir\/fournitures-en-cuir-et-de-bureau\/pochette-en-cuir-veritable-au-style-artisanal\/#primaryimage\"},\"image\":{\"@id\":\"https:\/\/leatai.com\/fr\/product\/produits-de-cadeaux-et-de-cuir\/fournitures-en-cuir-et-de-bureau\/pochette-en-cuir-veritable-au-style-artisanal\/#primaryimage\"},\"thumbnailUrl\":\"https:\/\/leatai.com\/wp-content\/uploads\/2016_01_20_1757090.jpg\",\"datePublished\":\"2021-06-24T05:22:46+00:00\",\"dateModified\":\"2025-03-14T08:21:47+00:00\",\"description\":\"Une pochette en cuir v\u00e9ritable, sp\u00e9cialement con\u00e7ue pour s\u2019adapter aux habitudes du quotidien avec des dimensions et une coupe pens\u00e9es pour le confort. Son aspect artisanal est volontairement conserv\u00e9, offrant une touche unique et authentique. Un accessoire parfait \u00e0 emporter partout, avec l\u2019assurance d\u2019un style exclusif.\",\"breadcrumb\":{\"@id\":\"https:\/\/leatai.com\/fr\/product\/produits-de-cadeaux-et-de-cuir\/fournitures-en-cuir-et-de-bureau\/pochette-en-cuir-veritable-au-style-artisanal\/#breadcrumb\"},\"inLanguage\":\"fr-FR\",\"potentialAction\":[{\"@type\":\"ReadAction\",\"target\":[\"https:\/\/leatai.com\/fr\/product\/produits-de-cadeaux-et-de-cuir\/fournitures-en-cuir-et-de-bureau\/pochette-en-cuir-veritable-au-style-artisanal\/\"]}]},{\"@type\":\"ImageObject\",\"inLanguage\":\"fr-FR\",\"@id\":\"https:\/\/leatai.com\/fr\/product\/produits-de-cadeaux-et-de-cuir\/fournitures-en-cuir-et-de-bureau\/pochette-en-cuir-veritable-au-style-artisanal\/#primaryimage\",\"url\":\"https:\/\/leatai.com\/wp-content\/uploads\/2016_01_20_1757090.jpg\",\"contentUrl\":\"https:\/\/leatai.com\/wp-content\/uploads\/2016_01_20_1757090.jpg\",\"width\":1000,\"height\":750},{\"@type\":\"BreadcrumbList\",\"@id\":\"https:\/\/leatai.com\/fr\/product\/produits-de-cadeaux-et-de-cuir\/fournitures-en-cuir-et-de-bureau\/pochette-en-cuir-veritable-au-style-artisanal\/#breadcrumb\",\"itemListElement\":[{\"@type\":\"ListItem\",\"position\":1,\"name\":\"Home\",\"item\":\"https:\/\/leatai.com\/fr\/\"},{\"@type\":\"ListItem\",\"position\":2,\"name\":\"Pr\u00e9sentation des produits\",\"item\":\"https:\/\/leatai.com\/products\/\"},{\"@type\":\"ListItem\",\"position\":3,\"name\":\"Produits de cadeaux et de cuir\",\"item\":\"https:\/\/leatai.com\/fr\/categorie-produit\/produits-de-cadeaux-et-de-cuir\/\"},{\"@type\":\"ListItem\",\"position\":4,\"name\":\"Fournitures en cuir et de bureau\",\"item\":\"https:\/\/leatai.com\/fr\/categorie-produit\/produits-de-cadeaux-et-de-cuir\/fournitures-en-cuir-et-de-bureau\/\"},{\"@type\":\"ListItem\",\"position\":5,\"name\":\"Pochette en cuir v\u00e9ritable au style artisanal.\"}]},{\"@type\":\"WebSite\",\"@id\":\"https:\/\/leatai.com\/fr\/#website\",\"url\":\"https:\/\/leatai.com\/fr\/\",\"name\":\"Leatai \u2013 Fabricant de carnets personnalis\u00e9s\",\"description\":\"Leatai propose des carnets et planificateurs personnalis\u00e9s pour les marques et distributeurs dans le monde entier.\",\"publisher\":{\"@id\":\"https:\/\/leatai.com\/fr\/#organization\"},\"potentialAction\":[{\"@type\":\"SearchAction\",\"target\":{\"@type\":\"EntryPoint\",\"urlTemplate\":\"https:\/\/leatai.com\/fr\/?s={search_term_string}\"},\"query-input\":{\"@type\":\"PropertyValueSpecification\",\"valueRequired\":true,\"valueName\":\"search_term_string\"}}],\"inLanguage\":\"fr-FR\"},{\"@type\":\"Organization\",\"@id\":\"https:\/\/leatai.com\/fr\/#organization\",\"name\":\"Leatai Diary, customized journal and business organizer\",\"url\":\"https:\/\/leatai.com\/fr\/\",\"logo\":{\"@type\":\"ImageObject\",\"inLanguage\":\"fr-FR\",\"@id\":\"https:\/\/leatai.com\/fr\/#\/schema\/logo\/image\/\",\"url\":\"https:\/\/leatai.com\/wp-content\/uploads\/logo-blue.png\",\"contentUrl\":\"https:\/\/leatai.com\/wp-content\/uploads\/logo-blue.png\",\"width\":230,\"height\":60,\"caption\":\"Leatai Diary, customized journal and business organizer\"},\"image\":{\"@id\":\"https:\/\/leatai.com\/fr\/#\/schema\/logo\/image\/\"}}]}<\/script>\n<!-- \/ Yoast SEO plugin. -->","yoast_head_json":{"title":"Pochette en cuir v\u00e9ritable au style artisanal. - Leatai \u2013 Fabricant de carnets personnalis\u00e9s","description":"Une pochette en cuir v\u00e9ritable, sp\u00e9cialement con\u00e7ue pour s\u2019adapter aux habitudes du quotidien avec des dimensions et une coupe pens\u00e9es pour le confort. Son aspect artisanal est volontairement conserv\u00e9, offrant une touche unique et authentique. Un accessoire parfait \u00e0 emporter partout, avec l\u2019assurance d\u2019un style exclusif.","robots":{"index":"index","follow":"follow","max-snippet":"max-snippet:-1","max-image-preview":"max-image-preview:large","max-video-preview":"max-video-preview:-1"},"canonical":"https:\/\/leatai.com\/fr\/product\/produits-de-cadeaux-et-de-cuir\/fournitures-en-cuir-et-de-bureau\/pochette-en-cuir-veritable-au-style-artisanal\/","og_locale":"fr_FR","og_type":"article","og_title":"Pochette en cuir v\u00e9ritable au style artisanal. - Leatai \u2013 Fabricant de carnets personnalis\u00e9s","og_description":"Une pochette en cuir v\u00e9ritable, sp\u00e9cialement con\u00e7ue pour s\u2019adapter aux habitudes du quotidien avec des dimensions et une coupe pens\u00e9es pour le confort. Son aspect artisanal est volontairement conserv\u00e9, offrant une touche unique et authentique. Un accessoire parfait \u00e0 emporter partout, avec l\u2019assurance d\u2019un style exclusif.","og_url":"https:\/\/leatai.com\/fr\/product\/produits-de-cadeaux-et-de-cuir\/fournitures-en-cuir-et-de-bureau\/pochette-en-cuir-veritable-au-style-artisanal\/","og_site_name":"Leatai \u2013 Fabricant de carnets personnalis\u00e9s","article_modified_time":"2025-03-14T08:21:47+00:00","og_image":[{"width":1000,"height":750,"url":"https:\/\/leatai.com\/wp-content\/uploads\/2016_01_20_1757090.jpg","type":"image\/jpeg"}],"twitter_card":"summary_large_image","twitter_misc":{"Dur\u00e9e de lecture estim\u00e9e":"1 minute"},"schema":{"@context":"https:\/\/schema.org","@graph":[{"@type":"WebPage","@id":"https:\/\/leatai.com\/fr\/product\/produits-de-cadeaux-et-de-cuir\/fournitures-en-cuir-et-de-bureau\/pochette-en-cuir-veritable-au-style-artisanal\/","url":"https:\/\/leatai.com\/fr\/product\/produits-de-cadeaux-et-de-cuir\/fournitures-en-cuir-et-de-bureau\/pochette-en-cuir-veritable-au-style-artisanal\/","name":"Pochette en cuir v\u00e9ritable au style artisanal. - Leatai \u2013 Fabricant de carnets personnalis\u00e9s","isPartOf":{"@id":"https:\/\/leatai.com\/fr\/#website"},"primaryImageOfPage":{"@id":"https:\/\/leatai.com\/fr\/product\/produits-de-cadeaux-et-de-cuir\/fournitures-en-cuir-et-de-bureau\/pochette-en-cuir-veritable-au-style-artisanal\/#primaryimage"},"image":{"@id":"https:\/\/leatai.com\/fr\/product\/produits-de-cadeaux-et-de-cuir\/fournitures-en-cuir-et-de-bureau\/pochette-en-cuir-veritable-au-style-artisanal\/#primaryimage"},"thumbnailUrl":"https:\/\/leatai.com\/wp-content\/uploads\/2016_01_20_1757090.jpg","datePublished":"2021-06-24T05:22:46+00:00","dateModified":"2025-03-14T08:21:47+00:00","description":"Une pochette en cuir v\u00e9ritable, sp\u00e9cialement con\u00e7ue pour s\u2019adapter aux habitudes du quotidien avec des dimensions et une coupe pens\u00e9es pour le confort. Son aspect artisanal est volontairement conserv\u00e9, offrant une touche unique et authentique. Un accessoire parfait \u00e0 emporter partout, avec l\u2019assurance d\u2019un style exclusif.","breadcrumb":{"@id":"https:\/\/leatai.com\/fr\/product\/produits-de-cadeaux-et-de-cuir\/fournitures-en-cuir-et-de-bureau\/pochette-en-cuir-veritable-au-style-artisanal\/#breadcrumb"},"inLanguage":"fr-FR","potentialAction":[{"@type":"ReadAction","target":["https:\/\/leatai.com\/fr\/product\/produits-de-cadeaux-et-de-cuir\/fournitures-en-cuir-et-de-bureau\/pochette-en-cuir-veritable-au-style-artisanal\/"]}]},{"@type":"ImageObject","inLanguage":"fr-FR","@id":"https:\/\/leatai.com\/fr\/product\/produits-de-cadeaux-et-de-cuir\/fournitures-en-cuir-et-de-bureau\/pochette-en-cuir-veritable-au-style-artisanal\/#primaryimage","url":"https:\/\/leatai.com\/wp-content\/uploads\/2016_01_20_1757090.jpg","contentUrl":"https:\/\/leatai.com\/wp-content\/uploads\/2016_01_20_1757090.jpg","width":1000,"height":750},{"@type":"BreadcrumbList","@id":"https:\/\/leatai.com\/fr\/product\/produits-de-cadeaux-et-de-cuir\/fournitures-en-cuir-et-de-bureau\/pochette-en-cuir-veritable-au-style-artisanal\/#breadcrumb","itemListElement":[{"@type":"ListItem","position":1,"name":"Home","item":"https:\/\/leatai.com\/fr\/"},{"@type":"ListItem","position":2,"name":"Pr\u00e9sentation des produits","item":"https:\/\/leatai.com\/products\/"},{"@type":"ListItem","position":3,"name":"Produits de cadeaux et de cuir","item":"https:\/\/leatai.com\/fr\/categorie-produit\/produits-de-cadeaux-et-de-cuir\/"},{"@type":"ListItem","position":4,"name":"Fournitures en cuir et de bureau","item":"https:\/\/leatai.com\/fr\/categorie-produit\/produits-de-cadeaux-et-de-cuir\/fournitures-en-cuir-et-de-bureau\/"},{"@type":"ListItem","position":5,"name":"Pochette en cuir v\u00e9ritable au style artisanal."}]},{"@type":"WebSite","@id":"https:\/\/leatai.com\/fr\/#website","url":"https:\/\/leatai.com\/fr\/","name":"Leatai \u2013 Fabricant de carnets personnalis\u00e9s","description":"Leatai propose des carnets et planificateurs personnalis\u00e9s pour les marques et distributeurs dans le monde entier.","publisher":{"@id":"https:\/\/leatai.com\/fr\/#organization"},"potentialAction":[{"@type":"SearchAction","target":{"@type":"EntryPoint","urlTemplate":"https:\/\/leatai.com\/fr\/?s={search_term_string}"},"query-input":{"@type":"PropertyValueSpecification","valueRequired":true,"valueName":"search_term_string"}}],"inLanguage":"fr-FR"},{"@type":"Organization","@id":"https:\/\/leatai.com\/fr\/#organization","name":"Leatai Diary, customized journal and business organizer","url":"https:\/\/leatai.com\/fr\/","logo":{"@type":"ImageObject","inLanguage":"fr-FR","@id":"https:\/\/leatai.com\/fr\/#\/schema\/logo\/image\/","url":"https:\/\/leatai.com\/wp-content\/uploads\/logo-blue.png","contentUrl":"https:\/\/leatai.com\/wp-content\/uploads\/logo-blue.png","width":230,"height":60,"caption":"Leatai Diary, customized journal and business organizer"},"image":{"@id":"https:\/\/leatai.com\/fr\/#\/schema\/logo\/image\/"}}]}},"_links":{"self":[{"href":"https:\/\/leatai.com\/fr\/wp-json\/wp\/v2\/product\/145571","targetHints":{"allow":["GET"]}}],"collection":[{"href":"https:\/\/leatai.com\/fr\/wp-json\/wp\/v2\/product"}],"about":[{"href":"https:\/\/leatai.com\/fr\/wp-json\/wp\/v2\/types\/product"}],"wp:featuredmedia":[{"embeddable":true,"href":"https:\/\/leatai.com\/fr\/wp-json\/wp\/v2\/media\/145572"}],"wp:attachment":[{"href":"https:\/\/leatai.com\/fr\/wp-json\/wp\/v2\/media?parent=145571"}],"wp:term":[{"taxonomy":"product_brand","embeddable":true,"href":"https:\/\/leatai.com\/fr\/wp-json\/wp\/v2\/product_brand?post=145571"},{"taxonomy":"product_cat","embeddable":true,"href":"https:\/\/leatai.com\/fr\/wp-json\/wp\/v2\/product_cat?post=145571"},{"taxonomy":"product_tag","embeddable":true,"href":"https:\/\/leatai.com\/fr\/wp-json\/wp\/v2\/product_tag?post=145571"},{"taxonomy":"home_works","embeddable":true,"href":"https:\/\/leatai.com\/fr\/wp-json\/wp\/v2\/home_works?post=145571"}],"curies":[{"name":"wp","href":"https:\/\/api.w.org\/{rel}","templated":true}]}}