{"id":145568,"date":"2021-06-24T13:22:46","date_gmt":"2021-06-24T05:22:46","guid":{"rendered":"https:\/\/leatai.com\/product\/non%20class\u00e9\/porte-nom-de-bureau-en-cuir-veritable-personnalise\/"},"modified":"2025-03-14T16:26:24","modified_gmt":"2025-03-14T08:26:24","slug":"porte-nom-de-bureau-en-cuir-veritable-personnalise","status":"publish","type":"product","link":"https:\/\/leatai.com\/fr\/product\/produits-de-cadeaux-et-de-cuir\/fournitures-en-cuir-et-de-bureau\/porte-nom-de-bureau-en-cuir-veritable-personnalise\/","title":{"rendered":"Porte-nom de bureau en cuir v\u00e9ritable personnalis\u00e9."},"content":{"rendered":"<p>Mat\u00e9riau : Cuir de vache import\u00e9 authentique<br \/>\nEmballage : Pochette OPP<\/p>\n<p>Description du produit<\/p>\n<p>Nous proposons une large gamme de produits en cuir v\u00e9ritable. Vous pouvez nous soumettre vos propres mod\u00e8les pour une fabrication sur mesure ou discuter avec nous du design et du d\u00e9veloppement de vos produits. Leatai offre un service complet, de la conception \u00e0 la production, pour la fabrication d\u2019articles en cuir de haute qualit\u00e9.<\/p>\n<p>Nous r\u00e9alisons \u00e9galement divers accessoires en cuir v\u00e9ritable, tels que des \u00e9tuis en cuir, des porte-monnaie, des porte-passeports, des porte-cartes de visite, des porte-badges et bien d&#8217;autres articles.<\/p>\n<p>N\u2019h\u00e9sitez pas \u00e0 nous contacter pour toute demande personnalis\u00e9e.<\/p>\n","protected":false},"excerpt":{"rendered":"<p>Mat\u00e9riau : Cuir de vache import\u00e9 authentique Emballage : Pochette OPP Description du produit Nous proposons une large gamme de produits en cuir v\u00e9ritable. Vous pouvez nous soumettre vos propres mod\u00e8les pour une fabrication sur mesure ou discuter avec nous du design et du d\u00e9veloppement de vos produits. Leatai offre un service complet, de la [&hellip;]<\/p>\n","protected":false},"featured_media":145569,"template":"","meta":{"_acf_changed":false},"product_brand":[],"product_cat":[1127],"product_tag":[],"home_works":[],"class_list":{"0":"post-145568","1":"product","2":"type-product","3":"status-publish","4":"has-post-thumbnail","6":"product_cat-fournitures-en-cuir-et-de-bureau","8":"first","9":"instock","10":"sold-individually","11":"shipping-taxable","12":"purchasable","13":"product-type-simple"},"acf":[],"yoast_head":"<!-- This site is optimized with the Yoast SEO plugin v27.2 - https:\/\/yoast.com\/product\/yoast-seo-wordpress\/ -->\n<title>Porte-nom de bureau en cuir v\u00e9ritable personnalis\u00e9. - Leatai \u2013 Fabricant de carnets personnalis\u00e9s<\/title>\n<meta name=\"description\" content=\"Un porte-nom de bureau en cuir v\u00e9ritable, rare et raffin\u00e9. Au-del\u00e0 de son \u00e9l\u00e9gance, il refl\u00e8te une attention particuli\u00e8re port\u00e9e aux d\u00e9tails et \u00e0 la personnalisation. Sa fabrication exige un savoir-faire minutieux et un temps de production consid\u00e9rable, ce qui en fait un cadeau id\u00e9al pour une personne qui compte vraiment.\" \/>\n<meta name=\"robots\" content=\"index, follow, max-snippet:-1, max-image-preview:large, max-video-preview:-1\" \/>\n<link rel=\"canonical\" href=\"https:\/\/leatai.com\/fr\/product\/produits-de-cadeaux-et-de-cuir\/fournitures-en-cuir-et-de-bureau\/porte-nom-de-bureau-en-cuir-veritable-personnalise\/\" \/>\n<meta property=\"og:locale\" content=\"fr_FR\" \/>\n<meta property=\"og:type\" content=\"article\" \/>\n<meta property=\"og:title\" content=\"Porte-nom de bureau en cuir v\u00e9ritable personnalis\u00e9. - Leatai \u2013 Fabricant de carnets personnalis\u00e9s\" \/>\n<meta property=\"og:description\" content=\"Un porte-nom de bureau en cuir v\u00e9ritable, rare et raffin\u00e9. Au-del\u00e0 de son \u00e9l\u00e9gance, il refl\u00e8te une attention particuli\u00e8re port\u00e9e aux d\u00e9tails et \u00e0 la personnalisation. Sa fabrication exige un savoir-faire minutieux et un temps de production consid\u00e9rable, ce qui en fait un cadeau id\u00e9al pour une personne qui compte vraiment.\" \/>\n<meta property=\"og:url\" content=\"https:\/\/leatai.com\/fr\/product\/produits-de-cadeaux-et-de-cuir\/fournitures-en-cuir-et-de-bureau\/porte-nom-de-bureau-en-cuir-veritable-personnalise\/\" \/>\n<meta property=\"og:site_name\" content=\"Leatai \u2013 Fabricant de carnets personnalis\u00e9s\" \/>\n<meta property=\"article:modified_time\" content=\"2025-03-14T08:26:24+00:00\" \/>\n<meta property=\"og:image\" content=\"https:\/\/leatai.com\/wp-content\/uploads\/2016_01_20_2227230.jpg\" \/>\n\t<meta property=\"og:image:width\" content=\"1000\" \/>\n\t<meta property=\"og:image:height\" content=\"750\" \/>\n\t<meta property=\"og:image:type\" content=\"image\/jpeg\" \/>\n<meta name=\"twitter:card\" content=\"summary_large_image\" \/>\n<meta name=\"twitter:label1\" content=\"Dur\u00e9e de lecture estim\u00e9e\" \/>\n\t<meta name=\"twitter:data1\" content=\"1 minute\" \/>\n<script type=\"application\/ld+json\" class=\"yoast-schema-graph\">{\"@context\":\"https:\/\/schema.org\",\"@graph\":[{\"@type\":\"WebPage\",\"@id\":\"https:\/\/leatai.com\/fr\/product\/produits-de-cadeaux-et-de-cuir\/fournitures-en-cuir-et-de-bureau\/porte-nom-de-bureau-en-cuir-veritable-personnalise\/\",\"url\":\"https:\/\/leatai.com\/fr\/product\/produits-de-cadeaux-et-de-cuir\/fournitures-en-cuir-et-de-bureau\/porte-nom-de-bureau-en-cuir-veritable-personnalise\/\",\"name\":\"Porte-nom de bureau en cuir v\u00e9ritable personnalis\u00e9. - Leatai \u2013 Fabricant de carnets personnalis\u00e9s\",\"isPartOf\":{\"@id\":\"https:\/\/leatai.com\/fr\/#website\"},\"primaryImageOfPage\":{\"@id\":\"https:\/\/leatai.com\/fr\/product\/produits-de-cadeaux-et-de-cuir\/fournitures-en-cuir-et-de-bureau\/porte-nom-de-bureau-en-cuir-veritable-personnalise\/#primaryimage\"},\"image\":{\"@id\":\"https:\/\/leatai.com\/fr\/product\/produits-de-cadeaux-et-de-cuir\/fournitures-en-cuir-et-de-bureau\/porte-nom-de-bureau-en-cuir-veritable-personnalise\/#primaryimage\"},\"thumbnailUrl\":\"https:\/\/leatai.com\/wp-content\/uploads\/2016_01_20_2227230.jpg\",\"datePublished\":\"2021-06-24T05:22:46+00:00\",\"dateModified\":\"2025-03-14T08:26:24+00:00\",\"description\":\"Un porte-nom de bureau en cuir v\u00e9ritable, rare et raffin\u00e9. Au-del\u00e0 de son \u00e9l\u00e9gance, il refl\u00e8te une attention particuli\u00e8re port\u00e9e aux d\u00e9tails et \u00e0 la personnalisation. Sa fabrication exige un savoir-faire minutieux et un temps de production consid\u00e9rable, ce qui en fait un cadeau id\u00e9al pour une personne qui compte vraiment.\",\"breadcrumb\":{\"@id\":\"https:\/\/leatai.com\/fr\/product\/produits-de-cadeaux-et-de-cuir\/fournitures-en-cuir-et-de-bureau\/porte-nom-de-bureau-en-cuir-veritable-personnalise\/#breadcrumb\"},\"inLanguage\":\"fr-FR\",\"potentialAction\":[{\"@type\":\"ReadAction\",\"target\":[\"https:\/\/leatai.com\/fr\/product\/produits-de-cadeaux-et-de-cuir\/fournitures-en-cuir-et-de-bureau\/porte-nom-de-bureau-en-cuir-veritable-personnalise\/\"]}]},{\"@type\":\"ImageObject\",\"inLanguage\":\"fr-FR\",\"@id\":\"https:\/\/leatai.com\/fr\/product\/produits-de-cadeaux-et-de-cuir\/fournitures-en-cuir-et-de-bureau\/porte-nom-de-bureau-en-cuir-veritable-personnalise\/#primaryimage\",\"url\":\"https:\/\/leatai.com\/wp-content\/uploads\/2016_01_20_2227230.jpg\",\"contentUrl\":\"https:\/\/leatai.com\/wp-content\/uploads\/2016_01_20_2227230.jpg\",\"width\":1000,\"height\":750},{\"@type\":\"BreadcrumbList\",\"@id\":\"https:\/\/leatai.com\/fr\/product\/produits-de-cadeaux-et-de-cuir\/fournitures-en-cuir-et-de-bureau\/porte-nom-de-bureau-en-cuir-veritable-personnalise\/#breadcrumb\",\"itemListElement\":[{\"@type\":\"ListItem\",\"position\":1,\"name\":\"Home\",\"item\":\"https:\/\/leatai.com\/fr\/\"},{\"@type\":\"ListItem\",\"position\":2,\"name\":\"Pr\u00e9sentation des produits\",\"item\":\"https:\/\/leatai.com\/products\/\"},{\"@type\":\"ListItem\",\"position\":3,\"name\":\"Produits de cadeaux et de cuir\",\"item\":\"https:\/\/leatai.com\/fr\/categorie-produit\/produits-de-cadeaux-et-de-cuir\/\"},{\"@type\":\"ListItem\",\"position\":4,\"name\":\"Fournitures en cuir et de bureau\",\"item\":\"https:\/\/leatai.com\/fr\/categorie-produit\/produits-de-cadeaux-et-de-cuir\/fournitures-en-cuir-et-de-bureau\/\"},{\"@type\":\"ListItem\",\"position\":5,\"name\":\"Porte-nom de bureau en cuir v\u00e9ritable personnalis\u00e9.\"}]},{\"@type\":\"WebSite\",\"@id\":\"https:\/\/leatai.com\/fr\/#website\",\"url\":\"https:\/\/leatai.com\/fr\/\",\"name\":\"Leatai \u2013 Fabricant de carnets personnalis\u00e9s\",\"description\":\"Leatai propose des carnets et planificateurs personnalis\u00e9s pour les marques et distributeurs dans le monde entier.\",\"publisher\":{\"@id\":\"https:\/\/leatai.com\/fr\/#organization\"},\"potentialAction\":[{\"@type\":\"SearchAction\",\"target\":{\"@type\":\"EntryPoint\",\"urlTemplate\":\"https:\/\/leatai.com\/fr\/?s={search_term_string}\"},\"query-input\":{\"@type\":\"PropertyValueSpecification\",\"valueRequired\":true,\"valueName\":\"search_term_string\"}}],\"inLanguage\":\"fr-FR\"},{\"@type\":\"Organization\",\"@id\":\"https:\/\/leatai.com\/fr\/#organization\",\"name\":\"Leatai Diary, customized journal and business organizer\",\"url\":\"https:\/\/leatai.com\/fr\/\",\"logo\":{\"@type\":\"ImageObject\",\"inLanguage\":\"fr-FR\",\"@id\":\"https:\/\/leatai.com\/fr\/#\/schema\/logo\/image\/\",\"url\":\"https:\/\/leatai.com\/wp-content\/uploads\/logo-blue.png\",\"contentUrl\":\"https:\/\/leatai.com\/wp-content\/uploads\/logo-blue.png\",\"width\":230,\"height\":60,\"caption\":\"Leatai Diary, customized journal and business organizer\"},\"image\":{\"@id\":\"https:\/\/leatai.com\/fr\/#\/schema\/logo\/image\/\"}}]}<\/script>\n<!-- \/ Yoast SEO plugin. -->","yoast_head_json":{"title":"Porte-nom de bureau en cuir v\u00e9ritable personnalis\u00e9. - Leatai \u2013 Fabricant de carnets personnalis\u00e9s","description":"Un porte-nom de bureau en cuir v\u00e9ritable, rare et raffin\u00e9. Au-del\u00e0 de son \u00e9l\u00e9gance, il refl\u00e8te une attention particuli\u00e8re port\u00e9e aux d\u00e9tails et \u00e0 la personnalisation. Sa fabrication exige un savoir-faire minutieux et un temps de production consid\u00e9rable, ce qui en fait un cadeau id\u00e9al pour une personne qui compte vraiment.","robots":{"index":"index","follow":"follow","max-snippet":"max-snippet:-1","max-image-preview":"max-image-preview:large","max-video-preview":"max-video-preview:-1"},"canonical":"https:\/\/leatai.com\/fr\/product\/produits-de-cadeaux-et-de-cuir\/fournitures-en-cuir-et-de-bureau\/porte-nom-de-bureau-en-cuir-veritable-personnalise\/","og_locale":"fr_FR","og_type":"article","og_title":"Porte-nom de bureau en cuir v\u00e9ritable personnalis\u00e9. - Leatai \u2013 Fabricant de carnets personnalis\u00e9s","og_description":"Un porte-nom de bureau en cuir v\u00e9ritable, rare et raffin\u00e9. Au-del\u00e0 de son \u00e9l\u00e9gance, il refl\u00e8te une attention particuli\u00e8re port\u00e9e aux d\u00e9tails et \u00e0 la personnalisation. Sa fabrication exige un savoir-faire minutieux et un temps de production consid\u00e9rable, ce qui en fait un cadeau id\u00e9al pour une personne qui compte vraiment.","og_url":"https:\/\/leatai.com\/fr\/product\/produits-de-cadeaux-et-de-cuir\/fournitures-en-cuir-et-de-bureau\/porte-nom-de-bureau-en-cuir-veritable-personnalise\/","og_site_name":"Leatai \u2013 Fabricant de carnets personnalis\u00e9s","article_modified_time":"2025-03-14T08:26:24+00:00","og_image":[{"width":1000,"height":750,"url":"https:\/\/leatai.com\/wp-content\/uploads\/2016_01_20_2227230.jpg","type":"image\/jpeg"}],"twitter_card":"summary_large_image","twitter_misc":{"Dur\u00e9e de lecture estim\u00e9e":"1 minute"},"schema":{"@context":"https:\/\/schema.org","@graph":[{"@type":"WebPage","@id":"https:\/\/leatai.com\/fr\/product\/produits-de-cadeaux-et-de-cuir\/fournitures-en-cuir-et-de-bureau\/porte-nom-de-bureau-en-cuir-veritable-personnalise\/","url":"https:\/\/leatai.com\/fr\/product\/produits-de-cadeaux-et-de-cuir\/fournitures-en-cuir-et-de-bureau\/porte-nom-de-bureau-en-cuir-veritable-personnalise\/","name":"Porte-nom de bureau en cuir v\u00e9ritable personnalis\u00e9. - Leatai \u2013 Fabricant de carnets personnalis\u00e9s","isPartOf":{"@id":"https:\/\/leatai.com\/fr\/#website"},"primaryImageOfPage":{"@id":"https:\/\/leatai.com\/fr\/product\/produits-de-cadeaux-et-de-cuir\/fournitures-en-cuir-et-de-bureau\/porte-nom-de-bureau-en-cuir-veritable-personnalise\/#primaryimage"},"image":{"@id":"https:\/\/leatai.com\/fr\/product\/produits-de-cadeaux-et-de-cuir\/fournitures-en-cuir-et-de-bureau\/porte-nom-de-bureau-en-cuir-veritable-personnalise\/#primaryimage"},"thumbnailUrl":"https:\/\/leatai.com\/wp-content\/uploads\/2016_01_20_2227230.jpg","datePublished":"2021-06-24T05:22:46+00:00","dateModified":"2025-03-14T08:26:24+00:00","description":"Un porte-nom de bureau en cuir v\u00e9ritable, rare et raffin\u00e9. Au-del\u00e0 de son \u00e9l\u00e9gance, il refl\u00e8te une attention particuli\u00e8re port\u00e9e aux d\u00e9tails et \u00e0 la personnalisation. Sa fabrication exige un savoir-faire minutieux et un temps de production consid\u00e9rable, ce qui en fait un cadeau id\u00e9al pour une personne qui compte vraiment.","breadcrumb":{"@id":"https:\/\/leatai.com\/fr\/product\/produits-de-cadeaux-et-de-cuir\/fournitures-en-cuir-et-de-bureau\/porte-nom-de-bureau-en-cuir-veritable-personnalise\/#breadcrumb"},"inLanguage":"fr-FR","potentialAction":[{"@type":"ReadAction","target":["https:\/\/leatai.com\/fr\/product\/produits-de-cadeaux-et-de-cuir\/fournitures-en-cuir-et-de-bureau\/porte-nom-de-bureau-en-cuir-veritable-personnalise\/"]}]},{"@type":"ImageObject","inLanguage":"fr-FR","@id":"https:\/\/leatai.com\/fr\/product\/produits-de-cadeaux-et-de-cuir\/fournitures-en-cuir-et-de-bureau\/porte-nom-de-bureau-en-cuir-veritable-personnalise\/#primaryimage","url":"https:\/\/leatai.com\/wp-content\/uploads\/2016_01_20_2227230.jpg","contentUrl":"https:\/\/leatai.com\/wp-content\/uploads\/2016_01_20_2227230.jpg","width":1000,"height":750},{"@type":"BreadcrumbList","@id":"https:\/\/leatai.com\/fr\/product\/produits-de-cadeaux-et-de-cuir\/fournitures-en-cuir-et-de-bureau\/porte-nom-de-bureau-en-cuir-veritable-personnalise\/#breadcrumb","itemListElement":[{"@type":"ListItem","position":1,"name":"Home","item":"https:\/\/leatai.com\/fr\/"},{"@type":"ListItem","position":2,"name":"Pr\u00e9sentation des produits","item":"https:\/\/leatai.com\/products\/"},{"@type":"ListItem","position":3,"name":"Produits de cadeaux et de cuir","item":"https:\/\/leatai.com\/fr\/categorie-produit\/produits-de-cadeaux-et-de-cuir\/"},{"@type":"ListItem","position":4,"name":"Fournitures en cuir et de bureau","item":"https:\/\/leatai.com\/fr\/categorie-produit\/produits-de-cadeaux-et-de-cuir\/fournitures-en-cuir-et-de-bureau\/"},{"@type":"ListItem","position":5,"name":"Porte-nom de bureau en cuir v\u00e9ritable personnalis\u00e9."}]},{"@type":"WebSite","@id":"https:\/\/leatai.com\/fr\/#website","url":"https:\/\/leatai.com\/fr\/","name":"Leatai \u2013 Fabricant de carnets personnalis\u00e9s","description":"Leatai propose des carnets et planificateurs personnalis\u00e9s pour les marques et distributeurs dans le monde entier.","publisher":{"@id":"https:\/\/leatai.com\/fr\/#organization"},"potentialAction":[{"@type":"SearchAction","target":{"@type":"EntryPoint","urlTemplate":"https:\/\/leatai.com\/fr\/?s={search_term_string}"},"query-input":{"@type":"PropertyValueSpecification","valueRequired":true,"valueName":"search_term_string"}}],"inLanguage":"fr-FR"},{"@type":"Organization","@id":"https:\/\/leatai.com\/fr\/#organization","name":"Leatai Diary, customized journal and business organizer","url":"https:\/\/leatai.com\/fr\/","logo":{"@type":"ImageObject","inLanguage":"fr-FR","@id":"https:\/\/leatai.com\/fr\/#\/schema\/logo\/image\/","url":"https:\/\/leatai.com\/wp-content\/uploads\/logo-blue.png","contentUrl":"https:\/\/leatai.com\/wp-content\/uploads\/logo-blue.png","width":230,"height":60,"caption":"Leatai Diary, customized journal and business organizer"},"image":{"@id":"https:\/\/leatai.com\/fr\/#\/schema\/logo\/image\/"}}]}},"_links":{"self":[{"href":"https:\/\/leatai.com\/fr\/wp-json\/wp\/v2\/product\/145568","targetHints":{"allow":["GET"]}}],"collection":[{"href":"https:\/\/leatai.com\/fr\/wp-json\/wp\/v2\/product"}],"about":[{"href":"https:\/\/leatai.com\/fr\/wp-json\/wp\/v2\/types\/product"}],"wp:featuredmedia":[{"embeddable":true,"href":"https:\/\/leatai.com\/fr\/wp-json\/wp\/v2\/media\/145569"}],"wp:attachment":[{"href":"https:\/\/leatai.com\/fr\/wp-json\/wp\/v2\/media?parent=145568"}],"wp:term":[{"taxonomy":"product_brand","embeddable":true,"href":"https:\/\/leatai.com\/fr\/wp-json\/wp\/v2\/product_brand?post=145568"},{"taxonomy":"product_cat","embeddable":true,"href":"https:\/\/leatai.com\/fr\/wp-json\/wp\/v2\/product_cat?post=145568"},{"taxonomy":"product_tag","embeddable":true,"href":"https:\/\/leatai.com\/fr\/wp-json\/wp\/v2\/product_tag?post=145568"},{"taxonomy":"home_works","embeddable":true,"href":"https:\/\/leatai.com\/fr\/wp-json\/wp\/v2\/home_works?post=145568"}],"curies":[{"name":"wp","href":"https:\/\/api.w.org\/{rel}","templated":true}]}}