{"id":145549,"date":"2021-06-24T13:17:56","date_gmt":"2021-06-24T05:17:56","guid":{"rendered":"https:\/\/leatai.com\/product\/non%20class\u00e9\/sous-verre-en-feutre-brevete\/"},"modified":"2025-03-14T15:43:18","modified_gmt":"2025-03-14T07:43:18","slug":"sous-verre-en-feutre-brevete","status":"publish","type":"product","link":"https:\/\/leatai.com\/fr\/product\/produits-de-cadeaux-et-de-cuir\/produits-en-feutre\/sous-verre-en-feutre-brevete\/","title":{"rendered":"Sous-verre en feutre brevet\u00e9."},"content":{"rendered":"<p>Description<\/p>\n<p>Mod\u00e8le du produit : Sous-verre en feutre brevet\u00e9<br \/>\nMat\u00e9riau de la couverture : Feutre<br \/>\nCouleurs disponibles : Rouge \/ Bleu \/ Noir \/ Violet \/ Jaune \/ Blanc \/ Orange \/ Vert<br \/>\nDimensions : Diam\u00e8tre 10 cm<\/p>\n<p>Autres d\u00e9tails :<\/p>\n<p>Le feutre est un mat\u00e9riau courant et simple, mais il pr\u00e9sente souvent des bords rugueux, une surface pelucheuse et une souplesse excessive, ce qui limite son champ d\u2019application dans la fabrication de produits.<\/p>\n<p>Gr\u00e2ce au proc\u00e9d\u00e9 exclusif de Leatai, la surface est parfaitement lisse, r\u00e9duisant de 90 % l&#8217;effet de rugosit\u00e9. La d\u00e9coupe au couteau ne laisse presque aucun r\u00e9sidu de fibres, et les coutures ne cr\u00e9ent pas de marques d&#8217;affaissement. De plus, nous avons renforc\u00e9 sa r\u00e9sistance aux taches, tout en conservant des couleurs \u00e9clatantes, ouvrant ainsi des possibilit\u00e9s de cr\u00e9ation infinies.<\/p>\n<p>Ce produit est une exclusivit\u00e9 brevet\u00e9e de Leatai. Rejoignez-nous et exprimez votre cr\u00e9ativit\u00e9 au maximum !<\/p>\n<p>Emballage : Pochette OPP (en option)<br \/>\nPersonnalisation du logo : D\u00e9coupe, impression s\u00e9rigraphique \u00e0 base d&#8217;eau<\/p>\n","protected":false},"excerpt":{"rendered":"[embed]https:\/\/www.youtube.com\/embed\/MvMfdwEUKnk[\/embed]\n","protected":false},"featured_media":145550,"template":"","meta":{"_acf_changed":false},"product_brand":[],"product_cat":[1140,1166],"product_tag":[],"home_works":[],"class_list":{"0":"post-145549","1":"product","2":"type-product","3":"status-publish","4":"has-post-thumbnail","6":"product_cat-produits-en-feutre","7":"product_cat-produits-exclusifs","9":"first","10":"instock","11":"sold-individually","12":"shipping-taxable","13":"purchasable","14":"product-type-simple"},"acf":[],"yoast_head":"<!-- This site is optimized with the Yoast SEO plugin v27.2 - https:\/\/yoast.com\/product\/yoast-seo-wordpress\/ -->\n<title>Sous-verre en feutre brevet\u00e9. - Leatai \u2013 Fabricant de carnets personnalis\u00e9s<\/title>\n<meta name=\"description\" content=\"Gr\u00e2ce au proc\u00e9d\u00e9 exclusif de Leatai, la surface est parfaitement lisse, r\u00e9duisant de 90 % l&#039;effet de rugosit\u00e9. La d\u00e9coupe au couteau ne laisse presque aucun r\u00e9sidu de fibres, et les coutures ne cr\u00e9ent pas de marques d&#039;affaissement. De plus, nous avons renforc\u00e9 sa r\u00e9sistance aux taches, une propri\u00e9t\u00e9 inexistante auparavant. Avec ses couleurs \u00e9clatantes, il offre un espace de cr\u00e9ation illimit\u00e9.\" \/>\n<meta name=\"robots\" content=\"index, follow, max-snippet:-1, max-image-preview:large, max-video-preview:-1\" \/>\n<link rel=\"canonical\" href=\"https:\/\/leatai.com\/fr\/product\/produits-de-cadeaux-et-de-cuir\/produits-en-feutre\/sous-verre-en-feutre-brevete\/\" \/>\n<meta property=\"og:locale\" content=\"fr_FR\" \/>\n<meta property=\"og:type\" content=\"article\" \/>\n<meta property=\"og:title\" content=\"Sous-verre en feutre brevet\u00e9. - Leatai \u2013 Fabricant de carnets personnalis\u00e9s\" \/>\n<meta property=\"og:description\" content=\"Gr\u00e2ce au proc\u00e9d\u00e9 exclusif de Leatai, la surface est parfaitement lisse, r\u00e9duisant de 90 % l&#039;effet de rugosit\u00e9. La d\u00e9coupe au couteau ne laisse presque aucun r\u00e9sidu de fibres, et les coutures ne cr\u00e9ent pas de marques d&#039;affaissement. De plus, nous avons renforc\u00e9 sa r\u00e9sistance aux taches, une propri\u00e9t\u00e9 inexistante auparavant. Avec ses couleurs \u00e9clatantes, il offre un espace de cr\u00e9ation illimit\u00e9.\" \/>\n<meta property=\"og:url\" content=\"https:\/\/leatai.com\/fr\/product\/produits-de-cadeaux-et-de-cuir\/produits-en-feutre\/sous-verre-en-feutre-brevete\/\" \/>\n<meta property=\"og:site_name\" content=\"Leatai \u2013 Fabricant de carnets personnalis\u00e9s\" \/>\n<meta property=\"article:modified_time\" content=\"2025-03-14T07:43:18+00:00\" \/>\n<meta property=\"og:image\" content=\"https:\/\/leatai.com\/wp-content\/uploads\/2016_01_04_1436500.jpg\" \/>\n\t<meta property=\"og:image:width\" content=\"1000\" \/>\n\t<meta property=\"og:image:height\" content=\"750\" \/>\n\t<meta property=\"og:image:type\" content=\"image\/jpeg\" \/>\n<meta name=\"twitter:card\" content=\"summary_large_image\" \/>\n<meta name=\"twitter:label1\" content=\"Dur\u00e9e de lecture estim\u00e9e\" \/>\n\t<meta name=\"twitter:data1\" content=\"2 minutes\" \/>\n<script type=\"application\/ld+json\" class=\"yoast-schema-graph\">{\"@context\":\"https:\/\/schema.org\",\"@graph\":[{\"@type\":\"WebPage\",\"@id\":\"https:\/\/leatai.com\/fr\/product\/produits-de-cadeaux-et-de-cuir\/produits-en-feutre\/sous-verre-en-feutre-brevete\/\",\"url\":\"https:\/\/leatai.com\/fr\/product\/produits-de-cadeaux-et-de-cuir\/produits-en-feutre\/sous-verre-en-feutre-brevete\/\",\"name\":\"Sous-verre en feutre brevet\u00e9. - Leatai \u2013 Fabricant de carnets personnalis\u00e9s\",\"isPartOf\":{\"@id\":\"https:\/\/leatai.com\/fr\/#website\"},\"primaryImageOfPage\":{\"@id\":\"https:\/\/leatai.com\/fr\/product\/produits-de-cadeaux-et-de-cuir\/produits-en-feutre\/sous-verre-en-feutre-brevete\/#primaryimage\"},\"image\":{\"@id\":\"https:\/\/leatai.com\/fr\/product\/produits-de-cadeaux-et-de-cuir\/produits-en-feutre\/sous-verre-en-feutre-brevete\/#primaryimage\"},\"thumbnailUrl\":\"https:\/\/leatai.com\/wp-content\/uploads\/2016_01_04_1436500.jpg\",\"datePublished\":\"2021-06-24T05:17:56+00:00\",\"dateModified\":\"2025-03-14T07:43:18+00:00\",\"description\":\"Gr\u00e2ce au proc\u00e9d\u00e9 exclusif de Leatai, la surface est parfaitement lisse, r\u00e9duisant de 90 % l'effet de rugosit\u00e9. La d\u00e9coupe au couteau ne laisse presque aucun r\u00e9sidu de fibres, et les coutures ne cr\u00e9ent pas de marques d'affaissement. De plus, nous avons renforc\u00e9 sa r\u00e9sistance aux taches, une propri\u00e9t\u00e9 inexistante auparavant. Avec ses couleurs \u00e9clatantes, il offre un espace de cr\u00e9ation illimit\u00e9.\",\"breadcrumb\":{\"@id\":\"https:\/\/leatai.com\/fr\/product\/produits-de-cadeaux-et-de-cuir\/produits-en-feutre\/sous-verre-en-feutre-brevete\/#breadcrumb\"},\"inLanguage\":\"fr-FR\",\"potentialAction\":[{\"@type\":\"ReadAction\",\"target\":[\"https:\/\/leatai.com\/fr\/product\/produits-de-cadeaux-et-de-cuir\/produits-en-feutre\/sous-verre-en-feutre-brevete\/\"]}]},{\"@type\":\"ImageObject\",\"inLanguage\":\"fr-FR\",\"@id\":\"https:\/\/leatai.com\/fr\/product\/produits-de-cadeaux-et-de-cuir\/produits-en-feutre\/sous-verre-en-feutre-brevete\/#primaryimage\",\"url\":\"https:\/\/leatai.com\/wp-content\/uploads\/2016_01_04_1436500.jpg\",\"contentUrl\":\"https:\/\/leatai.com\/wp-content\/uploads\/2016_01_04_1436500.jpg\",\"width\":1000,\"height\":750},{\"@type\":\"BreadcrumbList\",\"@id\":\"https:\/\/leatai.com\/fr\/product\/produits-de-cadeaux-et-de-cuir\/produits-en-feutre\/sous-verre-en-feutre-brevete\/#breadcrumb\",\"itemListElement\":[{\"@type\":\"ListItem\",\"position\":1,\"name\":\"Home\",\"item\":\"https:\/\/leatai.com\/fr\/\"},{\"@type\":\"ListItem\",\"position\":2,\"name\":\"Pr\u00e9sentation des produits\",\"item\":\"https:\/\/leatai.com\/products\/\"},{\"@type\":\"ListItem\",\"position\":3,\"name\":\"Produits de cadeaux et de cuir\",\"item\":\"https:\/\/leatai.com\/fr\/categorie-produit\/produits-de-cadeaux-et-de-cuir\/\"},{\"@type\":\"ListItem\",\"position\":4,\"name\":\"Produits en feutre\",\"item\":\"https:\/\/leatai.com\/fr\/categorie-produit\/produits-de-cadeaux-et-de-cuir\/produits-en-feutre\/\"},{\"@type\":\"ListItem\",\"position\":5,\"name\":\"Sous-verre en feutre brevet\u00e9.\"}]},{\"@type\":\"WebSite\",\"@id\":\"https:\/\/leatai.com\/fr\/#website\",\"url\":\"https:\/\/leatai.com\/fr\/\",\"name\":\"Leatai \u2013 Fabricant de carnets personnalis\u00e9s\",\"description\":\"Leatai propose des carnets et planificateurs personnalis\u00e9s pour les marques et distributeurs dans le monde entier.\",\"publisher\":{\"@id\":\"https:\/\/leatai.com\/fr\/#organization\"},\"potentialAction\":[{\"@type\":\"SearchAction\",\"target\":{\"@type\":\"EntryPoint\",\"urlTemplate\":\"https:\/\/leatai.com\/fr\/?s={search_term_string}\"},\"query-input\":{\"@type\":\"PropertyValueSpecification\",\"valueRequired\":true,\"valueName\":\"search_term_string\"}}],\"inLanguage\":\"fr-FR\"},{\"@type\":\"Organization\",\"@id\":\"https:\/\/leatai.com\/fr\/#organization\",\"name\":\"Leatai Diary, customized journal and business organizer\",\"url\":\"https:\/\/leatai.com\/fr\/\",\"logo\":{\"@type\":\"ImageObject\",\"inLanguage\":\"fr-FR\",\"@id\":\"https:\/\/leatai.com\/fr\/#\/schema\/logo\/image\/\",\"url\":\"https:\/\/leatai.com\/wp-content\/uploads\/logo-blue.png\",\"contentUrl\":\"https:\/\/leatai.com\/wp-content\/uploads\/logo-blue.png\",\"width\":230,\"height\":60,\"caption\":\"Leatai Diary, customized journal and business organizer\"},\"image\":{\"@id\":\"https:\/\/leatai.com\/fr\/#\/schema\/logo\/image\/\"}}]}<\/script>\n<!-- \/ Yoast SEO plugin. -->","yoast_head_json":{"title":"Sous-verre en feutre brevet\u00e9. - Leatai \u2013 Fabricant de carnets personnalis\u00e9s","description":"Gr\u00e2ce au proc\u00e9d\u00e9 exclusif de Leatai, la surface est parfaitement lisse, r\u00e9duisant de 90 % l'effet de rugosit\u00e9. La d\u00e9coupe au couteau ne laisse presque aucun r\u00e9sidu de fibres, et les coutures ne cr\u00e9ent pas de marques d'affaissement. De plus, nous avons renforc\u00e9 sa r\u00e9sistance aux taches, une propri\u00e9t\u00e9 inexistante auparavant. Avec ses couleurs \u00e9clatantes, il offre un espace de cr\u00e9ation illimit\u00e9.","robots":{"index":"index","follow":"follow","max-snippet":"max-snippet:-1","max-image-preview":"max-image-preview:large","max-video-preview":"max-video-preview:-1"},"canonical":"https:\/\/leatai.com\/fr\/product\/produits-de-cadeaux-et-de-cuir\/produits-en-feutre\/sous-verre-en-feutre-brevete\/","og_locale":"fr_FR","og_type":"article","og_title":"Sous-verre en feutre brevet\u00e9. - Leatai \u2013 Fabricant de carnets personnalis\u00e9s","og_description":"Gr\u00e2ce au proc\u00e9d\u00e9 exclusif de Leatai, la surface est parfaitement lisse, r\u00e9duisant de 90 % l'effet de rugosit\u00e9. La d\u00e9coupe au couteau ne laisse presque aucun r\u00e9sidu de fibres, et les coutures ne cr\u00e9ent pas de marques d'affaissement. De plus, nous avons renforc\u00e9 sa r\u00e9sistance aux taches, une propri\u00e9t\u00e9 inexistante auparavant. Avec ses couleurs \u00e9clatantes, il offre un espace de cr\u00e9ation illimit\u00e9.","og_url":"https:\/\/leatai.com\/fr\/product\/produits-de-cadeaux-et-de-cuir\/produits-en-feutre\/sous-verre-en-feutre-brevete\/","og_site_name":"Leatai \u2013 Fabricant de carnets personnalis\u00e9s","article_modified_time":"2025-03-14T07:43:18+00:00","og_image":[{"width":1000,"height":750,"url":"https:\/\/leatai.com\/wp-content\/uploads\/2016_01_04_1436500.jpg","type":"image\/jpeg"}],"twitter_card":"summary_large_image","twitter_misc":{"Dur\u00e9e de lecture estim\u00e9e":"2 minutes"},"schema":{"@context":"https:\/\/schema.org","@graph":[{"@type":"WebPage","@id":"https:\/\/leatai.com\/fr\/product\/produits-de-cadeaux-et-de-cuir\/produits-en-feutre\/sous-verre-en-feutre-brevete\/","url":"https:\/\/leatai.com\/fr\/product\/produits-de-cadeaux-et-de-cuir\/produits-en-feutre\/sous-verre-en-feutre-brevete\/","name":"Sous-verre en feutre brevet\u00e9. - Leatai \u2013 Fabricant de carnets personnalis\u00e9s","isPartOf":{"@id":"https:\/\/leatai.com\/fr\/#website"},"primaryImageOfPage":{"@id":"https:\/\/leatai.com\/fr\/product\/produits-de-cadeaux-et-de-cuir\/produits-en-feutre\/sous-verre-en-feutre-brevete\/#primaryimage"},"image":{"@id":"https:\/\/leatai.com\/fr\/product\/produits-de-cadeaux-et-de-cuir\/produits-en-feutre\/sous-verre-en-feutre-brevete\/#primaryimage"},"thumbnailUrl":"https:\/\/leatai.com\/wp-content\/uploads\/2016_01_04_1436500.jpg","datePublished":"2021-06-24T05:17:56+00:00","dateModified":"2025-03-14T07:43:18+00:00","description":"Gr\u00e2ce au proc\u00e9d\u00e9 exclusif de Leatai, la surface est parfaitement lisse, r\u00e9duisant de 90 % l'effet de rugosit\u00e9. La d\u00e9coupe au couteau ne laisse presque aucun r\u00e9sidu de fibres, et les coutures ne cr\u00e9ent pas de marques d'affaissement. De plus, nous avons renforc\u00e9 sa r\u00e9sistance aux taches, une propri\u00e9t\u00e9 inexistante auparavant. Avec ses couleurs \u00e9clatantes, il offre un espace de cr\u00e9ation illimit\u00e9.","breadcrumb":{"@id":"https:\/\/leatai.com\/fr\/product\/produits-de-cadeaux-et-de-cuir\/produits-en-feutre\/sous-verre-en-feutre-brevete\/#breadcrumb"},"inLanguage":"fr-FR","potentialAction":[{"@type":"ReadAction","target":["https:\/\/leatai.com\/fr\/product\/produits-de-cadeaux-et-de-cuir\/produits-en-feutre\/sous-verre-en-feutre-brevete\/"]}]},{"@type":"ImageObject","inLanguage":"fr-FR","@id":"https:\/\/leatai.com\/fr\/product\/produits-de-cadeaux-et-de-cuir\/produits-en-feutre\/sous-verre-en-feutre-brevete\/#primaryimage","url":"https:\/\/leatai.com\/wp-content\/uploads\/2016_01_04_1436500.jpg","contentUrl":"https:\/\/leatai.com\/wp-content\/uploads\/2016_01_04_1436500.jpg","width":1000,"height":750},{"@type":"BreadcrumbList","@id":"https:\/\/leatai.com\/fr\/product\/produits-de-cadeaux-et-de-cuir\/produits-en-feutre\/sous-verre-en-feutre-brevete\/#breadcrumb","itemListElement":[{"@type":"ListItem","position":1,"name":"Home","item":"https:\/\/leatai.com\/fr\/"},{"@type":"ListItem","position":2,"name":"Pr\u00e9sentation des produits","item":"https:\/\/leatai.com\/products\/"},{"@type":"ListItem","position":3,"name":"Produits de cadeaux et de cuir","item":"https:\/\/leatai.com\/fr\/categorie-produit\/produits-de-cadeaux-et-de-cuir\/"},{"@type":"ListItem","position":4,"name":"Produits en feutre","item":"https:\/\/leatai.com\/fr\/categorie-produit\/produits-de-cadeaux-et-de-cuir\/produits-en-feutre\/"},{"@type":"ListItem","position":5,"name":"Sous-verre en feutre brevet\u00e9."}]},{"@type":"WebSite","@id":"https:\/\/leatai.com\/fr\/#website","url":"https:\/\/leatai.com\/fr\/","name":"Leatai \u2013 Fabricant de carnets personnalis\u00e9s","description":"Leatai propose des carnets et planificateurs personnalis\u00e9s pour les marques et distributeurs dans le monde entier.","publisher":{"@id":"https:\/\/leatai.com\/fr\/#organization"},"potentialAction":[{"@type":"SearchAction","target":{"@type":"EntryPoint","urlTemplate":"https:\/\/leatai.com\/fr\/?s={search_term_string}"},"query-input":{"@type":"PropertyValueSpecification","valueRequired":true,"valueName":"search_term_string"}}],"inLanguage":"fr-FR"},{"@type":"Organization","@id":"https:\/\/leatai.com\/fr\/#organization","name":"Leatai Diary, customized journal and business organizer","url":"https:\/\/leatai.com\/fr\/","logo":{"@type":"ImageObject","inLanguage":"fr-FR","@id":"https:\/\/leatai.com\/fr\/#\/schema\/logo\/image\/","url":"https:\/\/leatai.com\/wp-content\/uploads\/logo-blue.png","contentUrl":"https:\/\/leatai.com\/wp-content\/uploads\/logo-blue.png","width":230,"height":60,"caption":"Leatai Diary, customized journal and business organizer"},"image":{"@id":"https:\/\/leatai.com\/fr\/#\/schema\/logo\/image\/"}}]}},"_links":{"self":[{"href":"https:\/\/leatai.com\/fr\/wp-json\/wp\/v2\/product\/145549","targetHints":{"allow":["GET"]}}],"collection":[{"href":"https:\/\/leatai.com\/fr\/wp-json\/wp\/v2\/product"}],"about":[{"href":"https:\/\/leatai.com\/fr\/wp-json\/wp\/v2\/types\/product"}],"wp:featuredmedia":[{"embeddable":true,"href":"https:\/\/leatai.com\/fr\/wp-json\/wp\/v2\/media\/145550"}],"wp:attachment":[{"href":"https:\/\/leatai.com\/fr\/wp-json\/wp\/v2\/media?parent=145549"}],"wp:term":[{"taxonomy":"product_brand","embeddable":true,"href":"https:\/\/leatai.com\/fr\/wp-json\/wp\/v2\/product_brand?post=145549"},{"taxonomy":"product_cat","embeddable":true,"href":"https:\/\/leatai.com\/fr\/wp-json\/wp\/v2\/product_cat?post=145549"},{"taxonomy":"product_tag","embeddable":true,"href":"https:\/\/leatai.com\/fr\/wp-json\/wp\/v2\/product_tag?post=145549"},{"taxonomy":"home_works","embeddable":true,"href":"https:\/\/leatai.com\/fr\/wp-json\/wp\/v2\/home_works?post=145549"}],"curies":[{"name":"wp","href":"https:\/\/api.w.org\/{rel}","templated":true}]}}