{"id":145526,"date":"2021-06-24T13:23:31","date_gmt":"2021-06-24T05:23:31","guid":{"rendered":"https:\/\/leatai.com\/product\/non%20class\u00e9\/pinkoi-x-leatai\/"},"modified":"2025-03-14T15:15:32","modified_gmt":"2025-03-14T07:15:32","slug":"pinkoi-x-leatai","status":"publish","type":"product","link":"https:\/\/leatai.com\/fr\/product\/collaboration-intersectorielle\/evenements-culturels-et-artistiques\/pinkoi-x-leatai\/","title":{"rendered":"Pinkoi x Leatai"},"content":{"rendered":"<p>22-23 avril 2017<\/p>\n<p>Le march\u00e9 physique organis\u00e9 ponctuellement chaque ann\u00e9e par Pinkoi rassemble les meilleures marques de la plateforme.<\/p>\n<p>En plus de d\u00e9couvrir une grande vari\u00e9t\u00e9 d&#8217;objets design, vous aurez l&#8217;occasion d&#8217;\u00e9changer directement avec les cr\u00e9ateurs, d&#8217;en apprendre davantage sur leurs histoires et de mieux comprendre l&#8217;utilisation de leurs produits.<\/p>\n<p>Le meilleur dans tout cela ? Vous pouvez acqu\u00e9rir en une seule visite des cr\u00e9ations au design unique ! Profitez du week-end pour vous promener main dans la main avec vos amis et explorer le quartier artistique de Xinyi !<\/p>\n","protected":false},"excerpt":{"rendered":"<p>22-23 avril 2017 Le march\u00e9 physique organis\u00e9 ponctuellement chaque ann\u00e9e par Pinkoi rassemble les meilleures marques de la plateforme. En plus de d\u00e9couvrir une grande vari\u00e9t\u00e9 d&#8217;objets design, vous aurez l&#8217;occasion d&#8217;\u00e9changer directement avec les cr\u00e9ateurs, d&#8217;en apprendre davantage sur leurs histoires et de mieux comprendre l&#8217;utilisation de leurs produits. Le meilleur dans tout cela [&hellip;]<\/p>\n","protected":false},"featured_media":145527,"template":"","meta":{"_acf_changed":false},"product_brand":[],"product_cat":[1101],"product_tag":[],"home_works":[],"class_list":{"0":"post-145526","1":"product","2":"type-product","3":"status-publish","4":"has-post-thumbnail","6":"product_cat-evenements-culturels-et-artistiques","8":"first","9":"instock","10":"sold-individually","11":"shipping-taxable","12":"purchasable","13":"product-type-simple"},"acf":[],"yoast_head":"<!-- This site is optimized with the Yoast SEO plugin v27.2 - https:\/\/yoast.com\/product\/yoast-seo-wordpress\/ -->\n<title>Pinkoi x Leatai - Leatai \u2013 Fabricant de carnets personnalis\u00e9s<\/title>\n<meta name=\"robots\" content=\"index, follow, max-snippet:-1, max-image-preview:large, max-video-preview:-1\" \/>\n<link rel=\"canonical\" href=\"https:\/\/leatai.com\/fr\/product\/collaboration-intersectorielle\/evenements-culturels-et-artistiques\/pinkoi-x-leatai\/\" \/>\n<meta property=\"og:locale\" content=\"fr_FR\" \/>\n<meta property=\"og:type\" content=\"article\" \/>\n<meta property=\"og:title\" content=\"Pinkoi x Leatai - Leatai \u2013 Fabricant de carnets personnalis\u00e9s\" \/>\n<meta property=\"og:description\" content=\"22-23 avril 2017 Le march\u00e9 physique organis\u00e9 ponctuellement chaque ann\u00e9e par Pinkoi rassemble les meilleures marques de la plateforme. En plus de d\u00e9couvrir une grande vari\u00e9t\u00e9 d&#8217;objets design, vous aurez l&#8217;occasion d&#8217;\u00e9changer directement avec les cr\u00e9ateurs, d&#8217;en apprendre davantage sur leurs histoires et de mieux comprendre l&#8217;utilisation de leurs produits. Le meilleur dans tout cela [&hellip;]\" \/>\n<meta property=\"og:url\" content=\"https:\/\/leatai.com\/fr\/product\/collaboration-intersectorielle\/evenements-culturels-et-artistiques\/pinkoi-x-leatai\/\" \/>\n<meta property=\"og:site_name\" content=\"Leatai \u2013 Fabricant de carnets personnalis\u00e9s\" \/>\n<meta property=\"article:modified_time\" content=\"2025-03-14T07:15:32+00:00\" \/>\n<meta property=\"og:image\" content=\"https:\/\/leatai.com\/wp-content\/uploads\/2020_06_17_1357090.jpg\" \/>\n\t<meta property=\"og:image:width\" content=\"700\" \/>\n\t<meta property=\"og:image:height\" content=\"467\" \/>\n\t<meta property=\"og:image:type\" content=\"image\/jpeg\" \/>\n<meta name=\"twitter:card\" content=\"summary_large_image\" \/>\n<meta name=\"twitter:label1\" content=\"Dur\u00e9e de lecture estim\u00e9e\" \/>\n\t<meta name=\"twitter:data1\" content=\"1 minute\" \/>\n<script type=\"application\/ld+json\" class=\"yoast-schema-graph\">{\"@context\":\"https:\/\/schema.org\",\"@graph\":[{\"@type\":\"WebPage\",\"@id\":\"https:\/\/leatai.com\/fr\/product\/collaboration-intersectorielle\/evenements-culturels-et-artistiques\/pinkoi-x-leatai\/\",\"url\":\"https:\/\/leatai.com\/fr\/product\/collaboration-intersectorielle\/evenements-culturels-et-artistiques\/pinkoi-x-leatai\/\",\"name\":\"Pinkoi x Leatai - Leatai \u2013 Fabricant de carnets personnalis\u00e9s\",\"isPartOf\":{\"@id\":\"https:\/\/leatai.com\/fr\/#website\"},\"primaryImageOfPage\":{\"@id\":\"https:\/\/leatai.com\/fr\/product\/collaboration-intersectorielle\/evenements-culturels-et-artistiques\/pinkoi-x-leatai\/#primaryimage\"},\"image\":{\"@id\":\"https:\/\/leatai.com\/fr\/product\/collaboration-intersectorielle\/evenements-culturels-et-artistiques\/pinkoi-x-leatai\/#primaryimage\"},\"thumbnailUrl\":\"https:\/\/leatai.com\/wp-content\/uploads\/2020_06_17_1357090.jpg\",\"datePublished\":\"2021-06-24T05:23:31+00:00\",\"dateModified\":\"2025-03-14T07:15:32+00:00\",\"breadcrumb\":{\"@id\":\"https:\/\/leatai.com\/fr\/product\/collaboration-intersectorielle\/evenements-culturels-et-artistiques\/pinkoi-x-leatai\/#breadcrumb\"},\"inLanguage\":\"fr-FR\",\"potentialAction\":[{\"@type\":\"ReadAction\",\"target\":[\"https:\/\/leatai.com\/fr\/product\/collaboration-intersectorielle\/evenements-culturels-et-artistiques\/pinkoi-x-leatai\/\"]}]},{\"@type\":\"ImageObject\",\"inLanguage\":\"fr-FR\",\"@id\":\"https:\/\/leatai.com\/fr\/product\/collaboration-intersectorielle\/evenements-culturels-et-artistiques\/pinkoi-x-leatai\/#primaryimage\",\"url\":\"https:\/\/leatai.com\/wp-content\/uploads\/2020_06_17_1357090.jpg\",\"contentUrl\":\"https:\/\/leatai.com\/wp-content\/uploads\/2020_06_17_1357090.jpg\",\"width\":700,\"height\":467},{\"@type\":\"BreadcrumbList\",\"@id\":\"https:\/\/leatai.com\/fr\/product\/collaboration-intersectorielle\/evenements-culturels-et-artistiques\/pinkoi-x-leatai\/#breadcrumb\",\"itemListElement\":[{\"@type\":\"ListItem\",\"position\":1,\"name\":\"Home\",\"item\":\"https:\/\/leatai.com\/fr\/\"},{\"@type\":\"ListItem\",\"position\":2,\"name\":\"Pr\u00e9sentation des produits\",\"item\":\"https:\/\/leatai.com\/products\/\"},{\"@type\":\"ListItem\",\"position\":3,\"name\":\"Collaboration intersectorielle\",\"item\":\"https:\/\/leatai.com\/fr\/categorie-produit\/collaboration-intersectorielle\/\"},{\"@type\":\"ListItem\",\"position\":4,\"name\":\"\u00c9v\u00e9nements culturels et artistiques\",\"item\":\"https:\/\/leatai.com\/fr\/categorie-produit\/collaboration-intersectorielle\/evenements-culturels-et-artistiques\/\"},{\"@type\":\"ListItem\",\"position\":5,\"name\":\"Pinkoi x Leatai\"}]},{\"@type\":\"WebSite\",\"@id\":\"https:\/\/leatai.com\/fr\/#website\",\"url\":\"https:\/\/leatai.com\/fr\/\",\"name\":\"Leatai \u2013 Fabricant de carnets personnalis\u00e9s\",\"description\":\"Leatai propose des carnets et planificateurs personnalis\u00e9s pour les marques et distributeurs dans le monde entier.\",\"publisher\":{\"@id\":\"https:\/\/leatai.com\/fr\/#organization\"},\"potentialAction\":[{\"@type\":\"SearchAction\",\"target\":{\"@type\":\"EntryPoint\",\"urlTemplate\":\"https:\/\/leatai.com\/fr\/?s={search_term_string}\"},\"query-input\":{\"@type\":\"PropertyValueSpecification\",\"valueRequired\":true,\"valueName\":\"search_term_string\"}}],\"inLanguage\":\"fr-FR\"},{\"@type\":\"Organization\",\"@id\":\"https:\/\/leatai.com\/fr\/#organization\",\"name\":\"Leatai Diary, customized journal and business organizer\",\"url\":\"https:\/\/leatai.com\/fr\/\",\"logo\":{\"@type\":\"ImageObject\",\"inLanguage\":\"fr-FR\",\"@id\":\"https:\/\/leatai.com\/fr\/#\/schema\/logo\/image\/\",\"url\":\"https:\/\/leatai.com\/wp-content\/uploads\/logo-blue.png\",\"contentUrl\":\"https:\/\/leatai.com\/wp-content\/uploads\/logo-blue.png\",\"width\":230,\"height\":60,\"caption\":\"Leatai Diary, customized journal and business organizer\"},\"image\":{\"@id\":\"https:\/\/leatai.com\/fr\/#\/schema\/logo\/image\/\"},\"telephone\":\"+886-2-8227-8800\",\"legalName\":\"Leatai Stationary Co., Ltd.\",\"description\":\"A leading notebook factory in Taiwan offering bespoke branding, high-quality binding, and premium paper selections for corporate gifts and stationery wholesale.\",\"address\":{\"@type\":\"PostalAddress\",\"streetAddress\":\"11F., No. 168, Jiankang Rd.\",\"addressLocality\":\"Zhonghe Dist.\",\"addressRegion\":\"New Taipei City\",\"postalCode\":\"235\",\"addressCountry\":\"TW\"},\"contactPoint\":{\"@type\":\"ContactPoint\",\"telephone\":\"+886-2-8227-8800\",\"contactType\":\"sales\",\"areaServed\":\"Worldwide\",\"availableLanguage\":[\"zh-TW\",\"en\"]}}]}<\/script>\n<!-- \/ Yoast SEO plugin. -->","yoast_head_json":{"title":"Pinkoi x Leatai - Leatai \u2013 Fabricant de carnets personnalis\u00e9s","robots":{"index":"index","follow":"follow","max-snippet":"max-snippet:-1","max-image-preview":"max-image-preview:large","max-video-preview":"max-video-preview:-1"},"canonical":"https:\/\/leatai.com\/fr\/product\/collaboration-intersectorielle\/evenements-culturels-et-artistiques\/pinkoi-x-leatai\/","og_locale":"fr_FR","og_type":"article","og_title":"Pinkoi x Leatai - Leatai \u2013 Fabricant de carnets personnalis\u00e9s","og_description":"22-23 avril 2017 Le march\u00e9 physique organis\u00e9 ponctuellement chaque ann\u00e9e par Pinkoi rassemble les meilleures marques de la plateforme. En plus de d\u00e9couvrir une grande vari\u00e9t\u00e9 d&#8217;objets design, vous aurez l&#8217;occasion d&#8217;\u00e9changer directement avec les cr\u00e9ateurs, d&#8217;en apprendre davantage sur leurs histoires et de mieux comprendre l&#8217;utilisation de leurs produits. Le meilleur dans tout cela [&hellip;]","og_url":"https:\/\/leatai.com\/fr\/product\/collaboration-intersectorielle\/evenements-culturels-et-artistiques\/pinkoi-x-leatai\/","og_site_name":"Leatai \u2013 Fabricant de carnets personnalis\u00e9s","article_modified_time":"2025-03-14T07:15:32+00:00","og_image":[{"width":700,"height":467,"url":"https:\/\/leatai.com\/wp-content\/uploads\/2020_06_17_1357090.jpg","type":"image\/jpeg"}],"twitter_card":"summary_large_image","twitter_misc":{"Dur\u00e9e de lecture estim\u00e9e":"1 minute"},"schema":{"@context":"https:\/\/schema.org","@graph":[{"@type":"WebPage","@id":"https:\/\/leatai.com\/fr\/product\/collaboration-intersectorielle\/evenements-culturels-et-artistiques\/pinkoi-x-leatai\/","url":"https:\/\/leatai.com\/fr\/product\/collaboration-intersectorielle\/evenements-culturels-et-artistiques\/pinkoi-x-leatai\/","name":"Pinkoi x Leatai - Leatai \u2013 Fabricant de carnets personnalis\u00e9s","isPartOf":{"@id":"https:\/\/leatai.com\/fr\/#website"},"primaryImageOfPage":{"@id":"https:\/\/leatai.com\/fr\/product\/collaboration-intersectorielle\/evenements-culturels-et-artistiques\/pinkoi-x-leatai\/#primaryimage"},"image":{"@id":"https:\/\/leatai.com\/fr\/product\/collaboration-intersectorielle\/evenements-culturels-et-artistiques\/pinkoi-x-leatai\/#primaryimage"},"thumbnailUrl":"https:\/\/leatai.com\/wp-content\/uploads\/2020_06_17_1357090.jpg","datePublished":"2021-06-24T05:23:31+00:00","dateModified":"2025-03-14T07:15:32+00:00","breadcrumb":{"@id":"https:\/\/leatai.com\/fr\/product\/collaboration-intersectorielle\/evenements-culturels-et-artistiques\/pinkoi-x-leatai\/#breadcrumb"},"inLanguage":"fr-FR","potentialAction":[{"@type":"ReadAction","target":["https:\/\/leatai.com\/fr\/product\/collaboration-intersectorielle\/evenements-culturels-et-artistiques\/pinkoi-x-leatai\/"]}]},{"@type":"ImageObject","inLanguage":"fr-FR","@id":"https:\/\/leatai.com\/fr\/product\/collaboration-intersectorielle\/evenements-culturels-et-artistiques\/pinkoi-x-leatai\/#primaryimage","url":"https:\/\/leatai.com\/wp-content\/uploads\/2020_06_17_1357090.jpg","contentUrl":"https:\/\/leatai.com\/wp-content\/uploads\/2020_06_17_1357090.jpg","width":700,"height":467},{"@type":"BreadcrumbList","@id":"https:\/\/leatai.com\/fr\/product\/collaboration-intersectorielle\/evenements-culturels-et-artistiques\/pinkoi-x-leatai\/#breadcrumb","itemListElement":[{"@type":"ListItem","position":1,"name":"Home","item":"https:\/\/leatai.com\/fr\/"},{"@type":"ListItem","position":2,"name":"Pr\u00e9sentation des produits","item":"https:\/\/leatai.com\/products\/"},{"@type":"ListItem","position":3,"name":"Collaboration intersectorielle","item":"https:\/\/leatai.com\/fr\/categorie-produit\/collaboration-intersectorielle\/"},{"@type":"ListItem","position":4,"name":"\u00c9v\u00e9nements culturels et artistiques","item":"https:\/\/leatai.com\/fr\/categorie-produit\/collaboration-intersectorielle\/evenements-culturels-et-artistiques\/"},{"@type":"ListItem","position":5,"name":"Pinkoi x Leatai"}]},{"@type":"WebSite","@id":"https:\/\/leatai.com\/fr\/#website","url":"https:\/\/leatai.com\/fr\/","name":"Leatai \u2013 Fabricant de carnets personnalis\u00e9s","description":"Leatai propose des carnets et planificateurs personnalis\u00e9s pour les marques et distributeurs dans le monde entier.","publisher":{"@id":"https:\/\/leatai.com\/fr\/#organization"},"potentialAction":[{"@type":"SearchAction","target":{"@type":"EntryPoint","urlTemplate":"https:\/\/leatai.com\/fr\/?s={search_term_string}"},"query-input":{"@type":"PropertyValueSpecification","valueRequired":true,"valueName":"search_term_string"}}],"inLanguage":"fr-FR"},{"@type":"Organization","@id":"https:\/\/leatai.com\/fr\/#organization","name":"Leatai Diary, customized journal and business organizer","url":"https:\/\/leatai.com\/fr\/","logo":{"@type":"ImageObject","inLanguage":"fr-FR","@id":"https:\/\/leatai.com\/fr\/#\/schema\/logo\/image\/","url":"https:\/\/leatai.com\/wp-content\/uploads\/logo-blue.png","contentUrl":"https:\/\/leatai.com\/wp-content\/uploads\/logo-blue.png","width":230,"height":60,"caption":"Leatai Diary, customized journal and business organizer"},"image":{"@id":"https:\/\/leatai.com\/fr\/#\/schema\/logo\/image\/"},"telephone":"+886-2-8227-8800","legalName":"Leatai Stationary Co., Ltd.","description":"A leading notebook factory in Taiwan offering bespoke branding, high-quality binding, and premium paper selections for corporate gifts and stationery wholesale.","address":{"@type":"PostalAddress","streetAddress":"11F., No. 168, Jiankang Rd.","addressLocality":"Zhonghe Dist.","addressRegion":"New Taipei City","postalCode":"235","addressCountry":"TW"},"contactPoint":{"@type":"ContactPoint","telephone":"+886-2-8227-8800","contactType":"sales","areaServed":"Worldwide","availableLanguage":["zh-TW","en"]}}]}},"_links":{"self":[{"href":"https:\/\/leatai.com\/fr\/wp-json\/wp\/v2\/product\/145526","targetHints":{"allow":["GET"]}}],"collection":[{"href":"https:\/\/leatai.com\/fr\/wp-json\/wp\/v2\/product"}],"about":[{"href":"https:\/\/leatai.com\/fr\/wp-json\/wp\/v2\/types\/product"}],"wp:featuredmedia":[{"embeddable":true,"href":"https:\/\/leatai.com\/fr\/wp-json\/wp\/v2\/media\/145527"}],"wp:attachment":[{"href":"https:\/\/leatai.com\/fr\/wp-json\/wp\/v2\/media?parent=145526"}],"wp:term":[{"taxonomy":"product_brand","embeddable":true,"href":"https:\/\/leatai.com\/fr\/wp-json\/wp\/v2\/product_brand?post=145526"},{"taxonomy":"product_cat","embeddable":true,"href":"https:\/\/leatai.com\/fr\/wp-json\/wp\/v2\/product_cat?post=145526"},{"taxonomy":"product_tag","embeddable":true,"href":"https:\/\/leatai.com\/fr\/wp-json\/wp\/v2\/product_tag?post=145526"},{"taxonomy":"home_works","embeddable":true,"href":"https:\/\/leatai.com\/fr\/wp-json\/wp\/v2\/home_works?post=145526"}],"curies":[{"name":"wp","href":"https:\/\/api.w.org\/{rel}","templated":true}]}}