{"id":145521,"date":"2021-06-24T13:23:56","date_gmt":"2021-06-24T05:23:56","guid":{"rendered":"https:\/\/leatai.com\/product\/non%20class\u00e9\/mapple-plus-taipei\/"},"modified":"2025-03-14T14:32:43","modified_gmt":"2025-03-14T06:32:43","slug":"mapple-plus-taipei","status":"publish","type":"product","link":"https:\/\/leatai.com\/fr\/product\/collaboration-intersectorielle\/industrie-cinematographique\/mapple-plus-taipei\/","title":{"rendered":"Mapple PLUS Taipei"},"content":{"rendered":"<p>Mapple PLUS est un magazine de voyage japonais qui, dans ce num\u00e9ro, met en avant Taipei et ses incontournables en mati\u00e8re de gastronomie, loisirs et shopping. En plus des adresses incontournables, il propose \u00e9galement des lieux \u00e0 d\u00e9couvrir pour les passionn\u00e9s de papeterie !<\/p>\n<p>En tant que marque ta\u00efwanaise sp\u00e9cialis\u00e9e dans les carnets faits main, nous accordons une attention particuli\u00e8re \u00e0 l\u2019adaptabilit\u00e9 au stylo-plume, garantissant une \u00e9criture fluide sans effet de transparence sur les pages.<\/p>\n<p>Nos carnets sont con\u00e7us avec une reliure robuste et minimaliste, permettant une ouverture \u00e0 180 degr\u00e9s, tout en maintenant un engagement fort envers la fonctionnalit\u00e9. Pratiques et faciles \u00e0 transporter, ils sont devenus des compagnons de choix pour les amateurs de papeterie !<\/p>\n","protected":false},"excerpt":{"rendered":"<p>Mapple PLUS est un magazine de voyage japonais qui, dans ce num\u00e9ro, met en avant Taipei et ses incontournables en mati\u00e8re de gastronomie, loisirs et shopping. En plus des adresses incontournables, il propose \u00e9galement des lieux \u00e0 d\u00e9couvrir pour les passionn\u00e9s de papeterie ! En tant que marque ta\u00efwanaise sp\u00e9cialis\u00e9e dans les carnets faits main, [&hellip;]<\/p>\n","protected":false},"featured_media":145522,"template":"","meta":{"_acf_changed":false},"product_brand":[],"product_cat":[1088],"product_tag":[],"home_works":[],"class_list":{"0":"post-145521","1":"product","2":"type-product","3":"status-publish","4":"has-post-thumbnail","6":"product_cat-industrie-cinematographique","8":"first","9":"instock","10":"sold-individually","11":"shipping-taxable","12":"purchasable","13":"product-type-simple"},"acf":[],"yoast_head":"<!-- This site is optimized with the Yoast SEO plugin v27.2 - https:\/\/yoast.com\/product\/yoast-seo-wordpress\/ -->\n<title>Mapple PLUS Taipei - L\u2019un des incontournables de Ta\u00efwan - Leatai \u2013 Fabricant de carnets personnalis\u00e9s<\/title>\n<meta name=\"description\" content=\"Mapple PLUS est un magazine de voyage japonais qui, en plus de pr\u00e9senter les incontournables de Taipei en mati\u00e8re de gastronomie, de loisirs et de shopping, met \u00e9galement en avant les meilleures adresses de papeterie embl\u00e9matiques de Ta\u00efwan. Ces lieux deviennent peu \u00e0 peu des destinations incontournables pour les touristes japonais, en particulier pour les amateurs de papeterie, faisant de Ta\u00efwan une r\u00e9f\u00e9rence pris\u00e9e dans cet univers.\" \/>\n<meta name=\"robots\" content=\"index, follow, max-snippet:-1, max-image-preview:large, max-video-preview:-1\" \/>\n<link rel=\"canonical\" href=\"https:\/\/leatai.com\/fr\/product\/collaboration-intersectorielle\/industrie-cinematographique\/mapple-plus-taipei\/\" \/>\n<meta property=\"og:locale\" content=\"fr_FR\" \/>\n<meta property=\"og:type\" content=\"article\" \/>\n<meta property=\"og:title\" content=\"Mapple PLUS Taipei - L\u2019un des incontournables de Ta\u00efwan - Leatai \u2013 Fabricant de carnets personnalis\u00e9s\" \/>\n<meta property=\"og:description\" content=\"Mapple PLUS est un magazine de voyage japonais qui, en plus de pr\u00e9senter les incontournables de Taipei en mati\u00e8re de gastronomie, de loisirs et de shopping, met \u00e9galement en avant les meilleures adresses de papeterie embl\u00e9matiques de Ta\u00efwan. Ces lieux deviennent peu \u00e0 peu des destinations incontournables pour les touristes japonais, en particulier pour les amateurs de papeterie, faisant de Ta\u00efwan une r\u00e9f\u00e9rence pris\u00e9e dans cet univers.\" \/>\n<meta property=\"og:url\" content=\"https:\/\/leatai.com\/fr\/product\/collaboration-intersectorielle\/industrie-cinematographique\/mapple-plus-taipei\/\" \/>\n<meta property=\"og:site_name\" content=\"Leatai \u2013 Fabricant de carnets personnalis\u00e9s\" \/>\n<meta property=\"article:modified_time\" content=\"2025-03-14T06:32:43+00:00\" \/>\n<meta property=\"og:image\" content=\"https:\/\/leatai.com\/wp-content\/uploads\/2020_04_25_1733260.jpg\" \/>\n\t<meta property=\"og:image:width\" content=\"1000\" \/>\n\t<meta property=\"og:image:height\" content=\"750\" \/>\n\t<meta property=\"og:image:type\" content=\"image\/jpeg\" \/>\n<meta name=\"twitter:card\" content=\"summary_large_image\" \/>\n<meta name=\"twitter:label1\" content=\"Dur\u00e9e de lecture estim\u00e9e\" \/>\n\t<meta name=\"twitter:data1\" content=\"1 minute\" \/>\n<script type=\"application\/ld+json\" class=\"yoast-schema-graph\">{\"@context\":\"https:\/\/schema.org\",\"@graph\":[{\"@type\":\"WebPage\",\"@id\":\"https:\/\/leatai.com\/fr\/product\/collaboration-intersectorielle\/industrie-cinematographique\/mapple-plus-taipei\/\",\"url\":\"https:\/\/leatai.com\/fr\/product\/collaboration-intersectorielle\/industrie-cinematographique\/mapple-plus-taipei\/\",\"name\":\"Mapple PLUS Taipei - L\u2019un des incontournables de Ta\u00efwan - Leatai \u2013 Fabricant de carnets personnalis\u00e9s\",\"isPartOf\":{\"@id\":\"https:\/\/leatai.com\/fr\/#website\"},\"primaryImageOfPage\":{\"@id\":\"https:\/\/leatai.com\/fr\/product\/collaboration-intersectorielle\/industrie-cinematographique\/mapple-plus-taipei\/#primaryimage\"},\"image\":{\"@id\":\"https:\/\/leatai.com\/fr\/product\/collaboration-intersectorielle\/industrie-cinematographique\/mapple-plus-taipei\/#primaryimage\"},\"thumbnailUrl\":\"https:\/\/leatai.com\/wp-content\/uploads\/2020_04_25_1733260.jpg\",\"datePublished\":\"2021-06-24T05:23:56+00:00\",\"dateModified\":\"2025-03-14T06:32:43+00:00\",\"description\":\"Mapple PLUS est un magazine de voyage japonais qui, en plus de pr\u00e9senter les incontournables de Taipei en mati\u00e8re de gastronomie, de loisirs et de shopping, met \u00e9galement en avant les meilleures adresses de papeterie embl\u00e9matiques de Ta\u00efwan. Ces lieux deviennent peu \u00e0 peu des destinations incontournables pour les touristes japonais, en particulier pour les amateurs de papeterie, faisant de Ta\u00efwan une r\u00e9f\u00e9rence pris\u00e9e dans cet univers.\",\"breadcrumb\":{\"@id\":\"https:\/\/leatai.com\/fr\/product\/collaboration-intersectorielle\/industrie-cinematographique\/mapple-plus-taipei\/#breadcrumb\"},\"inLanguage\":\"fr-FR\",\"potentialAction\":[{\"@type\":\"ReadAction\",\"target\":[\"https:\/\/leatai.com\/fr\/product\/collaboration-intersectorielle\/industrie-cinematographique\/mapple-plus-taipei\/\"]}]},{\"@type\":\"ImageObject\",\"inLanguage\":\"fr-FR\",\"@id\":\"https:\/\/leatai.com\/fr\/product\/collaboration-intersectorielle\/industrie-cinematographique\/mapple-plus-taipei\/#primaryimage\",\"url\":\"https:\/\/leatai.com\/wp-content\/uploads\/2020_04_25_1733260.jpg\",\"contentUrl\":\"https:\/\/leatai.com\/wp-content\/uploads\/2020_04_25_1733260.jpg\",\"width\":1000,\"height\":750,\"caption\":\"Magazine japonais Mapple PLUS\"},{\"@type\":\"BreadcrumbList\",\"@id\":\"https:\/\/leatai.com\/fr\/product\/collaboration-intersectorielle\/industrie-cinematographique\/mapple-plus-taipei\/#breadcrumb\",\"itemListElement\":[{\"@type\":\"ListItem\",\"position\":1,\"name\":\"Home\",\"item\":\"https:\/\/leatai.com\/fr\/\"},{\"@type\":\"ListItem\",\"position\":2,\"name\":\"Pr\u00e9sentation des produits\",\"item\":\"https:\/\/leatai.com\/products\/\"},{\"@type\":\"ListItem\",\"position\":3,\"name\":\"Collaboration intersectorielle\",\"item\":\"https:\/\/leatai.com\/fr\/categorie-produit\/collaboration-intersectorielle\/\"},{\"@type\":\"ListItem\",\"position\":4,\"name\":\"Industrie cin\u00e9matographique\",\"item\":\"https:\/\/leatai.com\/fr\/categorie-produit\/collaboration-intersectorielle\/industrie-cinematographique\/\"},{\"@type\":\"ListItem\",\"position\":5,\"name\":\"Mapple PLUS Taipei\"}]},{\"@type\":\"WebSite\",\"@id\":\"https:\/\/leatai.com\/fr\/#website\",\"url\":\"https:\/\/leatai.com\/fr\/\",\"name\":\"Leatai \u2013 Fabricant de carnets personnalis\u00e9s\",\"description\":\"Leatai propose des carnets et planificateurs personnalis\u00e9s pour les marques et distributeurs dans le monde entier.\",\"publisher\":{\"@id\":\"https:\/\/leatai.com\/fr\/#organization\"},\"potentialAction\":[{\"@type\":\"SearchAction\",\"target\":{\"@type\":\"EntryPoint\",\"urlTemplate\":\"https:\/\/leatai.com\/fr\/?s={search_term_string}\"},\"query-input\":{\"@type\":\"PropertyValueSpecification\",\"valueRequired\":true,\"valueName\":\"search_term_string\"}}],\"inLanguage\":\"fr-FR\"},{\"@type\":\"Organization\",\"@id\":\"https:\/\/leatai.com\/fr\/#organization\",\"name\":\"Leatai Diary, customized journal and business organizer\",\"url\":\"https:\/\/leatai.com\/fr\/\",\"logo\":{\"@type\":\"ImageObject\",\"inLanguage\":\"fr-FR\",\"@id\":\"https:\/\/leatai.com\/fr\/#\/schema\/logo\/image\/\",\"url\":\"https:\/\/leatai.com\/wp-content\/uploads\/logo-blue.png\",\"contentUrl\":\"https:\/\/leatai.com\/wp-content\/uploads\/logo-blue.png\",\"width\":230,\"height\":60,\"caption\":\"Leatai Diary, customized journal and business organizer\"},\"image\":{\"@id\":\"https:\/\/leatai.com\/fr\/#\/schema\/logo\/image\/\"}}]}<\/script>\n<!-- \/ Yoast SEO plugin. -->","yoast_head_json":{"title":"Mapple PLUS Taipei - L\u2019un des incontournables de Ta\u00efwan - Leatai \u2013 Fabricant de carnets personnalis\u00e9s","description":"Mapple PLUS est un magazine de voyage japonais qui, en plus de pr\u00e9senter les incontournables de Taipei en mati\u00e8re de gastronomie, de loisirs et de shopping, met \u00e9galement en avant les meilleures adresses de papeterie embl\u00e9matiques de Ta\u00efwan. Ces lieux deviennent peu \u00e0 peu des destinations incontournables pour les touristes japonais, en particulier pour les amateurs de papeterie, faisant de Ta\u00efwan une r\u00e9f\u00e9rence pris\u00e9e dans cet univers.","robots":{"index":"index","follow":"follow","max-snippet":"max-snippet:-1","max-image-preview":"max-image-preview:large","max-video-preview":"max-video-preview:-1"},"canonical":"https:\/\/leatai.com\/fr\/product\/collaboration-intersectorielle\/industrie-cinematographique\/mapple-plus-taipei\/","og_locale":"fr_FR","og_type":"article","og_title":"Mapple PLUS Taipei - L\u2019un des incontournables de Ta\u00efwan - Leatai \u2013 Fabricant de carnets personnalis\u00e9s","og_description":"Mapple PLUS est un magazine de voyage japonais qui, en plus de pr\u00e9senter les incontournables de Taipei en mati\u00e8re de gastronomie, de loisirs et de shopping, met \u00e9galement en avant les meilleures adresses de papeterie embl\u00e9matiques de Ta\u00efwan. Ces lieux deviennent peu \u00e0 peu des destinations incontournables pour les touristes japonais, en particulier pour les amateurs de papeterie, faisant de Ta\u00efwan une r\u00e9f\u00e9rence pris\u00e9e dans cet univers.","og_url":"https:\/\/leatai.com\/fr\/product\/collaboration-intersectorielle\/industrie-cinematographique\/mapple-plus-taipei\/","og_site_name":"Leatai \u2013 Fabricant de carnets personnalis\u00e9s","article_modified_time":"2025-03-14T06:32:43+00:00","og_image":[{"width":1000,"height":750,"url":"https:\/\/leatai.com\/wp-content\/uploads\/2020_04_25_1733260.jpg","type":"image\/jpeg"}],"twitter_card":"summary_large_image","twitter_misc":{"Dur\u00e9e de lecture estim\u00e9e":"1 minute"},"schema":{"@context":"https:\/\/schema.org","@graph":[{"@type":"WebPage","@id":"https:\/\/leatai.com\/fr\/product\/collaboration-intersectorielle\/industrie-cinematographique\/mapple-plus-taipei\/","url":"https:\/\/leatai.com\/fr\/product\/collaboration-intersectorielle\/industrie-cinematographique\/mapple-plus-taipei\/","name":"Mapple PLUS Taipei - L\u2019un des incontournables de Ta\u00efwan - Leatai \u2013 Fabricant de carnets personnalis\u00e9s","isPartOf":{"@id":"https:\/\/leatai.com\/fr\/#website"},"primaryImageOfPage":{"@id":"https:\/\/leatai.com\/fr\/product\/collaboration-intersectorielle\/industrie-cinematographique\/mapple-plus-taipei\/#primaryimage"},"image":{"@id":"https:\/\/leatai.com\/fr\/product\/collaboration-intersectorielle\/industrie-cinematographique\/mapple-plus-taipei\/#primaryimage"},"thumbnailUrl":"https:\/\/leatai.com\/wp-content\/uploads\/2020_04_25_1733260.jpg","datePublished":"2021-06-24T05:23:56+00:00","dateModified":"2025-03-14T06:32:43+00:00","description":"Mapple PLUS est un magazine de voyage japonais qui, en plus de pr\u00e9senter les incontournables de Taipei en mati\u00e8re de gastronomie, de loisirs et de shopping, met \u00e9galement en avant les meilleures adresses de papeterie embl\u00e9matiques de Ta\u00efwan. Ces lieux deviennent peu \u00e0 peu des destinations incontournables pour les touristes japonais, en particulier pour les amateurs de papeterie, faisant de Ta\u00efwan une r\u00e9f\u00e9rence pris\u00e9e dans cet univers.","breadcrumb":{"@id":"https:\/\/leatai.com\/fr\/product\/collaboration-intersectorielle\/industrie-cinematographique\/mapple-plus-taipei\/#breadcrumb"},"inLanguage":"fr-FR","potentialAction":[{"@type":"ReadAction","target":["https:\/\/leatai.com\/fr\/product\/collaboration-intersectorielle\/industrie-cinematographique\/mapple-plus-taipei\/"]}]},{"@type":"ImageObject","inLanguage":"fr-FR","@id":"https:\/\/leatai.com\/fr\/product\/collaboration-intersectorielle\/industrie-cinematographique\/mapple-plus-taipei\/#primaryimage","url":"https:\/\/leatai.com\/wp-content\/uploads\/2020_04_25_1733260.jpg","contentUrl":"https:\/\/leatai.com\/wp-content\/uploads\/2020_04_25_1733260.jpg","width":1000,"height":750,"caption":"Magazine japonais Mapple PLUS"},{"@type":"BreadcrumbList","@id":"https:\/\/leatai.com\/fr\/product\/collaboration-intersectorielle\/industrie-cinematographique\/mapple-plus-taipei\/#breadcrumb","itemListElement":[{"@type":"ListItem","position":1,"name":"Home","item":"https:\/\/leatai.com\/fr\/"},{"@type":"ListItem","position":2,"name":"Pr\u00e9sentation des produits","item":"https:\/\/leatai.com\/products\/"},{"@type":"ListItem","position":3,"name":"Collaboration intersectorielle","item":"https:\/\/leatai.com\/fr\/categorie-produit\/collaboration-intersectorielle\/"},{"@type":"ListItem","position":4,"name":"Industrie cin\u00e9matographique","item":"https:\/\/leatai.com\/fr\/categorie-produit\/collaboration-intersectorielle\/industrie-cinematographique\/"},{"@type":"ListItem","position":5,"name":"Mapple PLUS Taipei"}]},{"@type":"WebSite","@id":"https:\/\/leatai.com\/fr\/#website","url":"https:\/\/leatai.com\/fr\/","name":"Leatai \u2013 Fabricant de carnets personnalis\u00e9s","description":"Leatai propose des carnets et planificateurs personnalis\u00e9s pour les marques et distributeurs dans le monde entier.","publisher":{"@id":"https:\/\/leatai.com\/fr\/#organization"},"potentialAction":[{"@type":"SearchAction","target":{"@type":"EntryPoint","urlTemplate":"https:\/\/leatai.com\/fr\/?s={search_term_string}"},"query-input":{"@type":"PropertyValueSpecification","valueRequired":true,"valueName":"search_term_string"}}],"inLanguage":"fr-FR"},{"@type":"Organization","@id":"https:\/\/leatai.com\/fr\/#organization","name":"Leatai Diary, customized journal and business organizer","url":"https:\/\/leatai.com\/fr\/","logo":{"@type":"ImageObject","inLanguage":"fr-FR","@id":"https:\/\/leatai.com\/fr\/#\/schema\/logo\/image\/","url":"https:\/\/leatai.com\/wp-content\/uploads\/logo-blue.png","contentUrl":"https:\/\/leatai.com\/wp-content\/uploads\/logo-blue.png","width":230,"height":60,"caption":"Leatai Diary, customized journal and business organizer"},"image":{"@id":"https:\/\/leatai.com\/fr\/#\/schema\/logo\/image\/"}}]}},"_links":{"self":[{"href":"https:\/\/leatai.com\/fr\/wp-json\/wp\/v2\/product\/145521","targetHints":{"allow":["GET"]}}],"collection":[{"href":"https:\/\/leatai.com\/fr\/wp-json\/wp\/v2\/product"}],"about":[{"href":"https:\/\/leatai.com\/fr\/wp-json\/wp\/v2\/types\/product"}],"wp:featuredmedia":[{"embeddable":true,"href":"https:\/\/leatai.com\/fr\/wp-json\/wp\/v2\/media\/145522"}],"wp:attachment":[{"href":"https:\/\/leatai.com\/fr\/wp-json\/wp\/v2\/media?parent=145521"}],"wp:term":[{"taxonomy":"product_brand","embeddable":true,"href":"https:\/\/leatai.com\/fr\/wp-json\/wp\/v2\/product_brand?post=145521"},{"taxonomy":"product_cat","embeddable":true,"href":"https:\/\/leatai.com\/fr\/wp-json\/wp\/v2\/product_cat?post=145521"},{"taxonomy":"product_tag","embeddable":true,"href":"https:\/\/leatai.com\/fr\/wp-json\/wp\/v2\/product_tag?post=145521"},{"taxonomy":"home_works","embeddable":true,"href":"https:\/\/leatai.com\/fr\/wp-json\/wp\/v2\/home_works?post=145521"}],"curies":[{"name":"wp","href":"https:\/\/api.w.org\/{rel}","templated":true}]}}