{"id":145515,"date":"2021-06-24T13:23:56","date_gmt":"2021-06-24T05:23:56","guid":{"rendered":"https:\/\/leatai.com\/product\/non%20class\u00e9\/co-branded-plannerco-branded-plannerco-branded-plannerco-branded-planner-co-branded-plannerco-branded-plannerco-branded-plannerco-branded-plannerco-branded-planner-download-women-make-waves-internatio\/"},"modified":"2025-03-14T14:23:47","modified_gmt":"2025-03-14T06:23:47","slug":"co-branded-plannerco-branded-plannerco-branded-plannerco-branded-planner-co-branded-plannerco-branded-plannerco-branded-plannerco-branded-plannerco-branded-planner-download-women-make-waves-internatio","status":"publish","type":"product","link":"https:\/\/leatai.com\/fr\/product\/collaboration-intersectorielle\/industrie-cinematographique\/co-branded-plannerco-branded-plannerco-branded-plannerco-branded-planner-co-branded-plannerco-branded-plannerco-branded-plannerco-branded-plannerco-branded-planner-download-women-make-waves-internatio\/","title":{"rendered":"Women Make Waves International Film Festival x Leatai"},"content":{"rendered":"<p>Propos du festival :<br \/>\nBeyond Control &#8211; Le contr\u00f4le a longtemps \u00e9t\u00e9 une contrainte, mais il devient aujourd\u2019hui une nouvelle posture.<\/p>\n<p><em>&#8220;Ce que Dieu et les hommes redoutent le plus, c\u2019est de perdre le contr\u00f4le des femmes.&#8221;<\/em> \u2013 Mary Daly<\/p>\n<p>Cette ann\u00e9e, le festival met en avant le th\u00e8me &#8220;Beyond Control&#8221;, explorant les diff\u00e9rentes mani\u00e8res dont les femmes cherchent et comprennent le pouvoir du contr\u00f4le. \u00c0 travers diverses sections, ce festival raconte, par la douceur du m\u00e9dium artistique, la puissance de cette qu\u00eate spirituelle.<\/p>\n<p>La section &#8220;Me too : Les visages de la violence sexuelle&#8221; agit comme un miroir des mouvements &#8220;Time\u2019s Up&#8221; et &#8220;#MeTooMeToo&#8221;, r\u00e9v\u00e9lant les r\u00e9alit\u00e9s souvent occult\u00e9es de la violence de genre.<\/p>\n<p>&nbsp;<\/p>\n<p>Concept du logo :<\/p>\n<ul>\n<li>Par Bao Dashan &#8211;<\/li>\n<\/ul>\n<p>Beaucoup ne r\u00e9alisent pas l\u2019influence du contr\u00f4le dans leur vie quotidienne. Nous pensons souvent fa\u00e7onner notre propre identit\u00e9, alors qu\u2019en r\u00e9alit\u00e9, nous devenons ce que les autres veulent que nous soyons.<\/p>\n<p>Les attentes impos\u00e9es aux femmes qui cherchent \u00e0 s\u2019accomplir constituent une forme de contr\u00f4le insidieuse. Respirer et exister pour correspondre aux d\u00e9sirs d\u2019autrui est une v\u00e9ritable entrave.<\/p>\n<p>L\u2019image symbolique du vagin dans ce design exprime un refus de la domination sexuelle et du besoin de plaire aux autres pour une reconnaissance \u00e9ph\u00e9m\u00e8re. Ce logo incarne la r\u00e9appropriation du corps et de l\u2019identit\u00e9, lib\u00e9r\u00e9e des injonctions ext\u00e9rieures.<\/p>\n","protected":false},"excerpt":{"rendered":"<p>Propos du festival : Beyond Control &#8211; Le contr\u00f4le a longtemps \u00e9t\u00e9 une contrainte, mais il devient aujourd\u2019hui une nouvelle posture. &#8220;Ce que Dieu et les hommes redoutent le plus, c\u2019est de perdre le contr\u00f4le des femmes.&#8221; \u2013 Mary Daly Cette ann\u00e9e, le festival met en avant le th\u00e8me &#8220;Beyond Control&#8221;, explorant les diff\u00e9rentes mani\u00e8res [&hellip;]<\/p>\n","protected":false},"featured_media":145516,"template":"","meta":{"_acf_changed":false},"product_brand":[],"product_cat":[1088],"product_tag":[],"home_works":[],"class_list":{"0":"post-145515","1":"product","2":"type-product","3":"status-publish","4":"has-post-thumbnail","6":"product_cat-industrie-cinematographique","8":"first","9":"instock","10":"sold-individually","11":"shipping-taxable","12":"purchasable","13":"product-type-simple"},"acf":[],"yoast_head":"<!-- This site is optimized with the Yoast SEO plugin v27.2 - https:\/\/yoast.com\/product\/yoast-seo-wordpress\/ -->\n<title>Women Make Waves International Film Festival x Leatai - Devenir la meilleure version de soi-m\u00eame - Leatai \u2013 Fabricant de carnets personnalis\u00e9s<\/title>\n<meta name=\"description\" content=\"Le Festival international du film f\u00e9minin adopte cette ann\u00e9e le th\u00e8me &quot;Beyond Control&quot;, explorant \u00e0 travers diff\u00e9rentes sections la mani\u00e8re dont les femmes recherchent et comprennent le pouvoir du contr\u00f4le. \u00c0 travers un langage artistique d\u00e9licat et puissant, le festival met en lumi\u00e8re cette qu\u00eate essentielle, r\u00e9v\u00e9lant comment le contr\u00f4le peut \u00eatre \u00e0 la fois une entrave et une nouvelle posture d&#039;affirmation.\" \/>\n<meta name=\"robots\" content=\"index, follow, max-snippet:-1, max-image-preview:large, max-video-preview:-1\" \/>\n<link rel=\"canonical\" href=\"https:\/\/leatai.com\/fr\/product\/collaboration-intersectorielle\/industrie-cinematographique\/co-branded-plannerco-branded-plannerco-branded-plannerco-branded-planner-co-branded-plannerco-branded-plannerco-branded-plannerco-branded-plannerco-branded-planner-download-women-make-waves-internatio\/\" \/>\n<meta property=\"og:locale\" content=\"fr_FR\" \/>\n<meta property=\"og:type\" content=\"article\" \/>\n<meta property=\"og:title\" content=\"Women Make Waves International Film Festival x Leatai - Devenir la meilleure version de soi-m\u00eame - Leatai \u2013 Fabricant de carnets personnalis\u00e9s\" \/>\n<meta property=\"og:description\" content=\"Le Festival international du film f\u00e9minin adopte cette ann\u00e9e le th\u00e8me &quot;Beyond Control&quot;, explorant \u00e0 travers diff\u00e9rentes sections la mani\u00e8re dont les femmes recherchent et comprennent le pouvoir du contr\u00f4le. \u00c0 travers un langage artistique d\u00e9licat et puissant, le festival met en lumi\u00e8re cette qu\u00eate essentielle, r\u00e9v\u00e9lant comment le contr\u00f4le peut \u00eatre \u00e0 la fois une entrave et une nouvelle posture d&#039;affirmation.\" \/>\n<meta property=\"og:url\" content=\"https:\/\/leatai.com\/fr\/product\/collaboration-intersectorielle\/industrie-cinematographique\/co-branded-plannerco-branded-plannerco-branded-plannerco-branded-planner-co-branded-plannerco-branded-plannerco-branded-plannerco-branded-plannerco-branded-planner-download-women-make-waves-internatio\/\" \/>\n<meta property=\"og:site_name\" content=\"Leatai \u2013 Fabricant de carnets personnalis\u00e9s\" \/>\n<meta property=\"article:modified_time\" content=\"2025-03-14T06:23:47+00:00\" \/>\n<meta property=\"og:image\" content=\"https:\/\/leatai.com\/wp-content\/uploads\/2020_04_25_1743240.jpg\" \/>\n\t<meta property=\"og:image:width\" content=\"1000\" \/>\n\t<meta property=\"og:image:height\" content=\"750\" \/>\n\t<meta property=\"og:image:type\" content=\"image\/jpeg\" \/>\n<meta name=\"twitter:card\" content=\"summary_large_image\" \/>\n<meta name=\"twitter:label1\" content=\"Dur\u00e9e de lecture estim\u00e9e\" \/>\n\t<meta name=\"twitter:data1\" content=\"2 minutes\" \/>\n<script type=\"application\/ld+json\" class=\"yoast-schema-graph\">{\"@context\":\"https:\/\/schema.org\",\"@graph\":[{\"@type\":\"WebPage\",\"@id\":\"https:\/\/leatai.com\/fr\/product\/collaboration-intersectorielle\/industrie-cinematographique\/co-branded-plannerco-branded-plannerco-branded-plannerco-branded-planner-co-branded-plannerco-branded-plannerco-branded-plannerco-branded-plannerco-branded-planner-download-women-make-waves-internatio\/\",\"url\":\"https:\/\/leatai.com\/fr\/product\/collaboration-intersectorielle\/industrie-cinematographique\/co-branded-plannerco-branded-plannerco-branded-plannerco-branded-planner-co-branded-plannerco-branded-plannerco-branded-plannerco-branded-plannerco-branded-planner-download-women-make-waves-internatio\/\",\"name\":\"Women Make Waves International Film Festival x Leatai - Devenir la meilleure version de soi-m\u00eame - Leatai \u2013 Fabricant de carnets personnalis\u00e9s\",\"isPartOf\":{\"@id\":\"https:\/\/leatai.com\/fr\/#website\"},\"primaryImageOfPage\":{\"@id\":\"https:\/\/leatai.com\/fr\/product\/collaboration-intersectorielle\/industrie-cinematographique\/co-branded-plannerco-branded-plannerco-branded-plannerco-branded-planner-co-branded-plannerco-branded-plannerco-branded-plannerco-branded-plannerco-branded-planner-download-women-make-waves-internatio\/#primaryimage\"},\"image\":{\"@id\":\"https:\/\/leatai.com\/fr\/product\/collaboration-intersectorielle\/industrie-cinematographique\/co-branded-plannerco-branded-plannerco-branded-plannerco-branded-planner-co-branded-plannerco-branded-plannerco-branded-plannerco-branded-plannerco-branded-planner-download-women-make-waves-internatio\/#primaryimage\"},\"thumbnailUrl\":\"https:\/\/leatai.com\/wp-content\/uploads\/2020_04_25_1743240.jpg\",\"datePublished\":\"2021-06-24T05:23:56+00:00\",\"dateModified\":\"2025-03-14T06:23:47+00:00\",\"description\":\"Le Festival international du film f\u00e9minin adopte cette ann\u00e9e le th\u00e8me \\\"Beyond Control\\\", explorant \u00e0 travers diff\u00e9rentes sections la mani\u00e8re dont les femmes recherchent et comprennent le pouvoir du contr\u00f4le. \u00c0 travers un langage artistique d\u00e9licat et puissant, le festival met en lumi\u00e8re cette qu\u00eate essentielle, r\u00e9v\u00e9lant comment le contr\u00f4le peut \u00eatre \u00e0 la fois une entrave et une nouvelle posture d'affirmation.\",\"breadcrumb\":{\"@id\":\"https:\/\/leatai.com\/fr\/product\/collaboration-intersectorielle\/industrie-cinematographique\/co-branded-plannerco-branded-plannerco-branded-plannerco-branded-planner-co-branded-plannerco-branded-plannerco-branded-plannerco-branded-plannerco-branded-planner-download-women-make-waves-internatio\/#breadcrumb\"},\"inLanguage\":\"fr-FR\",\"potentialAction\":[{\"@type\":\"ReadAction\",\"target\":[\"https:\/\/leatai.com\/fr\/product\/collaboration-intersectorielle\/industrie-cinematographique\/co-branded-plannerco-branded-plannerco-branded-plannerco-branded-planner-co-branded-plannerco-branded-plannerco-branded-plannerco-branded-plannerco-branded-planner-download-women-make-waves-internatio\/\"]}]},{\"@type\":\"ImageObject\",\"inLanguage\":\"fr-FR\",\"@id\":\"https:\/\/leatai.com\/fr\/product\/collaboration-intersectorielle\/industrie-cinematographique\/co-branded-plannerco-branded-plannerco-branded-plannerco-branded-planner-co-branded-plannerco-branded-plannerco-branded-plannerco-branded-plannerco-branded-planner-download-women-make-waves-internatio\/#primaryimage\",\"url\":\"https:\/\/leatai.com\/wp-content\/uploads\/2020_04_25_1743240.jpg\",\"contentUrl\":\"https:\/\/leatai.com\/wp-content\/uploads\/2020_04_25_1743240.jpg\",\"width\":1000,\"height\":750},{\"@type\":\"BreadcrumbList\",\"@id\":\"https:\/\/leatai.com\/fr\/product\/collaboration-intersectorielle\/industrie-cinematographique\/co-branded-plannerco-branded-plannerco-branded-plannerco-branded-planner-co-branded-plannerco-branded-plannerco-branded-plannerco-branded-plannerco-branded-planner-download-women-make-waves-internatio\/#breadcrumb\",\"itemListElement\":[{\"@type\":\"ListItem\",\"position\":1,\"name\":\"Home\",\"item\":\"https:\/\/leatai.com\/fr\/\"},{\"@type\":\"ListItem\",\"position\":2,\"name\":\"Pr\u00e9sentation des produits\",\"item\":\"https:\/\/leatai.com\/products\/\"},{\"@type\":\"ListItem\",\"position\":3,\"name\":\"Collaboration intersectorielle\",\"item\":\"https:\/\/leatai.com\/fr\/categorie-produit\/collaboration-intersectorielle\/\"},{\"@type\":\"ListItem\",\"position\":4,\"name\":\"Industrie cin\u00e9matographique\",\"item\":\"https:\/\/leatai.com\/fr\/categorie-produit\/collaboration-intersectorielle\/industrie-cinematographique\/\"},{\"@type\":\"ListItem\",\"position\":5,\"name\":\"Women Make Waves International Film Festival x Leatai\"}]},{\"@type\":\"WebSite\",\"@id\":\"https:\/\/leatai.com\/fr\/#website\",\"url\":\"https:\/\/leatai.com\/fr\/\",\"name\":\"Leatai \u2013 Fabricant de carnets personnalis\u00e9s\",\"description\":\"Leatai propose des carnets et planificateurs personnalis\u00e9s pour les marques et distributeurs dans le monde entier.\",\"publisher\":{\"@id\":\"https:\/\/leatai.com\/fr\/#organization\"},\"potentialAction\":[{\"@type\":\"SearchAction\",\"target\":{\"@type\":\"EntryPoint\",\"urlTemplate\":\"https:\/\/leatai.com\/fr\/?s={search_term_string}\"},\"query-input\":{\"@type\":\"PropertyValueSpecification\",\"valueRequired\":true,\"valueName\":\"search_term_string\"}}],\"inLanguage\":\"fr-FR\"},{\"@type\":\"Organization\",\"@id\":\"https:\/\/leatai.com\/fr\/#organization\",\"name\":\"Leatai Diary, customized journal and business organizer\",\"url\":\"https:\/\/leatai.com\/fr\/\",\"logo\":{\"@type\":\"ImageObject\",\"inLanguage\":\"fr-FR\",\"@id\":\"https:\/\/leatai.com\/fr\/#\/schema\/logo\/image\/\",\"url\":\"https:\/\/leatai.com\/wp-content\/uploads\/logo-blue.png\",\"contentUrl\":\"https:\/\/leatai.com\/wp-content\/uploads\/logo-blue.png\",\"width\":230,\"height\":60,\"caption\":\"Leatai Diary, customized journal and business organizer\"},\"image\":{\"@id\":\"https:\/\/leatai.com\/fr\/#\/schema\/logo\/image\/\"}}]}<\/script>\n<!-- \/ Yoast SEO plugin. -->","yoast_head_json":{"title":"Women Make Waves International Film Festival x Leatai - Devenir la meilleure version de soi-m\u00eame - Leatai \u2013 Fabricant de carnets personnalis\u00e9s","description":"Le Festival international du film f\u00e9minin adopte cette ann\u00e9e le th\u00e8me \"Beyond Control\", explorant \u00e0 travers diff\u00e9rentes sections la mani\u00e8re dont les femmes recherchent et comprennent le pouvoir du contr\u00f4le. \u00c0 travers un langage artistique d\u00e9licat et puissant, le festival met en lumi\u00e8re cette qu\u00eate essentielle, r\u00e9v\u00e9lant comment le contr\u00f4le peut \u00eatre \u00e0 la fois une entrave et une nouvelle posture d'affirmation.","robots":{"index":"index","follow":"follow","max-snippet":"max-snippet:-1","max-image-preview":"max-image-preview:large","max-video-preview":"max-video-preview:-1"},"canonical":"https:\/\/leatai.com\/fr\/product\/collaboration-intersectorielle\/industrie-cinematographique\/co-branded-plannerco-branded-plannerco-branded-plannerco-branded-planner-co-branded-plannerco-branded-plannerco-branded-plannerco-branded-plannerco-branded-planner-download-women-make-waves-internatio\/","og_locale":"fr_FR","og_type":"article","og_title":"Women Make Waves International Film Festival x Leatai - Devenir la meilleure version de soi-m\u00eame - Leatai \u2013 Fabricant de carnets personnalis\u00e9s","og_description":"Le Festival international du film f\u00e9minin adopte cette ann\u00e9e le th\u00e8me \"Beyond Control\", explorant \u00e0 travers diff\u00e9rentes sections la mani\u00e8re dont les femmes recherchent et comprennent le pouvoir du contr\u00f4le. \u00c0 travers un langage artistique d\u00e9licat et puissant, le festival met en lumi\u00e8re cette qu\u00eate essentielle, r\u00e9v\u00e9lant comment le contr\u00f4le peut \u00eatre \u00e0 la fois une entrave et une nouvelle posture d'affirmation.","og_url":"https:\/\/leatai.com\/fr\/product\/collaboration-intersectorielle\/industrie-cinematographique\/co-branded-plannerco-branded-plannerco-branded-plannerco-branded-planner-co-branded-plannerco-branded-plannerco-branded-plannerco-branded-plannerco-branded-planner-download-women-make-waves-internatio\/","og_site_name":"Leatai \u2013 Fabricant de carnets personnalis\u00e9s","article_modified_time":"2025-03-14T06:23:47+00:00","og_image":[{"width":1000,"height":750,"url":"https:\/\/leatai.com\/wp-content\/uploads\/2020_04_25_1743240.jpg","type":"image\/jpeg"}],"twitter_card":"summary_large_image","twitter_misc":{"Dur\u00e9e de lecture estim\u00e9e":"2 minutes"},"schema":{"@context":"https:\/\/schema.org","@graph":[{"@type":"WebPage","@id":"https:\/\/leatai.com\/fr\/product\/collaboration-intersectorielle\/industrie-cinematographique\/co-branded-plannerco-branded-plannerco-branded-plannerco-branded-planner-co-branded-plannerco-branded-plannerco-branded-plannerco-branded-plannerco-branded-planner-download-women-make-waves-internatio\/","url":"https:\/\/leatai.com\/fr\/product\/collaboration-intersectorielle\/industrie-cinematographique\/co-branded-plannerco-branded-plannerco-branded-plannerco-branded-planner-co-branded-plannerco-branded-plannerco-branded-plannerco-branded-plannerco-branded-planner-download-women-make-waves-internatio\/","name":"Women Make Waves International Film Festival x Leatai - Devenir la meilleure version de soi-m\u00eame - Leatai \u2013 Fabricant de carnets personnalis\u00e9s","isPartOf":{"@id":"https:\/\/leatai.com\/fr\/#website"},"primaryImageOfPage":{"@id":"https:\/\/leatai.com\/fr\/product\/collaboration-intersectorielle\/industrie-cinematographique\/co-branded-plannerco-branded-plannerco-branded-plannerco-branded-planner-co-branded-plannerco-branded-plannerco-branded-plannerco-branded-plannerco-branded-planner-download-women-make-waves-internatio\/#primaryimage"},"image":{"@id":"https:\/\/leatai.com\/fr\/product\/collaboration-intersectorielle\/industrie-cinematographique\/co-branded-plannerco-branded-plannerco-branded-plannerco-branded-planner-co-branded-plannerco-branded-plannerco-branded-plannerco-branded-plannerco-branded-planner-download-women-make-waves-internatio\/#primaryimage"},"thumbnailUrl":"https:\/\/leatai.com\/wp-content\/uploads\/2020_04_25_1743240.jpg","datePublished":"2021-06-24T05:23:56+00:00","dateModified":"2025-03-14T06:23:47+00:00","description":"Le Festival international du film f\u00e9minin adopte cette ann\u00e9e le th\u00e8me \"Beyond Control\", explorant \u00e0 travers diff\u00e9rentes sections la mani\u00e8re dont les femmes recherchent et comprennent le pouvoir du contr\u00f4le. \u00c0 travers un langage artistique d\u00e9licat et puissant, le festival met en lumi\u00e8re cette qu\u00eate essentielle, r\u00e9v\u00e9lant comment le contr\u00f4le peut \u00eatre \u00e0 la fois une entrave et une nouvelle posture d'affirmation.","breadcrumb":{"@id":"https:\/\/leatai.com\/fr\/product\/collaboration-intersectorielle\/industrie-cinematographique\/co-branded-plannerco-branded-plannerco-branded-plannerco-branded-planner-co-branded-plannerco-branded-plannerco-branded-plannerco-branded-plannerco-branded-planner-download-women-make-waves-internatio\/#breadcrumb"},"inLanguage":"fr-FR","potentialAction":[{"@type":"ReadAction","target":["https:\/\/leatai.com\/fr\/product\/collaboration-intersectorielle\/industrie-cinematographique\/co-branded-plannerco-branded-plannerco-branded-plannerco-branded-planner-co-branded-plannerco-branded-plannerco-branded-plannerco-branded-plannerco-branded-planner-download-women-make-waves-internatio\/"]}]},{"@type":"ImageObject","inLanguage":"fr-FR","@id":"https:\/\/leatai.com\/fr\/product\/collaboration-intersectorielle\/industrie-cinematographique\/co-branded-plannerco-branded-plannerco-branded-plannerco-branded-planner-co-branded-plannerco-branded-plannerco-branded-plannerco-branded-plannerco-branded-planner-download-women-make-waves-internatio\/#primaryimage","url":"https:\/\/leatai.com\/wp-content\/uploads\/2020_04_25_1743240.jpg","contentUrl":"https:\/\/leatai.com\/wp-content\/uploads\/2020_04_25_1743240.jpg","width":1000,"height":750},{"@type":"BreadcrumbList","@id":"https:\/\/leatai.com\/fr\/product\/collaboration-intersectorielle\/industrie-cinematographique\/co-branded-plannerco-branded-plannerco-branded-plannerco-branded-planner-co-branded-plannerco-branded-plannerco-branded-plannerco-branded-plannerco-branded-planner-download-women-make-waves-internatio\/#breadcrumb","itemListElement":[{"@type":"ListItem","position":1,"name":"Home","item":"https:\/\/leatai.com\/fr\/"},{"@type":"ListItem","position":2,"name":"Pr\u00e9sentation des produits","item":"https:\/\/leatai.com\/products\/"},{"@type":"ListItem","position":3,"name":"Collaboration intersectorielle","item":"https:\/\/leatai.com\/fr\/categorie-produit\/collaboration-intersectorielle\/"},{"@type":"ListItem","position":4,"name":"Industrie cin\u00e9matographique","item":"https:\/\/leatai.com\/fr\/categorie-produit\/collaboration-intersectorielle\/industrie-cinematographique\/"},{"@type":"ListItem","position":5,"name":"Women Make Waves International Film Festival x Leatai"}]},{"@type":"WebSite","@id":"https:\/\/leatai.com\/fr\/#website","url":"https:\/\/leatai.com\/fr\/","name":"Leatai \u2013 Fabricant de carnets personnalis\u00e9s","description":"Leatai propose des carnets et planificateurs personnalis\u00e9s pour les marques et distributeurs dans le monde entier.","publisher":{"@id":"https:\/\/leatai.com\/fr\/#organization"},"potentialAction":[{"@type":"SearchAction","target":{"@type":"EntryPoint","urlTemplate":"https:\/\/leatai.com\/fr\/?s={search_term_string}"},"query-input":{"@type":"PropertyValueSpecification","valueRequired":true,"valueName":"search_term_string"}}],"inLanguage":"fr-FR"},{"@type":"Organization","@id":"https:\/\/leatai.com\/fr\/#organization","name":"Leatai Diary, customized journal and business organizer","url":"https:\/\/leatai.com\/fr\/","logo":{"@type":"ImageObject","inLanguage":"fr-FR","@id":"https:\/\/leatai.com\/fr\/#\/schema\/logo\/image\/","url":"https:\/\/leatai.com\/wp-content\/uploads\/logo-blue.png","contentUrl":"https:\/\/leatai.com\/wp-content\/uploads\/logo-blue.png","width":230,"height":60,"caption":"Leatai Diary, customized journal and business organizer"},"image":{"@id":"https:\/\/leatai.com\/fr\/#\/schema\/logo\/image\/"}}]}},"_links":{"self":[{"href":"https:\/\/leatai.com\/fr\/wp-json\/wp\/v2\/product\/145515","targetHints":{"allow":["GET"]}}],"collection":[{"href":"https:\/\/leatai.com\/fr\/wp-json\/wp\/v2\/product"}],"about":[{"href":"https:\/\/leatai.com\/fr\/wp-json\/wp\/v2\/types\/product"}],"wp:featuredmedia":[{"embeddable":true,"href":"https:\/\/leatai.com\/fr\/wp-json\/wp\/v2\/media\/145516"}],"wp:attachment":[{"href":"https:\/\/leatai.com\/fr\/wp-json\/wp\/v2\/media?parent=145515"}],"wp:term":[{"taxonomy":"product_brand","embeddable":true,"href":"https:\/\/leatai.com\/fr\/wp-json\/wp\/v2\/product_brand?post=145515"},{"taxonomy":"product_cat","embeddable":true,"href":"https:\/\/leatai.com\/fr\/wp-json\/wp\/v2\/product_cat?post=145515"},{"taxonomy":"product_tag","embeddable":true,"href":"https:\/\/leatai.com\/fr\/wp-json\/wp\/v2\/product_tag?post=145515"},{"taxonomy":"home_works","embeddable":true,"href":"https:\/\/leatai.com\/fr\/wp-json\/wp\/v2\/home_works?post=145515"}],"curies":[{"name":"wp","href":"https:\/\/api.w.org\/{rel}","templated":true}]}}