{"id":145512,"date":"2021-06-24T13:24:25","date_gmt":"2021-06-24T05:24:25","guid":{"rendered":"https:\/\/leatai.com\/product\/non%20class\u00e9\/cola-films-x-leatai-2\/"},"modified":"2025-03-14T14:26:35","modified_gmt":"2025-03-14T06:26:35","slug":"cola-films-x-leatai-2","status":"publish","type":"product","link":"https:\/\/leatai.com\/fr\/product\/collaboration-intersectorielle\/industrie-cinematographique\/cola-films-x-leatai-2\/","title":{"rendered":"Cola films x Leatai"},"content":{"rendered":"<p>Le plus beau classique romantique du c\u00e9l\u00e8bre r\u00e9alisateur japonais Shunji Iwai, un incontournable du cin\u00e9ma !<br \/>\nDe retour sur grand \u00e9cran pour c\u00e9l\u00e9brer le 20e anniversaire de sa sortie \u00e0 Ta\u00efwan, ravivant la nostalgie de l\u2019\u00e2ge d\u2019or des dramas japonais.<\/p>\n<p>&#8220;Une lettre envoy\u00e9e au paradis ouvre la porte \u00e0 deux histoires d\u2019amour inoubliables&#8230;&#8221;<\/p>\n","protected":false},"excerpt":{"rendered":"<p>Le plus beau classique romantique du c\u00e9l\u00e8bre r\u00e9alisateur japonais Shunji Iwai, un incontournable du cin\u00e9ma ! De retour sur grand \u00e9cran pour c\u00e9l\u00e9brer le 20e anniversaire de sa sortie \u00e0 Ta\u00efwan, ravivant la nostalgie de l\u2019\u00e2ge d\u2019or des dramas japonais. &#8220;Une lettre envoy\u00e9e au paradis ouvre la porte \u00e0 deux histoires d\u2019amour inoubliables&#8230;&#8221;<\/p>\n","protected":false},"featured_media":145513,"template":"","meta":{"_acf_changed":false},"product_brand":[],"product_cat":[1088],"product_tag":[],"home_works":[],"class_list":{"0":"post-145512","1":"product","2":"type-product","3":"status-publish","4":"has-post-thumbnail","6":"product_cat-industrie-cinematographique","8":"first","9":"instock","10":"sold-individually","11":"shipping-taxable","12":"purchasable","13":"product-type-simple"},"acf":[],"yoast_head":"<!-- This site is optimized with the Yoast SEO plugin v27.2 - https:\/\/yoast.com\/product\/yoast-seo-wordpress\/ -->\n<title>Cola films x Leatai - Carnet en \u00e9dition sp\u00e9ciale - Le grand retour d&#039;un classique - Leatai \u2013 Fabricant de carnets personnalis\u00e9s<\/title>\n<meta name=\"description\" content=\"Le plus beau classique romantique du c\u00e9l\u00e8bre r\u00e9alisateur japonais Shunji Iwai, un incontournable du cin\u00e9ma ! De retour sur grand \u00e9cran pour c\u00e9l\u00e9brer le 20e anniversaire de sa sortie \u00e0 Ta\u00efwan, ravivant la nostalgie de l\u2019\u00e2ge d\u2019or des dramas japonais. &quot;Une lettre envoy\u00e9e au paradis ouvre la porte \u00e0 deux histoires d\u2019amour inoubliables...&quot;\" \/>\n<meta name=\"robots\" content=\"index, follow, max-snippet:-1, max-image-preview:large, max-video-preview:-1\" \/>\n<link rel=\"canonical\" href=\"https:\/\/leatai.com\/fr\/product\/collaboration-intersectorielle\/industrie-cinematographique\/cola-films-x-leatai-2\/\" \/>\n<meta property=\"og:locale\" content=\"fr_FR\" \/>\n<meta property=\"og:type\" content=\"article\" \/>\n<meta property=\"og:title\" content=\"Cola films x Leatai - Carnet en \u00e9dition sp\u00e9ciale - Le grand retour d&#039;un classique - Leatai \u2013 Fabricant de carnets personnalis\u00e9s\" \/>\n<meta property=\"og:description\" content=\"Le plus beau classique romantique du c\u00e9l\u00e8bre r\u00e9alisateur japonais Shunji Iwai, un incontournable du cin\u00e9ma ! De retour sur grand \u00e9cran pour c\u00e9l\u00e9brer le 20e anniversaire de sa sortie \u00e0 Ta\u00efwan, ravivant la nostalgie de l\u2019\u00e2ge d\u2019or des dramas japonais. &quot;Une lettre envoy\u00e9e au paradis ouvre la porte \u00e0 deux histoires d\u2019amour inoubliables...&quot;\" \/>\n<meta property=\"og:url\" content=\"https:\/\/leatai.com\/fr\/product\/collaboration-intersectorielle\/industrie-cinematographique\/cola-films-x-leatai-2\/\" \/>\n<meta property=\"og:site_name\" content=\"Leatai \u2013 Fabricant de carnets personnalis\u00e9s\" \/>\n<meta property=\"article:modified_time\" content=\"2025-03-14T06:26:35+00:00\" \/>\n<meta property=\"og:image\" content=\"https:\/\/leatai.com\/wp-content\/uploads\/2020_06_17_1147370.jpg\" \/>\n\t<meta property=\"og:image:width\" content=\"1000\" \/>\n\t<meta property=\"og:image:height\" content=\"750\" \/>\n\t<meta property=\"og:image:type\" content=\"image\/jpeg\" \/>\n<meta name=\"twitter:card\" content=\"summary_large_image\" \/>\n<meta name=\"twitter:label1\" content=\"Dur\u00e9e de lecture estim\u00e9e\" \/>\n\t<meta name=\"twitter:data1\" content=\"1 minute\" \/>\n<script type=\"application\/ld+json\" class=\"yoast-schema-graph\">{\"@context\":\"https:\/\/schema.org\",\"@graph\":[{\"@type\":\"WebPage\",\"@id\":\"https:\/\/leatai.com\/fr\/product\/collaboration-intersectorielle\/industrie-cinematographique\/cola-films-x-leatai-2\/\",\"url\":\"https:\/\/leatai.com\/fr\/product\/collaboration-intersectorielle\/industrie-cinematographique\/cola-films-x-leatai-2\/\",\"name\":\"Cola films x Leatai - Carnet en \u00e9dition sp\u00e9ciale - Le grand retour d'un classique - Leatai \u2013 Fabricant de carnets personnalis\u00e9s\",\"isPartOf\":{\"@id\":\"https:\/\/leatai.com\/fr\/#website\"},\"primaryImageOfPage\":{\"@id\":\"https:\/\/leatai.com\/fr\/product\/collaboration-intersectorielle\/industrie-cinematographique\/cola-films-x-leatai-2\/#primaryimage\"},\"image\":{\"@id\":\"https:\/\/leatai.com\/fr\/product\/collaboration-intersectorielle\/industrie-cinematographique\/cola-films-x-leatai-2\/#primaryimage\"},\"thumbnailUrl\":\"https:\/\/leatai.com\/wp-content\/uploads\/2020_06_17_1147370.jpg\",\"datePublished\":\"2021-06-24T05:24:25+00:00\",\"dateModified\":\"2025-03-14T06:26:35+00:00\",\"description\":\"Le plus beau classique romantique du c\u00e9l\u00e8bre r\u00e9alisateur japonais Shunji Iwai, un incontournable du cin\u00e9ma ! De retour sur grand \u00e9cran pour c\u00e9l\u00e9brer le 20e anniversaire de sa sortie \u00e0 Ta\u00efwan, ravivant la nostalgie de l\u2019\u00e2ge d\u2019or des dramas japonais. \\\"Une lettre envoy\u00e9e au paradis ouvre la porte \u00e0 deux histoires d\u2019amour inoubliables...\\\"\",\"breadcrumb\":{\"@id\":\"https:\/\/leatai.com\/fr\/product\/collaboration-intersectorielle\/industrie-cinematographique\/cola-films-x-leatai-2\/#breadcrumb\"},\"inLanguage\":\"fr-FR\",\"potentialAction\":[{\"@type\":\"ReadAction\",\"target\":[\"https:\/\/leatai.com\/fr\/product\/collaboration-intersectorielle\/industrie-cinematographique\/cola-films-x-leatai-2\/\"]}]},{\"@type\":\"ImageObject\",\"inLanguage\":\"fr-FR\",\"@id\":\"https:\/\/leatai.com\/fr\/product\/collaboration-intersectorielle\/industrie-cinematographique\/cola-films-x-leatai-2\/#primaryimage\",\"url\":\"https:\/\/leatai.com\/wp-content\/uploads\/2020_06_17_1147370.jpg\",\"contentUrl\":\"https:\/\/leatai.com\/wp-content\/uploads\/2020_06_17_1147370.jpg\",\"width\":1000,\"height\":750,\"caption\":\"Carnet en \u00e9dition sp\u00e9ciale\"},{\"@type\":\"BreadcrumbList\",\"@id\":\"https:\/\/leatai.com\/fr\/product\/collaboration-intersectorielle\/industrie-cinematographique\/cola-films-x-leatai-2\/#breadcrumb\",\"itemListElement\":[{\"@type\":\"ListItem\",\"position\":1,\"name\":\"Home\",\"item\":\"https:\/\/leatai.com\/fr\/\"},{\"@type\":\"ListItem\",\"position\":2,\"name\":\"Pr\u00e9sentation des produits\",\"item\":\"https:\/\/leatai.com\/products\/\"},{\"@type\":\"ListItem\",\"position\":3,\"name\":\"Collaboration intersectorielle\",\"item\":\"https:\/\/leatai.com\/fr\/categorie-produit\/collaboration-intersectorielle\/\"},{\"@type\":\"ListItem\",\"position\":4,\"name\":\"Industrie cin\u00e9matographique\",\"item\":\"https:\/\/leatai.com\/fr\/categorie-produit\/collaboration-intersectorielle\/industrie-cinematographique\/\"},{\"@type\":\"ListItem\",\"position\":5,\"name\":\"Cola films x Leatai\"}]},{\"@type\":\"WebSite\",\"@id\":\"https:\/\/leatai.com\/fr\/#website\",\"url\":\"https:\/\/leatai.com\/fr\/\",\"name\":\"Leatai \u2013 Fabricant de carnets personnalis\u00e9s\",\"description\":\"Leatai propose des carnets et planificateurs personnalis\u00e9s pour les marques et distributeurs dans le monde entier.\",\"publisher\":{\"@id\":\"https:\/\/leatai.com\/fr\/#organization\"},\"potentialAction\":[{\"@type\":\"SearchAction\",\"target\":{\"@type\":\"EntryPoint\",\"urlTemplate\":\"https:\/\/leatai.com\/fr\/?s={search_term_string}\"},\"query-input\":{\"@type\":\"PropertyValueSpecification\",\"valueRequired\":true,\"valueName\":\"search_term_string\"}}],\"inLanguage\":\"fr-FR\"},{\"@type\":\"Organization\",\"@id\":\"https:\/\/leatai.com\/fr\/#organization\",\"name\":\"Leatai Diary, customized journal and business organizer\",\"url\":\"https:\/\/leatai.com\/fr\/\",\"logo\":{\"@type\":\"ImageObject\",\"inLanguage\":\"fr-FR\",\"@id\":\"https:\/\/leatai.com\/fr\/#\/schema\/logo\/image\/\",\"url\":\"https:\/\/leatai.com\/wp-content\/uploads\/logo-blue.png\",\"contentUrl\":\"https:\/\/leatai.com\/wp-content\/uploads\/logo-blue.png\",\"width\":230,\"height\":60,\"caption\":\"Leatai Diary, customized journal and business organizer\"},\"image\":{\"@id\":\"https:\/\/leatai.com\/fr\/#\/schema\/logo\/image\/\"}}]}<\/script>\n<!-- \/ Yoast SEO plugin. -->","yoast_head_json":{"title":"Cola films x Leatai - Carnet en \u00e9dition sp\u00e9ciale - Le grand retour d'un classique - Leatai \u2013 Fabricant de carnets personnalis\u00e9s","description":"Le plus beau classique romantique du c\u00e9l\u00e8bre r\u00e9alisateur japonais Shunji Iwai, un incontournable du cin\u00e9ma ! De retour sur grand \u00e9cran pour c\u00e9l\u00e9brer le 20e anniversaire de sa sortie \u00e0 Ta\u00efwan, ravivant la nostalgie de l\u2019\u00e2ge d\u2019or des dramas japonais. \"Une lettre envoy\u00e9e au paradis ouvre la porte \u00e0 deux histoires d\u2019amour inoubliables...\"","robots":{"index":"index","follow":"follow","max-snippet":"max-snippet:-1","max-image-preview":"max-image-preview:large","max-video-preview":"max-video-preview:-1"},"canonical":"https:\/\/leatai.com\/fr\/product\/collaboration-intersectorielle\/industrie-cinematographique\/cola-films-x-leatai-2\/","og_locale":"fr_FR","og_type":"article","og_title":"Cola films x Leatai - Carnet en \u00e9dition sp\u00e9ciale - Le grand retour d'un classique - Leatai \u2013 Fabricant de carnets personnalis\u00e9s","og_description":"Le plus beau classique romantique du c\u00e9l\u00e8bre r\u00e9alisateur japonais Shunji Iwai, un incontournable du cin\u00e9ma ! De retour sur grand \u00e9cran pour c\u00e9l\u00e9brer le 20e anniversaire de sa sortie \u00e0 Ta\u00efwan, ravivant la nostalgie de l\u2019\u00e2ge d\u2019or des dramas japonais. \"Une lettre envoy\u00e9e au paradis ouvre la porte \u00e0 deux histoires d\u2019amour inoubliables...\"","og_url":"https:\/\/leatai.com\/fr\/product\/collaboration-intersectorielle\/industrie-cinematographique\/cola-films-x-leatai-2\/","og_site_name":"Leatai \u2013 Fabricant de carnets personnalis\u00e9s","article_modified_time":"2025-03-14T06:26:35+00:00","og_image":[{"width":1000,"height":750,"url":"https:\/\/leatai.com\/wp-content\/uploads\/2020_06_17_1147370.jpg","type":"image\/jpeg"}],"twitter_card":"summary_large_image","twitter_misc":{"Dur\u00e9e de lecture estim\u00e9e":"1 minute"},"schema":{"@context":"https:\/\/schema.org","@graph":[{"@type":"WebPage","@id":"https:\/\/leatai.com\/fr\/product\/collaboration-intersectorielle\/industrie-cinematographique\/cola-films-x-leatai-2\/","url":"https:\/\/leatai.com\/fr\/product\/collaboration-intersectorielle\/industrie-cinematographique\/cola-films-x-leatai-2\/","name":"Cola films x Leatai - Carnet en \u00e9dition sp\u00e9ciale - Le grand retour d'un classique - Leatai \u2013 Fabricant de carnets personnalis\u00e9s","isPartOf":{"@id":"https:\/\/leatai.com\/fr\/#website"},"primaryImageOfPage":{"@id":"https:\/\/leatai.com\/fr\/product\/collaboration-intersectorielle\/industrie-cinematographique\/cola-films-x-leatai-2\/#primaryimage"},"image":{"@id":"https:\/\/leatai.com\/fr\/product\/collaboration-intersectorielle\/industrie-cinematographique\/cola-films-x-leatai-2\/#primaryimage"},"thumbnailUrl":"https:\/\/leatai.com\/wp-content\/uploads\/2020_06_17_1147370.jpg","datePublished":"2021-06-24T05:24:25+00:00","dateModified":"2025-03-14T06:26:35+00:00","description":"Le plus beau classique romantique du c\u00e9l\u00e8bre r\u00e9alisateur japonais Shunji Iwai, un incontournable du cin\u00e9ma ! De retour sur grand \u00e9cran pour c\u00e9l\u00e9brer le 20e anniversaire de sa sortie \u00e0 Ta\u00efwan, ravivant la nostalgie de l\u2019\u00e2ge d\u2019or des dramas japonais. \"Une lettre envoy\u00e9e au paradis ouvre la porte \u00e0 deux histoires d\u2019amour inoubliables...\"","breadcrumb":{"@id":"https:\/\/leatai.com\/fr\/product\/collaboration-intersectorielle\/industrie-cinematographique\/cola-films-x-leatai-2\/#breadcrumb"},"inLanguage":"fr-FR","potentialAction":[{"@type":"ReadAction","target":["https:\/\/leatai.com\/fr\/product\/collaboration-intersectorielle\/industrie-cinematographique\/cola-films-x-leatai-2\/"]}]},{"@type":"ImageObject","inLanguage":"fr-FR","@id":"https:\/\/leatai.com\/fr\/product\/collaboration-intersectorielle\/industrie-cinematographique\/cola-films-x-leatai-2\/#primaryimage","url":"https:\/\/leatai.com\/wp-content\/uploads\/2020_06_17_1147370.jpg","contentUrl":"https:\/\/leatai.com\/wp-content\/uploads\/2020_06_17_1147370.jpg","width":1000,"height":750,"caption":"Carnet en \u00e9dition sp\u00e9ciale"},{"@type":"BreadcrumbList","@id":"https:\/\/leatai.com\/fr\/product\/collaboration-intersectorielle\/industrie-cinematographique\/cola-films-x-leatai-2\/#breadcrumb","itemListElement":[{"@type":"ListItem","position":1,"name":"Home","item":"https:\/\/leatai.com\/fr\/"},{"@type":"ListItem","position":2,"name":"Pr\u00e9sentation des produits","item":"https:\/\/leatai.com\/products\/"},{"@type":"ListItem","position":3,"name":"Collaboration intersectorielle","item":"https:\/\/leatai.com\/fr\/categorie-produit\/collaboration-intersectorielle\/"},{"@type":"ListItem","position":4,"name":"Industrie cin\u00e9matographique","item":"https:\/\/leatai.com\/fr\/categorie-produit\/collaboration-intersectorielle\/industrie-cinematographique\/"},{"@type":"ListItem","position":5,"name":"Cola films x Leatai"}]},{"@type":"WebSite","@id":"https:\/\/leatai.com\/fr\/#website","url":"https:\/\/leatai.com\/fr\/","name":"Leatai \u2013 Fabricant de carnets personnalis\u00e9s","description":"Leatai propose des carnets et planificateurs personnalis\u00e9s pour les marques et distributeurs dans le monde entier.","publisher":{"@id":"https:\/\/leatai.com\/fr\/#organization"},"potentialAction":[{"@type":"SearchAction","target":{"@type":"EntryPoint","urlTemplate":"https:\/\/leatai.com\/fr\/?s={search_term_string}"},"query-input":{"@type":"PropertyValueSpecification","valueRequired":true,"valueName":"search_term_string"}}],"inLanguage":"fr-FR"},{"@type":"Organization","@id":"https:\/\/leatai.com\/fr\/#organization","name":"Leatai Diary, customized journal and business organizer","url":"https:\/\/leatai.com\/fr\/","logo":{"@type":"ImageObject","inLanguage":"fr-FR","@id":"https:\/\/leatai.com\/fr\/#\/schema\/logo\/image\/","url":"https:\/\/leatai.com\/wp-content\/uploads\/logo-blue.png","contentUrl":"https:\/\/leatai.com\/wp-content\/uploads\/logo-blue.png","width":230,"height":60,"caption":"Leatai Diary, customized journal and business organizer"},"image":{"@id":"https:\/\/leatai.com\/fr\/#\/schema\/logo\/image\/"}}]}},"_links":{"self":[{"href":"https:\/\/leatai.com\/fr\/wp-json\/wp\/v2\/product\/145512","targetHints":{"allow":["GET"]}}],"collection":[{"href":"https:\/\/leatai.com\/fr\/wp-json\/wp\/v2\/product"}],"about":[{"href":"https:\/\/leatai.com\/fr\/wp-json\/wp\/v2\/types\/product"}],"wp:featuredmedia":[{"embeddable":true,"href":"https:\/\/leatai.com\/fr\/wp-json\/wp\/v2\/media\/145513"}],"wp:attachment":[{"href":"https:\/\/leatai.com\/fr\/wp-json\/wp\/v2\/media?parent=145512"}],"wp:term":[{"taxonomy":"product_brand","embeddable":true,"href":"https:\/\/leatai.com\/fr\/wp-json\/wp\/v2\/product_brand?post=145512"},{"taxonomy":"product_cat","embeddable":true,"href":"https:\/\/leatai.com\/fr\/wp-json\/wp\/v2\/product_cat?post=145512"},{"taxonomy":"product_tag","embeddable":true,"href":"https:\/\/leatai.com\/fr\/wp-json\/wp\/v2\/product_tag?post=145512"},{"taxonomy":"home_works","embeddable":true,"href":"https:\/\/leatai.com\/fr\/wp-json\/wp\/v2\/home_works?post=145512"}],"curies":[{"name":"wp","href":"https:\/\/api.w.org\/{rel}","templated":true}]}}