{"id":145495,"date":"2021-06-24T13:17:31","date_gmt":"2021-06-24T05:17:31","guid":{"rendered":"https:\/\/leatai.com\/product\/non%20class\u00e9\/lgp-planning-mensuel-avec-notes-a48k\/"},"modified":"2025-03-14T10:04:40","modified_gmt":"2025-03-14T02:04:40","slug":"lgp-planning-mensuel-avec-notes-a48k","status":"publish","type":"product","link":"https:\/\/leatai.com\/fr\/product\/format-des-pages-interieures\/pages-interieures-48k\/lgp-planning-mensuel-avec-notes-a48k\/","title":{"rendered":"LGP &#8211; Planning mensuel avec notes &#8211; A48K"},"content":{"rendered":"<p>Papier : Papier blanc Daolin<br \/>\nDimensions : <a href=\"https:\/\/leatai.com\/fr\/faq\/quelles-sont-les-tailles-des-planificateurs-8k-16k-et-25k-quelle-est-leur-taille\/\" target=\"_blank\" rel=\"noopener\">48K<\/a> <a href=\"https:\/\/leatai.com\/fr\/faq\/quelles-sont-les-tailles-des-planificateurs-8k-16k-et-25k-quelle-est-leur-taille\/\" target=\"_blank\" rel=\"noopener\">(Tableau d\u00e9taill\u00e9 des tailles des journaux d\u2019entreprise)<\/a><br \/>\n\u00c9paisseur : 70 lb (80 feuilles, 160 pages par carnet)<br \/>\nImpression : Bichromie<br \/>\nContenu : Calendrier annuel + Planning mensuel + Pages de notes lign\u00e9es + Section d\u2019informations<\/p>\n<p>R\u00e9partition des pages :<\/p>\n<ul>\n<li>P.1 : Liste des jours f\u00e9ri\u00e9s et f\u00eates<\/li>\n<li>P.2~P.3 : Calendrier annuel<\/li>\n<li>P.4~P.5 : Plan annuel<\/li>\n<li>P.6~P.29 : Planning mensuel (janvier \u00e0 d\u00e9cembre, format double page par mois)<\/li>\n<li>P.30~P.143 : Pages de notes lign\u00e9es<\/li>\n<li>P.144~P.160 : Section d\u2019informations (Carnet d\u2019adresses, carte du m\u00e9tro, plan des autoroutes, codes des villes internationales et chinoises, codes postaux, contacts des services de transport, num\u00e9ros de services, annuaire des compagnies a\u00e9riennes internationales, tableau de conversion des unit\u00e9s de mesure, tableau des dimensions, fiche d\u2019informations personnelles)<\/li>\n<\/ul>\n<p>Un format structur\u00e9 et fonctionnel, id\u00e9al pour une gestion mensuelle efficace et un espace \u00e9tendu pour la prise de notes !<\/p>\n","protected":false},"excerpt":{"rendered":"<p>Papier : Papier blanc Daolin Dimensions : 48K (Tableau d\u00e9taill\u00e9 des tailles des journaux d\u2019entreprise) \u00c9paisseur : 70 lb (80 feuilles, 160 pages par carnet) Impression : Bichromie Contenu : Calendrier annuel + Planning mensuel + Pages de notes lign\u00e9es + Section d\u2019informations R\u00e9partition des pages : P.1 : Liste des jours f\u00e9ri\u00e9s et f\u00eates [&hellip;]<\/p>\n","protected":false},"featured_media":145496,"template":"","meta":{"_acf_changed":false},"product_brand":[],"product_cat":[971,1023],"product_tag":[1388,1382],"home_works":[],"class_list":{"0":"post-145495","1":"product","2":"type-product","3":"status-publish","4":"has-post-thumbnail","6":"product_cat-format-des-pages-interieures","7":"product_cat-pages-interieures-48k","8":"product_tag-48k-fr","9":"product_tag-pages-de-planification-et-de-prise-de-notes","11":"first","12":"instock","13":"sold-individually","14":"shipping-taxable","15":"purchasable","16":"product-type-simple"},"acf":[],"yoast_head":"<!-- This site is optimized with the Yoast SEO plugin v27.2 - https:\/\/yoast.com\/product\/yoast-seo-wordpress\/ -->\n<title>LGP - Planning mensuel avec notes - A48K - Pages de planification et de prise de notes - Leatai \u2013 Fabricant de carnets personnalis\u00e9s<\/title>\n<meta name=\"description\" content=\"Format des pages int\u00e9rieures du journal d\u2019entreprise : Planning mensuel Papier : Papier blanc Daolin Dimensions : 48K \u00c9paisseur : 70 lb (80 feuilles, 160 pages par carnet) Impression : Bichromie Contenu : Calendrier annuel + Planning mensuel + Pages de notes lign\u00e9es + Section d\u2019informations Un format populaire et largement utilis\u00e9, parfait pour une organisation mensuelle efficace avec un espace d\u00e9di\u00e9 \u00e0 la prise de notes et aux informations essentielles !\" \/>\n<meta name=\"robots\" content=\"index, follow, max-snippet:-1, max-image-preview:large, max-video-preview:-1\" \/>\n<link rel=\"canonical\" href=\"https:\/\/leatai.com\/fr\/product\/format-des-pages-interieures\/pages-interieures-48k\/lgp-planning-mensuel-avec-notes-a48k\/\" \/>\n<meta property=\"og:locale\" content=\"fr_FR\" \/>\n<meta property=\"og:type\" content=\"article\" \/>\n<meta property=\"og:title\" content=\"LGP - Planning mensuel avec notes - A48K - Pages de planification et de prise de notes - Leatai \u2013 Fabricant de carnets personnalis\u00e9s\" \/>\n<meta property=\"og:description\" content=\"Format des pages int\u00e9rieures du journal d\u2019entreprise : Planning mensuel Papier : Papier blanc Daolin Dimensions : 48K \u00c9paisseur : 70 lb (80 feuilles, 160 pages par carnet) Impression : Bichromie Contenu : Calendrier annuel + Planning mensuel + Pages de notes lign\u00e9es + Section d\u2019informations Un format populaire et largement utilis\u00e9, parfait pour une organisation mensuelle efficace avec un espace d\u00e9di\u00e9 \u00e0 la prise de notes et aux informations essentielles !\" \/>\n<meta property=\"og:url\" content=\"https:\/\/leatai.com\/fr\/product\/format-des-pages-interieures\/pages-interieures-48k\/lgp-planning-mensuel-avec-notes-a48k\/\" \/>\n<meta property=\"og:site_name\" content=\"Leatai \u2013 Fabricant de carnets personnalis\u00e9s\" \/>\n<meta property=\"article:modified_time\" content=\"2025-03-14T02:04:40+00:00\" \/>\n<meta property=\"og:image\" content=\"https:\/\/leatai.com\/wp-content\/uploads\/2020_02_11_1058570.jpg\" \/>\n\t<meta property=\"og:image:width\" content=\"2312\" \/>\n\t<meta property=\"og:image:height\" content=\"2140\" \/>\n\t<meta property=\"og:image:type\" content=\"image\/jpeg\" \/>\n<meta name=\"twitter:card\" content=\"summary_large_image\" \/>\n<meta name=\"twitter:label1\" content=\"Dur\u00e9e de lecture estim\u00e9e\" \/>\n\t<meta name=\"twitter:data1\" content=\"1 minute\" \/>\n<script type=\"application\/ld+json\" class=\"yoast-schema-graph\">{\"@context\":\"https:\/\/schema.org\",\"@graph\":[{\"@type\":\"WebPage\",\"@id\":\"https:\/\/leatai.com\/fr\/product\/format-des-pages-interieures\/pages-interieures-48k\/lgp-planning-mensuel-avec-notes-a48k\/\",\"url\":\"https:\/\/leatai.com\/fr\/product\/format-des-pages-interieures\/pages-interieures-48k\/lgp-planning-mensuel-avec-notes-a48k\/\",\"name\":\"LGP - Planning mensuel avec notes - A48K - Pages de planification et de prise de notes - Leatai \u2013 Fabricant de carnets personnalis\u00e9s\",\"isPartOf\":{\"@id\":\"https:\/\/leatai.com\/fr\/#website\"},\"primaryImageOfPage\":{\"@id\":\"https:\/\/leatai.com\/fr\/product\/format-des-pages-interieures\/pages-interieures-48k\/lgp-planning-mensuel-avec-notes-a48k\/#primaryimage\"},\"image\":{\"@id\":\"https:\/\/leatai.com\/fr\/product\/format-des-pages-interieures\/pages-interieures-48k\/lgp-planning-mensuel-avec-notes-a48k\/#primaryimage\"},\"thumbnailUrl\":\"https:\/\/leatai.com\/wp-content\/uploads\/2020_02_11_1058570.jpg\",\"datePublished\":\"2021-06-24T05:17:31+00:00\",\"dateModified\":\"2025-03-14T02:04:40+00:00\",\"description\":\"Format des pages int\u00e9rieures du journal d\u2019entreprise : Planning mensuel Papier : Papier blanc Daolin Dimensions : 48K \u00c9paisseur : 70 lb (80 feuilles, 160 pages par carnet) Impression : Bichromie Contenu : Calendrier annuel + Planning mensuel + Pages de notes lign\u00e9es + Section d\u2019informations Un format populaire et largement utilis\u00e9, parfait pour une organisation mensuelle efficace avec un espace d\u00e9di\u00e9 \u00e0 la prise de notes et aux informations essentielles !\",\"breadcrumb\":{\"@id\":\"https:\/\/leatai.com\/fr\/product\/format-des-pages-interieures\/pages-interieures-48k\/lgp-planning-mensuel-avec-notes-a48k\/#breadcrumb\"},\"inLanguage\":\"fr-FR\",\"potentialAction\":[{\"@type\":\"ReadAction\",\"target\":[\"https:\/\/leatai.com\/fr\/product\/format-des-pages-interieures\/pages-interieures-48k\/lgp-planning-mensuel-avec-notes-a48k\/\"]}]},{\"@type\":\"ImageObject\",\"inLanguage\":\"fr-FR\",\"@id\":\"https:\/\/leatai.com\/fr\/product\/format-des-pages-interieures\/pages-interieures-48k\/lgp-planning-mensuel-avec-notes-a48k\/#primaryimage\",\"url\":\"https:\/\/leatai.com\/wp-content\/uploads\/2020_02_11_1058570.jpg\",\"contentUrl\":\"https:\/\/leatai.com\/wp-content\/uploads\/2020_02_11_1058570.jpg\",\"width\":2312,\"height\":2140,\"caption\":\"Pages de planification et de prise de notes\"},{\"@type\":\"BreadcrumbList\",\"@id\":\"https:\/\/leatai.com\/fr\/product\/format-des-pages-interieures\/pages-interieures-48k\/lgp-planning-mensuel-avec-notes-a48k\/#breadcrumb\",\"itemListElement\":[{\"@type\":\"ListItem\",\"position\":1,\"name\":\"Home\",\"item\":\"https:\/\/leatai.com\/fr\/\"},{\"@type\":\"ListItem\",\"position\":2,\"name\":\"Pr\u00e9sentation des produits\",\"item\":\"https:\/\/leatai.com\/products\/\"},{\"@type\":\"ListItem\",\"position\":3,\"name\":\"Format des pages int\u00e9rieures\",\"item\":\"https:\/\/leatai.com\/fr\/categorie-produit\/format-des-pages-interieures\/\"},{\"@type\":\"ListItem\",\"position\":4,\"name\":\"Pages Int\u00e9rieures 48K\",\"item\":\"https:\/\/leatai.com\/fr\/categorie-produit\/format-des-pages-interieures\/pages-interieures-48k\/\"},{\"@type\":\"ListItem\",\"position\":5,\"name\":\"LGP &#8211; Planning mensuel avec notes &#8211; A48K\"}]},{\"@type\":\"WebSite\",\"@id\":\"https:\/\/leatai.com\/fr\/#website\",\"url\":\"https:\/\/leatai.com\/fr\/\",\"name\":\"Leatai \u2013 Fabricant de carnets personnalis\u00e9s\",\"description\":\"Leatai propose des carnets et planificateurs personnalis\u00e9s pour les marques et distributeurs dans le monde entier.\",\"publisher\":{\"@id\":\"https:\/\/leatai.com\/fr\/#organization\"},\"potentialAction\":[{\"@type\":\"SearchAction\",\"target\":{\"@type\":\"EntryPoint\",\"urlTemplate\":\"https:\/\/leatai.com\/fr\/?s={search_term_string}\"},\"query-input\":{\"@type\":\"PropertyValueSpecification\",\"valueRequired\":true,\"valueName\":\"search_term_string\"}}],\"inLanguage\":\"fr-FR\"},{\"@type\":\"Organization\",\"@id\":\"https:\/\/leatai.com\/fr\/#organization\",\"name\":\"Leatai Diary, customized journal and business organizer\",\"url\":\"https:\/\/leatai.com\/fr\/\",\"logo\":{\"@type\":\"ImageObject\",\"inLanguage\":\"fr-FR\",\"@id\":\"https:\/\/leatai.com\/fr\/#\/schema\/logo\/image\/\",\"url\":\"https:\/\/leatai.com\/wp-content\/uploads\/logo-blue.png\",\"contentUrl\":\"https:\/\/leatai.com\/wp-content\/uploads\/logo-blue.png\",\"width\":230,\"height\":60,\"caption\":\"Leatai Diary, customized journal and business organizer\"},\"image\":{\"@id\":\"https:\/\/leatai.com\/fr\/#\/schema\/logo\/image\/\"}}]}<\/script>\n<!-- \/ Yoast SEO plugin. -->","yoast_head_json":{"title":"LGP - Planning mensuel avec notes - A48K - Pages de planification et de prise de notes - Leatai \u2013 Fabricant de carnets personnalis\u00e9s","description":"Format des pages int\u00e9rieures du journal d\u2019entreprise : Planning mensuel Papier : Papier blanc Daolin Dimensions : 48K \u00c9paisseur : 70 lb (80 feuilles, 160 pages par carnet) Impression : Bichromie Contenu : Calendrier annuel + Planning mensuel + Pages de notes lign\u00e9es + Section d\u2019informations Un format populaire et largement utilis\u00e9, parfait pour une organisation mensuelle efficace avec un espace d\u00e9di\u00e9 \u00e0 la prise de notes et aux informations essentielles !","robots":{"index":"index","follow":"follow","max-snippet":"max-snippet:-1","max-image-preview":"max-image-preview:large","max-video-preview":"max-video-preview:-1"},"canonical":"https:\/\/leatai.com\/fr\/product\/format-des-pages-interieures\/pages-interieures-48k\/lgp-planning-mensuel-avec-notes-a48k\/","og_locale":"fr_FR","og_type":"article","og_title":"LGP - Planning mensuel avec notes - A48K - Pages de planification et de prise de notes - Leatai \u2013 Fabricant de carnets personnalis\u00e9s","og_description":"Format des pages int\u00e9rieures du journal d\u2019entreprise : Planning mensuel Papier : Papier blanc Daolin Dimensions : 48K \u00c9paisseur : 70 lb (80 feuilles, 160 pages par carnet) Impression : Bichromie Contenu : Calendrier annuel + Planning mensuel + Pages de notes lign\u00e9es + Section d\u2019informations Un format populaire et largement utilis\u00e9, parfait pour une organisation mensuelle efficace avec un espace d\u00e9di\u00e9 \u00e0 la prise de notes et aux informations essentielles !","og_url":"https:\/\/leatai.com\/fr\/product\/format-des-pages-interieures\/pages-interieures-48k\/lgp-planning-mensuel-avec-notes-a48k\/","og_site_name":"Leatai \u2013 Fabricant de carnets personnalis\u00e9s","article_modified_time":"2025-03-14T02:04:40+00:00","og_image":[{"width":2312,"height":2140,"url":"https:\/\/leatai.com\/wp-content\/uploads\/2020_02_11_1058570.jpg","type":"image\/jpeg"}],"twitter_card":"summary_large_image","twitter_misc":{"Dur\u00e9e de lecture estim\u00e9e":"1 minute"},"schema":{"@context":"https:\/\/schema.org","@graph":[{"@type":"WebPage","@id":"https:\/\/leatai.com\/fr\/product\/format-des-pages-interieures\/pages-interieures-48k\/lgp-planning-mensuel-avec-notes-a48k\/","url":"https:\/\/leatai.com\/fr\/product\/format-des-pages-interieures\/pages-interieures-48k\/lgp-planning-mensuel-avec-notes-a48k\/","name":"LGP - Planning mensuel avec notes - A48K - Pages de planification et de prise de notes - Leatai \u2013 Fabricant de carnets personnalis\u00e9s","isPartOf":{"@id":"https:\/\/leatai.com\/fr\/#website"},"primaryImageOfPage":{"@id":"https:\/\/leatai.com\/fr\/product\/format-des-pages-interieures\/pages-interieures-48k\/lgp-planning-mensuel-avec-notes-a48k\/#primaryimage"},"image":{"@id":"https:\/\/leatai.com\/fr\/product\/format-des-pages-interieures\/pages-interieures-48k\/lgp-planning-mensuel-avec-notes-a48k\/#primaryimage"},"thumbnailUrl":"https:\/\/leatai.com\/wp-content\/uploads\/2020_02_11_1058570.jpg","datePublished":"2021-06-24T05:17:31+00:00","dateModified":"2025-03-14T02:04:40+00:00","description":"Format des pages int\u00e9rieures du journal d\u2019entreprise : Planning mensuel Papier : Papier blanc Daolin Dimensions : 48K \u00c9paisseur : 70 lb (80 feuilles, 160 pages par carnet) Impression : Bichromie Contenu : Calendrier annuel + Planning mensuel + Pages de notes lign\u00e9es + Section d\u2019informations Un format populaire et largement utilis\u00e9, parfait pour une organisation mensuelle efficace avec un espace d\u00e9di\u00e9 \u00e0 la prise de notes et aux informations essentielles !","breadcrumb":{"@id":"https:\/\/leatai.com\/fr\/product\/format-des-pages-interieures\/pages-interieures-48k\/lgp-planning-mensuel-avec-notes-a48k\/#breadcrumb"},"inLanguage":"fr-FR","potentialAction":[{"@type":"ReadAction","target":["https:\/\/leatai.com\/fr\/product\/format-des-pages-interieures\/pages-interieures-48k\/lgp-planning-mensuel-avec-notes-a48k\/"]}]},{"@type":"ImageObject","inLanguage":"fr-FR","@id":"https:\/\/leatai.com\/fr\/product\/format-des-pages-interieures\/pages-interieures-48k\/lgp-planning-mensuel-avec-notes-a48k\/#primaryimage","url":"https:\/\/leatai.com\/wp-content\/uploads\/2020_02_11_1058570.jpg","contentUrl":"https:\/\/leatai.com\/wp-content\/uploads\/2020_02_11_1058570.jpg","width":2312,"height":2140,"caption":"Pages de planification et de prise de notes"},{"@type":"BreadcrumbList","@id":"https:\/\/leatai.com\/fr\/product\/format-des-pages-interieures\/pages-interieures-48k\/lgp-planning-mensuel-avec-notes-a48k\/#breadcrumb","itemListElement":[{"@type":"ListItem","position":1,"name":"Home","item":"https:\/\/leatai.com\/fr\/"},{"@type":"ListItem","position":2,"name":"Pr\u00e9sentation des produits","item":"https:\/\/leatai.com\/products\/"},{"@type":"ListItem","position":3,"name":"Format des pages int\u00e9rieures","item":"https:\/\/leatai.com\/fr\/categorie-produit\/format-des-pages-interieures\/"},{"@type":"ListItem","position":4,"name":"Pages Int\u00e9rieures 48K","item":"https:\/\/leatai.com\/fr\/categorie-produit\/format-des-pages-interieures\/pages-interieures-48k\/"},{"@type":"ListItem","position":5,"name":"LGP &#8211; Planning mensuel avec notes &#8211; A48K"}]},{"@type":"WebSite","@id":"https:\/\/leatai.com\/fr\/#website","url":"https:\/\/leatai.com\/fr\/","name":"Leatai \u2013 Fabricant de carnets personnalis\u00e9s","description":"Leatai propose des carnets et planificateurs personnalis\u00e9s pour les marques et distributeurs dans le monde entier.","publisher":{"@id":"https:\/\/leatai.com\/fr\/#organization"},"potentialAction":[{"@type":"SearchAction","target":{"@type":"EntryPoint","urlTemplate":"https:\/\/leatai.com\/fr\/?s={search_term_string}"},"query-input":{"@type":"PropertyValueSpecification","valueRequired":true,"valueName":"search_term_string"}}],"inLanguage":"fr-FR"},{"@type":"Organization","@id":"https:\/\/leatai.com\/fr\/#organization","name":"Leatai Diary, customized journal and business organizer","url":"https:\/\/leatai.com\/fr\/","logo":{"@type":"ImageObject","inLanguage":"fr-FR","@id":"https:\/\/leatai.com\/fr\/#\/schema\/logo\/image\/","url":"https:\/\/leatai.com\/wp-content\/uploads\/logo-blue.png","contentUrl":"https:\/\/leatai.com\/wp-content\/uploads\/logo-blue.png","width":230,"height":60,"caption":"Leatai Diary, customized journal and business organizer"},"image":{"@id":"https:\/\/leatai.com\/fr\/#\/schema\/logo\/image\/"}}]}},"_links":{"self":[{"href":"https:\/\/leatai.com\/fr\/wp-json\/wp\/v2\/product\/145495","targetHints":{"allow":["GET"]}}],"collection":[{"href":"https:\/\/leatai.com\/fr\/wp-json\/wp\/v2\/product"}],"about":[{"href":"https:\/\/leatai.com\/fr\/wp-json\/wp\/v2\/types\/product"}],"wp:featuredmedia":[{"embeddable":true,"href":"https:\/\/leatai.com\/fr\/wp-json\/wp\/v2\/media\/145496"}],"wp:attachment":[{"href":"https:\/\/leatai.com\/fr\/wp-json\/wp\/v2\/media?parent=145495"}],"wp:term":[{"taxonomy":"product_brand","embeddable":true,"href":"https:\/\/leatai.com\/fr\/wp-json\/wp\/v2\/product_brand?post=145495"},{"taxonomy":"product_cat","embeddable":true,"href":"https:\/\/leatai.com\/fr\/wp-json\/wp\/v2\/product_cat?post=145495"},{"taxonomy":"product_tag","embeddable":true,"href":"https:\/\/leatai.com\/fr\/wp-json\/wp\/v2\/product_tag?post=145495"},{"taxonomy":"home_works","embeddable":true,"href":"https:\/\/leatai.com\/fr\/wp-json\/wp\/v2\/home_works?post=145495"}],"curies":[{"name":"wp","href":"https:\/\/api.w.org\/{rel}","templated":true}]}}