{"id":145483,"date":"2021-06-24T13:17:30","date_gmt":"2021-06-24T05:17:30","guid":{"rendered":"https:\/\/leatai.com\/product\/non%20class\u00e9\/lgp-pages-entierement-vierges-l48k\/"},"modified":"2025-03-14T10:08:07","modified_gmt":"2025-03-14T02:08:07","slug":"lgp-pages-entierement-vierges-l48k","status":"publish","type":"product","link":"https:\/\/leatai.com\/fr\/product\/format-des-pages-interieures\/pages-interieures-48k\/lgp-pages-entierement-vierges-l48k\/","title":{"rendered":"LGP &#8211; Pages enti\u00e8rement vierges &#8211; L48K"},"content":{"rendered":"<p>Papier : Papier adapt\u00e9 aux stylos-plume (papier interm\u00e9diaire)<br \/>\nDimensions : <a href=\"https:\/\/leatai.com\/fr\/faq\/quelles-sont-les-tailles-des-planificateurs-8k-16k-et-25k-quelle-est-leur-taille\/\" target=\"_blank\" rel=\"noopener\">48K<\/a> <a href=\"https:\/\/leatai.com\/fr\/faq\/quelles-sont-les-tailles-des-planificateurs-8k-16k-et-25k-quelle-est-leur-taille\/\" target=\"_blank\" rel=\"noopener\">(Tableau d\u00e9taill\u00e9 des tailles des journaux d\u2019entreprise)<\/a><br \/>\n\u00c9paisseur : 80 lb (80 feuilles, 160 pages par carnet)<br \/>\nImpression : Aucune<br \/>\nContenu : Pages enti\u00e8rement vierges (sans aucune date ni contenu)<\/p>\n","protected":false},"excerpt":{"rendered":"<p>Papier : Papier adapt\u00e9 aux stylos-plume (papier interm\u00e9diaire) Dimensions : 48K (Tableau d\u00e9taill\u00e9 des tailles des journaux d\u2019entreprise) \u00c9paisseur : 80 lb (80 feuilles, 160 pages par carnet) Impression : Aucune Contenu : Pages enti\u00e8rement vierges (sans aucune date ni contenu)<\/p>\n","protected":false},"featured_media":145484,"template":"","meta":{"_acf_changed":false},"product_brand":[],"product_cat":[971,1023],"product_tag":[1388,1382],"home_works":[],"class_list":{"0":"post-145483","1":"product","2":"type-product","3":"status-publish","4":"has-post-thumbnail","6":"product_cat-format-des-pages-interieures","7":"product_cat-pages-interieures-48k","8":"product_tag-48k-fr","9":"product_tag-pages-de-planification-et-de-prise-de-notes","11":"first","12":"instock","13":"sold-individually","14":"shipping-taxable","15":"purchasable","16":"product-type-simple"},"acf":[],"yoast_head":"<!-- This site is optimized with the Yoast SEO plugin v27.2 - https:\/\/yoast.com\/product\/yoast-seo-wordpress\/ -->\n<title>LGP - Pages enti\u00e8rement vierges - L48K - Pages de planification et de prise de notes - Leatai \u2013 Fabricant de carnets personnalis\u00e9s<\/title>\n<meta name=\"description\" content=\"Format des pages int\u00e9rieures du journal d\u2019entreprise : Enti\u00e8rement vierge Papier : Papier adapt\u00e9 aux stylos-plume (papier interm\u00e9diaire) Dimensions : 48K \u00c9paisseur : 70 lb (80 feuilles, 160 pages par carnet) Impression : Aucune Contenu : Pages enti\u00e8rement vierges (sans aucune date ni contenu), offrant une libert\u00e9 totale pour l\u2019\u00e9criture. Un format id\u00e9al pour \u00e9crire en toute libert\u00e9, sans contrainte, et laisser libre cours \u00e0 votre cr\u00e9ativit\u00e9 !\" \/>\n<meta name=\"robots\" content=\"index, follow, max-snippet:-1, max-image-preview:large, max-video-preview:-1\" \/>\n<link rel=\"canonical\" href=\"https:\/\/leatai.com\/fr\/product\/format-des-pages-interieures\/pages-interieures-48k\/lgp-pages-entierement-vierges-l48k\/\" \/>\n<meta property=\"og:locale\" content=\"fr_FR\" \/>\n<meta property=\"og:type\" content=\"article\" \/>\n<meta property=\"og:title\" content=\"LGP - Pages enti\u00e8rement vierges - L48K - Pages de planification et de prise de notes - Leatai \u2013 Fabricant de carnets personnalis\u00e9s\" \/>\n<meta property=\"og:description\" content=\"Format des pages int\u00e9rieures du journal d\u2019entreprise : Enti\u00e8rement vierge Papier : Papier adapt\u00e9 aux stylos-plume (papier interm\u00e9diaire) Dimensions : 48K \u00c9paisseur : 70 lb (80 feuilles, 160 pages par carnet) Impression : Aucune Contenu : Pages enti\u00e8rement vierges (sans aucune date ni contenu), offrant une libert\u00e9 totale pour l\u2019\u00e9criture. Un format id\u00e9al pour \u00e9crire en toute libert\u00e9, sans contrainte, et laisser libre cours \u00e0 votre cr\u00e9ativit\u00e9 !\" \/>\n<meta property=\"og:url\" content=\"https:\/\/leatai.com\/fr\/product\/format-des-pages-interieures\/pages-interieures-48k\/lgp-pages-entierement-vierges-l48k\/\" \/>\n<meta property=\"og:site_name\" content=\"Leatai \u2013 Fabricant de carnets personnalis\u00e9s\" \/>\n<meta property=\"article:modified_time\" content=\"2025-03-14T02:08:07+00:00\" \/>\n<meta property=\"og:image\" content=\"https:\/\/leatai.com\/wp-content\/uploads\/2020_06_16_1056530.jpg\" \/>\n\t<meta property=\"og:image:width\" content=\"1000\" \/>\n\t<meta property=\"og:image:height\" content=\"920\" \/>\n\t<meta property=\"og:image:type\" content=\"image\/jpeg\" \/>\n<meta name=\"twitter:card\" content=\"summary_large_image\" \/>\n<meta name=\"twitter:label1\" content=\"Dur\u00e9e de lecture estim\u00e9e\" \/>\n\t<meta name=\"twitter:data1\" content=\"1 minute\" \/>\n<script type=\"application\/ld+json\" class=\"yoast-schema-graph\">{\"@context\":\"https:\/\/schema.org\",\"@graph\":[{\"@type\":\"WebPage\",\"@id\":\"https:\/\/leatai.com\/fr\/product\/format-des-pages-interieures\/pages-interieures-48k\/lgp-pages-entierement-vierges-l48k\/\",\"url\":\"https:\/\/leatai.com\/fr\/product\/format-des-pages-interieures\/pages-interieures-48k\/lgp-pages-entierement-vierges-l48k\/\",\"name\":\"LGP - Pages enti\u00e8rement vierges - L48K - Pages de planification et de prise de notes - Leatai \u2013 Fabricant de carnets personnalis\u00e9s\",\"isPartOf\":{\"@id\":\"https:\/\/leatai.com\/fr\/#website\"},\"primaryImageOfPage\":{\"@id\":\"https:\/\/leatai.com\/fr\/product\/format-des-pages-interieures\/pages-interieures-48k\/lgp-pages-entierement-vierges-l48k\/#primaryimage\"},\"image\":{\"@id\":\"https:\/\/leatai.com\/fr\/product\/format-des-pages-interieures\/pages-interieures-48k\/lgp-pages-entierement-vierges-l48k\/#primaryimage\"},\"thumbnailUrl\":\"https:\/\/leatai.com\/wp-content\/uploads\/2020_06_16_1056530.jpg\",\"datePublished\":\"2021-06-24T05:17:30+00:00\",\"dateModified\":\"2025-03-14T02:08:07+00:00\",\"description\":\"Format des pages int\u00e9rieures du journal d\u2019entreprise : Enti\u00e8rement vierge Papier : Papier adapt\u00e9 aux stylos-plume (papier interm\u00e9diaire) Dimensions : 48K \u00c9paisseur : 70 lb (80 feuilles, 160 pages par carnet) Impression : Aucune Contenu : Pages enti\u00e8rement vierges (sans aucune date ni contenu), offrant une libert\u00e9 totale pour l\u2019\u00e9criture. Un format id\u00e9al pour \u00e9crire en toute libert\u00e9, sans contrainte, et laisser libre cours \u00e0 votre cr\u00e9ativit\u00e9 !\",\"breadcrumb\":{\"@id\":\"https:\/\/leatai.com\/fr\/product\/format-des-pages-interieures\/pages-interieures-48k\/lgp-pages-entierement-vierges-l48k\/#breadcrumb\"},\"inLanguage\":\"fr-FR\",\"potentialAction\":[{\"@type\":\"ReadAction\",\"target\":[\"https:\/\/leatai.com\/fr\/product\/format-des-pages-interieures\/pages-interieures-48k\/lgp-pages-entierement-vierges-l48k\/\"]}]},{\"@type\":\"ImageObject\",\"inLanguage\":\"fr-FR\",\"@id\":\"https:\/\/leatai.com\/fr\/product\/format-des-pages-interieures\/pages-interieures-48k\/lgp-pages-entierement-vierges-l48k\/#primaryimage\",\"url\":\"https:\/\/leatai.com\/wp-content\/uploads\/2020_06_16_1056530.jpg\",\"contentUrl\":\"https:\/\/leatai.com\/wp-content\/uploads\/2020_06_16_1056530.jpg\",\"width\":1000,\"height\":920,\"caption\":\"Pages de planification et de prise de notes\"},{\"@type\":\"BreadcrumbList\",\"@id\":\"https:\/\/leatai.com\/fr\/product\/format-des-pages-interieures\/pages-interieures-48k\/lgp-pages-entierement-vierges-l48k\/#breadcrumb\",\"itemListElement\":[{\"@type\":\"ListItem\",\"position\":1,\"name\":\"Home\",\"item\":\"https:\/\/leatai.com\/fr\/\"},{\"@type\":\"ListItem\",\"position\":2,\"name\":\"Pr\u00e9sentation des produits\",\"item\":\"https:\/\/leatai.com\/products\/\"},{\"@type\":\"ListItem\",\"position\":3,\"name\":\"Format des pages int\u00e9rieures\",\"item\":\"https:\/\/leatai.com\/fr\/categorie-produit\/format-des-pages-interieures\/\"},{\"@type\":\"ListItem\",\"position\":4,\"name\":\"Pages Int\u00e9rieures 48K\",\"item\":\"https:\/\/leatai.com\/fr\/categorie-produit\/format-des-pages-interieures\/pages-interieures-48k\/\"},{\"@type\":\"ListItem\",\"position\":5,\"name\":\"LGP &#8211; Pages enti\u00e8rement vierges &#8211; L48K\"}]},{\"@type\":\"WebSite\",\"@id\":\"https:\/\/leatai.com\/fr\/#website\",\"url\":\"https:\/\/leatai.com\/fr\/\",\"name\":\"Leatai \u2013 Fabricant de carnets personnalis\u00e9s\",\"description\":\"Leatai propose des carnets et planificateurs personnalis\u00e9s pour les marques et distributeurs dans le monde entier.\",\"publisher\":{\"@id\":\"https:\/\/leatai.com\/fr\/#organization\"},\"potentialAction\":[{\"@type\":\"SearchAction\",\"target\":{\"@type\":\"EntryPoint\",\"urlTemplate\":\"https:\/\/leatai.com\/fr\/?s={search_term_string}\"},\"query-input\":{\"@type\":\"PropertyValueSpecification\",\"valueRequired\":true,\"valueName\":\"search_term_string\"}}],\"inLanguage\":\"fr-FR\"},{\"@type\":\"Organization\",\"@id\":\"https:\/\/leatai.com\/fr\/#organization\",\"name\":\"Leatai Diary, customized journal and business organizer\",\"url\":\"https:\/\/leatai.com\/fr\/\",\"logo\":{\"@type\":\"ImageObject\",\"inLanguage\":\"fr-FR\",\"@id\":\"https:\/\/leatai.com\/fr\/#\/schema\/logo\/image\/\",\"url\":\"https:\/\/leatai.com\/wp-content\/uploads\/logo-blue.png\",\"contentUrl\":\"https:\/\/leatai.com\/wp-content\/uploads\/logo-blue.png\",\"width\":230,\"height\":60,\"caption\":\"Leatai Diary, customized journal and business organizer\"},\"image\":{\"@id\":\"https:\/\/leatai.com\/fr\/#\/schema\/logo\/image\/\"},\"telephone\":\"+886-2-8227-8800\",\"legalName\":\"Leatai Stationary Co., Ltd.\",\"description\":\"A leading notebook factory in Taiwan offering bespoke branding, high-quality binding, and premium paper selections for corporate gifts and stationery wholesale.\",\"address\":{\"@type\":\"PostalAddress\",\"streetAddress\":\"11F., No. 168, Jiankang Rd.\",\"addressLocality\":\"Zhonghe Dist.\",\"addressRegion\":\"New Taipei City\",\"postalCode\":\"235\",\"addressCountry\":\"TW\"},\"contactPoint\":{\"@type\":\"ContactPoint\",\"telephone\":\"+886-2-8227-8800\",\"contactType\":\"sales\",\"areaServed\":\"Worldwide\",\"availableLanguage\":[\"zh-TW\",\"en\"]}}]}<\/script>\n<!-- \/ Yoast SEO plugin. -->","yoast_head_json":{"title":"LGP - Pages enti\u00e8rement vierges - L48K - Pages de planification et de prise de notes - Leatai \u2013 Fabricant de carnets personnalis\u00e9s","description":"Format des pages int\u00e9rieures du journal d\u2019entreprise : Enti\u00e8rement vierge Papier : Papier adapt\u00e9 aux stylos-plume (papier interm\u00e9diaire) Dimensions : 48K \u00c9paisseur : 70 lb (80 feuilles, 160 pages par carnet) Impression : Aucune Contenu : Pages enti\u00e8rement vierges (sans aucune date ni contenu), offrant une libert\u00e9 totale pour l\u2019\u00e9criture. Un format id\u00e9al pour \u00e9crire en toute libert\u00e9, sans contrainte, et laisser libre cours \u00e0 votre cr\u00e9ativit\u00e9 !","robots":{"index":"index","follow":"follow","max-snippet":"max-snippet:-1","max-image-preview":"max-image-preview:large","max-video-preview":"max-video-preview:-1"},"canonical":"https:\/\/leatai.com\/fr\/product\/format-des-pages-interieures\/pages-interieures-48k\/lgp-pages-entierement-vierges-l48k\/","og_locale":"fr_FR","og_type":"article","og_title":"LGP - Pages enti\u00e8rement vierges - L48K - Pages de planification et de prise de notes - Leatai \u2013 Fabricant de carnets personnalis\u00e9s","og_description":"Format des pages int\u00e9rieures du journal d\u2019entreprise : Enti\u00e8rement vierge Papier : Papier adapt\u00e9 aux stylos-plume (papier interm\u00e9diaire) Dimensions : 48K \u00c9paisseur : 70 lb (80 feuilles, 160 pages par carnet) Impression : Aucune Contenu : Pages enti\u00e8rement vierges (sans aucune date ni contenu), offrant une libert\u00e9 totale pour l\u2019\u00e9criture. Un format id\u00e9al pour \u00e9crire en toute libert\u00e9, sans contrainte, et laisser libre cours \u00e0 votre cr\u00e9ativit\u00e9 !","og_url":"https:\/\/leatai.com\/fr\/product\/format-des-pages-interieures\/pages-interieures-48k\/lgp-pages-entierement-vierges-l48k\/","og_site_name":"Leatai \u2013 Fabricant de carnets personnalis\u00e9s","article_modified_time":"2025-03-14T02:08:07+00:00","og_image":[{"width":1000,"height":920,"url":"https:\/\/leatai.com\/wp-content\/uploads\/2020_06_16_1056530.jpg","type":"image\/jpeg"}],"twitter_card":"summary_large_image","twitter_misc":{"Dur\u00e9e de lecture estim\u00e9e":"1 minute"},"schema":{"@context":"https:\/\/schema.org","@graph":[{"@type":"WebPage","@id":"https:\/\/leatai.com\/fr\/product\/format-des-pages-interieures\/pages-interieures-48k\/lgp-pages-entierement-vierges-l48k\/","url":"https:\/\/leatai.com\/fr\/product\/format-des-pages-interieures\/pages-interieures-48k\/lgp-pages-entierement-vierges-l48k\/","name":"LGP - Pages enti\u00e8rement vierges - L48K - Pages de planification et de prise de notes - Leatai \u2013 Fabricant de carnets personnalis\u00e9s","isPartOf":{"@id":"https:\/\/leatai.com\/fr\/#website"},"primaryImageOfPage":{"@id":"https:\/\/leatai.com\/fr\/product\/format-des-pages-interieures\/pages-interieures-48k\/lgp-pages-entierement-vierges-l48k\/#primaryimage"},"image":{"@id":"https:\/\/leatai.com\/fr\/product\/format-des-pages-interieures\/pages-interieures-48k\/lgp-pages-entierement-vierges-l48k\/#primaryimage"},"thumbnailUrl":"https:\/\/leatai.com\/wp-content\/uploads\/2020_06_16_1056530.jpg","datePublished":"2021-06-24T05:17:30+00:00","dateModified":"2025-03-14T02:08:07+00:00","description":"Format des pages int\u00e9rieures du journal d\u2019entreprise : Enti\u00e8rement vierge Papier : Papier adapt\u00e9 aux stylos-plume (papier interm\u00e9diaire) Dimensions : 48K \u00c9paisseur : 70 lb (80 feuilles, 160 pages par carnet) Impression : Aucune Contenu : Pages enti\u00e8rement vierges (sans aucune date ni contenu), offrant une libert\u00e9 totale pour l\u2019\u00e9criture. Un format id\u00e9al pour \u00e9crire en toute libert\u00e9, sans contrainte, et laisser libre cours \u00e0 votre cr\u00e9ativit\u00e9 !","breadcrumb":{"@id":"https:\/\/leatai.com\/fr\/product\/format-des-pages-interieures\/pages-interieures-48k\/lgp-pages-entierement-vierges-l48k\/#breadcrumb"},"inLanguage":"fr-FR","potentialAction":[{"@type":"ReadAction","target":["https:\/\/leatai.com\/fr\/product\/format-des-pages-interieures\/pages-interieures-48k\/lgp-pages-entierement-vierges-l48k\/"]}]},{"@type":"ImageObject","inLanguage":"fr-FR","@id":"https:\/\/leatai.com\/fr\/product\/format-des-pages-interieures\/pages-interieures-48k\/lgp-pages-entierement-vierges-l48k\/#primaryimage","url":"https:\/\/leatai.com\/wp-content\/uploads\/2020_06_16_1056530.jpg","contentUrl":"https:\/\/leatai.com\/wp-content\/uploads\/2020_06_16_1056530.jpg","width":1000,"height":920,"caption":"Pages de planification et de prise de notes"},{"@type":"BreadcrumbList","@id":"https:\/\/leatai.com\/fr\/product\/format-des-pages-interieures\/pages-interieures-48k\/lgp-pages-entierement-vierges-l48k\/#breadcrumb","itemListElement":[{"@type":"ListItem","position":1,"name":"Home","item":"https:\/\/leatai.com\/fr\/"},{"@type":"ListItem","position":2,"name":"Pr\u00e9sentation des produits","item":"https:\/\/leatai.com\/products\/"},{"@type":"ListItem","position":3,"name":"Format des pages int\u00e9rieures","item":"https:\/\/leatai.com\/fr\/categorie-produit\/format-des-pages-interieures\/"},{"@type":"ListItem","position":4,"name":"Pages Int\u00e9rieures 48K","item":"https:\/\/leatai.com\/fr\/categorie-produit\/format-des-pages-interieures\/pages-interieures-48k\/"},{"@type":"ListItem","position":5,"name":"LGP &#8211; Pages enti\u00e8rement vierges &#8211; L48K"}]},{"@type":"WebSite","@id":"https:\/\/leatai.com\/fr\/#website","url":"https:\/\/leatai.com\/fr\/","name":"Leatai \u2013 Fabricant de carnets personnalis\u00e9s","description":"Leatai propose des carnets et planificateurs personnalis\u00e9s pour les marques et distributeurs dans le monde entier.","publisher":{"@id":"https:\/\/leatai.com\/fr\/#organization"},"potentialAction":[{"@type":"SearchAction","target":{"@type":"EntryPoint","urlTemplate":"https:\/\/leatai.com\/fr\/?s={search_term_string}"},"query-input":{"@type":"PropertyValueSpecification","valueRequired":true,"valueName":"search_term_string"}}],"inLanguage":"fr-FR"},{"@type":"Organization","@id":"https:\/\/leatai.com\/fr\/#organization","name":"Leatai Diary, customized journal and business organizer","url":"https:\/\/leatai.com\/fr\/","logo":{"@type":"ImageObject","inLanguage":"fr-FR","@id":"https:\/\/leatai.com\/fr\/#\/schema\/logo\/image\/","url":"https:\/\/leatai.com\/wp-content\/uploads\/logo-blue.png","contentUrl":"https:\/\/leatai.com\/wp-content\/uploads\/logo-blue.png","width":230,"height":60,"caption":"Leatai Diary, customized journal and business organizer"},"image":{"@id":"https:\/\/leatai.com\/fr\/#\/schema\/logo\/image\/"},"telephone":"+886-2-8227-8800","legalName":"Leatai Stationary Co., Ltd.","description":"A leading notebook factory in Taiwan offering bespoke branding, high-quality binding, and premium paper selections for corporate gifts and stationery wholesale.","address":{"@type":"PostalAddress","streetAddress":"11F., No. 168, Jiankang Rd.","addressLocality":"Zhonghe Dist.","addressRegion":"New Taipei City","postalCode":"235","addressCountry":"TW"},"contactPoint":{"@type":"ContactPoint","telephone":"+886-2-8227-8800","contactType":"sales","areaServed":"Worldwide","availableLanguage":["zh-TW","en"]}}]}},"_links":{"self":[{"href":"https:\/\/leatai.com\/fr\/wp-json\/wp\/v2\/product\/145483","targetHints":{"allow":["GET"]}}],"collection":[{"href":"https:\/\/leatai.com\/fr\/wp-json\/wp\/v2\/product"}],"about":[{"href":"https:\/\/leatai.com\/fr\/wp-json\/wp\/v2\/types\/product"}],"wp:featuredmedia":[{"embeddable":true,"href":"https:\/\/leatai.com\/fr\/wp-json\/wp\/v2\/media\/145484"}],"wp:attachment":[{"href":"https:\/\/leatai.com\/fr\/wp-json\/wp\/v2\/media?parent=145483"}],"wp:term":[{"taxonomy":"product_brand","embeddable":true,"href":"https:\/\/leatai.com\/fr\/wp-json\/wp\/v2\/product_brand?post=145483"},{"taxonomy":"product_cat","embeddable":true,"href":"https:\/\/leatai.com\/fr\/wp-json\/wp\/v2\/product_cat?post=145483"},{"taxonomy":"product_tag","embeddable":true,"href":"https:\/\/leatai.com\/fr\/wp-json\/wp\/v2\/product_tag?post=145483"},{"taxonomy":"home_works","embeddable":true,"href":"https:\/\/leatai.com\/fr\/wp-json\/wp\/v2\/home_works?post=145483"}],"curies":[{"name":"wp","href":"https:\/\/api.w.org\/{rel}","templated":true}]}}