{"id":145417,"date":"2021-06-24T13:17:30","date_gmt":"2021-06-24T05:17:30","guid":{"rendered":"https:\/\/leatai.com\/product\/non%20class\u00e9\/lgp-pages-de-notes-quadrillees-l25k\/"},"modified":"2025-03-13T17:13:23","modified_gmt":"2025-03-13T09:13:23","slug":"lgp-pages-de-notes-quadrillees-l25k","status":"publish","type":"product","link":"https:\/\/leatai.com\/fr\/product\/format-des-pages-interieures\/pages-interieures-a5\/lgp-pages-de-notes-quadrillees-l25k\/","title":{"rendered":"LGP &#8211; Pages de notes quadrill\u00e9es &#8211; L25K"},"content":{"rendered":"<p>Papier : Papier adapt\u00e9 aux stylos-plume (papier interm\u00e9diaire)<br \/>\nDimensions : <a href=\"https:\/\/leatai.com\/fr\/faq\/quelles-sont-les-tailles-des-planificateurs-8k-16k-et-25k-quelle-est-leur-taille\/\" target=\"_blank\" rel=\"noopener\">25K (A5)<\/a> <a href=\"https:\/\/leatai.com\/fr\/faq\/quelles-sont-les-tailles-des-planificateurs-8k-16k-et-25k-quelle-est-leur-taille\/\" target=\"_blank\" rel=\"noopener\">(Tableau d\u00e9taill\u00e9 des tailles des journaux d\u2019entreprise)<\/a><br \/>\n\u00c9paisseur : 80 lb (80 feuilles, 160 pages par carnet)<br \/>\nImpression : Monochrome<br \/>\nContenu : Pages de notes quadrill\u00e9es (\u00e9galement appel\u00e9es papier quadrill\u00e9)<\/p>\n<p>D\u00e9tails du format :<\/p>\n<ul>\n<li>Page gauche : Page lign\u00e9es monochromes avec une largeur de colonne de 2,5 cm, id\u00e9ale pour classer diverses t\u00e2ches \u00e0 faire.<\/li>\n<li>Page droite : Papier quadrill\u00e9 avec des carreaux de 5*5mm, parfait pour les ing\u00e9nieurs, artistes, amateurs de journaux ou pour ceux qui ont besoin de prise de notes structur\u00e9e.<\/li>\n<li>Espacement des lignes : L&#8217;espacement vertical des lignes est de 5 mm, offrant une coh\u00e9rence dans la mise en page.<\/li>\n<li>Leatai LOGO : Le LOGO Leatai appara\u00eet sur la premi\u00e8re et la derni\u00e8re page comme montr\u00e9 dans l&#8217;exemple. Si vous pr\u00e9f\u00e9rez une version sans le LOGO, cela sera consid\u00e9r\u00e9 comme une \u00e9dition priv\u00e9e.<\/li>\n<\/ul>\n<p>Un carnet polyvalent et pratique, id\u00e9al pour diverses utilisations, telles que la planification, le dessin ou la prise de notes techniques.<\/p>\n","protected":false},"excerpt":{"rendered":"<p>Papier : Papier adapt\u00e9 aux stylos-plume (papier interm\u00e9diaire) Dimensions : 25K (A5) (Tableau d\u00e9taill\u00e9 des tailles des journaux d\u2019entreprise) \u00c9paisseur : 80 lb (80 feuilles, 160 pages par carnet) Impression : Monochrome Contenu : Pages de notes quadrill\u00e9es (\u00e9galement appel\u00e9es papier quadrill\u00e9) D\u00e9tails du format : Page gauche : Page lign\u00e9es monochromes avec une largeur [&hellip;]<\/p>\n","protected":false},"featured_media":145418,"template":"","meta":{"_acf_changed":false},"product_brand":[],"product_cat":[971,997],"product_tag":[1384,1385,1382],"home_works":[],"class_list":{"0":"post-145417","1":"product","2":"type-product","3":"status-publish","4":"has-post-thumbnail","6":"product_cat-format-des-pages-interieures","7":"product_cat-pages-interieures-a5","8":"product_tag-25k-fr","9":"product_tag-a5-fr","10":"product_tag-pages-de-planification-et-de-prise-de-notes","12":"first","13":"instock","14":"sold-individually","15":"shipping-taxable","16":"purchasable","17":"product-type-simple"},"acf":[],"yoast_head":"<!-- This site is optimized with the Yoast SEO plugin v27.2 - https:\/\/yoast.com\/product\/yoast-seo-wordpress\/ -->\n<title>LGP - Pages de notes quadrill\u00e9es - L25K - Pages de planification et de prise de notes - Leatai \u2013 Fabricant de carnets personnalis\u00e9s<\/title>\n<meta name=\"description\" content=\"Format des pages int\u00e9rieures du journal d\u2019entreprise : Pages de notes quadrill\u00e9es Papier : Papier adapt\u00e9 aux stylos-plume (papier interm\u00e9diaire) Dimensions : 25K (A5) (Tableau d\u00e9taill\u00e9 des tailles des journaux d\u2019entreprise) \u00c9paisseur : 80 lb (80 feuilles, 160 pages par carnet) Impression : Monochrome Contenu : Pages de notes quadrill\u00e9es, avec des conceptions diff\u00e9rentes pour la page gauche et la page droite. Un format polyvalent qui permet \u00e0 la fois une prise de notes structur\u00e9e et une flexibilit\u00e9 pour des usages vari\u00e9s !\" \/>\n<meta name=\"robots\" content=\"index, follow, max-snippet:-1, max-image-preview:large, max-video-preview:-1\" \/>\n<link rel=\"canonical\" href=\"https:\/\/leatai.com\/fr\/product\/format-des-pages-interieures\/pages-interieures-a5\/lgp-pages-de-notes-quadrillees-l25k\/\" \/>\n<meta property=\"og:locale\" content=\"fr_FR\" \/>\n<meta property=\"og:type\" content=\"article\" \/>\n<meta property=\"og:title\" content=\"LGP - Pages de notes quadrill\u00e9es - L25K - Pages de planification et de prise de notes - Leatai \u2013 Fabricant de carnets personnalis\u00e9s\" \/>\n<meta property=\"og:description\" content=\"Format des pages int\u00e9rieures du journal d\u2019entreprise : Pages de notes quadrill\u00e9es Papier : Papier adapt\u00e9 aux stylos-plume (papier interm\u00e9diaire) Dimensions : 25K (A5) (Tableau d\u00e9taill\u00e9 des tailles des journaux d\u2019entreprise) \u00c9paisseur : 80 lb (80 feuilles, 160 pages par carnet) Impression : Monochrome Contenu : Pages de notes quadrill\u00e9es, avec des conceptions diff\u00e9rentes pour la page gauche et la page droite. Un format polyvalent qui permet \u00e0 la fois une prise de notes structur\u00e9e et une flexibilit\u00e9 pour des usages vari\u00e9s !\" \/>\n<meta property=\"og:url\" content=\"https:\/\/leatai.com\/fr\/product\/format-des-pages-interieures\/pages-interieures-a5\/lgp-pages-de-notes-quadrillees-l25k\/\" \/>\n<meta property=\"og:site_name\" content=\"Leatai \u2013 Fabricant de carnets personnalis\u00e9s\" \/>\n<meta property=\"article:modified_time\" content=\"2025-03-13T09:13:23+00:00\" \/>\n<meta property=\"og:image\" content=\"https:\/\/leatai.com\/wp-content\/uploads\/2020_06_16_1346460.jpg\" \/>\n\t<meta property=\"og:image:width\" content=\"1000\" \/>\n\t<meta property=\"og:image:height\" content=\"713\" \/>\n\t<meta property=\"og:image:type\" content=\"image\/jpeg\" \/>\n<meta name=\"twitter:card\" content=\"summary_large_image\" \/>\n<meta name=\"twitter:label1\" content=\"Dur\u00e9e de lecture estim\u00e9e\" \/>\n\t<meta name=\"twitter:data1\" content=\"2 minutes\" \/>\n<script type=\"application\/ld+json\" class=\"yoast-schema-graph\">{\"@context\":\"https:\/\/schema.org\",\"@graph\":[{\"@type\":\"WebPage\",\"@id\":\"https:\/\/leatai.com\/fr\/product\/format-des-pages-interieures\/pages-interieures-a5\/lgp-pages-de-notes-quadrillees-l25k\/\",\"url\":\"https:\/\/leatai.com\/fr\/product\/format-des-pages-interieures\/pages-interieures-a5\/lgp-pages-de-notes-quadrillees-l25k\/\",\"name\":\"LGP - Pages de notes quadrill\u00e9es - L25K - Pages de planification et de prise de notes - Leatai \u2013 Fabricant de carnets personnalis\u00e9s\",\"isPartOf\":{\"@id\":\"https:\/\/leatai.com\/fr\/#website\"},\"primaryImageOfPage\":{\"@id\":\"https:\/\/leatai.com\/fr\/product\/format-des-pages-interieures\/pages-interieures-a5\/lgp-pages-de-notes-quadrillees-l25k\/#primaryimage\"},\"image\":{\"@id\":\"https:\/\/leatai.com\/fr\/product\/format-des-pages-interieures\/pages-interieures-a5\/lgp-pages-de-notes-quadrillees-l25k\/#primaryimage\"},\"thumbnailUrl\":\"https:\/\/leatai.com\/wp-content\/uploads\/2020_06_16_1346460.jpg\",\"datePublished\":\"2021-06-24T05:17:30+00:00\",\"dateModified\":\"2025-03-13T09:13:23+00:00\",\"description\":\"Format des pages int\u00e9rieures du journal d\u2019entreprise : Pages de notes quadrill\u00e9es Papier : Papier adapt\u00e9 aux stylos-plume (papier interm\u00e9diaire) Dimensions : 25K (A5) (Tableau d\u00e9taill\u00e9 des tailles des journaux d\u2019entreprise) \u00c9paisseur : 80 lb (80 feuilles, 160 pages par carnet) Impression : Monochrome Contenu : Pages de notes quadrill\u00e9es, avec des conceptions diff\u00e9rentes pour la page gauche et la page droite. Un format polyvalent qui permet \u00e0 la fois une prise de notes structur\u00e9e et une flexibilit\u00e9 pour des usages vari\u00e9s !\",\"breadcrumb\":{\"@id\":\"https:\/\/leatai.com\/fr\/product\/format-des-pages-interieures\/pages-interieures-a5\/lgp-pages-de-notes-quadrillees-l25k\/#breadcrumb\"},\"inLanguage\":\"fr-FR\",\"potentialAction\":[{\"@type\":\"ReadAction\",\"target\":[\"https:\/\/leatai.com\/fr\/product\/format-des-pages-interieures\/pages-interieures-a5\/lgp-pages-de-notes-quadrillees-l25k\/\"]}]},{\"@type\":\"ImageObject\",\"inLanguage\":\"fr-FR\",\"@id\":\"https:\/\/leatai.com\/fr\/product\/format-des-pages-interieures\/pages-interieures-a5\/lgp-pages-de-notes-quadrillees-l25k\/#primaryimage\",\"url\":\"https:\/\/leatai.com\/wp-content\/uploads\/2020_06_16_1346460.jpg\",\"contentUrl\":\"https:\/\/leatai.com\/wp-content\/uploads\/2020_06_16_1346460.jpg\",\"width\":1000,\"height\":713,\"caption\":\"Pages de planification et de prise de notes\"},{\"@type\":\"BreadcrumbList\",\"@id\":\"https:\/\/leatai.com\/fr\/product\/format-des-pages-interieures\/pages-interieures-a5\/lgp-pages-de-notes-quadrillees-l25k\/#breadcrumb\",\"itemListElement\":[{\"@type\":\"ListItem\",\"position\":1,\"name\":\"Home\",\"item\":\"https:\/\/leatai.com\/fr\/\"},{\"@type\":\"ListItem\",\"position\":2,\"name\":\"Pr\u00e9sentation des produits\",\"item\":\"https:\/\/leatai.com\/products\/\"},{\"@type\":\"ListItem\",\"position\":3,\"name\":\"Format des pages int\u00e9rieures\",\"item\":\"https:\/\/leatai.com\/fr\/categorie-produit\/format-des-pages-interieures\/\"},{\"@type\":\"ListItem\",\"position\":4,\"name\":\"Pages Int\u00e9rieures A5\",\"item\":\"https:\/\/leatai.com\/fr\/categorie-produit\/format-des-pages-interieures\/pages-interieures-a5\/\"},{\"@type\":\"ListItem\",\"position\":5,\"name\":\"LGP &#8211; Pages de notes quadrill\u00e9es &#8211; L25K\"}]},{\"@type\":\"WebSite\",\"@id\":\"https:\/\/leatai.com\/fr\/#website\",\"url\":\"https:\/\/leatai.com\/fr\/\",\"name\":\"Leatai \u2013 Fabricant de carnets personnalis\u00e9s\",\"description\":\"Leatai propose des carnets et planificateurs personnalis\u00e9s pour les marques et distributeurs dans le monde entier.\",\"publisher\":{\"@id\":\"https:\/\/leatai.com\/fr\/#organization\"},\"potentialAction\":[{\"@type\":\"SearchAction\",\"target\":{\"@type\":\"EntryPoint\",\"urlTemplate\":\"https:\/\/leatai.com\/fr\/?s={search_term_string}\"},\"query-input\":{\"@type\":\"PropertyValueSpecification\",\"valueRequired\":true,\"valueName\":\"search_term_string\"}}],\"inLanguage\":\"fr-FR\"},{\"@type\":\"Organization\",\"@id\":\"https:\/\/leatai.com\/fr\/#organization\",\"name\":\"Leatai Diary, customized journal and business organizer\",\"url\":\"https:\/\/leatai.com\/fr\/\",\"logo\":{\"@type\":\"ImageObject\",\"inLanguage\":\"fr-FR\",\"@id\":\"https:\/\/leatai.com\/fr\/#\/schema\/logo\/image\/\",\"url\":\"https:\/\/leatai.com\/wp-content\/uploads\/logo-blue.png\",\"contentUrl\":\"https:\/\/leatai.com\/wp-content\/uploads\/logo-blue.png\",\"width\":230,\"height\":60,\"caption\":\"Leatai Diary, customized journal and business organizer\"},\"image\":{\"@id\":\"https:\/\/leatai.com\/fr\/#\/schema\/logo\/image\/\"}}]}<\/script>\n<!-- \/ Yoast SEO plugin. -->","yoast_head_json":{"title":"LGP - Pages de notes quadrill\u00e9es - L25K - Pages de planification et de prise de notes - Leatai \u2013 Fabricant de carnets personnalis\u00e9s","description":"Format des pages int\u00e9rieures du journal d\u2019entreprise : Pages de notes quadrill\u00e9es Papier : Papier adapt\u00e9 aux stylos-plume (papier interm\u00e9diaire) Dimensions : 25K (A5) (Tableau d\u00e9taill\u00e9 des tailles des journaux d\u2019entreprise) \u00c9paisseur : 80 lb (80 feuilles, 160 pages par carnet) Impression : Monochrome Contenu : Pages de notes quadrill\u00e9es, avec des conceptions diff\u00e9rentes pour la page gauche et la page droite. Un format polyvalent qui permet \u00e0 la fois une prise de notes structur\u00e9e et une flexibilit\u00e9 pour des usages vari\u00e9s !","robots":{"index":"index","follow":"follow","max-snippet":"max-snippet:-1","max-image-preview":"max-image-preview:large","max-video-preview":"max-video-preview:-1"},"canonical":"https:\/\/leatai.com\/fr\/product\/format-des-pages-interieures\/pages-interieures-a5\/lgp-pages-de-notes-quadrillees-l25k\/","og_locale":"fr_FR","og_type":"article","og_title":"LGP - Pages de notes quadrill\u00e9es - L25K - Pages de planification et de prise de notes - Leatai \u2013 Fabricant de carnets personnalis\u00e9s","og_description":"Format des pages int\u00e9rieures du journal d\u2019entreprise : Pages de notes quadrill\u00e9es Papier : Papier adapt\u00e9 aux stylos-plume (papier interm\u00e9diaire) Dimensions : 25K (A5) (Tableau d\u00e9taill\u00e9 des tailles des journaux d\u2019entreprise) \u00c9paisseur : 80 lb (80 feuilles, 160 pages par carnet) Impression : Monochrome Contenu : Pages de notes quadrill\u00e9es, avec des conceptions diff\u00e9rentes pour la page gauche et la page droite. Un format polyvalent qui permet \u00e0 la fois une prise de notes structur\u00e9e et une flexibilit\u00e9 pour des usages vari\u00e9s !","og_url":"https:\/\/leatai.com\/fr\/product\/format-des-pages-interieures\/pages-interieures-a5\/lgp-pages-de-notes-quadrillees-l25k\/","og_site_name":"Leatai \u2013 Fabricant de carnets personnalis\u00e9s","article_modified_time":"2025-03-13T09:13:23+00:00","og_image":[{"width":1000,"height":713,"url":"https:\/\/leatai.com\/wp-content\/uploads\/2020_06_16_1346460.jpg","type":"image\/jpeg"}],"twitter_card":"summary_large_image","twitter_misc":{"Dur\u00e9e de lecture estim\u00e9e":"2 minutes"},"schema":{"@context":"https:\/\/schema.org","@graph":[{"@type":"WebPage","@id":"https:\/\/leatai.com\/fr\/product\/format-des-pages-interieures\/pages-interieures-a5\/lgp-pages-de-notes-quadrillees-l25k\/","url":"https:\/\/leatai.com\/fr\/product\/format-des-pages-interieures\/pages-interieures-a5\/lgp-pages-de-notes-quadrillees-l25k\/","name":"LGP - Pages de notes quadrill\u00e9es - L25K - Pages de planification et de prise de notes - Leatai \u2013 Fabricant de carnets personnalis\u00e9s","isPartOf":{"@id":"https:\/\/leatai.com\/fr\/#website"},"primaryImageOfPage":{"@id":"https:\/\/leatai.com\/fr\/product\/format-des-pages-interieures\/pages-interieures-a5\/lgp-pages-de-notes-quadrillees-l25k\/#primaryimage"},"image":{"@id":"https:\/\/leatai.com\/fr\/product\/format-des-pages-interieures\/pages-interieures-a5\/lgp-pages-de-notes-quadrillees-l25k\/#primaryimage"},"thumbnailUrl":"https:\/\/leatai.com\/wp-content\/uploads\/2020_06_16_1346460.jpg","datePublished":"2021-06-24T05:17:30+00:00","dateModified":"2025-03-13T09:13:23+00:00","description":"Format des pages int\u00e9rieures du journal d\u2019entreprise : Pages de notes quadrill\u00e9es Papier : Papier adapt\u00e9 aux stylos-plume (papier interm\u00e9diaire) Dimensions : 25K (A5) (Tableau d\u00e9taill\u00e9 des tailles des journaux d\u2019entreprise) \u00c9paisseur : 80 lb (80 feuilles, 160 pages par carnet) Impression : Monochrome Contenu : Pages de notes quadrill\u00e9es, avec des conceptions diff\u00e9rentes pour la page gauche et la page droite. Un format polyvalent qui permet \u00e0 la fois une prise de notes structur\u00e9e et une flexibilit\u00e9 pour des usages vari\u00e9s !","breadcrumb":{"@id":"https:\/\/leatai.com\/fr\/product\/format-des-pages-interieures\/pages-interieures-a5\/lgp-pages-de-notes-quadrillees-l25k\/#breadcrumb"},"inLanguage":"fr-FR","potentialAction":[{"@type":"ReadAction","target":["https:\/\/leatai.com\/fr\/product\/format-des-pages-interieures\/pages-interieures-a5\/lgp-pages-de-notes-quadrillees-l25k\/"]}]},{"@type":"ImageObject","inLanguage":"fr-FR","@id":"https:\/\/leatai.com\/fr\/product\/format-des-pages-interieures\/pages-interieures-a5\/lgp-pages-de-notes-quadrillees-l25k\/#primaryimage","url":"https:\/\/leatai.com\/wp-content\/uploads\/2020_06_16_1346460.jpg","contentUrl":"https:\/\/leatai.com\/wp-content\/uploads\/2020_06_16_1346460.jpg","width":1000,"height":713,"caption":"Pages de planification et de prise de notes"},{"@type":"BreadcrumbList","@id":"https:\/\/leatai.com\/fr\/product\/format-des-pages-interieures\/pages-interieures-a5\/lgp-pages-de-notes-quadrillees-l25k\/#breadcrumb","itemListElement":[{"@type":"ListItem","position":1,"name":"Home","item":"https:\/\/leatai.com\/fr\/"},{"@type":"ListItem","position":2,"name":"Pr\u00e9sentation des produits","item":"https:\/\/leatai.com\/products\/"},{"@type":"ListItem","position":3,"name":"Format des pages int\u00e9rieures","item":"https:\/\/leatai.com\/fr\/categorie-produit\/format-des-pages-interieures\/"},{"@type":"ListItem","position":4,"name":"Pages Int\u00e9rieures A5","item":"https:\/\/leatai.com\/fr\/categorie-produit\/format-des-pages-interieures\/pages-interieures-a5\/"},{"@type":"ListItem","position":5,"name":"LGP &#8211; Pages de notes quadrill\u00e9es &#8211; L25K"}]},{"@type":"WebSite","@id":"https:\/\/leatai.com\/fr\/#website","url":"https:\/\/leatai.com\/fr\/","name":"Leatai \u2013 Fabricant de carnets personnalis\u00e9s","description":"Leatai propose des carnets et planificateurs personnalis\u00e9s pour les marques et distributeurs dans le monde entier.","publisher":{"@id":"https:\/\/leatai.com\/fr\/#organization"},"potentialAction":[{"@type":"SearchAction","target":{"@type":"EntryPoint","urlTemplate":"https:\/\/leatai.com\/fr\/?s={search_term_string}"},"query-input":{"@type":"PropertyValueSpecification","valueRequired":true,"valueName":"search_term_string"}}],"inLanguage":"fr-FR"},{"@type":"Organization","@id":"https:\/\/leatai.com\/fr\/#organization","name":"Leatai Diary, customized journal and business organizer","url":"https:\/\/leatai.com\/fr\/","logo":{"@type":"ImageObject","inLanguage":"fr-FR","@id":"https:\/\/leatai.com\/fr\/#\/schema\/logo\/image\/","url":"https:\/\/leatai.com\/wp-content\/uploads\/logo-blue.png","contentUrl":"https:\/\/leatai.com\/wp-content\/uploads\/logo-blue.png","width":230,"height":60,"caption":"Leatai Diary, customized journal and business organizer"},"image":{"@id":"https:\/\/leatai.com\/fr\/#\/schema\/logo\/image\/"}}]}},"_links":{"self":[{"href":"https:\/\/leatai.com\/fr\/wp-json\/wp\/v2\/product\/145417","targetHints":{"allow":["GET"]}}],"collection":[{"href":"https:\/\/leatai.com\/fr\/wp-json\/wp\/v2\/product"}],"about":[{"href":"https:\/\/leatai.com\/fr\/wp-json\/wp\/v2\/types\/product"}],"wp:featuredmedia":[{"embeddable":true,"href":"https:\/\/leatai.com\/fr\/wp-json\/wp\/v2\/media\/145418"}],"wp:attachment":[{"href":"https:\/\/leatai.com\/fr\/wp-json\/wp\/v2\/media?parent=145417"}],"wp:term":[{"taxonomy":"product_brand","embeddable":true,"href":"https:\/\/leatai.com\/fr\/wp-json\/wp\/v2\/product_brand?post=145417"},{"taxonomy":"product_cat","embeddable":true,"href":"https:\/\/leatai.com\/fr\/wp-json\/wp\/v2\/product_cat?post=145417"},{"taxonomy":"product_tag","embeddable":true,"href":"https:\/\/leatai.com\/fr\/wp-json\/wp\/v2\/product_tag?post=145417"},{"taxonomy":"home_works","embeddable":true,"href":"https:\/\/leatai.com\/fr\/wp-json\/wp\/v2\/home_works?post=145417"}],"curies":[{"name":"wp","href":"https:\/\/api.w.org\/{rel}","templated":true}]}}