{"id":145399,"date":"2021-06-24T13:17:30","date_gmt":"2021-06-24T05:17:30","guid":{"rendered":"https:\/\/leatai.com\/product\/non%20class\u00e9\/lgp-3-jours-a-gauche-4-jours-a-droite-planning-hebdomadaire-vertical-l25k\/"},"modified":"2025-03-13T17:09:04","modified_gmt":"2025-03-13T09:09:04","slug":"lgp-3-jours-a-gauche-4-jours-a-droite-planning-hebdomadaire-vertical-l25k","status":"publish","type":"product","link":"https:\/\/leatai.com\/fr\/product\/format-des-pages-interieures\/pages-interieures-a5\/lgp-3-jours-a-gauche-4-jours-a-droite-planning-hebdomadaire-vertical-l25k\/","title":{"rendered":"LGP &#8211; 3 jours \u00e0 gauche, 4 jours \u00e0 droite, planning hebdomadaire vertical &#8211; L25K"},"content":{"rendered":"<p>Papier : Papier adapt\u00e9 aux stylos-plume (papier interm\u00e9diaire)<br \/>\nDimensions : <a href=\"https:\/\/leatai.com\/fr\/faq\/quelles-sont-les-tailles-des-planificateurs-8k-16k-et-25k-quelle-est-leur-taille\/\" target=\"_blank\" rel=\"noopener\">25K (A5)<\/a> <a href=\"https:\/\/leatai.com\/fr\/faq\/quelles-sont-les-tailles-des-planificateurs-8k-16k-et-25k-quelle-est-leur-taille\/\" target=\"_blank\" rel=\"noopener\">(Tableau d\u00e9taill\u00e9 des tailles des journaux d\u2019entreprise)<\/a><br \/>\n\u00c9paisseur : 80 lb (80 feuilles, 160 pages par carnet)<br \/>\nImpression : Trichromie<br \/>\nContenu : Planning mensuel + Planning hebdomadaire 3 jours \u00e0 gauche, 4 jours \u00e0 droite + Section d\u2019informations<\/p>\n<p>R\u00e9partition des pages :<\/p>\n<ul>\n<li>P.1 : Page d\u2019image<\/li>\n<li>P.2~P.3 : Calendrier annuel<\/li>\n<li>P.4~P.5 : Plan annuel<\/li>\n<li>P.6~P.31 : Planning mensuel (janvier de l\u2019ann\u00e9e en cours \u00e0 janvier de l\u2019ann\u00e9e suivante, format double page par mois)<\/li>\n<li>P.32~P.33 : Objectifs annuels<\/li>\n<li>P.34~P.149 : Planning hebdomadaire (3 jours \u00e0 gauche, 4 jours \u00e0 droite, format vertical, de janvier \u00e0 fin janvier de l\u2019ann\u00e9e suivante, format double page par semaine)<\/li>\n<li>P.150~P.155 : Pages quadrill\u00e9es<\/li>\n<li>P.156~P.160 : Section d\u2019informations (R\u00e9f\u00e9rences d\u2019effets d\u2019impression courants, carte du m\u00e9tro, fiche d\u2019informations personnelles)<\/li>\n<\/ul>\n<p>Un format complet et fonctionnel, id\u00e9al pour une gestion optimis\u00e9e de l\u2019ann\u00e9e, avec un espace d\u00e9di\u00e9 aux informations et \u00e0 la prise de notes !<\/p>\n","protected":false},"excerpt":{"rendered":"<p>Papier : Papier adapt\u00e9 aux stylos-plume (papier interm\u00e9diaire) Dimensions : 25K (A5) (Tableau d\u00e9taill\u00e9 des tailles des journaux d\u2019entreprise) \u00c9paisseur : 80 lb (80 feuilles, 160 pages par carnet) Impression : Trichromie Contenu : Planning mensuel + Planning hebdomadaire 3 jours \u00e0 gauche, 4 jours \u00e0 droite + Section d\u2019informations R\u00e9partition des pages : P.1 [&hellip;]<\/p>\n","protected":false},"featured_media":145416,"template":"","meta":{"_acf_changed":false},"product_brand":[],"product_cat":[971,997],"product_tag":[1384,1385,1382],"home_works":[],"class_list":{"0":"post-145399","1":"product","2":"type-product","3":"status-publish","4":"has-post-thumbnail","6":"product_cat-format-des-pages-interieures","7":"product_cat-pages-interieures-a5","8":"product_tag-25k-fr","9":"product_tag-a5-fr","10":"product_tag-pages-de-planification-et-de-prise-de-notes","12":"first","13":"instock","14":"sold-individually","15":"shipping-taxable","16":"purchasable","17":"product-type-simple"},"acf":[],"yoast_head":"<!-- This site is optimized with the Yoast SEO plugin v27.2 - https:\/\/yoast.com\/product\/yoast-seo-wordpress\/ -->\n<title>LGP - 3 jours \u00e0 gauche, 4 jours \u00e0 droite, planning hebdomadaire vertical - L25K - Pages de planification et de prise de notes - Leatai \u2013 Fabricant de carnets personnalis\u00e9s<\/title>\n<meta name=\"description\" content=\"Format des pages int\u00e9rieures du journal d\u2019entreprise : 3 jours \u00e0 gauche, 4 jours \u00e0 droite (format vertical) Papier : Papier adapt\u00e9 aux stylos-plume (papier interm\u00e9diaire) Dimensions : 25K (A5) \u00c9paisseur : 80 lb (80 feuilles, 160 pages par carnet) Impression : Trichromie Contenu : Planning mensuel + Planning hebdomadaire 3 jours \u00e0 gauche, 4 jours \u00e0 droite + Section d\u2019informations Un format structur\u00e9, id\u00e9al pour une gestion efficace du temps avec un espace d\u00e9di\u00e9 aux informations et aux notes !\" \/>\n<meta name=\"robots\" content=\"index, follow, max-snippet:-1, max-image-preview:large, max-video-preview:-1\" \/>\n<link rel=\"canonical\" href=\"https:\/\/leatai.com\/fr\/product\/format-des-pages-interieures\/pages-interieures-a5\/lgp-3-jours-a-gauche-4-jours-a-droite-planning-hebdomadaire-vertical-l25k\/\" \/>\n<meta property=\"og:locale\" content=\"fr_FR\" \/>\n<meta property=\"og:type\" content=\"article\" \/>\n<meta property=\"og:title\" content=\"LGP - 3 jours \u00e0 gauche, 4 jours \u00e0 droite, planning hebdomadaire vertical - L25K - Pages de planification et de prise de notes - Leatai \u2013 Fabricant de carnets personnalis\u00e9s\" \/>\n<meta property=\"og:description\" content=\"Format des pages int\u00e9rieures du journal d\u2019entreprise : 3 jours \u00e0 gauche, 4 jours \u00e0 droite (format vertical) Papier : Papier adapt\u00e9 aux stylos-plume (papier interm\u00e9diaire) Dimensions : 25K (A5) \u00c9paisseur : 80 lb (80 feuilles, 160 pages par carnet) Impression : Trichromie Contenu : Planning mensuel + Planning hebdomadaire 3 jours \u00e0 gauche, 4 jours \u00e0 droite + Section d\u2019informations Un format structur\u00e9, id\u00e9al pour une gestion efficace du temps avec un espace d\u00e9di\u00e9 aux informations et aux notes !\" \/>\n<meta property=\"og:url\" content=\"https:\/\/leatai.com\/fr\/product\/format-des-pages-interieures\/pages-interieures-a5\/lgp-3-jours-a-gauche-4-jours-a-droite-planning-hebdomadaire-vertical-l25k\/\" \/>\n<meta property=\"og:site_name\" content=\"Leatai \u2013 Fabricant de carnets personnalis\u00e9s\" \/>\n<meta property=\"article:modified_time\" content=\"2025-03-13T09:09:04+00:00\" \/>\n<meta property=\"og:image\" content=\"https:\/\/leatai.com\/wp-content\/uploads\/25K\u76f4\u5f0f\u9031\u8a08\u756b-1000X750-4.jpg\" \/>\n\t<meta property=\"og:image:width\" content=\"1000\" \/>\n\t<meta property=\"og:image:height\" content=\"750\" \/>\n\t<meta property=\"og:image:type\" content=\"image\/jpeg\" \/>\n<meta name=\"twitter:card\" content=\"summary_large_image\" \/>\n<meta name=\"twitter:label1\" content=\"Dur\u00e9e de lecture estim\u00e9e\" \/>\n\t<meta name=\"twitter:data1\" content=\"1 minute\" \/>\n<script type=\"application\/ld+json\" class=\"yoast-schema-graph\">{\"@context\":\"https:\/\/schema.org\",\"@graph\":[{\"@type\":\"WebPage\",\"@id\":\"https:\/\/leatai.com\/fr\/product\/format-des-pages-interieures\/pages-interieures-a5\/lgp-3-jours-a-gauche-4-jours-a-droite-planning-hebdomadaire-vertical-l25k\/\",\"url\":\"https:\/\/leatai.com\/fr\/product\/format-des-pages-interieures\/pages-interieures-a5\/lgp-3-jours-a-gauche-4-jours-a-droite-planning-hebdomadaire-vertical-l25k\/\",\"name\":\"LGP - 3 jours \u00e0 gauche, 4 jours \u00e0 droite, planning hebdomadaire vertical - L25K - Pages de planification et de prise de notes - Leatai \u2013 Fabricant de carnets personnalis\u00e9s\",\"isPartOf\":{\"@id\":\"https:\/\/leatai.com\/fr\/#website\"},\"primaryImageOfPage\":{\"@id\":\"https:\/\/leatai.com\/fr\/product\/format-des-pages-interieures\/pages-interieures-a5\/lgp-3-jours-a-gauche-4-jours-a-droite-planning-hebdomadaire-vertical-l25k\/#primaryimage\"},\"image\":{\"@id\":\"https:\/\/leatai.com\/fr\/product\/format-des-pages-interieures\/pages-interieures-a5\/lgp-3-jours-a-gauche-4-jours-a-droite-planning-hebdomadaire-vertical-l25k\/#primaryimage\"},\"thumbnailUrl\":\"https:\/\/leatai.com\/wp-content\/uploads\/25K\u76f4\u5f0f\u9031\u8a08\u756b-1000X750-4.jpg\",\"datePublished\":\"2021-06-24T05:17:30+00:00\",\"dateModified\":\"2025-03-13T09:09:04+00:00\",\"description\":\"Format des pages int\u00e9rieures du journal d\u2019entreprise : 3 jours \u00e0 gauche, 4 jours \u00e0 droite (format vertical) Papier : Papier adapt\u00e9 aux stylos-plume (papier interm\u00e9diaire) Dimensions : 25K (A5) \u00c9paisseur : 80 lb (80 feuilles, 160 pages par carnet) Impression : Trichromie Contenu : Planning mensuel + Planning hebdomadaire 3 jours \u00e0 gauche, 4 jours \u00e0 droite + Section d\u2019informations Un format structur\u00e9, id\u00e9al pour une gestion efficace du temps avec un espace d\u00e9di\u00e9 aux informations et aux notes !\",\"breadcrumb\":{\"@id\":\"https:\/\/leatai.com\/fr\/product\/format-des-pages-interieures\/pages-interieures-a5\/lgp-3-jours-a-gauche-4-jours-a-droite-planning-hebdomadaire-vertical-l25k\/#breadcrumb\"},\"inLanguage\":\"fr-FR\",\"potentialAction\":[{\"@type\":\"ReadAction\",\"target\":[\"https:\/\/leatai.com\/fr\/product\/format-des-pages-interieures\/pages-interieures-a5\/lgp-3-jours-a-gauche-4-jours-a-droite-planning-hebdomadaire-vertical-l25k\/\"]}]},{\"@type\":\"ImageObject\",\"inLanguage\":\"fr-FR\",\"@id\":\"https:\/\/leatai.com\/fr\/product\/format-des-pages-interieures\/pages-interieures-a5\/lgp-3-jours-a-gauche-4-jours-a-droite-planning-hebdomadaire-vertical-l25k\/#primaryimage\",\"url\":\"https:\/\/leatai.com\/wp-content\/uploads\/25K\u76f4\u5f0f\u9031\u8a08\u756b-1000X750-4.jpg\",\"contentUrl\":\"https:\/\/leatai.com\/wp-content\/uploads\/25K\u76f4\u5f0f\u9031\u8a08\u756b-1000X750-4.jpg\",\"width\":1000,\"height\":750,\"caption\":\"Pages de planification et de prise de notes\"},{\"@type\":\"BreadcrumbList\",\"@id\":\"https:\/\/leatai.com\/fr\/product\/format-des-pages-interieures\/pages-interieures-a5\/lgp-3-jours-a-gauche-4-jours-a-droite-planning-hebdomadaire-vertical-l25k\/#breadcrumb\",\"itemListElement\":[{\"@type\":\"ListItem\",\"position\":1,\"name\":\"Home\",\"item\":\"https:\/\/leatai.com\/fr\/\"},{\"@type\":\"ListItem\",\"position\":2,\"name\":\"Pr\u00e9sentation des produits\",\"item\":\"https:\/\/leatai.com\/products\/\"},{\"@type\":\"ListItem\",\"position\":3,\"name\":\"Format des pages int\u00e9rieures\",\"item\":\"https:\/\/leatai.com\/fr\/categorie-produit\/format-des-pages-interieures\/\"},{\"@type\":\"ListItem\",\"position\":4,\"name\":\"Pages Int\u00e9rieures A5\",\"item\":\"https:\/\/leatai.com\/fr\/categorie-produit\/format-des-pages-interieures\/pages-interieures-a5\/\"},{\"@type\":\"ListItem\",\"position\":5,\"name\":\"LGP &#8211; 3 jours \u00e0 gauche, 4 jours \u00e0 droite, planning hebdomadaire vertical &#8211; L25K\"}]},{\"@type\":\"WebSite\",\"@id\":\"https:\/\/leatai.com\/fr\/#website\",\"url\":\"https:\/\/leatai.com\/fr\/\",\"name\":\"Leatai \u2013 Fabricant de carnets personnalis\u00e9s\",\"description\":\"Leatai propose des carnets et planificateurs personnalis\u00e9s pour les marques et distributeurs dans le monde entier.\",\"publisher\":{\"@id\":\"https:\/\/leatai.com\/fr\/#organization\"},\"potentialAction\":[{\"@type\":\"SearchAction\",\"target\":{\"@type\":\"EntryPoint\",\"urlTemplate\":\"https:\/\/leatai.com\/fr\/?s={search_term_string}\"},\"query-input\":{\"@type\":\"PropertyValueSpecification\",\"valueRequired\":true,\"valueName\":\"search_term_string\"}}],\"inLanguage\":\"fr-FR\"},{\"@type\":\"Organization\",\"@id\":\"https:\/\/leatai.com\/fr\/#organization\",\"name\":\"Leatai Diary, customized journal and business organizer\",\"url\":\"https:\/\/leatai.com\/fr\/\",\"logo\":{\"@type\":\"ImageObject\",\"inLanguage\":\"fr-FR\",\"@id\":\"https:\/\/leatai.com\/fr\/#\/schema\/logo\/image\/\",\"url\":\"https:\/\/leatai.com\/wp-content\/uploads\/logo-blue.png\",\"contentUrl\":\"https:\/\/leatai.com\/wp-content\/uploads\/logo-blue.png\",\"width\":230,\"height\":60,\"caption\":\"Leatai Diary, customized journal and business organizer\"},\"image\":{\"@id\":\"https:\/\/leatai.com\/fr\/#\/schema\/logo\/image\/\"}}]}<\/script>\n<!-- \/ Yoast SEO plugin. -->","yoast_head_json":{"title":"LGP - 3 jours \u00e0 gauche, 4 jours \u00e0 droite, planning hebdomadaire vertical - L25K - Pages de planification et de prise de notes - Leatai \u2013 Fabricant de carnets personnalis\u00e9s","description":"Format des pages int\u00e9rieures du journal d\u2019entreprise : 3 jours \u00e0 gauche, 4 jours \u00e0 droite (format vertical) Papier : Papier adapt\u00e9 aux stylos-plume (papier interm\u00e9diaire) Dimensions : 25K (A5) \u00c9paisseur : 80 lb (80 feuilles, 160 pages par carnet) Impression : Trichromie Contenu : Planning mensuel + Planning hebdomadaire 3 jours \u00e0 gauche, 4 jours \u00e0 droite + Section d\u2019informations Un format structur\u00e9, id\u00e9al pour une gestion efficace du temps avec un espace d\u00e9di\u00e9 aux informations et aux notes !","robots":{"index":"index","follow":"follow","max-snippet":"max-snippet:-1","max-image-preview":"max-image-preview:large","max-video-preview":"max-video-preview:-1"},"canonical":"https:\/\/leatai.com\/fr\/product\/format-des-pages-interieures\/pages-interieures-a5\/lgp-3-jours-a-gauche-4-jours-a-droite-planning-hebdomadaire-vertical-l25k\/","og_locale":"fr_FR","og_type":"article","og_title":"LGP - 3 jours \u00e0 gauche, 4 jours \u00e0 droite, planning hebdomadaire vertical - L25K - Pages de planification et de prise de notes - Leatai \u2013 Fabricant de carnets personnalis\u00e9s","og_description":"Format des pages int\u00e9rieures du journal d\u2019entreprise : 3 jours \u00e0 gauche, 4 jours \u00e0 droite (format vertical) Papier : Papier adapt\u00e9 aux stylos-plume (papier interm\u00e9diaire) Dimensions : 25K (A5) \u00c9paisseur : 80 lb (80 feuilles, 160 pages par carnet) Impression : Trichromie Contenu : Planning mensuel + Planning hebdomadaire 3 jours \u00e0 gauche, 4 jours \u00e0 droite + Section d\u2019informations Un format structur\u00e9, id\u00e9al pour une gestion efficace du temps avec un espace d\u00e9di\u00e9 aux informations et aux notes !","og_url":"https:\/\/leatai.com\/fr\/product\/format-des-pages-interieures\/pages-interieures-a5\/lgp-3-jours-a-gauche-4-jours-a-droite-planning-hebdomadaire-vertical-l25k\/","og_site_name":"Leatai \u2013 Fabricant de carnets personnalis\u00e9s","article_modified_time":"2025-03-13T09:09:04+00:00","og_image":[{"width":1000,"height":750,"url":"https:\/\/leatai.com\/wp-content\/uploads\/25K\u76f4\u5f0f\u9031\u8a08\u756b-1000X750-4.jpg","type":"image\/jpeg"}],"twitter_card":"summary_large_image","twitter_misc":{"Dur\u00e9e de lecture estim\u00e9e":"1 minute"},"schema":{"@context":"https:\/\/schema.org","@graph":[{"@type":"WebPage","@id":"https:\/\/leatai.com\/fr\/product\/format-des-pages-interieures\/pages-interieures-a5\/lgp-3-jours-a-gauche-4-jours-a-droite-planning-hebdomadaire-vertical-l25k\/","url":"https:\/\/leatai.com\/fr\/product\/format-des-pages-interieures\/pages-interieures-a5\/lgp-3-jours-a-gauche-4-jours-a-droite-planning-hebdomadaire-vertical-l25k\/","name":"LGP - 3 jours \u00e0 gauche, 4 jours \u00e0 droite, planning hebdomadaire vertical - L25K - Pages de planification et de prise de notes - Leatai \u2013 Fabricant de carnets personnalis\u00e9s","isPartOf":{"@id":"https:\/\/leatai.com\/fr\/#website"},"primaryImageOfPage":{"@id":"https:\/\/leatai.com\/fr\/product\/format-des-pages-interieures\/pages-interieures-a5\/lgp-3-jours-a-gauche-4-jours-a-droite-planning-hebdomadaire-vertical-l25k\/#primaryimage"},"image":{"@id":"https:\/\/leatai.com\/fr\/product\/format-des-pages-interieures\/pages-interieures-a5\/lgp-3-jours-a-gauche-4-jours-a-droite-planning-hebdomadaire-vertical-l25k\/#primaryimage"},"thumbnailUrl":"https:\/\/leatai.com\/wp-content\/uploads\/25K\u76f4\u5f0f\u9031\u8a08\u756b-1000X750-4.jpg","datePublished":"2021-06-24T05:17:30+00:00","dateModified":"2025-03-13T09:09:04+00:00","description":"Format des pages int\u00e9rieures du journal d\u2019entreprise : 3 jours \u00e0 gauche, 4 jours \u00e0 droite (format vertical) Papier : Papier adapt\u00e9 aux stylos-plume (papier interm\u00e9diaire) Dimensions : 25K (A5) \u00c9paisseur : 80 lb (80 feuilles, 160 pages par carnet) Impression : Trichromie Contenu : Planning mensuel + Planning hebdomadaire 3 jours \u00e0 gauche, 4 jours \u00e0 droite + Section d\u2019informations Un format structur\u00e9, id\u00e9al pour une gestion efficace du temps avec un espace d\u00e9di\u00e9 aux informations et aux notes !","breadcrumb":{"@id":"https:\/\/leatai.com\/fr\/product\/format-des-pages-interieures\/pages-interieures-a5\/lgp-3-jours-a-gauche-4-jours-a-droite-planning-hebdomadaire-vertical-l25k\/#breadcrumb"},"inLanguage":"fr-FR","potentialAction":[{"@type":"ReadAction","target":["https:\/\/leatai.com\/fr\/product\/format-des-pages-interieures\/pages-interieures-a5\/lgp-3-jours-a-gauche-4-jours-a-droite-planning-hebdomadaire-vertical-l25k\/"]}]},{"@type":"ImageObject","inLanguage":"fr-FR","@id":"https:\/\/leatai.com\/fr\/product\/format-des-pages-interieures\/pages-interieures-a5\/lgp-3-jours-a-gauche-4-jours-a-droite-planning-hebdomadaire-vertical-l25k\/#primaryimage","url":"https:\/\/leatai.com\/wp-content\/uploads\/25K\u76f4\u5f0f\u9031\u8a08\u756b-1000X750-4.jpg","contentUrl":"https:\/\/leatai.com\/wp-content\/uploads\/25K\u76f4\u5f0f\u9031\u8a08\u756b-1000X750-4.jpg","width":1000,"height":750,"caption":"Pages de planification et de prise de notes"},{"@type":"BreadcrumbList","@id":"https:\/\/leatai.com\/fr\/product\/format-des-pages-interieures\/pages-interieures-a5\/lgp-3-jours-a-gauche-4-jours-a-droite-planning-hebdomadaire-vertical-l25k\/#breadcrumb","itemListElement":[{"@type":"ListItem","position":1,"name":"Home","item":"https:\/\/leatai.com\/fr\/"},{"@type":"ListItem","position":2,"name":"Pr\u00e9sentation des produits","item":"https:\/\/leatai.com\/products\/"},{"@type":"ListItem","position":3,"name":"Format des pages int\u00e9rieures","item":"https:\/\/leatai.com\/fr\/categorie-produit\/format-des-pages-interieures\/"},{"@type":"ListItem","position":4,"name":"Pages Int\u00e9rieures A5","item":"https:\/\/leatai.com\/fr\/categorie-produit\/format-des-pages-interieures\/pages-interieures-a5\/"},{"@type":"ListItem","position":5,"name":"LGP &#8211; 3 jours \u00e0 gauche, 4 jours \u00e0 droite, planning hebdomadaire vertical &#8211; L25K"}]},{"@type":"WebSite","@id":"https:\/\/leatai.com\/fr\/#website","url":"https:\/\/leatai.com\/fr\/","name":"Leatai \u2013 Fabricant de carnets personnalis\u00e9s","description":"Leatai propose des carnets et planificateurs personnalis\u00e9s pour les marques et distributeurs dans le monde entier.","publisher":{"@id":"https:\/\/leatai.com\/fr\/#organization"},"potentialAction":[{"@type":"SearchAction","target":{"@type":"EntryPoint","urlTemplate":"https:\/\/leatai.com\/fr\/?s={search_term_string}"},"query-input":{"@type":"PropertyValueSpecification","valueRequired":true,"valueName":"search_term_string"}}],"inLanguage":"fr-FR"},{"@type":"Organization","@id":"https:\/\/leatai.com\/fr\/#organization","name":"Leatai Diary, customized journal and business organizer","url":"https:\/\/leatai.com\/fr\/","logo":{"@type":"ImageObject","inLanguage":"fr-FR","@id":"https:\/\/leatai.com\/fr\/#\/schema\/logo\/image\/","url":"https:\/\/leatai.com\/wp-content\/uploads\/logo-blue.png","contentUrl":"https:\/\/leatai.com\/wp-content\/uploads\/logo-blue.png","width":230,"height":60,"caption":"Leatai Diary, customized journal and business organizer"},"image":{"@id":"https:\/\/leatai.com\/fr\/#\/schema\/logo\/image\/"}}]}},"_links":{"self":[{"href":"https:\/\/leatai.com\/fr\/wp-json\/wp\/v2\/product\/145399","targetHints":{"allow":["GET"]}}],"collection":[{"href":"https:\/\/leatai.com\/fr\/wp-json\/wp\/v2\/product"}],"about":[{"href":"https:\/\/leatai.com\/fr\/wp-json\/wp\/v2\/types\/product"}],"wp:featuredmedia":[{"embeddable":true,"href":"https:\/\/leatai.com\/fr\/wp-json\/wp\/v2\/media\/145416"}],"wp:attachment":[{"href":"https:\/\/leatai.com\/fr\/wp-json\/wp\/v2\/media?parent=145399"}],"wp:term":[{"taxonomy":"product_brand","embeddable":true,"href":"https:\/\/leatai.com\/fr\/wp-json\/wp\/v2\/product_brand?post=145399"},{"taxonomy":"product_cat","embeddable":true,"href":"https:\/\/leatai.com\/fr\/wp-json\/wp\/v2\/product_cat?post=145399"},{"taxonomy":"product_tag","embeddable":true,"href":"https:\/\/leatai.com\/fr\/wp-json\/wp\/v2\/product_tag?post=145399"},{"taxonomy":"home_works","embeddable":true,"href":"https:\/\/leatai.com\/fr\/wp-json\/wp\/v2\/home_works?post=145399"}],"curies":[{"name":"wp","href":"https:\/\/api.w.org\/{rel}","templated":true}]}}