{"id":145305,"date":"2021-06-24T13:17:29","date_gmt":"2021-06-24T05:17:29","guid":{"rendered":"https:\/\/leatai.com\/product\/non%20class\u00e9\/lgp-7-jours-a-gauche-notes-a-droite-a16k\/"},"modified":"2025-03-13T15:08:19","modified_gmt":"2025-03-13T07:08:19","slug":"lgp-7-jours-a-gauche-notes-a-droite-a16k","status":"publish","type":"product","link":"https:\/\/leatai.com\/fr\/product\/format-des-pages-interieures\/pages-interieures-b5\/lgp-7-jours-a-gauche-notes-a-droite-a16k\/","title":{"rendered":"LGP-7 jours \u00e0 gauche, notes \u00e0 droite-A16K"},"content":{"rendered":"<p>Papier : Papier blanc Daolin<br \/>\nDimensions : <a href=\"https:\/\/leatai.com\/fr\/faq\/quelles-sont-les-tailles-des-planificateurs-8k-16k-et-25k-quelle-est-leur-taille\/\" target=\"_blank\" rel=\"noopener\">16K (B5)<\/a> <a href=\"https:\/\/leatai.com\/fr\/faq\/quelles-sont-les-tailles-des-planificateurs-8k-16k-et-25k-quelle-est-leur-taille\/\" target=\"_blank\" rel=\"noopener\">(Tableau d\u00e9taill\u00e9 des tailles des journaux d\u2019entreprise)<\/a><br \/>\n\u00c9paisseur : 80 lb (72 feuilles, 144 pages par carnet)<br \/>\nImpression : Bichromie<br \/>\nContenu : Calendrier annuel + 7 jours sur la page gauche et page de notes lign\u00e9es \u00e0 droite + Almanach traditionnel<\/p>\n<p>R\u00e9partition des pages :<\/p>\n<ul>\n<li>P.1 : Liste des jours f\u00e9ri\u00e9s et f\u00eates<\/li>\n<li>P.2~P.3 : Calendrier annuel<\/li>\n<li>P.4~P.5 : Plan annuel<\/li>\n<li>P.6~P.17 : Planning mensuel (format vertical)<\/li>\n<li>P.18~P.123 : Page gauche \u2013 7 jours \/ Page droite \u2013 Notes lign\u00e9es (de janvier \u00e0 d\u00e9cembre de l\u2019ann\u00e9e en cours)<\/li>\n<li>P.124~P.135 : Section d\u2019informations (carnet d\u2019adresses, pages lign\u00e9es, unit\u00e9s de mesure, codes postaux, carte du m\u00e9tro, plan des autoroutes)<\/li>\n<li>P.136~P.144 : Almanach traditionnel<\/li>\n<\/ul>\n<p>Un format structur\u00e9 et pratique, id\u00e9al pour l\u2019organisation quotidienne et la prise de notes !<\/p>\n","protected":false},"excerpt":{"rendered":"<p>Papier : Papier blanc Daolin Dimensions : 16K (B5) (Tableau d\u00e9taill\u00e9 des tailles des journaux d\u2019entreprise) \u00c9paisseur : 80 lb (72 feuilles, 144 pages par carnet) Impression : Bichromie Contenu : Calendrier annuel + 7 jours sur la page gauche et page de notes lign\u00e9es \u00e0 droite + Almanach traditionnel R\u00e9partition des pages : P.1 [&hellip;]<\/p>\n","protected":false},"featured_media":145310,"template":"","meta":{"_acf_changed":false},"product_brand":[],"product_cat":[971,984],"product_tag":[1381,1383,1382],"home_works":[],"class_list":{"0":"post-145305","1":"product","2":"type-product","3":"status-publish","4":"has-post-thumbnail","6":"product_cat-format-des-pages-interieures","7":"product_cat-pages-interieures-b5","8":"product_tag-16k-fr","9":"product_tag-b5-fr","10":"product_tag-pages-de-planification-et-de-prise-de-notes","12":"first","13":"instock","14":"sold-individually","15":"shipping-taxable","16":"purchasable","17":"product-type-simple"},"acf":[],"yoast_head":"<!-- This site is optimized with the Yoast SEO plugin v27.2 - https:\/\/yoast.com\/product\/yoast-seo-wordpress\/ -->\n<title>LGP-7 jours \u00e0 gauche, notes \u00e0 droite-A16K - Pages de planification et de prise de notes - Leatai \u2013 Fabricant de carnets personnalis\u00e9s<\/title>\n<meta name=\"description\" content=\"Format des pages int\u00e9rieures du journal d\u2019entreprise : 7 jours \u00e0 gauche, notes \u00e0 droite (format vertical) Papier : Papier blanc Daolin Dimensions : 16K (B5) \u00c9paisseur : 80 lb (72 feuilles, 144 pages par carnet) Impression : Bichromie Contenu : Calendrier annuel + 7 jours sur la page gauche et page de notes lign\u00e9es \u00e0 droite + Almanach traditionnel Une mise en page optimis\u00e9e pour une gestion du temps plus pratique et efficace.\" \/>\n<meta name=\"robots\" content=\"index, follow, max-snippet:-1, max-image-preview:large, max-video-preview:-1\" \/>\n<link rel=\"canonical\" href=\"https:\/\/leatai.com\/fr\/product\/format-des-pages-interieures\/pages-interieures-b5\/lgp-7-jours-a-gauche-notes-a-droite-a16k\/\" \/>\n<meta property=\"og:locale\" content=\"fr_FR\" \/>\n<meta property=\"og:type\" content=\"article\" \/>\n<meta property=\"og:title\" content=\"LGP-7 jours \u00e0 gauche, notes \u00e0 droite-A16K - Pages de planification et de prise de notes - Leatai \u2013 Fabricant de carnets personnalis\u00e9s\" \/>\n<meta property=\"og:description\" content=\"Format des pages int\u00e9rieures du journal d\u2019entreprise : 7 jours \u00e0 gauche, notes \u00e0 droite (format vertical) Papier : Papier blanc Daolin Dimensions : 16K (B5) \u00c9paisseur : 80 lb (72 feuilles, 144 pages par carnet) Impression : Bichromie Contenu : Calendrier annuel + 7 jours sur la page gauche et page de notes lign\u00e9es \u00e0 droite + Almanach traditionnel Une mise en page optimis\u00e9e pour une gestion du temps plus pratique et efficace.\" \/>\n<meta property=\"og:url\" content=\"https:\/\/leatai.com\/fr\/product\/format-des-pages-interieures\/pages-interieures-b5\/lgp-7-jours-a-gauche-notes-a-droite-a16k\/\" \/>\n<meta property=\"og:site_name\" content=\"Leatai \u2013 Fabricant de carnets personnalis\u00e9s\" \/>\n<meta property=\"article:modified_time\" content=\"2025-03-13T07:08:19+00:00\" \/>\n<meta property=\"og:image\" content=\"https:\/\/leatai.com\/wp-content\/uploads\/\u5de6\u4e03\u53f3MEMO-01-scaled.jpg\" \/>\n\t<meta property=\"og:image:width\" content=\"2560\" \/>\n\t<meta property=\"og:image:height\" content=\"1776\" \/>\n\t<meta property=\"og:image:type\" content=\"image\/jpeg\" \/>\n<meta name=\"twitter:card\" content=\"summary_large_image\" \/>\n<meta name=\"twitter:label1\" content=\"Dur\u00e9e de lecture estim\u00e9e\" \/>\n\t<meta name=\"twitter:data1\" content=\"1 minute\" \/>\n<script type=\"application\/ld+json\" class=\"yoast-schema-graph\">{\"@context\":\"https:\/\/schema.org\",\"@graph\":[{\"@type\":\"WebPage\",\"@id\":\"https:\/\/leatai.com\/fr\/product\/format-des-pages-interieures\/pages-interieures-b5\/lgp-7-jours-a-gauche-notes-a-droite-a16k\/\",\"url\":\"https:\/\/leatai.com\/fr\/product\/format-des-pages-interieures\/pages-interieures-b5\/lgp-7-jours-a-gauche-notes-a-droite-a16k\/\",\"name\":\"LGP-7 jours \u00e0 gauche, notes \u00e0 droite-A16K - Pages de planification et de prise de notes - Leatai \u2013 Fabricant de carnets personnalis\u00e9s\",\"isPartOf\":{\"@id\":\"https:\/\/leatai.com\/fr\/#website\"},\"primaryImageOfPage\":{\"@id\":\"https:\/\/leatai.com\/fr\/product\/format-des-pages-interieures\/pages-interieures-b5\/lgp-7-jours-a-gauche-notes-a-droite-a16k\/#primaryimage\"},\"image\":{\"@id\":\"https:\/\/leatai.com\/fr\/product\/format-des-pages-interieures\/pages-interieures-b5\/lgp-7-jours-a-gauche-notes-a-droite-a16k\/#primaryimage\"},\"thumbnailUrl\":\"https:\/\/leatai.com\/wp-content\/uploads\/\u5de6\u4e03\u53f3MEMO-01-scaled.jpg\",\"datePublished\":\"2021-06-24T05:17:29+00:00\",\"dateModified\":\"2025-03-13T07:08:19+00:00\",\"description\":\"Format des pages int\u00e9rieures du journal d\u2019entreprise : 7 jours \u00e0 gauche, notes \u00e0 droite (format vertical) Papier : Papier blanc Daolin Dimensions : 16K (B5) \u00c9paisseur : 80 lb (72 feuilles, 144 pages par carnet) Impression : Bichromie Contenu : Calendrier annuel + 7 jours sur la page gauche et page de notes lign\u00e9es \u00e0 droite + Almanach traditionnel Une mise en page optimis\u00e9e pour une gestion du temps plus pratique et efficace.\",\"breadcrumb\":{\"@id\":\"https:\/\/leatai.com\/fr\/product\/format-des-pages-interieures\/pages-interieures-b5\/lgp-7-jours-a-gauche-notes-a-droite-a16k\/#breadcrumb\"},\"inLanguage\":\"fr-FR\",\"potentialAction\":[{\"@type\":\"ReadAction\",\"target\":[\"https:\/\/leatai.com\/fr\/product\/format-des-pages-interieures\/pages-interieures-b5\/lgp-7-jours-a-gauche-notes-a-droite-a16k\/\"]}]},{\"@type\":\"ImageObject\",\"inLanguage\":\"fr-FR\",\"@id\":\"https:\/\/leatai.com\/fr\/product\/format-des-pages-interieures\/pages-interieures-b5\/lgp-7-jours-a-gauche-notes-a-droite-a16k\/#primaryimage\",\"url\":\"https:\/\/leatai.com\/wp-content\/uploads\/\u5de6\u4e03\u53f3MEMO-01-scaled.jpg\",\"contentUrl\":\"https:\/\/leatai.com\/wp-content\/uploads\/\u5de6\u4e03\u53f3MEMO-01-scaled.jpg\",\"width\":2560,\"height\":1776,\"caption\":\"Pages de planification et de prise de notes\"},{\"@type\":\"BreadcrumbList\",\"@id\":\"https:\/\/leatai.com\/fr\/product\/format-des-pages-interieures\/pages-interieures-b5\/lgp-7-jours-a-gauche-notes-a-droite-a16k\/#breadcrumb\",\"itemListElement\":[{\"@type\":\"ListItem\",\"position\":1,\"name\":\"Home\",\"item\":\"https:\/\/leatai.com\/fr\/\"},{\"@type\":\"ListItem\",\"position\":2,\"name\":\"Pr\u00e9sentation des produits\",\"item\":\"https:\/\/leatai.com\/products\/\"},{\"@type\":\"ListItem\",\"position\":3,\"name\":\"Format des pages int\u00e9rieures\",\"item\":\"https:\/\/leatai.com\/fr\/categorie-produit\/format-des-pages-interieures\/\"},{\"@type\":\"ListItem\",\"position\":4,\"name\":\"Pages Int\u00e9rieures B5\",\"item\":\"https:\/\/leatai.com\/fr\/categorie-produit\/format-des-pages-interieures\/pages-interieures-b5\/\"},{\"@type\":\"ListItem\",\"position\":5,\"name\":\"LGP-7 jours \u00e0 gauche, notes \u00e0 droite-A16K\"}]},{\"@type\":\"WebSite\",\"@id\":\"https:\/\/leatai.com\/fr\/#website\",\"url\":\"https:\/\/leatai.com\/fr\/\",\"name\":\"Leatai \u2013 Fabricant de carnets personnalis\u00e9s\",\"description\":\"Leatai propose des carnets et planificateurs personnalis\u00e9s pour les marques et distributeurs dans le monde entier.\",\"publisher\":{\"@id\":\"https:\/\/leatai.com\/fr\/#organization\"},\"potentialAction\":[{\"@type\":\"SearchAction\",\"target\":{\"@type\":\"EntryPoint\",\"urlTemplate\":\"https:\/\/leatai.com\/fr\/?s={search_term_string}\"},\"query-input\":{\"@type\":\"PropertyValueSpecification\",\"valueRequired\":true,\"valueName\":\"search_term_string\"}}],\"inLanguage\":\"fr-FR\"},{\"@type\":\"Organization\",\"@id\":\"https:\/\/leatai.com\/fr\/#organization\",\"name\":\"Leatai Diary, customized journal and business organizer\",\"url\":\"https:\/\/leatai.com\/fr\/\",\"logo\":{\"@type\":\"ImageObject\",\"inLanguage\":\"fr-FR\",\"@id\":\"https:\/\/leatai.com\/fr\/#\/schema\/logo\/image\/\",\"url\":\"https:\/\/leatai.com\/wp-content\/uploads\/logo-blue.png\",\"contentUrl\":\"https:\/\/leatai.com\/wp-content\/uploads\/logo-blue.png\",\"width\":230,\"height\":60,\"caption\":\"Leatai Diary, customized journal and business organizer\"},\"image\":{\"@id\":\"https:\/\/leatai.com\/fr\/#\/schema\/logo\/image\/\"}}]}<\/script>\n<!-- \/ Yoast SEO plugin. -->","yoast_head_json":{"title":"LGP-7 jours \u00e0 gauche, notes \u00e0 droite-A16K - Pages de planification et de prise de notes - Leatai \u2013 Fabricant de carnets personnalis\u00e9s","description":"Format des pages int\u00e9rieures du journal d\u2019entreprise : 7 jours \u00e0 gauche, notes \u00e0 droite (format vertical) Papier : Papier blanc Daolin Dimensions : 16K (B5) \u00c9paisseur : 80 lb (72 feuilles, 144 pages par carnet) Impression : Bichromie Contenu : Calendrier annuel + 7 jours sur la page gauche et page de notes lign\u00e9es \u00e0 droite + Almanach traditionnel Une mise en page optimis\u00e9e pour une gestion du temps plus pratique et efficace.","robots":{"index":"index","follow":"follow","max-snippet":"max-snippet:-1","max-image-preview":"max-image-preview:large","max-video-preview":"max-video-preview:-1"},"canonical":"https:\/\/leatai.com\/fr\/product\/format-des-pages-interieures\/pages-interieures-b5\/lgp-7-jours-a-gauche-notes-a-droite-a16k\/","og_locale":"fr_FR","og_type":"article","og_title":"LGP-7 jours \u00e0 gauche, notes \u00e0 droite-A16K - Pages de planification et de prise de notes - Leatai \u2013 Fabricant de carnets personnalis\u00e9s","og_description":"Format des pages int\u00e9rieures du journal d\u2019entreprise : 7 jours \u00e0 gauche, notes \u00e0 droite (format vertical) Papier : Papier blanc Daolin Dimensions : 16K (B5) \u00c9paisseur : 80 lb (72 feuilles, 144 pages par carnet) Impression : Bichromie Contenu : Calendrier annuel + 7 jours sur la page gauche et page de notes lign\u00e9es \u00e0 droite + Almanach traditionnel Une mise en page optimis\u00e9e pour une gestion du temps plus pratique et efficace.","og_url":"https:\/\/leatai.com\/fr\/product\/format-des-pages-interieures\/pages-interieures-b5\/lgp-7-jours-a-gauche-notes-a-droite-a16k\/","og_site_name":"Leatai \u2013 Fabricant de carnets personnalis\u00e9s","article_modified_time":"2025-03-13T07:08:19+00:00","og_image":[{"width":2560,"height":1776,"url":"https:\/\/leatai.com\/wp-content\/uploads\/\u5de6\u4e03\u53f3MEMO-01-scaled.jpg","type":"image\/jpeg"}],"twitter_card":"summary_large_image","twitter_misc":{"Dur\u00e9e de lecture estim\u00e9e":"1 minute"},"schema":{"@context":"https:\/\/schema.org","@graph":[{"@type":"WebPage","@id":"https:\/\/leatai.com\/fr\/product\/format-des-pages-interieures\/pages-interieures-b5\/lgp-7-jours-a-gauche-notes-a-droite-a16k\/","url":"https:\/\/leatai.com\/fr\/product\/format-des-pages-interieures\/pages-interieures-b5\/lgp-7-jours-a-gauche-notes-a-droite-a16k\/","name":"LGP-7 jours \u00e0 gauche, notes \u00e0 droite-A16K - Pages de planification et de prise de notes - Leatai \u2013 Fabricant de carnets personnalis\u00e9s","isPartOf":{"@id":"https:\/\/leatai.com\/fr\/#website"},"primaryImageOfPage":{"@id":"https:\/\/leatai.com\/fr\/product\/format-des-pages-interieures\/pages-interieures-b5\/lgp-7-jours-a-gauche-notes-a-droite-a16k\/#primaryimage"},"image":{"@id":"https:\/\/leatai.com\/fr\/product\/format-des-pages-interieures\/pages-interieures-b5\/lgp-7-jours-a-gauche-notes-a-droite-a16k\/#primaryimage"},"thumbnailUrl":"https:\/\/leatai.com\/wp-content\/uploads\/\u5de6\u4e03\u53f3MEMO-01-scaled.jpg","datePublished":"2021-06-24T05:17:29+00:00","dateModified":"2025-03-13T07:08:19+00:00","description":"Format des pages int\u00e9rieures du journal d\u2019entreprise : 7 jours \u00e0 gauche, notes \u00e0 droite (format vertical) Papier : Papier blanc Daolin Dimensions : 16K (B5) \u00c9paisseur : 80 lb (72 feuilles, 144 pages par carnet) Impression : Bichromie Contenu : Calendrier annuel + 7 jours sur la page gauche et page de notes lign\u00e9es \u00e0 droite + Almanach traditionnel Une mise en page optimis\u00e9e pour une gestion du temps plus pratique et efficace.","breadcrumb":{"@id":"https:\/\/leatai.com\/fr\/product\/format-des-pages-interieures\/pages-interieures-b5\/lgp-7-jours-a-gauche-notes-a-droite-a16k\/#breadcrumb"},"inLanguage":"fr-FR","potentialAction":[{"@type":"ReadAction","target":["https:\/\/leatai.com\/fr\/product\/format-des-pages-interieures\/pages-interieures-b5\/lgp-7-jours-a-gauche-notes-a-droite-a16k\/"]}]},{"@type":"ImageObject","inLanguage":"fr-FR","@id":"https:\/\/leatai.com\/fr\/product\/format-des-pages-interieures\/pages-interieures-b5\/lgp-7-jours-a-gauche-notes-a-droite-a16k\/#primaryimage","url":"https:\/\/leatai.com\/wp-content\/uploads\/\u5de6\u4e03\u53f3MEMO-01-scaled.jpg","contentUrl":"https:\/\/leatai.com\/wp-content\/uploads\/\u5de6\u4e03\u53f3MEMO-01-scaled.jpg","width":2560,"height":1776,"caption":"Pages de planification et de prise de notes"},{"@type":"BreadcrumbList","@id":"https:\/\/leatai.com\/fr\/product\/format-des-pages-interieures\/pages-interieures-b5\/lgp-7-jours-a-gauche-notes-a-droite-a16k\/#breadcrumb","itemListElement":[{"@type":"ListItem","position":1,"name":"Home","item":"https:\/\/leatai.com\/fr\/"},{"@type":"ListItem","position":2,"name":"Pr\u00e9sentation des produits","item":"https:\/\/leatai.com\/products\/"},{"@type":"ListItem","position":3,"name":"Format des pages int\u00e9rieures","item":"https:\/\/leatai.com\/fr\/categorie-produit\/format-des-pages-interieures\/"},{"@type":"ListItem","position":4,"name":"Pages Int\u00e9rieures B5","item":"https:\/\/leatai.com\/fr\/categorie-produit\/format-des-pages-interieures\/pages-interieures-b5\/"},{"@type":"ListItem","position":5,"name":"LGP-7 jours \u00e0 gauche, notes \u00e0 droite-A16K"}]},{"@type":"WebSite","@id":"https:\/\/leatai.com\/fr\/#website","url":"https:\/\/leatai.com\/fr\/","name":"Leatai \u2013 Fabricant de carnets personnalis\u00e9s","description":"Leatai propose des carnets et planificateurs personnalis\u00e9s pour les marques et distributeurs dans le monde entier.","publisher":{"@id":"https:\/\/leatai.com\/fr\/#organization"},"potentialAction":[{"@type":"SearchAction","target":{"@type":"EntryPoint","urlTemplate":"https:\/\/leatai.com\/fr\/?s={search_term_string}"},"query-input":{"@type":"PropertyValueSpecification","valueRequired":true,"valueName":"search_term_string"}}],"inLanguage":"fr-FR"},{"@type":"Organization","@id":"https:\/\/leatai.com\/fr\/#organization","name":"Leatai Diary, customized journal and business organizer","url":"https:\/\/leatai.com\/fr\/","logo":{"@type":"ImageObject","inLanguage":"fr-FR","@id":"https:\/\/leatai.com\/fr\/#\/schema\/logo\/image\/","url":"https:\/\/leatai.com\/wp-content\/uploads\/logo-blue.png","contentUrl":"https:\/\/leatai.com\/wp-content\/uploads\/logo-blue.png","width":230,"height":60,"caption":"Leatai Diary, customized journal and business organizer"},"image":{"@id":"https:\/\/leatai.com\/fr\/#\/schema\/logo\/image\/"}}]}},"_links":{"self":[{"href":"https:\/\/leatai.com\/fr\/wp-json\/wp\/v2\/product\/145305","targetHints":{"allow":["GET"]}}],"collection":[{"href":"https:\/\/leatai.com\/fr\/wp-json\/wp\/v2\/product"}],"about":[{"href":"https:\/\/leatai.com\/fr\/wp-json\/wp\/v2\/types\/product"}],"wp:featuredmedia":[{"embeddable":true,"href":"https:\/\/leatai.com\/fr\/wp-json\/wp\/v2\/media\/145310"}],"wp:attachment":[{"href":"https:\/\/leatai.com\/fr\/wp-json\/wp\/v2\/media?parent=145305"}],"wp:term":[{"taxonomy":"product_brand","embeddable":true,"href":"https:\/\/leatai.com\/fr\/wp-json\/wp\/v2\/product_brand?post=145305"},{"taxonomy":"product_cat","embeddable":true,"href":"https:\/\/leatai.com\/fr\/wp-json\/wp\/v2\/product_cat?post=145305"},{"taxonomy":"product_tag","embeddable":true,"href":"https:\/\/leatai.com\/fr\/wp-json\/wp\/v2\/product_tag?post=145305"},{"taxonomy":"home_works","embeddable":true,"href":"https:\/\/leatai.com\/fr\/wp-json\/wp\/v2\/home_works?post=145305"}],"curies":[{"name":"wp","href":"https:\/\/api.w.org\/{rel}","templated":true}]}}