{"id":145293,"date":"2021-06-24T13:22:22","date_gmt":"2021-06-24T05:22:22","guid":{"rendered":"https:\/\/leatai.com\/product\/non%20class\u00e9\/sous-traitance-de-couture-industrielle\/"},"modified":"2025-03-13T14:18:21","modified_gmt":"2025-03-13T06:18:21","slug":"sous-traitance-de-couture-industrielle","status":"publish","type":"product","link":"https:\/\/leatai.com\/fr\/product\/autre-fabrication\/sous-traitance-de-couture-industrielle\/","title":{"rendered":"Sous-traitance de couture industrielle"},"content":{"rendered":"<p>Projet de sous-traitance : Couture industrielle<br \/>\nDescription : Dans le processus de fabrication des journaux d\u2019entreprise, la couture est une \u00e9tape souvent n\u00e9glig\u00e9e et majoritairement sous-trait\u00e9e par les fabricants. Leatai dispose d\u2019\u00e9quipements de couture sp\u00e9cialis\u00e9s pour les mat\u00e9riaux \u00e9pais, permettant une production compl\u00e8te en interne, de la conception et d\u00e9coupe du cuir jusqu\u2019\u00e0 la couture finale des articles en cuir v\u00e9ritable.<\/p>\n<p><iframe title=\"Advanced Sewing Techniques\" width=\"800\" height=\"450\" src=\"https:\/\/www.youtube.com\/embed\/xzuFF4DMpJg?feature=oembed&#038;enablejsapi=1&#038;origin=https:\/\/leatai.com\" frameborder=\"0\" allow=\"accelerometer; autoplay; clipboard-write; encrypted-media; gyroscope; picture-in-picture; web-share\" referrerpolicy=\"strict-origin-when-cross-origin\" allowfullscreen><\/iframe><\/p>\n","protected":false},"excerpt":{"rendered":"<p>Projet de sous-traitance : Couture industrielle Description : Dans le processus de fabrication des journaux d\u2019entreprise, la couture est une \u00e9tape souvent n\u00e9glig\u00e9e et majoritairement sous-trait\u00e9e par les fabricants. Leatai dispose d\u2019\u00e9quipements de couture sp\u00e9cialis\u00e9s pour les mat\u00e9riaux \u00e9pais, permettant une production compl\u00e8te en interne, de la conception et d\u00e9coupe du cuir jusqu\u2019\u00e0 la couture [&hellip;]<\/p>\n","protected":false},"featured_media":145294,"template":"","meta":{"_acf_changed":false},"product_brand":[],"product_cat":[1153],"product_tag":[],"home_works":[],"class_list":{"0":"post-145293","1":"product","2":"type-product","3":"status-publish","4":"has-post-thumbnail","6":"product_cat-autre-fabrication","8":"first","9":"outofstock","10":"sold-individually","11":"shipping-taxable","12":"purchasable","13":"product-type-variable","14":"has-default-attributes"},"acf":[],"yoast_head":"<!-- This site is optimized with the Yoast SEO plugin v27.2 - https:\/\/yoast.com\/product\/yoast-seo-wordpress\/ -->\n<title>Sous-traitance de couture industrielle - Aucune inqui\u00e9tude pour le cuir v\u00e9ritable et les mat\u00e9riaux \u00e9pais. - Leatai \u2013 Fabricant de carnets personnalis\u00e9s<\/title>\n<meta name=\"description\" content=\"Projet de sous-traitance : Couture industrielle Description : Dans le processus de fabrication des journaux d\u2019entreprise, la couture est une \u00e9tape souvent n\u00e9glig\u00e9e et majoritairement externalis\u00e9e par les fabricants. Leatai dispose d\u2019\u00e9quipements de couture adapt\u00e9s aux mat\u00e9riaux \u00e9pais, permettant une production compl\u00e8te en interne, de la conception et d\u00e9coupe du cuir jusqu\u2019\u00e0 la couture finale, assurant ainsi un contr\u00f4le qualit\u00e9 optimal.\" \/>\n<meta name=\"robots\" content=\"index, follow, max-snippet:-1, max-image-preview:large, max-video-preview:-1\" \/>\n<link rel=\"canonical\" href=\"https:\/\/leatai.com\/fr\/product\/autre-fabrication\/sous-traitance-de-couture-industrielle\/\" \/>\n<meta property=\"og:locale\" content=\"fr_FR\" \/>\n<meta property=\"og:type\" content=\"article\" \/>\n<meta property=\"og:title\" content=\"Sous-traitance de couture industrielle - Aucune inqui\u00e9tude pour le cuir v\u00e9ritable et les mat\u00e9riaux \u00e9pais. - Leatai \u2013 Fabricant de carnets personnalis\u00e9s\" \/>\n<meta property=\"og:description\" content=\"Projet de sous-traitance : Couture industrielle Description : Dans le processus de fabrication des journaux d\u2019entreprise, la couture est une \u00e9tape souvent n\u00e9glig\u00e9e et majoritairement externalis\u00e9e par les fabricants. Leatai dispose d\u2019\u00e9quipements de couture adapt\u00e9s aux mat\u00e9riaux \u00e9pais, permettant une production compl\u00e8te en interne, de la conception et d\u00e9coupe du cuir jusqu\u2019\u00e0 la couture finale, assurant ainsi un contr\u00f4le qualit\u00e9 optimal.\" \/>\n<meta property=\"og:url\" content=\"https:\/\/leatai.com\/fr\/product\/autre-fabrication\/sous-traitance-de-couture-industrielle\/\" \/>\n<meta property=\"og:site_name\" content=\"Leatai \u2013 Fabricant de carnets personnalis\u00e9s\" \/>\n<meta property=\"article:modified_time\" content=\"2025-03-13T06:18:21+00:00\" \/>\n<meta property=\"og:image\" content=\"https:\/\/leatai.com\/wp-content\/uploads\/2016_01_20_1501290.jpg\" \/>\n\t<meta property=\"og:image:width\" content=\"1000\" \/>\n\t<meta property=\"og:image:height\" content=\"750\" \/>\n\t<meta property=\"og:image:type\" content=\"image\/jpeg\" \/>\n<meta name=\"twitter:card\" content=\"summary_large_image\" \/>\n<meta name=\"twitter:label1\" content=\"Dur\u00e9e de lecture estim\u00e9e\" \/>\n\t<meta name=\"twitter:data1\" content=\"1 minute\" \/>\n<script type=\"application\/ld+json\" class=\"yoast-schema-graph\">{\"@context\":\"https:\/\/schema.org\",\"@graph\":[{\"@type\":\"WebPage\",\"@id\":\"https:\/\/leatai.com\/fr\/product\/autre-fabrication\/sous-traitance-de-couture-industrielle\/\",\"url\":\"https:\/\/leatai.com\/fr\/product\/autre-fabrication\/sous-traitance-de-couture-industrielle\/\",\"name\":\"Sous-traitance de couture industrielle - Aucune inqui\u00e9tude pour le cuir v\u00e9ritable et les mat\u00e9riaux \u00e9pais. - Leatai \u2013 Fabricant de carnets personnalis\u00e9s\",\"isPartOf\":{\"@id\":\"https:\/\/leatai.com\/fr\/#website\"},\"primaryImageOfPage\":{\"@id\":\"https:\/\/leatai.com\/fr\/product\/autre-fabrication\/sous-traitance-de-couture-industrielle\/#primaryimage\"},\"image\":{\"@id\":\"https:\/\/leatai.com\/fr\/product\/autre-fabrication\/sous-traitance-de-couture-industrielle\/#primaryimage\"},\"thumbnailUrl\":\"https:\/\/leatai.com\/wp-content\/uploads\/2016_01_20_1501290.jpg\",\"datePublished\":\"2021-06-24T05:22:22+00:00\",\"dateModified\":\"2025-03-13T06:18:21+00:00\",\"description\":\"Projet de sous-traitance : Couture industrielle Description : Dans le processus de fabrication des journaux d\u2019entreprise, la couture est une \u00e9tape souvent n\u00e9glig\u00e9e et majoritairement externalis\u00e9e par les fabricants. Leatai dispose d\u2019\u00e9quipements de couture adapt\u00e9s aux mat\u00e9riaux \u00e9pais, permettant une production compl\u00e8te en interne, de la conception et d\u00e9coupe du cuir jusqu\u2019\u00e0 la couture finale, assurant ainsi un contr\u00f4le qualit\u00e9 optimal.\",\"breadcrumb\":{\"@id\":\"https:\/\/leatai.com\/fr\/product\/autre-fabrication\/sous-traitance-de-couture-industrielle\/#breadcrumb\"},\"inLanguage\":\"fr-FR\",\"potentialAction\":[{\"@type\":\"ReadAction\",\"target\":[\"https:\/\/leatai.com\/fr\/product\/autre-fabrication\/sous-traitance-de-couture-industrielle\/\"]}]},{\"@type\":\"ImageObject\",\"inLanguage\":\"fr-FR\",\"@id\":\"https:\/\/leatai.com\/fr\/product\/autre-fabrication\/sous-traitance-de-couture-industrielle\/#primaryimage\",\"url\":\"https:\/\/leatai.com\/wp-content\/uploads\/2016_01_20_1501290.jpg\",\"contentUrl\":\"https:\/\/leatai.com\/wp-content\/uploads\/2016_01_20_1501290.jpg\",\"width\":1000,\"height\":750,\"caption\":\"Sous-traitance de couture industrielle\"},{\"@type\":\"BreadcrumbList\",\"@id\":\"https:\/\/leatai.com\/fr\/product\/autre-fabrication\/sous-traitance-de-couture-industrielle\/#breadcrumb\",\"itemListElement\":[{\"@type\":\"ListItem\",\"position\":1,\"name\":\"Home\",\"item\":\"https:\/\/leatai.com\/fr\/\"},{\"@type\":\"ListItem\",\"position\":2,\"name\":\"Pr\u00e9sentation des produits\",\"item\":\"https:\/\/leatai.com\/products\/\"},{\"@type\":\"ListItem\",\"position\":3,\"name\":\"Autre fabrication\",\"item\":\"https:\/\/leatai.com\/fr\/categorie-produit\/autre-fabrication\/\"},{\"@type\":\"ListItem\",\"position\":4,\"name\":\"Sous-traitance de couture industrielle\"}]},{\"@type\":\"WebSite\",\"@id\":\"https:\/\/leatai.com\/fr\/#website\",\"url\":\"https:\/\/leatai.com\/fr\/\",\"name\":\"Leatai \u2013 Fabricant de carnets personnalis\u00e9s\",\"description\":\"Leatai propose des carnets et planificateurs personnalis\u00e9s pour les marques et distributeurs dans le monde entier.\",\"publisher\":{\"@id\":\"https:\/\/leatai.com\/fr\/#organization\"},\"potentialAction\":[{\"@type\":\"SearchAction\",\"target\":{\"@type\":\"EntryPoint\",\"urlTemplate\":\"https:\/\/leatai.com\/fr\/?s={search_term_string}\"},\"query-input\":{\"@type\":\"PropertyValueSpecification\",\"valueRequired\":true,\"valueName\":\"search_term_string\"}}],\"inLanguage\":\"fr-FR\"},{\"@type\":\"Organization\",\"@id\":\"https:\/\/leatai.com\/fr\/#organization\",\"name\":\"Leatai Diary, customized journal and business organizer\",\"url\":\"https:\/\/leatai.com\/fr\/\",\"logo\":{\"@type\":\"ImageObject\",\"inLanguage\":\"fr-FR\",\"@id\":\"https:\/\/leatai.com\/fr\/#\/schema\/logo\/image\/\",\"url\":\"https:\/\/leatai.com\/wp-content\/uploads\/logo-blue.png\",\"contentUrl\":\"https:\/\/leatai.com\/wp-content\/uploads\/logo-blue.png\",\"width\":230,\"height\":60,\"caption\":\"Leatai Diary, customized journal and business organizer\"},\"image\":{\"@id\":\"https:\/\/leatai.com\/fr\/#\/schema\/logo\/image\/\"}}]}<\/script>\n<!-- \/ Yoast SEO plugin. -->","yoast_head_json":{"title":"Sous-traitance de couture industrielle - Aucune inqui\u00e9tude pour le cuir v\u00e9ritable et les mat\u00e9riaux \u00e9pais. - Leatai \u2013 Fabricant de carnets personnalis\u00e9s","description":"Projet de sous-traitance : Couture industrielle Description : Dans le processus de fabrication des journaux d\u2019entreprise, la couture est une \u00e9tape souvent n\u00e9glig\u00e9e et majoritairement externalis\u00e9e par les fabricants. Leatai dispose d\u2019\u00e9quipements de couture adapt\u00e9s aux mat\u00e9riaux \u00e9pais, permettant une production compl\u00e8te en interne, de la conception et d\u00e9coupe du cuir jusqu\u2019\u00e0 la couture finale, assurant ainsi un contr\u00f4le qualit\u00e9 optimal.","robots":{"index":"index","follow":"follow","max-snippet":"max-snippet:-1","max-image-preview":"max-image-preview:large","max-video-preview":"max-video-preview:-1"},"canonical":"https:\/\/leatai.com\/fr\/product\/autre-fabrication\/sous-traitance-de-couture-industrielle\/","og_locale":"fr_FR","og_type":"article","og_title":"Sous-traitance de couture industrielle - Aucune inqui\u00e9tude pour le cuir v\u00e9ritable et les mat\u00e9riaux \u00e9pais. - Leatai \u2013 Fabricant de carnets personnalis\u00e9s","og_description":"Projet de sous-traitance : Couture industrielle Description : Dans le processus de fabrication des journaux d\u2019entreprise, la couture est une \u00e9tape souvent n\u00e9glig\u00e9e et majoritairement externalis\u00e9e par les fabricants. Leatai dispose d\u2019\u00e9quipements de couture adapt\u00e9s aux mat\u00e9riaux \u00e9pais, permettant une production compl\u00e8te en interne, de la conception et d\u00e9coupe du cuir jusqu\u2019\u00e0 la couture finale, assurant ainsi un contr\u00f4le qualit\u00e9 optimal.","og_url":"https:\/\/leatai.com\/fr\/product\/autre-fabrication\/sous-traitance-de-couture-industrielle\/","og_site_name":"Leatai \u2013 Fabricant de carnets personnalis\u00e9s","article_modified_time":"2025-03-13T06:18:21+00:00","og_image":[{"width":1000,"height":750,"url":"https:\/\/leatai.com\/wp-content\/uploads\/2016_01_20_1501290.jpg","type":"image\/jpeg"}],"twitter_card":"summary_large_image","twitter_misc":{"Dur\u00e9e de lecture estim\u00e9e":"1 minute"},"schema":{"@context":"https:\/\/schema.org","@graph":[{"@type":"WebPage","@id":"https:\/\/leatai.com\/fr\/product\/autre-fabrication\/sous-traitance-de-couture-industrielle\/","url":"https:\/\/leatai.com\/fr\/product\/autre-fabrication\/sous-traitance-de-couture-industrielle\/","name":"Sous-traitance de couture industrielle - Aucune inqui\u00e9tude pour le cuir v\u00e9ritable et les mat\u00e9riaux \u00e9pais. - Leatai \u2013 Fabricant de carnets personnalis\u00e9s","isPartOf":{"@id":"https:\/\/leatai.com\/fr\/#website"},"primaryImageOfPage":{"@id":"https:\/\/leatai.com\/fr\/product\/autre-fabrication\/sous-traitance-de-couture-industrielle\/#primaryimage"},"image":{"@id":"https:\/\/leatai.com\/fr\/product\/autre-fabrication\/sous-traitance-de-couture-industrielle\/#primaryimage"},"thumbnailUrl":"https:\/\/leatai.com\/wp-content\/uploads\/2016_01_20_1501290.jpg","datePublished":"2021-06-24T05:22:22+00:00","dateModified":"2025-03-13T06:18:21+00:00","description":"Projet de sous-traitance : Couture industrielle Description : Dans le processus de fabrication des journaux d\u2019entreprise, la couture est une \u00e9tape souvent n\u00e9glig\u00e9e et majoritairement externalis\u00e9e par les fabricants. Leatai dispose d\u2019\u00e9quipements de couture adapt\u00e9s aux mat\u00e9riaux \u00e9pais, permettant une production compl\u00e8te en interne, de la conception et d\u00e9coupe du cuir jusqu\u2019\u00e0 la couture finale, assurant ainsi un contr\u00f4le qualit\u00e9 optimal.","breadcrumb":{"@id":"https:\/\/leatai.com\/fr\/product\/autre-fabrication\/sous-traitance-de-couture-industrielle\/#breadcrumb"},"inLanguage":"fr-FR","potentialAction":[{"@type":"ReadAction","target":["https:\/\/leatai.com\/fr\/product\/autre-fabrication\/sous-traitance-de-couture-industrielle\/"]}]},{"@type":"ImageObject","inLanguage":"fr-FR","@id":"https:\/\/leatai.com\/fr\/product\/autre-fabrication\/sous-traitance-de-couture-industrielle\/#primaryimage","url":"https:\/\/leatai.com\/wp-content\/uploads\/2016_01_20_1501290.jpg","contentUrl":"https:\/\/leatai.com\/wp-content\/uploads\/2016_01_20_1501290.jpg","width":1000,"height":750,"caption":"Sous-traitance de couture industrielle"},{"@type":"BreadcrumbList","@id":"https:\/\/leatai.com\/fr\/product\/autre-fabrication\/sous-traitance-de-couture-industrielle\/#breadcrumb","itemListElement":[{"@type":"ListItem","position":1,"name":"Home","item":"https:\/\/leatai.com\/fr\/"},{"@type":"ListItem","position":2,"name":"Pr\u00e9sentation des produits","item":"https:\/\/leatai.com\/products\/"},{"@type":"ListItem","position":3,"name":"Autre fabrication","item":"https:\/\/leatai.com\/fr\/categorie-produit\/autre-fabrication\/"},{"@type":"ListItem","position":4,"name":"Sous-traitance de couture industrielle"}]},{"@type":"WebSite","@id":"https:\/\/leatai.com\/fr\/#website","url":"https:\/\/leatai.com\/fr\/","name":"Leatai \u2013 Fabricant de carnets personnalis\u00e9s","description":"Leatai propose des carnets et planificateurs personnalis\u00e9s pour les marques et distributeurs dans le monde entier.","publisher":{"@id":"https:\/\/leatai.com\/fr\/#organization"},"potentialAction":[{"@type":"SearchAction","target":{"@type":"EntryPoint","urlTemplate":"https:\/\/leatai.com\/fr\/?s={search_term_string}"},"query-input":{"@type":"PropertyValueSpecification","valueRequired":true,"valueName":"search_term_string"}}],"inLanguage":"fr-FR"},{"@type":"Organization","@id":"https:\/\/leatai.com\/fr\/#organization","name":"Leatai Diary, customized journal and business organizer","url":"https:\/\/leatai.com\/fr\/","logo":{"@type":"ImageObject","inLanguage":"fr-FR","@id":"https:\/\/leatai.com\/fr\/#\/schema\/logo\/image\/","url":"https:\/\/leatai.com\/wp-content\/uploads\/logo-blue.png","contentUrl":"https:\/\/leatai.com\/wp-content\/uploads\/logo-blue.png","width":230,"height":60,"caption":"Leatai Diary, customized journal and business organizer"},"image":{"@id":"https:\/\/leatai.com\/fr\/#\/schema\/logo\/image\/"}}]}},"_links":{"self":[{"href":"https:\/\/leatai.com\/fr\/wp-json\/wp\/v2\/product\/145293","targetHints":{"allow":["GET"]}}],"collection":[{"href":"https:\/\/leatai.com\/fr\/wp-json\/wp\/v2\/product"}],"about":[{"href":"https:\/\/leatai.com\/fr\/wp-json\/wp\/v2\/types\/product"}],"wp:featuredmedia":[{"embeddable":true,"href":"https:\/\/leatai.com\/fr\/wp-json\/wp\/v2\/media\/145294"}],"wp:attachment":[{"href":"https:\/\/leatai.com\/fr\/wp-json\/wp\/v2\/media?parent=145293"}],"wp:term":[{"taxonomy":"product_brand","embeddable":true,"href":"https:\/\/leatai.com\/fr\/wp-json\/wp\/v2\/product_brand?post=145293"},{"taxonomy":"product_cat","embeddable":true,"href":"https:\/\/leatai.com\/fr\/wp-json\/wp\/v2\/product_cat?post=145293"},{"taxonomy":"product_tag","embeddable":true,"href":"https:\/\/leatai.com\/fr\/wp-json\/wp\/v2\/product_tag?post=145293"},{"taxonomy":"home_works","embeddable":true,"href":"https:\/\/leatai.com\/fr\/wp-json\/wp\/v2\/home_works?post=145293"}],"curies":[{"name":"wp","href":"https:\/\/api.w.org\/{rel}","templated":true}]}}