{"id":145286,"date":"2021-06-24T13:22:22","date_gmt":"2021-06-24T05:22:22","guid":{"rendered":"https:\/\/leatai.com\/product\/non%20class\u00e9\/sous-traitance-de-decoupe-et-dembossage\/"},"modified":"2025-03-13T14:19:04","modified_gmt":"2025-03-13T06:19:04","slug":"sous-traitance-de-decoupe-et-dembossage","status":"publish","type":"product","link":"https:\/\/leatai.com\/fr\/product\/autre-fabrication\/sous-traitance-de-decoupe-et-dembossage\/","title":{"rendered":"Sous-traitance de d\u00e9coupe et d\u2019embossage"},"content":{"rendered":"<p>Projet de sous-traitance : D\u00e9coupe et embossage<br \/>\nDescription : La d\u00e9coupe et l\u2019embossage sont des techniques de fabrication traditionnelles devenues de plus en plus rares, mais leur importance ne cesse de cro\u00eetre. Elles sont particuli\u00e8rement essentielles pour le travail des mat\u00e9riaux \u00e9pais. Leatai dispose d\u2019\u00e9quipements sp\u00e9cialis\u00e9s permettant un processus complet en une seule \u00e9tape, allant de la d\u00e9coupe des rouleaux de cuir jusqu\u2019\u00e0 l\u2019embossage final.<\/p>\n<p><iframe title=\"Cutting and Die-Cutting\" width=\"800\" height=\"450\" src=\"https:\/\/www.youtube.com\/embed\/4gTuYQcU6bU?feature=oembed&#038;enablejsapi=1&#038;origin=https:\/\/leatai.com\" frameborder=\"0\" allow=\"accelerometer; autoplay; clipboard-write; encrypted-media; gyroscope; picture-in-picture; web-share\" referrerpolicy=\"strict-origin-when-cross-origin\" allowfullscreen><\/iframe><\/p>\n<p>&nbsp;<\/p>\n","protected":false},"excerpt":{"rendered":"<p>Projet de sous-traitance : D\u00e9coupe et embossage Description : La d\u00e9coupe et l\u2019embossage sont des techniques de fabrication traditionnelles devenues de plus en plus rares, mais leur importance ne cesse de cro\u00eetre. Elles sont particuli\u00e8rement essentielles pour le travail des mat\u00e9riaux \u00e9pais. Leatai dispose d\u2019\u00e9quipements sp\u00e9cialis\u00e9s permettant un processus complet en une seule \u00e9tape, allant [&hellip;]<\/p>\n","protected":false},"featured_media":145287,"template":"","meta":{"_acf_changed":false},"product_brand":[],"product_cat":[1153],"product_tag":[],"home_works":[],"class_list":{"0":"post-145286","1":"product","2":"type-product","3":"status-publish","4":"has-post-thumbnail","6":"product_cat-autre-fabrication","8":"first","9":"outofstock","10":"sold-individually","11":"shipping-taxable","12":"purchasable","13":"product-type-variable","14":"has-default-attributes"},"acf":[],"yoast_head":"<!-- This site is optimized with the Yoast SEO plugin v27.2 - https:\/\/yoast.com\/product\/yoast-seo-wordpress\/ -->\n<title>Sous-traitance de d\u00e9coupe et d\u2019embossage - Possibilit\u00e9 de fabrication de moules de d\u00e9coupe et d\u2019embossage pour mat\u00e9riaux \u00e9pais et fins. - Leatai \u2013 Fabricant de carnets personnalis\u00e9s<\/title>\n<meta name=\"description\" content=\"Projet de sous-traitance : D\u00e9coupe et embossage Description : La d\u00e9coupe et l\u2019embossage, bien que de moins en moins courants dans l\u2019industrie traditionnelle, restent des proc\u00e9d\u00e9s essentiels, en particulier pour le travail des mat\u00e9riaux \u00e9pais. Leatai dispose d\u2019\u00e9quipements sp\u00e9cialis\u00e9s permettant un processus complet en une seule \u00e9tape, de la d\u00e9coupe des rouleaux de cuir \u00e0 l\u2019embossage final.\" \/>\n<meta name=\"robots\" content=\"index, follow, max-snippet:-1, max-image-preview:large, max-video-preview:-1\" \/>\n<link rel=\"canonical\" href=\"https:\/\/leatai.com\/fr\/product\/autre-fabrication\/sous-traitance-de-decoupe-et-dembossage\/\" \/>\n<meta property=\"og:locale\" content=\"fr_FR\" \/>\n<meta property=\"og:type\" content=\"article\" \/>\n<meta property=\"og:title\" content=\"Sous-traitance de d\u00e9coupe et d\u2019embossage - Possibilit\u00e9 de fabrication de moules de d\u00e9coupe et d\u2019embossage pour mat\u00e9riaux \u00e9pais et fins. - Leatai \u2013 Fabricant de carnets personnalis\u00e9s\" \/>\n<meta property=\"og:description\" content=\"Projet de sous-traitance : D\u00e9coupe et embossage Description : La d\u00e9coupe et l\u2019embossage, bien que de moins en moins courants dans l\u2019industrie traditionnelle, restent des proc\u00e9d\u00e9s essentiels, en particulier pour le travail des mat\u00e9riaux \u00e9pais. Leatai dispose d\u2019\u00e9quipements sp\u00e9cialis\u00e9s permettant un processus complet en une seule \u00e9tape, de la d\u00e9coupe des rouleaux de cuir \u00e0 l\u2019embossage final.\" \/>\n<meta property=\"og:url\" content=\"https:\/\/leatai.com\/fr\/product\/autre-fabrication\/sous-traitance-de-decoupe-et-dembossage\/\" \/>\n<meta property=\"og:site_name\" content=\"Leatai \u2013 Fabricant de carnets personnalis\u00e9s\" \/>\n<meta property=\"article:modified_time\" content=\"2025-03-13T06:19:04+00:00\" \/>\n<meta property=\"og:image\" content=\"https:\/\/leatai.com\/wp-content\/uploads\/2016_01_20_1504420.jpg\" \/>\n\t<meta property=\"og:image:width\" content=\"1000\" \/>\n\t<meta property=\"og:image:height\" content=\"750\" \/>\n\t<meta property=\"og:image:type\" content=\"image\/jpeg\" \/>\n<meta name=\"twitter:card\" content=\"summary_large_image\" \/>\n<meta name=\"twitter:label1\" content=\"Dur\u00e9e de lecture estim\u00e9e\" \/>\n\t<meta name=\"twitter:data1\" content=\"1 minute\" \/>\n<script type=\"application\/ld+json\" class=\"yoast-schema-graph\">{\"@context\":\"https:\/\/schema.org\",\"@graph\":[{\"@type\":\"WebPage\",\"@id\":\"https:\/\/leatai.com\/fr\/product\/autre-fabrication\/sous-traitance-de-decoupe-et-dembossage\/\",\"url\":\"https:\/\/leatai.com\/fr\/product\/autre-fabrication\/sous-traitance-de-decoupe-et-dembossage\/\",\"name\":\"Sous-traitance de d\u00e9coupe et d\u2019embossage - Possibilit\u00e9 de fabrication de moules de d\u00e9coupe et d\u2019embossage pour mat\u00e9riaux \u00e9pais et fins. - Leatai \u2013 Fabricant de carnets personnalis\u00e9s\",\"isPartOf\":{\"@id\":\"https:\/\/leatai.com\/fr\/#website\"},\"primaryImageOfPage\":{\"@id\":\"https:\/\/leatai.com\/fr\/product\/autre-fabrication\/sous-traitance-de-decoupe-et-dembossage\/#primaryimage\"},\"image\":{\"@id\":\"https:\/\/leatai.com\/fr\/product\/autre-fabrication\/sous-traitance-de-decoupe-et-dembossage\/#primaryimage\"},\"thumbnailUrl\":\"https:\/\/leatai.com\/wp-content\/uploads\/2016_01_20_1504420.jpg\",\"datePublished\":\"2021-06-24T05:22:22+00:00\",\"dateModified\":\"2025-03-13T06:19:04+00:00\",\"description\":\"Projet de sous-traitance : D\u00e9coupe et embossage Description : La d\u00e9coupe et l\u2019embossage, bien que de moins en moins courants dans l\u2019industrie traditionnelle, restent des proc\u00e9d\u00e9s essentiels, en particulier pour le travail des mat\u00e9riaux \u00e9pais. Leatai dispose d\u2019\u00e9quipements sp\u00e9cialis\u00e9s permettant un processus complet en une seule \u00e9tape, de la d\u00e9coupe des rouleaux de cuir \u00e0 l\u2019embossage final.\",\"breadcrumb\":{\"@id\":\"https:\/\/leatai.com\/fr\/product\/autre-fabrication\/sous-traitance-de-decoupe-et-dembossage\/#breadcrumb\"},\"inLanguage\":\"fr-FR\",\"potentialAction\":[{\"@type\":\"ReadAction\",\"target\":[\"https:\/\/leatai.com\/fr\/product\/autre-fabrication\/sous-traitance-de-decoupe-et-dembossage\/\"]}]},{\"@type\":\"ImageObject\",\"inLanguage\":\"fr-FR\",\"@id\":\"https:\/\/leatai.com\/fr\/product\/autre-fabrication\/sous-traitance-de-decoupe-et-dembossage\/#primaryimage\",\"url\":\"https:\/\/leatai.com\/wp-content\/uploads\/2016_01_20_1504420.jpg\",\"contentUrl\":\"https:\/\/leatai.com\/wp-content\/uploads\/2016_01_20_1504420.jpg\",\"width\":1000,\"height\":750,\"caption\":\"Sous-traitance de d\u00e9coupe et d\u2019embossage\"},{\"@type\":\"BreadcrumbList\",\"@id\":\"https:\/\/leatai.com\/fr\/product\/autre-fabrication\/sous-traitance-de-decoupe-et-dembossage\/#breadcrumb\",\"itemListElement\":[{\"@type\":\"ListItem\",\"position\":1,\"name\":\"Home\",\"item\":\"https:\/\/leatai.com\/fr\/\"},{\"@type\":\"ListItem\",\"position\":2,\"name\":\"Pr\u00e9sentation des produits\",\"item\":\"https:\/\/leatai.com\/products\/\"},{\"@type\":\"ListItem\",\"position\":3,\"name\":\"Autre fabrication\",\"item\":\"https:\/\/leatai.com\/fr\/categorie-produit\/autre-fabrication\/\"},{\"@type\":\"ListItem\",\"position\":4,\"name\":\"Sous-traitance de d\u00e9coupe et d\u2019embossage\"}]},{\"@type\":\"WebSite\",\"@id\":\"https:\/\/leatai.com\/fr\/#website\",\"url\":\"https:\/\/leatai.com\/fr\/\",\"name\":\"Leatai \u2013 Fabricant de carnets personnalis\u00e9s\",\"description\":\"Leatai propose des carnets et planificateurs personnalis\u00e9s pour les marques et distributeurs dans le monde entier.\",\"publisher\":{\"@id\":\"https:\/\/leatai.com\/fr\/#organization\"},\"potentialAction\":[{\"@type\":\"SearchAction\",\"target\":{\"@type\":\"EntryPoint\",\"urlTemplate\":\"https:\/\/leatai.com\/fr\/?s={search_term_string}\"},\"query-input\":{\"@type\":\"PropertyValueSpecification\",\"valueRequired\":true,\"valueName\":\"search_term_string\"}}],\"inLanguage\":\"fr-FR\"},{\"@type\":\"Organization\",\"@id\":\"https:\/\/leatai.com\/fr\/#organization\",\"name\":\"Leatai Diary, customized journal and business organizer\",\"url\":\"https:\/\/leatai.com\/fr\/\",\"logo\":{\"@type\":\"ImageObject\",\"inLanguage\":\"fr-FR\",\"@id\":\"https:\/\/leatai.com\/fr\/#\/schema\/logo\/image\/\",\"url\":\"https:\/\/leatai.com\/wp-content\/uploads\/logo-blue.png\",\"contentUrl\":\"https:\/\/leatai.com\/wp-content\/uploads\/logo-blue.png\",\"width\":230,\"height\":60,\"caption\":\"Leatai Diary, customized journal and business organizer\"},\"image\":{\"@id\":\"https:\/\/leatai.com\/fr\/#\/schema\/logo\/image\/\"}}]}<\/script>\n<!-- \/ Yoast SEO plugin. -->","yoast_head_json":{"title":"Sous-traitance de d\u00e9coupe et d\u2019embossage - Possibilit\u00e9 de fabrication de moules de d\u00e9coupe et d\u2019embossage pour mat\u00e9riaux \u00e9pais et fins. - Leatai \u2013 Fabricant de carnets personnalis\u00e9s","description":"Projet de sous-traitance : D\u00e9coupe et embossage Description : La d\u00e9coupe et l\u2019embossage, bien que de moins en moins courants dans l\u2019industrie traditionnelle, restent des proc\u00e9d\u00e9s essentiels, en particulier pour le travail des mat\u00e9riaux \u00e9pais. Leatai dispose d\u2019\u00e9quipements sp\u00e9cialis\u00e9s permettant un processus complet en une seule \u00e9tape, de la d\u00e9coupe des rouleaux de cuir \u00e0 l\u2019embossage final.","robots":{"index":"index","follow":"follow","max-snippet":"max-snippet:-1","max-image-preview":"max-image-preview:large","max-video-preview":"max-video-preview:-1"},"canonical":"https:\/\/leatai.com\/fr\/product\/autre-fabrication\/sous-traitance-de-decoupe-et-dembossage\/","og_locale":"fr_FR","og_type":"article","og_title":"Sous-traitance de d\u00e9coupe et d\u2019embossage - Possibilit\u00e9 de fabrication de moules de d\u00e9coupe et d\u2019embossage pour mat\u00e9riaux \u00e9pais et fins. - Leatai \u2013 Fabricant de carnets personnalis\u00e9s","og_description":"Projet de sous-traitance : D\u00e9coupe et embossage Description : La d\u00e9coupe et l\u2019embossage, bien que de moins en moins courants dans l\u2019industrie traditionnelle, restent des proc\u00e9d\u00e9s essentiels, en particulier pour le travail des mat\u00e9riaux \u00e9pais. Leatai dispose d\u2019\u00e9quipements sp\u00e9cialis\u00e9s permettant un processus complet en une seule \u00e9tape, de la d\u00e9coupe des rouleaux de cuir \u00e0 l\u2019embossage final.","og_url":"https:\/\/leatai.com\/fr\/product\/autre-fabrication\/sous-traitance-de-decoupe-et-dembossage\/","og_site_name":"Leatai \u2013 Fabricant de carnets personnalis\u00e9s","article_modified_time":"2025-03-13T06:19:04+00:00","og_image":[{"width":1000,"height":750,"url":"https:\/\/leatai.com\/wp-content\/uploads\/2016_01_20_1504420.jpg","type":"image\/jpeg"}],"twitter_card":"summary_large_image","twitter_misc":{"Dur\u00e9e de lecture estim\u00e9e":"1 minute"},"schema":{"@context":"https:\/\/schema.org","@graph":[{"@type":"WebPage","@id":"https:\/\/leatai.com\/fr\/product\/autre-fabrication\/sous-traitance-de-decoupe-et-dembossage\/","url":"https:\/\/leatai.com\/fr\/product\/autre-fabrication\/sous-traitance-de-decoupe-et-dembossage\/","name":"Sous-traitance de d\u00e9coupe et d\u2019embossage - Possibilit\u00e9 de fabrication de moules de d\u00e9coupe et d\u2019embossage pour mat\u00e9riaux \u00e9pais et fins. - Leatai \u2013 Fabricant de carnets personnalis\u00e9s","isPartOf":{"@id":"https:\/\/leatai.com\/fr\/#website"},"primaryImageOfPage":{"@id":"https:\/\/leatai.com\/fr\/product\/autre-fabrication\/sous-traitance-de-decoupe-et-dembossage\/#primaryimage"},"image":{"@id":"https:\/\/leatai.com\/fr\/product\/autre-fabrication\/sous-traitance-de-decoupe-et-dembossage\/#primaryimage"},"thumbnailUrl":"https:\/\/leatai.com\/wp-content\/uploads\/2016_01_20_1504420.jpg","datePublished":"2021-06-24T05:22:22+00:00","dateModified":"2025-03-13T06:19:04+00:00","description":"Projet de sous-traitance : D\u00e9coupe et embossage Description : La d\u00e9coupe et l\u2019embossage, bien que de moins en moins courants dans l\u2019industrie traditionnelle, restent des proc\u00e9d\u00e9s essentiels, en particulier pour le travail des mat\u00e9riaux \u00e9pais. Leatai dispose d\u2019\u00e9quipements sp\u00e9cialis\u00e9s permettant un processus complet en une seule \u00e9tape, de la d\u00e9coupe des rouleaux de cuir \u00e0 l\u2019embossage final.","breadcrumb":{"@id":"https:\/\/leatai.com\/fr\/product\/autre-fabrication\/sous-traitance-de-decoupe-et-dembossage\/#breadcrumb"},"inLanguage":"fr-FR","potentialAction":[{"@type":"ReadAction","target":["https:\/\/leatai.com\/fr\/product\/autre-fabrication\/sous-traitance-de-decoupe-et-dembossage\/"]}]},{"@type":"ImageObject","inLanguage":"fr-FR","@id":"https:\/\/leatai.com\/fr\/product\/autre-fabrication\/sous-traitance-de-decoupe-et-dembossage\/#primaryimage","url":"https:\/\/leatai.com\/wp-content\/uploads\/2016_01_20_1504420.jpg","contentUrl":"https:\/\/leatai.com\/wp-content\/uploads\/2016_01_20_1504420.jpg","width":1000,"height":750,"caption":"Sous-traitance de d\u00e9coupe et d\u2019embossage"},{"@type":"BreadcrumbList","@id":"https:\/\/leatai.com\/fr\/product\/autre-fabrication\/sous-traitance-de-decoupe-et-dembossage\/#breadcrumb","itemListElement":[{"@type":"ListItem","position":1,"name":"Home","item":"https:\/\/leatai.com\/fr\/"},{"@type":"ListItem","position":2,"name":"Pr\u00e9sentation des produits","item":"https:\/\/leatai.com\/products\/"},{"@type":"ListItem","position":3,"name":"Autre fabrication","item":"https:\/\/leatai.com\/fr\/categorie-produit\/autre-fabrication\/"},{"@type":"ListItem","position":4,"name":"Sous-traitance de d\u00e9coupe et d\u2019embossage"}]},{"@type":"WebSite","@id":"https:\/\/leatai.com\/fr\/#website","url":"https:\/\/leatai.com\/fr\/","name":"Leatai \u2013 Fabricant de carnets personnalis\u00e9s","description":"Leatai propose des carnets et planificateurs personnalis\u00e9s pour les marques et distributeurs dans le monde entier.","publisher":{"@id":"https:\/\/leatai.com\/fr\/#organization"},"potentialAction":[{"@type":"SearchAction","target":{"@type":"EntryPoint","urlTemplate":"https:\/\/leatai.com\/fr\/?s={search_term_string}"},"query-input":{"@type":"PropertyValueSpecification","valueRequired":true,"valueName":"search_term_string"}}],"inLanguage":"fr-FR"},{"@type":"Organization","@id":"https:\/\/leatai.com\/fr\/#organization","name":"Leatai Diary, customized journal and business organizer","url":"https:\/\/leatai.com\/fr\/","logo":{"@type":"ImageObject","inLanguage":"fr-FR","@id":"https:\/\/leatai.com\/fr\/#\/schema\/logo\/image\/","url":"https:\/\/leatai.com\/wp-content\/uploads\/logo-blue.png","contentUrl":"https:\/\/leatai.com\/wp-content\/uploads\/logo-blue.png","width":230,"height":60,"caption":"Leatai Diary, customized journal and business organizer"},"image":{"@id":"https:\/\/leatai.com\/fr\/#\/schema\/logo\/image\/"}}]}},"_links":{"self":[{"href":"https:\/\/leatai.com\/fr\/wp-json\/wp\/v2\/product\/145286","targetHints":{"allow":["GET"]}}],"collection":[{"href":"https:\/\/leatai.com\/fr\/wp-json\/wp\/v2\/product"}],"about":[{"href":"https:\/\/leatai.com\/fr\/wp-json\/wp\/v2\/types\/product"}],"wp:featuredmedia":[{"embeddable":true,"href":"https:\/\/leatai.com\/fr\/wp-json\/wp\/v2\/media\/145287"}],"wp:attachment":[{"href":"https:\/\/leatai.com\/fr\/wp-json\/wp\/v2\/media?parent=145286"}],"wp:term":[{"taxonomy":"product_brand","embeddable":true,"href":"https:\/\/leatai.com\/fr\/wp-json\/wp\/v2\/product_brand?post=145286"},{"taxonomy":"product_cat","embeddable":true,"href":"https:\/\/leatai.com\/fr\/wp-json\/wp\/v2\/product_cat?post=145286"},{"taxonomy":"product_tag","embeddable":true,"href":"https:\/\/leatai.com\/fr\/wp-json\/wp\/v2\/product_tag?post=145286"},{"taxonomy":"home_works","embeddable":true,"href":"https:\/\/leatai.com\/fr\/wp-json\/wp\/v2\/home_works?post=145286"}],"curies":[{"name":"wp","href":"https:\/\/api.w.org\/{rel}","templated":true}]}}