{"id":145273,"date":"2021-06-24T13:21:17","date_gmt":"2021-06-24T05:21:17","guid":{"rendered":"https:\/\/leatai.com\/product\/non%20class\u00e9\/sous-traitance-de-decoupe-tranchage-et-refente-du-cuir\/"},"modified":"2025-03-13T14:19:34","modified_gmt":"2025-03-13T06:19:34","slug":"sous-traitance-de-decoupe-tranchage-et-refente-du-cuir","status":"publish","type":"product","link":"https:\/\/leatai.com\/fr\/product\/autre-fabrication\/sous-traitance-de-decoupe-tranchage-et-refente-du-cuir\/","title":{"rendered":"Sous-traitance de d\u00e9coupe, tranchage et refente du cuir"},"content":{"rendered":"<p>Projet de sous-traitance : D\u00e9coupe, tranchage et refente du cuir<br \/>\nDescription : Leatai est l\u2019un des rares fabricants de journaux d\u2019entreprise \u00e0 Taiwan capables de r\u00e9aliser en interne la d\u00e9coupe et le refente du cuir. \u00c0 partir de rouleaux de cuir brut, les mat\u00e9riaux sont directement plac\u00e9s sur une grande table de d\u00e9coupe o\u00f9 ils sont tranch\u00e9s et refendus. Ce processus permet une transition imm\u00e9diate vers les \u00e9tapes suivantes, telles que l\u2019embossage ou la couture.<\/p>\n<p><iframe title=\"Leather Slicing and Cutting\" width=\"800\" height=\"450\" src=\"https:\/\/www.youtube.com\/embed\/W2uRI2v_gFU?feature=oembed&#038;enablejsapi=1&#038;origin=https:\/\/leatai.com\" frameborder=\"0\" allow=\"accelerometer; autoplay; clipboard-write; encrypted-media; gyroscope; picture-in-picture; web-share\" referrerpolicy=\"strict-origin-when-cross-origin\" allowfullscreen><\/iframe><\/p>\n","protected":false},"excerpt":{"rendered":"<p>Sous-traitance de d\u00e9coupe, tranchage et refente du cuir<\/p>\n","protected":false},"featured_media":145274,"template":"","meta":{"_acf_changed":false},"product_brand":[],"product_cat":[1153],"product_tag":[],"home_works":[],"class_list":{"0":"post-145273","1":"product","2":"type-product","3":"status-publish","4":"has-post-thumbnail","6":"product_cat-autre-fabrication","8":"first","9":"outofstock","10":"sold-individually","11":"shipping-taxable","12":"purchasable","13":"product-type-variable","14":"has-default-attributes"},"acf":[],"yoast_head":"<!-- This site is optimized with the Yoast SEO plugin v27.2 - https:\/\/yoast.com\/product\/yoast-seo-wordpress\/ -->\n<title>Sous-traitance de d\u00e9coupe, tranchage et refente du cuir - L&#039;un des rares fabricants de journaux d&#039;entreprise capables de r\u00e9aliser la d\u00e9coupe en interne. - Leatai \u2013 Fabricant de carnets personnalis\u00e9s<\/title>\n<meta name=\"description\" content=\"**Projet de sous-traitance : D\u00e9coupe, tranchage et refente du cuir** **Description :** Leatai est l\u2019un des rares fabricants de journaux d\u2019entreprise \u00e0 Taiwan capables de r\u00e9aliser en interne la d\u00e9coupe et la refente du cuir. \u00c0 partir de rouleaux de cuir brut directement plac\u00e9s en production, une grande table de d\u00e9coupe permet de trancher et de refendre le mat\u00e9riau avec pr\u00e9cision. Ce processus assure une transition fluide vers les \u00e9tapes suivantes, telles que l\u2019embossage ou la couture.\" \/>\n<meta name=\"robots\" content=\"index, follow, max-snippet:-1, max-image-preview:large, max-video-preview:-1\" \/>\n<link rel=\"canonical\" href=\"https:\/\/leatai.com\/fr\/product\/autre-fabrication\/sous-traitance-de-decoupe-tranchage-et-refente-du-cuir\/\" \/>\n<meta property=\"og:locale\" content=\"fr_FR\" \/>\n<meta property=\"og:type\" content=\"article\" \/>\n<meta property=\"og:title\" content=\"Sous-traitance de d\u00e9coupe, tranchage et refente du cuir - L&#039;un des rares fabricants de journaux d&#039;entreprise capables de r\u00e9aliser la d\u00e9coupe en interne. - Leatai \u2013 Fabricant de carnets personnalis\u00e9s\" \/>\n<meta property=\"og:description\" content=\"**Projet de sous-traitance : D\u00e9coupe, tranchage et refente du cuir** **Description :** Leatai est l\u2019un des rares fabricants de journaux d\u2019entreprise \u00e0 Taiwan capables de r\u00e9aliser en interne la d\u00e9coupe et la refente du cuir. \u00c0 partir de rouleaux de cuir brut directement plac\u00e9s en production, une grande table de d\u00e9coupe permet de trancher et de refendre le mat\u00e9riau avec pr\u00e9cision. Ce processus assure une transition fluide vers les \u00e9tapes suivantes, telles que l\u2019embossage ou la couture.\" \/>\n<meta property=\"og:url\" content=\"https:\/\/leatai.com\/fr\/product\/autre-fabrication\/sous-traitance-de-decoupe-tranchage-et-refente-du-cuir\/\" \/>\n<meta property=\"og:site_name\" content=\"Leatai \u2013 Fabricant de carnets personnalis\u00e9s\" \/>\n<meta property=\"article:modified_time\" content=\"2025-03-13T06:19:34+00:00\" \/>\n<meta property=\"og:image\" content=\"https:\/\/leatai.com\/wp-content\/uploads\/2016_01_20_1817390.jpg\" \/>\n\t<meta property=\"og:image:width\" content=\"1000\" \/>\n\t<meta property=\"og:image:height\" content=\"750\" \/>\n\t<meta property=\"og:image:type\" content=\"image\/jpeg\" \/>\n<meta name=\"twitter:card\" content=\"summary_large_image\" \/>\n<meta name=\"twitter:label1\" content=\"Dur\u00e9e de lecture estim\u00e9e\" \/>\n\t<meta name=\"twitter:data1\" content=\"1 minute\" \/>\n<script type=\"application\/ld+json\" class=\"yoast-schema-graph\">{\"@context\":\"https:\/\/schema.org\",\"@graph\":[{\"@type\":\"WebPage\",\"@id\":\"https:\/\/leatai.com\/fr\/product\/autre-fabrication\/sous-traitance-de-decoupe-tranchage-et-refente-du-cuir\/\",\"url\":\"https:\/\/leatai.com\/fr\/product\/autre-fabrication\/sous-traitance-de-decoupe-tranchage-et-refente-du-cuir\/\",\"name\":\"Sous-traitance de d\u00e9coupe, tranchage et refente du cuir - L'un des rares fabricants de journaux d'entreprise capables de r\u00e9aliser la d\u00e9coupe en interne. - Leatai \u2013 Fabricant de carnets personnalis\u00e9s\",\"isPartOf\":{\"@id\":\"https:\/\/leatai.com\/fr\/#website\"},\"primaryImageOfPage\":{\"@id\":\"https:\/\/leatai.com\/fr\/product\/autre-fabrication\/sous-traitance-de-decoupe-tranchage-et-refente-du-cuir\/#primaryimage\"},\"image\":{\"@id\":\"https:\/\/leatai.com\/fr\/product\/autre-fabrication\/sous-traitance-de-decoupe-tranchage-et-refente-du-cuir\/#primaryimage\"},\"thumbnailUrl\":\"https:\/\/leatai.com\/wp-content\/uploads\/2016_01_20_1817390.jpg\",\"datePublished\":\"2021-06-24T05:21:17+00:00\",\"dateModified\":\"2025-03-13T06:19:34+00:00\",\"description\":\"**Projet de sous-traitance : D\u00e9coupe, tranchage et refente du cuir** **Description :** Leatai est l\u2019un des rares fabricants de journaux d\u2019entreprise \u00e0 Taiwan capables de r\u00e9aliser en interne la d\u00e9coupe et la refente du cuir. \u00c0 partir de rouleaux de cuir brut directement plac\u00e9s en production, une grande table de d\u00e9coupe permet de trancher et de refendre le mat\u00e9riau avec pr\u00e9cision. Ce processus assure une transition fluide vers les \u00e9tapes suivantes, telles que l\u2019embossage ou la couture.\",\"breadcrumb\":{\"@id\":\"https:\/\/leatai.com\/fr\/product\/autre-fabrication\/sous-traitance-de-decoupe-tranchage-et-refente-du-cuir\/#breadcrumb\"},\"inLanguage\":\"fr-FR\",\"potentialAction\":[{\"@type\":\"ReadAction\",\"target\":[\"https:\/\/leatai.com\/fr\/product\/autre-fabrication\/sous-traitance-de-decoupe-tranchage-et-refente-du-cuir\/\"]}]},{\"@type\":\"ImageObject\",\"inLanguage\":\"fr-FR\",\"@id\":\"https:\/\/leatai.com\/fr\/product\/autre-fabrication\/sous-traitance-de-decoupe-tranchage-et-refente-du-cuir\/#primaryimage\",\"url\":\"https:\/\/leatai.com\/wp-content\/uploads\/2016_01_20_1817390.jpg\",\"contentUrl\":\"https:\/\/leatai.com\/wp-content\/uploads\/2016_01_20_1817390.jpg\",\"width\":1000,\"height\":750,\"caption\":\"D\u00e9coupe, tranchage et refente du cuir\"},{\"@type\":\"BreadcrumbList\",\"@id\":\"https:\/\/leatai.com\/fr\/product\/autre-fabrication\/sous-traitance-de-decoupe-tranchage-et-refente-du-cuir\/#breadcrumb\",\"itemListElement\":[{\"@type\":\"ListItem\",\"position\":1,\"name\":\"Home\",\"item\":\"https:\/\/leatai.com\/fr\/\"},{\"@type\":\"ListItem\",\"position\":2,\"name\":\"Pr\u00e9sentation des produits\",\"item\":\"https:\/\/leatai.com\/products\/\"},{\"@type\":\"ListItem\",\"position\":3,\"name\":\"Autre fabrication\",\"item\":\"https:\/\/leatai.com\/fr\/categorie-produit\/autre-fabrication\/\"},{\"@type\":\"ListItem\",\"position\":4,\"name\":\"Sous-traitance de d\u00e9coupe, tranchage et refente du cuir\"}]},{\"@type\":\"WebSite\",\"@id\":\"https:\/\/leatai.com\/fr\/#website\",\"url\":\"https:\/\/leatai.com\/fr\/\",\"name\":\"Leatai \u2013 Fabricant de carnets personnalis\u00e9s\",\"description\":\"Leatai propose des carnets et planificateurs personnalis\u00e9s pour les marques et distributeurs dans le monde entier.\",\"publisher\":{\"@id\":\"https:\/\/leatai.com\/fr\/#organization\"},\"potentialAction\":[{\"@type\":\"SearchAction\",\"target\":{\"@type\":\"EntryPoint\",\"urlTemplate\":\"https:\/\/leatai.com\/fr\/?s={search_term_string}\"},\"query-input\":{\"@type\":\"PropertyValueSpecification\",\"valueRequired\":true,\"valueName\":\"search_term_string\"}}],\"inLanguage\":\"fr-FR\"},{\"@type\":\"Organization\",\"@id\":\"https:\/\/leatai.com\/fr\/#organization\",\"name\":\"Leatai Diary, customized journal and business organizer\",\"url\":\"https:\/\/leatai.com\/fr\/\",\"logo\":{\"@type\":\"ImageObject\",\"inLanguage\":\"fr-FR\",\"@id\":\"https:\/\/leatai.com\/fr\/#\/schema\/logo\/image\/\",\"url\":\"https:\/\/leatai.com\/wp-content\/uploads\/logo-blue.png\",\"contentUrl\":\"https:\/\/leatai.com\/wp-content\/uploads\/logo-blue.png\",\"width\":230,\"height\":60,\"caption\":\"Leatai Diary, customized journal and business organizer\"},\"image\":{\"@id\":\"https:\/\/leatai.com\/fr\/#\/schema\/logo\/image\/\"}}]}<\/script>\n<!-- \/ Yoast SEO plugin. -->","yoast_head_json":{"title":"Sous-traitance de d\u00e9coupe, tranchage et refente du cuir - L'un des rares fabricants de journaux d'entreprise capables de r\u00e9aliser la d\u00e9coupe en interne. - Leatai \u2013 Fabricant de carnets personnalis\u00e9s","description":"**Projet de sous-traitance : D\u00e9coupe, tranchage et refente du cuir** **Description :** Leatai est l\u2019un des rares fabricants de journaux d\u2019entreprise \u00e0 Taiwan capables de r\u00e9aliser en interne la d\u00e9coupe et la refente du cuir. \u00c0 partir de rouleaux de cuir brut directement plac\u00e9s en production, une grande table de d\u00e9coupe permet de trancher et de refendre le mat\u00e9riau avec pr\u00e9cision. Ce processus assure une transition fluide vers les \u00e9tapes suivantes, telles que l\u2019embossage ou la couture.","robots":{"index":"index","follow":"follow","max-snippet":"max-snippet:-1","max-image-preview":"max-image-preview:large","max-video-preview":"max-video-preview:-1"},"canonical":"https:\/\/leatai.com\/fr\/product\/autre-fabrication\/sous-traitance-de-decoupe-tranchage-et-refente-du-cuir\/","og_locale":"fr_FR","og_type":"article","og_title":"Sous-traitance de d\u00e9coupe, tranchage et refente du cuir - L'un des rares fabricants de journaux d'entreprise capables de r\u00e9aliser la d\u00e9coupe en interne. - Leatai \u2013 Fabricant de carnets personnalis\u00e9s","og_description":"**Projet de sous-traitance : D\u00e9coupe, tranchage et refente du cuir** **Description :** Leatai est l\u2019un des rares fabricants de journaux d\u2019entreprise \u00e0 Taiwan capables de r\u00e9aliser en interne la d\u00e9coupe et la refente du cuir. \u00c0 partir de rouleaux de cuir brut directement plac\u00e9s en production, une grande table de d\u00e9coupe permet de trancher et de refendre le mat\u00e9riau avec pr\u00e9cision. Ce processus assure une transition fluide vers les \u00e9tapes suivantes, telles que l\u2019embossage ou la couture.","og_url":"https:\/\/leatai.com\/fr\/product\/autre-fabrication\/sous-traitance-de-decoupe-tranchage-et-refente-du-cuir\/","og_site_name":"Leatai \u2013 Fabricant de carnets personnalis\u00e9s","article_modified_time":"2025-03-13T06:19:34+00:00","og_image":[{"width":1000,"height":750,"url":"https:\/\/leatai.com\/wp-content\/uploads\/2016_01_20_1817390.jpg","type":"image\/jpeg"}],"twitter_card":"summary_large_image","twitter_misc":{"Dur\u00e9e de lecture estim\u00e9e":"1 minute"},"schema":{"@context":"https:\/\/schema.org","@graph":[{"@type":"WebPage","@id":"https:\/\/leatai.com\/fr\/product\/autre-fabrication\/sous-traitance-de-decoupe-tranchage-et-refente-du-cuir\/","url":"https:\/\/leatai.com\/fr\/product\/autre-fabrication\/sous-traitance-de-decoupe-tranchage-et-refente-du-cuir\/","name":"Sous-traitance de d\u00e9coupe, tranchage et refente du cuir - L'un des rares fabricants de journaux d'entreprise capables de r\u00e9aliser la d\u00e9coupe en interne. - Leatai \u2013 Fabricant de carnets personnalis\u00e9s","isPartOf":{"@id":"https:\/\/leatai.com\/fr\/#website"},"primaryImageOfPage":{"@id":"https:\/\/leatai.com\/fr\/product\/autre-fabrication\/sous-traitance-de-decoupe-tranchage-et-refente-du-cuir\/#primaryimage"},"image":{"@id":"https:\/\/leatai.com\/fr\/product\/autre-fabrication\/sous-traitance-de-decoupe-tranchage-et-refente-du-cuir\/#primaryimage"},"thumbnailUrl":"https:\/\/leatai.com\/wp-content\/uploads\/2016_01_20_1817390.jpg","datePublished":"2021-06-24T05:21:17+00:00","dateModified":"2025-03-13T06:19:34+00:00","description":"**Projet de sous-traitance : D\u00e9coupe, tranchage et refente du cuir** **Description :** Leatai est l\u2019un des rares fabricants de journaux d\u2019entreprise \u00e0 Taiwan capables de r\u00e9aliser en interne la d\u00e9coupe et la refente du cuir. \u00c0 partir de rouleaux de cuir brut directement plac\u00e9s en production, une grande table de d\u00e9coupe permet de trancher et de refendre le mat\u00e9riau avec pr\u00e9cision. Ce processus assure une transition fluide vers les \u00e9tapes suivantes, telles que l\u2019embossage ou la couture.","breadcrumb":{"@id":"https:\/\/leatai.com\/fr\/product\/autre-fabrication\/sous-traitance-de-decoupe-tranchage-et-refente-du-cuir\/#breadcrumb"},"inLanguage":"fr-FR","potentialAction":[{"@type":"ReadAction","target":["https:\/\/leatai.com\/fr\/product\/autre-fabrication\/sous-traitance-de-decoupe-tranchage-et-refente-du-cuir\/"]}]},{"@type":"ImageObject","inLanguage":"fr-FR","@id":"https:\/\/leatai.com\/fr\/product\/autre-fabrication\/sous-traitance-de-decoupe-tranchage-et-refente-du-cuir\/#primaryimage","url":"https:\/\/leatai.com\/wp-content\/uploads\/2016_01_20_1817390.jpg","contentUrl":"https:\/\/leatai.com\/wp-content\/uploads\/2016_01_20_1817390.jpg","width":1000,"height":750,"caption":"D\u00e9coupe, tranchage et refente du cuir"},{"@type":"BreadcrumbList","@id":"https:\/\/leatai.com\/fr\/product\/autre-fabrication\/sous-traitance-de-decoupe-tranchage-et-refente-du-cuir\/#breadcrumb","itemListElement":[{"@type":"ListItem","position":1,"name":"Home","item":"https:\/\/leatai.com\/fr\/"},{"@type":"ListItem","position":2,"name":"Pr\u00e9sentation des produits","item":"https:\/\/leatai.com\/products\/"},{"@type":"ListItem","position":3,"name":"Autre fabrication","item":"https:\/\/leatai.com\/fr\/categorie-produit\/autre-fabrication\/"},{"@type":"ListItem","position":4,"name":"Sous-traitance de d\u00e9coupe, tranchage et refente du cuir"}]},{"@type":"WebSite","@id":"https:\/\/leatai.com\/fr\/#website","url":"https:\/\/leatai.com\/fr\/","name":"Leatai \u2013 Fabricant de carnets personnalis\u00e9s","description":"Leatai propose des carnets et planificateurs personnalis\u00e9s pour les marques et distributeurs dans le monde entier.","publisher":{"@id":"https:\/\/leatai.com\/fr\/#organization"},"potentialAction":[{"@type":"SearchAction","target":{"@type":"EntryPoint","urlTemplate":"https:\/\/leatai.com\/fr\/?s={search_term_string}"},"query-input":{"@type":"PropertyValueSpecification","valueRequired":true,"valueName":"search_term_string"}}],"inLanguage":"fr-FR"},{"@type":"Organization","@id":"https:\/\/leatai.com\/fr\/#organization","name":"Leatai Diary, customized journal and business organizer","url":"https:\/\/leatai.com\/fr\/","logo":{"@type":"ImageObject","inLanguage":"fr-FR","@id":"https:\/\/leatai.com\/fr\/#\/schema\/logo\/image\/","url":"https:\/\/leatai.com\/wp-content\/uploads\/logo-blue.png","contentUrl":"https:\/\/leatai.com\/wp-content\/uploads\/logo-blue.png","width":230,"height":60,"caption":"Leatai Diary, customized journal and business organizer"},"image":{"@id":"https:\/\/leatai.com\/fr\/#\/schema\/logo\/image\/"}}]}},"_links":{"self":[{"href":"https:\/\/leatai.com\/fr\/wp-json\/wp\/v2\/product\/145273","targetHints":{"allow":["GET"]}}],"collection":[{"href":"https:\/\/leatai.com\/fr\/wp-json\/wp\/v2\/product"}],"about":[{"href":"https:\/\/leatai.com\/fr\/wp-json\/wp\/v2\/types\/product"}],"wp:featuredmedia":[{"embeddable":true,"href":"https:\/\/leatai.com\/fr\/wp-json\/wp\/v2\/media\/145274"}],"wp:attachment":[{"href":"https:\/\/leatai.com\/fr\/wp-json\/wp\/v2\/media?parent=145273"}],"wp:term":[{"taxonomy":"product_brand","embeddable":true,"href":"https:\/\/leatai.com\/fr\/wp-json\/wp\/v2\/product_brand?post=145273"},{"taxonomy":"product_cat","embeddable":true,"href":"https:\/\/leatai.com\/fr\/wp-json\/wp\/v2\/product_cat?post=145273"},{"taxonomy":"product_tag","embeddable":true,"href":"https:\/\/leatai.com\/fr\/wp-json\/wp\/v2\/product_tag?post=145273"},{"taxonomy":"home_works","embeddable":true,"href":"https:\/\/leatai.com\/fr\/wp-json\/wp\/v2\/home_works?post=145273"}],"curies":[{"name":"wp","href":"https:\/\/api.w.org\/{rel}","templated":true}]}}