{"id":145233,"date":"2021-06-24T13:21:40","date_gmt":"2021-06-24T05:21:40","guid":{"rendered":"https:\/\/leatai.com\/product\/non%20class\u00e9\/sous-traitance-dimpression\/"},"modified":"2025-03-13T14:17:46","modified_gmt":"2025-03-13T06:17:46","slug":"sous-traitance-dimpression","status":"publish","type":"product","link":"https:\/\/leatai.com\/fr\/product\/autre-fabrication\/sous-traitance-dimpression\/","title":{"rendered":"Sous-traitance d\u2019impression"},"content":{"rendered":"<p>Projet de sous-traitance : Impression<br \/>\nDescription : Le processus d&#8217;impression consiste simplement \u00e0 appliquer de l&#8217;encre sur de grandes feuilles de papier \u00e0 l&#8217;aide d&#8217;une imprimante industrielle. Une fois l&#8217;impression termin\u00e9e, les feuilles passent ensuite \u00e0 l\u2019\u00e9tape de reliure. De nombreux d\u00e9tails techniques doivent \u00eatre pris en compte tout au long du processus d\u2019impression !<\/p>\n","protected":false},"excerpt":{"rendered":"<p>Sous-traitance : Impression et reliure de livres<\/p>\n","protected":false},"featured_media":145234,"template":"","meta":{"_acf_changed":false},"product_brand":[],"product_cat":[1153],"product_tag":[],"home_works":[],"class_list":{"0":"post-145233","1":"product","2":"type-product","3":"status-publish","4":"has-post-thumbnail","6":"product_cat-autre-fabrication","8":"first","9":"outofstock","10":"sold-individually","11":"shipping-taxable","12":"purchasable","13":"product-type-variable","14":"has-default-attributes"},"acf":[],"yoast_head":"<!-- This site is optimized with the Yoast SEO plugin v27.2 - https:\/\/yoast.com\/product\/yoast-seo-wordpress\/ -->\n<title>Sous-traitance d\u2019impression - Impression disponible aux formats pleine feuille, Kikuban complet et Kikuban double. - Leatai \u2013 Fabricant de carnets personnalis\u00e9s<\/title>\n<meta name=\"description\" content=\"**Projet de sous-traitance : Impression** **Description :** Le processus d&#039;impression consiste \u00e0 appliquer de l&#039;encre sur de grandes feuilles de papier \u00e0 l&#039;aide d&#039;une imprimante industrielle. Une fois l&#039;impression termin\u00e9e, les feuilles passent \u00e0 l\u2019\u00e9tape de reliure. De nombreux d\u00e9tails techniques doivent \u00eatre pris en compte pour garantir une impression de haute qualit\u00e9 !\" \/>\n<meta name=\"robots\" content=\"index, follow, max-snippet:-1, max-image-preview:large, max-video-preview:-1\" \/>\n<link rel=\"canonical\" href=\"https:\/\/leatai.com\/fr\/product\/autre-fabrication\/sous-traitance-dimpression\/\" \/>\n<meta property=\"og:locale\" content=\"fr_FR\" \/>\n<meta property=\"og:type\" content=\"article\" \/>\n<meta property=\"og:title\" content=\"Sous-traitance d\u2019impression - Impression disponible aux formats pleine feuille, Kikuban complet et Kikuban double. - Leatai \u2013 Fabricant de carnets personnalis\u00e9s\" \/>\n<meta property=\"og:description\" content=\"**Projet de sous-traitance : Impression** **Description :** Le processus d&#039;impression consiste \u00e0 appliquer de l&#039;encre sur de grandes feuilles de papier \u00e0 l&#039;aide d&#039;une imprimante industrielle. Une fois l&#039;impression termin\u00e9e, les feuilles passent \u00e0 l\u2019\u00e9tape de reliure. De nombreux d\u00e9tails techniques doivent \u00eatre pris en compte pour garantir une impression de haute qualit\u00e9 !\" \/>\n<meta property=\"og:url\" content=\"https:\/\/leatai.com\/fr\/product\/autre-fabrication\/sous-traitance-dimpression\/\" \/>\n<meta property=\"og:site_name\" content=\"Leatai \u2013 Fabricant de carnets personnalis\u00e9s\" \/>\n<meta property=\"article:modified_time\" content=\"2025-03-13T06:17:46+00:00\" \/>\n<meta property=\"og:image\" content=\"https:\/\/leatai.com\/wp-content\/uploads\/2016_01_20_1512120.jpg\" \/>\n\t<meta property=\"og:image:width\" content=\"1000\" \/>\n\t<meta property=\"og:image:height\" content=\"668\" \/>\n\t<meta property=\"og:image:type\" content=\"image\/jpeg\" \/>\n<meta name=\"twitter:card\" content=\"summary_large_image\" \/>\n<meta name=\"twitter:label1\" content=\"Dur\u00e9e de lecture estim\u00e9e\" \/>\n\t<meta name=\"twitter:data1\" content=\"1 minute\" \/>\n<script type=\"application\/ld+json\" class=\"yoast-schema-graph\">{\"@context\":\"https:\/\/schema.org\",\"@graph\":[{\"@type\":\"WebPage\",\"@id\":\"https:\/\/leatai.com\/fr\/product\/autre-fabrication\/sous-traitance-dimpression\/\",\"url\":\"https:\/\/leatai.com\/fr\/product\/autre-fabrication\/sous-traitance-dimpression\/\",\"name\":\"Sous-traitance d\u2019impression - Impression disponible aux formats pleine feuille, Kikuban complet et Kikuban double. - Leatai \u2013 Fabricant de carnets personnalis\u00e9s\",\"isPartOf\":{\"@id\":\"https:\/\/leatai.com\/fr\/#website\"},\"primaryImageOfPage\":{\"@id\":\"https:\/\/leatai.com\/fr\/product\/autre-fabrication\/sous-traitance-dimpression\/#primaryimage\"},\"image\":{\"@id\":\"https:\/\/leatai.com\/fr\/product\/autre-fabrication\/sous-traitance-dimpression\/#primaryimage\"},\"thumbnailUrl\":\"https:\/\/leatai.com\/wp-content\/uploads\/2016_01_20_1512120.jpg\",\"datePublished\":\"2021-06-24T05:21:40+00:00\",\"dateModified\":\"2025-03-13T06:17:46+00:00\",\"description\":\"**Projet de sous-traitance : Impression** **Description :** Le processus d'impression consiste \u00e0 appliquer de l'encre sur de grandes feuilles de papier \u00e0 l'aide d'une imprimante industrielle. Une fois l'impression termin\u00e9e, les feuilles passent \u00e0 l\u2019\u00e9tape de reliure. De nombreux d\u00e9tails techniques doivent \u00eatre pris en compte pour garantir une impression de haute qualit\u00e9 !\",\"breadcrumb\":{\"@id\":\"https:\/\/leatai.com\/fr\/product\/autre-fabrication\/sous-traitance-dimpression\/#breadcrumb\"},\"inLanguage\":\"fr-FR\",\"potentialAction\":[{\"@type\":\"ReadAction\",\"target\":[\"https:\/\/leatai.com\/fr\/product\/autre-fabrication\/sous-traitance-dimpression\/\"]}]},{\"@type\":\"ImageObject\",\"inLanguage\":\"fr-FR\",\"@id\":\"https:\/\/leatai.com\/fr\/product\/autre-fabrication\/sous-traitance-dimpression\/#primaryimage\",\"url\":\"https:\/\/leatai.com\/wp-content\/uploads\/2016_01_20_1512120.jpg\",\"contentUrl\":\"https:\/\/leatai.com\/wp-content\/uploads\/2016_01_20_1512120.jpg\",\"width\":1000,\"height\":668,\"caption\":\"Sous-traitance d\u2019impression\"},{\"@type\":\"BreadcrumbList\",\"@id\":\"https:\/\/leatai.com\/fr\/product\/autre-fabrication\/sous-traitance-dimpression\/#breadcrumb\",\"itemListElement\":[{\"@type\":\"ListItem\",\"position\":1,\"name\":\"Home\",\"item\":\"https:\/\/leatai.com\/fr\/\"},{\"@type\":\"ListItem\",\"position\":2,\"name\":\"Pr\u00e9sentation des produits\",\"item\":\"https:\/\/leatai.com\/products\/\"},{\"@type\":\"ListItem\",\"position\":3,\"name\":\"Autre fabrication\",\"item\":\"https:\/\/leatai.com\/fr\/categorie-produit\/autre-fabrication\/\"},{\"@type\":\"ListItem\",\"position\":4,\"name\":\"Sous-traitance d\u2019impression\"}]},{\"@type\":\"WebSite\",\"@id\":\"https:\/\/leatai.com\/fr\/#website\",\"url\":\"https:\/\/leatai.com\/fr\/\",\"name\":\"Leatai \u2013 Fabricant de carnets personnalis\u00e9s\",\"description\":\"Leatai propose des carnets et planificateurs personnalis\u00e9s pour les marques et distributeurs dans le monde entier.\",\"publisher\":{\"@id\":\"https:\/\/leatai.com\/fr\/#organization\"},\"potentialAction\":[{\"@type\":\"SearchAction\",\"target\":{\"@type\":\"EntryPoint\",\"urlTemplate\":\"https:\/\/leatai.com\/fr\/?s={search_term_string}\"},\"query-input\":{\"@type\":\"PropertyValueSpecification\",\"valueRequired\":true,\"valueName\":\"search_term_string\"}}],\"inLanguage\":\"fr-FR\"},{\"@type\":\"Organization\",\"@id\":\"https:\/\/leatai.com\/fr\/#organization\",\"name\":\"Leatai Diary, customized journal and business organizer\",\"url\":\"https:\/\/leatai.com\/fr\/\",\"logo\":{\"@type\":\"ImageObject\",\"inLanguage\":\"fr-FR\",\"@id\":\"https:\/\/leatai.com\/fr\/#\/schema\/logo\/image\/\",\"url\":\"https:\/\/leatai.com\/wp-content\/uploads\/logo-blue.png\",\"contentUrl\":\"https:\/\/leatai.com\/wp-content\/uploads\/logo-blue.png\",\"width\":230,\"height\":60,\"caption\":\"Leatai Diary, customized journal and business organizer\"},\"image\":{\"@id\":\"https:\/\/leatai.com\/fr\/#\/schema\/logo\/image\/\"}}]}<\/script>\n<!-- \/ Yoast SEO plugin. -->","yoast_head_json":{"title":"Sous-traitance d\u2019impression - Impression disponible aux formats pleine feuille, Kikuban complet et Kikuban double. - Leatai \u2013 Fabricant de carnets personnalis\u00e9s","description":"**Projet de sous-traitance : Impression** **Description :** Le processus d'impression consiste \u00e0 appliquer de l'encre sur de grandes feuilles de papier \u00e0 l'aide d'une imprimante industrielle. Une fois l'impression termin\u00e9e, les feuilles passent \u00e0 l\u2019\u00e9tape de reliure. De nombreux d\u00e9tails techniques doivent \u00eatre pris en compte pour garantir une impression de haute qualit\u00e9 !","robots":{"index":"index","follow":"follow","max-snippet":"max-snippet:-1","max-image-preview":"max-image-preview:large","max-video-preview":"max-video-preview:-1"},"canonical":"https:\/\/leatai.com\/fr\/product\/autre-fabrication\/sous-traitance-dimpression\/","og_locale":"fr_FR","og_type":"article","og_title":"Sous-traitance d\u2019impression - Impression disponible aux formats pleine feuille, Kikuban complet et Kikuban double. - Leatai \u2013 Fabricant de carnets personnalis\u00e9s","og_description":"**Projet de sous-traitance : Impression** **Description :** Le processus d'impression consiste \u00e0 appliquer de l'encre sur de grandes feuilles de papier \u00e0 l'aide d'une imprimante industrielle. Une fois l'impression termin\u00e9e, les feuilles passent \u00e0 l\u2019\u00e9tape de reliure. De nombreux d\u00e9tails techniques doivent \u00eatre pris en compte pour garantir une impression de haute qualit\u00e9 !","og_url":"https:\/\/leatai.com\/fr\/product\/autre-fabrication\/sous-traitance-dimpression\/","og_site_name":"Leatai \u2013 Fabricant de carnets personnalis\u00e9s","article_modified_time":"2025-03-13T06:17:46+00:00","og_image":[{"width":1000,"height":668,"url":"https:\/\/leatai.com\/wp-content\/uploads\/2016_01_20_1512120.jpg","type":"image\/jpeg"}],"twitter_card":"summary_large_image","twitter_misc":{"Dur\u00e9e de lecture estim\u00e9e":"1 minute"},"schema":{"@context":"https:\/\/schema.org","@graph":[{"@type":"WebPage","@id":"https:\/\/leatai.com\/fr\/product\/autre-fabrication\/sous-traitance-dimpression\/","url":"https:\/\/leatai.com\/fr\/product\/autre-fabrication\/sous-traitance-dimpression\/","name":"Sous-traitance d\u2019impression - Impression disponible aux formats pleine feuille, Kikuban complet et Kikuban double. - Leatai \u2013 Fabricant de carnets personnalis\u00e9s","isPartOf":{"@id":"https:\/\/leatai.com\/fr\/#website"},"primaryImageOfPage":{"@id":"https:\/\/leatai.com\/fr\/product\/autre-fabrication\/sous-traitance-dimpression\/#primaryimage"},"image":{"@id":"https:\/\/leatai.com\/fr\/product\/autre-fabrication\/sous-traitance-dimpression\/#primaryimage"},"thumbnailUrl":"https:\/\/leatai.com\/wp-content\/uploads\/2016_01_20_1512120.jpg","datePublished":"2021-06-24T05:21:40+00:00","dateModified":"2025-03-13T06:17:46+00:00","description":"**Projet de sous-traitance : Impression** **Description :** Le processus d'impression consiste \u00e0 appliquer de l'encre sur de grandes feuilles de papier \u00e0 l'aide d'une imprimante industrielle. Une fois l'impression termin\u00e9e, les feuilles passent \u00e0 l\u2019\u00e9tape de reliure. De nombreux d\u00e9tails techniques doivent \u00eatre pris en compte pour garantir une impression de haute qualit\u00e9 !","breadcrumb":{"@id":"https:\/\/leatai.com\/fr\/product\/autre-fabrication\/sous-traitance-dimpression\/#breadcrumb"},"inLanguage":"fr-FR","potentialAction":[{"@type":"ReadAction","target":["https:\/\/leatai.com\/fr\/product\/autre-fabrication\/sous-traitance-dimpression\/"]}]},{"@type":"ImageObject","inLanguage":"fr-FR","@id":"https:\/\/leatai.com\/fr\/product\/autre-fabrication\/sous-traitance-dimpression\/#primaryimage","url":"https:\/\/leatai.com\/wp-content\/uploads\/2016_01_20_1512120.jpg","contentUrl":"https:\/\/leatai.com\/wp-content\/uploads\/2016_01_20_1512120.jpg","width":1000,"height":668,"caption":"Sous-traitance d\u2019impression"},{"@type":"BreadcrumbList","@id":"https:\/\/leatai.com\/fr\/product\/autre-fabrication\/sous-traitance-dimpression\/#breadcrumb","itemListElement":[{"@type":"ListItem","position":1,"name":"Home","item":"https:\/\/leatai.com\/fr\/"},{"@type":"ListItem","position":2,"name":"Pr\u00e9sentation des produits","item":"https:\/\/leatai.com\/products\/"},{"@type":"ListItem","position":3,"name":"Autre fabrication","item":"https:\/\/leatai.com\/fr\/categorie-produit\/autre-fabrication\/"},{"@type":"ListItem","position":4,"name":"Sous-traitance d\u2019impression"}]},{"@type":"WebSite","@id":"https:\/\/leatai.com\/fr\/#website","url":"https:\/\/leatai.com\/fr\/","name":"Leatai \u2013 Fabricant de carnets personnalis\u00e9s","description":"Leatai propose des carnets et planificateurs personnalis\u00e9s pour les marques et distributeurs dans le monde entier.","publisher":{"@id":"https:\/\/leatai.com\/fr\/#organization"},"potentialAction":[{"@type":"SearchAction","target":{"@type":"EntryPoint","urlTemplate":"https:\/\/leatai.com\/fr\/?s={search_term_string}"},"query-input":{"@type":"PropertyValueSpecification","valueRequired":true,"valueName":"search_term_string"}}],"inLanguage":"fr-FR"},{"@type":"Organization","@id":"https:\/\/leatai.com\/fr\/#organization","name":"Leatai Diary, customized journal and business organizer","url":"https:\/\/leatai.com\/fr\/","logo":{"@type":"ImageObject","inLanguage":"fr-FR","@id":"https:\/\/leatai.com\/fr\/#\/schema\/logo\/image\/","url":"https:\/\/leatai.com\/wp-content\/uploads\/logo-blue.png","contentUrl":"https:\/\/leatai.com\/wp-content\/uploads\/logo-blue.png","width":230,"height":60,"caption":"Leatai Diary, customized journal and business organizer"},"image":{"@id":"https:\/\/leatai.com\/fr\/#\/schema\/logo\/image\/"}}]}},"_links":{"self":[{"href":"https:\/\/leatai.com\/fr\/wp-json\/wp\/v2\/product\/145233","targetHints":{"allow":["GET"]}}],"collection":[{"href":"https:\/\/leatai.com\/fr\/wp-json\/wp\/v2\/product"}],"about":[{"href":"https:\/\/leatai.com\/fr\/wp-json\/wp\/v2\/types\/product"}],"wp:featuredmedia":[{"embeddable":true,"href":"https:\/\/leatai.com\/fr\/wp-json\/wp\/v2\/media\/145234"}],"wp:attachment":[{"href":"https:\/\/leatai.com\/fr\/wp-json\/wp\/v2\/media?parent=145233"}],"wp:term":[{"taxonomy":"product_brand","embeddable":true,"href":"https:\/\/leatai.com\/fr\/wp-json\/wp\/v2\/product_brand?post=145233"},{"taxonomy":"product_cat","embeddable":true,"href":"https:\/\/leatai.com\/fr\/wp-json\/wp\/v2\/product_cat?post=145233"},{"taxonomy":"product_tag","embeddable":true,"href":"https:\/\/leatai.com\/fr\/wp-json\/wp\/v2\/product_tag?post=145233"},{"taxonomy":"home_works","embeddable":true,"href":"https:\/\/leatai.com\/fr\/wp-json\/wp\/v2\/home_works?post=145233"}],"curies":[{"name":"wp","href":"https:\/\/api.w.org\/{rel}","templated":true}]}}