{"id":144629,"date":"2021-08-18T17:18:34","date_gmt":"2021-08-18T09:18:34","guid":{"rendered":"https:\/\/leatai.com\/product\/non%20class\u00e9\/designer-edition-creative-antique-book\/"},"modified":"2025-03-12T17:42:04","modified_gmt":"2025-03-12T09:42:04","slug":"designer-edition-creative-antique-book","status":"publish","type":"product","link":"https:\/\/leatai.com\/fr\/product\/divers-echantillons-oem\/carnet-relie-oem\/designer-edition-creative-antique-book\/","title":{"rendered":"Designer Edition \u2013 Creative Antique Book"},"content":{"rendered":"<p>Nom du client : Designer Edition \u2013 Creative Antique Book<br \/>\nTaille du projet : 25K<br \/>\nStyle du projet : Carnet reli\u00e9 cousu \u00e0 la main<br \/>\nEffet du logo : Autocollant<\/p>\n<p>Points forts : Ce carnet adopte la technique artisanale de la reliure cousue \u00e0 la main, une m\u00e9thode rare sur le march\u00e9 en raison de sa complexit\u00e9. Chaque exemplaire est soigneusement assembl\u00e9, n\u00e9cessitant un savoir-faire m\u00e9ticuleux. Une v\u00e9ritable \u0153uvre o\u00f9 chaque d\u00e9tail refl\u00e8te l\u2019engagement passionn\u00e9 de son cr\u00e9ateur.<\/p>\n<p>&nbsp;<\/p>\n<p><strong>\ud83d\udcd6<\/strong>Tous les exemples de personnalisation : <a href=\"https:\/\/leatai.com\/fr\/etiquette-produit\/oem-fr\/\" target=\"_blank\" rel=\"noopener\">Carnet personnalis\u00e9 \/ Journal d&#8217;affaires personnalis\u00e9<\/a><\/p>\n<p>\ud83d\udcd6Pour les produits standards de carnets personnalis\u00e9s \/ journaux d&#8217;affaires, veuillez vous r\u00e9f\u00e9rer \u00e0 :<\/p>\n<ul>\n<li><a href=\"https:\/\/leatai.com\/fr\/categorie-produit\/carnet-personnalise\/carnet-a-couverture-rigide\/\" target=\"_blank\" rel=\"noopener\">Carnet reli\u00e9 \/ Journal d&#8217;affaires reli\u00e9<\/a><\/li>\n<li><a href=\"https:\/\/leatai.com\/fr\/categorie-produit\/carnet-personnalise\/carnet-a-feuilles-mobiles\/\" target=\"_blank\" rel=\"noopener\">Carnet \u00e0 anneaux \/ Journal d&#8217;affaires \u00e0 anneaux<\/a><\/li>\n<li><a href=\"https:\/\/leatai.com\/fr\/categorie-produit\/carnet-personnalise\/carnet-amovible\/\" target=\"_blank\" rel=\"noopener\">Carnet \u00e0 feuilles d\u00e9tachables \/ Journal d&#8217;affaires \u00e0 feuilles d\u00e9tachables<\/a><\/li>\n<li><a href=\"https:\/\/leatai.com\/fr\/categorie-produit\/carnet-personnalise\/carnet-broche\/\" target=\"_blank\" rel=\"noopener\">Carnet broch\u00e9 \/ Journal d&#8217;affaires broch\u00e9<\/a><\/li>\n<li><a href=\"https:\/\/leatai.com\/fr\/categorie-produit\/carnet-personnalise\/carnet-a-spirale\/\" target=\"_blank\" rel=\"noopener\">Carnet \u00e0 spirale \/ Journal d&#8217;affaires \u00e0 spirale<\/a><\/li>\n<\/ul>\n<p><strong>\ud83d\udcd6<\/strong>Pour une explication compl\u00e8te des tailles, veuillez consulter : <a href=\"https:\/\/leatai.com\/fr\/connaissances-sur-les-cahiers\/guide-des-formats-de-papier-comprendre-les-formats-courants-comme-b3-a4-b5-8k-16k-et-plus-encore-un-tableau-de-tailles-complet-pour-une-reference-facile\/\" target=\"_blank\" rel=\"noopener\">Guide des formats de papier : Comment sont class\u00e9s les formats courants comme B3, A4, B5, 8K, 16K ? Un tableau comparatif des tailles de papier pour mieux comprendre !<\/a><\/p>\n","protected":false},"excerpt":{"rendered":"<p>Nom du client : Designer Edition \u2013 Creative Antique Book Taille du projet : 25K Style du projet : Carnet reli\u00e9 cousu \u00e0 la main Effet du logo : Autocollant Points forts : Ce carnet adopte la technique artisanale de la reliure cousue \u00e0 la main, une m\u00e9thode rare sur le march\u00e9 en raison de [&hellip;]<\/p>\n","protected":false},"featured_media":144630,"template":"","meta":{"_acf_changed":false},"product_brand":[],"product_cat":[880],"product_tag":[1367],"home_works":[],"class_list":{"0":"post-144629","1":"product","2":"type-product","3":"status-publish","4":"has-post-thumbnail","6":"product_cat-carnet-relie-oem","7":"product_tag-oem-fr","9":"first","10":"instock","11":"sold-individually","12":"shipping-taxable","13":"purchasable","14":"product-type-variable","15":"has-default-attributes"},"acf":[],"yoast_head":"<!-- This site is optimized with the Yoast SEO plugin v27.2 - https:\/\/yoast.com\/product\/yoast-seo-wordpress\/ -->\n<title>Designer Edition \u2013 Creative Antique Book - Une reliure cousue \u00e0 la main avec passion, chaque carnet est une pi\u00e8ce rare et pr\u00e9cieuse. - Leatai \u2013 Fabricant de carnets personnalis\u00e9s<\/title>\n<meta name=\"description\" content=\"Cas de carnet reli\u00e9 OEM : Designer Edition \u2013 Creative Antique Book Style : Carnet reli\u00e9 Taille : 25K Points forts : Ce carnet adopte la technique artisanale de la reliure cousue \u00e0 la main, une m\u00e9thode rare sur le march\u00e9 en raison de sa complexit\u00e9. Chaque exemplaire est soigneusement assembl\u00e9, n\u00e9cessitant un savoir-faire m\u00e9ticuleux. Une v\u00e9ritable \u0153uvre o\u00f9 chaque d\u00e9tail refl\u00e8te l\u2019engagement passionn\u00e9 de son cr\u00e9ateur.\" \/>\n<meta name=\"robots\" content=\"index, follow, max-snippet:-1, max-image-preview:large, max-video-preview:-1\" \/>\n<link rel=\"canonical\" href=\"https:\/\/leatai.com\/fr\/product\/divers-echantillons-oem\/carnet-relie-oem\/designer-edition-creative-antique-book\/\" \/>\n<meta property=\"og:locale\" content=\"fr_FR\" \/>\n<meta property=\"og:type\" content=\"article\" \/>\n<meta property=\"og:title\" content=\"Designer Edition \u2013 Creative Antique Book - Une reliure cousue \u00e0 la main avec passion, chaque carnet est une pi\u00e8ce rare et pr\u00e9cieuse. - Leatai \u2013 Fabricant de carnets personnalis\u00e9s\" \/>\n<meta property=\"og:description\" content=\"Cas de carnet reli\u00e9 OEM : Designer Edition \u2013 Creative Antique Book Style : Carnet reli\u00e9 Taille : 25K Points forts : Ce carnet adopte la technique artisanale de la reliure cousue \u00e0 la main, une m\u00e9thode rare sur le march\u00e9 en raison de sa complexit\u00e9. Chaque exemplaire est soigneusement assembl\u00e9, n\u00e9cessitant un savoir-faire m\u00e9ticuleux. Une v\u00e9ritable \u0153uvre o\u00f9 chaque d\u00e9tail refl\u00e8te l\u2019engagement passionn\u00e9 de son cr\u00e9ateur.\" \/>\n<meta property=\"og:url\" content=\"https:\/\/leatai.com\/fr\/product\/divers-echantillons-oem\/carnet-relie-oem\/designer-edition-creative-antique-book\/\" \/>\n<meta property=\"og:site_name\" content=\"Leatai \u2013 Fabricant de carnets personnalis\u00e9s\" \/>\n<meta property=\"article:modified_time\" content=\"2025-03-12T09:42:04+00:00\" \/>\n<meta property=\"og:image\" content=\"https:\/\/leatai.com\/wp-content\/uploads\/1-18.jpg\" \/>\n\t<meta property=\"og:image:width\" content=\"1000\" \/>\n\t<meta property=\"og:image:height\" content=\"750\" \/>\n\t<meta property=\"og:image:type\" content=\"image\/jpeg\" \/>\n<meta name=\"twitter:card\" content=\"summary_large_image\" \/>\n<meta name=\"twitter:label1\" content=\"Dur\u00e9e de lecture estim\u00e9e\" \/>\n\t<meta name=\"twitter:data1\" content=\"2 minutes\" \/>\n<script type=\"application\/ld+json\" class=\"yoast-schema-graph\">{\"@context\":\"https:\/\/schema.org\",\"@graph\":[{\"@type\":\"WebPage\",\"@id\":\"https:\/\/leatai.com\/fr\/product\/divers-echantillons-oem\/carnet-relie-oem\/designer-edition-creative-antique-book\/\",\"url\":\"https:\/\/leatai.com\/fr\/product\/divers-echantillons-oem\/carnet-relie-oem\/designer-edition-creative-antique-book\/\",\"name\":\"Designer Edition \u2013 Creative Antique Book - Une reliure cousue \u00e0 la main avec passion, chaque carnet est une pi\u00e8ce rare et pr\u00e9cieuse. - Leatai \u2013 Fabricant de carnets personnalis\u00e9s\",\"isPartOf\":{\"@id\":\"https:\/\/leatai.com\/fr\/#website\"},\"primaryImageOfPage\":{\"@id\":\"https:\/\/leatai.com\/fr\/product\/divers-echantillons-oem\/carnet-relie-oem\/designer-edition-creative-antique-book\/#primaryimage\"},\"image\":{\"@id\":\"https:\/\/leatai.com\/fr\/product\/divers-echantillons-oem\/carnet-relie-oem\/designer-edition-creative-antique-book\/#primaryimage\"},\"thumbnailUrl\":\"https:\/\/leatai.com\/wp-content\/uploads\/1-18.jpg\",\"datePublished\":\"2021-08-18T09:18:34+00:00\",\"dateModified\":\"2025-03-12T09:42:04+00:00\",\"description\":\"Cas de carnet reli\u00e9 OEM : Designer Edition \u2013 Creative Antique Book Style : Carnet reli\u00e9 Taille : 25K Points forts : Ce carnet adopte la technique artisanale de la reliure cousue \u00e0 la main, une m\u00e9thode rare sur le march\u00e9 en raison de sa complexit\u00e9. Chaque exemplaire est soigneusement assembl\u00e9, n\u00e9cessitant un savoir-faire m\u00e9ticuleux. Une v\u00e9ritable \u0153uvre o\u00f9 chaque d\u00e9tail refl\u00e8te l\u2019engagement passionn\u00e9 de son cr\u00e9ateur.\",\"breadcrumb\":{\"@id\":\"https:\/\/leatai.com\/fr\/product\/divers-echantillons-oem\/carnet-relie-oem\/designer-edition-creative-antique-book\/#breadcrumb\"},\"inLanguage\":\"fr-FR\",\"potentialAction\":[{\"@type\":\"ReadAction\",\"target\":[\"https:\/\/leatai.com\/fr\/product\/divers-echantillons-oem\/carnet-relie-oem\/designer-edition-creative-antique-book\/\"]}]},{\"@type\":\"ImageObject\",\"inLanguage\":\"fr-FR\",\"@id\":\"https:\/\/leatai.com\/fr\/product\/divers-echantillons-oem\/carnet-relie-oem\/designer-edition-creative-antique-book\/#primaryimage\",\"url\":\"https:\/\/leatai.com\/wp-content\/uploads\/1-18.jpg\",\"contentUrl\":\"https:\/\/leatai.com\/wp-content\/uploads\/1-18.jpg\",\"width\":1000,\"height\":750,\"caption\":\"Carnet reli\u00e9 cousu \u00e0 la main\"},{\"@type\":\"BreadcrumbList\",\"@id\":\"https:\/\/leatai.com\/fr\/product\/divers-echantillons-oem\/carnet-relie-oem\/designer-edition-creative-antique-book\/#breadcrumb\",\"itemListElement\":[{\"@type\":\"ListItem\",\"position\":1,\"name\":\"Home\",\"item\":\"https:\/\/leatai.com\/fr\/\"},{\"@type\":\"ListItem\",\"position\":2,\"name\":\"Pr\u00e9sentation des produits\",\"item\":\"https:\/\/leatai.com\/products\/\"},{\"@type\":\"ListItem\",\"position\":3,\"name\":\"Divers \u00e9chantillons OEM\",\"item\":\"https:\/\/leatai.com\/fr\/categorie-produit\/divers-echantillons-oem\/\"},{\"@type\":\"ListItem\",\"position\":4,\"name\":\"Carnet Reli\u00e9 OEM\",\"item\":\"https:\/\/leatai.com\/fr\/categorie-produit\/divers-echantillons-oem\/carnet-relie-oem\/\"},{\"@type\":\"ListItem\",\"position\":5,\"name\":\"Designer Edition \u2013 Creative Antique Book\"}]},{\"@type\":\"WebSite\",\"@id\":\"https:\/\/leatai.com\/fr\/#website\",\"url\":\"https:\/\/leatai.com\/fr\/\",\"name\":\"Leatai \u2013 Fabricant de carnets personnalis\u00e9s\",\"description\":\"Leatai propose des carnets et planificateurs personnalis\u00e9s pour les marques et distributeurs dans le monde entier.\",\"publisher\":{\"@id\":\"https:\/\/leatai.com\/fr\/#organization\"},\"potentialAction\":[{\"@type\":\"SearchAction\",\"target\":{\"@type\":\"EntryPoint\",\"urlTemplate\":\"https:\/\/leatai.com\/fr\/?s={search_term_string}\"},\"query-input\":{\"@type\":\"PropertyValueSpecification\",\"valueRequired\":true,\"valueName\":\"search_term_string\"}}],\"inLanguage\":\"fr-FR\"},{\"@type\":\"Organization\",\"@id\":\"https:\/\/leatai.com\/fr\/#organization\",\"name\":\"Leatai Diary, customized journal and business organizer\",\"url\":\"https:\/\/leatai.com\/fr\/\",\"logo\":{\"@type\":\"ImageObject\",\"inLanguage\":\"fr-FR\",\"@id\":\"https:\/\/leatai.com\/fr\/#\/schema\/logo\/image\/\",\"url\":\"https:\/\/leatai.com\/wp-content\/uploads\/logo-blue.png\",\"contentUrl\":\"https:\/\/leatai.com\/wp-content\/uploads\/logo-blue.png\",\"width\":230,\"height\":60,\"caption\":\"Leatai Diary, customized journal and business organizer\"},\"image\":{\"@id\":\"https:\/\/leatai.com\/fr\/#\/schema\/logo\/image\/\"}}]}<\/script>\n<!-- \/ Yoast SEO plugin. -->","yoast_head_json":{"title":"Designer Edition \u2013 Creative Antique Book - Une reliure cousue \u00e0 la main avec passion, chaque carnet est une pi\u00e8ce rare et pr\u00e9cieuse. - Leatai \u2013 Fabricant de carnets personnalis\u00e9s","description":"Cas de carnet reli\u00e9 OEM : Designer Edition \u2013 Creative Antique Book Style : Carnet reli\u00e9 Taille : 25K Points forts : Ce carnet adopte la technique artisanale de la reliure cousue \u00e0 la main, une m\u00e9thode rare sur le march\u00e9 en raison de sa complexit\u00e9. Chaque exemplaire est soigneusement assembl\u00e9, n\u00e9cessitant un savoir-faire m\u00e9ticuleux. Une v\u00e9ritable \u0153uvre o\u00f9 chaque d\u00e9tail refl\u00e8te l\u2019engagement passionn\u00e9 de son cr\u00e9ateur.","robots":{"index":"index","follow":"follow","max-snippet":"max-snippet:-1","max-image-preview":"max-image-preview:large","max-video-preview":"max-video-preview:-1"},"canonical":"https:\/\/leatai.com\/fr\/product\/divers-echantillons-oem\/carnet-relie-oem\/designer-edition-creative-antique-book\/","og_locale":"fr_FR","og_type":"article","og_title":"Designer Edition \u2013 Creative Antique Book - Une reliure cousue \u00e0 la main avec passion, chaque carnet est une pi\u00e8ce rare et pr\u00e9cieuse. - Leatai \u2013 Fabricant de carnets personnalis\u00e9s","og_description":"Cas de carnet reli\u00e9 OEM : Designer Edition \u2013 Creative Antique Book Style : Carnet reli\u00e9 Taille : 25K Points forts : Ce carnet adopte la technique artisanale de la reliure cousue \u00e0 la main, une m\u00e9thode rare sur le march\u00e9 en raison de sa complexit\u00e9. Chaque exemplaire est soigneusement assembl\u00e9, n\u00e9cessitant un savoir-faire m\u00e9ticuleux. Une v\u00e9ritable \u0153uvre o\u00f9 chaque d\u00e9tail refl\u00e8te l\u2019engagement passionn\u00e9 de son cr\u00e9ateur.","og_url":"https:\/\/leatai.com\/fr\/product\/divers-echantillons-oem\/carnet-relie-oem\/designer-edition-creative-antique-book\/","og_site_name":"Leatai \u2013 Fabricant de carnets personnalis\u00e9s","article_modified_time":"2025-03-12T09:42:04+00:00","og_image":[{"width":1000,"height":750,"url":"https:\/\/leatai.com\/wp-content\/uploads\/1-18.jpg","type":"image\/jpeg"}],"twitter_card":"summary_large_image","twitter_misc":{"Dur\u00e9e de lecture estim\u00e9e":"2 minutes"},"schema":{"@context":"https:\/\/schema.org","@graph":[{"@type":"WebPage","@id":"https:\/\/leatai.com\/fr\/product\/divers-echantillons-oem\/carnet-relie-oem\/designer-edition-creative-antique-book\/","url":"https:\/\/leatai.com\/fr\/product\/divers-echantillons-oem\/carnet-relie-oem\/designer-edition-creative-antique-book\/","name":"Designer Edition \u2013 Creative Antique Book - Une reliure cousue \u00e0 la main avec passion, chaque carnet est une pi\u00e8ce rare et pr\u00e9cieuse. - Leatai \u2013 Fabricant de carnets personnalis\u00e9s","isPartOf":{"@id":"https:\/\/leatai.com\/fr\/#website"},"primaryImageOfPage":{"@id":"https:\/\/leatai.com\/fr\/product\/divers-echantillons-oem\/carnet-relie-oem\/designer-edition-creative-antique-book\/#primaryimage"},"image":{"@id":"https:\/\/leatai.com\/fr\/product\/divers-echantillons-oem\/carnet-relie-oem\/designer-edition-creative-antique-book\/#primaryimage"},"thumbnailUrl":"https:\/\/leatai.com\/wp-content\/uploads\/1-18.jpg","datePublished":"2021-08-18T09:18:34+00:00","dateModified":"2025-03-12T09:42:04+00:00","description":"Cas de carnet reli\u00e9 OEM : Designer Edition \u2013 Creative Antique Book Style : Carnet reli\u00e9 Taille : 25K Points forts : Ce carnet adopte la technique artisanale de la reliure cousue \u00e0 la main, une m\u00e9thode rare sur le march\u00e9 en raison de sa complexit\u00e9. Chaque exemplaire est soigneusement assembl\u00e9, n\u00e9cessitant un savoir-faire m\u00e9ticuleux. Une v\u00e9ritable \u0153uvre o\u00f9 chaque d\u00e9tail refl\u00e8te l\u2019engagement passionn\u00e9 de son cr\u00e9ateur.","breadcrumb":{"@id":"https:\/\/leatai.com\/fr\/product\/divers-echantillons-oem\/carnet-relie-oem\/designer-edition-creative-antique-book\/#breadcrumb"},"inLanguage":"fr-FR","potentialAction":[{"@type":"ReadAction","target":["https:\/\/leatai.com\/fr\/product\/divers-echantillons-oem\/carnet-relie-oem\/designer-edition-creative-antique-book\/"]}]},{"@type":"ImageObject","inLanguage":"fr-FR","@id":"https:\/\/leatai.com\/fr\/product\/divers-echantillons-oem\/carnet-relie-oem\/designer-edition-creative-antique-book\/#primaryimage","url":"https:\/\/leatai.com\/wp-content\/uploads\/1-18.jpg","contentUrl":"https:\/\/leatai.com\/wp-content\/uploads\/1-18.jpg","width":1000,"height":750,"caption":"Carnet reli\u00e9 cousu \u00e0 la main"},{"@type":"BreadcrumbList","@id":"https:\/\/leatai.com\/fr\/product\/divers-echantillons-oem\/carnet-relie-oem\/designer-edition-creative-antique-book\/#breadcrumb","itemListElement":[{"@type":"ListItem","position":1,"name":"Home","item":"https:\/\/leatai.com\/fr\/"},{"@type":"ListItem","position":2,"name":"Pr\u00e9sentation des produits","item":"https:\/\/leatai.com\/products\/"},{"@type":"ListItem","position":3,"name":"Divers \u00e9chantillons OEM","item":"https:\/\/leatai.com\/fr\/categorie-produit\/divers-echantillons-oem\/"},{"@type":"ListItem","position":4,"name":"Carnet Reli\u00e9 OEM","item":"https:\/\/leatai.com\/fr\/categorie-produit\/divers-echantillons-oem\/carnet-relie-oem\/"},{"@type":"ListItem","position":5,"name":"Designer Edition \u2013 Creative Antique Book"}]},{"@type":"WebSite","@id":"https:\/\/leatai.com\/fr\/#website","url":"https:\/\/leatai.com\/fr\/","name":"Leatai \u2013 Fabricant de carnets personnalis\u00e9s","description":"Leatai propose des carnets et planificateurs personnalis\u00e9s pour les marques et distributeurs dans le monde entier.","publisher":{"@id":"https:\/\/leatai.com\/fr\/#organization"},"potentialAction":[{"@type":"SearchAction","target":{"@type":"EntryPoint","urlTemplate":"https:\/\/leatai.com\/fr\/?s={search_term_string}"},"query-input":{"@type":"PropertyValueSpecification","valueRequired":true,"valueName":"search_term_string"}}],"inLanguage":"fr-FR"},{"@type":"Organization","@id":"https:\/\/leatai.com\/fr\/#organization","name":"Leatai Diary, customized journal and business organizer","url":"https:\/\/leatai.com\/fr\/","logo":{"@type":"ImageObject","inLanguage":"fr-FR","@id":"https:\/\/leatai.com\/fr\/#\/schema\/logo\/image\/","url":"https:\/\/leatai.com\/wp-content\/uploads\/logo-blue.png","contentUrl":"https:\/\/leatai.com\/wp-content\/uploads\/logo-blue.png","width":230,"height":60,"caption":"Leatai Diary, customized journal and business organizer"},"image":{"@id":"https:\/\/leatai.com\/fr\/#\/schema\/logo\/image\/"}}]}},"_links":{"self":[{"href":"https:\/\/leatai.com\/fr\/wp-json\/wp\/v2\/product\/144629","targetHints":{"allow":["GET"]}}],"collection":[{"href":"https:\/\/leatai.com\/fr\/wp-json\/wp\/v2\/product"}],"about":[{"href":"https:\/\/leatai.com\/fr\/wp-json\/wp\/v2\/types\/product"}],"wp:featuredmedia":[{"embeddable":true,"href":"https:\/\/leatai.com\/fr\/wp-json\/wp\/v2\/media\/144630"}],"wp:attachment":[{"href":"https:\/\/leatai.com\/fr\/wp-json\/wp\/v2\/media?parent=144629"}],"wp:term":[{"taxonomy":"product_brand","embeddable":true,"href":"https:\/\/leatai.com\/fr\/wp-json\/wp\/v2\/product_brand?post=144629"},{"taxonomy":"product_cat","embeddable":true,"href":"https:\/\/leatai.com\/fr\/wp-json\/wp\/v2\/product_cat?post=144629"},{"taxonomy":"product_tag","embeddable":true,"href":"https:\/\/leatai.com\/fr\/wp-json\/wp\/v2\/product_tag?post=144629"},{"taxonomy":"home_works","embeddable":true,"href":"https:\/\/leatai.com\/fr\/wp-json\/wp\/v2\/home_works?post=144629"}],"curies":[{"name":"wp","href":"https:\/\/api.w.org\/{rel}","templated":true}]}}