{"id":143623,"date":"2021-08-19T21:23:53","date_gmt":"2021-08-19T13:23:53","guid":{"rendered":"https:\/\/leatai.com\/product\/non%20class\u00e9\/kim-yim\/"},"modified":"2025-03-13T09:17:39","modified_gmt":"2025-03-13T01:17:39","slug":"kim-yim","status":"publish","type":"product","link":"https:\/\/leatai.com\/fr\/product\/divers-echantillons-oem\/carnet-relie-oem\/kim-yim\/","title":{"rendered":"Kim &#038; Yim"},"content":{"rendered":"<p>Nom du client : Kim &amp; Yim<br \/>\nDimensions du projet : 25K<br \/>\nType de projet : Carnet reli\u00e9 rigide<br \/>\nEffet du logo : Impression et marquage \u00e0 chaud<\/p>\n<p>Points forts : Dot\u00e9 d\u2019une reliure \u00e0 dos nu permettant une ouverture parfaitement \u00e0 plat, ce carnet allie praticit\u00e9 et esth\u00e9tisme. Le nom de la marque, sublim\u00e9 en marquage \u00e0 chaud rose dor\u00e9 sur la tranche, apporte une touche d\u2019\u00e9l\u00e9gance. Enti\u00e8rement imprim\u00e9 en couleurs, il refl\u00e8te une attention m\u00e9ticuleuse aux d\u00e9tails, faisant de ce produit un article promotionnel d\u2019exception.<\/p>\n<p>&nbsp;<\/p>\n<p><strong>\ud83d\udcd6<\/strong>Tous les exemples de personnalisation : <a href=\"https:\/\/leatai.com\/fr\/etiquette-produit\/oem-fr\/\" target=\"_blank\" rel=\"noopener\">Carnet personnalis\u00e9 \/ Journal d&#8217;affaires personnalis\u00e9<\/a><\/p>\n<p>\ud83d\udcd6Pour les produits standards de carnets personnalis\u00e9s \/ journaux d&#8217;affaires, veuillez vous r\u00e9f\u00e9rer \u00e0 :<\/p>\n<ul>\n<li><a href=\"https:\/\/leatai.com\/fr\/categorie-produit\/carnet-personnalise\/carnet-a-couverture-rigide\/\" target=\"_blank\" rel=\"noopener\">Carnet reli\u00e9 \/ Journal d&#8217;affaires reli\u00e9<\/a><\/li>\n<li><a href=\"https:\/\/leatai.com\/fr\/categorie-produit\/carnet-personnalise\/carnet-a-feuilles-mobiles\/\" target=\"_blank\" rel=\"noopener\">Carnet \u00e0 anneaux \/ Journal d&#8217;affaires \u00e0 anneaux<\/a><\/li>\n<li><a href=\"https:\/\/leatai.com\/fr\/categorie-produit\/carnet-personnalise\/carnet-amovible\/\" target=\"_blank\" rel=\"noopener\">Carnet \u00e0 feuilles d\u00e9tachables \/ Journal d&#8217;affaires \u00e0 feuilles d\u00e9tachables<\/a><\/li>\n<li><a href=\"https:\/\/leatai.com\/fr\/categorie-produit\/carnet-personnalise\/carnet-broche\/\" target=\"_blank\" rel=\"noopener\">Carnet broch\u00e9 \/ Journal d&#8217;affaires broch\u00e9<\/a><\/li>\n<li><a href=\"https:\/\/leatai.com\/fr\/categorie-produit\/carnet-personnalise\/carnet-a-spirale\/\" target=\"_blank\" rel=\"noopener\">Carnet \u00e0 spirale \/ Journal d&#8217;affaires \u00e0 spirale<\/a><\/li>\n<\/ul>\n<p><strong>\ud83d\udcd6<\/strong>Pour une explication compl\u00e8te des tailles, veuillez consulter : <a href=\"https:\/\/leatai.com\/fr\/connaissances-sur-les-cahiers\/guide-des-formats-de-papier-comprendre-les-formats-courants-comme-b3-a4-b5-8k-16k-et-plus-encore-un-tableau-de-tailles-complet-pour-une-reference-facile\/\" target=\"_blank\" rel=\"noopener\">Guide des formats de papier : Comment sont class\u00e9s les formats courants comme B3, A4, B5, 8K, 16K ? Un tableau comparatif des tailles de papier pour mieux comprendre !<\/a><\/p>\n","protected":false},"excerpt":{"rendered":"<p>Nom du client : Kim &amp; Yim Dimensions du projet : 25K Type de projet : Carnet reli\u00e9 rigide Effet du logo : Impression et marquage \u00e0 chaud Points forts : Dot\u00e9 d\u2019une reliure \u00e0 dos nu permettant une ouverture parfaitement \u00e0 plat, ce carnet allie praticit\u00e9 et esth\u00e9tisme. Le nom de la marque, sublim\u00e9 [&hellip;]<\/p>\n","protected":false},"featured_media":143624,"template":"","meta":{"_acf_changed":false},"product_brand":[],"product_cat":[880],"product_tag":[1367],"home_works":[],"class_list":{"0":"post-143623","1":"product","2":"type-product","3":"status-publish","4":"has-post-thumbnail","6":"product_cat-carnet-relie-oem","7":"product_tag-oem-fr","9":"first","10":"outofstock","11":"sold-individually","12":"shipping-taxable","13":"purchasable","14":"product-type-variable","15":"has-default-attributes"},"acf":[],"yoast_head":"<!-- This site is optimized with the Yoast SEO plugin v27.2 - https:\/\/yoast.com\/product\/yoast-seo-wordpress\/ -->\n<title>Kim &amp; Yim - Cr\u00e9ations de produits d\u00e9riv\u00e9s autour d\u2019une licence (IP) de renom. - Leatai \u2013 Fabricant de carnets personnalis\u00e9s<\/title>\n<meta name=\"description\" content=\"Carnet reli\u00e9 OEM : Kim &amp; Yim Mod\u00e8le : Carnet reli\u00e9 rigide Dimensions : 25K Points forts : Con\u00e7u avec une reliure \u00e0 dos nu, ce carnet s\u2019ouvre \u00e0 plat sans effort pour un confort optimal. La tranche du livre est orn\u00e9e du nom de la marque en marquage \u00e0 chaud rose dor\u00e9, ajoutant une touche d\u2019\u00e9l\u00e9gance raffin\u00e9e. Avec une impression en couleurs sur l\u2019ensemble du carnet, il t\u00e9moigne d\u2019un soin m\u00e9ticuleux apport\u00e9 aux d\u00e9tails, faisant de ce produit un article promotionnel haut de gamme.\" \/>\n<meta name=\"robots\" content=\"index, follow, max-snippet:-1, max-image-preview:large, max-video-preview:-1\" \/>\n<link rel=\"canonical\" href=\"https:\/\/leatai.com\/fr\/product\/divers-echantillons-oem\/carnet-relie-oem\/kim-yim\/\" \/>\n<meta property=\"og:locale\" content=\"fr_FR\" \/>\n<meta property=\"og:type\" content=\"article\" \/>\n<meta property=\"og:title\" content=\"Kim &amp; Yim - Cr\u00e9ations de produits d\u00e9riv\u00e9s autour d\u2019une licence (IP) de renom. - Leatai \u2013 Fabricant de carnets personnalis\u00e9s\" \/>\n<meta property=\"og:description\" content=\"Carnet reli\u00e9 OEM : Kim &amp; Yim Mod\u00e8le : Carnet reli\u00e9 rigide Dimensions : 25K Points forts : Con\u00e7u avec une reliure \u00e0 dos nu, ce carnet s\u2019ouvre \u00e0 plat sans effort pour un confort optimal. La tranche du livre est orn\u00e9e du nom de la marque en marquage \u00e0 chaud rose dor\u00e9, ajoutant une touche d\u2019\u00e9l\u00e9gance raffin\u00e9e. Avec une impression en couleurs sur l\u2019ensemble du carnet, il t\u00e9moigne d\u2019un soin m\u00e9ticuleux apport\u00e9 aux d\u00e9tails, faisant de ce produit un article promotionnel haut de gamme.\" \/>\n<meta property=\"og:url\" content=\"https:\/\/leatai.com\/fr\/product\/divers-echantillons-oem\/carnet-relie-oem\/kim-yim\/\" \/>\n<meta property=\"og:site_name\" content=\"Leatai \u2013 Fabricant de carnets personnalis\u00e9s\" \/>\n<meta property=\"article:modified_time\" content=\"2025-03-13T01:17:39+00:00\" \/>\n<meta property=\"og:image\" content=\"https:\/\/leatai.com\/wp-content\/uploads\/DSC_0757.jpg\" \/>\n\t<meta property=\"og:image:width\" content=\"1000\" \/>\n\t<meta property=\"og:image:height\" content=\"750\" \/>\n\t<meta property=\"og:image:type\" content=\"image\/jpeg\" \/>\n<meta name=\"twitter:card\" content=\"summary_large_image\" \/>\n<meta name=\"twitter:label1\" content=\"Dur\u00e9e de lecture estim\u00e9e\" \/>\n\t<meta name=\"twitter:data1\" content=\"2 minutes\" \/>\n<script type=\"application\/ld+json\" class=\"yoast-schema-graph\">{\"@context\":\"https:\/\/schema.org\",\"@graph\":[{\"@type\":\"WebPage\",\"@id\":\"https:\/\/leatai.com\/fr\/product\/divers-echantillons-oem\/carnet-relie-oem\/kim-yim\/\",\"url\":\"https:\/\/leatai.com\/fr\/product\/divers-echantillons-oem\/carnet-relie-oem\/kim-yim\/\",\"name\":\"Kim & Yim - Cr\u00e9ations de produits d\u00e9riv\u00e9s autour d\u2019une licence (IP) de renom. - Leatai \u2013 Fabricant de carnets personnalis\u00e9s\",\"isPartOf\":{\"@id\":\"https:\/\/leatai.com\/fr\/#website\"},\"primaryImageOfPage\":{\"@id\":\"https:\/\/leatai.com\/fr\/product\/divers-echantillons-oem\/carnet-relie-oem\/kim-yim\/#primaryimage\"},\"image\":{\"@id\":\"https:\/\/leatai.com\/fr\/product\/divers-echantillons-oem\/carnet-relie-oem\/kim-yim\/#primaryimage\"},\"thumbnailUrl\":\"https:\/\/leatai.com\/wp-content\/uploads\/DSC_0757.jpg\",\"datePublished\":\"2021-08-19T13:23:53+00:00\",\"dateModified\":\"2025-03-13T01:17:39+00:00\",\"description\":\"Carnet reli\u00e9 OEM : Kim & Yim Mod\u00e8le : Carnet reli\u00e9 rigide Dimensions : 25K Points forts : Con\u00e7u avec une reliure \u00e0 dos nu, ce carnet s\u2019ouvre \u00e0 plat sans effort pour un confort optimal. La tranche du livre est orn\u00e9e du nom de la marque en marquage \u00e0 chaud rose dor\u00e9, ajoutant une touche d\u2019\u00e9l\u00e9gance raffin\u00e9e. Avec une impression en couleurs sur l\u2019ensemble du carnet, il t\u00e9moigne d\u2019un soin m\u00e9ticuleux apport\u00e9 aux d\u00e9tails, faisant de ce produit un article promotionnel haut de gamme.\",\"breadcrumb\":{\"@id\":\"https:\/\/leatai.com\/fr\/product\/divers-echantillons-oem\/carnet-relie-oem\/kim-yim\/#breadcrumb\"},\"inLanguage\":\"fr-FR\",\"potentialAction\":[{\"@type\":\"ReadAction\",\"target\":[\"https:\/\/leatai.com\/fr\/product\/divers-echantillons-oem\/carnet-relie-oem\/kim-yim\/\"]}]},{\"@type\":\"ImageObject\",\"inLanguage\":\"fr-FR\",\"@id\":\"https:\/\/leatai.com\/fr\/product\/divers-echantillons-oem\/carnet-relie-oem\/kim-yim\/#primaryimage\",\"url\":\"https:\/\/leatai.com\/wp-content\/uploads\/DSC_0757.jpg\",\"contentUrl\":\"https:\/\/leatai.com\/wp-content\/uploads\/DSC_0757.jpg\",\"width\":1000,\"height\":750,\"caption\":\"Carnet reli\u00e9\"},{\"@type\":\"BreadcrumbList\",\"@id\":\"https:\/\/leatai.com\/fr\/product\/divers-echantillons-oem\/carnet-relie-oem\/kim-yim\/#breadcrumb\",\"itemListElement\":[{\"@type\":\"ListItem\",\"position\":1,\"name\":\"Home\",\"item\":\"https:\/\/leatai.com\/fr\/\"},{\"@type\":\"ListItem\",\"position\":2,\"name\":\"Pr\u00e9sentation des produits\",\"item\":\"https:\/\/leatai.com\/products\/\"},{\"@type\":\"ListItem\",\"position\":3,\"name\":\"Divers \u00e9chantillons OEM\",\"item\":\"https:\/\/leatai.com\/fr\/categorie-produit\/divers-echantillons-oem\/\"},{\"@type\":\"ListItem\",\"position\":4,\"name\":\"Carnet Reli\u00e9 OEM\",\"item\":\"https:\/\/leatai.com\/fr\/categorie-produit\/divers-echantillons-oem\/carnet-relie-oem\/\"},{\"@type\":\"ListItem\",\"position\":5,\"name\":\"Kim &#038; Yim\"}]},{\"@type\":\"WebSite\",\"@id\":\"https:\/\/leatai.com\/fr\/#website\",\"url\":\"https:\/\/leatai.com\/fr\/\",\"name\":\"Leatai \u2013 Fabricant de carnets personnalis\u00e9s\",\"description\":\"Leatai propose des carnets et planificateurs personnalis\u00e9s pour les marques et distributeurs dans le monde entier.\",\"publisher\":{\"@id\":\"https:\/\/leatai.com\/fr\/#organization\"},\"potentialAction\":[{\"@type\":\"SearchAction\",\"target\":{\"@type\":\"EntryPoint\",\"urlTemplate\":\"https:\/\/leatai.com\/fr\/?s={search_term_string}\"},\"query-input\":{\"@type\":\"PropertyValueSpecification\",\"valueRequired\":true,\"valueName\":\"search_term_string\"}}],\"inLanguage\":\"fr-FR\"},{\"@type\":\"Organization\",\"@id\":\"https:\/\/leatai.com\/fr\/#organization\",\"name\":\"Leatai Diary, customized journal and business organizer\",\"url\":\"https:\/\/leatai.com\/fr\/\",\"logo\":{\"@type\":\"ImageObject\",\"inLanguage\":\"fr-FR\",\"@id\":\"https:\/\/leatai.com\/fr\/#\/schema\/logo\/image\/\",\"url\":\"https:\/\/leatai.com\/wp-content\/uploads\/logo-blue.png\",\"contentUrl\":\"https:\/\/leatai.com\/wp-content\/uploads\/logo-blue.png\",\"width\":230,\"height\":60,\"caption\":\"Leatai Diary, customized journal and business organizer\"},\"image\":{\"@id\":\"https:\/\/leatai.com\/fr\/#\/schema\/logo\/image\/\"}}]}<\/script>\n<!-- \/ Yoast SEO plugin. -->","yoast_head_json":{"title":"Kim & Yim - Cr\u00e9ations de produits d\u00e9riv\u00e9s autour d\u2019une licence (IP) de renom. - Leatai \u2013 Fabricant de carnets personnalis\u00e9s","description":"Carnet reli\u00e9 OEM : Kim & Yim Mod\u00e8le : Carnet reli\u00e9 rigide Dimensions : 25K Points forts : Con\u00e7u avec une reliure \u00e0 dos nu, ce carnet s\u2019ouvre \u00e0 plat sans effort pour un confort optimal. La tranche du livre est orn\u00e9e du nom de la marque en marquage \u00e0 chaud rose dor\u00e9, ajoutant une touche d\u2019\u00e9l\u00e9gance raffin\u00e9e. Avec une impression en couleurs sur l\u2019ensemble du carnet, il t\u00e9moigne d\u2019un soin m\u00e9ticuleux apport\u00e9 aux d\u00e9tails, faisant de ce produit un article promotionnel haut de gamme.","robots":{"index":"index","follow":"follow","max-snippet":"max-snippet:-1","max-image-preview":"max-image-preview:large","max-video-preview":"max-video-preview:-1"},"canonical":"https:\/\/leatai.com\/fr\/product\/divers-echantillons-oem\/carnet-relie-oem\/kim-yim\/","og_locale":"fr_FR","og_type":"article","og_title":"Kim & Yim - Cr\u00e9ations de produits d\u00e9riv\u00e9s autour d\u2019une licence (IP) de renom. - Leatai \u2013 Fabricant de carnets personnalis\u00e9s","og_description":"Carnet reli\u00e9 OEM : Kim & Yim Mod\u00e8le : Carnet reli\u00e9 rigide Dimensions : 25K Points forts : Con\u00e7u avec une reliure \u00e0 dos nu, ce carnet s\u2019ouvre \u00e0 plat sans effort pour un confort optimal. La tranche du livre est orn\u00e9e du nom de la marque en marquage \u00e0 chaud rose dor\u00e9, ajoutant une touche d\u2019\u00e9l\u00e9gance raffin\u00e9e. Avec une impression en couleurs sur l\u2019ensemble du carnet, il t\u00e9moigne d\u2019un soin m\u00e9ticuleux apport\u00e9 aux d\u00e9tails, faisant de ce produit un article promotionnel haut de gamme.","og_url":"https:\/\/leatai.com\/fr\/product\/divers-echantillons-oem\/carnet-relie-oem\/kim-yim\/","og_site_name":"Leatai \u2013 Fabricant de carnets personnalis\u00e9s","article_modified_time":"2025-03-13T01:17:39+00:00","og_image":[{"width":1000,"height":750,"url":"https:\/\/leatai.com\/wp-content\/uploads\/DSC_0757.jpg","type":"image\/jpeg"}],"twitter_card":"summary_large_image","twitter_misc":{"Dur\u00e9e de lecture estim\u00e9e":"2 minutes"},"schema":{"@context":"https:\/\/schema.org","@graph":[{"@type":"WebPage","@id":"https:\/\/leatai.com\/fr\/product\/divers-echantillons-oem\/carnet-relie-oem\/kim-yim\/","url":"https:\/\/leatai.com\/fr\/product\/divers-echantillons-oem\/carnet-relie-oem\/kim-yim\/","name":"Kim & Yim - Cr\u00e9ations de produits d\u00e9riv\u00e9s autour d\u2019une licence (IP) de renom. - Leatai \u2013 Fabricant de carnets personnalis\u00e9s","isPartOf":{"@id":"https:\/\/leatai.com\/fr\/#website"},"primaryImageOfPage":{"@id":"https:\/\/leatai.com\/fr\/product\/divers-echantillons-oem\/carnet-relie-oem\/kim-yim\/#primaryimage"},"image":{"@id":"https:\/\/leatai.com\/fr\/product\/divers-echantillons-oem\/carnet-relie-oem\/kim-yim\/#primaryimage"},"thumbnailUrl":"https:\/\/leatai.com\/wp-content\/uploads\/DSC_0757.jpg","datePublished":"2021-08-19T13:23:53+00:00","dateModified":"2025-03-13T01:17:39+00:00","description":"Carnet reli\u00e9 OEM : Kim & Yim Mod\u00e8le : Carnet reli\u00e9 rigide Dimensions : 25K Points forts : Con\u00e7u avec une reliure \u00e0 dos nu, ce carnet s\u2019ouvre \u00e0 plat sans effort pour un confort optimal. La tranche du livre est orn\u00e9e du nom de la marque en marquage \u00e0 chaud rose dor\u00e9, ajoutant une touche d\u2019\u00e9l\u00e9gance raffin\u00e9e. Avec une impression en couleurs sur l\u2019ensemble du carnet, il t\u00e9moigne d\u2019un soin m\u00e9ticuleux apport\u00e9 aux d\u00e9tails, faisant de ce produit un article promotionnel haut de gamme.","breadcrumb":{"@id":"https:\/\/leatai.com\/fr\/product\/divers-echantillons-oem\/carnet-relie-oem\/kim-yim\/#breadcrumb"},"inLanguage":"fr-FR","potentialAction":[{"@type":"ReadAction","target":["https:\/\/leatai.com\/fr\/product\/divers-echantillons-oem\/carnet-relie-oem\/kim-yim\/"]}]},{"@type":"ImageObject","inLanguage":"fr-FR","@id":"https:\/\/leatai.com\/fr\/product\/divers-echantillons-oem\/carnet-relie-oem\/kim-yim\/#primaryimage","url":"https:\/\/leatai.com\/wp-content\/uploads\/DSC_0757.jpg","contentUrl":"https:\/\/leatai.com\/wp-content\/uploads\/DSC_0757.jpg","width":1000,"height":750,"caption":"Carnet reli\u00e9"},{"@type":"BreadcrumbList","@id":"https:\/\/leatai.com\/fr\/product\/divers-echantillons-oem\/carnet-relie-oem\/kim-yim\/#breadcrumb","itemListElement":[{"@type":"ListItem","position":1,"name":"Home","item":"https:\/\/leatai.com\/fr\/"},{"@type":"ListItem","position":2,"name":"Pr\u00e9sentation des produits","item":"https:\/\/leatai.com\/products\/"},{"@type":"ListItem","position":3,"name":"Divers \u00e9chantillons OEM","item":"https:\/\/leatai.com\/fr\/categorie-produit\/divers-echantillons-oem\/"},{"@type":"ListItem","position":4,"name":"Carnet Reli\u00e9 OEM","item":"https:\/\/leatai.com\/fr\/categorie-produit\/divers-echantillons-oem\/carnet-relie-oem\/"},{"@type":"ListItem","position":5,"name":"Kim &#038; Yim"}]},{"@type":"WebSite","@id":"https:\/\/leatai.com\/fr\/#website","url":"https:\/\/leatai.com\/fr\/","name":"Leatai \u2013 Fabricant de carnets personnalis\u00e9s","description":"Leatai propose des carnets et planificateurs personnalis\u00e9s pour les marques et distributeurs dans le monde entier.","publisher":{"@id":"https:\/\/leatai.com\/fr\/#organization"},"potentialAction":[{"@type":"SearchAction","target":{"@type":"EntryPoint","urlTemplate":"https:\/\/leatai.com\/fr\/?s={search_term_string}"},"query-input":{"@type":"PropertyValueSpecification","valueRequired":true,"valueName":"search_term_string"}}],"inLanguage":"fr-FR"},{"@type":"Organization","@id":"https:\/\/leatai.com\/fr\/#organization","name":"Leatai Diary, customized journal and business organizer","url":"https:\/\/leatai.com\/fr\/","logo":{"@type":"ImageObject","inLanguage":"fr-FR","@id":"https:\/\/leatai.com\/fr\/#\/schema\/logo\/image\/","url":"https:\/\/leatai.com\/wp-content\/uploads\/logo-blue.png","contentUrl":"https:\/\/leatai.com\/wp-content\/uploads\/logo-blue.png","width":230,"height":60,"caption":"Leatai Diary, customized journal and business organizer"},"image":{"@id":"https:\/\/leatai.com\/fr\/#\/schema\/logo\/image\/"}}]}},"_links":{"self":[{"href":"https:\/\/leatai.com\/fr\/wp-json\/wp\/v2\/product\/143623","targetHints":{"allow":["GET"]}}],"collection":[{"href":"https:\/\/leatai.com\/fr\/wp-json\/wp\/v2\/product"}],"about":[{"href":"https:\/\/leatai.com\/fr\/wp-json\/wp\/v2\/types\/product"}],"wp:featuredmedia":[{"embeddable":true,"href":"https:\/\/leatai.com\/fr\/wp-json\/wp\/v2\/media\/143624"}],"wp:attachment":[{"href":"https:\/\/leatai.com\/fr\/wp-json\/wp\/v2\/media?parent=143623"}],"wp:term":[{"taxonomy":"product_brand","embeddable":true,"href":"https:\/\/leatai.com\/fr\/wp-json\/wp\/v2\/product_brand?post=143623"},{"taxonomy":"product_cat","embeddable":true,"href":"https:\/\/leatai.com\/fr\/wp-json\/wp\/v2\/product_cat?post=143623"},{"taxonomy":"product_tag","embeddable":true,"href":"https:\/\/leatai.com\/fr\/wp-json\/wp\/v2\/product_tag?post=143623"},{"taxonomy":"home_works","embeddable":true,"href":"https:\/\/leatai.com\/fr\/wp-json\/wp\/v2\/home_works?post=143623"}],"curies":[{"name":"wp","href":"https:\/\/api.w.org\/{rel}","templated":true}]}}