{"id":143001,"date":"2021-08-17T22:17:04","date_gmt":"2021-08-17T14:17:04","guid":{"rendered":"https:\/\/leatai.com\/product\/non%20class\u00e9\/military-police-command\/"},"modified":"2025-03-11T15:24:09","modified_gmt":"2025-03-11T07:24:09","slug":"military-police-command","status":"publish","type":"product","link":"https:\/\/leatai.com\/fr\/product\/divers-echantillons-oem\/carnet-a-feuilles-mobiles-oem\/military-police-command\/","title":{"rendered":"Military Police Command"},"content":{"rendered":"<p>Nom du client : Military Police Command<br \/>\nDimensions du projet : 25K<br \/>\nType de projet : Carnet \u00e0 feuillets mobiles<br \/>\nEffet du logo : Gaufrage<br \/>\nCaract\u00e9ristiques principales : Le bleu profond inspire une impression de stabilit\u00e9 et de rigueur, \u00e0 l\u2019image du Military Police Command, o\u00f9 discipline et prestance sont primordiales. Avec une touche de myst\u00e8re, cette institution joue un r\u00f4le essentiel dans la pr\u00e9servation de la s\u00e9curit\u00e9 nationale.<\/p>\n<p>&nbsp;<\/p>\n<p><strong>\ud83d\udcd6<\/strong>Tous les exemples de personnalisation : <a href=\"https:\/\/leatai.com\/fr\/etiquette-produit\/oem-fr\/\" target=\"_blank\" rel=\"noopener\">Carnet personnalis\u00e9 \/ Journal d&#8217;affaires personnalis\u00e9<\/a><\/p>\n<p>\ud83d\udcd6Pour les produits standards de carnets personnalis\u00e9s \/ journaux d&#8217;affaires, veuillez vous r\u00e9f\u00e9rer \u00e0 :<\/p>\n<ul>\n<li><a href=\"https:\/\/leatai.com\/fr\/categorie-produit\/carnet-personnalise\/carnet-a-couverture-rigide\/\" target=\"_blank\" rel=\"noopener\">Carnet reli\u00e9 \/ Journal d&#8217;affaires reli\u00e9<\/a><\/li>\n<li><a href=\"https:\/\/leatai.com\/fr\/categorie-produit\/carnet-personnalise\/carnet-a-feuilles-mobiles\/\" target=\"_blank\" rel=\"noopener\">Carnet \u00e0 anneaux \/ Journal d&#8217;affaires \u00e0 anneaux<\/a><\/li>\n<li><a href=\"https:\/\/leatai.com\/fr\/categorie-produit\/carnet-personnalise\/carnet-amovible\/\" target=\"_blank\" rel=\"noopener\">Carnet \u00e0 feuilles d\u00e9tachables \/ Journal d&#8217;affaires \u00e0 feuilles d\u00e9tachables<\/a><\/li>\n<li><a href=\"https:\/\/leatai.com\/fr\/categorie-produit\/carnet-personnalise\/carnet-broche\/\" target=\"_blank\" rel=\"noopener\">Carnet broch\u00e9 \/ Journal d&#8217;affaires broch\u00e9<\/a><\/li>\n<li><a href=\"https:\/\/leatai.com\/fr\/categorie-produit\/carnet-personnalise\/carnet-a-spirale\/\" target=\"_blank\" rel=\"noopener\">Carnet \u00e0 spirale \/ Journal d&#8217;affaires \u00e0 spirale<\/a><\/li>\n<\/ul>\n<p><strong>\ud83d\udcd6<\/strong>Pour une explication compl\u00e8te des tailles, veuillez consulter : <a href=\"https:\/\/leatai.com\/fr\/connaissances-sur-les-cahiers\/guide-des-formats-de-papier-comprendre-les-formats-courants-comme-b3-a4-b5-8k-16k-et-plus-encore-un-tableau-de-tailles-complet-pour-une-reference-facile\/\" target=\"_blank\" rel=\"noopener\">Guide des formats de papier : Comment sont class\u00e9s les formats courants comme B3, A4, B5, 8K, 16K ? Un tableau comparatif des tailles de papier pour mieux comprendre !<\/a><\/p>\n","protected":false},"excerpt":{"rendered":"<p>Nom du client : Military Police Command Dimensions du projet : 25K Type de projet : Carnet \u00e0 feuillets mobiles Effet du logo : Gaufrage Caract\u00e9ristiques principales : Le bleu profond inspire une impression de stabilit\u00e9 et de rigueur, \u00e0 l\u2019image du Military Police Command, o\u00f9 discipline et prestance sont primordiales. Avec une touche de [&hellip;]<\/p>\n","protected":false},"featured_media":143003,"template":"","meta":{"_acf_changed":false},"product_brand":[],"product_cat":[893],"product_tag":[1367],"home_works":[],"class_list":{"0":"post-143001","1":"product","2":"type-product","3":"status-publish","4":"has-post-thumbnail","6":"product_cat-carnet-a-feuilles-mobiles-oem","7":"product_tag-oem-fr","9":"first","10":"outofstock","11":"sold-individually","12":"shipping-taxable","13":"purchasable","14":"product-type-variable","15":"has-default-attributes"},"acf":[],"yoast_head":"<!-- This site is optimized with the Yoast SEO plugin v27.2 - https:\/\/yoast.com\/product\/yoast-seo-wordpress\/ -->\n<title>Military Police Command - Leatai \u2013 Fabricant de carnets personnalis\u00e9s<\/title>\n<meta name=\"description\" content=\"Cas de carnet \u00e0 feuillets mobiles OEM : Military Police Command Mod\u00e8le : Carnet \u00e0 feuillets mobiles Dimensions : 25K Caract\u00e9ristiques principales : Le bleu profond inspire une impression de stabilit\u00e9 et de rigueur, \u00e0 l\u2019image du Military Police Command, o\u00f9 discipline et prestance sont primordiales. Avec une touche de myst\u00e8re, cette institution joue un r\u00f4le essentiel dans la pr\u00e9servation de la s\u00e9curit\u00e9 nationale.\" \/>\n<meta name=\"robots\" content=\"index, follow, max-snippet:-1, max-image-preview:large, max-video-preview:-1\" \/>\n<link rel=\"canonical\" href=\"https:\/\/leatai.com\/fr\/product\/divers-echantillons-oem\/carnet-a-feuilles-mobiles-oem\/military-police-command\/\" \/>\n<meta property=\"og:locale\" content=\"fr_FR\" \/>\n<meta property=\"og:type\" content=\"article\" \/>\n<meta property=\"og:title\" content=\"Military Police Command - Leatai \u2013 Fabricant de carnets personnalis\u00e9s\" \/>\n<meta property=\"og:description\" content=\"Cas de carnet \u00e0 feuillets mobiles OEM : Military Police Command Mod\u00e8le : Carnet \u00e0 feuillets mobiles Dimensions : 25K Caract\u00e9ristiques principales : Le bleu profond inspire une impression de stabilit\u00e9 et de rigueur, \u00e0 l\u2019image du Military Police Command, o\u00f9 discipline et prestance sont primordiales. Avec une touche de myst\u00e8re, cette institution joue un r\u00f4le essentiel dans la pr\u00e9servation de la s\u00e9curit\u00e9 nationale.\" \/>\n<meta property=\"og:url\" content=\"https:\/\/leatai.com\/fr\/product\/divers-echantillons-oem\/carnet-a-feuilles-mobiles-oem\/military-police-command\/\" \/>\n<meta property=\"og:site_name\" content=\"Leatai \u2013 Fabricant de carnets personnalis\u00e9s\" \/>\n<meta property=\"article:modified_time\" content=\"2025-03-11T07:24:09+00:00\" \/>\n<meta property=\"og:image\" content=\"https:\/\/leatai.com\/wp-content\/uploads\/DSC_4399.jpg\" \/>\n\t<meta property=\"og:image:width\" content=\"1000\" \/>\n\t<meta property=\"og:image:height\" content=\"750\" \/>\n\t<meta property=\"og:image:type\" content=\"image\/jpeg\" \/>\n<meta name=\"twitter:card\" content=\"summary_large_image\" \/>\n<meta name=\"twitter:label1\" content=\"Dur\u00e9e de lecture estim\u00e9e\" \/>\n\t<meta name=\"twitter:data1\" content=\"2 minutes\" \/>\n<script type=\"application\/ld+json\" class=\"yoast-schema-graph\">{\"@context\":\"https:\/\/schema.org\",\"@graph\":[{\"@type\":\"WebPage\",\"@id\":\"https:\/\/leatai.com\/fr\/product\/divers-echantillons-oem\/carnet-a-feuilles-mobiles-oem\/military-police-command\/\",\"url\":\"https:\/\/leatai.com\/fr\/product\/divers-echantillons-oem\/carnet-a-feuilles-mobiles-oem\/military-police-command\/\",\"name\":\"Military Police Command - Leatai \u2013 Fabricant de carnets personnalis\u00e9s\",\"isPartOf\":{\"@id\":\"https:\/\/leatai.com\/fr\/#website\"},\"primaryImageOfPage\":{\"@id\":\"https:\/\/leatai.com\/fr\/product\/divers-echantillons-oem\/carnet-a-feuilles-mobiles-oem\/military-police-command\/#primaryimage\"},\"image\":{\"@id\":\"https:\/\/leatai.com\/fr\/product\/divers-echantillons-oem\/carnet-a-feuilles-mobiles-oem\/military-police-command\/#primaryimage\"},\"thumbnailUrl\":\"https:\/\/leatai.com\/wp-content\/uploads\/DSC_4399.jpg\",\"datePublished\":\"2021-08-17T14:17:04+00:00\",\"dateModified\":\"2025-03-11T07:24:09+00:00\",\"description\":\"Cas de carnet \u00e0 feuillets mobiles OEM : Military Police Command Mod\u00e8le : Carnet \u00e0 feuillets mobiles Dimensions : 25K Caract\u00e9ristiques principales : Le bleu profond inspire une impression de stabilit\u00e9 et de rigueur, \u00e0 l\u2019image du Military Police Command, o\u00f9 discipline et prestance sont primordiales. Avec une touche de myst\u00e8re, cette institution joue un r\u00f4le essentiel dans la pr\u00e9servation de la s\u00e9curit\u00e9 nationale.\",\"breadcrumb\":{\"@id\":\"https:\/\/leatai.com\/fr\/product\/divers-echantillons-oem\/carnet-a-feuilles-mobiles-oem\/military-police-command\/#breadcrumb\"},\"inLanguage\":\"fr-FR\",\"potentialAction\":[{\"@type\":\"ReadAction\",\"target\":[\"https:\/\/leatai.com\/fr\/product\/divers-echantillons-oem\/carnet-a-feuilles-mobiles-oem\/military-police-command\/\"]}]},{\"@type\":\"ImageObject\",\"inLanguage\":\"fr-FR\",\"@id\":\"https:\/\/leatai.com\/fr\/product\/divers-echantillons-oem\/carnet-a-feuilles-mobiles-oem\/military-police-command\/#primaryimage\",\"url\":\"https:\/\/leatai.com\/wp-content\/uploads\/DSC_4399.jpg\",\"contentUrl\":\"https:\/\/leatai.com\/wp-content\/uploads\/DSC_4399.jpg\",\"width\":1000,\"height\":750,\"caption\":\"\u6d3b\u9801\u7b46\u8a18\u672c\"},{\"@type\":\"BreadcrumbList\",\"@id\":\"https:\/\/leatai.com\/fr\/product\/divers-echantillons-oem\/carnet-a-feuilles-mobiles-oem\/military-police-command\/#breadcrumb\",\"itemListElement\":[{\"@type\":\"ListItem\",\"position\":1,\"name\":\"Home\",\"item\":\"https:\/\/leatai.com\/fr\/\"},{\"@type\":\"ListItem\",\"position\":2,\"name\":\"Pr\u00e9sentation des produits\",\"item\":\"https:\/\/leatai.com\/products\/\"},{\"@type\":\"ListItem\",\"position\":3,\"name\":\"Divers \u00e9chantillons OEM\",\"item\":\"https:\/\/leatai.com\/fr\/categorie-produit\/divers-echantillons-oem\/\"},{\"@type\":\"ListItem\",\"position\":4,\"name\":\"Carnet \u00e0 Feuilles Mobiles OEM\",\"item\":\"https:\/\/leatai.com\/fr\/categorie-produit\/divers-echantillons-oem\/carnet-a-feuilles-mobiles-oem\/\"},{\"@type\":\"ListItem\",\"position\":5,\"name\":\"Military Police Command\"}]},{\"@type\":\"WebSite\",\"@id\":\"https:\/\/leatai.com\/fr\/#website\",\"url\":\"https:\/\/leatai.com\/fr\/\",\"name\":\"Leatai \u2013 Fabricant de carnets personnalis\u00e9s\",\"description\":\"Leatai propose des carnets et planificateurs personnalis\u00e9s pour les marques et distributeurs dans le monde entier.\",\"publisher\":{\"@id\":\"https:\/\/leatai.com\/fr\/#organization\"},\"potentialAction\":[{\"@type\":\"SearchAction\",\"target\":{\"@type\":\"EntryPoint\",\"urlTemplate\":\"https:\/\/leatai.com\/fr\/?s={search_term_string}\"},\"query-input\":{\"@type\":\"PropertyValueSpecification\",\"valueRequired\":true,\"valueName\":\"search_term_string\"}}],\"inLanguage\":\"fr-FR\"},{\"@type\":\"Organization\",\"@id\":\"https:\/\/leatai.com\/fr\/#organization\",\"name\":\"Leatai Diary, customized journal and business organizer\",\"url\":\"https:\/\/leatai.com\/fr\/\",\"logo\":{\"@type\":\"ImageObject\",\"inLanguage\":\"fr-FR\",\"@id\":\"https:\/\/leatai.com\/fr\/#\/schema\/logo\/image\/\",\"url\":\"https:\/\/leatai.com\/wp-content\/uploads\/logo-blue.png\",\"contentUrl\":\"https:\/\/leatai.com\/wp-content\/uploads\/logo-blue.png\",\"width\":230,\"height\":60,\"caption\":\"Leatai Diary, customized journal and business organizer\"},\"image\":{\"@id\":\"https:\/\/leatai.com\/fr\/#\/schema\/logo\/image\/\"}}]}<\/script>\n<!-- \/ Yoast SEO plugin. -->","yoast_head_json":{"title":"Military Police Command - Leatai \u2013 Fabricant de carnets personnalis\u00e9s","description":"Cas de carnet \u00e0 feuillets mobiles OEM : Military Police Command Mod\u00e8le : Carnet \u00e0 feuillets mobiles Dimensions : 25K Caract\u00e9ristiques principales : Le bleu profond inspire une impression de stabilit\u00e9 et de rigueur, \u00e0 l\u2019image du Military Police Command, o\u00f9 discipline et prestance sont primordiales. Avec une touche de myst\u00e8re, cette institution joue un r\u00f4le essentiel dans la pr\u00e9servation de la s\u00e9curit\u00e9 nationale.","robots":{"index":"index","follow":"follow","max-snippet":"max-snippet:-1","max-image-preview":"max-image-preview:large","max-video-preview":"max-video-preview:-1"},"canonical":"https:\/\/leatai.com\/fr\/product\/divers-echantillons-oem\/carnet-a-feuilles-mobiles-oem\/military-police-command\/","og_locale":"fr_FR","og_type":"article","og_title":"Military Police Command - Leatai \u2013 Fabricant de carnets personnalis\u00e9s","og_description":"Cas de carnet \u00e0 feuillets mobiles OEM : Military Police Command Mod\u00e8le : Carnet \u00e0 feuillets mobiles Dimensions : 25K Caract\u00e9ristiques principales : Le bleu profond inspire une impression de stabilit\u00e9 et de rigueur, \u00e0 l\u2019image du Military Police Command, o\u00f9 discipline et prestance sont primordiales. Avec une touche de myst\u00e8re, cette institution joue un r\u00f4le essentiel dans la pr\u00e9servation de la s\u00e9curit\u00e9 nationale.","og_url":"https:\/\/leatai.com\/fr\/product\/divers-echantillons-oem\/carnet-a-feuilles-mobiles-oem\/military-police-command\/","og_site_name":"Leatai \u2013 Fabricant de carnets personnalis\u00e9s","article_modified_time":"2025-03-11T07:24:09+00:00","og_image":[{"width":1000,"height":750,"url":"https:\/\/leatai.com\/wp-content\/uploads\/DSC_4399.jpg","type":"image\/jpeg"}],"twitter_card":"summary_large_image","twitter_misc":{"Dur\u00e9e de lecture estim\u00e9e":"2 minutes"},"schema":{"@context":"https:\/\/schema.org","@graph":[{"@type":"WebPage","@id":"https:\/\/leatai.com\/fr\/product\/divers-echantillons-oem\/carnet-a-feuilles-mobiles-oem\/military-police-command\/","url":"https:\/\/leatai.com\/fr\/product\/divers-echantillons-oem\/carnet-a-feuilles-mobiles-oem\/military-police-command\/","name":"Military Police Command - Leatai \u2013 Fabricant de carnets personnalis\u00e9s","isPartOf":{"@id":"https:\/\/leatai.com\/fr\/#website"},"primaryImageOfPage":{"@id":"https:\/\/leatai.com\/fr\/product\/divers-echantillons-oem\/carnet-a-feuilles-mobiles-oem\/military-police-command\/#primaryimage"},"image":{"@id":"https:\/\/leatai.com\/fr\/product\/divers-echantillons-oem\/carnet-a-feuilles-mobiles-oem\/military-police-command\/#primaryimage"},"thumbnailUrl":"https:\/\/leatai.com\/wp-content\/uploads\/DSC_4399.jpg","datePublished":"2021-08-17T14:17:04+00:00","dateModified":"2025-03-11T07:24:09+00:00","description":"Cas de carnet \u00e0 feuillets mobiles OEM : Military Police Command Mod\u00e8le : Carnet \u00e0 feuillets mobiles Dimensions : 25K Caract\u00e9ristiques principales : Le bleu profond inspire une impression de stabilit\u00e9 et de rigueur, \u00e0 l\u2019image du Military Police Command, o\u00f9 discipline et prestance sont primordiales. Avec une touche de myst\u00e8re, cette institution joue un r\u00f4le essentiel dans la pr\u00e9servation de la s\u00e9curit\u00e9 nationale.","breadcrumb":{"@id":"https:\/\/leatai.com\/fr\/product\/divers-echantillons-oem\/carnet-a-feuilles-mobiles-oem\/military-police-command\/#breadcrumb"},"inLanguage":"fr-FR","potentialAction":[{"@type":"ReadAction","target":["https:\/\/leatai.com\/fr\/product\/divers-echantillons-oem\/carnet-a-feuilles-mobiles-oem\/military-police-command\/"]}]},{"@type":"ImageObject","inLanguage":"fr-FR","@id":"https:\/\/leatai.com\/fr\/product\/divers-echantillons-oem\/carnet-a-feuilles-mobiles-oem\/military-police-command\/#primaryimage","url":"https:\/\/leatai.com\/wp-content\/uploads\/DSC_4399.jpg","contentUrl":"https:\/\/leatai.com\/wp-content\/uploads\/DSC_4399.jpg","width":1000,"height":750,"caption":"\u6d3b\u9801\u7b46\u8a18\u672c"},{"@type":"BreadcrumbList","@id":"https:\/\/leatai.com\/fr\/product\/divers-echantillons-oem\/carnet-a-feuilles-mobiles-oem\/military-police-command\/#breadcrumb","itemListElement":[{"@type":"ListItem","position":1,"name":"Home","item":"https:\/\/leatai.com\/fr\/"},{"@type":"ListItem","position":2,"name":"Pr\u00e9sentation des produits","item":"https:\/\/leatai.com\/products\/"},{"@type":"ListItem","position":3,"name":"Divers \u00e9chantillons OEM","item":"https:\/\/leatai.com\/fr\/categorie-produit\/divers-echantillons-oem\/"},{"@type":"ListItem","position":4,"name":"Carnet \u00e0 Feuilles Mobiles OEM","item":"https:\/\/leatai.com\/fr\/categorie-produit\/divers-echantillons-oem\/carnet-a-feuilles-mobiles-oem\/"},{"@type":"ListItem","position":5,"name":"Military Police Command"}]},{"@type":"WebSite","@id":"https:\/\/leatai.com\/fr\/#website","url":"https:\/\/leatai.com\/fr\/","name":"Leatai \u2013 Fabricant de carnets personnalis\u00e9s","description":"Leatai propose des carnets et planificateurs personnalis\u00e9s pour les marques et distributeurs dans le monde entier.","publisher":{"@id":"https:\/\/leatai.com\/fr\/#organization"},"potentialAction":[{"@type":"SearchAction","target":{"@type":"EntryPoint","urlTemplate":"https:\/\/leatai.com\/fr\/?s={search_term_string}"},"query-input":{"@type":"PropertyValueSpecification","valueRequired":true,"valueName":"search_term_string"}}],"inLanguage":"fr-FR"},{"@type":"Organization","@id":"https:\/\/leatai.com\/fr\/#organization","name":"Leatai Diary, customized journal and business organizer","url":"https:\/\/leatai.com\/fr\/","logo":{"@type":"ImageObject","inLanguage":"fr-FR","@id":"https:\/\/leatai.com\/fr\/#\/schema\/logo\/image\/","url":"https:\/\/leatai.com\/wp-content\/uploads\/logo-blue.png","contentUrl":"https:\/\/leatai.com\/wp-content\/uploads\/logo-blue.png","width":230,"height":60,"caption":"Leatai Diary, customized journal and business organizer"},"image":{"@id":"https:\/\/leatai.com\/fr\/#\/schema\/logo\/image\/"}}]}},"_links":{"self":[{"href":"https:\/\/leatai.com\/fr\/wp-json\/wp\/v2\/product\/143001","targetHints":{"allow":["GET"]}}],"collection":[{"href":"https:\/\/leatai.com\/fr\/wp-json\/wp\/v2\/product"}],"about":[{"href":"https:\/\/leatai.com\/fr\/wp-json\/wp\/v2\/types\/product"}],"wp:featuredmedia":[{"embeddable":true,"href":"https:\/\/leatai.com\/fr\/wp-json\/wp\/v2\/media\/143003"}],"wp:attachment":[{"href":"https:\/\/leatai.com\/fr\/wp-json\/wp\/v2\/media?parent=143001"}],"wp:term":[{"taxonomy":"product_brand","embeddable":true,"href":"https:\/\/leatai.com\/fr\/wp-json\/wp\/v2\/product_brand?post=143001"},{"taxonomy":"product_cat","embeddable":true,"href":"https:\/\/leatai.com\/fr\/wp-json\/wp\/v2\/product_cat?post=143001"},{"taxonomy":"product_tag","embeddable":true,"href":"https:\/\/leatai.com\/fr\/wp-json\/wp\/v2\/product_tag?post=143001"},{"taxonomy":"home_works","embeddable":true,"href":"https:\/\/leatai.com\/fr\/wp-json\/wp\/v2\/home_works?post=143001"}],"curies":[{"name":"wp","href":"https:\/\/api.w.org\/{rel}","templated":true}]}}