{"id":142161,"date":"2022-03-02T21:03:48","date_gmt":"2022-03-02T13:03:48","guid":{"rendered":"https:\/\/leatai.com\/product\/non%20class\u00e9\/doraemon-x-tsutaya-x-leatai\/"},"modified":"2026-05-06T14:19:40","modified_gmt":"2026-05-06T06:19:40","slug":"doraemon-x-tsutaya-x-leatai","status":"publish","type":"product","link":"https:\/\/leatai.com\/fr\/product\/collaboration-intersectorielle\/industrie-cinematographique\/doraemon-x-tsutaya-x-leatai\/","title":{"rendered":"Doraemon x TSUTAYA x Leatai"},"content":{"rendered":"<p>Pour c\u00e9l\u00e9brer le 50\u1d49 anniversaire de Doraemon, TSUTAYA Japon s&#8217;est associ\u00e9 \u00e0 Leatai, une marque ta\u00efwanaise de carnets haut de gamme, pour lancer une collection originale de carnets Doraemon. Deux mod\u00e8les sont propos\u00e9s : &#8220;MESSAGE&#8221; et &#8220;HEART&#8221;, disponibles progressivement \u00e0 partir du 31 janvier dans certains magasins TSUTAYA au Japon.<\/p>\n<p>R\u00e9f\u00e9rence tir\u00e9e de\u00a0 <a href=\"https:\/\/chinesedora.com\/news\/27075.htm\">https:\/\/chinesedora.com\/news\/27075.htm<\/a><\/p>\n<p>&nbsp;<\/p>\n<p><strong>\ud83d\udcd6<\/strong>Tous les exemples de personnalisation : <a href=\"https:\/\/leatai.com\/fr\/etiquette-produit\/oem-fr\/\" target=\"_blank\" rel=\"noopener\">Carnet personnalis\u00e9 \/ Journal d&#8217;affaires personnalis\u00e9<\/a><\/p>\n<p>\ud83d\udcd6Pour les produits standards de carnets personnalis\u00e9s \/ journaux d&#8217;affaires, veuillez vous r\u00e9f\u00e9rer \u00e0 :<\/p>\n<ul>\n<li><a href=\"https:\/\/leatai.com\/fr\/categorie-produit\/carnet-personnalise\/carnet-a-couverture-rigide\/\" target=\"_blank\" rel=\"noopener\">Carnet reli\u00e9 \/ Journal d&#8217;affaires reli\u00e9<\/a><\/li>\n<li><a href=\"https:\/\/leatai.com\/fr\/categorie-produit\/carnet-personnalise\/carnet-a-feuilles-mobiles\/\" target=\"_blank\" rel=\"noopener\">Carnet \u00e0 anneaux \/ Journal d&#8217;affaires \u00e0 anneaux<\/a><\/li>\n<li><a href=\"https:\/\/leatai.com\/fr\/categorie-produit\/carnet-personnalise\/carnet-amovible\/\" target=\"_blank\" rel=\"noopener\">Carnet \u00e0 feuilles d\u00e9tachables \/ Journal d&#8217;affaires \u00e0 feuilles d\u00e9tachables<\/a><\/li>\n<li><a href=\"https:\/\/leatai.com\/fr\/categorie-produit\/carnet-personnalise\/carnet-broche\/\" target=\"_blank\" rel=\"noopener\">Carnet broch\u00e9 \/ Journal d&#8217;affaires broch\u00e9<\/a><\/li>\n<li><a href=\"https:\/\/leatai.com\/fr\/categorie-produit\/carnet-personnalise\/carnet-a-spirale\/\" target=\"_blank\" rel=\"noopener\">Carnet \u00e0 spirale \/ Journal d&#8217;affaires \u00e0 spirale<\/a><\/li>\n<\/ul>\n<p><strong>\ud83d\udcd6<\/strong>Pour une explication compl\u00e8te des tailles, veuillez consulter : <a href=\"https:\/\/leatai.com\/fr\/connaissances-sur-les-cahiers\/guide-des-formats-de-papier-comprendre-les-formats-courants-comme-b3-a4-b5-8k-16k-et-plus-encore-un-tableau-de-tailles-complet-pour-une-reference-facile\/\" target=\"_blank\" rel=\"noopener\">Guide des formats de papier : Comment sont class\u00e9s les formats courants comme B3, A4, B5, 8K, 16K ? Un tableau comparatif des tailles de papier pour mieux comprendre !<\/a><\/p>\n","protected":false},"excerpt":{"rendered":"<p>Pour c\u00e9l\u00e9brer le 50\u1d49 anniversaire de Doraemon, TSUTAYA Japon s&#8217;est associ\u00e9 \u00e0 Leatai, une marque ta\u00efwanaise de carnets haut de gamme, pour lancer une collection originale de carnets Doraemon. Deux mod\u00e8les sont propos\u00e9s : &#8220;MESSAGE&#8221; et &#8220;HEART&#8221;, disponibles progressivement \u00e0 partir du 31 janvier dans certains magasins TSUTAYA au Japon. R\u00e9f\u00e9rence tir\u00e9e de\u00a0 https:\/\/chinesedora.com\/news\/27075.htm &nbsp; [&hellip;]<\/p>\n","protected":false},"featured_media":92943,"template":"","meta":{"_acf_changed":false},"product_brand":[],"product_cat":[906,1088],"product_tag":[1367],"home_works":[],"class_list":{"0":"post-142161","1":"product","2":"type-product","3":"status-publish","4":"has-post-thumbnail","6":"product_cat-carnet-amovible-oem","7":"product_cat-industrie-cinematographique","8":"product_tag-oem-fr","10":"first","11":"instock","12":"sold-individually","13":"shipping-taxable","14":"purchasable","15":"product-type-variable","16":"has-default-attributes"},"acf":[],"yoast_head":"<!-- This site is optimized with the Yoast SEO plugin v27.2 - https:\/\/yoast.com\/product\/yoast-seo-wordpress\/ -->\n<title>Doraemon x TSUTAYA x Leatai - Carnet en \u00e9dition sp\u00e9ciale avec une c\u00e9l\u00e8bre licence japonaise. - Leatai \u2013 Fabricant de carnets personnalis\u00e9s<\/title>\n<meta name=\"description\" content=\"C\u00e9l\u00e9brant le 50\u1d49 anniversaire de Doraemon, TSUTAYA Japon s&#039;est associ\u00e9 \u00e0 la marque ta\u00efwanaise de carnets haut de gamme Leatai pour lancer une collaboration exclusive \u00e0 trois marques, donnant naissance \u00e0 une collection originale de carnets Doraemon. Deux mod\u00e8les sont propos\u00e9s : &quot;MESSAGE&quot; et &quot;HEART&quot;, disponibles exclusivement au Japon.\" \/>\n<meta name=\"robots\" content=\"index, follow, max-snippet:-1, max-image-preview:large, max-video-preview:-1\" \/>\n<link rel=\"canonical\" href=\"https:\/\/leatai.com\/fr\/product\/collaboration-intersectorielle\/industrie-cinematographique\/doraemon-x-tsutaya-x-leatai\/\" \/>\n<meta property=\"og:locale\" content=\"fr_FR\" \/>\n<meta property=\"og:type\" content=\"article\" \/>\n<meta property=\"og:title\" content=\"Doraemon x TSUTAYA x Leatai - Carnet en \u00e9dition sp\u00e9ciale avec une c\u00e9l\u00e8bre licence japonaise. - Leatai \u2013 Fabricant de carnets personnalis\u00e9s\" \/>\n<meta property=\"og:description\" content=\"C\u00e9l\u00e9brant le 50\u1d49 anniversaire de Doraemon, TSUTAYA Japon s&#039;est associ\u00e9 \u00e0 la marque ta\u00efwanaise de carnets haut de gamme Leatai pour lancer une collaboration exclusive \u00e0 trois marques, donnant naissance \u00e0 une collection originale de carnets Doraemon. Deux mod\u00e8les sont propos\u00e9s : &quot;MESSAGE&quot; et &quot;HEART&quot;, disponibles exclusivement au Japon.\" \/>\n<meta property=\"og:url\" content=\"https:\/\/leatai.com\/fr\/product\/collaboration-intersectorielle\/industrie-cinematographique\/doraemon-x-tsutaya-x-leatai\/\" \/>\n<meta property=\"og:site_name\" content=\"Leatai \u2013 Fabricant de carnets personnalis\u00e9s\" \/>\n<meta property=\"article:modified_time\" content=\"2026-05-06T06:19:40+00:00\" \/>\n<meta property=\"og:image\" content=\"https:\/\/leatai.com\/wp-content\/uploads\/DSC_0511-1.jpg\" \/>\n\t<meta property=\"og:image:width\" content=\"1000\" \/>\n\t<meta property=\"og:image:height\" content=\"750\" \/>\n\t<meta property=\"og:image:type\" content=\"image\/jpeg\" \/>\n<meta name=\"twitter:card\" content=\"summary_large_image\" \/>\n<meta name=\"twitter:label1\" content=\"Dur\u00e9e de lecture estim\u00e9e\" \/>\n\t<meta name=\"twitter:data1\" content=\"2 minutes\" \/>\n<script type=\"application\/ld+json\" class=\"yoast-schema-graph\">{\"@context\":\"https:\/\/schema.org\",\"@graph\":[{\"@type\":\"WebPage\",\"@id\":\"https:\/\/leatai.com\/fr\/product\/collaboration-intersectorielle\/industrie-cinematographique\/doraemon-x-tsutaya-x-leatai\/\",\"url\":\"https:\/\/leatai.com\/fr\/product\/collaboration-intersectorielle\/industrie-cinematographique\/doraemon-x-tsutaya-x-leatai\/\",\"name\":\"Doraemon x TSUTAYA x Leatai - Carnet en \u00e9dition sp\u00e9ciale avec une c\u00e9l\u00e8bre licence japonaise. - Leatai \u2013 Fabricant de carnets personnalis\u00e9s\",\"isPartOf\":{\"@id\":\"https:\/\/leatai.com\/fr\/#website\"},\"primaryImageOfPage\":{\"@id\":\"https:\/\/leatai.com\/fr\/product\/collaboration-intersectorielle\/industrie-cinematographique\/doraemon-x-tsutaya-x-leatai\/#primaryimage\"},\"image\":{\"@id\":\"https:\/\/leatai.com\/fr\/product\/collaboration-intersectorielle\/industrie-cinematographique\/doraemon-x-tsutaya-x-leatai\/#primaryimage\"},\"thumbnailUrl\":\"https:\/\/leatai.com\/wp-content\/uploads\/DSC_0511-1.jpg\",\"datePublished\":\"2022-03-02T13:03:48+00:00\",\"dateModified\":\"2026-05-06T06:19:40+00:00\",\"description\":\"C\u00e9l\u00e9brant le 50\u1d49 anniversaire de Doraemon, TSUTAYA Japon s'est associ\u00e9 \u00e0 la marque ta\u00efwanaise de carnets haut de gamme Leatai pour lancer une collaboration exclusive \u00e0 trois marques, donnant naissance \u00e0 une collection originale de carnets Doraemon. Deux mod\u00e8les sont propos\u00e9s : \\\"MESSAGE\\\" et \\\"HEART\\\", disponibles exclusivement au Japon.\",\"breadcrumb\":{\"@id\":\"https:\/\/leatai.com\/fr\/product\/collaboration-intersectorielle\/industrie-cinematographique\/doraemon-x-tsutaya-x-leatai\/#breadcrumb\"},\"inLanguage\":\"fr-FR\",\"potentialAction\":[{\"@type\":\"ReadAction\",\"target\":[\"https:\/\/leatai.com\/fr\/product\/collaboration-intersectorielle\/industrie-cinematographique\/doraemon-x-tsutaya-x-leatai\/\"]}]},{\"@type\":\"ImageObject\",\"inLanguage\":\"fr-FR\",\"@id\":\"https:\/\/leatai.com\/fr\/product\/collaboration-intersectorielle\/industrie-cinematographique\/doraemon-x-tsutaya-x-leatai\/#primaryimage\",\"url\":\"https:\/\/leatai.com\/wp-content\/uploads\/DSC_0511-1.jpg\",\"contentUrl\":\"https:\/\/leatai.com\/wp-content\/uploads\/DSC_0511-1.jpg\",\"width\":1000,\"height\":750,\"caption\":\"Carnet en \u00e9dition sp\u00e9ciale Doraemon x TSUTAYA\"},{\"@type\":\"BreadcrumbList\",\"@id\":\"https:\/\/leatai.com\/fr\/product\/collaboration-intersectorielle\/industrie-cinematographique\/doraemon-x-tsutaya-x-leatai\/#breadcrumb\",\"itemListElement\":[{\"@type\":\"ListItem\",\"position\":1,\"name\":\"Home\",\"item\":\"https:\/\/leatai.com\/fr\/\"},{\"@type\":\"ListItem\",\"position\":2,\"name\":\"Pr\u00e9sentation des produits\",\"item\":\"https:\/\/leatai.com\/products\/\"},{\"@type\":\"ListItem\",\"position\":3,\"name\":\"Collaboration intersectorielle\",\"item\":\"https:\/\/leatai.com\/fr\/categorie-produit\/collaboration-intersectorielle\/\"},{\"@type\":\"ListItem\",\"position\":4,\"name\":\"Industrie cin\u00e9matographique\",\"item\":\"https:\/\/leatai.com\/fr\/categorie-produit\/collaboration-intersectorielle\/industrie-cinematographique\/\"},{\"@type\":\"ListItem\",\"position\":5,\"name\":\"Doraemon x TSUTAYA x Leatai\"}]},{\"@type\":\"WebSite\",\"@id\":\"https:\/\/leatai.com\/fr\/#website\",\"url\":\"https:\/\/leatai.com\/fr\/\",\"name\":\"Leatai \u2013 Fabricant de carnets personnalis\u00e9s\",\"description\":\"Leatai propose des carnets et planificateurs personnalis\u00e9s pour les marques et distributeurs dans le monde entier.\",\"publisher\":{\"@id\":\"https:\/\/leatai.com\/fr\/#organization\"},\"potentialAction\":[{\"@type\":\"SearchAction\",\"target\":{\"@type\":\"EntryPoint\",\"urlTemplate\":\"https:\/\/leatai.com\/fr\/?s={search_term_string}\"},\"query-input\":{\"@type\":\"PropertyValueSpecification\",\"valueRequired\":true,\"valueName\":\"search_term_string\"}}],\"inLanguage\":\"fr-FR\"},{\"@type\":\"Organization\",\"@id\":\"https:\/\/leatai.com\/fr\/#organization\",\"name\":\"Leatai Diary, customized journal and business organizer\",\"url\":\"https:\/\/leatai.com\/fr\/\",\"logo\":{\"@type\":\"ImageObject\",\"inLanguage\":\"fr-FR\",\"@id\":\"https:\/\/leatai.com\/fr\/#\/schema\/logo\/image\/\",\"url\":\"https:\/\/leatai.com\/wp-content\/uploads\/logo-blue.png\",\"contentUrl\":\"https:\/\/leatai.com\/wp-content\/uploads\/logo-blue.png\",\"width\":230,\"height\":60,\"caption\":\"Leatai Diary, customized journal and business organizer\"},\"image\":{\"@id\":\"https:\/\/leatai.com\/fr\/#\/schema\/logo\/image\/\"},\"telephone\":\"+886-2-8227-8800\",\"legalName\":\"Leatai Stationary Co., Ltd.\",\"description\":\"A leading notebook factory in Taiwan offering bespoke branding, high-quality binding, and premium paper selections for corporate gifts and stationery wholesale.\",\"address\":{\"@type\":\"PostalAddress\",\"streetAddress\":\"11F., No. 168, Jiankang Rd.\",\"addressLocality\":\"Zhonghe Dist.\",\"addressRegion\":\"New Taipei City\",\"postalCode\":\"235\",\"addressCountry\":\"TW\"},\"contactPoint\":{\"@type\":\"ContactPoint\",\"telephone\":\"+886-2-8227-8800\",\"contactType\":\"sales\",\"areaServed\":\"Worldwide\",\"availableLanguage\":[\"zh-TW\",\"en\"]}}]}<\/script>\n<!-- \/ Yoast SEO plugin. -->","yoast_head_json":{"title":"Doraemon x TSUTAYA x Leatai - Carnet en \u00e9dition sp\u00e9ciale avec une c\u00e9l\u00e8bre licence japonaise. - Leatai \u2013 Fabricant de carnets personnalis\u00e9s","description":"C\u00e9l\u00e9brant le 50\u1d49 anniversaire de Doraemon, TSUTAYA Japon s'est associ\u00e9 \u00e0 la marque ta\u00efwanaise de carnets haut de gamme Leatai pour lancer une collaboration exclusive \u00e0 trois marques, donnant naissance \u00e0 une collection originale de carnets Doraemon. Deux mod\u00e8les sont propos\u00e9s : \"MESSAGE\" et \"HEART\", disponibles exclusivement au Japon.","robots":{"index":"index","follow":"follow","max-snippet":"max-snippet:-1","max-image-preview":"max-image-preview:large","max-video-preview":"max-video-preview:-1"},"canonical":"https:\/\/leatai.com\/fr\/product\/collaboration-intersectorielle\/industrie-cinematographique\/doraemon-x-tsutaya-x-leatai\/","og_locale":"fr_FR","og_type":"article","og_title":"Doraemon x TSUTAYA x Leatai - Carnet en \u00e9dition sp\u00e9ciale avec une c\u00e9l\u00e8bre licence japonaise. - Leatai \u2013 Fabricant de carnets personnalis\u00e9s","og_description":"C\u00e9l\u00e9brant le 50\u1d49 anniversaire de Doraemon, TSUTAYA Japon s'est associ\u00e9 \u00e0 la marque ta\u00efwanaise de carnets haut de gamme Leatai pour lancer une collaboration exclusive \u00e0 trois marques, donnant naissance \u00e0 une collection originale de carnets Doraemon. Deux mod\u00e8les sont propos\u00e9s : \"MESSAGE\" et \"HEART\", disponibles exclusivement au Japon.","og_url":"https:\/\/leatai.com\/fr\/product\/collaboration-intersectorielle\/industrie-cinematographique\/doraemon-x-tsutaya-x-leatai\/","og_site_name":"Leatai \u2013 Fabricant de carnets personnalis\u00e9s","article_modified_time":"2026-05-06T06:19:40+00:00","og_image":[{"width":1000,"height":750,"url":"https:\/\/leatai.com\/wp-content\/uploads\/DSC_0511-1.jpg","type":"image\/jpeg"}],"twitter_card":"summary_large_image","twitter_misc":{"Dur\u00e9e de lecture estim\u00e9e":"2 minutes"},"schema":{"@context":"https:\/\/schema.org","@graph":[{"@type":"WebPage","@id":"https:\/\/leatai.com\/fr\/product\/collaboration-intersectorielle\/industrie-cinematographique\/doraemon-x-tsutaya-x-leatai\/","url":"https:\/\/leatai.com\/fr\/product\/collaboration-intersectorielle\/industrie-cinematographique\/doraemon-x-tsutaya-x-leatai\/","name":"Doraemon x TSUTAYA x Leatai - Carnet en \u00e9dition sp\u00e9ciale avec une c\u00e9l\u00e8bre licence japonaise. - Leatai \u2013 Fabricant de carnets personnalis\u00e9s","isPartOf":{"@id":"https:\/\/leatai.com\/fr\/#website"},"primaryImageOfPage":{"@id":"https:\/\/leatai.com\/fr\/product\/collaboration-intersectorielle\/industrie-cinematographique\/doraemon-x-tsutaya-x-leatai\/#primaryimage"},"image":{"@id":"https:\/\/leatai.com\/fr\/product\/collaboration-intersectorielle\/industrie-cinematographique\/doraemon-x-tsutaya-x-leatai\/#primaryimage"},"thumbnailUrl":"https:\/\/leatai.com\/wp-content\/uploads\/DSC_0511-1.jpg","datePublished":"2022-03-02T13:03:48+00:00","dateModified":"2026-05-06T06:19:40+00:00","description":"C\u00e9l\u00e9brant le 50\u1d49 anniversaire de Doraemon, TSUTAYA Japon s'est associ\u00e9 \u00e0 la marque ta\u00efwanaise de carnets haut de gamme Leatai pour lancer une collaboration exclusive \u00e0 trois marques, donnant naissance \u00e0 une collection originale de carnets Doraemon. Deux mod\u00e8les sont propos\u00e9s : \"MESSAGE\" et \"HEART\", disponibles exclusivement au Japon.","breadcrumb":{"@id":"https:\/\/leatai.com\/fr\/product\/collaboration-intersectorielle\/industrie-cinematographique\/doraemon-x-tsutaya-x-leatai\/#breadcrumb"},"inLanguage":"fr-FR","potentialAction":[{"@type":"ReadAction","target":["https:\/\/leatai.com\/fr\/product\/collaboration-intersectorielle\/industrie-cinematographique\/doraemon-x-tsutaya-x-leatai\/"]}]},{"@type":"ImageObject","inLanguage":"fr-FR","@id":"https:\/\/leatai.com\/fr\/product\/collaboration-intersectorielle\/industrie-cinematographique\/doraemon-x-tsutaya-x-leatai\/#primaryimage","url":"https:\/\/leatai.com\/wp-content\/uploads\/DSC_0511-1.jpg","contentUrl":"https:\/\/leatai.com\/wp-content\/uploads\/DSC_0511-1.jpg","width":1000,"height":750,"caption":"Carnet en \u00e9dition sp\u00e9ciale Doraemon x TSUTAYA"},{"@type":"BreadcrumbList","@id":"https:\/\/leatai.com\/fr\/product\/collaboration-intersectorielle\/industrie-cinematographique\/doraemon-x-tsutaya-x-leatai\/#breadcrumb","itemListElement":[{"@type":"ListItem","position":1,"name":"Home","item":"https:\/\/leatai.com\/fr\/"},{"@type":"ListItem","position":2,"name":"Pr\u00e9sentation des produits","item":"https:\/\/leatai.com\/products\/"},{"@type":"ListItem","position":3,"name":"Collaboration intersectorielle","item":"https:\/\/leatai.com\/fr\/categorie-produit\/collaboration-intersectorielle\/"},{"@type":"ListItem","position":4,"name":"Industrie cin\u00e9matographique","item":"https:\/\/leatai.com\/fr\/categorie-produit\/collaboration-intersectorielle\/industrie-cinematographique\/"},{"@type":"ListItem","position":5,"name":"Doraemon x TSUTAYA x Leatai"}]},{"@type":"WebSite","@id":"https:\/\/leatai.com\/fr\/#website","url":"https:\/\/leatai.com\/fr\/","name":"Leatai \u2013 Fabricant de carnets personnalis\u00e9s","description":"Leatai propose des carnets et planificateurs personnalis\u00e9s pour les marques et distributeurs dans le monde entier.","publisher":{"@id":"https:\/\/leatai.com\/fr\/#organization"},"potentialAction":[{"@type":"SearchAction","target":{"@type":"EntryPoint","urlTemplate":"https:\/\/leatai.com\/fr\/?s={search_term_string}"},"query-input":{"@type":"PropertyValueSpecification","valueRequired":true,"valueName":"search_term_string"}}],"inLanguage":"fr-FR"},{"@type":"Organization","@id":"https:\/\/leatai.com\/fr\/#organization","name":"Leatai Diary, customized journal and business organizer","url":"https:\/\/leatai.com\/fr\/","logo":{"@type":"ImageObject","inLanguage":"fr-FR","@id":"https:\/\/leatai.com\/fr\/#\/schema\/logo\/image\/","url":"https:\/\/leatai.com\/wp-content\/uploads\/logo-blue.png","contentUrl":"https:\/\/leatai.com\/wp-content\/uploads\/logo-blue.png","width":230,"height":60,"caption":"Leatai Diary, customized journal and business organizer"},"image":{"@id":"https:\/\/leatai.com\/fr\/#\/schema\/logo\/image\/"},"telephone":"+886-2-8227-8800","legalName":"Leatai Stationary Co., Ltd.","description":"A leading notebook factory in Taiwan offering bespoke branding, high-quality binding, and premium paper selections for corporate gifts and stationery wholesale.","address":{"@type":"PostalAddress","streetAddress":"11F., No. 168, Jiankang Rd.","addressLocality":"Zhonghe Dist.","addressRegion":"New Taipei City","postalCode":"235","addressCountry":"TW"},"contactPoint":{"@type":"ContactPoint","telephone":"+886-2-8227-8800","contactType":"sales","areaServed":"Worldwide","availableLanguage":["zh-TW","en"]}}]}},"_links":{"self":[{"href":"https:\/\/leatai.com\/fr\/wp-json\/wp\/v2\/product\/142161","targetHints":{"allow":["GET"]}}],"collection":[{"href":"https:\/\/leatai.com\/fr\/wp-json\/wp\/v2\/product"}],"about":[{"href":"https:\/\/leatai.com\/fr\/wp-json\/wp\/v2\/types\/product"}],"wp:featuredmedia":[{"embeddable":true,"href":"https:\/\/leatai.com\/fr\/wp-json\/wp\/v2\/media\/92943"}],"wp:attachment":[{"href":"https:\/\/leatai.com\/fr\/wp-json\/wp\/v2\/media?parent=142161"}],"wp:term":[{"taxonomy":"product_brand","embeddable":true,"href":"https:\/\/leatai.com\/fr\/wp-json\/wp\/v2\/product_brand?post=142161"},{"taxonomy":"product_cat","embeddable":true,"href":"https:\/\/leatai.com\/fr\/wp-json\/wp\/v2\/product_cat?post=142161"},{"taxonomy":"product_tag","embeddable":true,"href":"https:\/\/leatai.com\/fr\/wp-json\/wp\/v2\/product_tag?post=142161"},{"taxonomy":"home_works","embeddable":true,"href":"https:\/\/leatai.com\/fr\/wp-json\/wp\/v2\/home_works?post=142161"}],"curies":[{"name":"wp","href":"https:\/\/api.w.org\/{rel}","templated":true}]}}