{"id":141917,"date":"2021-08-19T21:55:46","date_gmt":"2021-08-19T13:55:46","guid":{"rendered":"https:\/\/leatai.com\/product\/non%20class\u00e9\/poet\/"},"modified":"2025-03-07T15:09:09","modified_gmt":"2025-03-07T07:09:09","slug":"poet","status":"publish","type":"product","link":"https:\/\/leatai.com\/fr\/product\/divers-echantillons-oem\/carnet-broche-oem\/poet\/","title":{"rendered":"Poet"},"content":{"rendered":"<p>Nom du client : Poet<\/p>\n<p>Mod\u00e8le : Carnet de la s\u00e9rie Walking<br \/>\nTaille : Format personnalis\u00e9<\/p>\n<p>Points forts :<br \/>\nCr\u00e9\u00e9 en collaboration avec un \u00e9crivain et po\u00e8te contemporain renomm\u00e9, ce carnet adopte une base blanche \u00e9pur\u00e9e, mettant en valeur une typographie manuscrite unique. Bien plus qu\u2019un simple carnet, il se transforme en un v\u00e9ritable objet de collection, alliant esth\u00e9tique et valeur litt\u00e9raire.<\/p>\n<p>&nbsp;<\/p>\n<p><strong>\ud83d\udcd6<\/strong>Tous les exemples de personnalisation : <a href=\"https:\/\/leatai.com\/fr\/etiquette-produit\/oem-fr\/\" target=\"_blank\" rel=\"noopener\">Carnet personnalis\u00e9 \/ Journal d&#8217;affaires personnalis\u00e9<\/a><\/p>\n<p>\ud83d\udcd6Pour les produits standards de carnets personnalis\u00e9s \/ journaux d&#8217;affaires, veuillez vous r\u00e9f\u00e9rer \u00e0 :<\/p>\n<ul>\n<li><a href=\"https:\/\/leatai.com\/fr\/categorie-produit\/carnet-personnalise\/carnet-a-couverture-rigide\/\" target=\"_blank\" rel=\"noopener\">Carnet reli\u00e9 \/ Journal d&#8217;affaires reli\u00e9<\/a><\/li>\n<li><a href=\"https:\/\/leatai.com\/fr\/categorie-produit\/carnet-personnalise\/carnet-a-feuilles-mobiles\/\" target=\"_blank\" rel=\"noopener\">Carnet \u00e0 anneaux \/ Journal d&#8217;affaires \u00e0 anneaux<\/a><\/li>\n<li><a href=\"https:\/\/leatai.com\/fr\/categorie-produit\/carnet-personnalise\/carnet-amovible\/\" target=\"_blank\" rel=\"noopener\">Carnet \u00e0 feuilles d\u00e9tachables \/ Journal d&#8217;affaires \u00e0 feuilles d\u00e9tachables<\/a><\/li>\n<li><a href=\"https:\/\/leatai.com\/fr\/categorie-produit\/carnet-personnalise\/carnet-broche\/\" target=\"_blank\" rel=\"noopener\">Carnet broch\u00e9 \/ Journal d&#8217;affaires broch\u00e9<\/a><\/li>\n<li><a href=\"https:\/\/leatai.com\/fr\/categorie-produit\/carnet-personnalise\/carnet-a-spirale\/\" target=\"_blank\" rel=\"noopener\">Carnet \u00e0 spirale \/ Journal d&#8217;affaires \u00e0 spirale<\/a><\/li>\n<\/ul>\n<p><strong>\ud83d\udcd6<\/strong>Pour une explication compl\u00e8te des tailles, veuillez consulter : <a href=\"https:\/\/leatai.com\/fr\/connaissances-sur-les-cahiers\/guide-des-formats-de-papier-comprendre-les-formats-courants-comme-b3-a4-b5-8k-16k-et-plus-encore-un-tableau-de-tailles-complet-pour-une-reference-facile\/\" target=\"_blank\" rel=\"noopener\">Guide des formats de papier : Comment sont class\u00e9s les formats courants comme B3, A4, B5, 8K, 16K ? Un tableau comparatif des tailles de papier pour mieux comprendre !<\/a><\/p>\n","protected":false},"excerpt":{"rendered":"<p>Nom du client : Poet Mod\u00e8le : Carnet de la s\u00e9rie Walking Taille : Format personnalis\u00e9 Points forts : Cr\u00e9\u00e9 en collaboration avec un \u00e9crivain et po\u00e8te contemporain renomm\u00e9, ce carnet adopte une base blanche \u00e9pur\u00e9e, mettant en valeur une typographie manuscrite unique. Bien plus qu\u2019un simple carnet, il se transforme en un v\u00e9ritable objet [&hellip;]<\/p>\n","protected":false},"featured_media":141918,"template":"","meta":{"_acf_changed":false},"product_brand":[],"product_cat":[932],"product_tag":[1367],"home_works":[],"class_list":{"0":"post-141917","1":"product","2":"type-product","3":"status-publish","4":"has-post-thumbnail","6":"product_cat-carnet-broche-oem","7":"product_tag-oem-fr","9":"first","10":"outofstock","11":"sold-individually","12":"shipping-taxable","13":"purchasable","14":"product-type-variable","15":"has-default-attributes"},"acf":[],"yoast_head":"<!-- This site is optimized with the Yoast SEO plugin v27.2 - https:\/\/yoast.com\/product\/yoast-seo-wordpress\/ -->\n<title>Poet - Ne cherchez pas l\u2019\u00e9trange, ne forcez pas l\u2019originalit\u00e9. Lorsque l\u2019originalit\u00e9 \u00e9merge naturellement, elle n\u2019a rien de banal. - Leatai \u2013 Fabricant de carnets personnalis\u00e9s<\/title>\n<meta name=\"description\" content=\"Cas OEM : Poet Mod\u00e8le : Carnet de la s\u00e9rie Walking Taille : Format personnalis\u00e9 Points forts : Cr\u00e9\u00e9 en collaboration avec un \u00e9crivain et po\u00e8te contemporain renomm\u00e9, ce carnet adopte une base blanche \u00e9pur\u00e9e, mettant en valeur une typographie manuscrite unique. Bien plus qu\u2019un simple carnet, il devient un objet de collection alliant esth\u00e9tique et valeur litt\u00e9raire.\" \/>\n<meta name=\"robots\" content=\"index, follow, max-snippet:-1, max-image-preview:large, max-video-preview:-1\" \/>\n<link rel=\"canonical\" href=\"https:\/\/leatai.com\/fr\/product\/divers-echantillons-oem\/carnet-broche-oem\/poet\/\" \/>\n<meta property=\"og:locale\" content=\"fr_FR\" \/>\n<meta property=\"og:type\" content=\"article\" \/>\n<meta property=\"og:title\" content=\"Poet - Ne cherchez pas l\u2019\u00e9trange, ne forcez pas l\u2019originalit\u00e9. Lorsque l\u2019originalit\u00e9 \u00e9merge naturellement, elle n\u2019a rien de banal. - Leatai \u2013 Fabricant de carnets personnalis\u00e9s\" \/>\n<meta property=\"og:description\" content=\"Cas OEM : Poet Mod\u00e8le : Carnet de la s\u00e9rie Walking Taille : Format personnalis\u00e9 Points forts : Cr\u00e9\u00e9 en collaboration avec un \u00e9crivain et po\u00e8te contemporain renomm\u00e9, ce carnet adopte une base blanche \u00e9pur\u00e9e, mettant en valeur une typographie manuscrite unique. Bien plus qu\u2019un simple carnet, il devient un objet de collection alliant esth\u00e9tique et valeur litt\u00e9raire.\" \/>\n<meta property=\"og:url\" content=\"https:\/\/leatai.com\/fr\/product\/divers-echantillons-oem\/carnet-broche-oem\/poet\/\" \/>\n<meta property=\"og:site_name\" content=\"Leatai \u2013 Fabricant de carnets personnalis\u00e9s\" \/>\n<meta property=\"article:modified_time\" content=\"2025-03-07T07:09:09+00:00\" \/>\n<meta property=\"og:image\" content=\"https:\/\/leatai.com\/wp-content\/uploads\/DSC_2958.jpg\" \/>\n\t<meta property=\"og:image:width\" content=\"1000\" \/>\n\t<meta property=\"og:image:height\" content=\"750\" \/>\n\t<meta property=\"og:image:type\" content=\"image\/jpeg\" \/>\n<meta name=\"twitter:card\" content=\"summary_large_image\" \/>\n<meta name=\"twitter:label1\" content=\"Dur\u00e9e de lecture estim\u00e9e\" \/>\n\t<meta name=\"twitter:data1\" content=\"2 minutes\" \/>\n<script type=\"application\/ld+json\" class=\"yoast-schema-graph\">{\"@context\":\"https:\/\/schema.org\",\"@graph\":[{\"@type\":\"WebPage\",\"@id\":\"https:\/\/leatai.com\/fr\/product\/divers-echantillons-oem\/carnet-broche-oem\/poet\/\",\"url\":\"https:\/\/leatai.com\/fr\/product\/divers-echantillons-oem\/carnet-broche-oem\/poet\/\",\"name\":\"Poet - Ne cherchez pas l\u2019\u00e9trange, ne forcez pas l\u2019originalit\u00e9. Lorsque l\u2019originalit\u00e9 \u00e9merge naturellement, elle n\u2019a rien de banal. - Leatai \u2013 Fabricant de carnets personnalis\u00e9s\",\"isPartOf\":{\"@id\":\"https:\/\/leatai.com\/fr\/#website\"},\"primaryImageOfPage\":{\"@id\":\"https:\/\/leatai.com\/fr\/product\/divers-echantillons-oem\/carnet-broche-oem\/poet\/#primaryimage\"},\"image\":{\"@id\":\"https:\/\/leatai.com\/fr\/product\/divers-echantillons-oem\/carnet-broche-oem\/poet\/#primaryimage\"},\"thumbnailUrl\":\"https:\/\/leatai.com\/wp-content\/uploads\/DSC_2958.jpg\",\"datePublished\":\"2021-08-19T13:55:46+00:00\",\"dateModified\":\"2025-03-07T07:09:09+00:00\",\"description\":\"Cas OEM : Poet Mod\u00e8le : Carnet de la s\u00e9rie Walking Taille : Format personnalis\u00e9 Points forts : Cr\u00e9\u00e9 en collaboration avec un \u00e9crivain et po\u00e8te contemporain renomm\u00e9, ce carnet adopte une base blanche \u00e9pur\u00e9e, mettant en valeur une typographie manuscrite unique. Bien plus qu\u2019un simple carnet, il devient un objet de collection alliant esth\u00e9tique et valeur litt\u00e9raire.\",\"breadcrumb\":{\"@id\":\"https:\/\/leatai.com\/fr\/product\/divers-echantillons-oem\/carnet-broche-oem\/poet\/#breadcrumb\"},\"inLanguage\":\"fr-FR\",\"potentialAction\":[{\"@type\":\"ReadAction\",\"target\":[\"https:\/\/leatai.com\/fr\/product\/divers-echantillons-oem\/carnet-broche-oem\/poet\/\"]}]},{\"@type\":\"ImageObject\",\"inLanguage\":\"fr-FR\",\"@id\":\"https:\/\/leatai.com\/fr\/product\/divers-echantillons-oem\/carnet-broche-oem\/poet\/#primaryimage\",\"url\":\"https:\/\/leatai.com\/wp-content\/uploads\/DSC_2958.jpg\",\"contentUrl\":\"https:\/\/leatai.com\/wp-content\/uploads\/DSC_2958.jpg\",\"width\":1000,\"height\":750,\"caption\":\"Carnet de la s\u00e9rie Walking\"},{\"@type\":\"BreadcrumbList\",\"@id\":\"https:\/\/leatai.com\/fr\/product\/divers-echantillons-oem\/carnet-broche-oem\/poet\/#breadcrumb\",\"itemListElement\":[{\"@type\":\"ListItem\",\"position\":1,\"name\":\"Home\",\"item\":\"https:\/\/leatai.com\/fr\/\"},{\"@type\":\"ListItem\",\"position\":2,\"name\":\"Pr\u00e9sentation des produits\",\"item\":\"https:\/\/leatai.com\/products\/\"},{\"@type\":\"ListItem\",\"position\":3,\"name\":\"Divers \u00e9chantillons OEM\",\"item\":\"https:\/\/leatai.com\/fr\/categorie-produit\/divers-echantillons-oem\/\"},{\"@type\":\"ListItem\",\"position\":4,\"name\":\"Carnet Broch\u00e9 OEM\",\"item\":\"https:\/\/leatai.com\/fr\/categorie-produit\/divers-echantillons-oem\/carnet-broche-oem\/\"},{\"@type\":\"ListItem\",\"position\":5,\"name\":\"Poet\"}]},{\"@type\":\"WebSite\",\"@id\":\"https:\/\/leatai.com\/fr\/#website\",\"url\":\"https:\/\/leatai.com\/fr\/\",\"name\":\"Leatai \u2013 Fabricant de carnets personnalis\u00e9s\",\"description\":\"Leatai propose des carnets et planificateurs personnalis\u00e9s pour les marques et distributeurs dans le monde entier.\",\"publisher\":{\"@id\":\"https:\/\/leatai.com\/fr\/#organization\"},\"potentialAction\":[{\"@type\":\"SearchAction\",\"target\":{\"@type\":\"EntryPoint\",\"urlTemplate\":\"https:\/\/leatai.com\/fr\/?s={search_term_string}\"},\"query-input\":{\"@type\":\"PropertyValueSpecification\",\"valueRequired\":true,\"valueName\":\"search_term_string\"}}],\"inLanguage\":\"fr-FR\"},{\"@type\":\"Organization\",\"@id\":\"https:\/\/leatai.com\/fr\/#organization\",\"name\":\"Leatai Diary, customized journal and business organizer\",\"url\":\"https:\/\/leatai.com\/fr\/\",\"logo\":{\"@type\":\"ImageObject\",\"inLanguage\":\"fr-FR\",\"@id\":\"https:\/\/leatai.com\/fr\/#\/schema\/logo\/image\/\",\"url\":\"https:\/\/leatai.com\/wp-content\/uploads\/logo-blue.png\",\"contentUrl\":\"https:\/\/leatai.com\/wp-content\/uploads\/logo-blue.png\",\"width\":230,\"height\":60,\"caption\":\"Leatai Diary, customized journal and business organizer\"},\"image\":{\"@id\":\"https:\/\/leatai.com\/fr\/#\/schema\/logo\/image\/\"}}]}<\/script>\n<!-- \/ Yoast SEO plugin. -->","yoast_head_json":{"title":"Poet - Ne cherchez pas l\u2019\u00e9trange, ne forcez pas l\u2019originalit\u00e9. Lorsque l\u2019originalit\u00e9 \u00e9merge naturellement, elle n\u2019a rien de banal. - Leatai \u2013 Fabricant de carnets personnalis\u00e9s","description":"Cas OEM : Poet Mod\u00e8le : Carnet de la s\u00e9rie Walking Taille : Format personnalis\u00e9 Points forts : Cr\u00e9\u00e9 en collaboration avec un \u00e9crivain et po\u00e8te contemporain renomm\u00e9, ce carnet adopte une base blanche \u00e9pur\u00e9e, mettant en valeur une typographie manuscrite unique. Bien plus qu\u2019un simple carnet, il devient un objet de collection alliant esth\u00e9tique et valeur litt\u00e9raire.","robots":{"index":"index","follow":"follow","max-snippet":"max-snippet:-1","max-image-preview":"max-image-preview:large","max-video-preview":"max-video-preview:-1"},"canonical":"https:\/\/leatai.com\/fr\/product\/divers-echantillons-oem\/carnet-broche-oem\/poet\/","og_locale":"fr_FR","og_type":"article","og_title":"Poet - Ne cherchez pas l\u2019\u00e9trange, ne forcez pas l\u2019originalit\u00e9. Lorsque l\u2019originalit\u00e9 \u00e9merge naturellement, elle n\u2019a rien de banal. - Leatai \u2013 Fabricant de carnets personnalis\u00e9s","og_description":"Cas OEM : Poet Mod\u00e8le : Carnet de la s\u00e9rie Walking Taille : Format personnalis\u00e9 Points forts : Cr\u00e9\u00e9 en collaboration avec un \u00e9crivain et po\u00e8te contemporain renomm\u00e9, ce carnet adopte une base blanche \u00e9pur\u00e9e, mettant en valeur une typographie manuscrite unique. Bien plus qu\u2019un simple carnet, il devient un objet de collection alliant esth\u00e9tique et valeur litt\u00e9raire.","og_url":"https:\/\/leatai.com\/fr\/product\/divers-echantillons-oem\/carnet-broche-oem\/poet\/","og_site_name":"Leatai \u2013 Fabricant de carnets personnalis\u00e9s","article_modified_time":"2025-03-07T07:09:09+00:00","og_image":[{"width":1000,"height":750,"url":"https:\/\/leatai.com\/wp-content\/uploads\/DSC_2958.jpg","type":"image\/jpeg"}],"twitter_card":"summary_large_image","twitter_misc":{"Dur\u00e9e de lecture estim\u00e9e":"2 minutes"},"schema":{"@context":"https:\/\/schema.org","@graph":[{"@type":"WebPage","@id":"https:\/\/leatai.com\/fr\/product\/divers-echantillons-oem\/carnet-broche-oem\/poet\/","url":"https:\/\/leatai.com\/fr\/product\/divers-echantillons-oem\/carnet-broche-oem\/poet\/","name":"Poet - Ne cherchez pas l\u2019\u00e9trange, ne forcez pas l\u2019originalit\u00e9. Lorsque l\u2019originalit\u00e9 \u00e9merge naturellement, elle n\u2019a rien de banal. - Leatai \u2013 Fabricant de carnets personnalis\u00e9s","isPartOf":{"@id":"https:\/\/leatai.com\/fr\/#website"},"primaryImageOfPage":{"@id":"https:\/\/leatai.com\/fr\/product\/divers-echantillons-oem\/carnet-broche-oem\/poet\/#primaryimage"},"image":{"@id":"https:\/\/leatai.com\/fr\/product\/divers-echantillons-oem\/carnet-broche-oem\/poet\/#primaryimage"},"thumbnailUrl":"https:\/\/leatai.com\/wp-content\/uploads\/DSC_2958.jpg","datePublished":"2021-08-19T13:55:46+00:00","dateModified":"2025-03-07T07:09:09+00:00","description":"Cas OEM : Poet Mod\u00e8le : Carnet de la s\u00e9rie Walking Taille : Format personnalis\u00e9 Points forts : Cr\u00e9\u00e9 en collaboration avec un \u00e9crivain et po\u00e8te contemporain renomm\u00e9, ce carnet adopte une base blanche \u00e9pur\u00e9e, mettant en valeur une typographie manuscrite unique. Bien plus qu\u2019un simple carnet, il devient un objet de collection alliant esth\u00e9tique et valeur litt\u00e9raire.","breadcrumb":{"@id":"https:\/\/leatai.com\/fr\/product\/divers-echantillons-oem\/carnet-broche-oem\/poet\/#breadcrumb"},"inLanguage":"fr-FR","potentialAction":[{"@type":"ReadAction","target":["https:\/\/leatai.com\/fr\/product\/divers-echantillons-oem\/carnet-broche-oem\/poet\/"]}]},{"@type":"ImageObject","inLanguage":"fr-FR","@id":"https:\/\/leatai.com\/fr\/product\/divers-echantillons-oem\/carnet-broche-oem\/poet\/#primaryimage","url":"https:\/\/leatai.com\/wp-content\/uploads\/DSC_2958.jpg","contentUrl":"https:\/\/leatai.com\/wp-content\/uploads\/DSC_2958.jpg","width":1000,"height":750,"caption":"Carnet de la s\u00e9rie Walking"},{"@type":"BreadcrumbList","@id":"https:\/\/leatai.com\/fr\/product\/divers-echantillons-oem\/carnet-broche-oem\/poet\/#breadcrumb","itemListElement":[{"@type":"ListItem","position":1,"name":"Home","item":"https:\/\/leatai.com\/fr\/"},{"@type":"ListItem","position":2,"name":"Pr\u00e9sentation des produits","item":"https:\/\/leatai.com\/products\/"},{"@type":"ListItem","position":3,"name":"Divers \u00e9chantillons OEM","item":"https:\/\/leatai.com\/fr\/categorie-produit\/divers-echantillons-oem\/"},{"@type":"ListItem","position":4,"name":"Carnet Broch\u00e9 OEM","item":"https:\/\/leatai.com\/fr\/categorie-produit\/divers-echantillons-oem\/carnet-broche-oem\/"},{"@type":"ListItem","position":5,"name":"Poet"}]},{"@type":"WebSite","@id":"https:\/\/leatai.com\/fr\/#website","url":"https:\/\/leatai.com\/fr\/","name":"Leatai \u2013 Fabricant de carnets personnalis\u00e9s","description":"Leatai propose des carnets et planificateurs personnalis\u00e9s pour les marques et distributeurs dans le monde entier.","publisher":{"@id":"https:\/\/leatai.com\/fr\/#organization"},"potentialAction":[{"@type":"SearchAction","target":{"@type":"EntryPoint","urlTemplate":"https:\/\/leatai.com\/fr\/?s={search_term_string}"},"query-input":{"@type":"PropertyValueSpecification","valueRequired":true,"valueName":"search_term_string"}}],"inLanguage":"fr-FR"},{"@type":"Organization","@id":"https:\/\/leatai.com\/fr\/#organization","name":"Leatai Diary, customized journal and business organizer","url":"https:\/\/leatai.com\/fr\/","logo":{"@type":"ImageObject","inLanguage":"fr-FR","@id":"https:\/\/leatai.com\/fr\/#\/schema\/logo\/image\/","url":"https:\/\/leatai.com\/wp-content\/uploads\/logo-blue.png","contentUrl":"https:\/\/leatai.com\/wp-content\/uploads\/logo-blue.png","width":230,"height":60,"caption":"Leatai Diary, customized journal and business organizer"},"image":{"@id":"https:\/\/leatai.com\/fr\/#\/schema\/logo\/image\/"}}]}},"_links":{"self":[{"href":"https:\/\/leatai.com\/fr\/wp-json\/wp\/v2\/product\/141917","targetHints":{"allow":["GET"]}}],"collection":[{"href":"https:\/\/leatai.com\/fr\/wp-json\/wp\/v2\/product"}],"about":[{"href":"https:\/\/leatai.com\/fr\/wp-json\/wp\/v2\/types\/product"}],"wp:featuredmedia":[{"embeddable":true,"href":"https:\/\/leatai.com\/fr\/wp-json\/wp\/v2\/media\/141918"}],"wp:attachment":[{"href":"https:\/\/leatai.com\/fr\/wp-json\/wp\/v2\/media?parent=141917"}],"wp:term":[{"taxonomy":"product_brand","embeddable":true,"href":"https:\/\/leatai.com\/fr\/wp-json\/wp\/v2\/product_brand?post=141917"},{"taxonomy":"product_cat","embeddable":true,"href":"https:\/\/leatai.com\/fr\/wp-json\/wp\/v2\/product_cat?post=141917"},{"taxonomy":"product_tag","embeddable":true,"href":"https:\/\/leatai.com\/fr\/wp-json\/wp\/v2\/product_tag?post=141917"},{"taxonomy":"home_works","embeddable":true,"href":"https:\/\/leatai.com\/fr\/wp-json\/wp\/v2\/home_works?post=141917"}],"curies":[{"name":"wp","href":"https:\/\/api.w.org\/{rel}","templated":true}]}}