{"id":141478,"date":"2024-08-21T19:34:22","date_gmt":"2024-08-21T11:34:22","guid":{"rendered":"https:\/\/leatai.com\/?post_type=product&#038;p=141478"},"modified":"2025-12-10T15:04:52","modified_gmt":"2025-12-10T07:04:52","slug":"hoya-bit-exchange-2","status":"publish","type":"product","link":"https:\/\/leatai.com\/fr\/product\/divers-echantillons-oem\/oem-autres\/hoya-bit-exchange-2\/","title":{"rendered":"HOYA BIT Exchange"},"content":{"rendered":"<p>Nom du client : HOYA BIT Exchange<\/p>\n<p>Taille du projet : Taille personnalis\u00e9e<br \/>\nType de projet : Bloc-notes enti\u00e8rement couvert<br \/>\nEffet de couverture : Impression<\/p>\n<p>Points forts :<br \/>\nUn bloc-notes \u00e0 ouverture verticale peut parfois n\u00e9cessiter des pages faciles \u00e0 d\u00e9tacher, tandis que dans d&#8217;autres cas, il est pr\u00e9f\u00e9rable qu&#8217;elles restent bien en place. Pour r\u00e9pondre \u00e0 ces deux besoins, diff\u00e9rentes structures de conception sont mises en \u0153uvre. Veuillez vous r\u00e9f\u00e9rer aux photos pour plus de d\u00e9tails.<\/p>\n<p>&nbsp;<\/p>\n<p><strong>\ud83d\udcd6<\/strong>Tous les exemples de personnalisation : <a href=\"https:\/\/leatai.com\/fr\/etiquette-produit\/oem-fr\/\" target=\"_blank\" rel=\"noopener\">Carnet personnalis\u00e9 \/ Journal d&#8217;affaires personnalis\u00e9<\/a><\/p>\n<p>\ud83d\udcd6Pour les produits standards de carnets personnalis\u00e9s \/ journaux d&#8217;affaires, veuillez vous r\u00e9f\u00e9rer \u00e0 :<\/p>\n<ul>\n<li><a href=\"https:\/\/leatai.com\/fr\/categorie-produit\/carnet-personnalise\/carnet-a-couverture-rigide\/\" target=\"_blank\" rel=\"noopener\">Carnet reli\u00e9 \/ Journal d&#8217;affaires reli\u00e9<\/a><\/li>\n<li><a href=\"https:\/\/leatai.com\/fr\/categorie-produit\/carnet-personnalise\/carnet-a-feuilles-mobiles\/\" target=\"_blank\" rel=\"noopener\">Carnet \u00e0 anneaux \/ Journal d&#8217;affaires \u00e0 anneaux<\/a><\/li>\n<li><a href=\"https:\/\/leatai.com\/fr\/categorie-produit\/carnet-personnalise\/carnet-amovible\/\" target=\"_blank\" rel=\"noopener\">Carnet \u00e0 feuilles d\u00e9tachables \/ Journal d&#8217;affaires \u00e0 feuilles d\u00e9tachables<\/a><\/li>\n<li><a href=\"https:\/\/leatai.com\/fr\/categorie-produit\/carnet-personnalise\/carnet-broche\/\" target=\"_blank\" rel=\"noopener\">Carnet broch\u00e9 \/ Journal d&#8217;affaires broch\u00e9<\/a><\/li>\n<li><a href=\"https:\/\/leatai.com\/fr\/categorie-produit\/carnet-personnalise\/carnet-a-spirale\/\" target=\"_blank\" rel=\"noopener\">Carnet \u00e0 spirale \/ Journal d&#8217;affaires \u00e0 spirale<\/a><\/li>\n<\/ul>\n<p><strong>\ud83d\udcd6<\/strong>Pour une explication compl\u00e8te des tailles, veuillez consulter : <a href=\"https:\/\/leatai.com\/fr\/connaissances-sur-les-cahiers\/guide-des-formats-de-papier-comprendre-les-formats-courants-comme-b3-a4-b5-8k-16k-et-plus-encore-un-tableau-de-tailles-complet-pour-une-reference-facile\/\" target=\"_blank\" rel=\"noopener\">Guide des formats de papier : Comment sont class\u00e9s les formats courants comme B3, A4, B5, 8K, 16K ? Un tableau comparatif des tailles de papier pour mieux comprendre !<\/a><\/p>\n","protected":false},"excerpt":{"rendered":"<p>Nom du client : HOYA BIT Exchange Taille du projet : Taille personnalis\u00e9e Type de projet : Bloc-notes enti\u00e8rement couvert Effet de couverture : Impression Points forts : Un bloc-notes \u00e0 ouverture verticale peut parfois n\u00e9cessiter des pages faciles \u00e0 d\u00e9tacher, tandis que dans d&#8217;autres cas, il est pr\u00e9f\u00e9rable qu&#8217;elles restent bien en place. Pour [&hellip;]<\/p>\n","protected":false},"featured_media":77311,"template":"","meta":{"_acf_changed":false},"product_brand":[],"product_cat":[945],"product_tag":[1367],"home_works":[],"class_list":{"0":"post-141478","1":"product","2":"type-product","3":"status-publish","4":"has-post-thumbnail","6":"product_cat-oem-autres","7":"product_tag-oem-fr","9":"first","10":"outofstock","11":"sold-individually","12":"shipping-taxable","13":"purchasable","14":"product-type-variable","15":"has-default-attributes"},"acf":[],"yoast_head":"<!-- This site is optimized with the Yoast SEO plugin v27.2 - https:\/\/yoast.com\/product\/yoast-seo-wordpress\/ -->\n<title>HOYA BIT Exchange - Leatai \u2013 Fabricant de carnets personnalis\u00e9s<\/title>\n<meta name=\"description\" content=\"Nom du client : HOYA BIT Exchange Taille du projet : Taille personnalis\u00e9e Type de projet : Bloc-notes enti\u00e8rement couvert Effet de couverture : Impression Points forts : Un bloc-notes \u00e0 ouverture verticale peut parfois n\u00e9cessiter des pages faciles \u00e0 d\u00e9tacher, tandis que dans d&#039;autres cas, il est pr\u00e9f\u00e9rable qu&#039;elles restent bien en place. Pour r\u00e9pondre \u00e0 ces deux besoins, diff\u00e9rentes structures de conception sont mises en \u0153uvre. Veuillez vous r\u00e9f\u00e9rer aux photos pour plus de d\u00e9tails.\" \/>\n<meta name=\"robots\" content=\"index, follow, max-snippet:-1, max-image-preview:large, max-video-preview:-1\" \/>\n<link rel=\"canonical\" href=\"https:\/\/leatai.com\/fr\/product\/divers-echantillons-oem\/oem-autres\/hoya-bit-exchange-2\/\" \/>\n<meta property=\"og:locale\" content=\"fr_FR\" \/>\n<meta property=\"og:type\" content=\"article\" \/>\n<meta property=\"og:title\" content=\"HOYA BIT Exchange - Leatai \u2013 Fabricant de carnets personnalis\u00e9s\" \/>\n<meta property=\"og:description\" content=\"Nom du client : HOYA BIT Exchange Taille du projet : Taille personnalis\u00e9e Type de projet : Bloc-notes enti\u00e8rement couvert Effet de couverture : Impression Points forts : Un bloc-notes \u00e0 ouverture verticale peut parfois n\u00e9cessiter des pages faciles \u00e0 d\u00e9tacher, tandis que dans d&#039;autres cas, il est pr\u00e9f\u00e9rable qu&#039;elles restent bien en place. Pour r\u00e9pondre \u00e0 ces deux besoins, diff\u00e9rentes structures de conception sont mises en \u0153uvre. Veuillez vous r\u00e9f\u00e9rer aux photos pour plus de d\u00e9tails.\" \/>\n<meta property=\"og:url\" content=\"https:\/\/leatai.com\/fr\/product\/divers-echantillons-oem\/oem-autres\/hoya-bit-exchange-2\/\" \/>\n<meta property=\"og:site_name\" content=\"Leatai \u2013 Fabricant de carnets personnalis\u00e9s\" \/>\n<meta property=\"article:modified_time\" content=\"2025-12-10T07:04:52+00:00\" \/>\n<meta property=\"og:image\" content=\"https:\/\/leatai.com\/wp-content\/uploads\/DSC_6859.jpg\" \/>\n\t<meta property=\"og:image:width\" content=\"1000\" \/>\n\t<meta property=\"og:image:height\" content=\"668\" \/>\n\t<meta property=\"og:image:type\" content=\"image\/jpeg\" \/>\n<meta name=\"twitter:card\" content=\"summary_large_image\" \/>\n<meta name=\"twitter:label1\" content=\"Dur\u00e9e de lecture estim\u00e9e\" \/>\n\t<meta name=\"twitter:data1\" content=\"2 minutes\" \/>\n<script type=\"application\/ld+json\" class=\"yoast-schema-graph\">{\"@context\":\"https:\/\/schema.org\",\"@graph\":[{\"@type\":\"WebPage\",\"@id\":\"https:\/\/leatai.com\/fr\/product\/divers-echantillons-oem\/oem-autres\/hoya-bit-exchange-2\/\",\"url\":\"https:\/\/leatai.com\/fr\/product\/divers-echantillons-oem\/oem-autres\/hoya-bit-exchange-2\/\",\"name\":\"HOYA BIT Exchange - Leatai \u2013 Fabricant de carnets personnalis\u00e9s\",\"isPartOf\":{\"@id\":\"https:\/\/leatai.com\/fr\/#website\"},\"primaryImageOfPage\":{\"@id\":\"https:\/\/leatai.com\/fr\/product\/divers-echantillons-oem\/oem-autres\/hoya-bit-exchange-2\/#primaryimage\"},\"image\":{\"@id\":\"https:\/\/leatai.com\/fr\/product\/divers-echantillons-oem\/oem-autres\/hoya-bit-exchange-2\/#primaryimage\"},\"thumbnailUrl\":\"https:\/\/leatai.com\/wp-content\/uploads\/DSC_6859.jpg\",\"datePublished\":\"2024-08-21T11:34:22+00:00\",\"dateModified\":\"2025-12-10T07:04:52+00:00\",\"description\":\"Nom du client : HOYA BIT Exchange Taille du projet : Taille personnalis\u00e9e Type de projet : Bloc-notes enti\u00e8rement couvert Effet de couverture : Impression Points forts : Un bloc-notes \u00e0 ouverture verticale peut parfois n\u00e9cessiter des pages faciles \u00e0 d\u00e9tacher, tandis que dans d'autres cas, il est pr\u00e9f\u00e9rable qu'elles restent bien en place. Pour r\u00e9pondre \u00e0 ces deux besoins, diff\u00e9rentes structures de conception sont mises en \u0153uvre. Veuillez vous r\u00e9f\u00e9rer aux photos pour plus de d\u00e9tails.\",\"breadcrumb\":{\"@id\":\"https:\/\/leatai.com\/fr\/product\/divers-echantillons-oem\/oem-autres\/hoya-bit-exchange-2\/#breadcrumb\"},\"inLanguage\":\"fr-FR\",\"potentialAction\":[{\"@type\":\"ReadAction\",\"target\":[\"https:\/\/leatai.com\/fr\/product\/divers-echantillons-oem\/oem-autres\/hoya-bit-exchange-2\/\"]}]},{\"@type\":\"ImageObject\",\"inLanguage\":\"fr-FR\",\"@id\":\"https:\/\/leatai.com\/fr\/product\/divers-echantillons-oem\/oem-autres\/hoya-bit-exchange-2\/#primaryimage\",\"url\":\"https:\/\/leatai.com\/wp-content\/uploads\/DSC_6859.jpg\",\"contentUrl\":\"https:\/\/leatai.com\/wp-content\/uploads\/DSC_6859.jpg\",\"width\":1000,\"height\":668},{\"@type\":\"BreadcrumbList\",\"@id\":\"https:\/\/leatai.com\/fr\/product\/divers-echantillons-oem\/oem-autres\/hoya-bit-exchange-2\/#breadcrumb\",\"itemListElement\":[{\"@type\":\"ListItem\",\"position\":1,\"name\":\"Home\",\"item\":\"https:\/\/leatai.com\/fr\/\"},{\"@type\":\"ListItem\",\"position\":2,\"name\":\"Pr\u00e9sentation des produits\",\"item\":\"https:\/\/leatai.com\/products\/\"},{\"@type\":\"ListItem\",\"position\":3,\"name\":\"Divers \u00e9chantillons OEM\",\"item\":\"https:\/\/leatai.com\/fr\/categorie-produit\/divers-echantillons-oem\/\"},{\"@type\":\"ListItem\",\"position\":4,\"name\":\"OEM Autres\",\"item\":\"https:\/\/leatai.com\/fr\/categorie-produit\/divers-echantillons-oem\/oem-autres\/\"},{\"@type\":\"ListItem\",\"position\":5,\"name\":\"HOYA BIT Exchange\"}]},{\"@type\":\"WebSite\",\"@id\":\"https:\/\/leatai.com\/fr\/#website\",\"url\":\"https:\/\/leatai.com\/fr\/\",\"name\":\"Leatai \u2013 Fabricant de carnets personnalis\u00e9s\",\"description\":\"Leatai propose des carnets et planificateurs personnalis\u00e9s pour les marques et distributeurs dans le monde entier.\",\"publisher\":{\"@id\":\"https:\/\/leatai.com\/fr\/#organization\"},\"potentialAction\":[{\"@type\":\"SearchAction\",\"target\":{\"@type\":\"EntryPoint\",\"urlTemplate\":\"https:\/\/leatai.com\/fr\/?s={search_term_string}\"},\"query-input\":{\"@type\":\"PropertyValueSpecification\",\"valueRequired\":true,\"valueName\":\"search_term_string\"}}],\"inLanguage\":\"fr-FR\"},{\"@type\":\"Organization\",\"@id\":\"https:\/\/leatai.com\/fr\/#organization\",\"name\":\"Leatai Diary, customized journal and business organizer\",\"url\":\"https:\/\/leatai.com\/fr\/\",\"logo\":{\"@type\":\"ImageObject\",\"inLanguage\":\"fr-FR\",\"@id\":\"https:\/\/leatai.com\/fr\/#\/schema\/logo\/image\/\",\"url\":\"https:\/\/leatai.com\/wp-content\/uploads\/logo-blue.png\",\"contentUrl\":\"https:\/\/leatai.com\/wp-content\/uploads\/logo-blue.png\",\"width\":230,\"height\":60,\"caption\":\"Leatai Diary, customized journal and business organizer\"},\"image\":{\"@id\":\"https:\/\/leatai.com\/fr\/#\/schema\/logo\/image\/\"}}]}<\/script>\n<!-- \/ Yoast SEO plugin. -->","yoast_head_json":{"title":"HOYA BIT Exchange - Leatai \u2013 Fabricant de carnets personnalis\u00e9s","description":"Nom du client : HOYA BIT Exchange Taille du projet : Taille personnalis\u00e9e Type de projet : Bloc-notes enti\u00e8rement couvert Effet de couverture : Impression Points forts : Un bloc-notes \u00e0 ouverture verticale peut parfois n\u00e9cessiter des pages faciles \u00e0 d\u00e9tacher, tandis que dans d'autres cas, il est pr\u00e9f\u00e9rable qu'elles restent bien en place. Pour r\u00e9pondre \u00e0 ces deux besoins, diff\u00e9rentes structures de conception sont mises en \u0153uvre. Veuillez vous r\u00e9f\u00e9rer aux photos pour plus de d\u00e9tails.","robots":{"index":"index","follow":"follow","max-snippet":"max-snippet:-1","max-image-preview":"max-image-preview:large","max-video-preview":"max-video-preview:-1"},"canonical":"https:\/\/leatai.com\/fr\/product\/divers-echantillons-oem\/oem-autres\/hoya-bit-exchange-2\/","og_locale":"fr_FR","og_type":"article","og_title":"HOYA BIT Exchange - Leatai \u2013 Fabricant de carnets personnalis\u00e9s","og_description":"Nom du client : HOYA BIT Exchange Taille du projet : Taille personnalis\u00e9e Type de projet : Bloc-notes enti\u00e8rement couvert Effet de couverture : Impression Points forts : Un bloc-notes \u00e0 ouverture verticale peut parfois n\u00e9cessiter des pages faciles \u00e0 d\u00e9tacher, tandis que dans d'autres cas, il est pr\u00e9f\u00e9rable qu'elles restent bien en place. Pour r\u00e9pondre \u00e0 ces deux besoins, diff\u00e9rentes structures de conception sont mises en \u0153uvre. Veuillez vous r\u00e9f\u00e9rer aux photos pour plus de d\u00e9tails.","og_url":"https:\/\/leatai.com\/fr\/product\/divers-echantillons-oem\/oem-autres\/hoya-bit-exchange-2\/","og_site_name":"Leatai \u2013 Fabricant de carnets personnalis\u00e9s","article_modified_time":"2025-12-10T07:04:52+00:00","og_image":[{"width":1000,"height":668,"url":"https:\/\/leatai.com\/wp-content\/uploads\/DSC_6859.jpg","type":"image\/jpeg"}],"twitter_card":"summary_large_image","twitter_misc":{"Dur\u00e9e de lecture estim\u00e9e":"2 minutes"},"schema":{"@context":"https:\/\/schema.org","@graph":[{"@type":"WebPage","@id":"https:\/\/leatai.com\/fr\/product\/divers-echantillons-oem\/oem-autres\/hoya-bit-exchange-2\/","url":"https:\/\/leatai.com\/fr\/product\/divers-echantillons-oem\/oem-autres\/hoya-bit-exchange-2\/","name":"HOYA BIT Exchange - Leatai \u2013 Fabricant de carnets personnalis\u00e9s","isPartOf":{"@id":"https:\/\/leatai.com\/fr\/#website"},"primaryImageOfPage":{"@id":"https:\/\/leatai.com\/fr\/product\/divers-echantillons-oem\/oem-autres\/hoya-bit-exchange-2\/#primaryimage"},"image":{"@id":"https:\/\/leatai.com\/fr\/product\/divers-echantillons-oem\/oem-autres\/hoya-bit-exchange-2\/#primaryimage"},"thumbnailUrl":"https:\/\/leatai.com\/wp-content\/uploads\/DSC_6859.jpg","datePublished":"2024-08-21T11:34:22+00:00","dateModified":"2025-12-10T07:04:52+00:00","description":"Nom du client : HOYA BIT Exchange Taille du projet : Taille personnalis\u00e9e Type de projet : Bloc-notes enti\u00e8rement couvert Effet de couverture : Impression Points forts : Un bloc-notes \u00e0 ouverture verticale peut parfois n\u00e9cessiter des pages faciles \u00e0 d\u00e9tacher, tandis que dans d'autres cas, il est pr\u00e9f\u00e9rable qu'elles restent bien en place. Pour r\u00e9pondre \u00e0 ces deux besoins, diff\u00e9rentes structures de conception sont mises en \u0153uvre. Veuillez vous r\u00e9f\u00e9rer aux photos pour plus de d\u00e9tails.","breadcrumb":{"@id":"https:\/\/leatai.com\/fr\/product\/divers-echantillons-oem\/oem-autres\/hoya-bit-exchange-2\/#breadcrumb"},"inLanguage":"fr-FR","potentialAction":[{"@type":"ReadAction","target":["https:\/\/leatai.com\/fr\/product\/divers-echantillons-oem\/oem-autres\/hoya-bit-exchange-2\/"]}]},{"@type":"ImageObject","inLanguage":"fr-FR","@id":"https:\/\/leatai.com\/fr\/product\/divers-echantillons-oem\/oem-autres\/hoya-bit-exchange-2\/#primaryimage","url":"https:\/\/leatai.com\/wp-content\/uploads\/DSC_6859.jpg","contentUrl":"https:\/\/leatai.com\/wp-content\/uploads\/DSC_6859.jpg","width":1000,"height":668},{"@type":"BreadcrumbList","@id":"https:\/\/leatai.com\/fr\/product\/divers-echantillons-oem\/oem-autres\/hoya-bit-exchange-2\/#breadcrumb","itemListElement":[{"@type":"ListItem","position":1,"name":"Home","item":"https:\/\/leatai.com\/fr\/"},{"@type":"ListItem","position":2,"name":"Pr\u00e9sentation des produits","item":"https:\/\/leatai.com\/products\/"},{"@type":"ListItem","position":3,"name":"Divers \u00e9chantillons OEM","item":"https:\/\/leatai.com\/fr\/categorie-produit\/divers-echantillons-oem\/"},{"@type":"ListItem","position":4,"name":"OEM Autres","item":"https:\/\/leatai.com\/fr\/categorie-produit\/divers-echantillons-oem\/oem-autres\/"},{"@type":"ListItem","position":5,"name":"HOYA BIT Exchange"}]},{"@type":"WebSite","@id":"https:\/\/leatai.com\/fr\/#website","url":"https:\/\/leatai.com\/fr\/","name":"Leatai \u2013 Fabricant de carnets personnalis\u00e9s","description":"Leatai propose des carnets et planificateurs personnalis\u00e9s pour les marques et distributeurs dans le monde entier.","publisher":{"@id":"https:\/\/leatai.com\/fr\/#organization"},"potentialAction":[{"@type":"SearchAction","target":{"@type":"EntryPoint","urlTemplate":"https:\/\/leatai.com\/fr\/?s={search_term_string}"},"query-input":{"@type":"PropertyValueSpecification","valueRequired":true,"valueName":"search_term_string"}}],"inLanguage":"fr-FR"},{"@type":"Organization","@id":"https:\/\/leatai.com\/fr\/#organization","name":"Leatai Diary, customized journal and business organizer","url":"https:\/\/leatai.com\/fr\/","logo":{"@type":"ImageObject","inLanguage":"fr-FR","@id":"https:\/\/leatai.com\/fr\/#\/schema\/logo\/image\/","url":"https:\/\/leatai.com\/wp-content\/uploads\/logo-blue.png","contentUrl":"https:\/\/leatai.com\/wp-content\/uploads\/logo-blue.png","width":230,"height":60,"caption":"Leatai Diary, customized journal and business organizer"},"image":{"@id":"https:\/\/leatai.com\/fr\/#\/schema\/logo\/image\/"}}]}},"_links":{"self":[{"href":"https:\/\/leatai.com\/fr\/wp-json\/wp\/v2\/product\/141478","targetHints":{"allow":["GET"]}}],"collection":[{"href":"https:\/\/leatai.com\/fr\/wp-json\/wp\/v2\/product"}],"about":[{"href":"https:\/\/leatai.com\/fr\/wp-json\/wp\/v2\/types\/product"}],"wp:featuredmedia":[{"embeddable":true,"href":"https:\/\/leatai.com\/fr\/wp-json\/wp\/v2\/media\/77311"}],"wp:attachment":[{"href":"https:\/\/leatai.com\/fr\/wp-json\/wp\/v2\/media?parent=141478"}],"wp:term":[{"taxonomy":"product_brand","embeddable":true,"href":"https:\/\/leatai.com\/fr\/wp-json\/wp\/v2\/product_brand?post=141478"},{"taxonomy":"product_cat","embeddable":true,"href":"https:\/\/leatai.com\/fr\/wp-json\/wp\/v2\/product_cat?post=141478"},{"taxonomy":"product_tag","embeddable":true,"href":"https:\/\/leatai.com\/fr\/wp-json\/wp\/v2\/product_tag?post=141478"},{"taxonomy":"home_works","embeddable":true,"href":"https:\/\/leatai.com\/fr\/wp-json\/wp\/v2\/home_works?post=141478"}],"curies":[{"name":"wp","href":"https:\/\/api.w.org\/{rel}","templated":true}]}}