{"id":141476,"date":"2024-08-21T19:18:47","date_gmt":"2024-08-21T11:18:47","guid":{"rendered":"https:\/\/leatai.com\/?post_type=product&#038;p=141476"},"modified":"2025-12-10T14:48:41","modified_gmt":"2025-12-10T06:48:41","slug":"clare-tech","status":"publish","type":"product","link":"https:\/\/leatai.com\/fr\/product\/divers-echantillons-oem\/oem-autres\/clare-tech\/","title":{"rendered":"CLARE TECH"},"content":{"rendered":"<p data-start=\"0\" data-end=\"32\">Nom du client : CLARE TECH<\/p>\n<p data-start=\"34\" data-end=\"169\">Taille du projet : Taille personnalis\u00e9e<br data-start=\"77\" data-end=\"80\" \/>Type de projet : Bloc-notes (Memo Pad)<br data-start=\"122\" data-end=\"125\" \/>Effet de couverture : Marquage \u00e0 chaud<\/p>\n<p data-start=\"171\" data-end=\"453\">Points forts :<br data-start=\"189\" data-end=\"192\" \/>Un bloc-notes \u00e0 ouverture verticale extr\u00eamement pratique, qui \u00e9voque imm\u00e9diatement une sc\u00e8ne de film o\u00f9 le protagoniste le sort \u00e9l\u00e9gamment de sa poche et l\u2019ouvre d\u2019un geste fluide. Un accessoire qui ajoute une touche de style et de charisme \u00e0 son utilisateur.<\/p>\n<p>&nbsp;<\/p>\n<p><strong>\ud83d\udcd6<\/strong>Tous les exemples de personnalisation : <a href=\"https:\/\/leatai.com\/fr\/etiquette-produit\/oem-fr\/\" target=\"_blank\" rel=\"noopener\">Carnet personnalis\u00e9 \/ Journal d&#8217;affaires personnalis\u00e9<\/a><\/p>\n<p>\ud83d\udcd6Pour les produits standards de carnets personnalis\u00e9s \/ journaux d&#8217;affaires, veuillez vous r\u00e9f\u00e9rer \u00e0 :<\/p>\n<ul>\n<li><a href=\"https:\/\/leatai.com\/fr\/categorie-produit\/carnet-personnalise\/carnet-a-couverture-rigide\/\" target=\"_blank\" rel=\"noopener\">Carnet reli\u00e9 \/ Journal d&#8217;affaires reli\u00e9<\/a><\/li>\n<li><a href=\"https:\/\/leatai.com\/fr\/categorie-produit\/carnet-personnalise\/carnet-a-feuilles-mobiles\/\" target=\"_blank\" rel=\"noopener\">Carnet \u00e0 anneaux \/ Journal d&#8217;affaires \u00e0 anneaux<\/a><\/li>\n<li><a href=\"https:\/\/leatai.com\/fr\/categorie-produit\/carnet-personnalise\/carnet-amovible\/\" target=\"_blank\" rel=\"noopener\">Carnet \u00e0 feuilles d\u00e9tachables \/ Journal d&#8217;affaires \u00e0 feuilles d\u00e9tachables<\/a><\/li>\n<li><a href=\"https:\/\/leatai.com\/fr\/categorie-produit\/carnet-personnalise\/carnet-broche\/\" target=\"_blank\" rel=\"noopener\">Carnet broch\u00e9 \/ Journal d&#8217;affaires broch\u00e9<\/a><\/li>\n<li><a href=\"https:\/\/leatai.com\/fr\/categorie-produit\/carnet-personnalise\/carnet-a-spirale\/\" target=\"_blank\" rel=\"noopener\">Carnet \u00e0 spirale \/ Journal d&#8217;affaires \u00e0 spirale<\/a><\/li>\n<\/ul>\n<p><strong>\ud83d\udcd6<\/strong>Pour une explication compl\u00e8te des tailles, veuillez consulter : <a href=\"https:\/\/leatai.com\/fr\/connaissances-sur-les-cahiers\/guide-des-formats-de-papier-comprendre-les-formats-courants-comme-b3-a4-b5-8k-16k-et-plus-encore-un-tableau-de-tailles-complet-pour-une-reference-facile\/\" target=\"_blank\" rel=\"noopener\">Guide des formats de papier : Comment sont class\u00e9s les formats courants comme B3, A4, B5, 8K, 16K ? Un tableau comparatif des tailles de papier pour mieux comprendre !<\/a><\/p>\n","protected":false},"excerpt":{"rendered":"<p>Nom du client : CLARE TECH Taille du projet : Taille personnalis\u00e9eType de projet : Bloc-notes (Memo Pad)Effet de couverture : Marquage \u00e0 chaud Points forts :Un bloc-notes \u00e0 ouverture verticale extr\u00eamement pratique, qui \u00e9voque imm\u00e9diatement une sc\u00e8ne de film o\u00f9 le protagoniste le sort \u00e9l\u00e9gamment de sa poche et l\u2019ouvre d\u2019un geste fluide. Un [&hellip;]<\/p>\n","protected":false},"featured_media":77189,"template":"","meta":{"_acf_changed":false},"product_brand":[],"product_cat":[945],"product_tag":[1367],"home_works":[],"class_list":{"0":"post-141476","1":"product","2":"type-product","3":"status-publish","4":"has-post-thumbnail","6":"product_cat-oem-autres","7":"product_tag-oem-fr","9":"first","10":"instock","11":"sold-individually","12":"shipping-taxable","13":"purchasable","14":"product-type-variable","15":"has-default-attributes"},"acf":[],"yoast_head":"<!-- This site is optimized with the Yoast SEO plugin v27.2 - https:\/\/yoast.com\/product\/yoast-seo-wordpress\/ -->\n<title>CLARE TECH - Leatai \u2013 Fabricant de carnets personnalis\u00e9s<\/title>\n<meta name=\"description\" content=\"Nom du client : CLARE TECHTaille du projet : Taille personnalis\u00e9eType de projet : Bloc-notes (Memo Pad)Effet de couverture : Marquage \u00e0 chaudPoints forts :Un bloc-notes \u00e0 ouverture verticale extr\u00eamement pratique, qui \u00e9voque imm\u00e9diatement une sc\u00e8ne de film o\u00f9 le protagoniste le sort \u00e9l\u00e9gamment de sa poche et l\u2019ouvre d\u2019un geste fluide. Un accessoire qui ajoute une touche de style et de charisme \u00e0 son utilisateur.\" \/>\n<meta name=\"robots\" content=\"index, follow, max-snippet:-1, max-image-preview:large, max-video-preview:-1\" \/>\n<link rel=\"canonical\" href=\"https:\/\/leatai.com\/fr\/product\/divers-echantillons-oem\/oem-autres\/clare-tech\/\" \/>\n<meta property=\"og:locale\" content=\"fr_FR\" \/>\n<meta property=\"og:type\" content=\"article\" \/>\n<meta property=\"og:title\" content=\"CLARE TECH - Leatai \u2013 Fabricant de carnets personnalis\u00e9s\" \/>\n<meta property=\"og:description\" content=\"Nom du client : CLARE TECHTaille du projet : Taille personnalis\u00e9eType de projet : Bloc-notes (Memo Pad)Effet de couverture : Marquage \u00e0 chaudPoints forts :Un bloc-notes \u00e0 ouverture verticale extr\u00eamement pratique, qui \u00e9voque imm\u00e9diatement une sc\u00e8ne de film o\u00f9 le protagoniste le sort \u00e9l\u00e9gamment de sa poche et l\u2019ouvre d\u2019un geste fluide. Un accessoire qui ajoute une touche de style et de charisme \u00e0 son utilisateur.\" \/>\n<meta property=\"og:url\" content=\"https:\/\/leatai.com\/fr\/product\/divers-echantillons-oem\/oem-autres\/clare-tech\/\" \/>\n<meta property=\"og:site_name\" content=\"Leatai \u2013 Fabricant de carnets personnalis\u00e9s\" \/>\n<meta property=\"article:modified_time\" content=\"2025-12-10T06:48:41+00:00\" \/>\n<meta property=\"og:image\" content=\"https:\/\/leatai.com\/wp-content\/uploads\/DSC_0049.jpg\" \/>\n\t<meta property=\"og:image:width\" content=\"1000\" \/>\n\t<meta property=\"og:image:height\" content=\"750\" \/>\n\t<meta property=\"og:image:type\" content=\"image\/jpeg\" \/>\n<meta name=\"twitter:card\" content=\"summary_large_image\" \/>\n<meta name=\"twitter:label1\" content=\"Dur\u00e9e de lecture estim\u00e9e\" \/>\n\t<meta name=\"twitter:data1\" content=\"2 minutes\" \/>\n<script type=\"application\/ld+json\" class=\"yoast-schema-graph\">{\"@context\":\"https:\/\/schema.org\",\"@graph\":[{\"@type\":\"WebPage\",\"@id\":\"https:\/\/leatai.com\/fr\/product\/divers-echantillons-oem\/oem-autres\/clare-tech\/\",\"url\":\"https:\/\/leatai.com\/fr\/product\/divers-echantillons-oem\/oem-autres\/clare-tech\/\",\"name\":\"CLARE TECH - Leatai \u2013 Fabricant de carnets personnalis\u00e9s\",\"isPartOf\":{\"@id\":\"https:\/\/leatai.com\/fr\/#website\"},\"primaryImageOfPage\":{\"@id\":\"https:\/\/leatai.com\/fr\/product\/divers-echantillons-oem\/oem-autres\/clare-tech\/#primaryimage\"},\"image\":{\"@id\":\"https:\/\/leatai.com\/fr\/product\/divers-echantillons-oem\/oem-autres\/clare-tech\/#primaryimage\"},\"thumbnailUrl\":\"https:\/\/leatai.com\/wp-content\/uploads\/DSC_0049.jpg\",\"datePublished\":\"2024-08-21T11:18:47+00:00\",\"dateModified\":\"2025-12-10T06:48:41+00:00\",\"description\":\"Nom du client : CLARE TECHTaille du projet : Taille personnalis\u00e9eType de projet : Bloc-notes (Memo Pad)Effet de couverture : Marquage \u00e0 chaudPoints forts :Un bloc-notes \u00e0 ouverture verticale extr\u00eamement pratique, qui \u00e9voque imm\u00e9diatement une sc\u00e8ne de film o\u00f9 le protagoniste le sort \u00e9l\u00e9gamment de sa poche et l\u2019ouvre d\u2019un geste fluide. Un accessoire qui ajoute une touche de style et de charisme \u00e0 son utilisateur.\",\"breadcrumb\":{\"@id\":\"https:\/\/leatai.com\/fr\/product\/divers-echantillons-oem\/oem-autres\/clare-tech\/#breadcrumb\"},\"inLanguage\":\"fr-FR\",\"potentialAction\":[{\"@type\":\"ReadAction\",\"target\":[\"https:\/\/leatai.com\/fr\/product\/divers-echantillons-oem\/oem-autres\/clare-tech\/\"]}]},{\"@type\":\"ImageObject\",\"inLanguage\":\"fr-FR\",\"@id\":\"https:\/\/leatai.com\/fr\/product\/divers-echantillons-oem\/oem-autres\/clare-tech\/#primaryimage\",\"url\":\"https:\/\/leatai.com\/wp-content\/uploads\/DSC_0049.jpg\",\"contentUrl\":\"https:\/\/leatai.com\/wp-content\/uploads\/DSC_0049.jpg\",\"width\":1000,\"height\":750},{\"@type\":\"BreadcrumbList\",\"@id\":\"https:\/\/leatai.com\/fr\/product\/divers-echantillons-oem\/oem-autres\/clare-tech\/#breadcrumb\",\"itemListElement\":[{\"@type\":\"ListItem\",\"position\":1,\"name\":\"Home\",\"item\":\"https:\/\/leatai.com\/fr\/\"},{\"@type\":\"ListItem\",\"position\":2,\"name\":\"Pr\u00e9sentation des produits\",\"item\":\"https:\/\/leatai.com\/products\/\"},{\"@type\":\"ListItem\",\"position\":3,\"name\":\"Divers \u00e9chantillons OEM\",\"item\":\"https:\/\/leatai.com\/fr\/categorie-produit\/divers-echantillons-oem\/\"},{\"@type\":\"ListItem\",\"position\":4,\"name\":\"OEM Autres\",\"item\":\"https:\/\/leatai.com\/fr\/categorie-produit\/divers-echantillons-oem\/oem-autres\/\"},{\"@type\":\"ListItem\",\"position\":5,\"name\":\"CLARE TECH\"}]},{\"@type\":\"WebSite\",\"@id\":\"https:\/\/leatai.com\/fr\/#website\",\"url\":\"https:\/\/leatai.com\/fr\/\",\"name\":\"Leatai \u2013 Fabricant de carnets personnalis\u00e9s\",\"description\":\"Leatai propose des carnets et planificateurs personnalis\u00e9s pour les marques et distributeurs dans le monde entier.\",\"publisher\":{\"@id\":\"https:\/\/leatai.com\/fr\/#organization\"},\"potentialAction\":[{\"@type\":\"SearchAction\",\"target\":{\"@type\":\"EntryPoint\",\"urlTemplate\":\"https:\/\/leatai.com\/fr\/?s={search_term_string}\"},\"query-input\":{\"@type\":\"PropertyValueSpecification\",\"valueRequired\":true,\"valueName\":\"search_term_string\"}}],\"inLanguage\":\"fr-FR\"},{\"@type\":\"Organization\",\"@id\":\"https:\/\/leatai.com\/fr\/#organization\",\"name\":\"Leatai Diary, customized journal and business organizer\",\"url\":\"https:\/\/leatai.com\/fr\/\",\"logo\":{\"@type\":\"ImageObject\",\"inLanguage\":\"fr-FR\",\"@id\":\"https:\/\/leatai.com\/fr\/#\/schema\/logo\/image\/\",\"url\":\"https:\/\/leatai.com\/wp-content\/uploads\/logo-blue.png\",\"contentUrl\":\"https:\/\/leatai.com\/wp-content\/uploads\/logo-blue.png\",\"width\":230,\"height\":60,\"caption\":\"Leatai Diary, customized journal and business organizer\"},\"image\":{\"@id\":\"https:\/\/leatai.com\/fr\/#\/schema\/logo\/image\/\"}}]}<\/script>\n<!-- \/ Yoast SEO plugin. -->","yoast_head_json":{"title":"CLARE TECH - Leatai \u2013 Fabricant de carnets personnalis\u00e9s","description":"Nom du client : CLARE TECHTaille du projet : Taille personnalis\u00e9eType de projet : Bloc-notes (Memo Pad)Effet de couverture : Marquage \u00e0 chaudPoints forts :Un bloc-notes \u00e0 ouverture verticale extr\u00eamement pratique, qui \u00e9voque imm\u00e9diatement une sc\u00e8ne de film o\u00f9 le protagoniste le sort \u00e9l\u00e9gamment de sa poche et l\u2019ouvre d\u2019un geste fluide. Un accessoire qui ajoute une touche de style et de charisme \u00e0 son utilisateur.","robots":{"index":"index","follow":"follow","max-snippet":"max-snippet:-1","max-image-preview":"max-image-preview:large","max-video-preview":"max-video-preview:-1"},"canonical":"https:\/\/leatai.com\/fr\/product\/divers-echantillons-oem\/oem-autres\/clare-tech\/","og_locale":"fr_FR","og_type":"article","og_title":"CLARE TECH - Leatai \u2013 Fabricant de carnets personnalis\u00e9s","og_description":"Nom du client : CLARE TECHTaille du projet : Taille personnalis\u00e9eType de projet : Bloc-notes (Memo Pad)Effet de couverture : Marquage \u00e0 chaudPoints forts :Un bloc-notes \u00e0 ouverture verticale extr\u00eamement pratique, qui \u00e9voque imm\u00e9diatement une sc\u00e8ne de film o\u00f9 le protagoniste le sort \u00e9l\u00e9gamment de sa poche et l\u2019ouvre d\u2019un geste fluide. Un accessoire qui ajoute une touche de style et de charisme \u00e0 son utilisateur.","og_url":"https:\/\/leatai.com\/fr\/product\/divers-echantillons-oem\/oem-autres\/clare-tech\/","og_site_name":"Leatai \u2013 Fabricant de carnets personnalis\u00e9s","article_modified_time":"2025-12-10T06:48:41+00:00","og_image":[{"width":1000,"height":750,"url":"https:\/\/leatai.com\/wp-content\/uploads\/DSC_0049.jpg","type":"image\/jpeg"}],"twitter_card":"summary_large_image","twitter_misc":{"Dur\u00e9e de lecture estim\u00e9e":"2 minutes"},"schema":{"@context":"https:\/\/schema.org","@graph":[{"@type":"WebPage","@id":"https:\/\/leatai.com\/fr\/product\/divers-echantillons-oem\/oem-autres\/clare-tech\/","url":"https:\/\/leatai.com\/fr\/product\/divers-echantillons-oem\/oem-autres\/clare-tech\/","name":"CLARE TECH - Leatai \u2013 Fabricant de carnets personnalis\u00e9s","isPartOf":{"@id":"https:\/\/leatai.com\/fr\/#website"},"primaryImageOfPage":{"@id":"https:\/\/leatai.com\/fr\/product\/divers-echantillons-oem\/oem-autres\/clare-tech\/#primaryimage"},"image":{"@id":"https:\/\/leatai.com\/fr\/product\/divers-echantillons-oem\/oem-autres\/clare-tech\/#primaryimage"},"thumbnailUrl":"https:\/\/leatai.com\/wp-content\/uploads\/DSC_0049.jpg","datePublished":"2024-08-21T11:18:47+00:00","dateModified":"2025-12-10T06:48:41+00:00","description":"Nom du client : CLARE TECHTaille du projet : Taille personnalis\u00e9eType de projet : Bloc-notes (Memo Pad)Effet de couverture : Marquage \u00e0 chaudPoints forts :Un bloc-notes \u00e0 ouverture verticale extr\u00eamement pratique, qui \u00e9voque imm\u00e9diatement une sc\u00e8ne de film o\u00f9 le protagoniste le sort \u00e9l\u00e9gamment de sa poche et l\u2019ouvre d\u2019un geste fluide. Un accessoire qui ajoute une touche de style et de charisme \u00e0 son utilisateur.","breadcrumb":{"@id":"https:\/\/leatai.com\/fr\/product\/divers-echantillons-oem\/oem-autres\/clare-tech\/#breadcrumb"},"inLanguage":"fr-FR","potentialAction":[{"@type":"ReadAction","target":["https:\/\/leatai.com\/fr\/product\/divers-echantillons-oem\/oem-autres\/clare-tech\/"]}]},{"@type":"ImageObject","inLanguage":"fr-FR","@id":"https:\/\/leatai.com\/fr\/product\/divers-echantillons-oem\/oem-autres\/clare-tech\/#primaryimage","url":"https:\/\/leatai.com\/wp-content\/uploads\/DSC_0049.jpg","contentUrl":"https:\/\/leatai.com\/wp-content\/uploads\/DSC_0049.jpg","width":1000,"height":750},{"@type":"BreadcrumbList","@id":"https:\/\/leatai.com\/fr\/product\/divers-echantillons-oem\/oem-autres\/clare-tech\/#breadcrumb","itemListElement":[{"@type":"ListItem","position":1,"name":"Home","item":"https:\/\/leatai.com\/fr\/"},{"@type":"ListItem","position":2,"name":"Pr\u00e9sentation des produits","item":"https:\/\/leatai.com\/products\/"},{"@type":"ListItem","position":3,"name":"Divers \u00e9chantillons OEM","item":"https:\/\/leatai.com\/fr\/categorie-produit\/divers-echantillons-oem\/"},{"@type":"ListItem","position":4,"name":"OEM Autres","item":"https:\/\/leatai.com\/fr\/categorie-produit\/divers-echantillons-oem\/oem-autres\/"},{"@type":"ListItem","position":5,"name":"CLARE TECH"}]},{"@type":"WebSite","@id":"https:\/\/leatai.com\/fr\/#website","url":"https:\/\/leatai.com\/fr\/","name":"Leatai \u2013 Fabricant de carnets personnalis\u00e9s","description":"Leatai propose des carnets et planificateurs personnalis\u00e9s pour les marques et distributeurs dans le monde entier.","publisher":{"@id":"https:\/\/leatai.com\/fr\/#organization"},"potentialAction":[{"@type":"SearchAction","target":{"@type":"EntryPoint","urlTemplate":"https:\/\/leatai.com\/fr\/?s={search_term_string}"},"query-input":{"@type":"PropertyValueSpecification","valueRequired":true,"valueName":"search_term_string"}}],"inLanguage":"fr-FR"},{"@type":"Organization","@id":"https:\/\/leatai.com\/fr\/#organization","name":"Leatai Diary, customized journal and business organizer","url":"https:\/\/leatai.com\/fr\/","logo":{"@type":"ImageObject","inLanguage":"fr-FR","@id":"https:\/\/leatai.com\/fr\/#\/schema\/logo\/image\/","url":"https:\/\/leatai.com\/wp-content\/uploads\/logo-blue.png","contentUrl":"https:\/\/leatai.com\/wp-content\/uploads\/logo-blue.png","width":230,"height":60,"caption":"Leatai Diary, customized journal and business organizer"},"image":{"@id":"https:\/\/leatai.com\/fr\/#\/schema\/logo\/image\/"}}]}},"_links":{"self":[{"href":"https:\/\/leatai.com\/fr\/wp-json\/wp\/v2\/product\/141476","targetHints":{"allow":["GET"]}}],"collection":[{"href":"https:\/\/leatai.com\/fr\/wp-json\/wp\/v2\/product"}],"about":[{"href":"https:\/\/leatai.com\/fr\/wp-json\/wp\/v2\/types\/product"}],"wp:featuredmedia":[{"embeddable":true,"href":"https:\/\/leatai.com\/fr\/wp-json\/wp\/v2\/media\/77189"}],"wp:attachment":[{"href":"https:\/\/leatai.com\/fr\/wp-json\/wp\/v2\/media?parent=141476"}],"wp:term":[{"taxonomy":"product_brand","embeddable":true,"href":"https:\/\/leatai.com\/fr\/wp-json\/wp\/v2\/product_brand?post=141476"},{"taxonomy":"product_cat","embeddable":true,"href":"https:\/\/leatai.com\/fr\/wp-json\/wp\/v2\/product_cat?post=141476"},{"taxonomy":"product_tag","embeddable":true,"href":"https:\/\/leatai.com\/fr\/wp-json\/wp\/v2\/product_tag?post=141476"},{"taxonomy":"home_works","embeddable":true,"href":"https:\/\/leatai.com\/fr\/wp-json\/wp\/v2\/home_works?post=141476"}],"curies":[{"name":"wp","href":"https:\/\/api.w.org\/{rel}","templated":true}]}}