{"id":261031,"date":"2023-05-22T16:29:55","date_gmt":"2023-05-22T08:29:55","guid":{"rendered":"https:\/\/leatai.com\/product\/Ei-luokiteltu\/muistikirjalahjasetti-03\/"},"modified":"2026-01-02T11:53:54","modified_gmt":"2026-01-02T03:53:54","slug":"muistikirjalahjasetti-03","status":"publish","type":"product","link":"https:\/\/leatai.com\/fi\/product\/raataloity-muistikirja\/lahjasetti\/muistikirjalahjasetti-03\/","title":{"rendered":"Muistikirjalahjasetti &#8211; 03"},"content":{"rendered":"<p>Tuotemalli: Muistikirjalahjasetti &#8211; 03<br \/>\nLahjarasian materiaali: pilvisilkki-paperi<br \/>\nLahjarasian v\u00e4ri: musta<br \/>\nLahjarasian koko: pituus 23,3 cm x leveys 25,2 cm x korkeus 2,7 cm (suljettuna)<br \/>\nSis\u00e4lt\u00f6: 25K r\u00e4\u00e4t\u00e4l\u00f6ity kovakantinen muistikirja \/ r\u00e4\u00e4t\u00e4l\u00f6ity irrotettava rengasmekanismilla varustettu muistikirja (valitse yksi) + korkealuokkainen kuulak\u00e4rkikyn\u00e4 (valitse yksi)<br \/>\nMuistikirjan koko: 16K \/ 25K \/ 48K <a href=\"https:\/\/leatai.com\/fi\/faq\/mitka-ovat-8k-16k-ja-25k-kalenterikoot-kuinka-suuria-ne-ovat\/\" target=\"_blank\" rel=\"noopener\">(yleiset koot)<\/a><br \/>\nKorkealuokkainen kuulak\u00e4rkikyn\u00e4: <a href=\"https:\/\/leatai.com\/fi\/product\/raataloity-muistikirja\/lahjasetti\/korkealaatuinen-hiilikuituteraskuulakarkikyna-1\/\" target=\"_blank\" rel=\"noopener\">01<\/a> \/<a href=\"https:\/\/leatai.com\/fi\/product\/raataloity-muistikirja\/lahjasetti\/korkealuokkainen-kuulakarkikyna-2\/\" target=\"_blank\" rel=\"noopener\"> 02<\/a> \/<a href=\"https:\/\/leatai.com\/fi\/product\/raataloity-muistikirja\/lahjasetti\/korkealuokkainen-kuulakarkikyna-3\/\" target=\"_blank\" rel=\"noopener\"> 03<\/a> (valitse yksi)<br \/>\nPakkaus: satiininauha \/ ruskea kraft-paperi (valinnainen)<br \/>\nLOGO-viimeistely: kuumapainatus kullalla, hopealla tai polttomerkint\u00e4<\/p>\n<p>Tuotekuvaus<br \/>\nLeatai-tuotemalli: pilvisilkki-paperin s\u00e4vyjen ja hohteen luoma unenomaisen el\u00e4v\u00e4 vaikutelma antaa lahjarasialle kevyen ja ilmavan visuaalisen ilmeen. Helmenvalkoisena toteutettu logo nostaa br\u00e4ndin vaivattomasti uudelle tasolle. Lahjarasia sis\u00e4lt\u00e4\u00e4 r\u00e4\u00e4t\u00e4l\u00f6idyn muistikirjan ja korkealuokkaisen kuulak\u00e4rkikyn\u00e4n, sivulta avattava magneettisuljin viimeistelee kokonaisuuden, ja huolella v\u00e4litetty ajatus tekee lahjasta arvostetun ja katsomisen arvoisen.<\/p>\n<p>\ud83d\udcd6 Vakiomalliset yritysp\u00e4iv\u00e4kirjat:<a href=\"https:\/\/leatai.com\/fi\/tuote-osasto\/raataloity-muistikirja\/\" target=\"_blank\" rel=\"noopener\"> kaikki yritysp\u00e4iv\u00e4kirjasarjan mallit<\/a> \/ <a href=\"https:\/\/leatai.com\/fi\/tuote-osasto\/sisasivun-muotoilu\/\" target=\"_blank\" rel=\"noopener\">yritysp\u00e4iv\u00e4kirjojen sis\u00e4sivut<\/a><br \/>\n\ud83d\udcd6 Lis\u00e4\u00e4 suosituksia r\u00e4\u00e4t\u00e4l\u00f6idyist\u00e4 muistikirjoista \/ r\u00e4\u00e4t\u00e4l\u00f6ityjen yritysp\u00e4iv\u00e4kirjojen painatus- ja valmistuspalveluista, katso:<br \/>\n<a href=\"https:\/\/leatai.com\/fi\/tuote-osasto\/erilaisia-oem-naytteita\/oem-kovakantinen-muistikirja\/\" target=\"_blank\" rel=\"noopener\">OEM-kovakantinen kirja<\/a><br \/>\n<a href=\"https:\/\/leatai.com\/fi\/tuote-osasto\/erilaisia-oem-naytteita\/oem-irtolehtio\/\" target=\"_blank\" rel=\"noopener\">OEM-rengaskansio<\/a><br \/>\n<a href=\"https:\/\/leatai.com\/fi\/tuote-osasto\/erilaisia-oem-naytteita\/oem-irrotettava-muistikirja\/\" target=\"_blank\" rel=\"noopener\">OEM-irrotettava rengaskansio<\/a><br \/>\n<a href=\"https:\/\/leatai.com\/fi\/tuote-osasto\/erilaisia-oem-naytteita\/oem-pehmeakantinen-muistikirja\/\" target=\"_blank\" rel=\"noopener\">OEM-pehme\u00e4kantinen kirja<\/a><br \/>\n<a href=\"https:\/\/leatai.com\/fi\/tuote-osasto\/erilaisia-oem-naytteita\/oem-kierrevihko\/\" target=\"_blank\" rel=\"noopener\">OEM-kierresidottu kirja<\/a><br \/>\n<a href=\"https:\/\/leatai.com\/fi\/tuote-osasto\/erilaisia-oem-naytteita\/oem-kalenteri\/\" target=\"_blank\" rel=\"noopener\">OEM-r\u00e4\u00e4t\u00e4l\u00f6ity rep\u00e4ist\u00e4v\u00e4 p\u00f6yt\u00e4kalenteri \/ r\u00e4\u00e4t\u00e4l\u00f6ity p\u00f6yt\u00e4kalenterin painatus<\/a><br \/>\n<a href=\"https:\/\/leatai.com\/fi\/tuote-osasto\/erilaisia-oem-naytteita\/oem-muut\/\" target=\"_blank\" rel=\"noopener\">OEM-muut<\/a><\/p>\n<p>T\u00e4ydellinen kokojen selitys l\u00f6ytyy t\u00e4\u00e4lt\u00e4:<a href=\"https:\/\/leatai.com\/fi\/muistikirjatieto\/paper-size-guide-ymmarra-yleiset-koot-kuten-b3-a4-b5-8k-16k-ja-paljon-muuta-kattava-kokotaulukko-helppoon-viittaukseen\/\" target=\"_blank\" rel=\"noopener\"> paperikokojen opas \u2013 miten B3, A4, B5, 8K, 16K ja muut yleiset koot eroavat toisistaan? Paperikokojen vertailutaulukko, joka on helppo ymm\u00e4rt\u00e4\u00e4 yhdell\u00e4 silm\u00e4yksell\u00e4.<\/a><\/p>\n","protected":false},"excerpt":{"rendered":"<p>Tuotemalli: Muistikirjalahjasetti &#8211; 03 Lahjarasian materiaali: pilvisilkki-paperi Lahjarasian v\u00e4ri: musta Lahjarasian koko: pituus 23,3 cm x leveys 25,2 cm x korkeus 2,7 cm (suljettuna) Sis\u00e4lt\u00f6: 25K r\u00e4\u00e4t\u00e4l\u00f6ity kovakantinen muistikirja \/ r\u00e4\u00e4t\u00e4l\u00f6ity irrotettava rengasmekanismilla varustettu muistikirja (valitse yksi) + korkealuokkainen kuulak\u00e4rkikyn\u00e4 (valitse yksi) Muistikirjan koko: 16K \/ 25K \/ 48K (yleiset koot) Korkealuokkainen kuulak\u00e4rkikyn\u00e4: 01 \/ [&hellip;]<\/p>\n","protected":false},"featured_media":261032,"template":"","meta":{"_acf_changed":false},"product_brand":[],"product_cat":[816],"product_tag":[1680],"home_works":[],"class_list":{"0":"post-261031","1":"product","2":"type-product","3":"status-publish","4":"has-post-thumbnail","6":"product_cat-lahjasetti","7":"product_tag-muistikirjalahjasetti","9":"first","10":"outofstock","11":"sold-individually","12":"shipping-taxable","13":"purchasable","14":"product-type-variable","15":"has-default-attributes"},"acf":[],"yoast_head":"<!-- This site is optimized with the Yoast SEO plugin v27.2 - https:\/\/yoast.com\/product\/yoast-seo-wordpress\/ -->\n<title>R\u00e4\u00e4t\u00e4l\u00f6ity muistikirjalahjasetti - v\u00e4rik\u00e4s ja unenomaisen hohtava pilvisilkki-paperi - Leatai \u2013 R\u00e4\u00e4t\u00e4l\u00f6ityjen muistikirjojen valmistaja<\/title>\n<meta name=\"description\" content=\"Leatai-tuotemalli: pilvisilkki-paperin s\u00e4vyjen ja hohteen luoma unenomaisen el\u00e4v\u00e4 vaikutelma antaa lahjarasialle kevyen ja ilmavan visuaalisen ilmeen. Helmenvalkoisena toteutettu logo nostaa br\u00e4ndin vaivattomasti uudelle tasolle. Lahjarasia sis\u00e4lt\u00e4\u00e4 r\u00e4\u00e4t\u00e4l\u00f6idyn muistikirjan ja korkealuokkaisen kuulak\u00e4rkikyn\u00e4n, sivulta avattava magneettisuljin viimeistelee kokonaisuuden, ja huolella v\u00e4litetty ajatus tekee lahjasta arvostetun ja katsomisen arvoisen.\" \/>\n<meta name=\"robots\" content=\"index, follow, max-snippet:-1, max-image-preview:large, max-video-preview:-1\" \/>\n<link rel=\"canonical\" href=\"https:\/\/leatai.com\/fi\/product\/raataloity-muistikirja\/lahjasetti\/muistikirjalahjasetti-03\/\" \/>\n<meta property=\"og:locale\" content=\"fi_FI\" \/>\n<meta property=\"og:type\" content=\"article\" \/>\n<meta property=\"og:title\" content=\"R\u00e4\u00e4t\u00e4l\u00f6ity muistikirjalahjasetti - v\u00e4rik\u00e4s ja unenomaisen hohtava pilvisilkki-paperi - Leatai \u2013 R\u00e4\u00e4t\u00e4l\u00f6ityjen muistikirjojen valmistaja\" \/>\n<meta property=\"og:description\" content=\"Leatai-tuotemalli: pilvisilkki-paperin s\u00e4vyjen ja hohteen luoma unenomaisen el\u00e4v\u00e4 vaikutelma antaa lahjarasialle kevyen ja ilmavan visuaalisen ilmeen. Helmenvalkoisena toteutettu logo nostaa br\u00e4ndin vaivattomasti uudelle tasolle. Lahjarasia sis\u00e4lt\u00e4\u00e4 r\u00e4\u00e4t\u00e4l\u00f6idyn muistikirjan ja korkealuokkaisen kuulak\u00e4rkikyn\u00e4n, sivulta avattava magneettisuljin viimeistelee kokonaisuuden, ja huolella v\u00e4litetty ajatus tekee lahjasta arvostetun ja katsomisen arvoisen.\" \/>\n<meta property=\"og:url\" content=\"https:\/\/leatai.com\/fi\/product\/raataloity-muistikirja\/lahjasetti\/muistikirjalahjasetti-03\/\" \/>\n<meta property=\"og:site_name\" content=\"Leatai \u2013 R\u00e4\u00e4t\u00e4l\u00f6ityjen muistikirjojen valmistaja\" \/>\n<meta property=\"article:modified_time\" content=\"2026-01-02T03:53:54+00:00\" \/>\n<meta property=\"og:image\" content=\"https:\/\/leatai.com\/wp-content\/uploads\/DSC_0697.jpg\" \/>\n\t<meta property=\"og:image:width\" content=\"1000\" \/>\n\t<meta property=\"og:image:height\" content=\"750\" \/>\n\t<meta property=\"og:image:type\" content=\"image\/jpeg\" \/>\n<meta name=\"twitter:card\" content=\"summary_large_image\" \/>\n<meta name=\"twitter:label1\" content=\"Arvioitu lukuaika\" \/>\n\t<meta name=\"twitter:data1\" content=\"2 minuuttia\" \/>\n<script type=\"application\/ld+json\" class=\"yoast-schema-graph\">{\"@context\":\"https:\/\/schema.org\",\"@graph\":[{\"@type\":\"WebPage\",\"@id\":\"https:\/\/leatai.com\/fi\/product\/raataloity-muistikirja\/lahjasetti\/muistikirjalahjasetti-03\/\",\"url\":\"https:\/\/leatai.com\/fi\/product\/raataloity-muistikirja\/lahjasetti\/muistikirjalahjasetti-03\/\",\"name\":\"R\u00e4\u00e4t\u00e4l\u00f6ity muistikirjalahjasetti - v\u00e4rik\u00e4s ja unenomaisen hohtava pilvisilkki-paperi - Leatai \u2013 R\u00e4\u00e4t\u00e4l\u00f6ityjen muistikirjojen valmistaja\",\"isPartOf\":{\"@id\":\"https:\/\/leatai.com\/fi\/#website\"},\"primaryImageOfPage\":{\"@id\":\"https:\/\/leatai.com\/fi\/product\/raataloity-muistikirja\/lahjasetti\/muistikirjalahjasetti-03\/#primaryimage\"},\"image\":{\"@id\":\"https:\/\/leatai.com\/fi\/product\/raataloity-muistikirja\/lahjasetti\/muistikirjalahjasetti-03\/#primaryimage\"},\"thumbnailUrl\":\"https:\/\/leatai.com\/wp-content\/uploads\/DSC_0697.jpg\",\"datePublished\":\"2023-05-22T08:29:55+00:00\",\"dateModified\":\"2026-01-02T03:53:54+00:00\",\"description\":\"Leatai-tuotemalli: pilvisilkki-paperin s\u00e4vyjen ja hohteen luoma unenomaisen el\u00e4v\u00e4 vaikutelma antaa lahjarasialle kevyen ja ilmavan visuaalisen ilmeen. Helmenvalkoisena toteutettu logo nostaa br\u00e4ndin vaivattomasti uudelle tasolle. Lahjarasia sis\u00e4lt\u00e4\u00e4 r\u00e4\u00e4t\u00e4l\u00f6idyn muistikirjan ja korkealuokkaisen kuulak\u00e4rkikyn\u00e4n, sivulta avattava magneettisuljin viimeistelee kokonaisuuden, ja huolella v\u00e4litetty ajatus tekee lahjasta arvostetun ja katsomisen arvoisen.\",\"breadcrumb\":{\"@id\":\"https:\/\/leatai.com\/fi\/product\/raataloity-muistikirja\/lahjasetti\/muistikirjalahjasetti-03\/#breadcrumb\"},\"inLanguage\":\"fi\",\"potentialAction\":[{\"@type\":\"ReadAction\",\"target\":[\"https:\/\/leatai.com\/fi\/product\/raataloity-muistikirja\/lahjasetti\/muistikirjalahjasetti-03\/\"]}]},{\"@type\":\"ImageObject\",\"inLanguage\":\"fi\",\"@id\":\"https:\/\/leatai.com\/fi\/product\/raataloity-muistikirja\/lahjasetti\/muistikirjalahjasetti-03\/#primaryimage\",\"url\":\"https:\/\/leatai.com\/wp-content\/uploads\/DSC_0697.jpg\",\"contentUrl\":\"https:\/\/leatai.com\/wp-content\/uploads\/DSC_0697.jpg\",\"width\":1000,\"height\":750,\"caption\":\"Muistikirjalahjasetti\"},{\"@type\":\"BreadcrumbList\",\"@id\":\"https:\/\/leatai.com\/fi\/product\/raataloity-muistikirja\/lahjasetti\/muistikirjalahjasetti-03\/#breadcrumb\",\"itemListElement\":[{\"@type\":\"ListItem\",\"position\":1,\"name\":\"Home\",\"item\":\"https:\/\/leatai.com\/fi\/\"},{\"@type\":\"ListItem\",\"position\":2,\"name\":\"Tuote-esittely\",\"item\":\"https:\/\/leatai.com\/products\/\"},{\"@type\":\"ListItem\",\"position\":3,\"name\":\"R\u00e4\u00e4t\u00e4l\u00f6ity muistikirja\",\"item\":\"https:\/\/leatai.com\/fi\/tuote-osasto\/raataloity-muistikirja\/\"},{\"@type\":\"ListItem\",\"position\":4,\"name\":\"Lahjasetti\",\"item\":\"https:\/\/leatai.com\/fi\/tuote-osasto\/raataloity-muistikirja\/lahjasetti\/\"},{\"@type\":\"ListItem\",\"position\":5,\"name\":\"Muistikirjalahjasetti &#8211; 03\"}]},{\"@type\":\"WebSite\",\"@id\":\"https:\/\/leatai.com\/fi\/#website\",\"url\":\"https:\/\/leatai.com\/fi\/\",\"name\":\"Leatai \u2013 R\u00e4\u00e4t\u00e4l\u00f6ityjen muistikirjojen valmistaja\",\"description\":\"Leatai tarjoaa r\u00e4\u00e4t\u00e4l\u00f6ityj\u00e4 muistikirjoja ja suunnittelijoita br\u00e4ndeille ja j\u00e4lleenmyyjille maailmanlaajuisesti.\",\"publisher\":{\"@id\":\"https:\/\/leatai.com\/fi\/#organization\"},\"potentialAction\":[{\"@type\":\"SearchAction\",\"target\":{\"@type\":\"EntryPoint\",\"urlTemplate\":\"https:\/\/leatai.com\/fi\/?s={search_term_string}\"},\"query-input\":{\"@type\":\"PropertyValueSpecification\",\"valueRequired\":true,\"valueName\":\"search_term_string\"}}],\"inLanguage\":\"fi\"},{\"@type\":\"Organization\",\"@id\":\"https:\/\/leatai.com\/fi\/#organization\",\"name\":\"Leatai Diary, customized journal and business organizer\",\"url\":\"https:\/\/leatai.com\/fi\/\",\"logo\":{\"@type\":\"ImageObject\",\"inLanguage\":\"fi\",\"@id\":\"https:\/\/leatai.com\/fi\/#\/schema\/logo\/image\/\",\"url\":\"https:\/\/leatai.com\/wp-content\/uploads\/logo-blue.png\",\"contentUrl\":\"https:\/\/leatai.com\/wp-content\/uploads\/logo-blue.png\",\"width\":230,\"height\":60,\"caption\":\"Leatai Diary, customized journal and business organizer\"},\"image\":{\"@id\":\"https:\/\/leatai.com\/fi\/#\/schema\/logo\/image\/\"}}]}<\/script>\n<!-- \/ Yoast SEO plugin. -->","yoast_head_json":{"title":"R\u00e4\u00e4t\u00e4l\u00f6ity muistikirjalahjasetti - v\u00e4rik\u00e4s ja unenomaisen hohtava pilvisilkki-paperi - Leatai \u2013 R\u00e4\u00e4t\u00e4l\u00f6ityjen muistikirjojen valmistaja","description":"Leatai-tuotemalli: pilvisilkki-paperin s\u00e4vyjen ja hohteen luoma unenomaisen el\u00e4v\u00e4 vaikutelma antaa lahjarasialle kevyen ja ilmavan visuaalisen ilmeen. Helmenvalkoisena toteutettu logo nostaa br\u00e4ndin vaivattomasti uudelle tasolle. Lahjarasia sis\u00e4lt\u00e4\u00e4 r\u00e4\u00e4t\u00e4l\u00f6idyn muistikirjan ja korkealuokkaisen kuulak\u00e4rkikyn\u00e4n, sivulta avattava magneettisuljin viimeistelee kokonaisuuden, ja huolella v\u00e4litetty ajatus tekee lahjasta arvostetun ja katsomisen arvoisen.","robots":{"index":"index","follow":"follow","max-snippet":"max-snippet:-1","max-image-preview":"max-image-preview:large","max-video-preview":"max-video-preview:-1"},"canonical":"https:\/\/leatai.com\/fi\/product\/raataloity-muistikirja\/lahjasetti\/muistikirjalahjasetti-03\/","og_locale":"fi_FI","og_type":"article","og_title":"R\u00e4\u00e4t\u00e4l\u00f6ity muistikirjalahjasetti - v\u00e4rik\u00e4s ja unenomaisen hohtava pilvisilkki-paperi - Leatai \u2013 R\u00e4\u00e4t\u00e4l\u00f6ityjen muistikirjojen valmistaja","og_description":"Leatai-tuotemalli: pilvisilkki-paperin s\u00e4vyjen ja hohteen luoma unenomaisen el\u00e4v\u00e4 vaikutelma antaa lahjarasialle kevyen ja ilmavan visuaalisen ilmeen. Helmenvalkoisena toteutettu logo nostaa br\u00e4ndin vaivattomasti uudelle tasolle. Lahjarasia sis\u00e4lt\u00e4\u00e4 r\u00e4\u00e4t\u00e4l\u00f6idyn muistikirjan ja korkealuokkaisen kuulak\u00e4rkikyn\u00e4n, sivulta avattava magneettisuljin viimeistelee kokonaisuuden, ja huolella v\u00e4litetty ajatus tekee lahjasta arvostetun ja katsomisen arvoisen.","og_url":"https:\/\/leatai.com\/fi\/product\/raataloity-muistikirja\/lahjasetti\/muistikirjalahjasetti-03\/","og_site_name":"Leatai \u2013 R\u00e4\u00e4t\u00e4l\u00f6ityjen muistikirjojen valmistaja","article_modified_time":"2026-01-02T03:53:54+00:00","og_image":[{"width":1000,"height":750,"url":"https:\/\/leatai.com\/wp-content\/uploads\/DSC_0697.jpg","type":"image\/jpeg"}],"twitter_card":"summary_large_image","twitter_misc":{"Arvioitu lukuaika":"2 minuuttia"},"schema":{"@context":"https:\/\/schema.org","@graph":[{"@type":"WebPage","@id":"https:\/\/leatai.com\/fi\/product\/raataloity-muistikirja\/lahjasetti\/muistikirjalahjasetti-03\/","url":"https:\/\/leatai.com\/fi\/product\/raataloity-muistikirja\/lahjasetti\/muistikirjalahjasetti-03\/","name":"R\u00e4\u00e4t\u00e4l\u00f6ity muistikirjalahjasetti - v\u00e4rik\u00e4s ja unenomaisen hohtava pilvisilkki-paperi - Leatai \u2013 R\u00e4\u00e4t\u00e4l\u00f6ityjen muistikirjojen valmistaja","isPartOf":{"@id":"https:\/\/leatai.com\/fi\/#website"},"primaryImageOfPage":{"@id":"https:\/\/leatai.com\/fi\/product\/raataloity-muistikirja\/lahjasetti\/muistikirjalahjasetti-03\/#primaryimage"},"image":{"@id":"https:\/\/leatai.com\/fi\/product\/raataloity-muistikirja\/lahjasetti\/muistikirjalahjasetti-03\/#primaryimage"},"thumbnailUrl":"https:\/\/leatai.com\/wp-content\/uploads\/DSC_0697.jpg","datePublished":"2023-05-22T08:29:55+00:00","dateModified":"2026-01-02T03:53:54+00:00","description":"Leatai-tuotemalli: pilvisilkki-paperin s\u00e4vyjen ja hohteen luoma unenomaisen el\u00e4v\u00e4 vaikutelma antaa lahjarasialle kevyen ja ilmavan visuaalisen ilmeen. Helmenvalkoisena toteutettu logo nostaa br\u00e4ndin vaivattomasti uudelle tasolle. Lahjarasia sis\u00e4lt\u00e4\u00e4 r\u00e4\u00e4t\u00e4l\u00f6idyn muistikirjan ja korkealuokkaisen kuulak\u00e4rkikyn\u00e4n, sivulta avattava magneettisuljin viimeistelee kokonaisuuden, ja huolella v\u00e4litetty ajatus tekee lahjasta arvostetun ja katsomisen arvoisen.","breadcrumb":{"@id":"https:\/\/leatai.com\/fi\/product\/raataloity-muistikirja\/lahjasetti\/muistikirjalahjasetti-03\/#breadcrumb"},"inLanguage":"fi","potentialAction":[{"@type":"ReadAction","target":["https:\/\/leatai.com\/fi\/product\/raataloity-muistikirja\/lahjasetti\/muistikirjalahjasetti-03\/"]}]},{"@type":"ImageObject","inLanguage":"fi","@id":"https:\/\/leatai.com\/fi\/product\/raataloity-muistikirja\/lahjasetti\/muistikirjalahjasetti-03\/#primaryimage","url":"https:\/\/leatai.com\/wp-content\/uploads\/DSC_0697.jpg","contentUrl":"https:\/\/leatai.com\/wp-content\/uploads\/DSC_0697.jpg","width":1000,"height":750,"caption":"Muistikirjalahjasetti"},{"@type":"BreadcrumbList","@id":"https:\/\/leatai.com\/fi\/product\/raataloity-muistikirja\/lahjasetti\/muistikirjalahjasetti-03\/#breadcrumb","itemListElement":[{"@type":"ListItem","position":1,"name":"Home","item":"https:\/\/leatai.com\/fi\/"},{"@type":"ListItem","position":2,"name":"Tuote-esittely","item":"https:\/\/leatai.com\/products\/"},{"@type":"ListItem","position":3,"name":"R\u00e4\u00e4t\u00e4l\u00f6ity muistikirja","item":"https:\/\/leatai.com\/fi\/tuote-osasto\/raataloity-muistikirja\/"},{"@type":"ListItem","position":4,"name":"Lahjasetti","item":"https:\/\/leatai.com\/fi\/tuote-osasto\/raataloity-muistikirja\/lahjasetti\/"},{"@type":"ListItem","position":5,"name":"Muistikirjalahjasetti &#8211; 03"}]},{"@type":"WebSite","@id":"https:\/\/leatai.com\/fi\/#website","url":"https:\/\/leatai.com\/fi\/","name":"Leatai \u2013 R\u00e4\u00e4t\u00e4l\u00f6ityjen muistikirjojen valmistaja","description":"Leatai tarjoaa r\u00e4\u00e4t\u00e4l\u00f6ityj\u00e4 muistikirjoja ja suunnittelijoita br\u00e4ndeille ja j\u00e4lleenmyyjille maailmanlaajuisesti.","publisher":{"@id":"https:\/\/leatai.com\/fi\/#organization"},"potentialAction":[{"@type":"SearchAction","target":{"@type":"EntryPoint","urlTemplate":"https:\/\/leatai.com\/fi\/?s={search_term_string}"},"query-input":{"@type":"PropertyValueSpecification","valueRequired":true,"valueName":"search_term_string"}}],"inLanguage":"fi"},{"@type":"Organization","@id":"https:\/\/leatai.com\/fi\/#organization","name":"Leatai Diary, customized journal and business organizer","url":"https:\/\/leatai.com\/fi\/","logo":{"@type":"ImageObject","inLanguage":"fi","@id":"https:\/\/leatai.com\/fi\/#\/schema\/logo\/image\/","url":"https:\/\/leatai.com\/wp-content\/uploads\/logo-blue.png","contentUrl":"https:\/\/leatai.com\/wp-content\/uploads\/logo-blue.png","width":230,"height":60,"caption":"Leatai Diary, customized journal and business organizer"},"image":{"@id":"https:\/\/leatai.com\/fi\/#\/schema\/logo\/image\/"}}]}},"_links":{"self":[{"href":"https:\/\/leatai.com\/fi\/wp-json\/wp\/v2\/product\/261031","targetHints":{"allow":["GET"]}}],"collection":[{"href":"https:\/\/leatai.com\/fi\/wp-json\/wp\/v2\/product"}],"about":[{"href":"https:\/\/leatai.com\/fi\/wp-json\/wp\/v2\/types\/product"}],"wp:featuredmedia":[{"embeddable":true,"href":"https:\/\/leatai.com\/fi\/wp-json\/wp\/v2\/media\/261032"}],"wp:attachment":[{"href":"https:\/\/leatai.com\/fi\/wp-json\/wp\/v2\/media?parent=261031"}],"wp:term":[{"taxonomy":"product_brand","embeddable":true,"href":"https:\/\/leatai.com\/fi\/wp-json\/wp\/v2\/product_brand?post=261031"},{"taxonomy":"product_cat","embeddable":true,"href":"https:\/\/leatai.com\/fi\/wp-json\/wp\/v2\/product_cat?post=261031"},{"taxonomy":"product_tag","embeddable":true,"href":"https:\/\/leatai.com\/fi\/wp-json\/wp\/v2\/product_tag?post=261031"},{"taxonomy":"home_works","embeddable":true,"href":"https:\/\/leatai.com\/fi\/wp-json\/wp\/v2\/home_works?post=261031"}],"curies":[{"name":"wp","href":"https:\/\/api.w.org\/{rel}","templated":true}]}}