{"id":260991,"date":"2023-05-22T20:36:23","date_gmt":"2023-05-22T12:36:23","guid":{"rendered":"https:\/\/leatai.com\/product\/Ei-luokiteltu\/korkealuokkainen-kuulakarkikyna-3\/"},"modified":"2026-01-02T11:49:16","modified_gmt":"2026-01-02T03:49:16","slug":"korkealuokkainen-kuulakarkikyna-3","status":"publish","type":"product","link":"https:\/\/leatai.com\/fi\/product\/raataloity-muistikirja\/lahjasetti\/korkealuokkainen-kuulakarkikyna-3\/","title":{"rendered":"Korkealuokkainen kuulak\u00e4rkikyn\u00e4-3"},"content":{"rendered":"<p>Tuotemalli: Korkealuokkainen kuulak\u00e4rkikyn\u00e4-3<br \/>\nV\u00e4ri: musta<br \/>\nMitat: pituus noin 13,5 cm<br \/>\nT\u00e4yte: musta 0,5 mm<br \/>\nPakkaus: OPP-pussi (valinnainen, oletuksena ei OPP-pussia, toimitetaan suoraan laatikossa) (lahjarasia lis\u00e4maksusta)<br \/>\nLOGO-viimeistely: laserkaiverrus<\/p>\n<p>Yksikk\u00f6hinta: 190 NT$, sis\u00e4lt\u00e4\u00e4 yhden laserkaiverruksen<br \/>\n(Nahkainen kyn\u00e4kotelo on lis\u00e4varuste, lis\u00e4hinta 130 NT$, sis\u00e4lt\u00e4\u00e4 yhden kuumapainatuksen)<\/p>\n<p>&nbsp;<\/p>\n<p>\ud83d\udcd6 Vakiomalliset yritysp\u00e4iv\u00e4kirjat:<a href=\"https:\/\/leatai.com\/fi\/tuote-osasto\/raataloity-muistikirja\/\" target=\"_blank\" rel=\"noopener\"> kaikki yritysp\u00e4iv\u00e4kirjasarjan mallit<\/a> \/ <a href=\"https:\/\/leatai.com\/fi\/tuote-osasto\/sisasivun-muotoilu\/\" target=\"_blank\" rel=\"noopener\">yritysp\u00e4iv\u00e4kirjojen sis\u00e4sivut<\/a><br \/>\n\ud83d\udcd6 Lis\u00e4\u00e4 suosituksia r\u00e4\u00e4t\u00e4l\u00f6idyist\u00e4 muistikirjoista \/ r\u00e4\u00e4t\u00e4l\u00f6ityjen yritysp\u00e4iv\u00e4kirjojen painatus- ja valmistuspalveluista, katso:<br \/>\n<a href=\"https:\/\/leatai.com\/fi\/tuote-osasto\/erilaisia-oem-naytteita\/oem-kovakantinen-muistikirja\/\" target=\"_blank\" rel=\"noopener\">OEM-kovakantinen kirja<\/a><br \/>\n<a href=\"https:\/\/leatai.com\/fi\/tuote-osasto\/erilaisia-oem-naytteita\/oem-irtolehtio\/\" target=\"_blank\" rel=\"noopener\">OEM-rengaskansio<\/a><br \/>\n<a href=\"https:\/\/leatai.com\/fi\/tuote-osasto\/erilaisia-oem-naytteita\/oem-irrotettava-muistikirja\/\" target=\"_blank\" rel=\"noopener\">OEM-irrotettava rengaskansio<\/a><br \/>\n<a href=\"https:\/\/leatai.com\/fi\/tuote-osasto\/erilaisia-oem-naytteita\/oem-pehmeakantinen-muistikirja\/\" target=\"_blank\" rel=\"noopener\">OEM-pehme\u00e4kantinen kirja<\/a><br \/>\n<a href=\"https:\/\/leatai.com\/fi\/tuote-osasto\/erilaisia-oem-naytteita\/oem-kierrevihko\/\" target=\"_blank\" rel=\"noopener\">OEM-kierresidottu kirja<\/a><br \/>\n<a href=\"https:\/\/leatai.com\/fi\/tuote-osasto\/erilaisia-oem-naytteita\/oem-kalenteri\/\" target=\"_blank\" rel=\"noopener\">OEM-r\u00e4\u00e4t\u00e4l\u00f6ity rep\u00e4ist\u00e4v\u00e4 p\u00f6yt\u00e4kalenteri \/ r\u00e4\u00e4t\u00e4l\u00f6ity p\u00f6yt\u00e4kalenterin painatus<\/a><br \/>\n<a href=\"https:\/\/leatai.com\/fi\/tuote-osasto\/erilaisia-oem-naytteita\/oem-muut\/\" target=\"_blank\" rel=\"noopener\">OEM-muut<\/a><\/p>\n<p>T\u00e4ydellinen kokojen selitys l\u00f6ytyy t\u00e4\u00e4lt\u00e4:<a href=\"https:\/\/leatai.com\/fi\/muistikirjatieto\/paper-size-guide-ymmarra-yleiset-koot-kuten-b3-a4-b5-8k-16k-ja-paljon-muuta-kattava-kokotaulukko-helppoon-viittaukseen\/\" target=\"_blank\" rel=\"noopener\"> paperikokojen opas \u2013 miten B3, A4, B5, 8K, 16K ja muut yleiset koot eroavat toisistaan? Paperikokojen vertailutaulukko, joka on helppo ymm\u00e4rt\u00e4\u00e4 yhdell\u00e4 silm\u00e4yksell\u00e4.<\/a><\/p>\n","protected":false},"excerpt":{"rendered":"<p>Tuotemalli: Korkealuokkainen kuulak\u00e4rkikyn\u00e4-3 V\u00e4ri: musta Mitat: pituus noin 13,5 cm T\u00e4yte: musta 0,5 mm Pakkaus: OPP-pussi (valinnainen, oletuksena ei OPP-pussia, toimitetaan suoraan laatikossa) (lahjarasia lis\u00e4maksusta) LOGO-viimeistely: laserkaiverrus Yksikk\u00f6hinta: 190 NT$, sis\u00e4lt\u00e4\u00e4 yhden laserkaiverruksen (Nahkainen kyn\u00e4kotelo on lis\u00e4varuste, lis\u00e4hinta 130 NT$, sis\u00e4lt\u00e4\u00e4 yhden kuumapainatuksen) &nbsp; \ud83d\udcd6 Vakiomalliset yritysp\u00e4iv\u00e4kirjat: kaikki yritysp\u00e4iv\u00e4kirjasarjan mallit \/ yritysp\u00e4iv\u00e4kirjojen sis\u00e4sivut \ud83d\udcd6 Lis\u00e4\u00e4 [&hellip;]<\/p>\n","protected":false},"featured_media":260992,"template":"","meta":{"_acf_changed":false},"product_brand":[],"product_cat":[816],"product_tag":[],"home_works":[],"class_list":{"0":"post-260991","1":"product","2":"type-product","3":"status-publish","4":"has-post-thumbnail","6":"product_cat-lahjasetti","8":"first","9":"outofstock","10":"sold-individually","11":"shipping-taxable","12":"purchasable","13":"product-type-variable","14":"has-default-attributes"},"acf":[],"yoast_head":"<!-- This site is optimized with the Yoast SEO plugin v27.2 - https:\/\/yoast.com\/product\/yoast-seo-wordpress\/ -->\n<title>Korkealuokkainen kuulak\u00e4rkikyn\u00e4 - Paras valinta yrityslahjaksi - Leatai \u2013 R\u00e4\u00e4t\u00e4l\u00f6ityjen muistikirjojen valmistaja<\/title>\n<meta name=\"description\" content=\"Ty\u00f6el\u00e4m\u00e4ss\u00e4 lahjan antaminen on syv\u00e4llinen taito, ja esihenkil\u00f6iden ja kokeneiden kollegoiden miellytt\u00e4minen on viel\u00e4kin haastavampaa. Alkoholi ei v\u00e4ltt\u00e4m\u00e4tt\u00e4 sovi, teest\u00e4 ei aina tied\u00e4 tarpeeksi, ja luksustuotteista puhumattakaan. Syv\u00e4llisin ja samalla varmin valinta on r\u00e4\u00e4t\u00e4l\u00f6ity muistikirjalahjasetti, joka huokuu sivistyst\u00e4 ja kulttuuria, on tyylik\u00e4s ja arvokas sek\u00e4 takaa huolettoman ja onnistuneen lopputuloksen.\" \/>\n<meta name=\"robots\" content=\"index, follow, max-snippet:-1, max-image-preview:large, max-video-preview:-1\" \/>\n<link rel=\"canonical\" href=\"https:\/\/leatai.com\/fi\/product\/raataloity-muistikirja\/lahjasetti\/korkealuokkainen-kuulakarkikyna-3\/\" \/>\n<meta property=\"og:locale\" content=\"fi_FI\" \/>\n<meta property=\"og:type\" content=\"article\" \/>\n<meta property=\"og:title\" content=\"Korkealuokkainen kuulak\u00e4rkikyn\u00e4 - Paras valinta yrityslahjaksi - Leatai \u2013 R\u00e4\u00e4t\u00e4l\u00f6ityjen muistikirjojen valmistaja\" \/>\n<meta property=\"og:description\" content=\"Ty\u00f6el\u00e4m\u00e4ss\u00e4 lahjan antaminen on syv\u00e4llinen taito, ja esihenkil\u00f6iden ja kokeneiden kollegoiden miellytt\u00e4minen on viel\u00e4kin haastavampaa. Alkoholi ei v\u00e4ltt\u00e4m\u00e4tt\u00e4 sovi, teest\u00e4 ei aina tied\u00e4 tarpeeksi, ja luksustuotteista puhumattakaan. Syv\u00e4llisin ja samalla varmin valinta on r\u00e4\u00e4t\u00e4l\u00f6ity muistikirjalahjasetti, joka huokuu sivistyst\u00e4 ja kulttuuria, on tyylik\u00e4s ja arvokas sek\u00e4 takaa huolettoman ja onnistuneen lopputuloksen.\" \/>\n<meta property=\"og:url\" content=\"https:\/\/leatai.com\/fi\/product\/raataloity-muistikirja\/lahjasetti\/korkealuokkainen-kuulakarkikyna-3\/\" \/>\n<meta property=\"og:site_name\" content=\"Leatai \u2013 R\u00e4\u00e4t\u00e4l\u00f6ityjen muistikirjojen valmistaja\" \/>\n<meta property=\"article:modified_time\" content=\"2026-01-02T03:49:16+00:00\" \/>\n<meta property=\"og:image\" content=\"https:\/\/leatai.com\/wp-content\/uploads\/DSC_0629.jpg\" \/>\n\t<meta property=\"og:image:width\" content=\"1000\" \/>\n\t<meta property=\"og:image:height\" content=\"750\" \/>\n\t<meta property=\"og:image:type\" content=\"image\/jpeg\" \/>\n<meta name=\"twitter:card\" content=\"summary_large_image\" \/>\n<meta name=\"twitter:label1\" content=\"Arvioitu lukuaika\" \/>\n\t<meta name=\"twitter:data1\" content=\"1 minuutti\" \/>\n<script type=\"application\/ld+json\" class=\"yoast-schema-graph\">{\"@context\":\"https:\/\/schema.org\",\"@graph\":[{\"@type\":\"WebPage\",\"@id\":\"https:\/\/leatai.com\/fi\/product\/raataloity-muistikirja\/lahjasetti\/korkealuokkainen-kuulakarkikyna-3\/\",\"url\":\"https:\/\/leatai.com\/fi\/product\/raataloity-muistikirja\/lahjasetti\/korkealuokkainen-kuulakarkikyna-3\/\",\"name\":\"Korkealuokkainen kuulak\u00e4rkikyn\u00e4 - Paras valinta yrityslahjaksi - Leatai \u2013 R\u00e4\u00e4t\u00e4l\u00f6ityjen muistikirjojen valmistaja\",\"isPartOf\":{\"@id\":\"https:\/\/leatai.com\/fi\/#website\"},\"primaryImageOfPage\":{\"@id\":\"https:\/\/leatai.com\/fi\/product\/raataloity-muistikirja\/lahjasetti\/korkealuokkainen-kuulakarkikyna-3\/#primaryimage\"},\"image\":{\"@id\":\"https:\/\/leatai.com\/fi\/product\/raataloity-muistikirja\/lahjasetti\/korkealuokkainen-kuulakarkikyna-3\/#primaryimage\"},\"thumbnailUrl\":\"https:\/\/leatai.com\/wp-content\/uploads\/DSC_0629.jpg\",\"datePublished\":\"2023-05-22T12:36:23+00:00\",\"dateModified\":\"2026-01-02T03:49:16+00:00\",\"description\":\"Ty\u00f6el\u00e4m\u00e4ss\u00e4 lahjan antaminen on syv\u00e4llinen taito, ja esihenkil\u00f6iden ja kokeneiden kollegoiden miellytt\u00e4minen on viel\u00e4kin haastavampaa. Alkoholi ei v\u00e4ltt\u00e4m\u00e4tt\u00e4 sovi, teest\u00e4 ei aina tied\u00e4 tarpeeksi, ja luksustuotteista puhumattakaan. Syv\u00e4llisin ja samalla varmin valinta on r\u00e4\u00e4t\u00e4l\u00f6ity muistikirjalahjasetti, joka huokuu sivistyst\u00e4 ja kulttuuria, on tyylik\u00e4s ja arvokas sek\u00e4 takaa huolettoman ja onnistuneen lopputuloksen.\",\"breadcrumb\":{\"@id\":\"https:\/\/leatai.com\/fi\/product\/raataloity-muistikirja\/lahjasetti\/korkealuokkainen-kuulakarkikyna-3\/#breadcrumb\"},\"inLanguage\":\"fi\",\"potentialAction\":[{\"@type\":\"ReadAction\",\"target\":[\"https:\/\/leatai.com\/fi\/product\/raataloity-muistikirja\/lahjasetti\/korkealuokkainen-kuulakarkikyna-3\/\"]}]},{\"@type\":\"ImageObject\",\"inLanguage\":\"fi\",\"@id\":\"https:\/\/leatai.com\/fi\/product\/raataloity-muistikirja\/lahjasetti\/korkealuokkainen-kuulakarkikyna-3\/#primaryimage\",\"url\":\"https:\/\/leatai.com\/wp-content\/uploads\/DSC_0629.jpg\",\"contentUrl\":\"https:\/\/leatai.com\/wp-content\/uploads\/DSC_0629.jpg\",\"width\":1000,\"height\":750,\"caption\":\"Korkealuokkainen lahjakyn\u00e4\"},{\"@type\":\"BreadcrumbList\",\"@id\":\"https:\/\/leatai.com\/fi\/product\/raataloity-muistikirja\/lahjasetti\/korkealuokkainen-kuulakarkikyna-3\/#breadcrumb\",\"itemListElement\":[{\"@type\":\"ListItem\",\"position\":1,\"name\":\"Home\",\"item\":\"https:\/\/leatai.com\/fi\/\"},{\"@type\":\"ListItem\",\"position\":2,\"name\":\"Tuote-esittely\",\"item\":\"https:\/\/leatai.com\/products\/\"},{\"@type\":\"ListItem\",\"position\":3,\"name\":\"R\u00e4\u00e4t\u00e4l\u00f6ity muistikirja\",\"item\":\"https:\/\/leatai.com\/fi\/tuote-osasto\/raataloity-muistikirja\/\"},{\"@type\":\"ListItem\",\"position\":4,\"name\":\"Lahjasetti\",\"item\":\"https:\/\/leatai.com\/fi\/tuote-osasto\/raataloity-muistikirja\/lahjasetti\/\"},{\"@type\":\"ListItem\",\"position\":5,\"name\":\"Korkealuokkainen kuulak\u00e4rkikyn\u00e4-3\"}]},{\"@type\":\"WebSite\",\"@id\":\"https:\/\/leatai.com\/fi\/#website\",\"url\":\"https:\/\/leatai.com\/fi\/\",\"name\":\"Leatai \u2013 R\u00e4\u00e4t\u00e4l\u00f6ityjen muistikirjojen valmistaja\",\"description\":\"Leatai tarjoaa r\u00e4\u00e4t\u00e4l\u00f6ityj\u00e4 muistikirjoja ja suunnittelijoita br\u00e4ndeille ja j\u00e4lleenmyyjille maailmanlaajuisesti.\",\"publisher\":{\"@id\":\"https:\/\/leatai.com\/fi\/#organization\"},\"potentialAction\":[{\"@type\":\"SearchAction\",\"target\":{\"@type\":\"EntryPoint\",\"urlTemplate\":\"https:\/\/leatai.com\/fi\/?s={search_term_string}\"},\"query-input\":{\"@type\":\"PropertyValueSpecification\",\"valueRequired\":true,\"valueName\":\"search_term_string\"}}],\"inLanguage\":\"fi\"},{\"@type\":\"Organization\",\"@id\":\"https:\/\/leatai.com\/fi\/#organization\",\"name\":\"Leatai Diary, customized journal and business organizer\",\"url\":\"https:\/\/leatai.com\/fi\/\",\"logo\":{\"@type\":\"ImageObject\",\"inLanguage\":\"fi\",\"@id\":\"https:\/\/leatai.com\/fi\/#\/schema\/logo\/image\/\",\"url\":\"https:\/\/leatai.com\/wp-content\/uploads\/logo-blue.png\",\"contentUrl\":\"https:\/\/leatai.com\/wp-content\/uploads\/logo-blue.png\",\"width\":230,\"height\":60,\"caption\":\"Leatai Diary, customized journal and business organizer\"},\"image\":{\"@id\":\"https:\/\/leatai.com\/fi\/#\/schema\/logo\/image\/\"}}]}<\/script>\n<!-- \/ Yoast SEO plugin. -->","yoast_head_json":{"title":"Korkealuokkainen kuulak\u00e4rkikyn\u00e4 - Paras valinta yrityslahjaksi - Leatai \u2013 R\u00e4\u00e4t\u00e4l\u00f6ityjen muistikirjojen valmistaja","description":"Ty\u00f6el\u00e4m\u00e4ss\u00e4 lahjan antaminen on syv\u00e4llinen taito, ja esihenkil\u00f6iden ja kokeneiden kollegoiden miellytt\u00e4minen on viel\u00e4kin haastavampaa. Alkoholi ei v\u00e4ltt\u00e4m\u00e4tt\u00e4 sovi, teest\u00e4 ei aina tied\u00e4 tarpeeksi, ja luksustuotteista puhumattakaan. Syv\u00e4llisin ja samalla varmin valinta on r\u00e4\u00e4t\u00e4l\u00f6ity muistikirjalahjasetti, joka huokuu sivistyst\u00e4 ja kulttuuria, on tyylik\u00e4s ja arvokas sek\u00e4 takaa huolettoman ja onnistuneen lopputuloksen.","robots":{"index":"index","follow":"follow","max-snippet":"max-snippet:-1","max-image-preview":"max-image-preview:large","max-video-preview":"max-video-preview:-1"},"canonical":"https:\/\/leatai.com\/fi\/product\/raataloity-muistikirja\/lahjasetti\/korkealuokkainen-kuulakarkikyna-3\/","og_locale":"fi_FI","og_type":"article","og_title":"Korkealuokkainen kuulak\u00e4rkikyn\u00e4 - Paras valinta yrityslahjaksi - Leatai \u2013 R\u00e4\u00e4t\u00e4l\u00f6ityjen muistikirjojen valmistaja","og_description":"Ty\u00f6el\u00e4m\u00e4ss\u00e4 lahjan antaminen on syv\u00e4llinen taito, ja esihenkil\u00f6iden ja kokeneiden kollegoiden miellytt\u00e4minen on viel\u00e4kin haastavampaa. Alkoholi ei v\u00e4ltt\u00e4m\u00e4tt\u00e4 sovi, teest\u00e4 ei aina tied\u00e4 tarpeeksi, ja luksustuotteista puhumattakaan. Syv\u00e4llisin ja samalla varmin valinta on r\u00e4\u00e4t\u00e4l\u00f6ity muistikirjalahjasetti, joka huokuu sivistyst\u00e4 ja kulttuuria, on tyylik\u00e4s ja arvokas sek\u00e4 takaa huolettoman ja onnistuneen lopputuloksen.","og_url":"https:\/\/leatai.com\/fi\/product\/raataloity-muistikirja\/lahjasetti\/korkealuokkainen-kuulakarkikyna-3\/","og_site_name":"Leatai \u2013 R\u00e4\u00e4t\u00e4l\u00f6ityjen muistikirjojen valmistaja","article_modified_time":"2026-01-02T03:49:16+00:00","og_image":[{"width":1000,"height":750,"url":"https:\/\/leatai.com\/wp-content\/uploads\/DSC_0629.jpg","type":"image\/jpeg"}],"twitter_card":"summary_large_image","twitter_misc":{"Arvioitu lukuaika":"1 minuutti"},"schema":{"@context":"https:\/\/schema.org","@graph":[{"@type":"WebPage","@id":"https:\/\/leatai.com\/fi\/product\/raataloity-muistikirja\/lahjasetti\/korkealuokkainen-kuulakarkikyna-3\/","url":"https:\/\/leatai.com\/fi\/product\/raataloity-muistikirja\/lahjasetti\/korkealuokkainen-kuulakarkikyna-3\/","name":"Korkealuokkainen kuulak\u00e4rkikyn\u00e4 - Paras valinta yrityslahjaksi - Leatai \u2013 R\u00e4\u00e4t\u00e4l\u00f6ityjen muistikirjojen valmistaja","isPartOf":{"@id":"https:\/\/leatai.com\/fi\/#website"},"primaryImageOfPage":{"@id":"https:\/\/leatai.com\/fi\/product\/raataloity-muistikirja\/lahjasetti\/korkealuokkainen-kuulakarkikyna-3\/#primaryimage"},"image":{"@id":"https:\/\/leatai.com\/fi\/product\/raataloity-muistikirja\/lahjasetti\/korkealuokkainen-kuulakarkikyna-3\/#primaryimage"},"thumbnailUrl":"https:\/\/leatai.com\/wp-content\/uploads\/DSC_0629.jpg","datePublished":"2023-05-22T12:36:23+00:00","dateModified":"2026-01-02T03:49:16+00:00","description":"Ty\u00f6el\u00e4m\u00e4ss\u00e4 lahjan antaminen on syv\u00e4llinen taito, ja esihenkil\u00f6iden ja kokeneiden kollegoiden miellytt\u00e4minen on viel\u00e4kin haastavampaa. Alkoholi ei v\u00e4ltt\u00e4m\u00e4tt\u00e4 sovi, teest\u00e4 ei aina tied\u00e4 tarpeeksi, ja luksustuotteista puhumattakaan. Syv\u00e4llisin ja samalla varmin valinta on r\u00e4\u00e4t\u00e4l\u00f6ity muistikirjalahjasetti, joka huokuu sivistyst\u00e4 ja kulttuuria, on tyylik\u00e4s ja arvokas sek\u00e4 takaa huolettoman ja onnistuneen lopputuloksen.","breadcrumb":{"@id":"https:\/\/leatai.com\/fi\/product\/raataloity-muistikirja\/lahjasetti\/korkealuokkainen-kuulakarkikyna-3\/#breadcrumb"},"inLanguage":"fi","potentialAction":[{"@type":"ReadAction","target":["https:\/\/leatai.com\/fi\/product\/raataloity-muistikirja\/lahjasetti\/korkealuokkainen-kuulakarkikyna-3\/"]}]},{"@type":"ImageObject","inLanguage":"fi","@id":"https:\/\/leatai.com\/fi\/product\/raataloity-muistikirja\/lahjasetti\/korkealuokkainen-kuulakarkikyna-3\/#primaryimage","url":"https:\/\/leatai.com\/wp-content\/uploads\/DSC_0629.jpg","contentUrl":"https:\/\/leatai.com\/wp-content\/uploads\/DSC_0629.jpg","width":1000,"height":750,"caption":"Korkealuokkainen lahjakyn\u00e4"},{"@type":"BreadcrumbList","@id":"https:\/\/leatai.com\/fi\/product\/raataloity-muistikirja\/lahjasetti\/korkealuokkainen-kuulakarkikyna-3\/#breadcrumb","itemListElement":[{"@type":"ListItem","position":1,"name":"Home","item":"https:\/\/leatai.com\/fi\/"},{"@type":"ListItem","position":2,"name":"Tuote-esittely","item":"https:\/\/leatai.com\/products\/"},{"@type":"ListItem","position":3,"name":"R\u00e4\u00e4t\u00e4l\u00f6ity muistikirja","item":"https:\/\/leatai.com\/fi\/tuote-osasto\/raataloity-muistikirja\/"},{"@type":"ListItem","position":4,"name":"Lahjasetti","item":"https:\/\/leatai.com\/fi\/tuote-osasto\/raataloity-muistikirja\/lahjasetti\/"},{"@type":"ListItem","position":5,"name":"Korkealuokkainen kuulak\u00e4rkikyn\u00e4-3"}]},{"@type":"WebSite","@id":"https:\/\/leatai.com\/fi\/#website","url":"https:\/\/leatai.com\/fi\/","name":"Leatai \u2013 R\u00e4\u00e4t\u00e4l\u00f6ityjen muistikirjojen valmistaja","description":"Leatai tarjoaa r\u00e4\u00e4t\u00e4l\u00f6ityj\u00e4 muistikirjoja ja suunnittelijoita br\u00e4ndeille ja j\u00e4lleenmyyjille maailmanlaajuisesti.","publisher":{"@id":"https:\/\/leatai.com\/fi\/#organization"},"potentialAction":[{"@type":"SearchAction","target":{"@type":"EntryPoint","urlTemplate":"https:\/\/leatai.com\/fi\/?s={search_term_string}"},"query-input":{"@type":"PropertyValueSpecification","valueRequired":true,"valueName":"search_term_string"}}],"inLanguage":"fi"},{"@type":"Organization","@id":"https:\/\/leatai.com\/fi\/#organization","name":"Leatai Diary, customized journal and business organizer","url":"https:\/\/leatai.com\/fi\/","logo":{"@type":"ImageObject","inLanguage":"fi","@id":"https:\/\/leatai.com\/fi\/#\/schema\/logo\/image\/","url":"https:\/\/leatai.com\/wp-content\/uploads\/logo-blue.png","contentUrl":"https:\/\/leatai.com\/wp-content\/uploads\/logo-blue.png","width":230,"height":60,"caption":"Leatai Diary, customized journal and business organizer"},"image":{"@id":"https:\/\/leatai.com\/fi\/#\/schema\/logo\/image\/"}}]}},"_links":{"self":[{"href":"https:\/\/leatai.com\/fi\/wp-json\/wp\/v2\/product\/260991","targetHints":{"allow":["GET"]}}],"collection":[{"href":"https:\/\/leatai.com\/fi\/wp-json\/wp\/v2\/product"}],"about":[{"href":"https:\/\/leatai.com\/fi\/wp-json\/wp\/v2\/types\/product"}],"wp:featuredmedia":[{"embeddable":true,"href":"https:\/\/leatai.com\/fi\/wp-json\/wp\/v2\/media\/260992"}],"wp:attachment":[{"href":"https:\/\/leatai.com\/fi\/wp-json\/wp\/v2\/media?parent=260991"}],"wp:term":[{"taxonomy":"product_brand","embeddable":true,"href":"https:\/\/leatai.com\/fi\/wp-json\/wp\/v2\/product_brand?post=260991"},{"taxonomy":"product_cat","embeddable":true,"href":"https:\/\/leatai.com\/fi\/wp-json\/wp\/v2\/product_cat?post=260991"},{"taxonomy":"product_tag","embeddable":true,"href":"https:\/\/leatai.com\/fi\/wp-json\/wp\/v2\/product_tag?post=260991"},{"taxonomy":"home_works","embeddable":true,"href":"https:\/\/leatai.com\/fi\/wp-json\/wp\/v2\/home_works?post=260991"}],"curies":[{"name":"wp","href":"https:\/\/api.w.org\/{rel}","templated":true}]}}