{"id":256634,"date":"2021-06-24T13:38:08","date_gmt":"2021-06-24T05:38:08","guid":{"rendered":"https:\/\/leatai.com\/product\/Ei-luokiteltu\/lef-025\/"},"modified":"2025-12-30T17:15:13","modified_gmt":"2025-12-30T09:15:13","slug":"lef-025","status":"publish","type":"product","link":"https:\/\/leatai.com\/fi\/product\/raataloity-muistikirja\/irtolehti-muistikirja\/lef-025\/","title":{"rendered":"LEF-025"},"content":{"rendered":"<p>Tuotemalli: LEF-025<br \/>\nKansimateriaali: PU-synteettinen nahka<br \/>\nKannen v\u00e4ri: vaaleanruskea \/ tumma kahvinruskea<br \/>\nKoko: 16K \/ 25K <a href=\"https:\/\/leatai.com\/fi\/faq\/mitka-ovat-8k-16k-ja-25k-kalenterikoot-kuinka-suuria-ne-ovat\/\" target=\"_blank\" rel=\"noopener\">(yleiset koot)<\/a><br \/>\nSis\u00e4sivut: vakio<a href=\"https:\/\/leatai.com\/fi\/tuote-osasto\/sisasivun-muotoilu\/a5-sisasivut\/\" target=\"_blank\" rel=\"noopener\"> (sis\u00e4sivun formaattivaihtoehdot)<\/a><br \/>\nPakkaus: OPP-pussi (valinnainen)<br \/>\nLOGOn viimeistelytavat: kultapainatus, hopeapainatus, polttomerkint\u00e4<\/p>\n<p>Tuotekuvaus:<br \/>\nLeatai-tuotemalli LEF-025. R\u00e4\u00e4t\u00e4l\u00f6ityjen muistikirjojen maailmassa yksi ammattitaidon ydinkohdista on ompelukoneiden taitava k\u00e4ytt\u00f6. Eri rakenteet vaativat eri toimintoihin soveltuvia koneita, jotta kokonaisuus toimii saumattomasti. T\u00e4ss\u00e4 mallissa linjojen toteutus vaatii kahden neulan samanaikaista ompelua, mik\u00e4 on varsin harvinaista.<\/p>\n<p>\ud83d\udcd6 Vakiomalliset yritysp\u00e4iv\u00e4kirjat:<a href=\"https:\/\/leatai.com\/fi\/tuote-osasto\/raataloity-muistikirja\/\" target=\"_blank\" rel=\"noopener\"> kaikki yritysp\u00e4iv\u00e4kirjasarjan mallit<\/a> \/ <a href=\"https:\/\/leatai.com\/fi\/tuote-osasto\/sisasivun-muotoilu\/\" target=\"_blank\" rel=\"noopener\">yritysp\u00e4iv\u00e4kirjojen sis\u00e4sivut<\/a><br \/>\n\ud83d\udcd6 Lis\u00e4\u00e4 suosituksia r\u00e4\u00e4t\u00e4l\u00f6idyist\u00e4 muistikirjoista \/ r\u00e4\u00e4t\u00e4l\u00f6ityjen yritysp\u00e4iv\u00e4kirjojen painatus- ja valmistuspalveluista, katso:<br \/>\n<a href=\"https:\/\/leatai.com\/fi\/tuote-osasto\/erilaisia-oem-naytteita\/oem-kovakantinen-muistikirja\/\" target=\"_blank\" rel=\"noopener\">OEM-kovakantinen kirja<\/a><br \/>\n<a href=\"https:\/\/leatai.com\/fi\/tuote-osasto\/erilaisia-oem-naytteita\/oem-irtolehtio\/\" target=\"_blank\" rel=\"noopener\">OEM-rengaskansio<\/a><br \/>\n<a href=\"https:\/\/leatai.com\/fi\/tuote-osasto\/erilaisia-oem-naytteita\/oem-irrotettava-muistikirja\/\" target=\"_blank\" rel=\"noopener\">OEM-irrotettava rengaskansio<\/a><br \/>\n<a href=\"https:\/\/leatai.com\/fi\/tuote-osasto\/erilaisia-oem-naytteita\/oem-pehmeakantinen-muistikirja\/\" target=\"_blank\" rel=\"noopener\">OEM-pehme\u00e4kantinen kirja<\/a><br \/>\n<a href=\"https:\/\/leatai.com\/fi\/tuote-osasto\/erilaisia-oem-naytteita\/oem-kierrevihko\/\" target=\"_blank\" rel=\"noopener\">OEM-kierresidottu kirja<\/a><br \/>\n<a href=\"https:\/\/leatai.com\/fi\/tuote-osasto\/erilaisia-oem-naytteita\/oem-kalenteri\/\" target=\"_blank\" rel=\"noopener\">OEM-r\u00e4\u00e4t\u00e4l\u00f6ity rep\u00e4ist\u00e4v\u00e4 p\u00f6yt\u00e4kalenteri \/ r\u00e4\u00e4t\u00e4l\u00f6ity p\u00f6yt\u00e4kalenterin painatus<\/a><br \/>\n<a href=\"https:\/\/leatai.com\/fi\/tuote-osasto\/erilaisia-oem-naytteita\/oem-muut\/\" target=\"_blank\" rel=\"noopener\">OEM-muut<\/a><\/p>\n<p>T\u00e4ydellinen kokojen selitys l\u00f6ytyy t\u00e4\u00e4lt\u00e4:<a href=\"https:\/\/leatai.com\/fi\/muistikirjatieto\/paper-size-guide-ymmarra-yleiset-koot-kuten-b3-a4-b5-8k-16k-ja-paljon-muuta-kattava-kokotaulukko-helppoon-viittaukseen\/\" target=\"_blank\" rel=\"noopener\"> paperikokojen opas \u2013 miten B3, A4, B5, 8K, 16K ja muut yleiset koot eroavat toisistaan? Paperikokojen vertailutaulukko, joka on helppo ymm\u00e4rt\u00e4\u00e4 yhdell\u00e4 silm\u00e4yksell\u00e4.<\/a><\/p>\n","protected":false},"excerpt":{"rendered":"<p>Tuotemalli: LEF-025 Kansimateriaali: PU-synteettinen nahka Kannen v\u00e4ri: vaaleanruskea \/ tumma kahvinruskea Koko: 16K \/ 25K (yleiset koot) Sis\u00e4sivut: vakio (sis\u00e4sivun formaattivaihtoehdot) Pakkaus: OPP-pussi (valinnainen) LOGOn viimeistelytavat: kultapainatus, hopeapainatus, polttomerkint\u00e4 Tuotekuvaus: Leatai-tuotemalli LEF-025. R\u00e4\u00e4t\u00e4l\u00f6ityjen muistikirjojen maailmassa yksi ammattitaidon ydinkohdista on ompelukoneiden taitava k\u00e4ytt\u00f6. Eri rakenteet vaativat eri toimintoihin soveltuvia koneita, jotta kokonaisuus toimii saumattomasti. T\u00e4ss\u00e4 mallissa [&hellip;]<\/p>\n","protected":false},"featured_media":256635,"template":"","meta":{"_acf_changed":false},"product_brand":[],"product_cat":[761],"product_tag":[1667],"home_works":[],"class_list":{"0":"post-256634","1":"product","2":"type-product","3":"status-publish","4":"has-post-thumbnail","6":"product_cat-irtolehti-muistikirja","7":"product_tag-raataloity-muistikirja","9":"first","10":"outofstock","11":"sold-individually","12":"shipping-taxable","13":"purchasable","14":"product-type-variable","15":"has-default-attributes"},"acf":[],"yoast_head":"<!-- This site is optimized with the Yoast SEO plugin v27.2 - https:\/\/yoast.com\/product\/yoast-seo-wordpress\/ -->\n<title>LEF-025 - Leatai \u2013 R\u00e4\u00e4t\u00e4l\u00f6ityjen muistikirjojen valmistaja<\/title>\n<meta name=\"description\" content=\"Leatai-tuotemalli LEF-025. R\u00e4\u00e4t\u00e4l\u00f6ityjen muistikirjojen maailmassa yksi ammattitaidon ydinkohdista on ompelukoneiden taitava k\u00e4ytt\u00f6. Eri rakenteet vaativat eri toimintoihin soveltuvia koneita, jotta kokonaisuus toimii saumattomasti. T\u00e4ss\u00e4 mallissa linjojen toteutus vaatii kahden neulan samanaikaista ompelua, mik\u00e4 on varsin harvinaista.\" \/>\n<meta name=\"robots\" content=\"index, follow, max-snippet:-1, max-image-preview:large, max-video-preview:-1\" \/>\n<link rel=\"canonical\" href=\"https:\/\/leatai.com\/fi\/product\/raataloity-muistikirja\/irtolehti-muistikirja\/lef-025\/\" \/>\n<meta property=\"og:locale\" content=\"fi_FI\" \/>\n<meta property=\"og:type\" content=\"article\" \/>\n<meta property=\"og:title\" content=\"LEF-025 - Leatai \u2013 R\u00e4\u00e4t\u00e4l\u00f6ityjen muistikirjojen valmistaja\" \/>\n<meta property=\"og:description\" content=\"Leatai-tuotemalli LEF-025. R\u00e4\u00e4t\u00e4l\u00f6ityjen muistikirjojen maailmassa yksi ammattitaidon ydinkohdista on ompelukoneiden taitava k\u00e4ytt\u00f6. Eri rakenteet vaativat eri toimintoihin soveltuvia koneita, jotta kokonaisuus toimii saumattomasti. T\u00e4ss\u00e4 mallissa linjojen toteutus vaatii kahden neulan samanaikaista ompelua, mik\u00e4 on varsin harvinaista.\" \/>\n<meta property=\"og:url\" content=\"https:\/\/leatai.com\/fi\/product\/raataloity-muistikirja\/irtolehti-muistikirja\/lef-025\/\" \/>\n<meta property=\"og:site_name\" content=\"Leatai \u2013 R\u00e4\u00e4t\u00e4l\u00f6ityjen muistikirjojen valmistaja\" \/>\n<meta property=\"article:modified_time\" content=\"2025-12-30T09:15:13+00:00\" \/>\n<meta property=\"og:image\" content=\"https:\/\/leatai.com\/wp-content\/uploads\/2015_09_19_1722330.jpg\" \/>\n\t<meta property=\"og:image:width\" content=\"1000\" \/>\n\t<meta property=\"og:image:height\" content=\"750\" \/>\n\t<meta property=\"og:image:type\" content=\"image\/jpeg\" \/>\n<meta name=\"twitter:card\" content=\"summary_large_image\" \/>\n<meta name=\"twitter:label1\" content=\"Arvioitu lukuaika\" \/>\n\t<meta name=\"twitter:data1\" content=\"1 minuutti\" \/>\n<script type=\"application\/ld+json\" class=\"yoast-schema-graph\">{\"@context\":\"https:\/\/schema.org\",\"@graph\":[{\"@type\":\"WebPage\",\"@id\":\"https:\/\/leatai.com\/fi\/product\/raataloity-muistikirja\/irtolehti-muistikirja\/lef-025\/\",\"url\":\"https:\/\/leatai.com\/fi\/product\/raataloity-muistikirja\/irtolehti-muistikirja\/lef-025\/\",\"name\":\"LEF-025 - Leatai \u2013 R\u00e4\u00e4t\u00e4l\u00f6ityjen muistikirjojen valmistaja\",\"isPartOf\":{\"@id\":\"https:\/\/leatai.com\/fi\/#website\"},\"primaryImageOfPage\":{\"@id\":\"https:\/\/leatai.com\/fi\/product\/raataloity-muistikirja\/irtolehti-muistikirja\/lef-025\/#primaryimage\"},\"image\":{\"@id\":\"https:\/\/leatai.com\/fi\/product\/raataloity-muistikirja\/irtolehti-muistikirja\/lef-025\/#primaryimage\"},\"thumbnailUrl\":\"https:\/\/leatai.com\/wp-content\/uploads\/2015_09_19_1722330.jpg\",\"datePublished\":\"2021-06-24T05:38:08+00:00\",\"dateModified\":\"2025-12-30T09:15:13+00:00\",\"description\":\"Leatai-tuotemalli LEF-025. R\u00e4\u00e4t\u00e4l\u00f6ityjen muistikirjojen maailmassa yksi ammattitaidon ydinkohdista on ompelukoneiden taitava k\u00e4ytt\u00f6. Eri rakenteet vaativat eri toimintoihin soveltuvia koneita, jotta kokonaisuus toimii saumattomasti. T\u00e4ss\u00e4 mallissa linjojen toteutus vaatii kahden neulan samanaikaista ompelua, mik\u00e4 on varsin harvinaista.\",\"breadcrumb\":{\"@id\":\"https:\/\/leatai.com\/fi\/product\/raataloity-muistikirja\/irtolehti-muistikirja\/lef-025\/#breadcrumb\"},\"inLanguage\":\"fi\",\"potentialAction\":[{\"@type\":\"ReadAction\",\"target\":[\"https:\/\/leatai.com\/fi\/product\/raataloity-muistikirja\/irtolehti-muistikirja\/lef-025\/\"]}]},{\"@type\":\"ImageObject\",\"inLanguage\":\"fi\",\"@id\":\"https:\/\/leatai.com\/fi\/product\/raataloity-muistikirja\/irtolehti-muistikirja\/lef-025\/#primaryimage\",\"url\":\"https:\/\/leatai.com\/wp-content\/uploads\/2015_09_19_1722330.jpg\",\"contentUrl\":\"https:\/\/leatai.com\/wp-content\/uploads\/2015_09_19_1722330.jpg\",\"width\":1000,\"height\":750,\"caption\":\"Liiketoimintap\u00e4iv\u00e4kirja\"},{\"@type\":\"BreadcrumbList\",\"@id\":\"https:\/\/leatai.com\/fi\/product\/raataloity-muistikirja\/irtolehti-muistikirja\/lef-025\/#breadcrumb\",\"itemListElement\":[{\"@type\":\"ListItem\",\"position\":1,\"name\":\"Home\",\"item\":\"https:\/\/leatai.com\/fi\/\"},{\"@type\":\"ListItem\",\"position\":2,\"name\":\"Tuote-esittely\",\"item\":\"https:\/\/leatai.com\/products\/\"},{\"@type\":\"ListItem\",\"position\":3,\"name\":\"R\u00e4\u00e4t\u00e4l\u00f6ity muistikirja\",\"item\":\"https:\/\/leatai.com\/fi\/tuote-osasto\/raataloity-muistikirja\/\"},{\"@type\":\"ListItem\",\"position\":4,\"name\":\"Irtolehti-muistikirja\",\"item\":\"https:\/\/leatai.com\/fi\/tuote-osasto\/raataloity-muistikirja\/irtolehti-muistikirja\/\"},{\"@type\":\"ListItem\",\"position\":5,\"name\":\"LEF-025\"}]},{\"@type\":\"WebSite\",\"@id\":\"https:\/\/leatai.com\/fi\/#website\",\"url\":\"https:\/\/leatai.com\/fi\/\",\"name\":\"Leatai \u2013 R\u00e4\u00e4t\u00e4l\u00f6ityjen muistikirjojen valmistaja\",\"description\":\"Leatai tarjoaa r\u00e4\u00e4t\u00e4l\u00f6ityj\u00e4 muistikirjoja ja suunnittelijoita br\u00e4ndeille ja j\u00e4lleenmyyjille maailmanlaajuisesti.\",\"publisher\":{\"@id\":\"https:\/\/leatai.com\/fi\/#organization\"},\"potentialAction\":[{\"@type\":\"SearchAction\",\"target\":{\"@type\":\"EntryPoint\",\"urlTemplate\":\"https:\/\/leatai.com\/fi\/?s={search_term_string}\"},\"query-input\":{\"@type\":\"PropertyValueSpecification\",\"valueRequired\":true,\"valueName\":\"search_term_string\"}}],\"inLanguage\":\"fi\"},{\"@type\":\"Organization\",\"@id\":\"https:\/\/leatai.com\/fi\/#organization\",\"name\":\"Leatai Diary, customized journal and business organizer\",\"url\":\"https:\/\/leatai.com\/fi\/\",\"logo\":{\"@type\":\"ImageObject\",\"inLanguage\":\"fi\",\"@id\":\"https:\/\/leatai.com\/fi\/#\/schema\/logo\/image\/\",\"url\":\"https:\/\/leatai.com\/wp-content\/uploads\/logo-blue.png\",\"contentUrl\":\"https:\/\/leatai.com\/wp-content\/uploads\/logo-blue.png\",\"width\":230,\"height\":60,\"caption\":\"Leatai Diary, customized journal and business organizer\"},\"image\":{\"@id\":\"https:\/\/leatai.com\/fi\/#\/schema\/logo\/image\/\"}}]}<\/script>\n<!-- \/ Yoast SEO plugin. -->","yoast_head_json":{"title":"LEF-025 - Leatai \u2013 R\u00e4\u00e4t\u00e4l\u00f6ityjen muistikirjojen valmistaja","description":"Leatai-tuotemalli LEF-025. R\u00e4\u00e4t\u00e4l\u00f6ityjen muistikirjojen maailmassa yksi ammattitaidon ydinkohdista on ompelukoneiden taitava k\u00e4ytt\u00f6. Eri rakenteet vaativat eri toimintoihin soveltuvia koneita, jotta kokonaisuus toimii saumattomasti. T\u00e4ss\u00e4 mallissa linjojen toteutus vaatii kahden neulan samanaikaista ompelua, mik\u00e4 on varsin harvinaista.","robots":{"index":"index","follow":"follow","max-snippet":"max-snippet:-1","max-image-preview":"max-image-preview:large","max-video-preview":"max-video-preview:-1"},"canonical":"https:\/\/leatai.com\/fi\/product\/raataloity-muistikirja\/irtolehti-muistikirja\/lef-025\/","og_locale":"fi_FI","og_type":"article","og_title":"LEF-025 - Leatai \u2013 R\u00e4\u00e4t\u00e4l\u00f6ityjen muistikirjojen valmistaja","og_description":"Leatai-tuotemalli LEF-025. R\u00e4\u00e4t\u00e4l\u00f6ityjen muistikirjojen maailmassa yksi ammattitaidon ydinkohdista on ompelukoneiden taitava k\u00e4ytt\u00f6. Eri rakenteet vaativat eri toimintoihin soveltuvia koneita, jotta kokonaisuus toimii saumattomasti. T\u00e4ss\u00e4 mallissa linjojen toteutus vaatii kahden neulan samanaikaista ompelua, mik\u00e4 on varsin harvinaista.","og_url":"https:\/\/leatai.com\/fi\/product\/raataloity-muistikirja\/irtolehti-muistikirja\/lef-025\/","og_site_name":"Leatai \u2013 R\u00e4\u00e4t\u00e4l\u00f6ityjen muistikirjojen valmistaja","article_modified_time":"2025-12-30T09:15:13+00:00","og_image":[{"width":1000,"height":750,"url":"https:\/\/leatai.com\/wp-content\/uploads\/2015_09_19_1722330.jpg","type":"image\/jpeg"}],"twitter_card":"summary_large_image","twitter_misc":{"Arvioitu lukuaika":"1 minuutti"},"schema":{"@context":"https:\/\/schema.org","@graph":[{"@type":"WebPage","@id":"https:\/\/leatai.com\/fi\/product\/raataloity-muistikirja\/irtolehti-muistikirja\/lef-025\/","url":"https:\/\/leatai.com\/fi\/product\/raataloity-muistikirja\/irtolehti-muistikirja\/lef-025\/","name":"LEF-025 - Leatai \u2013 R\u00e4\u00e4t\u00e4l\u00f6ityjen muistikirjojen valmistaja","isPartOf":{"@id":"https:\/\/leatai.com\/fi\/#website"},"primaryImageOfPage":{"@id":"https:\/\/leatai.com\/fi\/product\/raataloity-muistikirja\/irtolehti-muistikirja\/lef-025\/#primaryimage"},"image":{"@id":"https:\/\/leatai.com\/fi\/product\/raataloity-muistikirja\/irtolehti-muistikirja\/lef-025\/#primaryimage"},"thumbnailUrl":"https:\/\/leatai.com\/wp-content\/uploads\/2015_09_19_1722330.jpg","datePublished":"2021-06-24T05:38:08+00:00","dateModified":"2025-12-30T09:15:13+00:00","description":"Leatai-tuotemalli LEF-025. R\u00e4\u00e4t\u00e4l\u00f6ityjen muistikirjojen maailmassa yksi ammattitaidon ydinkohdista on ompelukoneiden taitava k\u00e4ytt\u00f6. Eri rakenteet vaativat eri toimintoihin soveltuvia koneita, jotta kokonaisuus toimii saumattomasti. T\u00e4ss\u00e4 mallissa linjojen toteutus vaatii kahden neulan samanaikaista ompelua, mik\u00e4 on varsin harvinaista.","breadcrumb":{"@id":"https:\/\/leatai.com\/fi\/product\/raataloity-muistikirja\/irtolehti-muistikirja\/lef-025\/#breadcrumb"},"inLanguage":"fi","potentialAction":[{"@type":"ReadAction","target":["https:\/\/leatai.com\/fi\/product\/raataloity-muistikirja\/irtolehti-muistikirja\/lef-025\/"]}]},{"@type":"ImageObject","inLanguage":"fi","@id":"https:\/\/leatai.com\/fi\/product\/raataloity-muistikirja\/irtolehti-muistikirja\/lef-025\/#primaryimage","url":"https:\/\/leatai.com\/wp-content\/uploads\/2015_09_19_1722330.jpg","contentUrl":"https:\/\/leatai.com\/wp-content\/uploads\/2015_09_19_1722330.jpg","width":1000,"height":750,"caption":"Liiketoimintap\u00e4iv\u00e4kirja"},{"@type":"BreadcrumbList","@id":"https:\/\/leatai.com\/fi\/product\/raataloity-muistikirja\/irtolehti-muistikirja\/lef-025\/#breadcrumb","itemListElement":[{"@type":"ListItem","position":1,"name":"Home","item":"https:\/\/leatai.com\/fi\/"},{"@type":"ListItem","position":2,"name":"Tuote-esittely","item":"https:\/\/leatai.com\/products\/"},{"@type":"ListItem","position":3,"name":"R\u00e4\u00e4t\u00e4l\u00f6ity muistikirja","item":"https:\/\/leatai.com\/fi\/tuote-osasto\/raataloity-muistikirja\/"},{"@type":"ListItem","position":4,"name":"Irtolehti-muistikirja","item":"https:\/\/leatai.com\/fi\/tuote-osasto\/raataloity-muistikirja\/irtolehti-muistikirja\/"},{"@type":"ListItem","position":5,"name":"LEF-025"}]},{"@type":"WebSite","@id":"https:\/\/leatai.com\/fi\/#website","url":"https:\/\/leatai.com\/fi\/","name":"Leatai \u2013 R\u00e4\u00e4t\u00e4l\u00f6ityjen muistikirjojen valmistaja","description":"Leatai tarjoaa r\u00e4\u00e4t\u00e4l\u00f6ityj\u00e4 muistikirjoja ja suunnittelijoita br\u00e4ndeille ja j\u00e4lleenmyyjille maailmanlaajuisesti.","publisher":{"@id":"https:\/\/leatai.com\/fi\/#organization"},"potentialAction":[{"@type":"SearchAction","target":{"@type":"EntryPoint","urlTemplate":"https:\/\/leatai.com\/fi\/?s={search_term_string}"},"query-input":{"@type":"PropertyValueSpecification","valueRequired":true,"valueName":"search_term_string"}}],"inLanguage":"fi"},{"@type":"Organization","@id":"https:\/\/leatai.com\/fi\/#organization","name":"Leatai Diary, customized journal and business organizer","url":"https:\/\/leatai.com\/fi\/","logo":{"@type":"ImageObject","inLanguage":"fi","@id":"https:\/\/leatai.com\/fi\/#\/schema\/logo\/image\/","url":"https:\/\/leatai.com\/wp-content\/uploads\/logo-blue.png","contentUrl":"https:\/\/leatai.com\/wp-content\/uploads\/logo-blue.png","width":230,"height":60,"caption":"Leatai Diary, customized journal and business organizer"},"image":{"@id":"https:\/\/leatai.com\/fi\/#\/schema\/logo\/image\/"}}]}},"_links":{"self":[{"href":"https:\/\/leatai.com\/fi\/wp-json\/wp\/v2\/product\/256634","targetHints":{"allow":["GET"]}}],"collection":[{"href":"https:\/\/leatai.com\/fi\/wp-json\/wp\/v2\/product"}],"about":[{"href":"https:\/\/leatai.com\/fi\/wp-json\/wp\/v2\/types\/product"}],"wp:featuredmedia":[{"embeddable":true,"href":"https:\/\/leatai.com\/fi\/wp-json\/wp\/v2\/media\/256635"}],"wp:attachment":[{"href":"https:\/\/leatai.com\/fi\/wp-json\/wp\/v2\/media?parent=256634"}],"wp:term":[{"taxonomy":"product_brand","embeddable":true,"href":"https:\/\/leatai.com\/fi\/wp-json\/wp\/v2\/product_brand?post=256634"},{"taxonomy":"product_cat","embeddable":true,"href":"https:\/\/leatai.com\/fi\/wp-json\/wp\/v2\/product_cat?post=256634"},{"taxonomy":"product_tag","embeddable":true,"href":"https:\/\/leatai.com\/fi\/wp-json\/wp\/v2\/product_tag?post=256634"},{"taxonomy":"home_works","embeddable":true,"href":"https:\/\/leatai.com\/fi\/wp-json\/wp\/v2\/home_works?post=256634"}],"curies":[{"name":"wp","href":"https:\/\/api.w.org\/{rel}","templated":true}]}}