{"id":252043,"date":"2021-08-25T15:34:26","date_gmt":"2021-08-25T07:34:26","guid":{"rendered":"https:\/\/leatai.com\/product\/Ei-luokiteltu\/ldo-014\/"},"modified":"2025-12-29T11:42:47","modified_gmt":"2025-12-29T03:42:47","slug":"ldo-014","status":"publish","type":"product","link":"https:\/\/leatai.com\/fi\/product\/raataloity-muistikirja\/irrotettava-muistikirja\/ldo-014\/","title":{"rendered":"LDO-014"},"content":{"rendered":"<p>Tuotemalli: LDO-014<br \/>\nKansimateriaali: ymp\u00e4rist\u00f6yst\u00e4v\u00e4llinen kraft-paperi<br \/>\nV\u00e4ri: beige<br \/>\nKoko: 25K (20-reik\u00e4inen)<a href=\"https:\/\/leatai.com\/fi\/faq\/mitka-ovat-8k-16k-ja-25k-kalenterikoot-kuinka-suuria-ne-ovat\/\" target=\"_blank\" rel=\"noopener\">(yleiset koot)<\/a><br \/>\nSis\u00e4sivut: vakiomalli <a href=\"https:\/\/leatai.com\/fi\/tuote-osasto\/sisasivun-muotoilu\/\" target=\"_blank\" rel=\"noopener\">(sis\u00e4sivujen formaatin valinta)<\/a><br \/>\nPakkaus: OPP-pussi (valinnainen)<br \/>\nLOGO-k\u00e4sittelytavat: kultapainatus, hopeapainatus, polttoleimaus<\/p>\n<p>Yksikk\u00f6hinta<br \/>\n25K: 165 Taiwanin dollaria<\/p>\n<p>Tuotekuvaus<br \/>\nLeatain tuotemalli LDO-014 poikkeaa perinteisest\u00e4 kraft-paperista. T\u00e4ss\u00e4 irrotettavassa yritysp\u00e4iv\u00e4kirjassa k\u00e4ytetty ymp\u00e4rist\u00f6yst\u00e4v\u00e4llinen kraft-paperi on aidosti kuiturakenteinen materiaali, jossa kuidut ovat selv\u00e4sti n\u00e4ht\u00e4viss\u00e4, ja samalla se s\u00e4ilytt\u00e4\u00e4 j\u00e4yk\u00e4n ja ryhdikk\u00e4\u00e4n ominaisuutensa. Yhdistettyn\u00e4 toiminnalliseen muotoiluun kokonaisuus on eritt\u00e4in k\u00e4yt\u00e4nn\u00f6llinen.<\/p>\n<p>\ud83d\udcd6 Vakiomalliset yritysp\u00e4iv\u00e4kirjat:<a href=\"https:\/\/leatai.com\/fi\/tuote-osasto\/raataloity-muistikirja\/\" target=\"_blank\" rel=\"noopener\"> kaikki yritysp\u00e4iv\u00e4kirjasarjan mallit<\/a> \/ <a href=\"https:\/\/leatai.com\/fi\/tuote-osasto\/sisasivun-muotoilu\/\" target=\"_blank\" rel=\"noopener\">yritysp\u00e4iv\u00e4kirjojen sis\u00e4sivut<\/a><br \/>\n\ud83d\udcd6 Lis\u00e4\u00e4 suosituksia r\u00e4\u00e4t\u00e4l\u00f6idyist\u00e4 muistikirjoista \/ r\u00e4\u00e4t\u00e4l\u00f6ityjen yritysp\u00e4iv\u00e4kirjojen painatus- ja valmistuspalveluista, katso:<br \/>\n<a href=\"https:\/\/leatai.com\/fi\/tuote-osasto\/erilaisia-oem-naytteita\/oem-kovakantinen-muistikirja\/\" target=\"_blank\" rel=\"noopener\">OEM-kovakantinen kirja<\/a><br \/>\n<a href=\"https:\/\/leatai.com\/fi\/tuote-osasto\/erilaisia-oem-naytteita\/oem-irtolehtio\/\" target=\"_blank\" rel=\"noopener\">OEM-rengaskansio<\/a><br \/>\n<a href=\"https:\/\/leatai.com\/fi\/tuote-osasto\/erilaisia-oem-naytteita\/oem-irrotettava-muistikirja\/\" target=\"_blank\" rel=\"noopener\">OEM-irrotettava rengaskansio<\/a><br \/>\n<a href=\"https:\/\/leatai.com\/fi\/tuote-osasto\/erilaisia-oem-naytteita\/oem-pehmeakantinen-muistikirja\/\" target=\"_blank\" rel=\"noopener\">OEM-pehme\u00e4kantinen kirja<\/a><br \/>\n<a href=\"https:\/\/leatai.com\/fi\/tuote-osasto\/erilaisia-oem-naytteita\/oem-kierrevihko\/\" target=\"_blank\" rel=\"noopener\">OEM-kierresidottu kirja<\/a><br \/>\n<a href=\"https:\/\/leatai.com\/fi\/tuote-osasto\/erilaisia-oem-naytteita\/oem-kalenteri\/\" target=\"_blank\" rel=\"noopener\">OEM-r\u00e4\u00e4t\u00e4l\u00f6ity rep\u00e4ist\u00e4v\u00e4 p\u00f6yt\u00e4kalenteri \/ r\u00e4\u00e4t\u00e4l\u00f6ity p\u00f6yt\u00e4kalenterin painatus<\/a><br \/>\n<a href=\"https:\/\/leatai.com\/fi\/tuote-osasto\/erilaisia-oem-naytteita\/oem-muut\/\" target=\"_blank\" rel=\"noopener\">OEM-muut<\/a><\/p>\n<p>T\u00e4ydellinen kokojen selitys l\u00f6ytyy t\u00e4\u00e4lt\u00e4:<a href=\"https:\/\/leatai.com\/fi\/muistikirjatieto\/paper-size-guide-ymmarra-yleiset-koot-kuten-b3-a4-b5-8k-16k-ja-paljon-muuta-kattava-kokotaulukko-helppoon-viittaukseen\/\" target=\"_blank\" rel=\"noopener\"> paperikokojen opas \u2013 miten B3, A4, B5, 8K, 16K ja muut yleiset koot eroavat toisistaan? Paperikokojen vertailutaulukko, joka on helppo ymm\u00e4rt\u00e4\u00e4 yhdell\u00e4 silm\u00e4yksell\u00e4.<\/a><\/p>\n<p><iframe title=\"How to DIY a removable notebook\" width=\"800\" height=\"450\" src=\"https:\/\/www.youtube.com\/embed\/OsLvh1PRzxo?feature=oembed&#038;enablejsapi=1&#038;origin=https:\/\/leatai.com\" frameborder=\"0\" allow=\"accelerometer; autoplay; clipboard-write; encrypted-media; gyroscope; picture-in-picture; web-share\" referrerpolicy=\"strict-origin-when-cross-origin\" allowfullscreen><\/iframe><\/p>\n<p>&nbsp;<\/p>\n","protected":false},"excerpt":{"rendered":"<p>Tuotemalli: LDO-014 Kansimateriaali: ymp\u00e4rist\u00f6yst\u00e4v\u00e4llinen kraft-paperi V\u00e4ri: beige Koko: 25K (20-reik\u00e4inen)(yleiset koot) Sis\u00e4sivut: vakiomalli (sis\u00e4sivujen formaatin valinta) Pakkaus: OPP-pussi (valinnainen) LOGO-k\u00e4sittelytavat: kultapainatus, hopeapainatus, polttoleimaus Yksikk\u00f6hinta 25K: 165 Taiwanin dollaria Tuotekuvaus Leatain tuotemalli LDO-014 poikkeaa perinteisest\u00e4 kraft-paperista. T\u00e4ss\u00e4 irrotettavassa yritysp\u00e4iv\u00e4kirjassa k\u00e4ytetty ymp\u00e4rist\u00f6yst\u00e4v\u00e4llinen kraft-paperi on aidosti kuiturakenteinen materiaali, jossa kuidut ovat selv\u00e4sti n\u00e4ht\u00e4viss\u00e4, ja samalla se s\u00e4ilytt\u00e4\u00e4 j\u00e4yk\u00e4n [&hellip;]<\/p>\n","protected":false},"featured_media":252044,"template":"","meta":{"_acf_changed":false},"product_brand":[],"product_cat":[779,853],"product_tag":[1654,1657],"home_works":[],"class_list":{"0":"post-252043","1":"product","2":"type-product","3":"status-publish","4":"has-post-thumbnail","6":"product_cat-irrotettava-muistikirja","7":"product_cat-edulliset-tuotteet","8":"product_tag-16k","9":"product_tag-25k","11":"first","12":"outofstock","13":"sold-individually","14":"shipping-taxable","15":"purchasable","16":"product-type-variable","17":"has-default-attributes"},"acf":[],"yoast_head":"<!-- This site is optimized with the Yoast SEO plugin v27.2 - https:\/\/yoast.com\/product\/yoast-seo-wordpress\/ -->\n<title>LDO-014 - Aitoa, pelkistetty\u00e4 kauneutta, jossa kuiturakenne on n\u00e4ht\u00e4viss\u00e4 - Leatai \u2013 R\u00e4\u00e4t\u00e4l\u00f6ityjen muistikirjojen valmistaja<\/title>\n<meta name=\"description\" content=\"Tuotekuvaus Leatain tuotemalli LDO-014 poikkeaa perinteisest\u00e4 kraft-paperista. T\u00e4ss\u00e4 irrotettavassa yritysp\u00e4iv\u00e4kirjassa k\u00e4ytetty ymp\u00e4rist\u00f6yst\u00e4v\u00e4llinen kraft-paperi on aidosti kuiturakenteinen materiaali, jossa kuidut ovat selv\u00e4sti n\u00e4ht\u00e4viss\u00e4, ja samalla se s\u00e4ilytt\u00e4\u00e4 j\u00e4yk\u00e4n ja ryhdikk\u00e4\u00e4n ominaisuutensa. Yhdistettyn\u00e4 toiminnalliseen muotoiluun kokonaisuus on eritt\u00e4in k\u00e4yt\u00e4nn\u00f6llinen.\" \/>\n<meta name=\"robots\" content=\"index, follow, max-snippet:-1, max-image-preview:large, max-video-preview:-1\" \/>\n<link rel=\"canonical\" href=\"https:\/\/leatai.com\/fi\/product\/raataloity-muistikirja\/irrotettava-muistikirja\/ldo-014\/\" \/>\n<meta property=\"og:locale\" content=\"fi_FI\" \/>\n<meta property=\"og:type\" content=\"article\" \/>\n<meta property=\"og:title\" content=\"LDO-014 - Aitoa, pelkistetty\u00e4 kauneutta, jossa kuiturakenne on n\u00e4ht\u00e4viss\u00e4 - Leatai \u2013 R\u00e4\u00e4t\u00e4l\u00f6ityjen muistikirjojen valmistaja\" \/>\n<meta property=\"og:description\" content=\"Tuotekuvaus Leatain tuotemalli LDO-014 poikkeaa perinteisest\u00e4 kraft-paperista. T\u00e4ss\u00e4 irrotettavassa yritysp\u00e4iv\u00e4kirjassa k\u00e4ytetty ymp\u00e4rist\u00f6yst\u00e4v\u00e4llinen kraft-paperi on aidosti kuiturakenteinen materiaali, jossa kuidut ovat selv\u00e4sti n\u00e4ht\u00e4viss\u00e4, ja samalla se s\u00e4ilytt\u00e4\u00e4 j\u00e4yk\u00e4n ja ryhdikk\u00e4\u00e4n ominaisuutensa. Yhdistettyn\u00e4 toiminnalliseen muotoiluun kokonaisuus on eritt\u00e4in k\u00e4yt\u00e4nn\u00f6llinen.\" \/>\n<meta property=\"og:url\" content=\"https:\/\/leatai.com\/fi\/product\/raataloity-muistikirja\/irrotettava-muistikirja\/ldo-014\/\" \/>\n<meta property=\"og:site_name\" content=\"Leatai \u2013 R\u00e4\u00e4t\u00e4l\u00f6ityjen muistikirjojen valmistaja\" \/>\n<meta property=\"article:modified_time\" content=\"2025-12-29T03:42:47+00:00\" \/>\n<meta property=\"og:image\" content=\"https:\/\/leatai.com\/wp-content\/uploads\/1-32.jpg\" \/>\n\t<meta property=\"og:image:width\" content=\"1000\" \/>\n\t<meta property=\"og:image:height\" content=\"750\" \/>\n\t<meta property=\"og:image:type\" content=\"image\/jpeg\" \/>\n<meta name=\"twitter:card\" content=\"summary_large_image\" \/>\n<meta name=\"twitter:label1\" content=\"Arvioitu lukuaika\" \/>\n\t<meta name=\"twitter:data1\" content=\"1 minuutti\" \/>\n<script type=\"application\/ld+json\" class=\"yoast-schema-graph\">{\"@context\":\"https:\/\/schema.org\",\"@graph\":[{\"@type\":\"WebPage\",\"@id\":\"https:\/\/leatai.com\/fi\/product\/raataloity-muistikirja\/irrotettava-muistikirja\/ldo-014\/\",\"url\":\"https:\/\/leatai.com\/fi\/product\/raataloity-muistikirja\/irrotettava-muistikirja\/ldo-014\/\",\"name\":\"LDO-014 - Aitoa, pelkistetty\u00e4 kauneutta, jossa kuiturakenne on n\u00e4ht\u00e4viss\u00e4 - Leatai \u2013 R\u00e4\u00e4t\u00e4l\u00f6ityjen muistikirjojen valmistaja\",\"isPartOf\":{\"@id\":\"https:\/\/leatai.com\/fi\/#website\"},\"primaryImageOfPage\":{\"@id\":\"https:\/\/leatai.com\/fi\/product\/raataloity-muistikirja\/irrotettava-muistikirja\/ldo-014\/#primaryimage\"},\"image\":{\"@id\":\"https:\/\/leatai.com\/fi\/product\/raataloity-muistikirja\/irrotettava-muistikirja\/ldo-014\/#primaryimage\"},\"thumbnailUrl\":\"https:\/\/leatai.com\/wp-content\/uploads\/1-32.jpg\",\"datePublished\":\"2021-08-25T07:34:26+00:00\",\"dateModified\":\"2025-12-29T03:42:47+00:00\",\"description\":\"Tuotekuvaus Leatain tuotemalli LDO-014 poikkeaa perinteisest\u00e4 kraft-paperista. T\u00e4ss\u00e4 irrotettavassa yritysp\u00e4iv\u00e4kirjassa k\u00e4ytetty ymp\u00e4rist\u00f6yst\u00e4v\u00e4llinen kraft-paperi on aidosti kuiturakenteinen materiaali, jossa kuidut ovat selv\u00e4sti n\u00e4ht\u00e4viss\u00e4, ja samalla se s\u00e4ilytt\u00e4\u00e4 j\u00e4yk\u00e4n ja ryhdikk\u00e4\u00e4n ominaisuutensa. Yhdistettyn\u00e4 toiminnalliseen muotoiluun kokonaisuus on eritt\u00e4in k\u00e4yt\u00e4nn\u00f6llinen.\",\"breadcrumb\":{\"@id\":\"https:\/\/leatai.com\/fi\/product\/raataloity-muistikirja\/irrotettava-muistikirja\/ldo-014\/#breadcrumb\"},\"inLanguage\":\"fi\",\"potentialAction\":[{\"@type\":\"ReadAction\",\"target\":[\"https:\/\/leatai.com\/fi\/product\/raataloity-muistikirja\/irrotettava-muistikirja\/ldo-014\/\"]}]},{\"@type\":\"ImageObject\",\"inLanguage\":\"fi\",\"@id\":\"https:\/\/leatai.com\/fi\/product\/raataloity-muistikirja\/irrotettava-muistikirja\/ldo-014\/#primaryimage\",\"url\":\"https:\/\/leatai.com\/wp-content\/uploads\/1-32.jpg\",\"contentUrl\":\"https:\/\/leatai.com\/wp-content\/uploads\/1-32.jpg\",\"width\":1000,\"height\":750},{\"@type\":\"BreadcrumbList\",\"@id\":\"https:\/\/leatai.com\/fi\/product\/raataloity-muistikirja\/irrotettava-muistikirja\/ldo-014\/#breadcrumb\",\"itemListElement\":[{\"@type\":\"ListItem\",\"position\":1,\"name\":\"Home\",\"item\":\"https:\/\/leatai.com\/fi\/\"},{\"@type\":\"ListItem\",\"position\":2,\"name\":\"Tuote-esittely\",\"item\":\"https:\/\/leatai.com\/products\/\"},{\"@type\":\"ListItem\",\"position\":3,\"name\":\"Edulliset Tuotteet\",\"item\":\"https:\/\/leatai.com\/fi\/tuote-osasto\/edulliset-tuotteet\/\"},{\"@type\":\"ListItem\",\"position\":4,\"name\":\"LDO-014\"}]},{\"@type\":\"WebSite\",\"@id\":\"https:\/\/leatai.com\/fi\/#website\",\"url\":\"https:\/\/leatai.com\/fi\/\",\"name\":\"Leatai \u2013 R\u00e4\u00e4t\u00e4l\u00f6ityjen muistikirjojen valmistaja\",\"description\":\"Leatai tarjoaa r\u00e4\u00e4t\u00e4l\u00f6ityj\u00e4 muistikirjoja ja suunnittelijoita br\u00e4ndeille ja j\u00e4lleenmyyjille maailmanlaajuisesti.\",\"publisher\":{\"@id\":\"https:\/\/leatai.com\/fi\/#organization\"},\"potentialAction\":[{\"@type\":\"SearchAction\",\"target\":{\"@type\":\"EntryPoint\",\"urlTemplate\":\"https:\/\/leatai.com\/fi\/?s={search_term_string}\"},\"query-input\":{\"@type\":\"PropertyValueSpecification\",\"valueRequired\":true,\"valueName\":\"search_term_string\"}}],\"inLanguage\":\"fi\"},{\"@type\":\"Organization\",\"@id\":\"https:\/\/leatai.com\/fi\/#organization\",\"name\":\"Leatai Diary, customized journal and business organizer\",\"url\":\"https:\/\/leatai.com\/fi\/\",\"logo\":{\"@type\":\"ImageObject\",\"inLanguage\":\"fi\",\"@id\":\"https:\/\/leatai.com\/fi\/#\/schema\/logo\/image\/\",\"url\":\"https:\/\/leatai.com\/wp-content\/uploads\/logo-blue.png\",\"contentUrl\":\"https:\/\/leatai.com\/wp-content\/uploads\/logo-blue.png\",\"width\":230,\"height\":60,\"caption\":\"Leatai Diary, customized journal and business organizer\"},\"image\":{\"@id\":\"https:\/\/leatai.com\/fi\/#\/schema\/logo\/image\/\"}}]}<\/script>\n<!-- \/ Yoast SEO plugin. -->","yoast_head_json":{"title":"LDO-014 - Aitoa, pelkistetty\u00e4 kauneutta, jossa kuiturakenne on n\u00e4ht\u00e4viss\u00e4 - Leatai \u2013 R\u00e4\u00e4t\u00e4l\u00f6ityjen muistikirjojen valmistaja","description":"Tuotekuvaus Leatain tuotemalli LDO-014 poikkeaa perinteisest\u00e4 kraft-paperista. T\u00e4ss\u00e4 irrotettavassa yritysp\u00e4iv\u00e4kirjassa k\u00e4ytetty ymp\u00e4rist\u00f6yst\u00e4v\u00e4llinen kraft-paperi on aidosti kuiturakenteinen materiaali, jossa kuidut ovat selv\u00e4sti n\u00e4ht\u00e4viss\u00e4, ja samalla se s\u00e4ilytt\u00e4\u00e4 j\u00e4yk\u00e4n ja ryhdikk\u00e4\u00e4n ominaisuutensa. Yhdistettyn\u00e4 toiminnalliseen muotoiluun kokonaisuus on eritt\u00e4in k\u00e4yt\u00e4nn\u00f6llinen.","robots":{"index":"index","follow":"follow","max-snippet":"max-snippet:-1","max-image-preview":"max-image-preview:large","max-video-preview":"max-video-preview:-1"},"canonical":"https:\/\/leatai.com\/fi\/product\/raataloity-muistikirja\/irrotettava-muistikirja\/ldo-014\/","og_locale":"fi_FI","og_type":"article","og_title":"LDO-014 - Aitoa, pelkistetty\u00e4 kauneutta, jossa kuiturakenne on n\u00e4ht\u00e4viss\u00e4 - Leatai \u2013 R\u00e4\u00e4t\u00e4l\u00f6ityjen muistikirjojen valmistaja","og_description":"Tuotekuvaus Leatain tuotemalli LDO-014 poikkeaa perinteisest\u00e4 kraft-paperista. T\u00e4ss\u00e4 irrotettavassa yritysp\u00e4iv\u00e4kirjassa k\u00e4ytetty ymp\u00e4rist\u00f6yst\u00e4v\u00e4llinen kraft-paperi on aidosti kuiturakenteinen materiaali, jossa kuidut ovat selv\u00e4sti n\u00e4ht\u00e4viss\u00e4, ja samalla se s\u00e4ilytt\u00e4\u00e4 j\u00e4yk\u00e4n ja ryhdikk\u00e4\u00e4n ominaisuutensa. Yhdistettyn\u00e4 toiminnalliseen muotoiluun kokonaisuus on eritt\u00e4in k\u00e4yt\u00e4nn\u00f6llinen.","og_url":"https:\/\/leatai.com\/fi\/product\/raataloity-muistikirja\/irrotettava-muistikirja\/ldo-014\/","og_site_name":"Leatai \u2013 R\u00e4\u00e4t\u00e4l\u00f6ityjen muistikirjojen valmistaja","article_modified_time":"2025-12-29T03:42:47+00:00","og_image":[{"width":1000,"height":750,"url":"https:\/\/leatai.com\/wp-content\/uploads\/1-32.jpg","type":"image\/jpeg"}],"twitter_card":"summary_large_image","twitter_misc":{"Arvioitu lukuaika":"1 minuutti"},"schema":{"@context":"https:\/\/schema.org","@graph":[{"@type":"WebPage","@id":"https:\/\/leatai.com\/fi\/product\/raataloity-muistikirja\/irrotettava-muistikirja\/ldo-014\/","url":"https:\/\/leatai.com\/fi\/product\/raataloity-muistikirja\/irrotettava-muistikirja\/ldo-014\/","name":"LDO-014 - Aitoa, pelkistetty\u00e4 kauneutta, jossa kuiturakenne on n\u00e4ht\u00e4viss\u00e4 - Leatai \u2013 R\u00e4\u00e4t\u00e4l\u00f6ityjen muistikirjojen valmistaja","isPartOf":{"@id":"https:\/\/leatai.com\/fi\/#website"},"primaryImageOfPage":{"@id":"https:\/\/leatai.com\/fi\/product\/raataloity-muistikirja\/irrotettava-muistikirja\/ldo-014\/#primaryimage"},"image":{"@id":"https:\/\/leatai.com\/fi\/product\/raataloity-muistikirja\/irrotettava-muistikirja\/ldo-014\/#primaryimage"},"thumbnailUrl":"https:\/\/leatai.com\/wp-content\/uploads\/1-32.jpg","datePublished":"2021-08-25T07:34:26+00:00","dateModified":"2025-12-29T03:42:47+00:00","description":"Tuotekuvaus Leatain tuotemalli LDO-014 poikkeaa perinteisest\u00e4 kraft-paperista. T\u00e4ss\u00e4 irrotettavassa yritysp\u00e4iv\u00e4kirjassa k\u00e4ytetty ymp\u00e4rist\u00f6yst\u00e4v\u00e4llinen kraft-paperi on aidosti kuiturakenteinen materiaali, jossa kuidut ovat selv\u00e4sti n\u00e4ht\u00e4viss\u00e4, ja samalla se s\u00e4ilytt\u00e4\u00e4 j\u00e4yk\u00e4n ja ryhdikk\u00e4\u00e4n ominaisuutensa. Yhdistettyn\u00e4 toiminnalliseen muotoiluun kokonaisuus on eritt\u00e4in k\u00e4yt\u00e4nn\u00f6llinen.","breadcrumb":{"@id":"https:\/\/leatai.com\/fi\/product\/raataloity-muistikirja\/irrotettava-muistikirja\/ldo-014\/#breadcrumb"},"inLanguage":"fi","potentialAction":[{"@type":"ReadAction","target":["https:\/\/leatai.com\/fi\/product\/raataloity-muistikirja\/irrotettava-muistikirja\/ldo-014\/"]}]},{"@type":"ImageObject","inLanguage":"fi","@id":"https:\/\/leatai.com\/fi\/product\/raataloity-muistikirja\/irrotettava-muistikirja\/ldo-014\/#primaryimage","url":"https:\/\/leatai.com\/wp-content\/uploads\/1-32.jpg","contentUrl":"https:\/\/leatai.com\/wp-content\/uploads\/1-32.jpg","width":1000,"height":750},{"@type":"BreadcrumbList","@id":"https:\/\/leatai.com\/fi\/product\/raataloity-muistikirja\/irrotettava-muistikirja\/ldo-014\/#breadcrumb","itemListElement":[{"@type":"ListItem","position":1,"name":"Home","item":"https:\/\/leatai.com\/fi\/"},{"@type":"ListItem","position":2,"name":"Tuote-esittely","item":"https:\/\/leatai.com\/products\/"},{"@type":"ListItem","position":3,"name":"Edulliset Tuotteet","item":"https:\/\/leatai.com\/fi\/tuote-osasto\/edulliset-tuotteet\/"},{"@type":"ListItem","position":4,"name":"LDO-014"}]},{"@type":"WebSite","@id":"https:\/\/leatai.com\/fi\/#website","url":"https:\/\/leatai.com\/fi\/","name":"Leatai \u2013 R\u00e4\u00e4t\u00e4l\u00f6ityjen muistikirjojen valmistaja","description":"Leatai tarjoaa r\u00e4\u00e4t\u00e4l\u00f6ityj\u00e4 muistikirjoja ja suunnittelijoita br\u00e4ndeille ja j\u00e4lleenmyyjille maailmanlaajuisesti.","publisher":{"@id":"https:\/\/leatai.com\/fi\/#organization"},"potentialAction":[{"@type":"SearchAction","target":{"@type":"EntryPoint","urlTemplate":"https:\/\/leatai.com\/fi\/?s={search_term_string}"},"query-input":{"@type":"PropertyValueSpecification","valueRequired":true,"valueName":"search_term_string"}}],"inLanguage":"fi"},{"@type":"Organization","@id":"https:\/\/leatai.com\/fi\/#organization","name":"Leatai Diary, customized journal and business organizer","url":"https:\/\/leatai.com\/fi\/","logo":{"@type":"ImageObject","inLanguage":"fi","@id":"https:\/\/leatai.com\/fi\/#\/schema\/logo\/image\/","url":"https:\/\/leatai.com\/wp-content\/uploads\/logo-blue.png","contentUrl":"https:\/\/leatai.com\/wp-content\/uploads\/logo-blue.png","width":230,"height":60,"caption":"Leatai Diary, customized journal and business organizer"},"image":{"@id":"https:\/\/leatai.com\/fi\/#\/schema\/logo\/image\/"}}]}},"_links":{"self":[{"href":"https:\/\/leatai.com\/fi\/wp-json\/wp\/v2\/product\/252043","targetHints":{"allow":["GET"]}}],"collection":[{"href":"https:\/\/leatai.com\/fi\/wp-json\/wp\/v2\/product"}],"about":[{"href":"https:\/\/leatai.com\/fi\/wp-json\/wp\/v2\/types\/product"}],"wp:featuredmedia":[{"embeddable":true,"href":"https:\/\/leatai.com\/fi\/wp-json\/wp\/v2\/media\/252044"}],"wp:attachment":[{"href":"https:\/\/leatai.com\/fi\/wp-json\/wp\/v2\/media?parent=252043"}],"wp:term":[{"taxonomy":"product_brand","embeddable":true,"href":"https:\/\/leatai.com\/fi\/wp-json\/wp\/v2\/product_brand?post=252043"},{"taxonomy":"product_cat","embeddable":true,"href":"https:\/\/leatai.com\/fi\/wp-json\/wp\/v2\/product_cat?post=252043"},{"taxonomy":"product_tag","embeddable":true,"href":"https:\/\/leatai.com\/fi\/wp-json\/wp\/v2\/product_tag?post=252043"},{"taxonomy":"home_works","embeddable":true,"href":"https:\/\/leatai.com\/fi\/wp-json\/wp\/v2\/home_works?post=252043"}],"curies":[{"name":"wp","href":"https:\/\/api.w.org\/{rel}","templated":true}]}}