{"id":251496,"date":"2024-06-25T22:19:36","date_gmt":"2024-06-25T14:19:36","guid":{"rendered":"https:\/\/leatai.com\/product\/Ei-luokiteltu\/ldo-033\/"},"modified":"2025-12-29T11:59:50","modified_gmt":"2025-12-29T03:59:50","slug":"ldo-033","status":"publish","type":"product","link":"https:\/\/leatai.com\/fi\/product\/raataloity-muistikirja\/irrotettava-muistikirja\/ldo-033\/","title":{"rendered":"LDO-033"},"content":{"rendered":"<p>Tuotemalli: LDO-033<br \/>\nKansimateriaali: synteettinen nahka<br \/>\nV\u00e4ri: sininen \/ ruskea<br \/>\nKoko: 25K (20-reik\u00e4inen \/ 6-reik\u00e4inen) \/ 48K (18-reik\u00e4inen \/ 6-reik\u00e4inen) <a href=\"https:\/\/leatai.com\/fi\/faq\/mitka-ovat-8k-16k-ja-25k-kalenterikoot-kuinka-suuria-ne-ovat\/\" target=\"_blank\" rel=\"noopener\">(yleiset koot)<\/a><br \/>\nSis\u00e4sivut: vakiomalli <a href=\"https:\/\/leatai.com\/fi\/tuote-osasto\/sisasivun-muotoilu\/\" target=\"_blank\" rel=\"noopener\">(sis\u00e4sivujen formaatin valinta)<\/a><br \/>\nPakkaus: OPP-pussi (valinnainen)<br \/>\nLOGO-k\u00e4sittelytavat: kultapainatus, hopeapainatus, polttoleimaus<\/p>\n<p>Tuotekuvaus<br \/>\nLeatain tuotemalli LDO-033 on kolmiosainen taittorakenne, joka on suunniteltu sulkeutumaan sis\u00e4\u00e4np\u00e4in ja tuomaan esiin sis\u00e4puolen metalliosat. Muotoilu on tarkoituksella hillitty ja s\u00e4ilytt\u00e4\u00e4 elegantin ilmeen, mutta avattuna se levitt\u00e4ytyy kuin siivet ja antaa vaikutelman vapaasta liikkeest\u00e4. Sis\u00e4- ja ulkopuolen tasapaino tekee t\u00e4st\u00e4 harvinaisen luovan ja onnistuneen design-teoksen.<\/p>\n<p>\ud83d\udcd6 Vakiomalliset yritysp\u00e4iv\u00e4kirjat:<a href=\"https:\/\/leatai.com\/fi\/tuote-osasto\/raataloity-muistikirja\/\" target=\"_blank\" rel=\"noopener\"> kaikki yritysp\u00e4iv\u00e4kirjasarjan mallit<\/a> \/ <a href=\"https:\/\/leatai.com\/fi\/tuote-osasto\/sisasivun-muotoilu\/\" target=\"_blank\" rel=\"noopener\">yritysp\u00e4iv\u00e4kirjojen sis\u00e4sivut<\/a><br \/>\n\ud83d\udcd6 Lis\u00e4\u00e4 suosituksia r\u00e4\u00e4t\u00e4l\u00f6idyist\u00e4 muistikirjoista \/ r\u00e4\u00e4t\u00e4l\u00f6ityjen yritysp\u00e4iv\u00e4kirjojen painatus- ja valmistuspalveluista, katso:<br \/>\n<a href=\"https:\/\/leatai.com\/fi\/tuote-osasto\/erilaisia-oem-naytteita\/oem-kovakantinen-muistikirja\/\" target=\"_blank\" rel=\"noopener\">OEM-kovakantinen kirja<\/a><br \/>\n<a href=\"https:\/\/leatai.com\/fi\/tuote-osasto\/erilaisia-oem-naytteita\/oem-irtolehtio\/\" target=\"_blank\" rel=\"noopener\">OEM-rengaskansio<\/a><br \/>\n<a href=\"https:\/\/leatai.com\/fi\/tuote-osasto\/erilaisia-oem-naytteita\/oem-irrotettava-muistikirja\/\" target=\"_blank\" rel=\"noopener\">OEM-irrotettava rengaskansio<\/a><br \/>\n<a href=\"https:\/\/leatai.com\/fi\/tuote-osasto\/erilaisia-oem-naytteita\/oem-pehmeakantinen-muistikirja\/\" target=\"_blank\" rel=\"noopener\">OEM-pehme\u00e4kantinen kirja<\/a><br \/>\n<a href=\"https:\/\/leatai.com\/fi\/tuote-osasto\/erilaisia-oem-naytteita\/oem-kierrevihko\/\" target=\"_blank\" rel=\"noopener\">OEM-kierresidottu kirja<\/a><br \/>\n<a href=\"https:\/\/leatai.com\/fi\/tuote-osasto\/erilaisia-oem-naytteita\/oem-kalenteri\/\" target=\"_blank\" rel=\"noopener\">OEM-r\u00e4\u00e4t\u00e4l\u00f6ity rep\u00e4ist\u00e4v\u00e4 p\u00f6yt\u00e4kalenteri \/ r\u00e4\u00e4t\u00e4l\u00f6ity p\u00f6yt\u00e4kalenterin painatus<\/a><br \/>\n<a href=\"https:\/\/leatai.com\/fi\/tuote-osasto\/erilaisia-oem-naytteita\/oem-muut\/\" target=\"_blank\" rel=\"noopener\">OEM-muut<\/a><\/p>\n<p>T\u00e4ydellinen kokojen selitys l\u00f6ytyy t\u00e4\u00e4lt\u00e4:<a href=\"https:\/\/leatai.com\/fi\/muistikirjatieto\/paper-size-guide-ymmarra-yleiset-koot-kuten-b3-a4-b5-8k-16k-ja-paljon-muuta-kattava-kokotaulukko-helppoon-viittaukseen\/\" target=\"_blank\" rel=\"noopener\"> paperikokojen opas \u2013 miten B3, A4, B5, 8K, 16K ja muut yleiset koot eroavat toisistaan? Paperikokojen vertailutaulukko, joka on helppo ymm\u00e4rt\u00e4\u00e4 yhdell\u00e4 silm\u00e4yksell\u00e4.<\/a><\/p>\n<p><iframe title=\"How to DIY a removable notebook\" width=\"800\" height=\"450\" src=\"https:\/\/www.youtube.com\/embed\/OsLvh1PRzxo?feature=oembed&#038;enablejsapi=1&#038;origin=https:\/\/leatai.com\" frameborder=\"0\" allow=\"accelerometer; autoplay; clipboard-write; encrypted-media; gyroscope; picture-in-picture; web-share\" referrerpolicy=\"strict-origin-when-cross-origin\" allowfullscreen><\/iframe><\/p>\n<p>&nbsp;<\/p>\n","protected":false},"excerpt":{"rendered":"<p>Tuotemalli: LDO-033 Kansimateriaali: synteettinen nahka V\u00e4ri: sininen \/ ruskea Koko: 25K (20-reik\u00e4inen \/ 6-reik\u00e4inen) \/ 48K (18-reik\u00e4inen \/ 6-reik\u00e4inen) (yleiset koot) Sis\u00e4sivut: vakiomalli (sis\u00e4sivujen formaatin valinta) Pakkaus: OPP-pussi (valinnainen) LOGO-k\u00e4sittelytavat: kultapainatus, hopeapainatus, polttoleimaus Tuotekuvaus Leatain tuotemalli LDO-033 on kolmiosainen taittorakenne, joka on suunniteltu sulkeutumaan sis\u00e4\u00e4np\u00e4in ja tuomaan esiin sis\u00e4puolen metalliosat. Muotoilu on tarkoituksella hillitty ja [&hellip;]<\/p>\n","protected":false},"featured_media":251497,"template":"","meta":{"_acf_changed":false},"product_brand":[],"product_cat":[779],"product_tag":[1668],"home_works":[],"class_list":{"0":"post-251496","1":"product","2":"type-product","3":"status-publish","4":"has-post-thumbnail","6":"product_cat-irrotettava-muistikirja","7":"product_tag-2025new","9":"first","10":"outofstock","11":"sold-individually","12":"shipping-taxable","13":"purchasable","14":"product-type-variable","15":"has-default-attributes"},"acf":[],"yoast_head":"<!-- This site is optimized with the Yoast SEO plugin v27.2 - https:\/\/yoast.com\/product\/yoast-seo-wordpress\/ -->\n<title>LDO-033 - Luova mestariteos, joka yhdist\u00e4\u00e4 sis\u00e4isen ja ulkoisen kauneuden - Leatai \u2013 R\u00e4\u00e4t\u00e4l\u00f6ityjen muistikirjojen valmistaja<\/title>\n<meta name=\"description\" content=\"Tuotekuvaus Leatain tuotemalli LDO-033 on kolmiosainen taittorakenne, joka on suunniteltu sulkeutumaan sis\u00e4\u00e4np\u00e4in ja tuomaan esiin sis\u00e4puolen metalliosat. Muotoilu on tarkoituksella hillitty ja s\u00e4ilytt\u00e4\u00e4 elegantin ilmeen, mutta avattuna se levitt\u00e4ytyy kuin siivet ja antaa vaikutelman vapaasta liikkeest\u00e4. Sis\u00e4- ja ulkopuolen tasapaino tekee t\u00e4st\u00e4 harvinaisen luovan ja onnistuneen design-teoksen.\" \/>\n<meta name=\"robots\" content=\"index, follow, max-snippet:-1, max-image-preview:large, max-video-preview:-1\" \/>\n<link rel=\"canonical\" href=\"https:\/\/leatai.com\/fi\/product\/raataloity-muistikirja\/irrotettava-muistikirja\/ldo-033\/\" \/>\n<meta property=\"og:locale\" content=\"fi_FI\" \/>\n<meta property=\"og:type\" content=\"article\" \/>\n<meta property=\"og:title\" content=\"LDO-033 - Luova mestariteos, joka yhdist\u00e4\u00e4 sis\u00e4isen ja ulkoisen kauneuden - Leatai \u2013 R\u00e4\u00e4t\u00e4l\u00f6ityjen muistikirjojen valmistaja\" \/>\n<meta property=\"og:description\" content=\"Tuotekuvaus Leatain tuotemalli LDO-033 on kolmiosainen taittorakenne, joka on suunniteltu sulkeutumaan sis\u00e4\u00e4np\u00e4in ja tuomaan esiin sis\u00e4puolen metalliosat. Muotoilu on tarkoituksella hillitty ja s\u00e4ilytt\u00e4\u00e4 elegantin ilmeen, mutta avattuna se levitt\u00e4ytyy kuin siivet ja antaa vaikutelman vapaasta liikkeest\u00e4. Sis\u00e4- ja ulkopuolen tasapaino tekee t\u00e4st\u00e4 harvinaisen luovan ja onnistuneen design-teoksen.\" \/>\n<meta property=\"og:url\" content=\"https:\/\/leatai.com\/fi\/product\/raataloity-muistikirja\/irrotettava-muistikirja\/ldo-033\/\" \/>\n<meta property=\"og:site_name\" content=\"Leatai \u2013 R\u00e4\u00e4t\u00e4l\u00f6ityjen muistikirjojen valmistaja\" \/>\n<meta property=\"article:modified_time\" content=\"2025-12-29T03:59:50+00:00\" \/>\n<meta property=\"og:image\" content=\"https:\/\/leatai.com\/wp-content\/uploads\/DSC_2424.jpg\" \/>\n\t<meta property=\"og:image:width\" content=\"1000\" \/>\n\t<meta property=\"og:image:height\" content=\"750\" \/>\n\t<meta property=\"og:image:type\" content=\"image\/jpeg\" \/>\n<meta name=\"twitter:card\" content=\"summary_large_image\" \/>\n<meta name=\"twitter:label1\" content=\"Arvioitu lukuaika\" \/>\n\t<meta name=\"twitter:data1\" content=\"1 minuutti\" \/>\n<script type=\"application\/ld+json\" class=\"yoast-schema-graph\">{\"@context\":\"https:\/\/schema.org\",\"@graph\":[{\"@type\":\"WebPage\",\"@id\":\"https:\/\/leatai.com\/fi\/product\/raataloity-muistikirja\/irrotettava-muistikirja\/ldo-033\/\",\"url\":\"https:\/\/leatai.com\/fi\/product\/raataloity-muistikirja\/irrotettava-muistikirja\/ldo-033\/\",\"name\":\"LDO-033 - Luova mestariteos, joka yhdist\u00e4\u00e4 sis\u00e4isen ja ulkoisen kauneuden - Leatai \u2013 R\u00e4\u00e4t\u00e4l\u00f6ityjen muistikirjojen valmistaja\",\"isPartOf\":{\"@id\":\"https:\/\/leatai.com\/fi\/#website\"},\"primaryImageOfPage\":{\"@id\":\"https:\/\/leatai.com\/fi\/product\/raataloity-muistikirja\/irrotettava-muistikirja\/ldo-033\/#primaryimage\"},\"image\":{\"@id\":\"https:\/\/leatai.com\/fi\/product\/raataloity-muistikirja\/irrotettava-muistikirja\/ldo-033\/#primaryimage\"},\"thumbnailUrl\":\"https:\/\/leatai.com\/wp-content\/uploads\/DSC_2424.jpg\",\"datePublished\":\"2024-06-25T14:19:36+00:00\",\"dateModified\":\"2025-12-29T03:59:50+00:00\",\"description\":\"Tuotekuvaus Leatain tuotemalli LDO-033 on kolmiosainen taittorakenne, joka on suunniteltu sulkeutumaan sis\u00e4\u00e4np\u00e4in ja tuomaan esiin sis\u00e4puolen metalliosat. Muotoilu on tarkoituksella hillitty ja s\u00e4ilytt\u00e4\u00e4 elegantin ilmeen, mutta avattuna se levitt\u00e4ytyy kuin siivet ja antaa vaikutelman vapaasta liikkeest\u00e4. Sis\u00e4- ja ulkopuolen tasapaino tekee t\u00e4st\u00e4 harvinaisen luovan ja onnistuneen design-teoksen.\",\"breadcrumb\":{\"@id\":\"https:\/\/leatai.com\/fi\/product\/raataloity-muistikirja\/irrotettava-muistikirja\/ldo-033\/#breadcrumb\"},\"inLanguage\":\"fi\",\"potentialAction\":[{\"@type\":\"ReadAction\",\"target\":[\"https:\/\/leatai.com\/fi\/product\/raataloity-muistikirja\/irrotettava-muistikirja\/ldo-033\/\"]}]},{\"@type\":\"ImageObject\",\"inLanguage\":\"fi\",\"@id\":\"https:\/\/leatai.com\/fi\/product\/raataloity-muistikirja\/irrotettava-muistikirja\/ldo-033\/#primaryimage\",\"url\":\"https:\/\/leatai.com\/wp-content\/uploads\/DSC_2424.jpg\",\"contentUrl\":\"https:\/\/leatai.com\/wp-content\/uploads\/DSC_2424.jpg\",\"width\":1000,\"height\":750},{\"@type\":\"BreadcrumbList\",\"@id\":\"https:\/\/leatai.com\/fi\/product\/raataloity-muistikirja\/irrotettava-muistikirja\/ldo-033\/#breadcrumb\",\"itemListElement\":[{\"@type\":\"ListItem\",\"position\":1,\"name\":\"Home\",\"item\":\"https:\/\/leatai.com\/fi\/\"},{\"@type\":\"ListItem\",\"position\":2,\"name\":\"Tuote-esittely\",\"item\":\"https:\/\/leatai.com\/products\/\"},{\"@type\":\"ListItem\",\"position\":3,\"name\":\"R\u00e4\u00e4t\u00e4l\u00f6ity muistikirja\",\"item\":\"https:\/\/leatai.com\/fi\/tuote-osasto\/raataloity-muistikirja\/\"},{\"@type\":\"ListItem\",\"position\":4,\"name\":\"Irrotettava muistikirja\",\"item\":\"https:\/\/leatai.com\/fi\/tuote-osasto\/raataloity-muistikirja\/irrotettava-muistikirja\/\"},{\"@type\":\"ListItem\",\"position\":5,\"name\":\"LDO-033\"}]},{\"@type\":\"WebSite\",\"@id\":\"https:\/\/leatai.com\/fi\/#website\",\"url\":\"https:\/\/leatai.com\/fi\/\",\"name\":\"Leatai \u2013 R\u00e4\u00e4t\u00e4l\u00f6ityjen muistikirjojen valmistaja\",\"description\":\"Leatai tarjoaa r\u00e4\u00e4t\u00e4l\u00f6ityj\u00e4 muistikirjoja ja suunnittelijoita br\u00e4ndeille ja j\u00e4lleenmyyjille maailmanlaajuisesti.\",\"publisher\":{\"@id\":\"https:\/\/leatai.com\/fi\/#organization\"},\"potentialAction\":[{\"@type\":\"SearchAction\",\"target\":{\"@type\":\"EntryPoint\",\"urlTemplate\":\"https:\/\/leatai.com\/fi\/?s={search_term_string}\"},\"query-input\":{\"@type\":\"PropertyValueSpecification\",\"valueRequired\":true,\"valueName\":\"search_term_string\"}}],\"inLanguage\":\"fi\"},{\"@type\":\"Organization\",\"@id\":\"https:\/\/leatai.com\/fi\/#organization\",\"name\":\"Leatai Diary, customized journal and business organizer\",\"url\":\"https:\/\/leatai.com\/fi\/\",\"logo\":{\"@type\":\"ImageObject\",\"inLanguage\":\"fi\",\"@id\":\"https:\/\/leatai.com\/fi\/#\/schema\/logo\/image\/\",\"url\":\"https:\/\/leatai.com\/wp-content\/uploads\/logo-blue.png\",\"contentUrl\":\"https:\/\/leatai.com\/wp-content\/uploads\/logo-blue.png\",\"width\":230,\"height\":60,\"caption\":\"Leatai Diary, customized journal and business organizer\"},\"image\":{\"@id\":\"https:\/\/leatai.com\/fi\/#\/schema\/logo\/image\/\"}}]}<\/script>\n<!-- \/ Yoast SEO plugin. -->","yoast_head_json":{"title":"LDO-033 - Luova mestariteos, joka yhdist\u00e4\u00e4 sis\u00e4isen ja ulkoisen kauneuden - Leatai \u2013 R\u00e4\u00e4t\u00e4l\u00f6ityjen muistikirjojen valmistaja","description":"Tuotekuvaus Leatain tuotemalli LDO-033 on kolmiosainen taittorakenne, joka on suunniteltu sulkeutumaan sis\u00e4\u00e4np\u00e4in ja tuomaan esiin sis\u00e4puolen metalliosat. Muotoilu on tarkoituksella hillitty ja s\u00e4ilytt\u00e4\u00e4 elegantin ilmeen, mutta avattuna se levitt\u00e4ytyy kuin siivet ja antaa vaikutelman vapaasta liikkeest\u00e4. Sis\u00e4- ja ulkopuolen tasapaino tekee t\u00e4st\u00e4 harvinaisen luovan ja onnistuneen design-teoksen.","robots":{"index":"index","follow":"follow","max-snippet":"max-snippet:-1","max-image-preview":"max-image-preview:large","max-video-preview":"max-video-preview:-1"},"canonical":"https:\/\/leatai.com\/fi\/product\/raataloity-muistikirja\/irrotettava-muistikirja\/ldo-033\/","og_locale":"fi_FI","og_type":"article","og_title":"LDO-033 - Luova mestariteos, joka yhdist\u00e4\u00e4 sis\u00e4isen ja ulkoisen kauneuden - Leatai \u2013 R\u00e4\u00e4t\u00e4l\u00f6ityjen muistikirjojen valmistaja","og_description":"Tuotekuvaus Leatain tuotemalli LDO-033 on kolmiosainen taittorakenne, joka on suunniteltu sulkeutumaan sis\u00e4\u00e4np\u00e4in ja tuomaan esiin sis\u00e4puolen metalliosat. Muotoilu on tarkoituksella hillitty ja s\u00e4ilytt\u00e4\u00e4 elegantin ilmeen, mutta avattuna se levitt\u00e4ytyy kuin siivet ja antaa vaikutelman vapaasta liikkeest\u00e4. Sis\u00e4- ja ulkopuolen tasapaino tekee t\u00e4st\u00e4 harvinaisen luovan ja onnistuneen design-teoksen.","og_url":"https:\/\/leatai.com\/fi\/product\/raataloity-muistikirja\/irrotettava-muistikirja\/ldo-033\/","og_site_name":"Leatai \u2013 R\u00e4\u00e4t\u00e4l\u00f6ityjen muistikirjojen valmistaja","article_modified_time":"2025-12-29T03:59:50+00:00","og_image":[{"width":1000,"height":750,"url":"https:\/\/leatai.com\/wp-content\/uploads\/DSC_2424.jpg","type":"image\/jpeg"}],"twitter_card":"summary_large_image","twitter_misc":{"Arvioitu lukuaika":"1 minuutti"},"schema":{"@context":"https:\/\/schema.org","@graph":[{"@type":"WebPage","@id":"https:\/\/leatai.com\/fi\/product\/raataloity-muistikirja\/irrotettava-muistikirja\/ldo-033\/","url":"https:\/\/leatai.com\/fi\/product\/raataloity-muistikirja\/irrotettava-muistikirja\/ldo-033\/","name":"LDO-033 - Luova mestariteos, joka yhdist\u00e4\u00e4 sis\u00e4isen ja ulkoisen kauneuden - Leatai \u2013 R\u00e4\u00e4t\u00e4l\u00f6ityjen muistikirjojen valmistaja","isPartOf":{"@id":"https:\/\/leatai.com\/fi\/#website"},"primaryImageOfPage":{"@id":"https:\/\/leatai.com\/fi\/product\/raataloity-muistikirja\/irrotettava-muistikirja\/ldo-033\/#primaryimage"},"image":{"@id":"https:\/\/leatai.com\/fi\/product\/raataloity-muistikirja\/irrotettava-muistikirja\/ldo-033\/#primaryimage"},"thumbnailUrl":"https:\/\/leatai.com\/wp-content\/uploads\/DSC_2424.jpg","datePublished":"2024-06-25T14:19:36+00:00","dateModified":"2025-12-29T03:59:50+00:00","description":"Tuotekuvaus Leatain tuotemalli LDO-033 on kolmiosainen taittorakenne, joka on suunniteltu sulkeutumaan sis\u00e4\u00e4np\u00e4in ja tuomaan esiin sis\u00e4puolen metalliosat. Muotoilu on tarkoituksella hillitty ja s\u00e4ilytt\u00e4\u00e4 elegantin ilmeen, mutta avattuna se levitt\u00e4ytyy kuin siivet ja antaa vaikutelman vapaasta liikkeest\u00e4. Sis\u00e4- ja ulkopuolen tasapaino tekee t\u00e4st\u00e4 harvinaisen luovan ja onnistuneen design-teoksen.","breadcrumb":{"@id":"https:\/\/leatai.com\/fi\/product\/raataloity-muistikirja\/irrotettava-muistikirja\/ldo-033\/#breadcrumb"},"inLanguage":"fi","potentialAction":[{"@type":"ReadAction","target":["https:\/\/leatai.com\/fi\/product\/raataloity-muistikirja\/irrotettava-muistikirja\/ldo-033\/"]}]},{"@type":"ImageObject","inLanguage":"fi","@id":"https:\/\/leatai.com\/fi\/product\/raataloity-muistikirja\/irrotettava-muistikirja\/ldo-033\/#primaryimage","url":"https:\/\/leatai.com\/wp-content\/uploads\/DSC_2424.jpg","contentUrl":"https:\/\/leatai.com\/wp-content\/uploads\/DSC_2424.jpg","width":1000,"height":750},{"@type":"BreadcrumbList","@id":"https:\/\/leatai.com\/fi\/product\/raataloity-muistikirja\/irrotettava-muistikirja\/ldo-033\/#breadcrumb","itemListElement":[{"@type":"ListItem","position":1,"name":"Home","item":"https:\/\/leatai.com\/fi\/"},{"@type":"ListItem","position":2,"name":"Tuote-esittely","item":"https:\/\/leatai.com\/products\/"},{"@type":"ListItem","position":3,"name":"R\u00e4\u00e4t\u00e4l\u00f6ity muistikirja","item":"https:\/\/leatai.com\/fi\/tuote-osasto\/raataloity-muistikirja\/"},{"@type":"ListItem","position":4,"name":"Irrotettava muistikirja","item":"https:\/\/leatai.com\/fi\/tuote-osasto\/raataloity-muistikirja\/irrotettava-muistikirja\/"},{"@type":"ListItem","position":5,"name":"LDO-033"}]},{"@type":"WebSite","@id":"https:\/\/leatai.com\/fi\/#website","url":"https:\/\/leatai.com\/fi\/","name":"Leatai \u2013 R\u00e4\u00e4t\u00e4l\u00f6ityjen muistikirjojen valmistaja","description":"Leatai tarjoaa r\u00e4\u00e4t\u00e4l\u00f6ityj\u00e4 muistikirjoja ja suunnittelijoita br\u00e4ndeille ja j\u00e4lleenmyyjille maailmanlaajuisesti.","publisher":{"@id":"https:\/\/leatai.com\/fi\/#organization"},"potentialAction":[{"@type":"SearchAction","target":{"@type":"EntryPoint","urlTemplate":"https:\/\/leatai.com\/fi\/?s={search_term_string}"},"query-input":{"@type":"PropertyValueSpecification","valueRequired":true,"valueName":"search_term_string"}}],"inLanguage":"fi"},{"@type":"Organization","@id":"https:\/\/leatai.com\/fi\/#organization","name":"Leatai Diary, customized journal and business organizer","url":"https:\/\/leatai.com\/fi\/","logo":{"@type":"ImageObject","inLanguage":"fi","@id":"https:\/\/leatai.com\/fi\/#\/schema\/logo\/image\/","url":"https:\/\/leatai.com\/wp-content\/uploads\/logo-blue.png","contentUrl":"https:\/\/leatai.com\/wp-content\/uploads\/logo-blue.png","width":230,"height":60,"caption":"Leatai Diary, customized journal and business organizer"},"image":{"@id":"https:\/\/leatai.com\/fi\/#\/schema\/logo\/image\/"}}]}},"_links":{"self":[{"href":"https:\/\/leatai.com\/fi\/wp-json\/wp\/v2\/product\/251496","targetHints":{"allow":["GET"]}}],"collection":[{"href":"https:\/\/leatai.com\/fi\/wp-json\/wp\/v2\/product"}],"about":[{"href":"https:\/\/leatai.com\/fi\/wp-json\/wp\/v2\/types\/product"}],"wp:featuredmedia":[{"embeddable":true,"href":"https:\/\/leatai.com\/fi\/wp-json\/wp\/v2\/media\/251497"}],"wp:attachment":[{"href":"https:\/\/leatai.com\/fi\/wp-json\/wp\/v2\/media?parent=251496"}],"wp:term":[{"taxonomy":"product_brand","embeddable":true,"href":"https:\/\/leatai.com\/fi\/wp-json\/wp\/v2\/product_brand?post=251496"},{"taxonomy":"product_cat","embeddable":true,"href":"https:\/\/leatai.com\/fi\/wp-json\/wp\/v2\/product_cat?post=251496"},{"taxonomy":"product_tag","embeddable":true,"href":"https:\/\/leatai.com\/fi\/wp-json\/wp\/v2\/product_tag?post=251496"},{"taxonomy":"home_works","embeddable":true,"href":"https:\/\/leatai.com\/fi\/wp-json\/wp\/v2\/home_works?post=251496"}],"curies":[{"name":"wp","href":"https:\/\/api.w.org\/{rel}","templated":true}]}}