{"id":249597,"date":"2021-06-24T13:17:56","date_gmt":"2021-06-24T05:17:56","guid":{"rendered":"https:\/\/leatai.com\/product\/Ei-luokiteltu\/patentoitu-huopainen-lasinalunen\/"},"modified":"2025-12-23T14:45:15","modified_gmt":"2025-12-23T06:45:15","slug":"patentoitu-huopainen-lasinalunen","status":"publish","type":"product","link":"https:\/\/leatai.com\/fi\/product\/lahja-ja-nahkatuotteet\/huopatuotteet\/patentoitu-huopainen-lasinalunen\/","title":{"rendered":"Patentoitu huopainen lasinalunen"},"content":{"rendered":"<p>Kuvaus<\/p>\n<p>Tuotemalli: patentoitu huopainen lasinalunen<br \/>\nPintamateriaali: huopa<br \/>\nV\u00e4rit: punainen \/ sininen \/ musta \/ violetti \/ keltainen \/ valkoinen \/ oranssi \/ vihre\u00e4<br \/>\nKoko: halkaisija 10 cm<br \/>\nMuuta:<\/p>\n<p>Huopa on itse asiassa yleinen ja tavanomainen materiaali. Tavallisesti siit\u00e4 valmistetuissa tuotteissa reunat ovat helposti nukkaisia, leikkauspinnassa on liikaa kuituja ja materiaali on liian pehme\u00e4\u00e4, mik\u00e4 usein rajoittaa sen k\u00e4ytt\u00f6mahdollisuuksia n\u00e4iden ominaisuuksien vuoksi.<\/p>\n<p>Leatain ainutlaatuisen k\u00e4sittelyprosessin ansiosta pinta on tasainen ja nukkaisuus v\u00e4henee jopa 90 %. Leikkausmuotilla ty\u00f6stett\u00e4ess\u00e4 kuituja ei juuri j\u00e4\u00e4, ompelun yhteydess\u00e4 ei synny painaumia, ja samalla materiaali saa alkujaan puuttuneen likaa hylkiv\u00e4n ominaisuuden. V\u00e4rit ovat kirkkaat ja luovan k\u00e4yt\u00f6n mahdollisuudet l\u00e4hes rajattomat.<\/p>\n<p>Kyseess\u00e4 on Leatain yksinoikeudella patentoitu tuote. Tule mukaan ja vie luovuutesi kanssamme \u00e4\u00e4rimmilleen!<\/p>\n<p>Pakkaus: OPP-pussi (valinnainen)<br \/>\nLOGO-viimeistelytavat: stanssaus, vesipohjainen silkkipainatus<\/p>\n","protected":false},"excerpt":{"rendered":"[embed]https:\/\/www.youtube.com\/embed\/MvMfdwEUKnk[\/embed]\n","protected":false},"featured_media":249598,"template":"","meta":{"_acf_changed":false},"product_brand":[],"product_cat":[1139,1165],"product_tag":[],"home_works":[],"class_list":{"0":"post-249597","1":"product","2":"type-product","3":"status-publish","4":"has-post-thumbnail","6":"product_cat-huopatuotteet","7":"product_cat-eksklusiiviset-tuotteet","9":"first","10":"instock","11":"sold-individually","12":"shipping-taxable","13":"purchasable","14":"product-type-simple"},"acf":[],"yoast_head":"<!-- This site is optimized with the Yoast SEO plugin v27.2 - https:\/\/yoast.com\/product\/yoast-seo-wordpress\/ -->\n<title>Patentoitu huopainen lasinalunen - Leatai \u2013 R\u00e4\u00e4t\u00e4l\u00f6ityjen muistikirjojen valmistaja<\/title>\n<meta name=\"description\" content=\"Leatain ainutlaatuisen k\u00e4sittelyprosessin ansiosta pinta on tasainen ja nukkaisuus v\u00e4henee jopa 90 %. Leikkausmuotit eiv\u00e4t juuri j\u00e4t\u00e4 kuituj\u00e4\u00e4mi\u00e4, ompelun aikana ei synny painaumia, ja samalla materiaali saa aiemmin puuttuneen likaa hylkiv\u00e4n ominaisuuden. V\u00e4rit ovat kirkkaat ja luovan ilmaisun mahdollisuudet ovat l\u00e4hes rajattomat.\" \/>\n<meta name=\"robots\" content=\"index, follow, max-snippet:-1, max-image-preview:large, max-video-preview:-1\" \/>\n<link rel=\"canonical\" href=\"https:\/\/leatai.com\/fi\/product\/lahja-ja-nahkatuotteet\/huopatuotteet\/patentoitu-huopainen-lasinalunen\/\" \/>\n<meta property=\"og:locale\" content=\"fi_FI\" \/>\n<meta property=\"og:type\" content=\"article\" \/>\n<meta property=\"og:title\" content=\"Patentoitu huopainen lasinalunen - Leatai \u2013 R\u00e4\u00e4t\u00e4l\u00f6ityjen muistikirjojen valmistaja\" \/>\n<meta property=\"og:description\" content=\"Leatain ainutlaatuisen k\u00e4sittelyprosessin ansiosta pinta on tasainen ja nukkaisuus v\u00e4henee jopa 90 %. Leikkausmuotit eiv\u00e4t juuri j\u00e4t\u00e4 kuituj\u00e4\u00e4mi\u00e4, ompelun aikana ei synny painaumia, ja samalla materiaali saa aiemmin puuttuneen likaa hylkiv\u00e4n ominaisuuden. V\u00e4rit ovat kirkkaat ja luovan ilmaisun mahdollisuudet ovat l\u00e4hes rajattomat.\" \/>\n<meta property=\"og:url\" content=\"https:\/\/leatai.com\/fi\/product\/lahja-ja-nahkatuotteet\/huopatuotteet\/patentoitu-huopainen-lasinalunen\/\" \/>\n<meta property=\"og:site_name\" content=\"Leatai \u2013 R\u00e4\u00e4t\u00e4l\u00f6ityjen muistikirjojen valmistaja\" \/>\n<meta property=\"article:modified_time\" content=\"2025-12-23T06:45:15+00:00\" \/>\n<meta property=\"og:image\" content=\"https:\/\/leatai.com\/wp-content\/uploads\/2016_01_04_1436500.jpg\" \/>\n\t<meta property=\"og:image:width\" content=\"1000\" \/>\n\t<meta property=\"og:image:height\" content=\"750\" \/>\n\t<meta property=\"og:image:type\" content=\"image\/jpeg\" \/>\n<meta name=\"twitter:card\" content=\"summary_large_image\" \/>\n<meta name=\"twitter:label1\" content=\"Arvioitu lukuaika\" \/>\n\t<meta name=\"twitter:data1\" content=\"1 minuutti\" \/>\n<script type=\"application\/ld+json\" class=\"yoast-schema-graph\">{\"@context\":\"https:\/\/schema.org\",\"@graph\":[{\"@type\":\"WebPage\",\"@id\":\"https:\/\/leatai.com\/fi\/product\/lahja-ja-nahkatuotteet\/huopatuotteet\/patentoitu-huopainen-lasinalunen\/\",\"url\":\"https:\/\/leatai.com\/fi\/product\/lahja-ja-nahkatuotteet\/huopatuotteet\/patentoitu-huopainen-lasinalunen\/\",\"name\":\"Patentoitu huopainen lasinalunen - Leatai \u2013 R\u00e4\u00e4t\u00e4l\u00f6ityjen muistikirjojen valmistaja\",\"isPartOf\":{\"@id\":\"https:\/\/leatai.com\/fi\/#website\"},\"primaryImageOfPage\":{\"@id\":\"https:\/\/leatai.com\/fi\/product\/lahja-ja-nahkatuotteet\/huopatuotteet\/patentoitu-huopainen-lasinalunen\/#primaryimage\"},\"image\":{\"@id\":\"https:\/\/leatai.com\/fi\/product\/lahja-ja-nahkatuotteet\/huopatuotteet\/patentoitu-huopainen-lasinalunen\/#primaryimage\"},\"thumbnailUrl\":\"https:\/\/leatai.com\/wp-content\/uploads\/2016_01_04_1436500.jpg\",\"datePublished\":\"2021-06-24T05:17:56+00:00\",\"dateModified\":\"2025-12-23T06:45:15+00:00\",\"description\":\"Leatain ainutlaatuisen k\u00e4sittelyprosessin ansiosta pinta on tasainen ja nukkaisuus v\u00e4henee jopa 90 %. Leikkausmuotit eiv\u00e4t juuri j\u00e4t\u00e4 kuituj\u00e4\u00e4mi\u00e4, ompelun aikana ei synny painaumia, ja samalla materiaali saa aiemmin puuttuneen likaa hylkiv\u00e4n ominaisuuden. V\u00e4rit ovat kirkkaat ja luovan ilmaisun mahdollisuudet ovat l\u00e4hes rajattomat.\",\"breadcrumb\":{\"@id\":\"https:\/\/leatai.com\/fi\/product\/lahja-ja-nahkatuotteet\/huopatuotteet\/patentoitu-huopainen-lasinalunen\/#breadcrumb\"},\"inLanguage\":\"fi\",\"potentialAction\":[{\"@type\":\"ReadAction\",\"target\":[\"https:\/\/leatai.com\/fi\/product\/lahja-ja-nahkatuotteet\/huopatuotteet\/patentoitu-huopainen-lasinalunen\/\"]}]},{\"@type\":\"ImageObject\",\"inLanguage\":\"fi\",\"@id\":\"https:\/\/leatai.com\/fi\/product\/lahja-ja-nahkatuotteet\/huopatuotteet\/patentoitu-huopainen-lasinalunen\/#primaryimage\",\"url\":\"https:\/\/leatai.com\/wp-content\/uploads\/2016_01_04_1436500.jpg\",\"contentUrl\":\"https:\/\/leatai.com\/wp-content\/uploads\/2016_01_04_1436500.jpg\",\"width\":1000,\"height\":750},{\"@type\":\"BreadcrumbList\",\"@id\":\"https:\/\/leatai.com\/fi\/product\/lahja-ja-nahkatuotteet\/huopatuotteet\/patentoitu-huopainen-lasinalunen\/#breadcrumb\",\"itemListElement\":[{\"@type\":\"ListItem\",\"position\":1,\"name\":\"Home\",\"item\":\"https:\/\/leatai.com\/fi\/\"},{\"@type\":\"ListItem\",\"position\":2,\"name\":\"Tuote-esittely\",\"item\":\"https:\/\/leatai.com\/products\/\"},{\"@type\":\"ListItem\",\"position\":3,\"name\":\"Lahja- ja nahkatuotteet\",\"item\":\"https:\/\/leatai.com\/fi\/tuote-osasto\/lahja-ja-nahkatuotteet\/\"},{\"@type\":\"ListItem\",\"position\":4,\"name\":\"Huopatuotteet\",\"item\":\"https:\/\/leatai.com\/fi\/tuote-osasto\/lahja-ja-nahkatuotteet\/huopatuotteet\/\"},{\"@type\":\"ListItem\",\"position\":5,\"name\":\"Patentoitu huopainen lasinalunen\"}]},{\"@type\":\"WebSite\",\"@id\":\"https:\/\/leatai.com\/fi\/#website\",\"url\":\"https:\/\/leatai.com\/fi\/\",\"name\":\"Leatai \u2013 R\u00e4\u00e4t\u00e4l\u00f6ityjen muistikirjojen valmistaja\",\"description\":\"Leatai tarjoaa r\u00e4\u00e4t\u00e4l\u00f6ityj\u00e4 muistikirjoja ja suunnittelijoita br\u00e4ndeille ja j\u00e4lleenmyyjille maailmanlaajuisesti.\",\"publisher\":{\"@id\":\"https:\/\/leatai.com\/fi\/#organization\"},\"potentialAction\":[{\"@type\":\"SearchAction\",\"target\":{\"@type\":\"EntryPoint\",\"urlTemplate\":\"https:\/\/leatai.com\/fi\/?s={search_term_string}\"},\"query-input\":{\"@type\":\"PropertyValueSpecification\",\"valueRequired\":true,\"valueName\":\"search_term_string\"}}],\"inLanguage\":\"fi\"},{\"@type\":\"Organization\",\"@id\":\"https:\/\/leatai.com\/fi\/#organization\",\"name\":\"Leatai Diary, customized journal and business organizer\",\"url\":\"https:\/\/leatai.com\/fi\/\",\"logo\":{\"@type\":\"ImageObject\",\"inLanguage\":\"fi\",\"@id\":\"https:\/\/leatai.com\/fi\/#\/schema\/logo\/image\/\",\"url\":\"https:\/\/leatai.com\/wp-content\/uploads\/logo-blue.png\",\"contentUrl\":\"https:\/\/leatai.com\/wp-content\/uploads\/logo-blue.png\",\"width\":230,\"height\":60,\"caption\":\"Leatai Diary, customized journal and business organizer\"},\"image\":{\"@id\":\"https:\/\/leatai.com\/fi\/#\/schema\/logo\/image\/\"}}]}<\/script>\n<!-- \/ Yoast SEO plugin. -->","yoast_head_json":{"title":"Patentoitu huopainen lasinalunen - Leatai \u2013 R\u00e4\u00e4t\u00e4l\u00f6ityjen muistikirjojen valmistaja","description":"Leatain ainutlaatuisen k\u00e4sittelyprosessin ansiosta pinta on tasainen ja nukkaisuus v\u00e4henee jopa 90 %. Leikkausmuotit eiv\u00e4t juuri j\u00e4t\u00e4 kuituj\u00e4\u00e4mi\u00e4, ompelun aikana ei synny painaumia, ja samalla materiaali saa aiemmin puuttuneen likaa hylkiv\u00e4n ominaisuuden. V\u00e4rit ovat kirkkaat ja luovan ilmaisun mahdollisuudet ovat l\u00e4hes rajattomat.","robots":{"index":"index","follow":"follow","max-snippet":"max-snippet:-1","max-image-preview":"max-image-preview:large","max-video-preview":"max-video-preview:-1"},"canonical":"https:\/\/leatai.com\/fi\/product\/lahja-ja-nahkatuotteet\/huopatuotteet\/patentoitu-huopainen-lasinalunen\/","og_locale":"fi_FI","og_type":"article","og_title":"Patentoitu huopainen lasinalunen - Leatai \u2013 R\u00e4\u00e4t\u00e4l\u00f6ityjen muistikirjojen valmistaja","og_description":"Leatain ainutlaatuisen k\u00e4sittelyprosessin ansiosta pinta on tasainen ja nukkaisuus v\u00e4henee jopa 90 %. Leikkausmuotit eiv\u00e4t juuri j\u00e4t\u00e4 kuituj\u00e4\u00e4mi\u00e4, ompelun aikana ei synny painaumia, ja samalla materiaali saa aiemmin puuttuneen likaa hylkiv\u00e4n ominaisuuden. V\u00e4rit ovat kirkkaat ja luovan ilmaisun mahdollisuudet ovat l\u00e4hes rajattomat.","og_url":"https:\/\/leatai.com\/fi\/product\/lahja-ja-nahkatuotteet\/huopatuotteet\/patentoitu-huopainen-lasinalunen\/","og_site_name":"Leatai \u2013 R\u00e4\u00e4t\u00e4l\u00f6ityjen muistikirjojen valmistaja","article_modified_time":"2025-12-23T06:45:15+00:00","og_image":[{"width":1000,"height":750,"url":"https:\/\/leatai.com\/wp-content\/uploads\/2016_01_04_1436500.jpg","type":"image\/jpeg"}],"twitter_card":"summary_large_image","twitter_misc":{"Arvioitu lukuaika":"1 minuutti"},"schema":{"@context":"https:\/\/schema.org","@graph":[{"@type":"WebPage","@id":"https:\/\/leatai.com\/fi\/product\/lahja-ja-nahkatuotteet\/huopatuotteet\/patentoitu-huopainen-lasinalunen\/","url":"https:\/\/leatai.com\/fi\/product\/lahja-ja-nahkatuotteet\/huopatuotteet\/patentoitu-huopainen-lasinalunen\/","name":"Patentoitu huopainen lasinalunen - Leatai \u2013 R\u00e4\u00e4t\u00e4l\u00f6ityjen muistikirjojen valmistaja","isPartOf":{"@id":"https:\/\/leatai.com\/fi\/#website"},"primaryImageOfPage":{"@id":"https:\/\/leatai.com\/fi\/product\/lahja-ja-nahkatuotteet\/huopatuotteet\/patentoitu-huopainen-lasinalunen\/#primaryimage"},"image":{"@id":"https:\/\/leatai.com\/fi\/product\/lahja-ja-nahkatuotteet\/huopatuotteet\/patentoitu-huopainen-lasinalunen\/#primaryimage"},"thumbnailUrl":"https:\/\/leatai.com\/wp-content\/uploads\/2016_01_04_1436500.jpg","datePublished":"2021-06-24T05:17:56+00:00","dateModified":"2025-12-23T06:45:15+00:00","description":"Leatain ainutlaatuisen k\u00e4sittelyprosessin ansiosta pinta on tasainen ja nukkaisuus v\u00e4henee jopa 90 %. Leikkausmuotit eiv\u00e4t juuri j\u00e4t\u00e4 kuituj\u00e4\u00e4mi\u00e4, ompelun aikana ei synny painaumia, ja samalla materiaali saa aiemmin puuttuneen likaa hylkiv\u00e4n ominaisuuden. V\u00e4rit ovat kirkkaat ja luovan ilmaisun mahdollisuudet ovat l\u00e4hes rajattomat.","breadcrumb":{"@id":"https:\/\/leatai.com\/fi\/product\/lahja-ja-nahkatuotteet\/huopatuotteet\/patentoitu-huopainen-lasinalunen\/#breadcrumb"},"inLanguage":"fi","potentialAction":[{"@type":"ReadAction","target":["https:\/\/leatai.com\/fi\/product\/lahja-ja-nahkatuotteet\/huopatuotteet\/patentoitu-huopainen-lasinalunen\/"]}]},{"@type":"ImageObject","inLanguage":"fi","@id":"https:\/\/leatai.com\/fi\/product\/lahja-ja-nahkatuotteet\/huopatuotteet\/patentoitu-huopainen-lasinalunen\/#primaryimage","url":"https:\/\/leatai.com\/wp-content\/uploads\/2016_01_04_1436500.jpg","contentUrl":"https:\/\/leatai.com\/wp-content\/uploads\/2016_01_04_1436500.jpg","width":1000,"height":750},{"@type":"BreadcrumbList","@id":"https:\/\/leatai.com\/fi\/product\/lahja-ja-nahkatuotteet\/huopatuotteet\/patentoitu-huopainen-lasinalunen\/#breadcrumb","itemListElement":[{"@type":"ListItem","position":1,"name":"Home","item":"https:\/\/leatai.com\/fi\/"},{"@type":"ListItem","position":2,"name":"Tuote-esittely","item":"https:\/\/leatai.com\/products\/"},{"@type":"ListItem","position":3,"name":"Lahja- ja nahkatuotteet","item":"https:\/\/leatai.com\/fi\/tuote-osasto\/lahja-ja-nahkatuotteet\/"},{"@type":"ListItem","position":4,"name":"Huopatuotteet","item":"https:\/\/leatai.com\/fi\/tuote-osasto\/lahja-ja-nahkatuotteet\/huopatuotteet\/"},{"@type":"ListItem","position":5,"name":"Patentoitu huopainen lasinalunen"}]},{"@type":"WebSite","@id":"https:\/\/leatai.com\/fi\/#website","url":"https:\/\/leatai.com\/fi\/","name":"Leatai \u2013 R\u00e4\u00e4t\u00e4l\u00f6ityjen muistikirjojen valmistaja","description":"Leatai tarjoaa r\u00e4\u00e4t\u00e4l\u00f6ityj\u00e4 muistikirjoja ja suunnittelijoita br\u00e4ndeille ja j\u00e4lleenmyyjille maailmanlaajuisesti.","publisher":{"@id":"https:\/\/leatai.com\/fi\/#organization"},"potentialAction":[{"@type":"SearchAction","target":{"@type":"EntryPoint","urlTemplate":"https:\/\/leatai.com\/fi\/?s={search_term_string}"},"query-input":{"@type":"PropertyValueSpecification","valueRequired":true,"valueName":"search_term_string"}}],"inLanguage":"fi"},{"@type":"Organization","@id":"https:\/\/leatai.com\/fi\/#organization","name":"Leatai Diary, customized journal and business organizer","url":"https:\/\/leatai.com\/fi\/","logo":{"@type":"ImageObject","inLanguage":"fi","@id":"https:\/\/leatai.com\/fi\/#\/schema\/logo\/image\/","url":"https:\/\/leatai.com\/wp-content\/uploads\/logo-blue.png","contentUrl":"https:\/\/leatai.com\/wp-content\/uploads\/logo-blue.png","width":230,"height":60,"caption":"Leatai Diary, customized journal and business organizer"},"image":{"@id":"https:\/\/leatai.com\/fi\/#\/schema\/logo\/image\/"}}]}},"_links":{"self":[{"href":"https:\/\/leatai.com\/fi\/wp-json\/wp\/v2\/product\/249597","targetHints":{"allow":["GET"]}}],"collection":[{"href":"https:\/\/leatai.com\/fi\/wp-json\/wp\/v2\/product"}],"about":[{"href":"https:\/\/leatai.com\/fi\/wp-json\/wp\/v2\/types\/product"}],"wp:featuredmedia":[{"embeddable":true,"href":"https:\/\/leatai.com\/fi\/wp-json\/wp\/v2\/media\/249598"}],"wp:attachment":[{"href":"https:\/\/leatai.com\/fi\/wp-json\/wp\/v2\/media?parent=249597"}],"wp:term":[{"taxonomy":"product_brand","embeddable":true,"href":"https:\/\/leatai.com\/fi\/wp-json\/wp\/v2\/product_brand?post=249597"},{"taxonomy":"product_cat","embeddable":true,"href":"https:\/\/leatai.com\/fi\/wp-json\/wp\/v2\/product_cat?post=249597"},{"taxonomy":"product_tag","embeddable":true,"href":"https:\/\/leatai.com\/fi\/wp-json\/wp\/v2\/product_tag?post=249597"},{"taxonomy":"home_works","embeddable":true,"href":"https:\/\/leatai.com\/fi\/wp-json\/wp\/v2\/home_works?post=249597"}],"curies":[{"name":"wp","href":"https:\/\/api.w.org\/{rel}","templated":true}]}}