{"id":249591,"date":"2021-06-24T13:22:46","date_gmt":"2021-06-24T05:22:46","guid":{"rendered":"https:\/\/leatai.com\/product\/Ei-luokiteltu\/aito-nahka-kasintehdyn-tuntuinen-passikotelo\/"},"modified":"2025-12-23T14:30:40","modified_gmt":"2025-12-23T06:30:40","slug":"aito-nahka-kasintehdyn-tuntuinen-passikotelo","status":"publish","type":"product","link":"https:\/\/leatai.com\/fi\/product\/lahja-ja-nahkatuotteet\/nahka-ja-toimistotarvikkeet\/aito-nahka-kasintehdyn-tuntuinen-passikotelo\/","title":{"rendered":"Aito nahka \u2013 k\u00e4sintehdyn tuntuinen passikotelo"},"content":{"rendered":"<p>Materiaali: aito tuontinaudan nahka<br \/>\nPakkaus: OPP-pussi<\/p>\n<p>Tuotekuvaus<\/p>\n<p>Kuvissa oleva n\u00e4ytekappale on ommeltu k\u00e4sin vahalangalla. Massatuotannossa k\u00e4ytet\u00e4\u00e4n paksua lankaa koneompelussa viimeistellymm\u00e4n lopputuloksen saavuttamiseksi.<br \/>\nLis\u00e4ksi voidaan r\u00e4\u00e4t\u00e4l\u00f6id\u00e4 muita aitoja nahkatuotteita, kuten aidot nahkakotelot, aidot nahkaiset kolikkokukkarot, aidot nahkaiset passikotelot, aidot nahkaiset k\u00e4yntikorttikotelot ja aidot nahkaiset henkil\u00f6korttikotelot sek\u00e4 monenlaisia muita nahkatuotteita.<\/p>\n","protected":false},"excerpt":{"rendered":"<p>Materiaali: aito tuontinaudan nahka Pakkaus: OPP-pussi Tuotekuvaus Kuvissa oleva n\u00e4ytekappale on ommeltu k\u00e4sin vahalangalla. Massatuotannossa k\u00e4ytet\u00e4\u00e4n paksua lankaa koneompelussa viimeistellymm\u00e4n lopputuloksen saavuttamiseksi. Lis\u00e4ksi voidaan r\u00e4\u00e4t\u00e4l\u00f6id\u00e4 muita aitoja nahkatuotteita, kuten aidot nahkakotelot, aidot nahkaiset kolikkokukkarot, aidot nahkaiset passikotelot, aidot nahkaiset k\u00e4yntikorttikotelot ja aidot nahkaiset henkil\u00f6korttikotelot sek\u00e4 monenlaisia muita nahkatuotteita.<\/p>\n","protected":false},"featured_media":249592,"template":"","meta":{"_acf_changed":false},"product_brand":[],"product_cat":[1126],"product_tag":[],"home_works":[],"class_list":{"0":"post-249591","1":"product","2":"type-product","3":"status-publish","4":"has-post-thumbnail","6":"product_cat-nahka-ja-toimistotarvikkeet","8":"first","9":"instock","10":"sold-individually","11":"shipping-taxable","12":"purchasable","13":"product-type-simple"},"acf":[],"yoast_head":"<!-- This site is optimized with the Yoast SEO plugin v27.2 - https:\/\/yoast.com\/product\/yoast-seo-wordpress\/ -->\n<title>Aito nahka \u2013 k\u00e4sintehdyn tuntuinen passikotelo - Leatai \u2013 R\u00e4\u00e4t\u00e4l\u00f6ityjen muistikirjojen valmistaja<\/title>\n<meta name=\"description\" content=\"K\u00e4sintehdyn tuntua korostava passikotelo painottaa yksil\u00f6llist\u00e4 ilmett\u00e4. Aidosta nahasta valmistettuna se muuttuu pitk\u00e4aikaisessa k\u00e4yt\u00f6ss\u00e4 yh\u00e4 persoonallisemmaksi. Harvinainen ja k\u00e4yt\u00e4nn\u00f6llinen nahkatuote.\" \/>\n<meta name=\"robots\" content=\"index, follow, max-snippet:-1, max-image-preview:large, max-video-preview:-1\" \/>\n<link rel=\"canonical\" href=\"https:\/\/leatai.com\/fi\/product\/lahja-ja-nahkatuotteet\/nahka-ja-toimistotarvikkeet\/aito-nahka-kasintehdyn-tuntuinen-passikotelo\/\" \/>\n<meta property=\"og:locale\" content=\"fi_FI\" \/>\n<meta property=\"og:type\" content=\"article\" \/>\n<meta property=\"og:title\" content=\"Aito nahka \u2013 k\u00e4sintehdyn tuntuinen passikotelo - Leatai \u2013 R\u00e4\u00e4t\u00e4l\u00f6ityjen muistikirjojen valmistaja\" \/>\n<meta property=\"og:description\" content=\"K\u00e4sintehdyn tuntua korostava passikotelo painottaa yksil\u00f6llist\u00e4 ilmett\u00e4. Aidosta nahasta valmistettuna se muuttuu pitk\u00e4aikaisessa k\u00e4yt\u00f6ss\u00e4 yh\u00e4 persoonallisemmaksi. Harvinainen ja k\u00e4yt\u00e4nn\u00f6llinen nahkatuote.\" \/>\n<meta property=\"og:url\" content=\"https:\/\/leatai.com\/fi\/product\/lahja-ja-nahkatuotteet\/nahka-ja-toimistotarvikkeet\/aito-nahka-kasintehdyn-tuntuinen-passikotelo\/\" \/>\n<meta property=\"og:site_name\" content=\"Leatai \u2013 R\u00e4\u00e4t\u00e4l\u00f6ityjen muistikirjojen valmistaja\" \/>\n<meta property=\"article:modified_time\" content=\"2025-12-23T06:30:40+00:00\" \/>\n<meta property=\"og:image\" content=\"https:\/\/leatai.com\/wp-content\/uploads\/2016_01_20_1757440.jpg\" \/>\n\t<meta property=\"og:image:width\" content=\"1000\" \/>\n\t<meta property=\"og:image:height\" content=\"750\" \/>\n\t<meta property=\"og:image:type\" content=\"image\/jpeg\" \/>\n<meta name=\"twitter:card\" content=\"summary_large_image\" \/>\n<meta name=\"twitter:label1\" content=\"Arvioitu lukuaika\" \/>\n\t<meta name=\"twitter:data1\" content=\"1 minuutti\" \/>\n<script type=\"application\/ld+json\" class=\"yoast-schema-graph\">{\"@context\":\"https:\/\/schema.org\",\"@graph\":[{\"@type\":\"WebPage\",\"@id\":\"https:\/\/leatai.com\/fi\/product\/lahja-ja-nahkatuotteet\/nahka-ja-toimistotarvikkeet\/aito-nahka-kasintehdyn-tuntuinen-passikotelo\/\",\"url\":\"https:\/\/leatai.com\/fi\/product\/lahja-ja-nahkatuotteet\/nahka-ja-toimistotarvikkeet\/aito-nahka-kasintehdyn-tuntuinen-passikotelo\/\",\"name\":\"Aito nahka \u2013 k\u00e4sintehdyn tuntuinen passikotelo - Leatai \u2013 R\u00e4\u00e4t\u00e4l\u00f6ityjen muistikirjojen valmistaja\",\"isPartOf\":{\"@id\":\"https:\/\/leatai.com\/fi\/#website\"},\"primaryImageOfPage\":{\"@id\":\"https:\/\/leatai.com\/fi\/product\/lahja-ja-nahkatuotteet\/nahka-ja-toimistotarvikkeet\/aito-nahka-kasintehdyn-tuntuinen-passikotelo\/#primaryimage\"},\"image\":{\"@id\":\"https:\/\/leatai.com\/fi\/product\/lahja-ja-nahkatuotteet\/nahka-ja-toimistotarvikkeet\/aito-nahka-kasintehdyn-tuntuinen-passikotelo\/#primaryimage\"},\"thumbnailUrl\":\"https:\/\/leatai.com\/wp-content\/uploads\/2016_01_20_1757440.jpg\",\"datePublished\":\"2021-06-24T05:22:46+00:00\",\"dateModified\":\"2025-12-23T06:30:40+00:00\",\"description\":\"K\u00e4sintehdyn tuntua korostava passikotelo painottaa yksil\u00f6llist\u00e4 ilmett\u00e4. Aidosta nahasta valmistettuna se muuttuu pitk\u00e4aikaisessa k\u00e4yt\u00f6ss\u00e4 yh\u00e4 persoonallisemmaksi. Harvinainen ja k\u00e4yt\u00e4nn\u00f6llinen nahkatuote.\",\"breadcrumb\":{\"@id\":\"https:\/\/leatai.com\/fi\/product\/lahja-ja-nahkatuotteet\/nahka-ja-toimistotarvikkeet\/aito-nahka-kasintehdyn-tuntuinen-passikotelo\/#breadcrumb\"},\"inLanguage\":\"fi\",\"potentialAction\":[{\"@type\":\"ReadAction\",\"target\":[\"https:\/\/leatai.com\/fi\/product\/lahja-ja-nahkatuotteet\/nahka-ja-toimistotarvikkeet\/aito-nahka-kasintehdyn-tuntuinen-passikotelo\/\"]}]},{\"@type\":\"ImageObject\",\"inLanguage\":\"fi\",\"@id\":\"https:\/\/leatai.com\/fi\/product\/lahja-ja-nahkatuotteet\/nahka-ja-toimistotarvikkeet\/aito-nahka-kasintehdyn-tuntuinen-passikotelo\/#primaryimage\",\"url\":\"https:\/\/leatai.com\/wp-content\/uploads\/2016_01_20_1757440.jpg\",\"contentUrl\":\"https:\/\/leatai.com\/wp-content\/uploads\/2016_01_20_1757440.jpg\",\"width\":1000,\"height\":750},{\"@type\":\"BreadcrumbList\",\"@id\":\"https:\/\/leatai.com\/fi\/product\/lahja-ja-nahkatuotteet\/nahka-ja-toimistotarvikkeet\/aito-nahka-kasintehdyn-tuntuinen-passikotelo\/#breadcrumb\",\"itemListElement\":[{\"@type\":\"ListItem\",\"position\":1,\"name\":\"Home\",\"item\":\"https:\/\/leatai.com\/fi\/\"},{\"@type\":\"ListItem\",\"position\":2,\"name\":\"Tuote-esittely\",\"item\":\"https:\/\/leatai.com\/products\/\"},{\"@type\":\"ListItem\",\"position\":3,\"name\":\"Lahja- ja nahkatuotteet\",\"item\":\"https:\/\/leatai.com\/fi\/tuote-osasto\/lahja-ja-nahkatuotteet\/\"},{\"@type\":\"ListItem\",\"position\":4,\"name\":\"Nahka- ja toimistotarvikkeet\",\"item\":\"https:\/\/leatai.com\/fi\/tuote-osasto\/lahja-ja-nahkatuotteet\/nahka-ja-toimistotarvikkeet\/\"},{\"@type\":\"ListItem\",\"position\":5,\"name\":\"Aito nahka \u2013 k\u00e4sintehdyn tuntuinen passikotelo\"}]},{\"@type\":\"WebSite\",\"@id\":\"https:\/\/leatai.com\/fi\/#website\",\"url\":\"https:\/\/leatai.com\/fi\/\",\"name\":\"Leatai \u2013 R\u00e4\u00e4t\u00e4l\u00f6ityjen muistikirjojen valmistaja\",\"description\":\"Leatai tarjoaa r\u00e4\u00e4t\u00e4l\u00f6ityj\u00e4 muistikirjoja ja suunnittelijoita br\u00e4ndeille ja j\u00e4lleenmyyjille maailmanlaajuisesti.\",\"publisher\":{\"@id\":\"https:\/\/leatai.com\/fi\/#organization\"},\"potentialAction\":[{\"@type\":\"SearchAction\",\"target\":{\"@type\":\"EntryPoint\",\"urlTemplate\":\"https:\/\/leatai.com\/fi\/?s={search_term_string}\"},\"query-input\":{\"@type\":\"PropertyValueSpecification\",\"valueRequired\":true,\"valueName\":\"search_term_string\"}}],\"inLanguage\":\"fi\"},{\"@type\":\"Organization\",\"@id\":\"https:\/\/leatai.com\/fi\/#organization\",\"name\":\"Leatai Diary, customized journal and business organizer\",\"url\":\"https:\/\/leatai.com\/fi\/\",\"logo\":{\"@type\":\"ImageObject\",\"inLanguage\":\"fi\",\"@id\":\"https:\/\/leatai.com\/fi\/#\/schema\/logo\/image\/\",\"url\":\"https:\/\/leatai.com\/wp-content\/uploads\/logo-blue.png\",\"contentUrl\":\"https:\/\/leatai.com\/wp-content\/uploads\/logo-blue.png\",\"width\":230,\"height\":60,\"caption\":\"Leatai Diary, customized journal and business organizer\"},\"image\":{\"@id\":\"https:\/\/leatai.com\/fi\/#\/schema\/logo\/image\/\"}}]}<\/script>\n<!-- \/ Yoast SEO plugin. -->","yoast_head_json":{"title":"Aito nahka \u2013 k\u00e4sintehdyn tuntuinen passikotelo - Leatai \u2013 R\u00e4\u00e4t\u00e4l\u00f6ityjen muistikirjojen valmistaja","description":"K\u00e4sintehdyn tuntua korostava passikotelo painottaa yksil\u00f6llist\u00e4 ilmett\u00e4. Aidosta nahasta valmistettuna se muuttuu pitk\u00e4aikaisessa k\u00e4yt\u00f6ss\u00e4 yh\u00e4 persoonallisemmaksi. Harvinainen ja k\u00e4yt\u00e4nn\u00f6llinen nahkatuote.","robots":{"index":"index","follow":"follow","max-snippet":"max-snippet:-1","max-image-preview":"max-image-preview:large","max-video-preview":"max-video-preview:-1"},"canonical":"https:\/\/leatai.com\/fi\/product\/lahja-ja-nahkatuotteet\/nahka-ja-toimistotarvikkeet\/aito-nahka-kasintehdyn-tuntuinen-passikotelo\/","og_locale":"fi_FI","og_type":"article","og_title":"Aito nahka \u2013 k\u00e4sintehdyn tuntuinen passikotelo - Leatai \u2013 R\u00e4\u00e4t\u00e4l\u00f6ityjen muistikirjojen valmistaja","og_description":"K\u00e4sintehdyn tuntua korostava passikotelo painottaa yksil\u00f6llist\u00e4 ilmett\u00e4. Aidosta nahasta valmistettuna se muuttuu pitk\u00e4aikaisessa k\u00e4yt\u00f6ss\u00e4 yh\u00e4 persoonallisemmaksi. Harvinainen ja k\u00e4yt\u00e4nn\u00f6llinen nahkatuote.","og_url":"https:\/\/leatai.com\/fi\/product\/lahja-ja-nahkatuotteet\/nahka-ja-toimistotarvikkeet\/aito-nahka-kasintehdyn-tuntuinen-passikotelo\/","og_site_name":"Leatai \u2013 R\u00e4\u00e4t\u00e4l\u00f6ityjen muistikirjojen valmistaja","article_modified_time":"2025-12-23T06:30:40+00:00","og_image":[{"width":1000,"height":750,"url":"https:\/\/leatai.com\/wp-content\/uploads\/2016_01_20_1757440.jpg","type":"image\/jpeg"}],"twitter_card":"summary_large_image","twitter_misc":{"Arvioitu lukuaika":"1 minuutti"},"schema":{"@context":"https:\/\/schema.org","@graph":[{"@type":"WebPage","@id":"https:\/\/leatai.com\/fi\/product\/lahja-ja-nahkatuotteet\/nahka-ja-toimistotarvikkeet\/aito-nahka-kasintehdyn-tuntuinen-passikotelo\/","url":"https:\/\/leatai.com\/fi\/product\/lahja-ja-nahkatuotteet\/nahka-ja-toimistotarvikkeet\/aito-nahka-kasintehdyn-tuntuinen-passikotelo\/","name":"Aito nahka \u2013 k\u00e4sintehdyn tuntuinen passikotelo - Leatai \u2013 R\u00e4\u00e4t\u00e4l\u00f6ityjen muistikirjojen valmistaja","isPartOf":{"@id":"https:\/\/leatai.com\/fi\/#website"},"primaryImageOfPage":{"@id":"https:\/\/leatai.com\/fi\/product\/lahja-ja-nahkatuotteet\/nahka-ja-toimistotarvikkeet\/aito-nahka-kasintehdyn-tuntuinen-passikotelo\/#primaryimage"},"image":{"@id":"https:\/\/leatai.com\/fi\/product\/lahja-ja-nahkatuotteet\/nahka-ja-toimistotarvikkeet\/aito-nahka-kasintehdyn-tuntuinen-passikotelo\/#primaryimage"},"thumbnailUrl":"https:\/\/leatai.com\/wp-content\/uploads\/2016_01_20_1757440.jpg","datePublished":"2021-06-24T05:22:46+00:00","dateModified":"2025-12-23T06:30:40+00:00","description":"K\u00e4sintehdyn tuntua korostava passikotelo painottaa yksil\u00f6llist\u00e4 ilmett\u00e4. Aidosta nahasta valmistettuna se muuttuu pitk\u00e4aikaisessa k\u00e4yt\u00f6ss\u00e4 yh\u00e4 persoonallisemmaksi. Harvinainen ja k\u00e4yt\u00e4nn\u00f6llinen nahkatuote.","breadcrumb":{"@id":"https:\/\/leatai.com\/fi\/product\/lahja-ja-nahkatuotteet\/nahka-ja-toimistotarvikkeet\/aito-nahka-kasintehdyn-tuntuinen-passikotelo\/#breadcrumb"},"inLanguage":"fi","potentialAction":[{"@type":"ReadAction","target":["https:\/\/leatai.com\/fi\/product\/lahja-ja-nahkatuotteet\/nahka-ja-toimistotarvikkeet\/aito-nahka-kasintehdyn-tuntuinen-passikotelo\/"]}]},{"@type":"ImageObject","inLanguage":"fi","@id":"https:\/\/leatai.com\/fi\/product\/lahja-ja-nahkatuotteet\/nahka-ja-toimistotarvikkeet\/aito-nahka-kasintehdyn-tuntuinen-passikotelo\/#primaryimage","url":"https:\/\/leatai.com\/wp-content\/uploads\/2016_01_20_1757440.jpg","contentUrl":"https:\/\/leatai.com\/wp-content\/uploads\/2016_01_20_1757440.jpg","width":1000,"height":750},{"@type":"BreadcrumbList","@id":"https:\/\/leatai.com\/fi\/product\/lahja-ja-nahkatuotteet\/nahka-ja-toimistotarvikkeet\/aito-nahka-kasintehdyn-tuntuinen-passikotelo\/#breadcrumb","itemListElement":[{"@type":"ListItem","position":1,"name":"Home","item":"https:\/\/leatai.com\/fi\/"},{"@type":"ListItem","position":2,"name":"Tuote-esittely","item":"https:\/\/leatai.com\/products\/"},{"@type":"ListItem","position":3,"name":"Lahja- ja nahkatuotteet","item":"https:\/\/leatai.com\/fi\/tuote-osasto\/lahja-ja-nahkatuotteet\/"},{"@type":"ListItem","position":4,"name":"Nahka- ja toimistotarvikkeet","item":"https:\/\/leatai.com\/fi\/tuote-osasto\/lahja-ja-nahkatuotteet\/nahka-ja-toimistotarvikkeet\/"},{"@type":"ListItem","position":5,"name":"Aito nahka \u2013 k\u00e4sintehdyn tuntuinen passikotelo"}]},{"@type":"WebSite","@id":"https:\/\/leatai.com\/fi\/#website","url":"https:\/\/leatai.com\/fi\/","name":"Leatai \u2013 R\u00e4\u00e4t\u00e4l\u00f6ityjen muistikirjojen valmistaja","description":"Leatai tarjoaa r\u00e4\u00e4t\u00e4l\u00f6ityj\u00e4 muistikirjoja ja suunnittelijoita br\u00e4ndeille ja j\u00e4lleenmyyjille maailmanlaajuisesti.","publisher":{"@id":"https:\/\/leatai.com\/fi\/#organization"},"potentialAction":[{"@type":"SearchAction","target":{"@type":"EntryPoint","urlTemplate":"https:\/\/leatai.com\/fi\/?s={search_term_string}"},"query-input":{"@type":"PropertyValueSpecification","valueRequired":true,"valueName":"search_term_string"}}],"inLanguage":"fi"},{"@type":"Organization","@id":"https:\/\/leatai.com\/fi\/#organization","name":"Leatai Diary, customized journal and business organizer","url":"https:\/\/leatai.com\/fi\/","logo":{"@type":"ImageObject","inLanguage":"fi","@id":"https:\/\/leatai.com\/fi\/#\/schema\/logo\/image\/","url":"https:\/\/leatai.com\/wp-content\/uploads\/logo-blue.png","contentUrl":"https:\/\/leatai.com\/wp-content\/uploads\/logo-blue.png","width":230,"height":60,"caption":"Leatai Diary, customized journal and business organizer"},"image":{"@id":"https:\/\/leatai.com\/fi\/#\/schema\/logo\/image\/"}}]}},"_links":{"self":[{"href":"https:\/\/leatai.com\/fi\/wp-json\/wp\/v2\/product\/249591","targetHints":{"allow":["GET"]}}],"collection":[{"href":"https:\/\/leatai.com\/fi\/wp-json\/wp\/v2\/product"}],"about":[{"href":"https:\/\/leatai.com\/fi\/wp-json\/wp\/v2\/types\/product"}],"wp:featuredmedia":[{"embeddable":true,"href":"https:\/\/leatai.com\/fi\/wp-json\/wp\/v2\/media\/249592"}],"wp:attachment":[{"href":"https:\/\/leatai.com\/fi\/wp-json\/wp\/v2\/media?parent=249591"}],"wp:term":[{"taxonomy":"product_brand","embeddable":true,"href":"https:\/\/leatai.com\/fi\/wp-json\/wp\/v2\/product_brand?post=249591"},{"taxonomy":"product_cat","embeddable":true,"href":"https:\/\/leatai.com\/fi\/wp-json\/wp\/v2\/product_cat?post=249591"},{"taxonomy":"product_tag","embeddable":true,"href":"https:\/\/leatai.com\/fi\/wp-json\/wp\/v2\/product_tag?post=249591"},{"taxonomy":"home_works","embeddable":true,"href":"https:\/\/leatai.com\/fi\/wp-json\/wp\/v2\/home_works?post=249591"}],"curies":[{"name":"wp","href":"https:\/\/api.w.org\/{rel}","templated":true}]}}