{"id":249582,"date":"2021-06-24T13:23:08","date_gmt":"2021-06-24T05:23:08","guid":{"rendered":"https:\/\/leatai.com\/product\/Ei-luokiteltu\/henkilokorttikotelo\/"},"modified":"2025-12-23T14:25:16","modified_gmt":"2025-12-23T06:25:16","slug":"henkilokorttikotelo","status":"publish","type":"product","link":"https:\/\/leatai.com\/fi\/product\/lahja-ja-nahkatuotteet\/nahka-ja-toimistotarvikkeet\/henkilokorttikotelo\/","title":{"rendered":"Henkil\u00f6korttikotelo"},"content":{"rendered":"<p>Tuotemalli: aito nahkainen henkil\u00f6korttikotelo<br \/>\nMateriaali: aito naudannahka, minimitilaus 200 kpl \/ tekonahka, minimitilaus 500 kpl<br \/>\nV\u00e4rit: musta, ruskea<br \/>\nPakkaus: OPP-pussi (valinnainen)<br \/>\nLOGO-viimeistelytavat: kuumapainatus kullalla, kuumapainatus hopealla, polttomerkint\u00e4<\/p>\n<p>Tuotekuvaus<\/p>\n<p>Henkil\u00f6korttikotelo on perustoimistotarvike, jota l\u00e4hes jokainen yritys tarvitsee. R\u00e4\u00e4t\u00e4l\u00f6ity palvelu kohottaa huomattavasti yrityksesi tyyli\u00e4 ja j\u00e4tt\u00e4\u00e4 asiakkaisiin vahvan ja mieleenpainuvan vaikutelman.<br \/>\nLis\u00e4ksi voidaan tilata muita aitoja nahkatuotteita, kuten aidot nahkakotelot, aidot nahkaiset kolikkokukkarot, aidot nahkaiset passikotelot, aidot nahkaiset k\u00e4yntikorttikotelot ja aidot nahkaiset henkil\u00f6korttikotelot sek\u00e4 monenlaisia muita nahkatuotteita. Ota yhteytt\u00e4.<\/p>\n","protected":false},"excerpt":{"rendered":"<p>Tuotemalli: aito nahkainen henkil\u00f6korttikotelo Materiaali: aito naudannahka, minimitilaus 200 kpl \/ tekonahka, minimitilaus 500 kpl V\u00e4rit: musta, ruskea Pakkaus: OPP-pussi (valinnainen) LOGO-viimeistelytavat: kuumapainatus kullalla, kuumapainatus hopealla, polttomerkint\u00e4 Tuotekuvaus Henkil\u00f6korttikotelo on perustoimistotarvike, jota l\u00e4hes jokainen yritys tarvitsee. R\u00e4\u00e4t\u00e4l\u00f6ity palvelu kohottaa huomattavasti yrityksesi tyyli\u00e4 ja j\u00e4tt\u00e4\u00e4 asiakkaisiin vahvan ja mieleenpainuvan vaikutelman. Lis\u00e4ksi voidaan tilata muita aitoja nahkatuotteita, [&hellip;]<\/p>\n","protected":false},"featured_media":249583,"template":"","meta":{"_acf_changed":false},"product_brand":[],"product_cat":[1113,1126],"product_tag":[],"home_works":[],"class_list":{"0":"post-249582","1":"product","2":"type-product","3":"status-publish","4":"has-post-thumbnail","6":"product_cat-lahja-ja-nahkatuotteet","7":"product_cat-nahka-ja-toimistotarvikkeet","9":"first","10":"instock","11":"sold-individually","12":"shipping-taxable","13":"purchasable","14":"product-type-simple"},"acf":[],"yoast_head":"<!-- This site is optimized with the Yoast SEO plugin v27.2 - https:\/\/yoast.com\/product\/yoast-seo-wordpress\/ -->\n<title>Henkil\u00f6korttikotelo - Leatai \u2013 R\u00e4\u00e4t\u00e4l\u00f6ityjen muistikirjojen valmistaja<\/title>\n<meta name=\"description\" content=\"Aito nahkainen henkil\u00f6korttikotelo tai nahkainen korttikotelo on ty\u00f6el\u00e4m\u00e4ss\u00e4 eritt\u00e4in k\u00e4yt\u00e4nn\u00f6llinen nahkatuote. Mit\u00e4 pidemp\u00e4\u00e4n sit\u00e4 k\u00e4ytet\u00e4\u00e4n, sit\u00e4 enemm\u00e4n siihen muodostuu henkil\u00f6kohtaista luonnetta, mik\u00e4 korostaa k\u00e4ytt\u00e4j\u00e4n makua entisest\u00e4\u00e4n. Se on eritt\u00e4in suositeltava liikelahjatuote.\" \/>\n<meta name=\"robots\" content=\"index, follow, max-snippet:-1, max-image-preview:large, max-video-preview:-1\" \/>\n<link rel=\"canonical\" href=\"https:\/\/leatai.com\/fi\/product\/lahja-ja-nahkatuotteet\/nahka-ja-toimistotarvikkeet\/henkilokorttikotelo\/\" \/>\n<meta property=\"og:locale\" content=\"fi_FI\" \/>\n<meta property=\"og:type\" content=\"article\" \/>\n<meta property=\"og:title\" content=\"Henkil\u00f6korttikotelo - Leatai \u2013 R\u00e4\u00e4t\u00e4l\u00f6ityjen muistikirjojen valmistaja\" \/>\n<meta property=\"og:description\" content=\"Aito nahkainen henkil\u00f6korttikotelo tai nahkainen korttikotelo on ty\u00f6el\u00e4m\u00e4ss\u00e4 eritt\u00e4in k\u00e4yt\u00e4nn\u00f6llinen nahkatuote. Mit\u00e4 pidemp\u00e4\u00e4n sit\u00e4 k\u00e4ytet\u00e4\u00e4n, sit\u00e4 enemm\u00e4n siihen muodostuu henkil\u00f6kohtaista luonnetta, mik\u00e4 korostaa k\u00e4ytt\u00e4j\u00e4n makua entisest\u00e4\u00e4n. Se on eritt\u00e4in suositeltava liikelahjatuote.\" \/>\n<meta property=\"og:url\" content=\"https:\/\/leatai.com\/fi\/product\/lahja-ja-nahkatuotteet\/nahka-ja-toimistotarvikkeet\/henkilokorttikotelo\/\" \/>\n<meta property=\"og:site_name\" content=\"Leatai \u2013 R\u00e4\u00e4t\u00e4l\u00f6ityjen muistikirjojen valmistaja\" \/>\n<meta property=\"article:modified_time\" content=\"2025-12-23T06:25:16+00:00\" \/>\n<meta property=\"og:image\" content=\"https:\/\/leatai.com\/wp-content\/uploads\/2016_01_16_1731230.jpg\" \/>\n\t<meta property=\"og:image:width\" content=\"1000\" \/>\n\t<meta property=\"og:image:height\" content=\"750\" \/>\n\t<meta property=\"og:image:type\" content=\"image\/jpeg\" \/>\n<meta name=\"twitter:card\" content=\"summary_large_image\" \/>\n<meta name=\"twitter:label1\" content=\"Arvioitu lukuaika\" \/>\n\t<meta name=\"twitter:data1\" content=\"1 minuutti\" \/>\n<script type=\"application\/ld+json\" class=\"yoast-schema-graph\">{\"@context\":\"https:\/\/schema.org\",\"@graph\":[{\"@type\":\"WebPage\",\"@id\":\"https:\/\/leatai.com\/fi\/product\/lahja-ja-nahkatuotteet\/nahka-ja-toimistotarvikkeet\/henkilokorttikotelo\/\",\"url\":\"https:\/\/leatai.com\/fi\/product\/lahja-ja-nahkatuotteet\/nahka-ja-toimistotarvikkeet\/henkilokorttikotelo\/\",\"name\":\"Henkil\u00f6korttikotelo - Leatai \u2013 R\u00e4\u00e4t\u00e4l\u00f6ityjen muistikirjojen valmistaja\",\"isPartOf\":{\"@id\":\"https:\/\/leatai.com\/fi\/#website\"},\"primaryImageOfPage\":{\"@id\":\"https:\/\/leatai.com\/fi\/product\/lahja-ja-nahkatuotteet\/nahka-ja-toimistotarvikkeet\/henkilokorttikotelo\/#primaryimage\"},\"image\":{\"@id\":\"https:\/\/leatai.com\/fi\/product\/lahja-ja-nahkatuotteet\/nahka-ja-toimistotarvikkeet\/henkilokorttikotelo\/#primaryimage\"},\"thumbnailUrl\":\"https:\/\/leatai.com\/wp-content\/uploads\/2016_01_16_1731230.jpg\",\"datePublished\":\"2021-06-24T05:23:08+00:00\",\"dateModified\":\"2025-12-23T06:25:16+00:00\",\"description\":\"Aito nahkainen henkil\u00f6korttikotelo tai nahkainen korttikotelo on ty\u00f6el\u00e4m\u00e4ss\u00e4 eritt\u00e4in k\u00e4yt\u00e4nn\u00f6llinen nahkatuote. Mit\u00e4 pidemp\u00e4\u00e4n sit\u00e4 k\u00e4ytet\u00e4\u00e4n, sit\u00e4 enemm\u00e4n siihen muodostuu henkil\u00f6kohtaista luonnetta, mik\u00e4 korostaa k\u00e4ytt\u00e4j\u00e4n makua entisest\u00e4\u00e4n. Se on eritt\u00e4in suositeltava liikelahjatuote.\",\"breadcrumb\":{\"@id\":\"https:\/\/leatai.com\/fi\/product\/lahja-ja-nahkatuotteet\/nahka-ja-toimistotarvikkeet\/henkilokorttikotelo\/#breadcrumb\"},\"inLanguage\":\"fi\",\"potentialAction\":[{\"@type\":\"ReadAction\",\"target\":[\"https:\/\/leatai.com\/fi\/product\/lahja-ja-nahkatuotteet\/nahka-ja-toimistotarvikkeet\/henkilokorttikotelo\/\"]}]},{\"@type\":\"ImageObject\",\"inLanguage\":\"fi\",\"@id\":\"https:\/\/leatai.com\/fi\/product\/lahja-ja-nahkatuotteet\/nahka-ja-toimistotarvikkeet\/henkilokorttikotelo\/#primaryimage\",\"url\":\"https:\/\/leatai.com\/wp-content\/uploads\/2016_01_16_1731230.jpg\",\"contentUrl\":\"https:\/\/leatai.com\/wp-content\/uploads\/2016_01_16_1731230.jpg\",\"width\":1000,\"height\":750},{\"@type\":\"BreadcrumbList\",\"@id\":\"https:\/\/leatai.com\/fi\/product\/lahja-ja-nahkatuotteet\/nahka-ja-toimistotarvikkeet\/henkilokorttikotelo\/#breadcrumb\",\"itemListElement\":[{\"@type\":\"ListItem\",\"position\":1,\"name\":\"Home\",\"item\":\"https:\/\/leatai.com\/fi\/\"},{\"@type\":\"ListItem\",\"position\":2,\"name\":\"Tuote-esittely\",\"item\":\"https:\/\/leatai.com\/products\/\"},{\"@type\":\"ListItem\",\"position\":3,\"name\":\"Lahja- ja nahkatuotteet\",\"item\":\"https:\/\/leatai.com\/fi\/tuote-osasto\/lahja-ja-nahkatuotteet\/\"},{\"@type\":\"ListItem\",\"position\":4,\"name\":\"Henkil\u00f6korttikotelo\"}]},{\"@type\":\"WebSite\",\"@id\":\"https:\/\/leatai.com\/fi\/#website\",\"url\":\"https:\/\/leatai.com\/fi\/\",\"name\":\"Leatai \u2013 R\u00e4\u00e4t\u00e4l\u00f6ityjen muistikirjojen valmistaja\",\"description\":\"Leatai tarjoaa r\u00e4\u00e4t\u00e4l\u00f6ityj\u00e4 muistikirjoja ja suunnittelijoita br\u00e4ndeille ja j\u00e4lleenmyyjille maailmanlaajuisesti.\",\"publisher\":{\"@id\":\"https:\/\/leatai.com\/fi\/#organization\"},\"potentialAction\":[{\"@type\":\"SearchAction\",\"target\":{\"@type\":\"EntryPoint\",\"urlTemplate\":\"https:\/\/leatai.com\/fi\/?s={search_term_string}\"},\"query-input\":{\"@type\":\"PropertyValueSpecification\",\"valueRequired\":true,\"valueName\":\"search_term_string\"}}],\"inLanguage\":\"fi\"},{\"@type\":\"Organization\",\"@id\":\"https:\/\/leatai.com\/fi\/#organization\",\"name\":\"Leatai Diary, customized journal and business organizer\",\"url\":\"https:\/\/leatai.com\/fi\/\",\"logo\":{\"@type\":\"ImageObject\",\"inLanguage\":\"fi\",\"@id\":\"https:\/\/leatai.com\/fi\/#\/schema\/logo\/image\/\",\"url\":\"https:\/\/leatai.com\/wp-content\/uploads\/logo-blue.png\",\"contentUrl\":\"https:\/\/leatai.com\/wp-content\/uploads\/logo-blue.png\",\"width\":230,\"height\":60,\"caption\":\"Leatai Diary, customized journal and business organizer\"},\"image\":{\"@id\":\"https:\/\/leatai.com\/fi\/#\/schema\/logo\/image\/\"}}]}<\/script>\n<!-- \/ Yoast SEO plugin. -->","yoast_head_json":{"title":"Henkil\u00f6korttikotelo - Leatai \u2013 R\u00e4\u00e4t\u00e4l\u00f6ityjen muistikirjojen valmistaja","description":"Aito nahkainen henkil\u00f6korttikotelo tai nahkainen korttikotelo on ty\u00f6el\u00e4m\u00e4ss\u00e4 eritt\u00e4in k\u00e4yt\u00e4nn\u00f6llinen nahkatuote. Mit\u00e4 pidemp\u00e4\u00e4n sit\u00e4 k\u00e4ytet\u00e4\u00e4n, sit\u00e4 enemm\u00e4n siihen muodostuu henkil\u00f6kohtaista luonnetta, mik\u00e4 korostaa k\u00e4ytt\u00e4j\u00e4n makua entisest\u00e4\u00e4n. Se on eritt\u00e4in suositeltava liikelahjatuote.","robots":{"index":"index","follow":"follow","max-snippet":"max-snippet:-1","max-image-preview":"max-image-preview:large","max-video-preview":"max-video-preview:-1"},"canonical":"https:\/\/leatai.com\/fi\/product\/lahja-ja-nahkatuotteet\/nahka-ja-toimistotarvikkeet\/henkilokorttikotelo\/","og_locale":"fi_FI","og_type":"article","og_title":"Henkil\u00f6korttikotelo - Leatai \u2013 R\u00e4\u00e4t\u00e4l\u00f6ityjen muistikirjojen valmistaja","og_description":"Aito nahkainen henkil\u00f6korttikotelo tai nahkainen korttikotelo on ty\u00f6el\u00e4m\u00e4ss\u00e4 eritt\u00e4in k\u00e4yt\u00e4nn\u00f6llinen nahkatuote. Mit\u00e4 pidemp\u00e4\u00e4n sit\u00e4 k\u00e4ytet\u00e4\u00e4n, sit\u00e4 enemm\u00e4n siihen muodostuu henkil\u00f6kohtaista luonnetta, mik\u00e4 korostaa k\u00e4ytt\u00e4j\u00e4n makua entisest\u00e4\u00e4n. Se on eritt\u00e4in suositeltava liikelahjatuote.","og_url":"https:\/\/leatai.com\/fi\/product\/lahja-ja-nahkatuotteet\/nahka-ja-toimistotarvikkeet\/henkilokorttikotelo\/","og_site_name":"Leatai \u2013 R\u00e4\u00e4t\u00e4l\u00f6ityjen muistikirjojen valmistaja","article_modified_time":"2025-12-23T06:25:16+00:00","og_image":[{"width":1000,"height":750,"url":"https:\/\/leatai.com\/wp-content\/uploads\/2016_01_16_1731230.jpg","type":"image\/jpeg"}],"twitter_card":"summary_large_image","twitter_misc":{"Arvioitu lukuaika":"1 minuutti"},"schema":{"@context":"https:\/\/schema.org","@graph":[{"@type":"WebPage","@id":"https:\/\/leatai.com\/fi\/product\/lahja-ja-nahkatuotteet\/nahka-ja-toimistotarvikkeet\/henkilokorttikotelo\/","url":"https:\/\/leatai.com\/fi\/product\/lahja-ja-nahkatuotteet\/nahka-ja-toimistotarvikkeet\/henkilokorttikotelo\/","name":"Henkil\u00f6korttikotelo - Leatai \u2013 R\u00e4\u00e4t\u00e4l\u00f6ityjen muistikirjojen valmistaja","isPartOf":{"@id":"https:\/\/leatai.com\/fi\/#website"},"primaryImageOfPage":{"@id":"https:\/\/leatai.com\/fi\/product\/lahja-ja-nahkatuotteet\/nahka-ja-toimistotarvikkeet\/henkilokorttikotelo\/#primaryimage"},"image":{"@id":"https:\/\/leatai.com\/fi\/product\/lahja-ja-nahkatuotteet\/nahka-ja-toimistotarvikkeet\/henkilokorttikotelo\/#primaryimage"},"thumbnailUrl":"https:\/\/leatai.com\/wp-content\/uploads\/2016_01_16_1731230.jpg","datePublished":"2021-06-24T05:23:08+00:00","dateModified":"2025-12-23T06:25:16+00:00","description":"Aito nahkainen henkil\u00f6korttikotelo tai nahkainen korttikotelo on ty\u00f6el\u00e4m\u00e4ss\u00e4 eritt\u00e4in k\u00e4yt\u00e4nn\u00f6llinen nahkatuote. Mit\u00e4 pidemp\u00e4\u00e4n sit\u00e4 k\u00e4ytet\u00e4\u00e4n, sit\u00e4 enemm\u00e4n siihen muodostuu henkil\u00f6kohtaista luonnetta, mik\u00e4 korostaa k\u00e4ytt\u00e4j\u00e4n makua entisest\u00e4\u00e4n. Se on eritt\u00e4in suositeltava liikelahjatuote.","breadcrumb":{"@id":"https:\/\/leatai.com\/fi\/product\/lahja-ja-nahkatuotteet\/nahka-ja-toimistotarvikkeet\/henkilokorttikotelo\/#breadcrumb"},"inLanguage":"fi","potentialAction":[{"@type":"ReadAction","target":["https:\/\/leatai.com\/fi\/product\/lahja-ja-nahkatuotteet\/nahka-ja-toimistotarvikkeet\/henkilokorttikotelo\/"]}]},{"@type":"ImageObject","inLanguage":"fi","@id":"https:\/\/leatai.com\/fi\/product\/lahja-ja-nahkatuotteet\/nahka-ja-toimistotarvikkeet\/henkilokorttikotelo\/#primaryimage","url":"https:\/\/leatai.com\/wp-content\/uploads\/2016_01_16_1731230.jpg","contentUrl":"https:\/\/leatai.com\/wp-content\/uploads\/2016_01_16_1731230.jpg","width":1000,"height":750},{"@type":"BreadcrumbList","@id":"https:\/\/leatai.com\/fi\/product\/lahja-ja-nahkatuotteet\/nahka-ja-toimistotarvikkeet\/henkilokorttikotelo\/#breadcrumb","itemListElement":[{"@type":"ListItem","position":1,"name":"Home","item":"https:\/\/leatai.com\/fi\/"},{"@type":"ListItem","position":2,"name":"Tuote-esittely","item":"https:\/\/leatai.com\/products\/"},{"@type":"ListItem","position":3,"name":"Lahja- ja nahkatuotteet","item":"https:\/\/leatai.com\/fi\/tuote-osasto\/lahja-ja-nahkatuotteet\/"},{"@type":"ListItem","position":4,"name":"Henkil\u00f6korttikotelo"}]},{"@type":"WebSite","@id":"https:\/\/leatai.com\/fi\/#website","url":"https:\/\/leatai.com\/fi\/","name":"Leatai \u2013 R\u00e4\u00e4t\u00e4l\u00f6ityjen muistikirjojen valmistaja","description":"Leatai tarjoaa r\u00e4\u00e4t\u00e4l\u00f6ityj\u00e4 muistikirjoja ja suunnittelijoita br\u00e4ndeille ja j\u00e4lleenmyyjille maailmanlaajuisesti.","publisher":{"@id":"https:\/\/leatai.com\/fi\/#organization"},"potentialAction":[{"@type":"SearchAction","target":{"@type":"EntryPoint","urlTemplate":"https:\/\/leatai.com\/fi\/?s={search_term_string}"},"query-input":{"@type":"PropertyValueSpecification","valueRequired":true,"valueName":"search_term_string"}}],"inLanguage":"fi"},{"@type":"Organization","@id":"https:\/\/leatai.com\/fi\/#organization","name":"Leatai Diary, customized journal and business organizer","url":"https:\/\/leatai.com\/fi\/","logo":{"@type":"ImageObject","inLanguage":"fi","@id":"https:\/\/leatai.com\/fi\/#\/schema\/logo\/image\/","url":"https:\/\/leatai.com\/wp-content\/uploads\/logo-blue.png","contentUrl":"https:\/\/leatai.com\/wp-content\/uploads\/logo-blue.png","width":230,"height":60,"caption":"Leatai Diary, customized journal and business organizer"},"image":{"@id":"https:\/\/leatai.com\/fi\/#\/schema\/logo\/image\/"}}]}},"_links":{"self":[{"href":"https:\/\/leatai.com\/fi\/wp-json\/wp\/v2\/product\/249582","targetHints":{"allow":["GET"]}}],"collection":[{"href":"https:\/\/leatai.com\/fi\/wp-json\/wp\/v2\/product"}],"about":[{"href":"https:\/\/leatai.com\/fi\/wp-json\/wp\/v2\/types\/product"}],"wp:featuredmedia":[{"embeddable":true,"href":"https:\/\/leatai.com\/fi\/wp-json\/wp\/v2\/media\/249583"}],"wp:attachment":[{"href":"https:\/\/leatai.com\/fi\/wp-json\/wp\/v2\/media?parent=249582"}],"wp:term":[{"taxonomy":"product_brand","embeddable":true,"href":"https:\/\/leatai.com\/fi\/wp-json\/wp\/v2\/product_brand?post=249582"},{"taxonomy":"product_cat","embeddable":true,"href":"https:\/\/leatai.com\/fi\/wp-json\/wp\/v2\/product_cat?post=249582"},{"taxonomy":"product_tag","embeddable":true,"href":"https:\/\/leatai.com\/fi\/wp-json\/wp\/v2\/product_tag?post=249582"},{"taxonomy":"home_works","embeddable":true,"href":"https:\/\/leatai.com\/fi\/wp-json\/wp\/v2\/home_works?post=249582"}],"curies":[{"name":"wp","href":"https:\/\/api.w.org\/{rel}","templated":true}]}}