{"id":249569,"date":"2021-06-24T13:23:31","date_gmt":"2021-06-24T05:23:31","guid":{"rendered":"https:\/\/leatai.com\/product\/Ei-luokiteltu\/memo-pad\/"},"modified":"2025-12-23T14:19:47","modified_gmt":"2025-12-23T06:19:47","slug":"memo-pad","status":"publish","type":"product","link":"https:\/\/leatai.com\/fi\/product\/lahja-ja-nahkatuotteet\/nahka-ja-toimistotarvikkeet\/memo-pad\/","title":{"rendered":"memo pad"},"content":{"rendered":"<p>Muistilappulehti\u00f6 on k\u00e4tev\u00e4 apuv\u00e4line muistiinpanojen tekemiseen: helppo kuljettaa, yksinkertainen k\u00e4ytt\u00e4\u00e4 eik\u00e4 tarvitse huolehtia akun loppumisesta.<\/p>\n","protected":false},"excerpt":{"rendered":"<p>Muistilappulehti\u00f6 on k\u00e4tev\u00e4 apuv\u00e4line muistiinpanojen tekemiseen: helppo kuljettaa, yksinkertainen k\u00e4ytt\u00e4\u00e4 eik\u00e4 tarvitse huolehtia akun loppumisesta.<\/p>\n","protected":false},"featured_media":212701,"template":"","meta":{"_acf_changed":false},"product_brand":[],"product_cat":[1126],"product_tag":[],"home_works":[],"class_list":{"0":"post-249569","1":"product","2":"type-product","3":"status-publish","4":"has-post-thumbnail","6":"product_cat-nahka-ja-toimistotarvikkeet","8":"first","9":"instock","10":"sold-individually","11":"shipping-taxable","12":"purchasable","13":"product-type-simple"},"acf":[],"yoast_head":"<!-- This site is optimized with the Yoast SEO plugin v27.2 - https:\/\/yoast.com\/product\/yoast-seo-wordpress\/ -->\n<title>memo pad - Leatai \u2013 R\u00e4\u00e4t\u00e4l\u00f6ityjen muistikirjojen valmistaja<\/title>\n<meta name=\"description\" content=\"PU-tekonahasta valmistettu k\u00e4yt\u00e4nn\u00f6llinen memo pad on kevyt ja helppo sujauttaa taskuun. Se on eritt\u00e4in k\u00e4tev\u00e4 ty\u00f6tilanteissa, ja yksityiskohtia voidaan r\u00e4\u00e4t\u00e4l\u00f6id\u00e4 tarpeidesi mukaan, jotta se vastaa paremmin k\u00e4ytt\u00f6tottumuksiasi.\" \/>\n<meta name=\"robots\" content=\"index, follow, max-snippet:-1, max-image-preview:large, max-video-preview:-1\" \/>\n<link rel=\"canonical\" href=\"https:\/\/leatai.com\/fi\/product\/lahja-ja-nahkatuotteet\/nahka-ja-toimistotarvikkeet\/memo-pad\/\" \/>\n<meta property=\"og:locale\" content=\"fi_FI\" \/>\n<meta property=\"og:type\" content=\"article\" \/>\n<meta property=\"og:title\" content=\"memo pad - Leatai \u2013 R\u00e4\u00e4t\u00e4l\u00f6ityjen muistikirjojen valmistaja\" \/>\n<meta property=\"og:description\" content=\"PU-tekonahasta valmistettu k\u00e4yt\u00e4nn\u00f6llinen memo pad on kevyt ja helppo sujauttaa taskuun. Se on eritt\u00e4in k\u00e4tev\u00e4 ty\u00f6tilanteissa, ja yksityiskohtia voidaan r\u00e4\u00e4t\u00e4l\u00f6id\u00e4 tarpeidesi mukaan, jotta se vastaa paremmin k\u00e4ytt\u00f6tottumuksiasi.\" \/>\n<meta property=\"og:url\" content=\"https:\/\/leatai.com\/fi\/product\/lahja-ja-nahkatuotteet\/nahka-ja-toimistotarvikkeet\/memo-pad\/\" \/>\n<meta property=\"og:site_name\" content=\"Leatai \u2013 R\u00e4\u00e4t\u00e4l\u00f6ityjen muistikirjojen valmistaja\" \/>\n<meta property=\"article:modified_time\" content=\"2025-12-23T06:19:47+00:00\" \/>\n<meta property=\"og:image\" content=\"https:\/\/leatai.com\/wp-content\/uploads\/2016_02_22_1608290.jpg\" \/>\n\t<meta property=\"og:image:width\" content=\"1000\" \/>\n\t<meta property=\"og:image:height\" content=\"750\" \/>\n\t<meta property=\"og:image:type\" content=\"image\/jpeg\" \/>\n<meta name=\"twitter:card\" content=\"summary_large_image\" \/>\n<meta name=\"twitter:label1\" content=\"Arvioitu lukuaika\" \/>\n\t<meta name=\"twitter:data1\" content=\"1 minuutti\" \/>\n<script type=\"application\/ld+json\" class=\"yoast-schema-graph\">{\"@context\":\"https:\/\/schema.org\",\"@graph\":[{\"@type\":\"WebPage\",\"@id\":\"https:\/\/leatai.com\/fi\/product\/lahja-ja-nahkatuotteet\/nahka-ja-toimistotarvikkeet\/memo-pad\/\",\"url\":\"https:\/\/leatai.com\/fi\/product\/lahja-ja-nahkatuotteet\/nahka-ja-toimistotarvikkeet\/memo-pad\/\",\"name\":\"memo pad - Leatai \u2013 R\u00e4\u00e4t\u00e4l\u00f6ityjen muistikirjojen valmistaja\",\"isPartOf\":{\"@id\":\"https:\/\/leatai.com\/fi\/#website\"},\"primaryImageOfPage\":{\"@id\":\"https:\/\/leatai.com\/fi\/product\/lahja-ja-nahkatuotteet\/nahka-ja-toimistotarvikkeet\/memo-pad\/#primaryimage\"},\"image\":{\"@id\":\"https:\/\/leatai.com\/fi\/product\/lahja-ja-nahkatuotteet\/nahka-ja-toimistotarvikkeet\/memo-pad\/#primaryimage\"},\"thumbnailUrl\":\"https:\/\/leatai.com\/wp-content\/uploads\/2016_02_22_1608290.jpg\",\"datePublished\":\"2021-06-24T05:23:31+00:00\",\"dateModified\":\"2025-12-23T06:19:47+00:00\",\"description\":\"PU-tekonahasta valmistettu k\u00e4yt\u00e4nn\u00f6llinen memo pad on kevyt ja helppo sujauttaa taskuun. Se on eritt\u00e4in k\u00e4tev\u00e4 ty\u00f6tilanteissa, ja yksityiskohtia voidaan r\u00e4\u00e4t\u00e4l\u00f6id\u00e4 tarpeidesi mukaan, jotta se vastaa paremmin k\u00e4ytt\u00f6tottumuksiasi.\",\"breadcrumb\":{\"@id\":\"https:\/\/leatai.com\/fi\/product\/lahja-ja-nahkatuotteet\/nahka-ja-toimistotarvikkeet\/memo-pad\/#breadcrumb\"},\"inLanguage\":\"fi\",\"potentialAction\":[{\"@type\":\"ReadAction\",\"target\":[\"https:\/\/leatai.com\/fi\/product\/lahja-ja-nahkatuotteet\/nahka-ja-toimistotarvikkeet\/memo-pad\/\"]}]},{\"@type\":\"ImageObject\",\"inLanguage\":\"fi\",\"@id\":\"https:\/\/leatai.com\/fi\/product\/lahja-ja-nahkatuotteet\/nahka-ja-toimistotarvikkeet\/memo-pad\/#primaryimage\",\"url\":\"https:\/\/leatai.com\/wp-content\/uploads\/2016_02_22_1608290.jpg\",\"contentUrl\":\"https:\/\/leatai.com\/wp-content\/uploads\/2016_02_22_1608290.jpg\",\"width\":1000,\"height\":750},{\"@type\":\"BreadcrumbList\",\"@id\":\"https:\/\/leatai.com\/fi\/product\/lahja-ja-nahkatuotteet\/nahka-ja-toimistotarvikkeet\/memo-pad\/#breadcrumb\",\"itemListElement\":[{\"@type\":\"ListItem\",\"position\":1,\"name\":\"Home\",\"item\":\"https:\/\/leatai.com\/fi\/\"},{\"@type\":\"ListItem\",\"position\":2,\"name\":\"Tuote-esittely\",\"item\":\"https:\/\/leatai.com\/products\/\"},{\"@type\":\"ListItem\",\"position\":3,\"name\":\"Lahja- ja nahkatuotteet\",\"item\":\"https:\/\/leatai.com\/fi\/tuote-osasto\/lahja-ja-nahkatuotteet\/\"},{\"@type\":\"ListItem\",\"position\":4,\"name\":\"Nahka- ja toimistotarvikkeet\",\"item\":\"https:\/\/leatai.com\/fi\/tuote-osasto\/lahja-ja-nahkatuotteet\/nahka-ja-toimistotarvikkeet\/\"},{\"@type\":\"ListItem\",\"position\":5,\"name\":\"memo pad\"}]},{\"@type\":\"WebSite\",\"@id\":\"https:\/\/leatai.com\/fi\/#website\",\"url\":\"https:\/\/leatai.com\/fi\/\",\"name\":\"Leatai \u2013 R\u00e4\u00e4t\u00e4l\u00f6ityjen muistikirjojen valmistaja\",\"description\":\"Leatai tarjoaa r\u00e4\u00e4t\u00e4l\u00f6ityj\u00e4 muistikirjoja ja suunnittelijoita br\u00e4ndeille ja j\u00e4lleenmyyjille maailmanlaajuisesti.\",\"publisher\":{\"@id\":\"https:\/\/leatai.com\/fi\/#organization\"},\"potentialAction\":[{\"@type\":\"SearchAction\",\"target\":{\"@type\":\"EntryPoint\",\"urlTemplate\":\"https:\/\/leatai.com\/fi\/?s={search_term_string}\"},\"query-input\":{\"@type\":\"PropertyValueSpecification\",\"valueRequired\":true,\"valueName\":\"search_term_string\"}}],\"inLanguage\":\"fi\"},{\"@type\":\"Organization\",\"@id\":\"https:\/\/leatai.com\/fi\/#organization\",\"name\":\"Leatai Diary, customized journal and business organizer\",\"url\":\"https:\/\/leatai.com\/fi\/\",\"logo\":{\"@type\":\"ImageObject\",\"inLanguage\":\"fi\",\"@id\":\"https:\/\/leatai.com\/fi\/#\/schema\/logo\/image\/\",\"url\":\"https:\/\/leatai.com\/wp-content\/uploads\/logo-blue.png\",\"contentUrl\":\"https:\/\/leatai.com\/wp-content\/uploads\/logo-blue.png\",\"width\":230,\"height\":60,\"caption\":\"Leatai Diary, customized journal and business organizer\"},\"image\":{\"@id\":\"https:\/\/leatai.com\/fi\/#\/schema\/logo\/image\/\"}}]}<\/script>\n<!-- \/ Yoast SEO plugin. -->","yoast_head_json":{"title":"memo pad - Leatai \u2013 R\u00e4\u00e4t\u00e4l\u00f6ityjen muistikirjojen valmistaja","description":"PU-tekonahasta valmistettu k\u00e4yt\u00e4nn\u00f6llinen memo pad on kevyt ja helppo sujauttaa taskuun. Se on eritt\u00e4in k\u00e4tev\u00e4 ty\u00f6tilanteissa, ja yksityiskohtia voidaan r\u00e4\u00e4t\u00e4l\u00f6id\u00e4 tarpeidesi mukaan, jotta se vastaa paremmin k\u00e4ytt\u00f6tottumuksiasi.","robots":{"index":"index","follow":"follow","max-snippet":"max-snippet:-1","max-image-preview":"max-image-preview:large","max-video-preview":"max-video-preview:-1"},"canonical":"https:\/\/leatai.com\/fi\/product\/lahja-ja-nahkatuotteet\/nahka-ja-toimistotarvikkeet\/memo-pad\/","og_locale":"fi_FI","og_type":"article","og_title":"memo pad - Leatai \u2013 R\u00e4\u00e4t\u00e4l\u00f6ityjen muistikirjojen valmistaja","og_description":"PU-tekonahasta valmistettu k\u00e4yt\u00e4nn\u00f6llinen memo pad on kevyt ja helppo sujauttaa taskuun. Se on eritt\u00e4in k\u00e4tev\u00e4 ty\u00f6tilanteissa, ja yksityiskohtia voidaan r\u00e4\u00e4t\u00e4l\u00f6id\u00e4 tarpeidesi mukaan, jotta se vastaa paremmin k\u00e4ytt\u00f6tottumuksiasi.","og_url":"https:\/\/leatai.com\/fi\/product\/lahja-ja-nahkatuotteet\/nahka-ja-toimistotarvikkeet\/memo-pad\/","og_site_name":"Leatai \u2013 R\u00e4\u00e4t\u00e4l\u00f6ityjen muistikirjojen valmistaja","article_modified_time":"2025-12-23T06:19:47+00:00","og_image":[{"width":1000,"height":750,"url":"https:\/\/leatai.com\/wp-content\/uploads\/2016_02_22_1608290.jpg","type":"image\/jpeg"}],"twitter_card":"summary_large_image","twitter_misc":{"Arvioitu lukuaika":"1 minuutti"},"schema":{"@context":"https:\/\/schema.org","@graph":[{"@type":"WebPage","@id":"https:\/\/leatai.com\/fi\/product\/lahja-ja-nahkatuotteet\/nahka-ja-toimistotarvikkeet\/memo-pad\/","url":"https:\/\/leatai.com\/fi\/product\/lahja-ja-nahkatuotteet\/nahka-ja-toimistotarvikkeet\/memo-pad\/","name":"memo pad - Leatai \u2013 R\u00e4\u00e4t\u00e4l\u00f6ityjen muistikirjojen valmistaja","isPartOf":{"@id":"https:\/\/leatai.com\/fi\/#website"},"primaryImageOfPage":{"@id":"https:\/\/leatai.com\/fi\/product\/lahja-ja-nahkatuotteet\/nahka-ja-toimistotarvikkeet\/memo-pad\/#primaryimage"},"image":{"@id":"https:\/\/leatai.com\/fi\/product\/lahja-ja-nahkatuotteet\/nahka-ja-toimistotarvikkeet\/memo-pad\/#primaryimage"},"thumbnailUrl":"https:\/\/leatai.com\/wp-content\/uploads\/2016_02_22_1608290.jpg","datePublished":"2021-06-24T05:23:31+00:00","dateModified":"2025-12-23T06:19:47+00:00","description":"PU-tekonahasta valmistettu k\u00e4yt\u00e4nn\u00f6llinen memo pad on kevyt ja helppo sujauttaa taskuun. Se on eritt\u00e4in k\u00e4tev\u00e4 ty\u00f6tilanteissa, ja yksityiskohtia voidaan r\u00e4\u00e4t\u00e4l\u00f6id\u00e4 tarpeidesi mukaan, jotta se vastaa paremmin k\u00e4ytt\u00f6tottumuksiasi.","breadcrumb":{"@id":"https:\/\/leatai.com\/fi\/product\/lahja-ja-nahkatuotteet\/nahka-ja-toimistotarvikkeet\/memo-pad\/#breadcrumb"},"inLanguage":"fi","potentialAction":[{"@type":"ReadAction","target":["https:\/\/leatai.com\/fi\/product\/lahja-ja-nahkatuotteet\/nahka-ja-toimistotarvikkeet\/memo-pad\/"]}]},{"@type":"ImageObject","inLanguage":"fi","@id":"https:\/\/leatai.com\/fi\/product\/lahja-ja-nahkatuotteet\/nahka-ja-toimistotarvikkeet\/memo-pad\/#primaryimage","url":"https:\/\/leatai.com\/wp-content\/uploads\/2016_02_22_1608290.jpg","contentUrl":"https:\/\/leatai.com\/wp-content\/uploads\/2016_02_22_1608290.jpg","width":1000,"height":750},{"@type":"BreadcrumbList","@id":"https:\/\/leatai.com\/fi\/product\/lahja-ja-nahkatuotteet\/nahka-ja-toimistotarvikkeet\/memo-pad\/#breadcrumb","itemListElement":[{"@type":"ListItem","position":1,"name":"Home","item":"https:\/\/leatai.com\/fi\/"},{"@type":"ListItem","position":2,"name":"Tuote-esittely","item":"https:\/\/leatai.com\/products\/"},{"@type":"ListItem","position":3,"name":"Lahja- ja nahkatuotteet","item":"https:\/\/leatai.com\/fi\/tuote-osasto\/lahja-ja-nahkatuotteet\/"},{"@type":"ListItem","position":4,"name":"Nahka- ja toimistotarvikkeet","item":"https:\/\/leatai.com\/fi\/tuote-osasto\/lahja-ja-nahkatuotteet\/nahka-ja-toimistotarvikkeet\/"},{"@type":"ListItem","position":5,"name":"memo pad"}]},{"@type":"WebSite","@id":"https:\/\/leatai.com\/fi\/#website","url":"https:\/\/leatai.com\/fi\/","name":"Leatai \u2013 R\u00e4\u00e4t\u00e4l\u00f6ityjen muistikirjojen valmistaja","description":"Leatai tarjoaa r\u00e4\u00e4t\u00e4l\u00f6ityj\u00e4 muistikirjoja ja suunnittelijoita br\u00e4ndeille ja j\u00e4lleenmyyjille maailmanlaajuisesti.","publisher":{"@id":"https:\/\/leatai.com\/fi\/#organization"},"potentialAction":[{"@type":"SearchAction","target":{"@type":"EntryPoint","urlTemplate":"https:\/\/leatai.com\/fi\/?s={search_term_string}"},"query-input":{"@type":"PropertyValueSpecification","valueRequired":true,"valueName":"search_term_string"}}],"inLanguage":"fi"},{"@type":"Organization","@id":"https:\/\/leatai.com\/fi\/#organization","name":"Leatai Diary, customized journal and business organizer","url":"https:\/\/leatai.com\/fi\/","logo":{"@type":"ImageObject","inLanguage":"fi","@id":"https:\/\/leatai.com\/fi\/#\/schema\/logo\/image\/","url":"https:\/\/leatai.com\/wp-content\/uploads\/logo-blue.png","contentUrl":"https:\/\/leatai.com\/wp-content\/uploads\/logo-blue.png","width":230,"height":60,"caption":"Leatai Diary, customized journal and business organizer"},"image":{"@id":"https:\/\/leatai.com\/fi\/#\/schema\/logo\/image\/"}}]}},"_links":{"self":[{"href":"https:\/\/leatai.com\/fi\/wp-json\/wp\/v2\/product\/249569","targetHints":{"allow":["GET"]}}],"collection":[{"href":"https:\/\/leatai.com\/fi\/wp-json\/wp\/v2\/product"}],"about":[{"href":"https:\/\/leatai.com\/fi\/wp-json\/wp\/v2\/types\/product"}],"wp:featuredmedia":[{"embeddable":true,"href":"https:\/\/leatai.com\/fi\/wp-json\/wp\/v2\/media\/212701"}],"wp:attachment":[{"href":"https:\/\/leatai.com\/fi\/wp-json\/wp\/v2\/media?parent=249569"}],"wp:term":[{"taxonomy":"product_brand","embeddable":true,"href":"https:\/\/leatai.com\/fi\/wp-json\/wp\/v2\/product_brand?post=249569"},{"taxonomy":"product_cat","embeddable":true,"href":"https:\/\/leatai.com\/fi\/wp-json\/wp\/v2\/product_cat?post=249569"},{"taxonomy":"product_tag","embeddable":true,"href":"https:\/\/leatai.com\/fi\/wp-json\/wp\/v2\/product_tag?post=249569"},{"taxonomy":"home_works","embeddable":true,"href":"https:\/\/leatai.com\/fi\/wp-json\/wp\/v2\/home_works?post=249569"}],"curies":[{"name":"wp","href":"https:\/\/api.w.org\/{rel}","templated":true}]}}