{"id":249563,"date":"2021-06-24T13:23:31","date_gmt":"2021-06-24T05:23:31","guid":{"rendered":"https:\/\/leatai.com\/product\/Ei-luokiteltu\/word-wave-festival-x-leatai\/"},"modified":"2025-12-23T11:57:21","modified_gmt":"2025-12-23T03:57:21","slug":"word-wave-festival-x-leatai","status":"publish","type":"product","link":"https:\/\/leatai.com\/fi\/product\/toimialojen-valinen-yhteistyo\/kulttuuri-ja-taidetapahtumat\/word-wave-festival-x-leatai\/","title":{"rendered":"Word Wave Festival x Leatai"},"content":{"rendered":"<p>2016.09.29\u201310.02<\/p>\n<p>Kiinalaiskielinen \u00e4\u00e4neenlukufestivaali Word Wave Festival on Huashanin luovan puiston alueen l\u00e4pi kulkeva keskeinen hanke. Festivaali pyrkii \u201d\u00e4\u00e4neenlukemisen\u201d kautta tulkitsemaan uudelleen lukemisen ja el\u00e4m\u00e4n v\u00e4list\u00e4 suhdetta, edist\u00e4m\u00e4\u00e4n yleis\u00f6n lukemisharrastusta, vahvistamaan kustannusalan kehityst\u00e4 ja edelleen ylitt\u00e4m\u00e4\u00e4n kansainv\u00e4liset rajat.<\/p>\n<p>Vuoden 2016 kiinalaiskielinen \u00e4\u00e4neenlukufestivaali \u201d# Min\u00e4_luen\u201d hy\u00f6dynt\u00e4\u00e4 aikakauden sosiaalisen median sanastoa yhdist\u00e4\u00e4kseen sinut ja minut. N\u00e4in rakennetaan kaupunki, joka on luotu \u00e4\u00e4neenlukemisen varaan, murtaen todellisen maailman rajoitukset. \u00c4\u00e4neenlukemisen ulottuvuudessa ja lukemisen maailmassa ei ole rajoja, vain jatkuvasti her\u00e4\u00e4v\u00e4\u00e4 mielikuvitusta ja uteliaisuutta. \u00c4\u00e4neenlukeminen sis\u00e4istyy mielen mielikuvitustilaan, ja yhdess\u00e4 rakennamme tulevaisuuden kaupungin, jossa kirjat ja ihmiset el\u00e4v\u00e4t rinnakkain.<\/p>\n","protected":false},"excerpt":{"rendered":"<p>2016.09.29\u201310.02 Kiinalaiskielinen \u00e4\u00e4neenlukufestivaali Word Wave Festival on Huashanin luovan puiston alueen l\u00e4pi kulkeva keskeinen hanke. Festivaali pyrkii \u201d\u00e4\u00e4neenlukemisen\u201d kautta tulkitsemaan uudelleen lukemisen ja el\u00e4m\u00e4n v\u00e4list\u00e4 suhdetta, edist\u00e4m\u00e4\u00e4n yleis\u00f6n lukemisharrastusta, vahvistamaan kustannusalan kehityst\u00e4 ja edelleen ylitt\u00e4m\u00e4\u00e4n kansainv\u00e4liset rajat. Vuoden 2016 kiinalaiskielinen \u00e4\u00e4neenlukufestivaali \u201d# Min\u00e4_luen\u201d hy\u00f6dynt\u00e4\u00e4 aikakauden sosiaalisen median sanastoa yhdist\u00e4\u00e4kseen sinut ja minut. N\u00e4in rakennetaan kaupunki, [&hellip;]<\/p>\n","protected":false},"featured_media":249564,"template":"","meta":{"_acf_changed":false},"product_brand":[],"product_cat":[1100],"product_tag":[],"home_works":[],"class_list":{"0":"post-249563","1":"product","2":"type-product","3":"status-publish","4":"has-post-thumbnail","6":"product_cat-kulttuuri-ja-taidetapahtumat","8":"first","9":"instock","10":"sold-individually","11":"shipping-taxable","12":"purchasable","13":"product-type-simple"},"acf":[],"yoast_head":"<!-- This site is optimized with the Yoast SEO plugin v27.2 - https:\/\/yoast.com\/product\/yoast-seo-wordpress\/ -->\n<title>Word Wave Festival x Leatai - Leatai \u2013 R\u00e4\u00e4t\u00e4l\u00f6ityjen muistikirjojen valmistaja<\/title>\n<meta name=\"robots\" content=\"index, follow, max-snippet:-1, max-image-preview:large, max-video-preview:-1\" \/>\n<link rel=\"canonical\" href=\"https:\/\/leatai.com\/fi\/product\/toimialojen-valinen-yhteistyo\/kulttuuri-ja-taidetapahtumat\/word-wave-festival-x-leatai\/\" \/>\n<meta property=\"og:locale\" content=\"fi_FI\" \/>\n<meta property=\"og:type\" content=\"article\" \/>\n<meta property=\"og:title\" content=\"Word Wave Festival x Leatai - Leatai \u2013 R\u00e4\u00e4t\u00e4l\u00f6ityjen muistikirjojen valmistaja\" \/>\n<meta property=\"og:description\" content=\"2016.09.29\u201310.02 Kiinalaiskielinen \u00e4\u00e4neenlukufestivaali Word Wave Festival on Huashanin luovan puiston alueen l\u00e4pi kulkeva keskeinen hanke. Festivaali pyrkii \u201d\u00e4\u00e4neenlukemisen\u201d kautta tulkitsemaan uudelleen lukemisen ja el\u00e4m\u00e4n v\u00e4list\u00e4 suhdetta, edist\u00e4m\u00e4\u00e4n yleis\u00f6n lukemisharrastusta, vahvistamaan kustannusalan kehityst\u00e4 ja edelleen ylitt\u00e4m\u00e4\u00e4n kansainv\u00e4liset rajat. Vuoden 2016 kiinalaiskielinen \u00e4\u00e4neenlukufestivaali \u201d# Min\u00e4_luen\u201d hy\u00f6dynt\u00e4\u00e4 aikakauden sosiaalisen median sanastoa yhdist\u00e4\u00e4kseen sinut ja minut. N\u00e4in rakennetaan kaupunki, [&hellip;]\" \/>\n<meta property=\"og:url\" content=\"https:\/\/leatai.com\/fi\/product\/toimialojen-valinen-yhteistyo\/kulttuuri-ja-taidetapahtumat\/word-wave-festival-x-leatai\/\" \/>\n<meta property=\"og:site_name\" content=\"Leatai \u2013 R\u00e4\u00e4t\u00e4l\u00f6ityjen muistikirjojen valmistaja\" \/>\n<meta property=\"article:modified_time\" content=\"2025-12-23T03:57:21+00:00\" \/>\n<meta property=\"og:image\" content=\"https:\/\/leatai.com\/wp-content\/uploads\/2020_06_17_1443180.jpg\" \/>\n\t<meta property=\"og:image:width\" content=\"1000\" \/>\n\t<meta property=\"og:image:height\" content=\"750\" \/>\n\t<meta property=\"og:image:type\" content=\"image\/jpeg\" \/>\n<meta name=\"twitter:card\" content=\"summary_large_image\" \/>\n<meta name=\"twitter:label1\" content=\"Arvioitu lukuaika\" \/>\n\t<meta name=\"twitter:data1\" content=\"1 minuutti\" \/>\n<script type=\"application\/ld+json\" class=\"yoast-schema-graph\">{\"@context\":\"https:\/\/schema.org\",\"@graph\":[{\"@type\":\"WebPage\",\"@id\":\"https:\/\/leatai.com\/fi\/product\/toimialojen-valinen-yhteistyo\/kulttuuri-ja-taidetapahtumat\/word-wave-festival-x-leatai\/\",\"url\":\"https:\/\/leatai.com\/fi\/product\/toimialojen-valinen-yhteistyo\/kulttuuri-ja-taidetapahtumat\/word-wave-festival-x-leatai\/\",\"name\":\"Word Wave Festival x Leatai - Leatai \u2013 R\u00e4\u00e4t\u00e4l\u00f6ityjen muistikirjojen valmistaja\",\"isPartOf\":{\"@id\":\"https:\/\/leatai.com\/fi\/#website\"},\"primaryImageOfPage\":{\"@id\":\"https:\/\/leatai.com\/fi\/product\/toimialojen-valinen-yhteistyo\/kulttuuri-ja-taidetapahtumat\/word-wave-festival-x-leatai\/#primaryimage\"},\"image\":{\"@id\":\"https:\/\/leatai.com\/fi\/product\/toimialojen-valinen-yhteistyo\/kulttuuri-ja-taidetapahtumat\/word-wave-festival-x-leatai\/#primaryimage\"},\"thumbnailUrl\":\"https:\/\/leatai.com\/wp-content\/uploads\/2020_06_17_1443180.jpg\",\"datePublished\":\"2021-06-24T05:23:31+00:00\",\"dateModified\":\"2025-12-23T03:57:21+00:00\",\"breadcrumb\":{\"@id\":\"https:\/\/leatai.com\/fi\/product\/toimialojen-valinen-yhteistyo\/kulttuuri-ja-taidetapahtumat\/word-wave-festival-x-leatai\/#breadcrumb\"},\"inLanguage\":\"fi\",\"potentialAction\":[{\"@type\":\"ReadAction\",\"target\":[\"https:\/\/leatai.com\/fi\/product\/toimialojen-valinen-yhteistyo\/kulttuuri-ja-taidetapahtumat\/word-wave-festival-x-leatai\/\"]}]},{\"@type\":\"ImageObject\",\"inLanguage\":\"fi\",\"@id\":\"https:\/\/leatai.com\/fi\/product\/toimialojen-valinen-yhteistyo\/kulttuuri-ja-taidetapahtumat\/word-wave-festival-x-leatai\/#primaryimage\",\"url\":\"https:\/\/leatai.com\/wp-content\/uploads\/2020_06_17_1443180.jpg\",\"contentUrl\":\"https:\/\/leatai.com\/wp-content\/uploads\/2020_06_17_1443180.jpg\",\"width\":1000,\"height\":750},{\"@type\":\"BreadcrumbList\",\"@id\":\"https:\/\/leatai.com\/fi\/product\/toimialojen-valinen-yhteistyo\/kulttuuri-ja-taidetapahtumat\/word-wave-festival-x-leatai\/#breadcrumb\",\"itemListElement\":[{\"@type\":\"ListItem\",\"position\":1,\"name\":\"Home\",\"item\":\"https:\/\/leatai.com\/fi\/\"},{\"@type\":\"ListItem\",\"position\":2,\"name\":\"Tuote-esittely\",\"item\":\"https:\/\/leatai.com\/products\/\"},{\"@type\":\"ListItem\",\"position\":3,\"name\":\"Toimialojen v\u00e4linen yhteisty\u00f6\",\"item\":\"https:\/\/leatai.com\/fi\/tuote-osasto\/toimialojen-valinen-yhteistyo\/\"},{\"@type\":\"ListItem\",\"position\":4,\"name\":\"Kulttuuri- ja taidetapahtumat\",\"item\":\"https:\/\/leatai.com\/fi\/tuote-osasto\/toimialojen-valinen-yhteistyo\/kulttuuri-ja-taidetapahtumat\/\"},{\"@type\":\"ListItem\",\"position\":5,\"name\":\"Word Wave Festival x Leatai\"}]},{\"@type\":\"WebSite\",\"@id\":\"https:\/\/leatai.com\/fi\/#website\",\"url\":\"https:\/\/leatai.com\/fi\/\",\"name\":\"Leatai \u2013 R\u00e4\u00e4t\u00e4l\u00f6ityjen muistikirjojen valmistaja\",\"description\":\"Leatai tarjoaa r\u00e4\u00e4t\u00e4l\u00f6ityj\u00e4 muistikirjoja ja suunnittelijoita br\u00e4ndeille ja j\u00e4lleenmyyjille maailmanlaajuisesti.\",\"publisher\":{\"@id\":\"https:\/\/leatai.com\/fi\/#organization\"},\"potentialAction\":[{\"@type\":\"SearchAction\",\"target\":{\"@type\":\"EntryPoint\",\"urlTemplate\":\"https:\/\/leatai.com\/fi\/?s={search_term_string}\"},\"query-input\":{\"@type\":\"PropertyValueSpecification\",\"valueRequired\":true,\"valueName\":\"search_term_string\"}}],\"inLanguage\":\"fi\"},{\"@type\":\"Organization\",\"@id\":\"https:\/\/leatai.com\/fi\/#organization\",\"name\":\"Leatai Diary, customized journal and business organizer\",\"url\":\"https:\/\/leatai.com\/fi\/\",\"logo\":{\"@type\":\"ImageObject\",\"inLanguage\":\"fi\",\"@id\":\"https:\/\/leatai.com\/fi\/#\/schema\/logo\/image\/\",\"url\":\"https:\/\/leatai.com\/wp-content\/uploads\/logo-blue.png\",\"contentUrl\":\"https:\/\/leatai.com\/wp-content\/uploads\/logo-blue.png\",\"width\":230,\"height\":60,\"caption\":\"Leatai Diary, customized journal and business organizer\"},\"image\":{\"@id\":\"https:\/\/leatai.com\/fi\/#\/schema\/logo\/image\/\"}}]}<\/script>\n<!-- \/ Yoast SEO plugin. -->","yoast_head_json":{"title":"Word Wave Festival x Leatai - Leatai \u2013 R\u00e4\u00e4t\u00e4l\u00f6ityjen muistikirjojen valmistaja","robots":{"index":"index","follow":"follow","max-snippet":"max-snippet:-1","max-image-preview":"max-image-preview:large","max-video-preview":"max-video-preview:-1"},"canonical":"https:\/\/leatai.com\/fi\/product\/toimialojen-valinen-yhteistyo\/kulttuuri-ja-taidetapahtumat\/word-wave-festival-x-leatai\/","og_locale":"fi_FI","og_type":"article","og_title":"Word Wave Festival x Leatai - Leatai \u2013 R\u00e4\u00e4t\u00e4l\u00f6ityjen muistikirjojen valmistaja","og_description":"2016.09.29\u201310.02 Kiinalaiskielinen \u00e4\u00e4neenlukufestivaali Word Wave Festival on Huashanin luovan puiston alueen l\u00e4pi kulkeva keskeinen hanke. Festivaali pyrkii \u201d\u00e4\u00e4neenlukemisen\u201d kautta tulkitsemaan uudelleen lukemisen ja el\u00e4m\u00e4n v\u00e4list\u00e4 suhdetta, edist\u00e4m\u00e4\u00e4n yleis\u00f6n lukemisharrastusta, vahvistamaan kustannusalan kehityst\u00e4 ja edelleen ylitt\u00e4m\u00e4\u00e4n kansainv\u00e4liset rajat. Vuoden 2016 kiinalaiskielinen \u00e4\u00e4neenlukufestivaali \u201d# Min\u00e4_luen\u201d hy\u00f6dynt\u00e4\u00e4 aikakauden sosiaalisen median sanastoa yhdist\u00e4\u00e4kseen sinut ja minut. N\u00e4in rakennetaan kaupunki, [&hellip;]","og_url":"https:\/\/leatai.com\/fi\/product\/toimialojen-valinen-yhteistyo\/kulttuuri-ja-taidetapahtumat\/word-wave-festival-x-leatai\/","og_site_name":"Leatai \u2013 R\u00e4\u00e4t\u00e4l\u00f6ityjen muistikirjojen valmistaja","article_modified_time":"2025-12-23T03:57:21+00:00","og_image":[{"width":1000,"height":750,"url":"https:\/\/leatai.com\/wp-content\/uploads\/2020_06_17_1443180.jpg","type":"image\/jpeg"}],"twitter_card":"summary_large_image","twitter_misc":{"Arvioitu lukuaika":"1 minuutti"},"schema":{"@context":"https:\/\/schema.org","@graph":[{"@type":"WebPage","@id":"https:\/\/leatai.com\/fi\/product\/toimialojen-valinen-yhteistyo\/kulttuuri-ja-taidetapahtumat\/word-wave-festival-x-leatai\/","url":"https:\/\/leatai.com\/fi\/product\/toimialojen-valinen-yhteistyo\/kulttuuri-ja-taidetapahtumat\/word-wave-festival-x-leatai\/","name":"Word Wave Festival x Leatai - Leatai \u2013 R\u00e4\u00e4t\u00e4l\u00f6ityjen muistikirjojen valmistaja","isPartOf":{"@id":"https:\/\/leatai.com\/fi\/#website"},"primaryImageOfPage":{"@id":"https:\/\/leatai.com\/fi\/product\/toimialojen-valinen-yhteistyo\/kulttuuri-ja-taidetapahtumat\/word-wave-festival-x-leatai\/#primaryimage"},"image":{"@id":"https:\/\/leatai.com\/fi\/product\/toimialojen-valinen-yhteistyo\/kulttuuri-ja-taidetapahtumat\/word-wave-festival-x-leatai\/#primaryimage"},"thumbnailUrl":"https:\/\/leatai.com\/wp-content\/uploads\/2020_06_17_1443180.jpg","datePublished":"2021-06-24T05:23:31+00:00","dateModified":"2025-12-23T03:57:21+00:00","breadcrumb":{"@id":"https:\/\/leatai.com\/fi\/product\/toimialojen-valinen-yhteistyo\/kulttuuri-ja-taidetapahtumat\/word-wave-festival-x-leatai\/#breadcrumb"},"inLanguage":"fi","potentialAction":[{"@type":"ReadAction","target":["https:\/\/leatai.com\/fi\/product\/toimialojen-valinen-yhteistyo\/kulttuuri-ja-taidetapahtumat\/word-wave-festival-x-leatai\/"]}]},{"@type":"ImageObject","inLanguage":"fi","@id":"https:\/\/leatai.com\/fi\/product\/toimialojen-valinen-yhteistyo\/kulttuuri-ja-taidetapahtumat\/word-wave-festival-x-leatai\/#primaryimage","url":"https:\/\/leatai.com\/wp-content\/uploads\/2020_06_17_1443180.jpg","contentUrl":"https:\/\/leatai.com\/wp-content\/uploads\/2020_06_17_1443180.jpg","width":1000,"height":750},{"@type":"BreadcrumbList","@id":"https:\/\/leatai.com\/fi\/product\/toimialojen-valinen-yhteistyo\/kulttuuri-ja-taidetapahtumat\/word-wave-festival-x-leatai\/#breadcrumb","itemListElement":[{"@type":"ListItem","position":1,"name":"Home","item":"https:\/\/leatai.com\/fi\/"},{"@type":"ListItem","position":2,"name":"Tuote-esittely","item":"https:\/\/leatai.com\/products\/"},{"@type":"ListItem","position":3,"name":"Toimialojen v\u00e4linen yhteisty\u00f6","item":"https:\/\/leatai.com\/fi\/tuote-osasto\/toimialojen-valinen-yhteistyo\/"},{"@type":"ListItem","position":4,"name":"Kulttuuri- ja taidetapahtumat","item":"https:\/\/leatai.com\/fi\/tuote-osasto\/toimialojen-valinen-yhteistyo\/kulttuuri-ja-taidetapahtumat\/"},{"@type":"ListItem","position":5,"name":"Word Wave Festival x Leatai"}]},{"@type":"WebSite","@id":"https:\/\/leatai.com\/fi\/#website","url":"https:\/\/leatai.com\/fi\/","name":"Leatai \u2013 R\u00e4\u00e4t\u00e4l\u00f6ityjen muistikirjojen valmistaja","description":"Leatai tarjoaa r\u00e4\u00e4t\u00e4l\u00f6ityj\u00e4 muistikirjoja ja suunnittelijoita br\u00e4ndeille ja j\u00e4lleenmyyjille maailmanlaajuisesti.","publisher":{"@id":"https:\/\/leatai.com\/fi\/#organization"},"potentialAction":[{"@type":"SearchAction","target":{"@type":"EntryPoint","urlTemplate":"https:\/\/leatai.com\/fi\/?s={search_term_string}"},"query-input":{"@type":"PropertyValueSpecification","valueRequired":true,"valueName":"search_term_string"}}],"inLanguage":"fi"},{"@type":"Organization","@id":"https:\/\/leatai.com\/fi\/#organization","name":"Leatai Diary, customized journal and business organizer","url":"https:\/\/leatai.com\/fi\/","logo":{"@type":"ImageObject","inLanguage":"fi","@id":"https:\/\/leatai.com\/fi\/#\/schema\/logo\/image\/","url":"https:\/\/leatai.com\/wp-content\/uploads\/logo-blue.png","contentUrl":"https:\/\/leatai.com\/wp-content\/uploads\/logo-blue.png","width":230,"height":60,"caption":"Leatai Diary, customized journal and business organizer"},"image":{"@id":"https:\/\/leatai.com\/fi\/#\/schema\/logo\/image\/"}}]}},"_links":{"self":[{"href":"https:\/\/leatai.com\/fi\/wp-json\/wp\/v2\/product\/249563","targetHints":{"allow":["GET"]}}],"collection":[{"href":"https:\/\/leatai.com\/fi\/wp-json\/wp\/v2\/product"}],"about":[{"href":"https:\/\/leatai.com\/fi\/wp-json\/wp\/v2\/types\/product"}],"wp:featuredmedia":[{"embeddable":true,"href":"https:\/\/leatai.com\/fi\/wp-json\/wp\/v2\/media\/249564"}],"wp:attachment":[{"href":"https:\/\/leatai.com\/fi\/wp-json\/wp\/v2\/media?parent=249563"}],"wp:term":[{"taxonomy":"product_brand","embeddable":true,"href":"https:\/\/leatai.com\/fi\/wp-json\/wp\/v2\/product_brand?post=249563"},{"taxonomy":"product_cat","embeddable":true,"href":"https:\/\/leatai.com\/fi\/wp-json\/wp\/v2\/product_cat?post=249563"},{"taxonomy":"product_tag","embeddable":true,"href":"https:\/\/leatai.com\/fi\/wp-json\/wp\/v2\/product_tag?post=249563"},{"taxonomy":"home_works","embeddable":true,"href":"https:\/\/leatai.com\/fi\/wp-json\/wp\/v2\/home_works?post=249563"}],"curies":[{"name":"wp","href":"https:\/\/api.w.org\/{rel}","templated":true}]}}