{"id":249557,"date":"2021-06-24T13:23:31","date_gmt":"2021-06-24T05:23:31","guid":{"rendered":"https:\/\/leatai.com\/product\/Ei-luokiteltu\/pinkoi-x-leatai\/"},"modified":"2025-12-23T11:55:53","modified_gmt":"2025-12-23T03:55:53","slug":"pinkoi-x-leatai","status":"publish","type":"product","link":"https:\/\/leatai.com\/fi\/product\/toimialojen-valinen-yhteistyo\/kulttuuri-ja-taidetapahtumat\/pinkoi-x-leatai\/","title":{"rendered":"Pinkoi x Leatai"},"content":{"rendered":"<p>2017.04.22\u201323<\/p>\n<p>Pinkoi vuosittain satunnaisesti j\u00e4rjest\u00e4m\u00e4 fyysinen markkinatapahtuma kokoaa yhteen alustan laadukkaat br\u00e4ndit saman katon alle.<br \/>\nMonipuolisten design-tuotteiden lis\u00e4ksi k\u00e4vij\u00e4t voivat my\u00f6s jutella kasvotusten br\u00e4ndien suunnittelijoiden kanssa, kuulla br\u00e4nditarinoita tai tutustua tuotteiden k\u00e4ytt\u00f6tarkoituksiin syv\u00e4llisemmin.<\/p>\n<p>Parasta on se, ett\u00e4 voit hankkia kerralla useita eri design-estetiikoita edustavia upeita tuotteita! Viet\u00e4 viikonloppu k\u00e4si k\u00e4dess\u00e4 yst\u00e4vien kanssa ja kuljeskele taiteellisella tunnelmalla koristellussa Xinyin ostosalueessa.<\/p>\n","protected":false},"excerpt":{"rendered":"<p>2017.04.22\u201323 Pinkoi vuosittain satunnaisesti j\u00e4rjest\u00e4m\u00e4 fyysinen markkinatapahtuma kokoaa yhteen alustan laadukkaat br\u00e4ndit saman katon alle. Monipuolisten design-tuotteiden lis\u00e4ksi k\u00e4vij\u00e4t voivat my\u00f6s jutella kasvotusten br\u00e4ndien suunnittelijoiden kanssa, kuulla br\u00e4nditarinoita tai tutustua tuotteiden k\u00e4ytt\u00f6tarkoituksiin syv\u00e4llisemmin. Parasta on se, ett\u00e4 voit hankkia kerralla useita eri design-estetiikoita edustavia upeita tuotteita! Viet\u00e4 viikonloppu k\u00e4si k\u00e4dess\u00e4 yst\u00e4vien kanssa ja kuljeskele taiteellisella [&hellip;]<\/p>\n","protected":false},"featured_media":249558,"template":"","meta":{"_acf_changed":false},"product_brand":[],"product_cat":[1100],"product_tag":[],"home_works":[],"class_list":{"0":"post-249557","1":"product","2":"type-product","3":"status-publish","4":"has-post-thumbnail","6":"product_cat-kulttuuri-ja-taidetapahtumat","8":"first","9":"instock","10":"sold-individually","11":"shipping-taxable","12":"purchasable","13":"product-type-simple"},"acf":[],"yoast_head":"<!-- This site is optimized with the Yoast SEO plugin v27.2 - https:\/\/yoast.com\/product\/yoast-seo-wordpress\/ -->\n<title>Pinkoi x Leatai - Leatai \u2013 R\u00e4\u00e4t\u00e4l\u00f6ityjen muistikirjojen valmistaja<\/title>\n<meta name=\"robots\" content=\"index, follow, max-snippet:-1, max-image-preview:large, max-video-preview:-1\" \/>\n<link rel=\"canonical\" href=\"https:\/\/leatai.com\/fi\/product\/toimialojen-valinen-yhteistyo\/kulttuuri-ja-taidetapahtumat\/pinkoi-x-leatai\/\" \/>\n<meta property=\"og:locale\" content=\"fi_FI\" \/>\n<meta property=\"og:type\" content=\"article\" \/>\n<meta property=\"og:title\" content=\"Pinkoi x Leatai - Leatai \u2013 R\u00e4\u00e4t\u00e4l\u00f6ityjen muistikirjojen valmistaja\" \/>\n<meta property=\"og:description\" content=\"2017.04.22\u201323 Pinkoi vuosittain satunnaisesti j\u00e4rjest\u00e4m\u00e4 fyysinen markkinatapahtuma kokoaa yhteen alustan laadukkaat br\u00e4ndit saman katon alle. Monipuolisten design-tuotteiden lis\u00e4ksi k\u00e4vij\u00e4t voivat my\u00f6s jutella kasvotusten br\u00e4ndien suunnittelijoiden kanssa, kuulla br\u00e4nditarinoita tai tutustua tuotteiden k\u00e4ytt\u00f6tarkoituksiin syv\u00e4llisemmin. Parasta on se, ett\u00e4 voit hankkia kerralla useita eri design-estetiikoita edustavia upeita tuotteita! Viet\u00e4 viikonloppu k\u00e4si k\u00e4dess\u00e4 yst\u00e4vien kanssa ja kuljeskele taiteellisella [&hellip;]\" \/>\n<meta property=\"og:url\" content=\"https:\/\/leatai.com\/fi\/product\/toimialojen-valinen-yhteistyo\/kulttuuri-ja-taidetapahtumat\/pinkoi-x-leatai\/\" \/>\n<meta property=\"og:site_name\" content=\"Leatai \u2013 R\u00e4\u00e4t\u00e4l\u00f6ityjen muistikirjojen valmistaja\" \/>\n<meta property=\"article:modified_time\" content=\"2025-12-23T03:55:53+00:00\" \/>\n<meta property=\"og:image\" content=\"https:\/\/leatai.com\/wp-content\/uploads\/2020_06_17_1357090.jpg\" \/>\n\t<meta property=\"og:image:width\" content=\"700\" \/>\n\t<meta property=\"og:image:height\" content=\"467\" \/>\n\t<meta property=\"og:image:type\" content=\"image\/jpeg\" \/>\n<meta name=\"twitter:card\" content=\"summary_large_image\" \/>\n<meta name=\"twitter:label1\" content=\"Arvioitu lukuaika\" \/>\n\t<meta name=\"twitter:data1\" content=\"1 minuutti\" \/>\n<script type=\"application\/ld+json\" class=\"yoast-schema-graph\">{\"@context\":\"https:\/\/schema.org\",\"@graph\":[{\"@type\":\"WebPage\",\"@id\":\"https:\/\/leatai.com\/fi\/product\/toimialojen-valinen-yhteistyo\/kulttuuri-ja-taidetapahtumat\/pinkoi-x-leatai\/\",\"url\":\"https:\/\/leatai.com\/fi\/product\/toimialojen-valinen-yhteistyo\/kulttuuri-ja-taidetapahtumat\/pinkoi-x-leatai\/\",\"name\":\"Pinkoi x Leatai - Leatai \u2013 R\u00e4\u00e4t\u00e4l\u00f6ityjen muistikirjojen valmistaja\",\"isPartOf\":{\"@id\":\"https:\/\/leatai.com\/fi\/#website\"},\"primaryImageOfPage\":{\"@id\":\"https:\/\/leatai.com\/fi\/product\/toimialojen-valinen-yhteistyo\/kulttuuri-ja-taidetapahtumat\/pinkoi-x-leatai\/#primaryimage\"},\"image\":{\"@id\":\"https:\/\/leatai.com\/fi\/product\/toimialojen-valinen-yhteistyo\/kulttuuri-ja-taidetapahtumat\/pinkoi-x-leatai\/#primaryimage\"},\"thumbnailUrl\":\"https:\/\/leatai.com\/wp-content\/uploads\/2020_06_17_1357090.jpg\",\"datePublished\":\"2021-06-24T05:23:31+00:00\",\"dateModified\":\"2025-12-23T03:55:53+00:00\",\"breadcrumb\":{\"@id\":\"https:\/\/leatai.com\/fi\/product\/toimialojen-valinen-yhteistyo\/kulttuuri-ja-taidetapahtumat\/pinkoi-x-leatai\/#breadcrumb\"},\"inLanguage\":\"fi\",\"potentialAction\":[{\"@type\":\"ReadAction\",\"target\":[\"https:\/\/leatai.com\/fi\/product\/toimialojen-valinen-yhteistyo\/kulttuuri-ja-taidetapahtumat\/pinkoi-x-leatai\/\"]}]},{\"@type\":\"ImageObject\",\"inLanguage\":\"fi\",\"@id\":\"https:\/\/leatai.com\/fi\/product\/toimialojen-valinen-yhteistyo\/kulttuuri-ja-taidetapahtumat\/pinkoi-x-leatai\/#primaryimage\",\"url\":\"https:\/\/leatai.com\/wp-content\/uploads\/2020_06_17_1357090.jpg\",\"contentUrl\":\"https:\/\/leatai.com\/wp-content\/uploads\/2020_06_17_1357090.jpg\",\"width\":700,\"height\":467},{\"@type\":\"BreadcrumbList\",\"@id\":\"https:\/\/leatai.com\/fi\/product\/toimialojen-valinen-yhteistyo\/kulttuuri-ja-taidetapahtumat\/pinkoi-x-leatai\/#breadcrumb\",\"itemListElement\":[{\"@type\":\"ListItem\",\"position\":1,\"name\":\"Home\",\"item\":\"https:\/\/leatai.com\/fi\/\"},{\"@type\":\"ListItem\",\"position\":2,\"name\":\"Tuote-esittely\",\"item\":\"https:\/\/leatai.com\/products\/\"},{\"@type\":\"ListItem\",\"position\":3,\"name\":\"Toimialojen v\u00e4linen yhteisty\u00f6\",\"item\":\"https:\/\/leatai.com\/fi\/tuote-osasto\/toimialojen-valinen-yhteistyo\/\"},{\"@type\":\"ListItem\",\"position\":4,\"name\":\"Kulttuuri- ja taidetapahtumat\",\"item\":\"https:\/\/leatai.com\/fi\/tuote-osasto\/toimialojen-valinen-yhteistyo\/kulttuuri-ja-taidetapahtumat\/\"},{\"@type\":\"ListItem\",\"position\":5,\"name\":\"Pinkoi x Leatai\"}]},{\"@type\":\"WebSite\",\"@id\":\"https:\/\/leatai.com\/fi\/#website\",\"url\":\"https:\/\/leatai.com\/fi\/\",\"name\":\"Leatai \u2013 R\u00e4\u00e4t\u00e4l\u00f6ityjen muistikirjojen valmistaja\",\"description\":\"Leatai tarjoaa r\u00e4\u00e4t\u00e4l\u00f6ityj\u00e4 muistikirjoja ja suunnittelijoita br\u00e4ndeille ja j\u00e4lleenmyyjille maailmanlaajuisesti.\",\"publisher\":{\"@id\":\"https:\/\/leatai.com\/fi\/#organization\"},\"potentialAction\":[{\"@type\":\"SearchAction\",\"target\":{\"@type\":\"EntryPoint\",\"urlTemplate\":\"https:\/\/leatai.com\/fi\/?s={search_term_string}\"},\"query-input\":{\"@type\":\"PropertyValueSpecification\",\"valueRequired\":true,\"valueName\":\"search_term_string\"}}],\"inLanguage\":\"fi\"},{\"@type\":\"Organization\",\"@id\":\"https:\/\/leatai.com\/fi\/#organization\",\"name\":\"Leatai Diary, customized journal and business organizer\",\"url\":\"https:\/\/leatai.com\/fi\/\",\"logo\":{\"@type\":\"ImageObject\",\"inLanguage\":\"fi\",\"@id\":\"https:\/\/leatai.com\/fi\/#\/schema\/logo\/image\/\",\"url\":\"https:\/\/leatai.com\/wp-content\/uploads\/logo-blue.png\",\"contentUrl\":\"https:\/\/leatai.com\/wp-content\/uploads\/logo-blue.png\",\"width\":230,\"height\":60,\"caption\":\"Leatai Diary, customized journal and business organizer\"},\"image\":{\"@id\":\"https:\/\/leatai.com\/fi\/#\/schema\/logo\/image\/\"}}]}<\/script>\n<!-- \/ Yoast SEO plugin. -->","yoast_head_json":{"title":"Pinkoi x Leatai - Leatai \u2013 R\u00e4\u00e4t\u00e4l\u00f6ityjen muistikirjojen valmistaja","robots":{"index":"index","follow":"follow","max-snippet":"max-snippet:-1","max-image-preview":"max-image-preview:large","max-video-preview":"max-video-preview:-1"},"canonical":"https:\/\/leatai.com\/fi\/product\/toimialojen-valinen-yhteistyo\/kulttuuri-ja-taidetapahtumat\/pinkoi-x-leatai\/","og_locale":"fi_FI","og_type":"article","og_title":"Pinkoi x Leatai - Leatai \u2013 R\u00e4\u00e4t\u00e4l\u00f6ityjen muistikirjojen valmistaja","og_description":"2017.04.22\u201323 Pinkoi vuosittain satunnaisesti j\u00e4rjest\u00e4m\u00e4 fyysinen markkinatapahtuma kokoaa yhteen alustan laadukkaat br\u00e4ndit saman katon alle. Monipuolisten design-tuotteiden lis\u00e4ksi k\u00e4vij\u00e4t voivat my\u00f6s jutella kasvotusten br\u00e4ndien suunnittelijoiden kanssa, kuulla br\u00e4nditarinoita tai tutustua tuotteiden k\u00e4ytt\u00f6tarkoituksiin syv\u00e4llisemmin. Parasta on se, ett\u00e4 voit hankkia kerralla useita eri design-estetiikoita edustavia upeita tuotteita! Viet\u00e4 viikonloppu k\u00e4si k\u00e4dess\u00e4 yst\u00e4vien kanssa ja kuljeskele taiteellisella [&hellip;]","og_url":"https:\/\/leatai.com\/fi\/product\/toimialojen-valinen-yhteistyo\/kulttuuri-ja-taidetapahtumat\/pinkoi-x-leatai\/","og_site_name":"Leatai \u2013 R\u00e4\u00e4t\u00e4l\u00f6ityjen muistikirjojen valmistaja","article_modified_time":"2025-12-23T03:55:53+00:00","og_image":[{"width":700,"height":467,"url":"https:\/\/leatai.com\/wp-content\/uploads\/2020_06_17_1357090.jpg","type":"image\/jpeg"}],"twitter_card":"summary_large_image","twitter_misc":{"Arvioitu lukuaika":"1 minuutti"},"schema":{"@context":"https:\/\/schema.org","@graph":[{"@type":"WebPage","@id":"https:\/\/leatai.com\/fi\/product\/toimialojen-valinen-yhteistyo\/kulttuuri-ja-taidetapahtumat\/pinkoi-x-leatai\/","url":"https:\/\/leatai.com\/fi\/product\/toimialojen-valinen-yhteistyo\/kulttuuri-ja-taidetapahtumat\/pinkoi-x-leatai\/","name":"Pinkoi x Leatai - Leatai \u2013 R\u00e4\u00e4t\u00e4l\u00f6ityjen muistikirjojen valmistaja","isPartOf":{"@id":"https:\/\/leatai.com\/fi\/#website"},"primaryImageOfPage":{"@id":"https:\/\/leatai.com\/fi\/product\/toimialojen-valinen-yhteistyo\/kulttuuri-ja-taidetapahtumat\/pinkoi-x-leatai\/#primaryimage"},"image":{"@id":"https:\/\/leatai.com\/fi\/product\/toimialojen-valinen-yhteistyo\/kulttuuri-ja-taidetapahtumat\/pinkoi-x-leatai\/#primaryimage"},"thumbnailUrl":"https:\/\/leatai.com\/wp-content\/uploads\/2020_06_17_1357090.jpg","datePublished":"2021-06-24T05:23:31+00:00","dateModified":"2025-12-23T03:55:53+00:00","breadcrumb":{"@id":"https:\/\/leatai.com\/fi\/product\/toimialojen-valinen-yhteistyo\/kulttuuri-ja-taidetapahtumat\/pinkoi-x-leatai\/#breadcrumb"},"inLanguage":"fi","potentialAction":[{"@type":"ReadAction","target":["https:\/\/leatai.com\/fi\/product\/toimialojen-valinen-yhteistyo\/kulttuuri-ja-taidetapahtumat\/pinkoi-x-leatai\/"]}]},{"@type":"ImageObject","inLanguage":"fi","@id":"https:\/\/leatai.com\/fi\/product\/toimialojen-valinen-yhteistyo\/kulttuuri-ja-taidetapahtumat\/pinkoi-x-leatai\/#primaryimage","url":"https:\/\/leatai.com\/wp-content\/uploads\/2020_06_17_1357090.jpg","contentUrl":"https:\/\/leatai.com\/wp-content\/uploads\/2020_06_17_1357090.jpg","width":700,"height":467},{"@type":"BreadcrumbList","@id":"https:\/\/leatai.com\/fi\/product\/toimialojen-valinen-yhteistyo\/kulttuuri-ja-taidetapahtumat\/pinkoi-x-leatai\/#breadcrumb","itemListElement":[{"@type":"ListItem","position":1,"name":"Home","item":"https:\/\/leatai.com\/fi\/"},{"@type":"ListItem","position":2,"name":"Tuote-esittely","item":"https:\/\/leatai.com\/products\/"},{"@type":"ListItem","position":3,"name":"Toimialojen v\u00e4linen yhteisty\u00f6","item":"https:\/\/leatai.com\/fi\/tuote-osasto\/toimialojen-valinen-yhteistyo\/"},{"@type":"ListItem","position":4,"name":"Kulttuuri- ja taidetapahtumat","item":"https:\/\/leatai.com\/fi\/tuote-osasto\/toimialojen-valinen-yhteistyo\/kulttuuri-ja-taidetapahtumat\/"},{"@type":"ListItem","position":5,"name":"Pinkoi x Leatai"}]},{"@type":"WebSite","@id":"https:\/\/leatai.com\/fi\/#website","url":"https:\/\/leatai.com\/fi\/","name":"Leatai \u2013 R\u00e4\u00e4t\u00e4l\u00f6ityjen muistikirjojen valmistaja","description":"Leatai tarjoaa r\u00e4\u00e4t\u00e4l\u00f6ityj\u00e4 muistikirjoja ja suunnittelijoita br\u00e4ndeille ja j\u00e4lleenmyyjille maailmanlaajuisesti.","publisher":{"@id":"https:\/\/leatai.com\/fi\/#organization"},"potentialAction":[{"@type":"SearchAction","target":{"@type":"EntryPoint","urlTemplate":"https:\/\/leatai.com\/fi\/?s={search_term_string}"},"query-input":{"@type":"PropertyValueSpecification","valueRequired":true,"valueName":"search_term_string"}}],"inLanguage":"fi"},{"@type":"Organization","@id":"https:\/\/leatai.com\/fi\/#organization","name":"Leatai Diary, customized journal and business organizer","url":"https:\/\/leatai.com\/fi\/","logo":{"@type":"ImageObject","inLanguage":"fi","@id":"https:\/\/leatai.com\/fi\/#\/schema\/logo\/image\/","url":"https:\/\/leatai.com\/wp-content\/uploads\/logo-blue.png","contentUrl":"https:\/\/leatai.com\/wp-content\/uploads\/logo-blue.png","width":230,"height":60,"caption":"Leatai Diary, customized journal and business organizer"},"image":{"@id":"https:\/\/leatai.com\/fi\/#\/schema\/logo\/image\/"}}]}},"_links":{"self":[{"href":"https:\/\/leatai.com\/fi\/wp-json\/wp\/v2\/product\/249557","targetHints":{"allow":["GET"]}}],"collection":[{"href":"https:\/\/leatai.com\/fi\/wp-json\/wp\/v2\/product"}],"about":[{"href":"https:\/\/leatai.com\/fi\/wp-json\/wp\/v2\/types\/product"}],"wp:featuredmedia":[{"embeddable":true,"href":"https:\/\/leatai.com\/fi\/wp-json\/wp\/v2\/media\/249558"}],"wp:attachment":[{"href":"https:\/\/leatai.com\/fi\/wp-json\/wp\/v2\/media?parent=249557"}],"wp:term":[{"taxonomy":"product_brand","embeddable":true,"href":"https:\/\/leatai.com\/fi\/wp-json\/wp\/v2\/product_brand?post=249557"},{"taxonomy":"product_cat","embeddable":true,"href":"https:\/\/leatai.com\/fi\/wp-json\/wp\/v2\/product_cat?post=249557"},{"taxonomy":"product_tag","embeddable":true,"href":"https:\/\/leatai.com\/fi\/wp-json\/wp\/v2\/product_tag?post=249557"},{"taxonomy":"home_works","embeddable":true,"href":"https:\/\/leatai.com\/fi\/wp-json\/wp\/v2\/home_works?post=249557"}],"curies":[{"name":"wp","href":"https:\/\/api.w.org\/{rel}","templated":true}]}}