{"id":249552,"date":"2021-06-24T13:23:31","date_gmt":"2021-06-24T05:23:31","guid":{"rendered":"https:\/\/leatai.com\/product\/Ei-luokiteltu\/tibe-x-leatai\/"},"modified":"2025-12-23T11:55:06","modified_gmt":"2025-12-23T03:55:06","slug":"tibe-x-leatai","status":"publish","type":"product","link":"https:\/\/leatai.com\/fi\/product\/toimialojen-valinen-yhteistyo\/kulttuuri-ja-taidetapahtumat\/tibe-x-leatai\/","title":{"rendered":"TIBE x Leatai"},"content":{"rendered":"<p>2018.02.06\u201302.11<\/p>\n<p>Taipein kansainv\u00e4lisen kirjamessujen esittelem\u00e4 elinvoima kumpuaa taiwanilaisten kustantajien osallistumisesta ja pitk\u00e4j\u00e4nteisest\u00e4 ty\u00f6st\u00e4. Yhdess\u00e4 olemme luoneet t\u00e4m\u00e4n loistavan saavutuksen. Taipein kansainv\u00e4liset kirjamessut tuovat entist\u00e4 monipuolisemman sis\u00e4ll\u00f6n kautta esiin Taiwanin kustannusalan vieh\u00e4tyksen ja vahvuuden: ulosp\u00e4in ne konkretisoivat Taiwanin strategisen aseman kiinankielisen kustannustoiminnan solmukohtana houkutellakseen kansainv\u00e4lisi\u00e4 kustantajia, jotka haluavat laajentaa kiinankielisille markkinoille; sis\u00e4isesti ne esittelev\u00e4t monikerroksisesti Taiwanin kustannuskent\u00e4n ilmett\u00e4 kirjallisuudesta ja tietokirjallisuudesta lastenkirjoihin ja sarjakuviin, tekstist\u00e4 kuviin ja \u00e4\u00e4neen sek\u00e4 painetuista julkaisuista digitaalisiin formaatteihin, rakentaen jatkuvasti kulttuurisesti laaja-alaista imagoa ja mainetta.<\/p>\n<p>Sis\u00e4lt\u00f6 on vetovoiman ja kiinnostavuuden ydin. T\u00e4m\u00e4n ajatuksen pohjalta avaamme yhdess\u00e4 lukijoiden ja kustantajien kanssa uusia lukemisen el\u00e4m\u00e4ntapojen kokemuksia, sytyt\u00e4mme ja innostamme koko kansan lukemisen intoa, kohotamme lukemisen tasoa ja kehit\u00e4mme uudenlaisen lukemisen karnevaalin.<\/p>\n","protected":false},"excerpt":{"rendered":"<p>2018.02.06\u201302.11 Taipein kansainv\u00e4lisen kirjamessujen esittelem\u00e4 elinvoima kumpuaa taiwanilaisten kustantajien osallistumisesta ja pitk\u00e4j\u00e4nteisest\u00e4 ty\u00f6st\u00e4. Yhdess\u00e4 olemme luoneet t\u00e4m\u00e4n loistavan saavutuksen. Taipein kansainv\u00e4liset kirjamessut tuovat entist\u00e4 monipuolisemman sis\u00e4ll\u00f6n kautta esiin Taiwanin kustannusalan vieh\u00e4tyksen ja vahvuuden: ulosp\u00e4in ne konkretisoivat Taiwanin strategisen aseman kiinankielisen kustannustoiminnan solmukohtana houkutellakseen kansainv\u00e4lisi\u00e4 kustantajia, jotka haluavat laajentaa kiinankielisille markkinoille; sis\u00e4isesti ne esittelev\u00e4t monikerroksisesti Taiwanin [&hellip;]<\/p>\n","protected":false},"featured_media":249553,"template":"","meta":{"_acf_changed":false},"product_brand":[],"product_cat":[1100],"product_tag":[],"home_works":[],"class_list":{"0":"post-249552","1":"product","2":"type-product","3":"status-publish","4":"has-post-thumbnail","6":"product_cat-kulttuuri-ja-taidetapahtumat","8":"first","9":"instock","10":"sold-individually","11":"shipping-taxable","12":"purchasable","13":"product-type-simple"},"acf":[],"yoast_head":"<!-- This site is optimized with the Yoast SEO plugin v27.2 - https:\/\/yoast.com\/product\/yoast-seo-wordpress\/ -->\n<title>TIBE x Leatai - Leatai \u2013 R\u00e4\u00e4t\u00e4l\u00f6ityjen muistikirjojen valmistaja<\/title>\n<meta name=\"robots\" content=\"index, follow, max-snippet:-1, max-image-preview:large, max-video-preview:-1\" \/>\n<link rel=\"canonical\" href=\"https:\/\/leatai.com\/fi\/product\/toimialojen-valinen-yhteistyo\/kulttuuri-ja-taidetapahtumat\/tibe-x-leatai\/\" \/>\n<meta property=\"og:locale\" content=\"fi_FI\" \/>\n<meta property=\"og:type\" content=\"article\" \/>\n<meta property=\"og:title\" content=\"TIBE x Leatai - Leatai \u2013 R\u00e4\u00e4t\u00e4l\u00f6ityjen muistikirjojen valmistaja\" \/>\n<meta property=\"og:description\" content=\"2018.02.06\u201302.11 Taipein kansainv\u00e4lisen kirjamessujen esittelem\u00e4 elinvoima kumpuaa taiwanilaisten kustantajien osallistumisesta ja pitk\u00e4j\u00e4nteisest\u00e4 ty\u00f6st\u00e4. Yhdess\u00e4 olemme luoneet t\u00e4m\u00e4n loistavan saavutuksen. Taipein kansainv\u00e4liset kirjamessut tuovat entist\u00e4 monipuolisemman sis\u00e4ll\u00f6n kautta esiin Taiwanin kustannusalan vieh\u00e4tyksen ja vahvuuden: ulosp\u00e4in ne konkretisoivat Taiwanin strategisen aseman kiinankielisen kustannustoiminnan solmukohtana houkutellakseen kansainv\u00e4lisi\u00e4 kustantajia, jotka haluavat laajentaa kiinankielisille markkinoille; sis\u00e4isesti ne esittelev\u00e4t monikerroksisesti Taiwanin [&hellip;]\" \/>\n<meta property=\"og:url\" content=\"https:\/\/leatai.com\/fi\/product\/toimialojen-valinen-yhteistyo\/kulttuuri-ja-taidetapahtumat\/tibe-x-leatai\/\" \/>\n<meta property=\"og:site_name\" content=\"Leatai \u2013 R\u00e4\u00e4t\u00e4l\u00f6ityjen muistikirjojen valmistaja\" \/>\n<meta property=\"article:modified_time\" content=\"2025-12-23T03:55:06+00:00\" \/>\n<meta property=\"og:image\" content=\"https:\/\/leatai.com\/wp-content\/uploads\/2020_06_19_1346150.jpg\" \/>\n\t<meta property=\"og:image:width\" content=\"1000\" \/>\n\t<meta property=\"og:image:height\" content=\"750\" \/>\n\t<meta property=\"og:image:type\" content=\"image\/jpeg\" \/>\n<meta name=\"twitter:card\" content=\"summary_large_image\" \/>\n<meta name=\"twitter:label1\" content=\"Arvioitu lukuaika\" \/>\n\t<meta name=\"twitter:data1\" content=\"1 minuutti\" \/>\n<script type=\"application\/ld+json\" class=\"yoast-schema-graph\">{\"@context\":\"https:\/\/schema.org\",\"@graph\":[{\"@type\":\"WebPage\",\"@id\":\"https:\/\/leatai.com\/fi\/product\/toimialojen-valinen-yhteistyo\/kulttuuri-ja-taidetapahtumat\/tibe-x-leatai\/\",\"url\":\"https:\/\/leatai.com\/fi\/product\/toimialojen-valinen-yhteistyo\/kulttuuri-ja-taidetapahtumat\/tibe-x-leatai\/\",\"name\":\"TIBE x Leatai - Leatai \u2013 R\u00e4\u00e4t\u00e4l\u00f6ityjen muistikirjojen valmistaja\",\"isPartOf\":{\"@id\":\"https:\/\/leatai.com\/fi\/#website\"},\"primaryImageOfPage\":{\"@id\":\"https:\/\/leatai.com\/fi\/product\/toimialojen-valinen-yhteistyo\/kulttuuri-ja-taidetapahtumat\/tibe-x-leatai\/#primaryimage\"},\"image\":{\"@id\":\"https:\/\/leatai.com\/fi\/product\/toimialojen-valinen-yhteistyo\/kulttuuri-ja-taidetapahtumat\/tibe-x-leatai\/#primaryimage\"},\"thumbnailUrl\":\"https:\/\/leatai.com\/wp-content\/uploads\/2020_06_19_1346150.jpg\",\"datePublished\":\"2021-06-24T05:23:31+00:00\",\"dateModified\":\"2025-12-23T03:55:06+00:00\",\"breadcrumb\":{\"@id\":\"https:\/\/leatai.com\/fi\/product\/toimialojen-valinen-yhteistyo\/kulttuuri-ja-taidetapahtumat\/tibe-x-leatai\/#breadcrumb\"},\"inLanguage\":\"fi\",\"potentialAction\":[{\"@type\":\"ReadAction\",\"target\":[\"https:\/\/leatai.com\/fi\/product\/toimialojen-valinen-yhteistyo\/kulttuuri-ja-taidetapahtumat\/tibe-x-leatai\/\"]}]},{\"@type\":\"ImageObject\",\"inLanguage\":\"fi\",\"@id\":\"https:\/\/leatai.com\/fi\/product\/toimialojen-valinen-yhteistyo\/kulttuuri-ja-taidetapahtumat\/tibe-x-leatai\/#primaryimage\",\"url\":\"https:\/\/leatai.com\/wp-content\/uploads\/2020_06_19_1346150.jpg\",\"contentUrl\":\"https:\/\/leatai.com\/wp-content\/uploads\/2020_06_19_1346150.jpg\",\"width\":1000,\"height\":750},{\"@type\":\"BreadcrumbList\",\"@id\":\"https:\/\/leatai.com\/fi\/product\/toimialojen-valinen-yhteistyo\/kulttuuri-ja-taidetapahtumat\/tibe-x-leatai\/#breadcrumb\",\"itemListElement\":[{\"@type\":\"ListItem\",\"position\":1,\"name\":\"Home\",\"item\":\"https:\/\/leatai.com\/fi\/\"},{\"@type\":\"ListItem\",\"position\":2,\"name\":\"Tuote-esittely\",\"item\":\"https:\/\/leatai.com\/products\/\"},{\"@type\":\"ListItem\",\"position\":3,\"name\":\"Toimialojen v\u00e4linen yhteisty\u00f6\",\"item\":\"https:\/\/leatai.com\/fi\/tuote-osasto\/toimialojen-valinen-yhteistyo\/\"},{\"@type\":\"ListItem\",\"position\":4,\"name\":\"Kulttuuri- ja taidetapahtumat\",\"item\":\"https:\/\/leatai.com\/fi\/tuote-osasto\/toimialojen-valinen-yhteistyo\/kulttuuri-ja-taidetapahtumat\/\"},{\"@type\":\"ListItem\",\"position\":5,\"name\":\"TIBE x Leatai\"}]},{\"@type\":\"WebSite\",\"@id\":\"https:\/\/leatai.com\/fi\/#website\",\"url\":\"https:\/\/leatai.com\/fi\/\",\"name\":\"Leatai \u2013 R\u00e4\u00e4t\u00e4l\u00f6ityjen muistikirjojen valmistaja\",\"description\":\"Leatai tarjoaa r\u00e4\u00e4t\u00e4l\u00f6ityj\u00e4 muistikirjoja ja suunnittelijoita br\u00e4ndeille ja j\u00e4lleenmyyjille maailmanlaajuisesti.\",\"publisher\":{\"@id\":\"https:\/\/leatai.com\/fi\/#organization\"},\"potentialAction\":[{\"@type\":\"SearchAction\",\"target\":{\"@type\":\"EntryPoint\",\"urlTemplate\":\"https:\/\/leatai.com\/fi\/?s={search_term_string}\"},\"query-input\":{\"@type\":\"PropertyValueSpecification\",\"valueRequired\":true,\"valueName\":\"search_term_string\"}}],\"inLanguage\":\"fi\"},{\"@type\":\"Organization\",\"@id\":\"https:\/\/leatai.com\/fi\/#organization\",\"name\":\"Leatai Diary, customized journal and business organizer\",\"url\":\"https:\/\/leatai.com\/fi\/\",\"logo\":{\"@type\":\"ImageObject\",\"inLanguage\":\"fi\",\"@id\":\"https:\/\/leatai.com\/fi\/#\/schema\/logo\/image\/\",\"url\":\"https:\/\/leatai.com\/wp-content\/uploads\/logo-blue.png\",\"contentUrl\":\"https:\/\/leatai.com\/wp-content\/uploads\/logo-blue.png\",\"width\":230,\"height\":60,\"caption\":\"Leatai Diary, customized journal and business organizer\"},\"image\":{\"@id\":\"https:\/\/leatai.com\/fi\/#\/schema\/logo\/image\/\"}}]}<\/script>\n<!-- \/ Yoast SEO plugin. -->","yoast_head_json":{"title":"TIBE x Leatai - Leatai \u2013 R\u00e4\u00e4t\u00e4l\u00f6ityjen muistikirjojen valmistaja","robots":{"index":"index","follow":"follow","max-snippet":"max-snippet:-1","max-image-preview":"max-image-preview:large","max-video-preview":"max-video-preview:-1"},"canonical":"https:\/\/leatai.com\/fi\/product\/toimialojen-valinen-yhteistyo\/kulttuuri-ja-taidetapahtumat\/tibe-x-leatai\/","og_locale":"fi_FI","og_type":"article","og_title":"TIBE x Leatai - Leatai \u2013 R\u00e4\u00e4t\u00e4l\u00f6ityjen muistikirjojen valmistaja","og_description":"2018.02.06\u201302.11 Taipein kansainv\u00e4lisen kirjamessujen esittelem\u00e4 elinvoima kumpuaa taiwanilaisten kustantajien osallistumisesta ja pitk\u00e4j\u00e4nteisest\u00e4 ty\u00f6st\u00e4. Yhdess\u00e4 olemme luoneet t\u00e4m\u00e4n loistavan saavutuksen. Taipein kansainv\u00e4liset kirjamessut tuovat entist\u00e4 monipuolisemman sis\u00e4ll\u00f6n kautta esiin Taiwanin kustannusalan vieh\u00e4tyksen ja vahvuuden: ulosp\u00e4in ne konkretisoivat Taiwanin strategisen aseman kiinankielisen kustannustoiminnan solmukohtana houkutellakseen kansainv\u00e4lisi\u00e4 kustantajia, jotka haluavat laajentaa kiinankielisille markkinoille; sis\u00e4isesti ne esittelev\u00e4t monikerroksisesti Taiwanin [&hellip;]","og_url":"https:\/\/leatai.com\/fi\/product\/toimialojen-valinen-yhteistyo\/kulttuuri-ja-taidetapahtumat\/tibe-x-leatai\/","og_site_name":"Leatai \u2013 R\u00e4\u00e4t\u00e4l\u00f6ityjen muistikirjojen valmistaja","article_modified_time":"2025-12-23T03:55:06+00:00","og_image":[{"width":1000,"height":750,"url":"https:\/\/leatai.com\/wp-content\/uploads\/2020_06_19_1346150.jpg","type":"image\/jpeg"}],"twitter_card":"summary_large_image","twitter_misc":{"Arvioitu lukuaika":"1 minuutti"},"schema":{"@context":"https:\/\/schema.org","@graph":[{"@type":"WebPage","@id":"https:\/\/leatai.com\/fi\/product\/toimialojen-valinen-yhteistyo\/kulttuuri-ja-taidetapahtumat\/tibe-x-leatai\/","url":"https:\/\/leatai.com\/fi\/product\/toimialojen-valinen-yhteistyo\/kulttuuri-ja-taidetapahtumat\/tibe-x-leatai\/","name":"TIBE x Leatai - Leatai \u2013 R\u00e4\u00e4t\u00e4l\u00f6ityjen muistikirjojen valmistaja","isPartOf":{"@id":"https:\/\/leatai.com\/fi\/#website"},"primaryImageOfPage":{"@id":"https:\/\/leatai.com\/fi\/product\/toimialojen-valinen-yhteistyo\/kulttuuri-ja-taidetapahtumat\/tibe-x-leatai\/#primaryimage"},"image":{"@id":"https:\/\/leatai.com\/fi\/product\/toimialojen-valinen-yhteistyo\/kulttuuri-ja-taidetapahtumat\/tibe-x-leatai\/#primaryimage"},"thumbnailUrl":"https:\/\/leatai.com\/wp-content\/uploads\/2020_06_19_1346150.jpg","datePublished":"2021-06-24T05:23:31+00:00","dateModified":"2025-12-23T03:55:06+00:00","breadcrumb":{"@id":"https:\/\/leatai.com\/fi\/product\/toimialojen-valinen-yhteistyo\/kulttuuri-ja-taidetapahtumat\/tibe-x-leatai\/#breadcrumb"},"inLanguage":"fi","potentialAction":[{"@type":"ReadAction","target":["https:\/\/leatai.com\/fi\/product\/toimialojen-valinen-yhteistyo\/kulttuuri-ja-taidetapahtumat\/tibe-x-leatai\/"]}]},{"@type":"ImageObject","inLanguage":"fi","@id":"https:\/\/leatai.com\/fi\/product\/toimialojen-valinen-yhteistyo\/kulttuuri-ja-taidetapahtumat\/tibe-x-leatai\/#primaryimage","url":"https:\/\/leatai.com\/wp-content\/uploads\/2020_06_19_1346150.jpg","contentUrl":"https:\/\/leatai.com\/wp-content\/uploads\/2020_06_19_1346150.jpg","width":1000,"height":750},{"@type":"BreadcrumbList","@id":"https:\/\/leatai.com\/fi\/product\/toimialojen-valinen-yhteistyo\/kulttuuri-ja-taidetapahtumat\/tibe-x-leatai\/#breadcrumb","itemListElement":[{"@type":"ListItem","position":1,"name":"Home","item":"https:\/\/leatai.com\/fi\/"},{"@type":"ListItem","position":2,"name":"Tuote-esittely","item":"https:\/\/leatai.com\/products\/"},{"@type":"ListItem","position":3,"name":"Toimialojen v\u00e4linen yhteisty\u00f6","item":"https:\/\/leatai.com\/fi\/tuote-osasto\/toimialojen-valinen-yhteistyo\/"},{"@type":"ListItem","position":4,"name":"Kulttuuri- ja taidetapahtumat","item":"https:\/\/leatai.com\/fi\/tuote-osasto\/toimialojen-valinen-yhteistyo\/kulttuuri-ja-taidetapahtumat\/"},{"@type":"ListItem","position":5,"name":"TIBE x Leatai"}]},{"@type":"WebSite","@id":"https:\/\/leatai.com\/fi\/#website","url":"https:\/\/leatai.com\/fi\/","name":"Leatai \u2013 R\u00e4\u00e4t\u00e4l\u00f6ityjen muistikirjojen valmistaja","description":"Leatai tarjoaa r\u00e4\u00e4t\u00e4l\u00f6ityj\u00e4 muistikirjoja ja suunnittelijoita br\u00e4ndeille ja j\u00e4lleenmyyjille maailmanlaajuisesti.","publisher":{"@id":"https:\/\/leatai.com\/fi\/#organization"},"potentialAction":[{"@type":"SearchAction","target":{"@type":"EntryPoint","urlTemplate":"https:\/\/leatai.com\/fi\/?s={search_term_string}"},"query-input":{"@type":"PropertyValueSpecification","valueRequired":true,"valueName":"search_term_string"}}],"inLanguage":"fi"},{"@type":"Organization","@id":"https:\/\/leatai.com\/fi\/#organization","name":"Leatai Diary, customized journal and business organizer","url":"https:\/\/leatai.com\/fi\/","logo":{"@type":"ImageObject","inLanguage":"fi","@id":"https:\/\/leatai.com\/fi\/#\/schema\/logo\/image\/","url":"https:\/\/leatai.com\/wp-content\/uploads\/logo-blue.png","contentUrl":"https:\/\/leatai.com\/wp-content\/uploads\/logo-blue.png","width":230,"height":60,"caption":"Leatai Diary, customized journal and business organizer"},"image":{"@id":"https:\/\/leatai.com\/fi\/#\/schema\/logo\/image\/"}}]}},"_links":{"self":[{"href":"https:\/\/leatai.com\/fi\/wp-json\/wp\/v2\/product\/249552","targetHints":{"allow":["GET"]}}],"collection":[{"href":"https:\/\/leatai.com\/fi\/wp-json\/wp\/v2\/product"}],"about":[{"href":"https:\/\/leatai.com\/fi\/wp-json\/wp\/v2\/types\/product"}],"wp:featuredmedia":[{"embeddable":true,"href":"https:\/\/leatai.com\/fi\/wp-json\/wp\/v2\/media\/249553"}],"wp:attachment":[{"href":"https:\/\/leatai.com\/fi\/wp-json\/wp\/v2\/media?parent=249552"}],"wp:term":[{"taxonomy":"product_brand","embeddable":true,"href":"https:\/\/leatai.com\/fi\/wp-json\/wp\/v2\/product_brand?post=249552"},{"taxonomy":"product_cat","embeddable":true,"href":"https:\/\/leatai.com\/fi\/wp-json\/wp\/v2\/product_cat?post=249552"},{"taxonomy":"product_tag","embeddable":true,"href":"https:\/\/leatai.com\/fi\/wp-json\/wp\/v2\/product_tag?post=249552"},{"taxonomy":"home_works","embeddable":true,"href":"https:\/\/leatai.com\/fi\/wp-json\/wp\/v2\/home_works?post=249552"}],"curies":[{"name":"wp","href":"https:\/\/api.w.org\/{rel}","templated":true}]}}