{"id":249542,"date":"2021-06-24T13:23:56","date_gmt":"2021-06-24T05:23:56","guid":{"rendered":"https:\/\/leatai.com\/product\/Ei-luokiteltu\/mapple-plus-taipei\/"},"modified":"2025-12-23T11:35:21","modified_gmt":"2025-12-23T03:35:21","slug":"mapple-plus-taipei","status":"publish","type":"product","link":"https:\/\/leatai.com\/fi\/product\/toimialojen-valinen-yhteistyo\/elokuvateollisuus\/mapple-plus-taipei\/","title":{"rendered":"Mapple PLUS Taipei"},"content":{"rendered":"<p>Mapple PLUS on japanilainen matkailulehti. T\u00e4ss\u00e4 numerossa esitell\u00e4\u00e4n Taipein sy\u00f6mist\u00e4, juomista ja vapaa-ajan el\u00e4myksi\u00e4, ja lis\u00e4ksi mukana on vinkkej\u00e4 my\u00f6s paperitavaroiden harrastajille sopivista vierailukohteista!<\/p>\n<p>Taiwanilaisena k\u00e4sintehtyjen muistikirjojen br\u00e4ndin\u00e4 olemme ottaneet huomioon mustekyn\u00e4ll\u00e4 kirjoittamisen yhteensopivuuden: kirjoitustuntuma on sujuva eik\u00e4 muste kuulla l\u00e4pi sivun.<br \/>\nMuistikirjat on valmistettu rakenteella, joka minimoi vauriot ja mahdollistaa 180 asteen t\u00e4ysin aukeavan selk\u00e4myksen. Samalla pid\u00e4mme tiukasti kiinni muistikirjan k\u00e4yt\u00e4nn\u00f6llisyyden vaatimuksista, ja helppo mukana kulkeva muotoilu onkin saanut laajaa suosiota.<\/p>\n","protected":false},"excerpt":{"rendered":"<p>Mapple PLUS on japanilainen matkailulehti. T\u00e4ss\u00e4 numerossa esitell\u00e4\u00e4n Taipein sy\u00f6mist\u00e4, juomista ja vapaa-ajan el\u00e4myksi\u00e4, ja lis\u00e4ksi mukana on vinkkej\u00e4 my\u00f6s paperitavaroiden harrastajille sopivista vierailukohteista! Taiwanilaisena k\u00e4sintehtyjen muistikirjojen br\u00e4ndin\u00e4 olemme ottaneet huomioon mustekyn\u00e4ll\u00e4 kirjoittamisen yhteensopivuuden: kirjoitustuntuma on sujuva eik\u00e4 muste kuulla l\u00e4pi sivun. Muistikirjat on valmistettu rakenteella, joka minimoi vauriot ja mahdollistaa 180 asteen t\u00e4ysin aukeavan [&hellip;]<\/p>\n","protected":false},"featured_media":249543,"template":"","meta":{"_acf_changed":false},"product_brand":[],"product_cat":[1087],"product_tag":[],"home_works":[],"class_list":{"0":"post-249542","1":"product","2":"type-product","3":"status-publish","4":"has-post-thumbnail","6":"product_cat-elokuvateollisuus","8":"first","9":"instock","10":"sold-individually","11":"shipping-taxable","12":"purchasable","13":"product-type-simple"},"acf":[],"yoast_head":"<!-- This site is optimized with the Yoast SEO plugin v27.2 - https:\/\/yoast.com\/product\/yoast-seo-wordpress\/ -->\n<title>Mapple PLUS Taipei - Yksi Taiwanin pakollisista vierailukohteista- Leatai \u2013 R\u00e4\u00e4t\u00e4l\u00f6ityjen muistikirjojen valmistaja<\/title>\n<meta name=\"description\" content=\"Mapple PLUS on japanilainen matkailulehti. Sen lis\u00e4ksi, ett\u00e4 se esittelee Taipein sy\u00f6mist\u00e4, juomista ja vapaa-ajan el\u00e4myksi\u00e4, se tuo esiin my\u00f6s paikkoja, jotka edustavat Taiwanin paperitavarakulttuuria. N\u00e4ist\u00e4 on v\u00e4hitellen tullut yksi Japanin matkailijoiden, erityisesti paperitavaroiden harrastajien, t\u00e4rkeimmist\u00e4 vierailukohteista Taiwanissa.\" \/>\n<meta name=\"robots\" content=\"index, follow, max-snippet:-1, max-image-preview:large, max-video-preview:-1\" \/>\n<link rel=\"canonical\" href=\"https:\/\/leatai.com\/fi\/product\/toimialojen-valinen-yhteistyo\/elokuvateollisuus\/mapple-plus-taipei\/\" \/>\n<meta property=\"og:locale\" content=\"fi_FI\" \/>\n<meta property=\"og:type\" content=\"article\" \/>\n<meta property=\"og:title\" content=\"Mapple PLUS Taipei - Yksi Taiwanin pakollisista vierailukohteista- Leatai \u2013 R\u00e4\u00e4t\u00e4l\u00f6ityjen muistikirjojen valmistaja\" \/>\n<meta property=\"og:description\" content=\"Mapple PLUS on japanilainen matkailulehti. Sen lis\u00e4ksi, ett\u00e4 se esittelee Taipein sy\u00f6mist\u00e4, juomista ja vapaa-ajan el\u00e4myksi\u00e4, se tuo esiin my\u00f6s paikkoja, jotka edustavat Taiwanin paperitavarakulttuuria. N\u00e4ist\u00e4 on v\u00e4hitellen tullut yksi Japanin matkailijoiden, erityisesti paperitavaroiden harrastajien, t\u00e4rkeimmist\u00e4 vierailukohteista Taiwanissa.\" \/>\n<meta property=\"og:url\" content=\"https:\/\/leatai.com\/fi\/product\/toimialojen-valinen-yhteistyo\/elokuvateollisuus\/mapple-plus-taipei\/\" \/>\n<meta property=\"og:site_name\" content=\"Leatai \u2013 R\u00e4\u00e4t\u00e4l\u00f6ityjen muistikirjojen valmistaja\" \/>\n<meta property=\"article:modified_time\" content=\"2025-12-23T03:35:21+00:00\" \/>\n<meta property=\"og:image\" content=\"https:\/\/leatai.com\/wp-content\/uploads\/2020_04_25_1733260.jpg\" \/>\n\t<meta property=\"og:image:width\" content=\"1000\" \/>\n\t<meta property=\"og:image:height\" content=\"750\" \/>\n\t<meta property=\"og:image:type\" content=\"image\/jpeg\" \/>\n<meta name=\"twitter:card\" content=\"summary_large_image\" \/>\n<meta name=\"twitter:label1\" content=\"Arvioitu lukuaika\" \/>\n\t<meta name=\"twitter:data1\" content=\"1 minuutti\" \/>\n<script type=\"application\/ld+json\" class=\"yoast-schema-graph\">{\"@context\":\"https:\/\/schema.org\",\"@graph\":[{\"@type\":\"WebPage\",\"@id\":\"https:\/\/leatai.com\/fi\/product\/toimialojen-valinen-yhteistyo\/elokuvateollisuus\/mapple-plus-taipei\/\",\"url\":\"https:\/\/leatai.com\/fi\/product\/toimialojen-valinen-yhteistyo\/elokuvateollisuus\/mapple-plus-taipei\/\",\"name\":\"Mapple PLUS Taipei - Yksi Taiwanin pakollisista vierailukohteista- Leatai \u2013 R\u00e4\u00e4t\u00e4l\u00f6ityjen muistikirjojen valmistaja\",\"isPartOf\":{\"@id\":\"https:\/\/leatai.com\/fi\/#website\"},\"primaryImageOfPage\":{\"@id\":\"https:\/\/leatai.com\/fi\/product\/toimialojen-valinen-yhteistyo\/elokuvateollisuus\/mapple-plus-taipei\/#primaryimage\"},\"image\":{\"@id\":\"https:\/\/leatai.com\/fi\/product\/toimialojen-valinen-yhteistyo\/elokuvateollisuus\/mapple-plus-taipei\/#primaryimage\"},\"thumbnailUrl\":\"https:\/\/leatai.com\/wp-content\/uploads\/2020_04_25_1733260.jpg\",\"datePublished\":\"2021-06-24T05:23:56+00:00\",\"dateModified\":\"2025-12-23T03:35:21+00:00\",\"description\":\"Mapple PLUS on japanilainen matkailulehti. Sen lis\u00e4ksi, ett\u00e4 se esittelee Taipein sy\u00f6mist\u00e4, juomista ja vapaa-ajan el\u00e4myksi\u00e4, se tuo esiin my\u00f6s paikkoja, jotka edustavat Taiwanin paperitavarakulttuuria. N\u00e4ist\u00e4 on v\u00e4hitellen tullut yksi Japanin matkailijoiden, erityisesti paperitavaroiden harrastajien, t\u00e4rkeimmist\u00e4 vierailukohteista Taiwanissa.\",\"breadcrumb\":{\"@id\":\"https:\/\/leatai.com\/fi\/product\/toimialojen-valinen-yhteistyo\/elokuvateollisuus\/mapple-plus-taipei\/#breadcrumb\"},\"inLanguage\":\"fi\",\"potentialAction\":[{\"@type\":\"ReadAction\",\"target\":[\"https:\/\/leatai.com\/fi\/product\/toimialojen-valinen-yhteistyo\/elokuvateollisuus\/mapple-plus-taipei\/\"]}]},{\"@type\":\"ImageObject\",\"inLanguage\":\"fi\",\"@id\":\"https:\/\/leatai.com\/fi\/product\/toimialojen-valinen-yhteistyo\/elokuvateollisuus\/mapple-plus-taipei\/#primaryimage\",\"url\":\"https:\/\/leatai.com\/wp-content\/uploads\/2020_04_25_1733260.jpg\",\"contentUrl\":\"https:\/\/leatai.com\/wp-content\/uploads\/2020_04_25_1733260.jpg\",\"width\":1000,\"height\":750,\"caption\":\"Japanilainen Mapple PLUS -lehti\"},{\"@type\":\"BreadcrumbList\",\"@id\":\"https:\/\/leatai.com\/fi\/product\/toimialojen-valinen-yhteistyo\/elokuvateollisuus\/mapple-plus-taipei\/#breadcrumb\",\"itemListElement\":[{\"@type\":\"ListItem\",\"position\":1,\"name\":\"Home\",\"item\":\"https:\/\/leatai.com\/fi\/\"},{\"@type\":\"ListItem\",\"position\":2,\"name\":\"Tuote-esittely\",\"item\":\"https:\/\/leatai.com\/products\/\"},{\"@type\":\"ListItem\",\"position\":3,\"name\":\"Toimialojen v\u00e4linen yhteisty\u00f6\",\"item\":\"https:\/\/leatai.com\/fi\/tuote-osasto\/toimialojen-valinen-yhteistyo\/\"},{\"@type\":\"ListItem\",\"position\":4,\"name\":\"Elokuvateollisuus\",\"item\":\"https:\/\/leatai.com\/fi\/tuote-osasto\/toimialojen-valinen-yhteistyo\/elokuvateollisuus\/\"},{\"@type\":\"ListItem\",\"position\":5,\"name\":\"Mapple PLUS Taipei\"}]},{\"@type\":\"WebSite\",\"@id\":\"https:\/\/leatai.com\/fi\/#website\",\"url\":\"https:\/\/leatai.com\/fi\/\",\"name\":\"Leatai \u2013 R\u00e4\u00e4t\u00e4l\u00f6ityjen muistikirjojen valmistaja\",\"description\":\"Leatai tarjoaa r\u00e4\u00e4t\u00e4l\u00f6ityj\u00e4 muistikirjoja ja suunnittelijoita br\u00e4ndeille ja j\u00e4lleenmyyjille maailmanlaajuisesti.\",\"publisher\":{\"@id\":\"https:\/\/leatai.com\/fi\/#organization\"},\"potentialAction\":[{\"@type\":\"SearchAction\",\"target\":{\"@type\":\"EntryPoint\",\"urlTemplate\":\"https:\/\/leatai.com\/fi\/?s={search_term_string}\"},\"query-input\":{\"@type\":\"PropertyValueSpecification\",\"valueRequired\":true,\"valueName\":\"search_term_string\"}}],\"inLanguage\":\"fi\"},{\"@type\":\"Organization\",\"@id\":\"https:\/\/leatai.com\/fi\/#organization\",\"name\":\"Leatai Diary, customized journal and business organizer\",\"url\":\"https:\/\/leatai.com\/fi\/\",\"logo\":{\"@type\":\"ImageObject\",\"inLanguage\":\"fi\",\"@id\":\"https:\/\/leatai.com\/fi\/#\/schema\/logo\/image\/\",\"url\":\"https:\/\/leatai.com\/wp-content\/uploads\/logo-blue.png\",\"contentUrl\":\"https:\/\/leatai.com\/wp-content\/uploads\/logo-blue.png\",\"width\":230,\"height\":60,\"caption\":\"Leatai Diary, customized journal and business organizer\"},\"image\":{\"@id\":\"https:\/\/leatai.com\/fi\/#\/schema\/logo\/image\/\"}}]}<\/script>\n<!-- \/ Yoast SEO plugin. -->","yoast_head_json":{"title":"Mapple PLUS Taipei - Yksi Taiwanin pakollisista vierailukohteista- Leatai \u2013 R\u00e4\u00e4t\u00e4l\u00f6ityjen muistikirjojen valmistaja","description":"Mapple PLUS on japanilainen matkailulehti. Sen lis\u00e4ksi, ett\u00e4 se esittelee Taipein sy\u00f6mist\u00e4, juomista ja vapaa-ajan el\u00e4myksi\u00e4, se tuo esiin my\u00f6s paikkoja, jotka edustavat Taiwanin paperitavarakulttuuria. N\u00e4ist\u00e4 on v\u00e4hitellen tullut yksi Japanin matkailijoiden, erityisesti paperitavaroiden harrastajien, t\u00e4rkeimmist\u00e4 vierailukohteista Taiwanissa.","robots":{"index":"index","follow":"follow","max-snippet":"max-snippet:-1","max-image-preview":"max-image-preview:large","max-video-preview":"max-video-preview:-1"},"canonical":"https:\/\/leatai.com\/fi\/product\/toimialojen-valinen-yhteistyo\/elokuvateollisuus\/mapple-plus-taipei\/","og_locale":"fi_FI","og_type":"article","og_title":"Mapple PLUS Taipei - Yksi Taiwanin pakollisista vierailukohteista- Leatai \u2013 R\u00e4\u00e4t\u00e4l\u00f6ityjen muistikirjojen valmistaja","og_description":"Mapple PLUS on japanilainen matkailulehti. Sen lis\u00e4ksi, ett\u00e4 se esittelee Taipein sy\u00f6mist\u00e4, juomista ja vapaa-ajan el\u00e4myksi\u00e4, se tuo esiin my\u00f6s paikkoja, jotka edustavat Taiwanin paperitavarakulttuuria. N\u00e4ist\u00e4 on v\u00e4hitellen tullut yksi Japanin matkailijoiden, erityisesti paperitavaroiden harrastajien, t\u00e4rkeimmist\u00e4 vierailukohteista Taiwanissa.","og_url":"https:\/\/leatai.com\/fi\/product\/toimialojen-valinen-yhteistyo\/elokuvateollisuus\/mapple-plus-taipei\/","og_site_name":"Leatai \u2013 R\u00e4\u00e4t\u00e4l\u00f6ityjen muistikirjojen valmistaja","article_modified_time":"2025-12-23T03:35:21+00:00","og_image":[{"width":1000,"height":750,"url":"https:\/\/leatai.com\/wp-content\/uploads\/2020_04_25_1733260.jpg","type":"image\/jpeg"}],"twitter_card":"summary_large_image","twitter_misc":{"Arvioitu lukuaika":"1 minuutti"},"schema":{"@context":"https:\/\/schema.org","@graph":[{"@type":"WebPage","@id":"https:\/\/leatai.com\/fi\/product\/toimialojen-valinen-yhteistyo\/elokuvateollisuus\/mapple-plus-taipei\/","url":"https:\/\/leatai.com\/fi\/product\/toimialojen-valinen-yhteistyo\/elokuvateollisuus\/mapple-plus-taipei\/","name":"Mapple PLUS Taipei - Yksi Taiwanin pakollisista vierailukohteista- Leatai \u2013 R\u00e4\u00e4t\u00e4l\u00f6ityjen muistikirjojen valmistaja","isPartOf":{"@id":"https:\/\/leatai.com\/fi\/#website"},"primaryImageOfPage":{"@id":"https:\/\/leatai.com\/fi\/product\/toimialojen-valinen-yhteistyo\/elokuvateollisuus\/mapple-plus-taipei\/#primaryimage"},"image":{"@id":"https:\/\/leatai.com\/fi\/product\/toimialojen-valinen-yhteistyo\/elokuvateollisuus\/mapple-plus-taipei\/#primaryimage"},"thumbnailUrl":"https:\/\/leatai.com\/wp-content\/uploads\/2020_04_25_1733260.jpg","datePublished":"2021-06-24T05:23:56+00:00","dateModified":"2025-12-23T03:35:21+00:00","description":"Mapple PLUS on japanilainen matkailulehti. Sen lis\u00e4ksi, ett\u00e4 se esittelee Taipein sy\u00f6mist\u00e4, juomista ja vapaa-ajan el\u00e4myksi\u00e4, se tuo esiin my\u00f6s paikkoja, jotka edustavat Taiwanin paperitavarakulttuuria. N\u00e4ist\u00e4 on v\u00e4hitellen tullut yksi Japanin matkailijoiden, erityisesti paperitavaroiden harrastajien, t\u00e4rkeimmist\u00e4 vierailukohteista Taiwanissa.","breadcrumb":{"@id":"https:\/\/leatai.com\/fi\/product\/toimialojen-valinen-yhteistyo\/elokuvateollisuus\/mapple-plus-taipei\/#breadcrumb"},"inLanguage":"fi","potentialAction":[{"@type":"ReadAction","target":["https:\/\/leatai.com\/fi\/product\/toimialojen-valinen-yhteistyo\/elokuvateollisuus\/mapple-plus-taipei\/"]}]},{"@type":"ImageObject","inLanguage":"fi","@id":"https:\/\/leatai.com\/fi\/product\/toimialojen-valinen-yhteistyo\/elokuvateollisuus\/mapple-plus-taipei\/#primaryimage","url":"https:\/\/leatai.com\/wp-content\/uploads\/2020_04_25_1733260.jpg","contentUrl":"https:\/\/leatai.com\/wp-content\/uploads\/2020_04_25_1733260.jpg","width":1000,"height":750,"caption":"Japanilainen Mapple PLUS -lehti"},{"@type":"BreadcrumbList","@id":"https:\/\/leatai.com\/fi\/product\/toimialojen-valinen-yhteistyo\/elokuvateollisuus\/mapple-plus-taipei\/#breadcrumb","itemListElement":[{"@type":"ListItem","position":1,"name":"Home","item":"https:\/\/leatai.com\/fi\/"},{"@type":"ListItem","position":2,"name":"Tuote-esittely","item":"https:\/\/leatai.com\/products\/"},{"@type":"ListItem","position":3,"name":"Toimialojen v\u00e4linen yhteisty\u00f6","item":"https:\/\/leatai.com\/fi\/tuote-osasto\/toimialojen-valinen-yhteistyo\/"},{"@type":"ListItem","position":4,"name":"Elokuvateollisuus","item":"https:\/\/leatai.com\/fi\/tuote-osasto\/toimialojen-valinen-yhteistyo\/elokuvateollisuus\/"},{"@type":"ListItem","position":5,"name":"Mapple PLUS Taipei"}]},{"@type":"WebSite","@id":"https:\/\/leatai.com\/fi\/#website","url":"https:\/\/leatai.com\/fi\/","name":"Leatai \u2013 R\u00e4\u00e4t\u00e4l\u00f6ityjen muistikirjojen valmistaja","description":"Leatai tarjoaa r\u00e4\u00e4t\u00e4l\u00f6ityj\u00e4 muistikirjoja ja suunnittelijoita br\u00e4ndeille ja j\u00e4lleenmyyjille maailmanlaajuisesti.","publisher":{"@id":"https:\/\/leatai.com\/fi\/#organization"},"potentialAction":[{"@type":"SearchAction","target":{"@type":"EntryPoint","urlTemplate":"https:\/\/leatai.com\/fi\/?s={search_term_string}"},"query-input":{"@type":"PropertyValueSpecification","valueRequired":true,"valueName":"search_term_string"}}],"inLanguage":"fi"},{"@type":"Organization","@id":"https:\/\/leatai.com\/fi\/#organization","name":"Leatai Diary, customized journal and business organizer","url":"https:\/\/leatai.com\/fi\/","logo":{"@type":"ImageObject","inLanguage":"fi","@id":"https:\/\/leatai.com\/fi\/#\/schema\/logo\/image\/","url":"https:\/\/leatai.com\/wp-content\/uploads\/logo-blue.png","contentUrl":"https:\/\/leatai.com\/wp-content\/uploads\/logo-blue.png","width":230,"height":60,"caption":"Leatai Diary, customized journal and business organizer"},"image":{"@id":"https:\/\/leatai.com\/fi\/#\/schema\/logo\/image\/"}}]}},"_links":{"self":[{"href":"https:\/\/leatai.com\/fi\/wp-json\/wp\/v2\/product\/249542","targetHints":{"allow":["GET"]}}],"collection":[{"href":"https:\/\/leatai.com\/fi\/wp-json\/wp\/v2\/product"}],"about":[{"href":"https:\/\/leatai.com\/fi\/wp-json\/wp\/v2\/types\/product"}],"wp:featuredmedia":[{"embeddable":true,"href":"https:\/\/leatai.com\/fi\/wp-json\/wp\/v2\/media\/249543"}],"wp:attachment":[{"href":"https:\/\/leatai.com\/fi\/wp-json\/wp\/v2\/media?parent=249542"}],"wp:term":[{"taxonomy":"product_brand","embeddable":true,"href":"https:\/\/leatai.com\/fi\/wp-json\/wp\/v2\/product_brand?post=249542"},{"taxonomy":"product_cat","embeddable":true,"href":"https:\/\/leatai.com\/fi\/wp-json\/wp\/v2\/product_cat?post=249542"},{"taxonomy":"product_tag","embeddable":true,"href":"https:\/\/leatai.com\/fi\/wp-json\/wp\/v2\/product_tag?post=249542"},{"taxonomy":"home_works","embeddable":true,"href":"https:\/\/leatai.com\/fi\/wp-json\/wp\/v2\/home_works?post=249542"}],"curies":[{"name":"wp","href":"https:\/\/api.w.org\/{rel}","templated":true}]}}