{"id":249537,"date":"2021-06-24T13:23:56","date_gmt":"2021-06-24T05:23:56","guid":{"rendered":"https:\/\/leatai.com\/product\/Ei-luokiteltu\/women-make-waves-international-film-festival-x-leatai\/"},"modified":"2025-12-23T11:34:46","modified_gmt":"2025-12-23T03:34:46","slug":"women-make-waves-international-film-festival-x-leatai","status":"publish","type":"product","link":"https:\/\/leatai.com\/fi\/product\/toimialojen-valinen-yhteistyo\/elokuvateollisuus\/women-make-waves-international-film-festival-x-leatai\/","title":{"rendered":"Women Make Waves International Film Festival x Leatai"},"content":{"rendered":"<p>Naisten elokuvafestivaalin johdanto:<br \/>\nBeyond Control \u2013 hallinta on ollut sek\u00e4 kahle ett\u00e4 uusi asenne<br \/>\n\u201dJumalaa ja miehi\u00e4 pelottaa eniten se, ett\u00e4 he menett\u00e4v\u00e4t kontrollin naisiin.\u201d \u2013 Mary Daly<br \/>\nT\u00e4n\u00e4 vuonna naisten elokuvafestivaali ottaa teemakseen \u201dhallinnan\u201d Beyond Control ja tuo eri ohjelmakokonaisuuksien kautta esiin tapoja, joilla naiset etsiv\u00e4t ja ymm\u00e4rt\u00e4v\u00e4t hallinnan valtaa. Pehmeiden taiteellisten ilmaisukeinojen avulla kerrotaan t\u00e4st\u00e4 voimakkaasta henkisest\u00e4 voimasta.<br \/>\n\u201dMe too: seksuaalisen v\u00e4kivallan ilmenemismuodot\u201d toimii liikkeiden \u201dTime\u2019s Up\u201d ja \u201d#MeTooMeToo\u201d paljastavana peilin\u00e4.<\/p>\n<p>Logon suunnittelukonsepti:<br \/>\n\u2013 Bao Dashan \u2013<br \/>\nMonet ihmiset eiv\u00e4t tiedosta el\u00e4m\u00e4ns\u00e4 kontrollia ja luulevat olevansa sellaisia kuin itse haluavat, vaikka todellisuudessa he ovat sellaisia kuin muut haluavat heid\u00e4n olevan.<br \/>\nAjatus siit\u00e4, ett\u00e4 tyt\u00f6n matkalla kohti parempaa itse\u00e4\u00e4n h\u00e4neen kohdistuu usein monien odotuksia, on my\u00f6s er\u00e4\u00e4nlaista kontrollia.<br \/>\nTiedostamatta hengitt\u00e4\u00e4 ja el\u00e4\u00e4 muiden toivomassa muodossa ei ole muuta kuin kahle.<br \/>\nEm\u00e4ttimen symboliikka: ei alistuta seksuaaliselle kontrollille eik\u00e4 k\u00e4ytet\u00e4 kehoa miellytt\u00e4m\u00e4\u00e4n muita vain saadakseen hetkellisen harhan ja todistuksen omasta olemassaolosta.<\/p>\n","protected":false},"excerpt":{"rendered":"<p>Naisten elokuvafestivaalin johdanto: Beyond Control \u2013 hallinta on ollut sek\u00e4 kahle ett\u00e4 uusi asenne \u201dJumalaa ja miehi\u00e4 pelottaa eniten se, ett\u00e4 he menett\u00e4v\u00e4t kontrollin naisiin.\u201d \u2013 Mary Daly T\u00e4n\u00e4 vuonna naisten elokuvafestivaali ottaa teemakseen \u201dhallinnan\u201d Beyond Control ja tuo eri ohjelmakokonaisuuksien kautta esiin tapoja, joilla naiset etsiv\u00e4t ja ymm\u00e4rt\u00e4v\u00e4t hallinnan valtaa. Pehmeiden taiteellisten ilmaisukeinojen avulla [&hellip;]<\/p>\n","protected":false},"featured_media":249538,"template":"","meta":{"_acf_changed":false},"product_brand":[],"product_cat":[1087],"product_tag":[],"home_works":[],"class_list":{"0":"post-249537","1":"product","2":"type-product","3":"status-publish","4":"has-post-thumbnail","6":"product_cat-elokuvateollisuus","8":"first","9":"instock","10":"sold-individually","11":"shipping-taxable","12":"purchasable","13":"product-type-simple"},"acf":[],"yoast_head":"<!-- This site is optimized with the Yoast SEO plugin v27.2 - https:\/\/yoast.com\/product\/yoast-seo-wordpress\/ -->\n<title>Women Make Waves International Film Festival x Leatai - Tulla paremmaksi versioksi itsest\u00e4\u00e4n - Leatai \u2013 R\u00e4\u00e4t\u00e4l\u00f6ityjen muistikirjojen valmistaja<\/title>\n<meta name=\"description\" content=\"Naisten elokuvafestivaali valitsee teemakseen \u201dhallinnan\u201d Beyond Control ja tuo eri ohjelmakokonaisuuksien kautta esiin tapoja, joilla naiset etsiv\u00e4t ja ymm\u00e4rt\u00e4v\u00e4t hallinnan valtaa, kertoen t\u00e4st\u00e4 voimakkaasta henkisest\u00e4 voimasta pehmeiden taiteellisten ilmaisukeinojen avulla. Beyond Control \u2013 hallinta on ollut sek\u00e4 kahle ett\u00e4 uusi asenne.\" \/>\n<meta name=\"robots\" content=\"index, follow, max-snippet:-1, max-image-preview:large, max-video-preview:-1\" \/>\n<link rel=\"canonical\" href=\"https:\/\/leatai.com\/fi\/product\/toimialojen-valinen-yhteistyo\/elokuvateollisuus\/women-make-waves-international-film-festival-x-leatai\/\" \/>\n<meta property=\"og:locale\" content=\"fi_FI\" \/>\n<meta property=\"og:type\" content=\"article\" \/>\n<meta property=\"og:title\" content=\"Women Make Waves International Film Festival x Leatai - Tulla paremmaksi versioksi itsest\u00e4\u00e4n - Leatai \u2013 R\u00e4\u00e4t\u00e4l\u00f6ityjen muistikirjojen valmistaja\" \/>\n<meta property=\"og:description\" content=\"Naisten elokuvafestivaali valitsee teemakseen \u201dhallinnan\u201d Beyond Control ja tuo eri ohjelmakokonaisuuksien kautta esiin tapoja, joilla naiset etsiv\u00e4t ja ymm\u00e4rt\u00e4v\u00e4t hallinnan valtaa, kertoen t\u00e4st\u00e4 voimakkaasta henkisest\u00e4 voimasta pehmeiden taiteellisten ilmaisukeinojen avulla. Beyond Control \u2013 hallinta on ollut sek\u00e4 kahle ett\u00e4 uusi asenne.\" \/>\n<meta property=\"og:url\" content=\"https:\/\/leatai.com\/fi\/product\/toimialojen-valinen-yhteistyo\/elokuvateollisuus\/women-make-waves-international-film-festival-x-leatai\/\" \/>\n<meta property=\"og:site_name\" content=\"Leatai \u2013 R\u00e4\u00e4t\u00e4l\u00f6ityjen muistikirjojen valmistaja\" \/>\n<meta property=\"article:modified_time\" content=\"2025-12-23T03:34:46+00:00\" \/>\n<meta property=\"og:image\" content=\"https:\/\/leatai.com\/wp-content\/uploads\/2020_04_25_1743240.jpg\" \/>\n\t<meta property=\"og:image:width\" content=\"1000\" \/>\n\t<meta property=\"og:image:height\" content=\"750\" \/>\n\t<meta property=\"og:image:type\" content=\"image\/jpeg\" \/>\n<meta name=\"twitter:card\" content=\"summary_large_image\" \/>\n<meta name=\"twitter:label1\" content=\"Arvioitu lukuaika\" \/>\n\t<meta name=\"twitter:data1\" content=\"1 minuutti\" \/>\n<script type=\"application\/ld+json\" class=\"yoast-schema-graph\">{\"@context\":\"https:\/\/schema.org\",\"@graph\":[{\"@type\":\"WebPage\",\"@id\":\"https:\/\/leatai.com\/fi\/product\/toimialojen-valinen-yhteistyo\/elokuvateollisuus\/women-make-waves-international-film-festival-x-leatai\/\",\"url\":\"https:\/\/leatai.com\/fi\/product\/toimialojen-valinen-yhteistyo\/elokuvateollisuus\/women-make-waves-international-film-festival-x-leatai\/\",\"name\":\"Women Make Waves International Film Festival x Leatai - Tulla paremmaksi versioksi itsest\u00e4\u00e4n - Leatai \u2013 R\u00e4\u00e4t\u00e4l\u00f6ityjen muistikirjojen valmistaja\",\"isPartOf\":{\"@id\":\"https:\/\/leatai.com\/fi\/#website\"},\"primaryImageOfPage\":{\"@id\":\"https:\/\/leatai.com\/fi\/product\/toimialojen-valinen-yhteistyo\/elokuvateollisuus\/women-make-waves-international-film-festival-x-leatai\/#primaryimage\"},\"image\":{\"@id\":\"https:\/\/leatai.com\/fi\/product\/toimialojen-valinen-yhteistyo\/elokuvateollisuus\/women-make-waves-international-film-festival-x-leatai\/#primaryimage\"},\"thumbnailUrl\":\"https:\/\/leatai.com\/wp-content\/uploads\/2020_04_25_1743240.jpg\",\"datePublished\":\"2021-06-24T05:23:56+00:00\",\"dateModified\":\"2025-12-23T03:34:46+00:00\",\"description\":\"Naisten elokuvafestivaali valitsee teemakseen \u201dhallinnan\u201d Beyond Control ja tuo eri ohjelmakokonaisuuksien kautta esiin tapoja, joilla naiset etsiv\u00e4t ja ymm\u00e4rt\u00e4v\u00e4t hallinnan valtaa, kertoen t\u00e4st\u00e4 voimakkaasta henkisest\u00e4 voimasta pehmeiden taiteellisten ilmaisukeinojen avulla. Beyond Control \u2013 hallinta on ollut sek\u00e4 kahle ett\u00e4 uusi asenne.\",\"breadcrumb\":{\"@id\":\"https:\/\/leatai.com\/fi\/product\/toimialojen-valinen-yhteistyo\/elokuvateollisuus\/women-make-waves-international-film-festival-x-leatai\/#breadcrumb\"},\"inLanguage\":\"fi\",\"potentialAction\":[{\"@type\":\"ReadAction\",\"target\":[\"https:\/\/leatai.com\/fi\/product\/toimialojen-valinen-yhteistyo\/elokuvateollisuus\/women-make-waves-international-film-festival-x-leatai\/\"]}]},{\"@type\":\"ImageObject\",\"inLanguage\":\"fi\",\"@id\":\"https:\/\/leatai.com\/fi\/product\/toimialojen-valinen-yhteistyo\/elokuvateollisuus\/women-make-waves-international-film-festival-x-leatai\/#primaryimage\",\"url\":\"https:\/\/leatai.com\/wp-content\/uploads\/2020_04_25_1743240.jpg\",\"contentUrl\":\"https:\/\/leatai.com\/wp-content\/uploads\/2020_04_25_1743240.jpg\",\"width\":1000,\"height\":750},{\"@type\":\"BreadcrumbList\",\"@id\":\"https:\/\/leatai.com\/fi\/product\/toimialojen-valinen-yhteistyo\/elokuvateollisuus\/women-make-waves-international-film-festival-x-leatai\/#breadcrumb\",\"itemListElement\":[{\"@type\":\"ListItem\",\"position\":1,\"name\":\"Home\",\"item\":\"https:\/\/leatai.com\/fi\/\"},{\"@type\":\"ListItem\",\"position\":2,\"name\":\"Tuote-esittely\",\"item\":\"https:\/\/leatai.com\/products\/\"},{\"@type\":\"ListItem\",\"position\":3,\"name\":\"Toimialojen v\u00e4linen yhteisty\u00f6\",\"item\":\"https:\/\/leatai.com\/fi\/tuote-osasto\/toimialojen-valinen-yhteistyo\/\"},{\"@type\":\"ListItem\",\"position\":4,\"name\":\"Elokuvateollisuus\",\"item\":\"https:\/\/leatai.com\/fi\/tuote-osasto\/toimialojen-valinen-yhteistyo\/elokuvateollisuus\/\"},{\"@type\":\"ListItem\",\"position\":5,\"name\":\"Women Make Waves International Film Festival x Leatai\"}]},{\"@type\":\"WebSite\",\"@id\":\"https:\/\/leatai.com\/fi\/#website\",\"url\":\"https:\/\/leatai.com\/fi\/\",\"name\":\"Leatai \u2013 R\u00e4\u00e4t\u00e4l\u00f6ityjen muistikirjojen valmistaja\",\"description\":\"Leatai tarjoaa r\u00e4\u00e4t\u00e4l\u00f6ityj\u00e4 muistikirjoja ja suunnittelijoita br\u00e4ndeille ja j\u00e4lleenmyyjille maailmanlaajuisesti.\",\"publisher\":{\"@id\":\"https:\/\/leatai.com\/fi\/#organization\"},\"potentialAction\":[{\"@type\":\"SearchAction\",\"target\":{\"@type\":\"EntryPoint\",\"urlTemplate\":\"https:\/\/leatai.com\/fi\/?s={search_term_string}\"},\"query-input\":{\"@type\":\"PropertyValueSpecification\",\"valueRequired\":true,\"valueName\":\"search_term_string\"}}],\"inLanguage\":\"fi\"},{\"@type\":\"Organization\",\"@id\":\"https:\/\/leatai.com\/fi\/#organization\",\"name\":\"Leatai Diary, customized journal and business organizer\",\"url\":\"https:\/\/leatai.com\/fi\/\",\"logo\":{\"@type\":\"ImageObject\",\"inLanguage\":\"fi\",\"@id\":\"https:\/\/leatai.com\/fi\/#\/schema\/logo\/image\/\",\"url\":\"https:\/\/leatai.com\/wp-content\/uploads\/logo-blue.png\",\"contentUrl\":\"https:\/\/leatai.com\/wp-content\/uploads\/logo-blue.png\",\"width\":230,\"height\":60,\"caption\":\"Leatai Diary, customized journal and business organizer\"},\"image\":{\"@id\":\"https:\/\/leatai.com\/fi\/#\/schema\/logo\/image\/\"}}]}<\/script>\n<!-- \/ Yoast SEO plugin. -->","yoast_head_json":{"title":"Women Make Waves International Film Festival x Leatai - Tulla paremmaksi versioksi itsest\u00e4\u00e4n - Leatai \u2013 R\u00e4\u00e4t\u00e4l\u00f6ityjen muistikirjojen valmistaja","description":"Naisten elokuvafestivaali valitsee teemakseen \u201dhallinnan\u201d Beyond Control ja tuo eri ohjelmakokonaisuuksien kautta esiin tapoja, joilla naiset etsiv\u00e4t ja ymm\u00e4rt\u00e4v\u00e4t hallinnan valtaa, kertoen t\u00e4st\u00e4 voimakkaasta henkisest\u00e4 voimasta pehmeiden taiteellisten ilmaisukeinojen avulla. Beyond Control \u2013 hallinta on ollut sek\u00e4 kahle ett\u00e4 uusi asenne.","robots":{"index":"index","follow":"follow","max-snippet":"max-snippet:-1","max-image-preview":"max-image-preview:large","max-video-preview":"max-video-preview:-1"},"canonical":"https:\/\/leatai.com\/fi\/product\/toimialojen-valinen-yhteistyo\/elokuvateollisuus\/women-make-waves-international-film-festival-x-leatai\/","og_locale":"fi_FI","og_type":"article","og_title":"Women Make Waves International Film Festival x Leatai - Tulla paremmaksi versioksi itsest\u00e4\u00e4n - Leatai \u2013 R\u00e4\u00e4t\u00e4l\u00f6ityjen muistikirjojen valmistaja","og_description":"Naisten elokuvafestivaali valitsee teemakseen \u201dhallinnan\u201d Beyond Control ja tuo eri ohjelmakokonaisuuksien kautta esiin tapoja, joilla naiset etsiv\u00e4t ja ymm\u00e4rt\u00e4v\u00e4t hallinnan valtaa, kertoen t\u00e4st\u00e4 voimakkaasta henkisest\u00e4 voimasta pehmeiden taiteellisten ilmaisukeinojen avulla. Beyond Control \u2013 hallinta on ollut sek\u00e4 kahle ett\u00e4 uusi asenne.","og_url":"https:\/\/leatai.com\/fi\/product\/toimialojen-valinen-yhteistyo\/elokuvateollisuus\/women-make-waves-international-film-festival-x-leatai\/","og_site_name":"Leatai \u2013 R\u00e4\u00e4t\u00e4l\u00f6ityjen muistikirjojen valmistaja","article_modified_time":"2025-12-23T03:34:46+00:00","og_image":[{"width":1000,"height":750,"url":"https:\/\/leatai.com\/wp-content\/uploads\/2020_04_25_1743240.jpg","type":"image\/jpeg"}],"twitter_card":"summary_large_image","twitter_misc":{"Arvioitu lukuaika":"1 minuutti"},"schema":{"@context":"https:\/\/schema.org","@graph":[{"@type":"WebPage","@id":"https:\/\/leatai.com\/fi\/product\/toimialojen-valinen-yhteistyo\/elokuvateollisuus\/women-make-waves-international-film-festival-x-leatai\/","url":"https:\/\/leatai.com\/fi\/product\/toimialojen-valinen-yhteistyo\/elokuvateollisuus\/women-make-waves-international-film-festival-x-leatai\/","name":"Women Make Waves International Film Festival x Leatai - Tulla paremmaksi versioksi itsest\u00e4\u00e4n - Leatai \u2013 R\u00e4\u00e4t\u00e4l\u00f6ityjen muistikirjojen valmistaja","isPartOf":{"@id":"https:\/\/leatai.com\/fi\/#website"},"primaryImageOfPage":{"@id":"https:\/\/leatai.com\/fi\/product\/toimialojen-valinen-yhteistyo\/elokuvateollisuus\/women-make-waves-international-film-festival-x-leatai\/#primaryimage"},"image":{"@id":"https:\/\/leatai.com\/fi\/product\/toimialojen-valinen-yhteistyo\/elokuvateollisuus\/women-make-waves-international-film-festival-x-leatai\/#primaryimage"},"thumbnailUrl":"https:\/\/leatai.com\/wp-content\/uploads\/2020_04_25_1743240.jpg","datePublished":"2021-06-24T05:23:56+00:00","dateModified":"2025-12-23T03:34:46+00:00","description":"Naisten elokuvafestivaali valitsee teemakseen \u201dhallinnan\u201d Beyond Control ja tuo eri ohjelmakokonaisuuksien kautta esiin tapoja, joilla naiset etsiv\u00e4t ja ymm\u00e4rt\u00e4v\u00e4t hallinnan valtaa, kertoen t\u00e4st\u00e4 voimakkaasta henkisest\u00e4 voimasta pehmeiden taiteellisten ilmaisukeinojen avulla. Beyond Control \u2013 hallinta on ollut sek\u00e4 kahle ett\u00e4 uusi asenne.","breadcrumb":{"@id":"https:\/\/leatai.com\/fi\/product\/toimialojen-valinen-yhteistyo\/elokuvateollisuus\/women-make-waves-international-film-festival-x-leatai\/#breadcrumb"},"inLanguage":"fi","potentialAction":[{"@type":"ReadAction","target":["https:\/\/leatai.com\/fi\/product\/toimialojen-valinen-yhteistyo\/elokuvateollisuus\/women-make-waves-international-film-festival-x-leatai\/"]}]},{"@type":"ImageObject","inLanguage":"fi","@id":"https:\/\/leatai.com\/fi\/product\/toimialojen-valinen-yhteistyo\/elokuvateollisuus\/women-make-waves-international-film-festival-x-leatai\/#primaryimage","url":"https:\/\/leatai.com\/wp-content\/uploads\/2020_04_25_1743240.jpg","contentUrl":"https:\/\/leatai.com\/wp-content\/uploads\/2020_04_25_1743240.jpg","width":1000,"height":750},{"@type":"BreadcrumbList","@id":"https:\/\/leatai.com\/fi\/product\/toimialojen-valinen-yhteistyo\/elokuvateollisuus\/women-make-waves-international-film-festival-x-leatai\/#breadcrumb","itemListElement":[{"@type":"ListItem","position":1,"name":"Home","item":"https:\/\/leatai.com\/fi\/"},{"@type":"ListItem","position":2,"name":"Tuote-esittely","item":"https:\/\/leatai.com\/products\/"},{"@type":"ListItem","position":3,"name":"Toimialojen v\u00e4linen yhteisty\u00f6","item":"https:\/\/leatai.com\/fi\/tuote-osasto\/toimialojen-valinen-yhteistyo\/"},{"@type":"ListItem","position":4,"name":"Elokuvateollisuus","item":"https:\/\/leatai.com\/fi\/tuote-osasto\/toimialojen-valinen-yhteistyo\/elokuvateollisuus\/"},{"@type":"ListItem","position":5,"name":"Women Make Waves International Film Festival x Leatai"}]},{"@type":"WebSite","@id":"https:\/\/leatai.com\/fi\/#website","url":"https:\/\/leatai.com\/fi\/","name":"Leatai \u2013 R\u00e4\u00e4t\u00e4l\u00f6ityjen muistikirjojen valmistaja","description":"Leatai tarjoaa r\u00e4\u00e4t\u00e4l\u00f6ityj\u00e4 muistikirjoja ja suunnittelijoita br\u00e4ndeille ja j\u00e4lleenmyyjille maailmanlaajuisesti.","publisher":{"@id":"https:\/\/leatai.com\/fi\/#organization"},"potentialAction":[{"@type":"SearchAction","target":{"@type":"EntryPoint","urlTemplate":"https:\/\/leatai.com\/fi\/?s={search_term_string}"},"query-input":{"@type":"PropertyValueSpecification","valueRequired":true,"valueName":"search_term_string"}}],"inLanguage":"fi"},{"@type":"Organization","@id":"https:\/\/leatai.com\/fi\/#organization","name":"Leatai Diary, customized journal and business organizer","url":"https:\/\/leatai.com\/fi\/","logo":{"@type":"ImageObject","inLanguage":"fi","@id":"https:\/\/leatai.com\/fi\/#\/schema\/logo\/image\/","url":"https:\/\/leatai.com\/wp-content\/uploads\/logo-blue.png","contentUrl":"https:\/\/leatai.com\/wp-content\/uploads\/logo-blue.png","width":230,"height":60,"caption":"Leatai Diary, customized journal and business organizer"},"image":{"@id":"https:\/\/leatai.com\/fi\/#\/schema\/logo\/image\/"}}]}},"_links":{"self":[{"href":"https:\/\/leatai.com\/fi\/wp-json\/wp\/v2\/product\/249537","targetHints":{"allow":["GET"]}}],"collection":[{"href":"https:\/\/leatai.com\/fi\/wp-json\/wp\/v2\/product"}],"about":[{"href":"https:\/\/leatai.com\/fi\/wp-json\/wp\/v2\/types\/product"}],"wp:featuredmedia":[{"embeddable":true,"href":"https:\/\/leatai.com\/fi\/wp-json\/wp\/v2\/media\/249538"}],"wp:attachment":[{"href":"https:\/\/leatai.com\/fi\/wp-json\/wp\/v2\/media?parent=249537"}],"wp:term":[{"taxonomy":"product_brand","embeddable":true,"href":"https:\/\/leatai.com\/fi\/wp-json\/wp\/v2\/product_brand?post=249537"},{"taxonomy":"product_cat","embeddable":true,"href":"https:\/\/leatai.com\/fi\/wp-json\/wp\/v2\/product_cat?post=249537"},{"taxonomy":"product_tag","embeddable":true,"href":"https:\/\/leatai.com\/fi\/wp-json\/wp\/v2\/product_tag?post=249537"},{"taxonomy":"home_works","embeddable":true,"href":"https:\/\/leatai.com\/fi\/wp-json\/wp\/v2\/home_works?post=249537"}],"curies":[{"name":"wp","href":"https:\/\/api.w.org\/{rel}","templated":true}]}}