{"id":249535,"date":"2021-06-24T13:23:56","date_gmt":"2021-06-24T05:23:56","guid":{"rendered":"https:\/\/leatai.com\/product\/Ei-luokiteltu\/cola-films-x-leatai-2\/"},"modified":"2025-12-23T11:33:46","modified_gmt":"2025-12-23T03:33:46","slug":"cola-films-x-leatai-2","status":"publish","type":"product","link":"https:\/\/leatai.com\/fi\/product\/toimialojen-valinen-yhteistyo\/elokuvateollisuus\/cola-films-x-leatai-2\/","title":{"rendered":"Cola films x Leatai"},"content":{"rendered":"<p>\u2605 Luc Bessonin kiistellyin eeppinen klassikko<br \/>\n\u2605 25. Ranskan C\u00e9sar-palkinnot: kahdeksan ehdokkuutta, voitti parhaan puvustuksen ja parhaan \u00e4\u00e4nisuunnittelun palkinnot<br \/>\n\u2605 Luc Besson ja h\u00e4nen silloisen n\u00e4yttelij\u00e4vaimonsa Milla Jovovichin yhdess\u00e4 luoma j\u00e4risytt\u00e4v\u00e4 teos<br \/>\n\u2605 Huippun\u00e4yttelij\u00f6iden yhteinen voimann\u00e4yte, joka esittelee poikkeuksellista n\u00e4yttelij\u00e4nty\u00f6t\u00e4<\/p>\n<p>\u27a2 Ohjaajamestari Luc Bessonin kiistanalaisin ja mahtipontisin eeppinen suurtuotanto, sodan nais\u00adsankarin klassikko, joka on n\u00e4ht\u00e4v\u00e4 ainakin kerran el\u00e4m\u00e4ss\u00e4!<\/p>\n","protected":false},"excerpt":{"rendered":"<p>\u2605 Luc Bessonin kiistellyin eeppinen klassikko \u2605 25. Ranskan C\u00e9sar-palkinnot: kahdeksan ehdokkuutta, voitti parhaan puvustuksen ja parhaan \u00e4\u00e4nisuunnittelun palkinnot \u2605 Luc Besson ja h\u00e4nen silloisen n\u00e4yttelij\u00e4vaimonsa Milla Jovovichin yhdess\u00e4 luoma j\u00e4risytt\u00e4v\u00e4 teos \u2605 Huippun\u00e4yttelij\u00f6iden yhteinen voimann\u00e4yte, joka esittelee poikkeuksellista n\u00e4yttelij\u00e4nty\u00f6t\u00e4 \u27a2 Ohjaajamestari Luc Bessonin kiistanalaisin ja mahtipontisin eeppinen suurtuotanto, sodan nais\u00adsankarin klassikko, joka on n\u00e4ht\u00e4v\u00e4 [&hellip;]<\/p>\n","protected":false},"featured_media":249536,"template":"","meta":{"_acf_changed":false},"product_brand":[],"product_cat":[1087],"product_tag":[],"home_works":[],"class_list":{"0":"post-249535","1":"product","2":"type-product","3":"status-publish","4":"has-post-thumbnail","6":"product_cat-elokuvateollisuus","8":"first","9":"instock","10":"sold-individually","11":"shipping-taxable","12":"purchasable","13":"product-type-simple"},"acf":[],"yoast_head":"<!-- This site is optimized with the Yoast SEO plugin v27.2 - https:\/\/yoast.com\/product\/yoast-seo-wordpress\/ -->\n<title>Cola films x Leatai - Pyh\u00e4n Jeanne d\u2019Arcin yhteisty\u00f6mallinen muistikirja- Leatai \u2013 R\u00e4\u00e4t\u00e4l\u00f6ityjen muistikirjojen valmistaja<\/title>\n<meta name=\"description\" content=\"Ohjaajamestari Luc Bessonin kiistanalaisin ja mahtipontisin eeppinen suurteos, sodan nais\u00adsankarin klassikko, joka on n\u00e4ht\u00e4v\u00e4 ainakin kerran el\u00e4m\u00e4ss\u00e4! Luc Besson ja h\u00e4nen silloisen n\u00e4yttelij\u00e4vaimonsa Milla Jovovichin yhdess\u00e4 luoma j\u00e4risytt\u00e4v\u00e4 teos palaa valkokankaalle \u2013 t\u00e4t\u00e4 ei kannata j\u00e4tt\u00e4\u00e4 v\u00e4liin. Arvokas ker\u00e4ilyesine: Pyh\u00e4n Jeanne d\u2019Arcin yhteisty\u00f6muistikirja.\" \/>\n<meta name=\"robots\" content=\"index, follow, max-snippet:-1, max-image-preview:large, max-video-preview:-1\" \/>\n<link rel=\"canonical\" href=\"https:\/\/leatai.com\/fi\/product\/toimialojen-valinen-yhteistyo\/elokuvateollisuus\/cola-films-x-leatai-2\/\" \/>\n<meta property=\"og:locale\" content=\"fi_FI\" \/>\n<meta property=\"og:type\" content=\"article\" \/>\n<meta property=\"og:title\" content=\"Cola films x Leatai - Pyh\u00e4n Jeanne d\u2019Arcin yhteisty\u00f6mallinen muistikirja- Leatai \u2013 R\u00e4\u00e4t\u00e4l\u00f6ityjen muistikirjojen valmistaja\" \/>\n<meta property=\"og:description\" content=\"Ohjaajamestari Luc Bessonin kiistanalaisin ja mahtipontisin eeppinen suurteos, sodan nais\u00adsankarin klassikko, joka on n\u00e4ht\u00e4v\u00e4 ainakin kerran el\u00e4m\u00e4ss\u00e4! Luc Besson ja h\u00e4nen silloisen n\u00e4yttelij\u00e4vaimonsa Milla Jovovichin yhdess\u00e4 luoma j\u00e4risytt\u00e4v\u00e4 teos palaa valkokankaalle \u2013 t\u00e4t\u00e4 ei kannata j\u00e4tt\u00e4\u00e4 v\u00e4liin. Arvokas ker\u00e4ilyesine: Pyh\u00e4n Jeanne d\u2019Arcin yhteisty\u00f6muistikirja.\" \/>\n<meta property=\"og:url\" content=\"https:\/\/leatai.com\/fi\/product\/toimialojen-valinen-yhteistyo\/elokuvateollisuus\/cola-films-x-leatai-2\/\" \/>\n<meta property=\"og:site_name\" content=\"Leatai \u2013 R\u00e4\u00e4t\u00e4l\u00f6ityjen muistikirjojen valmistaja\" \/>\n<meta property=\"article:modified_time\" content=\"2025-12-23T03:33:46+00:00\" \/>\n<meta property=\"og:image\" content=\"https:\/\/leatai.com\/wp-content\/uploads\/2020_07_07_1418530.jpg\" \/>\n\t<meta property=\"og:image:width\" content=\"1000\" \/>\n\t<meta property=\"og:image:height\" content=\"750\" \/>\n\t<meta property=\"og:image:type\" content=\"image\/jpeg\" \/>\n<meta name=\"twitter:card\" content=\"summary_large_image\" \/>\n<meta name=\"twitter:label1\" content=\"Arvioitu lukuaika\" \/>\n\t<meta name=\"twitter:data1\" content=\"1 minuutti\" \/>\n<script type=\"application\/ld+json\" class=\"yoast-schema-graph\">{\"@context\":\"https:\/\/schema.org\",\"@graph\":[{\"@type\":\"WebPage\",\"@id\":\"https:\/\/leatai.com\/fi\/product\/toimialojen-valinen-yhteistyo\/elokuvateollisuus\/cola-films-x-leatai-2\/\",\"url\":\"https:\/\/leatai.com\/fi\/product\/toimialojen-valinen-yhteistyo\/elokuvateollisuus\/cola-films-x-leatai-2\/\",\"name\":\"Cola films x Leatai - Pyh\u00e4n Jeanne d\u2019Arcin yhteisty\u00f6mallinen muistikirja- Leatai \u2013 R\u00e4\u00e4t\u00e4l\u00f6ityjen muistikirjojen valmistaja\",\"isPartOf\":{\"@id\":\"https:\/\/leatai.com\/fi\/#website\"},\"primaryImageOfPage\":{\"@id\":\"https:\/\/leatai.com\/fi\/product\/toimialojen-valinen-yhteistyo\/elokuvateollisuus\/cola-films-x-leatai-2\/#primaryimage\"},\"image\":{\"@id\":\"https:\/\/leatai.com\/fi\/product\/toimialojen-valinen-yhteistyo\/elokuvateollisuus\/cola-films-x-leatai-2\/#primaryimage\"},\"thumbnailUrl\":\"https:\/\/leatai.com\/wp-content\/uploads\/2020_07_07_1418530.jpg\",\"datePublished\":\"2021-06-24T05:23:56+00:00\",\"dateModified\":\"2025-12-23T03:33:46+00:00\",\"description\":\"Ohjaajamestari Luc Bessonin kiistanalaisin ja mahtipontisin eeppinen suurteos, sodan nais\u00adsankarin klassikko, joka on n\u00e4ht\u00e4v\u00e4 ainakin kerran el\u00e4m\u00e4ss\u00e4! Luc Besson ja h\u00e4nen silloisen n\u00e4yttelij\u00e4vaimonsa Milla Jovovichin yhdess\u00e4 luoma j\u00e4risytt\u00e4v\u00e4 teos palaa valkokankaalle \u2013 t\u00e4t\u00e4 ei kannata j\u00e4tt\u00e4\u00e4 v\u00e4liin. Arvokas ker\u00e4ilyesine: Pyh\u00e4n Jeanne d\u2019Arcin yhteisty\u00f6muistikirja.\",\"breadcrumb\":{\"@id\":\"https:\/\/leatai.com\/fi\/product\/toimialojen-valinen-yhteistyo\/elokuvateollisuus\/cola-films-x-leatai-2\/#breadcrumb\"},\"inLanguage\":\"fi\",\"potentialAction\":[{\"@type\":\"ReadAction\",\"target\":[\"https:\/\/leatai.com\/fi\/product\/toimialojen-valinen-yhteistyo\/elokuvateollisuus\/cola-films-x-leatai-2\/\"]}]},{\"@type\":\"ImageObject\",\"inLanguage\":\"fi\",\"@id\":\"https:\/\/leatai.com\/fi\/product\/toimialojen-valinen-yhteistyo\/elokuvateollisuus\/cola-films-x-leatai-2\/#primaryimage\",\"url\":\"https:\/\/leatai.com\/wp-content\/uploads\/2020_07_07_1418530.jpg\",\"contentUrl\":\"https:\/\/leatai.com\/wp-content\/uploads\/2020_07_07_1418530.jpg\",\"width\":1000,\"height\":750,\"caption\":\"Pyh\u00e4n Jeanne d\u2019Arcin yhteisty\u00f6muistikirja\"},{\"@type\":\"BreadcrumbList\",\"@id\":\"https:\/\/leatai.com\/fi\/product\/toimialojen-valinen-yhteistyo\/elokuvateollisuus\/cola-films-x-leatai-2\/#breadcrumb\",\"itemListElement\":[{\"@type\":\"ListItem\",\"position\":1,\"name\":\"Home\",\"item\":\"https:\/\/leatai.com\/fi\/\"},{\"@type\":\"ListItem\",\"position\":2,\"name\":\"Tuote-esittely\",\"item\":\"https:\/\/leatai.com\/products\/\"},{\"@type\":\"ListItem\",\"position\":3,\"name\":\"Toimialojen v\u00e4linen yhteisty\u00f6\",\"item\":\"https:\/\/leatai.com\/fi\/tuote-osasto\/toimialojen-valinen-yhteistyo\/\"},{\"@type\":\"ListItem\",\"position\":4,\"name\":\"Elokuvateollisuus\",\"item\":\"https:\/\/leatai.com\/fi\/tuote-osasto\/toimialojen-valinen-yhteistyo\/elokuvateollisuus\/\"},{\"@type\":\"ListItem\",\"position\":5,\"name\":\"Cola films x Leatai\"}]},{\"@type\":\"WebSite\",\"@id\":\"https:\/\/leatai.com\/fi\/#website\",\"url\":\"https:\/\/leatai.com\/fi\/\",\"name\":\"Leatai \u2013 R\u00e4\u00e4t\u00e4l\u00f6ityjen muistikirjojen valmistaja\",\"description\":\"Leatai tarjoaa r\u00e4\u00e4t\u00e4l\u00f6ityj\u00e4 muistikirjoja ja suunnittelijoita br\u00e4ndeille ja j\u00e4lleenmyyjille maailmanlaajuisesti.\",\"publisher\":{\"@id\":\"https:\/\/leatai.com\/fi\/#organization\"},\"potentialAction\":[{\"@type\":\"SearchAction\",\"target\":{\"@type\":\"EntryPoint\",\"urlTemplate\":\"https:\/\/leatai.com\/fi\/?s={search_term_string}\"},\"query-input\":{\"@type\":\"PropertyValueSpecification\",\"valueRequired\":true,\"valueName\":\"search_term_string\"}}],\"inLanguage\":\"fi\"},{\"@type\":\"Organization\",\"@id\":\"https:\/\/leatai.com\/fi\/#organization\",\"name\":\"Leatai Diary, customized journal and business organizer\",\"url\":\"https:\/\/leatai.com\/fi\/\",\"logo\":{\"@type\":\"ImageObject\",\"inLanguage\":\"fi\",\"@id\":\"https:\/\/leatai.com\/fi\/#\/schema\/logo\/image\/\",\"url\":\"https:\/\/leatai.com\/wp-content\/uploads\/logo-blue.png\",\"contentUrl\":\"https:\/\/leatai.com\/wp-content\/uploads\/logo-blue.png\",\"width\":230,\"height\":60,\"caption\":\"Leatai Diary, customized journal and business organizer\"},\"image\":{\"@id\":\"https:\/\/leatai.com\/fi\/#\/schema\/logo\/image\/\"}}]}<\/script>\n<!-- \/ Yoast SEO plugin. -->","yoast_head_json":{"title":"Cola films x Leatai - Pyh\u00e4n Jeanne d\u2019Arcin yhteisty\u00f6mallinen muistikirja- Leatai \u2013 R\u00e4\u00e4t\u00e4l\u00f6ityjen muistikirjojen valmistaja","description":"Ohjaajamestari Luc Bessonin kiistanalaisin ja mahtipontisin eeppinen suurteos, sodan nais\u00adsankarin klassikko, joka on n\u00e4ht\u00e4v\u00e4 ainakin kerran el\u00e4m\u00e4ss\u00e4! Luc Besson ja h\u00e4nen silloisen n\u00e4yttelij\u00e4vaimonsa Milla Jovovichin yhdess\u00e4 luoma j\u00e4risytt\u00e4v\u00e4 teos palaa valkokankaalle \u2013 t\u00e4t\u00e4 ei kannata j\u00e4tt\u00e4\u00e4 v\u00e4liin. Arvokas ker\u00e4ilyesine: Pyh\u00e4n Jeanne d\u2019Arcin yhteisty\u00f6muistikirja.","robots":{"index":"index","follow":"follow","max-snippet":"max-snippet:-1","max-image-preview":"max-image-preview:large","max-video-preview":"max-video-preview:-1"},"canonical":"https:\/\/leatai.com\/fi\/product\/toimialojen-valinen-yhteistyo\/elokuvateollisuus\/cola-films-x-leatai-2\/","og_locale":"fi_FI","og_type":"article","og_title":"Cola films x Leatai - Pyh\u00e4n Jeanne d\u2019Arcin yhteisty\u00f6mallinen muistikirja- Leatai \u2013 R\u00e4\u00e4t\u00e4l\u00f6ityjen muistikirjojen valmistaja","og_description":"Ohjaajamestari Luc Bessonin kiistanalaisin ja mahtipontisin eeppinen suurteos, sodan nais\u00adsankarin klassikko, joka on n\u00e4ht\u00e4v\u00e4 ainakin kerran el\u00e4m\u00e4ss\u00e4! Luc Besson ja h\u00e4nen silloisen n\u00e4yttelij\u00e4vaimonsa Milla Jovovichin yhdess\u00e4 luoma j\u00e4risytt\u00e4v\u00e4 teos palaa valkokankaalle \u2013 t\u00e4t\u00e4 ei kannata j\u00e4tt\u00e4\u00e4 v\u00e4liin. Arvokas ker\u00e4ilyesine: Pyh\u00e4n Jeanne d\u2019Arcin yhteisty\u00f6muistikirja.","og_url":"https:\/\/leatai.com\/fi\/product\/toimialojen-valinen-yhteistyo\/elokuvateollisuus\/cola-films-x-leatai-2\/","og_site_name":"Leatai \u2013 R\u00e4\u00e4t\u00e4l\u00f6ityjen muistikirjojen valmistaja","article_modified_time":"2025-12-23T03:33:46+00:00","og_image":[{"width":1000,"height":750,"url":"https:\/\/leatai.com\/wp-content\/uploads\/2020_07_07_1418530.jpg","type":"image\/jpeg"}],"twitter_card":"summary_large_image","twitter_misc":{"Arvioitu lukuaika":"1 minuutti"},"schema":{"@context":"https:\/\/schema.org","@graph":[{"@type":"WebPage","@id":"https:\/\/leatai.com\/fi\/product\/toimialojen-valinen-yhteistyo\/elokuvateollisuus\/cola-films-x-leatai-2\/","url":"https:\/\/leatai.com\/fi\/product\/toimialojen-valinen-yhteistyo\/elokuvateollisuus\/cola-films-x-leatai-2\/","name":"Cola films x Leatai - Pyh\u00e4n Jeanne d\u2019Arcin yhteisty\u00f6mallinen muistikirja- Leatai \u2013 R\u00e4\u00e4t\u00e4l\u00f6ityjen muistikirjojen valmistaja","isPartOf":{"@id":"https:\/\/leatai.com\/fi\/#website"},"primaryImageOfPage":{"@id":"https:\/\/leatai.com\/fi\/product\/toimialojen-valinen-yhteistyo\/elokuvateollisuus\/cola-films-x-leatai-2\/#primaryimage"},"image":{"@id":"https:\/\/leatai.com\/fi\/product\/toimialojen-valinen-yhteistyo\/elokuvateollisuus\/cola-films-x-leatai-2\/#primaryimage"},"thumbnailUrl":"https:\/\/leatai.com\/wp-content\/uploads\/2020_07_07_1418530.jpg","datePublished":"2021-06-24T05:23:56+00:00","dateModified":"2025-12-23T03:33:46+00:00","description":"Ohjaajamestari Luc Bessonin kiistanalaisin ja mahtipontisin eeppinen suurteos, sodan nais\u00adsankarin klassikko, joka on n\u00e4ht\u00e4v\u00e4 ainakin kerran el\u00e4m\u00e4ss\u00e4! Luc Besson ja h\u00e4nen silloisen n\u00e4yttelij\u00e4vaimonsa Milla Jovovichin yhdess\u00e4 luoma j\u00e4risytt\u00e4v\u00e4 teos palaa valkokankaalle \u2013 t\u00e4t\u00e4 ei kannata j\u00e4tt\u00e4\u00e4 v\u00e4liin. Arvokas ker\u00e4ilyesine: Pyh\u00e4n Jeanne d\u2019Arcin yhteisty\u00f6muistikirja.","breadcrumb":{"@id":"https:\/\/leatai.com\/fi\/product\/toimialojen-valinen-yhteistyo\/elokuvateollisuus\/cola-films-x-leatai-2\/#breadcrumb"},"inLanguage":"fi","potentialAction":[{"@type":"ReadAction","target":["https:\/\/leatai.com\/fi\/product\/toimialojen-valinen-yhteistyo\/elokuvateollisuus\/cola-films-x-leatai-2\/"]}]},{"@type":"ImageObject","inLanguage":"fi","@id":"https:\/\/leatai.com\/fi\/product\/toimialojen-valinen-yhteistyo\/elokuvateollisuus\/cola-films-x-leatai-2\/#primaryimage","url":"https:\/\/leatai.com\/wp-content\/uploads\/2020_07_07_1418530.jpg","contentUrl":"https:\/\/leatai.com\/wp-content\/uploads\/2020_07_07_1418530.jpg","width":1000,"height":750,"caption":"Pyh\u00e4n Jeanne d\u2019Arcin yhteisty\u00f6muistikirja"},{"@type":"BreadcrumbList","@id":"https:\/\/leatai.com\/fi\/product\/toimialojen-valinen-yhteistyo\/elokuvateollisuus\/cola-films-x-leatai-2\/#breadcrumb","itemListElement":[{"@type":"ListItem","position":1,"name":"Home","item":"https:\/\/leatai.com\/fi\/"},{"@type":"ListItem","position":2,"name":"Tuote-esittely","item":"https:\/\/leatai.com\/products\/"},{"@type":"ListItem","position":3,"name":"Toimialojen v\u00e4linen yhteisty\u00f6","item":"https:\/\/leatai.com\/fi\/tuote-osasto\/toimialojen-valinen-yhteistyo\/"},{"@type":"ListItem","position":4,"name":"Elokuvateollisuus","item":"https:\/\/leatai.com\/fi\/tuote-osasto\/toimialojen-valinen-yhteistyo\/elokuvateollisuus\/"},{"@type":"ListItem","position":5,"name":"Cola films x Leatai"}]},{"@type":"WebSite","@id":"https:\/\/leatai.com\/fi\/#website","url":"https:\/\/leatai.com\/fi\/","name":"Leatai \u2013 R\u00e4\u00e4t\u00e4l\u00f6ityjen muistikirjojen valmistaja","description":"Leatai tarjoaa r\u00e4\u00e4t\u00e4l\u00f6ityj\u00e4 muistikirjoja ja suunnittelijoita br\u00e4ndeille ja j\u00e4lleenmyyjille maailmanlaajuisesti.","publisher":{"@id":"https:\/\/leatai.com\/fi\/#organization"},"potentialAction":[{"@type":"SearchAction","target":{"@type":"EntryPoint","urlTemplate":"https:\/\/leatai.com\/fi\/?s={search_term_string}"},"query-input":{"@type":"PropertyValueSpecification","valueRequired":true,"valueName":"search_term_string"}}],"inLanguage":"fi"},{"@type":"Organization","@id":"https:\/\/leatai.com\/fi\/#organization","name":"Leatai Diary, customized journal and business organizer","url":"https:\/\/leatai.com\/fi\/","logo":{"@type":"ImageObject","inLanguage":"fi","@id":"https:\/\/leatai.com\/fi\/#\/schema\/logo\/image\/","url":"https:\/\/leatai.com\/wp-content\/uploads\/logo-blue.png","contentUrl":"https:\/\/leatai.com\/wp-content\/uploads\/logo-blue.png","width":230,"height":60,"caption":"Leatai Diary, customized journal and business organizer"},"image":{"@id":"https:\/\/leatai.com\/fi\/#\/schema\/logo\/image\/"}}]}},"_links":{"self":[{"href":"https:\/\/leatai.com\/fi\/wp-json\/wp\/v2\/product\/249535","targetHints":{"allow":["GET"]}}],"collection":[{"href":"https:\/\/leatai.com\/fi\/wp-json\/wp\/v2\/product"}],"about":[{"href":"https:\/\/leatai.com\/fi\/wp-json\/wp\/v2\/types\/product"}],"wp:featuredmedia":[{"embeddable":true,"href":"https:\/\/leatai.com\/fi\/wp-json\/wp\/v2\/media\/249536"}],"wp:attachment":[{"href":"https:\/\/leatai.com\/fi\/wp-json\/wp\/v2\/media?parent=249535"}],"wp:term":[{"taxonomy":"product_brand","embeddable":true,"href":"https:\/\/leatai.com\/fi\/wp-json\/wp\/v2\/product_brand?post=249535"},{"taxonomy":"product_cat","embeddable":true,"href":"https:\/\/leatai.com\/fi\/wp-json\/wp\/v2\/product_cat?post=249535"},{"taxonomy":"product_tag","embeddable":true,"href":"https:\/\/leatai.com\/fi\/wp-json\/wp\/v2\/product_tag?post=249535"},{"taxonomy":"home_works","embeddable":true,"href":"https:\/\/leatai.com\/fi\/wp-json\/wp\/v2\/home_works?post=249535"}],"curies":[{"name":"wp","href":"https:\/\/api.w.org\/{rel}","templated":true}]}}