{"id":249524,"date":"2021-06-24T13:17:29","date_gmt":"2021-06-24T05:17:29","guid":{"rendered":"https:\/\/leatai.com\/product\/Ei-luokiteltu\/kirjan-reunojen-varjays-yksivarinen\/"},"modified":"2025-12-23T10:53:07","modified_gmt":"2025-12-23T02:53:07","slug":"kirjan-reunojen-varjays-yksivarinen","status":"publish","type":"product","link":"https:\/\/leatai.com\/fi\/product\/sisasivun-muotoilu\/reunojen-varitys\/kirjan-reunojen-varjays-yksivarinen\/","title":{"rendered":"Kirjan reunojen v\u00e4rj\u00e4ys \u2013 yksiv\u00e4rinen"},"content":{"rendered":"<p>Vain suorakulmaisille sis\u00e4sivuille, v\u00e4rit sekoitetaan k\u00e4sin, ja niiss\u00e4 voi esiinty\u00e4 pieni\u00e4 s\u00e4vyeroja verrattuna m\u00e4\u00e4ritettyyn v\u00e4riin. T\u00e4m\u00e4 on normaali ilmi\u00f6, eik\u00e4 v\u00e4rin t\u00e4ydellinen vastaavuus 100 % ole mahdollista.<\/p>\n<p>Minimitilausm\u00e4\u00e4r\u00e4: 1000 kappaletta<br \/>\nK\u00e4sittelyhinta: 50 Taiwanin dollaria<\/p>\n","protected":false},"excerpt":{"rendered":"<p>Kirjan reunojen v\u00e4rj\u00e4yksess\u00e4 voidaan kultareunan lis\u00e4ksi toteuttaa my\u00f6s yksiv\u00e4rinen k\u00e4sittely<\/p>\n<p>Minimitilausm\u00e4\u00e4r\u00e4: 11 000 kappaletta<br \/>\nK\u00e4sittelyhinta: 40 Taiwanin dollaria<\/p>\n","protected":false},"featured_media":211404,"template":"","meta":{"_acf_changed":false},"product_brand":[],"product_cat":[970,1035],"product_tag":[1655],"home_works":[],"class_list":{"0":"post-249524","1":"product","2":"type-product","3":"status-publish","4":"has-post-thumbnail","6":"product_cat-sisasivun-muotoilu","7":"product_cat-reunojen-varitys","8":"product_tag-yrityspaivakirjan-sisasivut","10":"first","11":"instock","12":"sold-individually","13":"shipping-taxable","14":"purchasable","15":"product-type-simple"},"acf":[],"yoast_head":"<!-- This site is optimized with the Yoast SEO plugin v27.2 - https:\/\/yoast.com\/product\/yoast-seo-wordpress\/ -->\n<title>Kirjan reunojen v\u00e4rj\u00e4ys \u2013 yksiv\u00e4rinen - Leatai \u2013 R\u00e4\u00e4t\u00e4l\u00f6ityjen muistikirjojen valmistaja<\/title>\n<meta name=\"description\" content=\"Kirjan reunojen v\u00e4rj\u00e4yksess\u00e4 voidaan kultareunan lis\u00e4ksi toteuttaa my\u00f6s yksiv\u00e4rinen k\u00e4sittely. Vain suorakulmaisille sis\u00e4sivuille. V\u00e4rit sekoitetaan k\u00e4sin, joten s\u00e4vy voi poiketa hieman m\u00e4\u00e4ritetyst\u00e4 v\u00e4rist\u00e4. T\u00e4m\u00e4 on normaali ilmi\u00f6, eik\u00e4 v\u00e4rin 100 %:n tarkkaa vastaavuutta voida taata.\" \/>\n<meta name=\"robots\" content=\"index, follow, max-snippet:-1, max-image-preview:large, max-video-preview:-1\" \/>\n<link rel=\"canonical\" href=\"https:\/\/leatai.com\/fi\/product\/sisasivun-muotoilu\/reunojen-varitys\/kirjan-reunojen-varjays-yksivarinen\/\" \/>\n<meta property=\"og:locale\" content=\"fi_FI\" \/>\n<meta property=\"og:type\" content=\"article\" \/>\n<meta property=\"og:title\" content=\"Kirjan reunojen v\u00e4rj\u00e4ys \u2013 yksiv\u00e4rinen - Leatai \u2013 R\u00e4\u00e4t\u00e4l\u00f6ityjen muistikirjojen valmistaja\" \/>\n<meta property=\"og:description\" content=\"Kirjan reunojen v\u00e4rj\u00e4yksess\u00e4 voidaan kultareunan lis\u00e4ksi toteuttaa my\u00f6s yksiv\u00e4rinen k\u00e4sittely. Vain suorakulmaisille sis\u00e4sivuille. V\u00e4rit sekoitetaan k\u00e4sin, joten s\u00e4vy voi poiketa hieman m\u00e4\u00e4ritetyst\u00e4 v\u00e4rist\u00e4. T\u00e4m\u00e4 on normaali ilmi\u00f6, eik\u00e4 v\u00e4rin 100 %:n tarkkaa vastaavuutta voida taata.\" \/>\n<meta property=\"og:url\" content=\"https:\/\/leatai.com\/fi\/product\/sisasivun-muotoilu\/reunojen-varitys\/kirjan-reunojen-varjays-yksivarinen\/\" \/>\n<meta property=\"og:site_name\" content=\"Leatai \u2013 R\u00e4\u00e4t\u00e4l\u00f6ityjen muistikirjojen valmistaja\" \/>\n<meta property=\"article:modified_time\" content=\"2025-12-23T02:53:07+00:00\" \/>\n<meta property=\"og:image\" content=\"https:\/\/leatai.com\/wp-content\/uploads\/2020_08_14_1820530.jpg\" \/>\n\t<meta property=\"og:image:width\" content=\"1000\" \/>\n\t<meta property=\"og:image:height\" content=\"750\" \/>\n\t<meta property=\"og:image:type\" content=\"image\/jpeg\" \/>\n<meta name=\"twitter:card\" content=\"summary_large_image\" \/>\n<meta name=\"twitter:label1\" content=\"Arvioitu lukuaika\" \/>\n\t<meta name=\"twitter:data1\" content=\"1 minuutti\" \/>\n<script type=\"application\/ld+json\" class=\"yoast-schema-graph\">{\"@context\":\"https:\/\/schema.org\",\"@graph\":[{\"@type\":\"WebPage\",\"@id\":\"https:\/\/leatai.com\/fi\/product\/sisasivun-muotoilu\/reunojen-varitys\/kirjan-reunojen-varjays-yksivarinen\/\",\"url\":\"https:\/\/leatai.com\/fi\/product\/sisasivun-muotoilu\/reunojen-varitys\/kirjan-reunojen-varjays-yksivarinen\/\",\"name\":\"Kirjan reunojen v\u00e4rj\u00e4ys \u2013 yksiv\u00e4rinen - Leatai \u2013 R\u00e4\u00e4t\u00e4l\u00f6ityjen muistikirjojen valmistaja\",\"isPartOf\":{\"@id\":\"https:\/\/leatai.com\/fi\/#website\"},\"primaryImageOfPage\":{\"@id\":\"https:\/\/leatai.com\/fi\/product\/sisasivun-muotoilu\/reunojen-varitys\/kirjan-reunojen-varjays-yksivarinen\/#primaryimage\"},\"image\":{\"@id\":\"https:\/\/leatai.com\/fi\/product\/sisasivun-muotoilu\/reunojen-varitys\/kirjan-reunojen-varjays-yksivarinen\/#primaryimage\"},\"thumbnailUrl\":\"https:\/\/leatai.com\/wp-content\/uploads\/2020_08_14_1820530.jpg\",\"datePublished\":\"2021-06-24T05:17:29+00:00\",\"dateModified\":\"2025-12-23T02:53:07+00:00\",\"description\":\"Kirjan reunojen v\u00e4rj\u00e4yksess\u00e4 voidaan kultareunan lis\u00e4ksi toteuttaa my\u00f6s yksiv\u00e4rinen k\u00e4sittely. Vain suorakulmaisille sis\u00e4sivuille. V\u00e4rit sekoitetaan k\u00e4sin, joten s\u00e4vy voi poiketa hieman m\u00e4\u00e4ritetyst\u00e4 v\u00e4rist\u00e4. T\u00e4m\u00e4 on normaali ilmi\u00f6, eik\u00e4 v\u00e4rin 100 %:n tarkkaa vastaavuutta voida taata.\",\"breadcrumb\":{\"@id\":\"https:\/\/leatai.com\/fi\/product\/sisasivun-muotoilu\/reunojen-varitys\/kirjan-reunojen-varjays-yksivarinen\/#breadcrumb\"},\"inLanguage\":\"fi\",\"potentialAction\":[{\"@type\":\"ReadAction\",\"target\":[\"https:\/\/leatai.com\/fi\/product\/sisasivun-muotoilu\/reunojen-varitys\/kirjan-reunojen-varjays-yksivarinen\/\"]}]},{\"@type\":\"ImageObject\",\"inLanguage\":\"fi\",\"@id\":\"https:\/\/leatai.com\/fi\/product\/sisasivun-muotoilu\/reunojen-varitys\/kirjan-reunojen-varjays-yksivarinen\/#primaryimage\",\"url\":\"https:\/\/leatai.com\/wp-content\/uploads\/2020_08_14_1820530.jpg\",\"contentUrl\":\"https:\/\/leatai.com\/wp-content\/uploads\/2020_08_14_1820530.jpg\",\"width\":1000,\"height\":750,\"caption\":\"Kirjan reunojen v\u00e4rj\u00e4ys\"},{\"@type\":\"BreadcrumbList\",\"@id\":\"https:\/\/leatai.com\/fi\/product\/sisasivun-muotoilu\/reunojen-varitys\/kirjan-reunojen-varjays-yksivarinen\/#breadcrumb\",\"itemListElement\":[{\"@type\":\"ListItem\",\"position\":1,\"name\":\"Home\",\"item\":\"https:\/\/leatai.com\/fi\/\"},{\"@type\":\"ListItem\",\"position\":2,\"name\":\"Tuote-esittely\",\"item\":\"https:\/\/leatai.com\/products\/\"},{\"@type\":\"ListItem\",\"position\":3,\"name\":\"Sis\u00e4sivun muotoilu\",\"item\":\"https:\/\/leatai.com\/fi\/tuote-osasto\/sisasivun-muotoilu\/\"},{\"@type\":\"ListItem\",\"position\":4,\"name\":\"Reunojen v\u00e4ritys\",\"item\":\"https:\/\/leatai.com\/fi\/tuote-osasto\/sisasivun-muotoilu\/reunojen-varitys\/\"},{\"@type\":\"ListItem\",\"position\":5,\"name\":\"Kirjan reunojen v\u00e4rj\u00e4ys \u2013 yksiv\u00e4rinen\"}]},{\"@type\":\"WebSite\",\"@id\":\"https:\/\/leatai.com\/fi\/#website\",\"url\":\"https:\/\/leatai.com\/fi\/\",\"name\":\"Leatai \u2013 R\u00e4\u00e4t\u00e4l\u00f6ityjen muistikirjojen valmistaja\",\"description\":\"Leatai tarjoaa r\u00e4\u00e4t\u00e4l\u00f6ityj\u00e4 muistikirjoja ja suunnittelijoita br\u00e4ndeille ja j\u00e4lleenmyyjille maailmanlaajuisesti.\",\"publisher\":{\"@id\":\"https:\/\/leatai.com\/fi\/#organization\"},\"potentialAction\":[{\"@type\":\"SearchAction\",\"target\":{\"@type\":\"EntryPoint\",\"urlTemplate\":\"https:\/\/leatai.com\/fi\/?s={search_term_string}\"},\"query-input\":{\"@type\":\"PropertyValueSpecification\",\"valueRequired\":true,\"valueName\":\"search_term_string\"}}],\"inLanguage\":\"fi\"},{\"@type\":\"Organization\",\"@id\":\"https:\/\/leatai.com\/fi\/#organization\",\"name\":\"Leatai Diary, customized journal and business organizer\",\"url\":\"https:\/\/leatai.com\/fi\/\",\"logo\":{\"@type\":\"ImageObject\",\"inLanguage\":\"fi\",\"@id\":\"https:\/\/leatai.com\/fi\/#\/schema\/logo\/image\/\",\"url\":\"https:\/\/leatai.com\/wp-content\/uploads\/logo-blue.png\",\"contentUrl\":\"https:\/\/leatai.com\/wp-content\/uploads\/logo-blue.png\",\"width\":230,\"height\":60,\"caption\":\"Leatai Diary, customized journal and business organizer\"},\"image\":{\"@id\":\"https:\/\/leatai.com\/fi\/#\/schema\/logo\/image\/\"}}]}<\/script>\n<!-- \/ Yoast SEO plugin. -->","yoast_head_json":{"title":"Kirjan reunojen v\u00e4rj\u00e4ys \u2013 yksiv\u00e4rinen - Leatai \u2013 R\u00e4\u00e4t\u00e4l\u00f6ityjen muistikirjojen valmistaja","description":"Kirjan reunojen v\u00e4rj\u00e4yksess\u00e4 voidaan kultareunan lis\u00e4ksi toteuttaa my\u00f6s yksiv\u00e4rinen k\u00e4sittely. Vain suorakulmaisille sis\u00e4sivuille. V\u00e4rit sekoitetaan k\u00e4sin, joten s\u00e4vy voi poiketa hieman m\u00e4\u00e4ritetyst\u00e4 v\u00e4rist\u00e4. T\u00e4m\u00e4 on normaali ilmi\u00f6, eik\u00e4 v\u00e4rin 100 %:n tarkkaa vastaavuutta voida taata.","robots":{"index":"index","follow":"follow","max-snippet":"max-snippet:-1","max-image-preview":"max-image-preview:large","max-video-preview":"max-video-preview:-1"},"canonical":"https:\/\/leatai.com\/fi\/product\/sisasivun-muotoilu\/reunojen-varitys\/kirjan-reunojen-varjays-yksivarinen\/","og_locale":"fi_FI","og_type":"article","og_title":"Kirjan reunojen v\u00e4rj\u00e4ys \u2013 yksiv\u00e4rinen - Leatai \u2013 R\u00e4\u00e4t\u00e4l\u00f6ityjen muistikirjojen valmistaja","og_description":"Kirjan reunojen v\u00e4rj\u00e4yksess\u00e4 voidaan kultareunan lis\u00e4ksi toteuttaa my\u00f6s yksiv\u00e4rinen k\u00e4sittely. Vain suorakulmaisille sis\u00e4sivuille. V\u00e4rit sekoitetaan k\u00e4sin, joten s\u00e4vy voi poiketa hieman m\u00e4\u00e4ritetyst\u00e4 v\u00e4rist\u00e4. T\u00e4m\u00e4 on normaali ilmi\u00f6, eik\u00e4 v\u00e4rin 100 %:n tarkkaa vastaavuutta voida taata.","og_url":"https:\/\/leatai.com\/fi\/product\/sisasivun-muotoilu\/reunojen-varitys\/kirjan-reunojen-varjays-yksivarinen\/","og_site_name":"Leatai \u2013 R\u00e4\u00e4t\u00e4l\u00f6ityjen muistikirjojen valmistaja","article_modified_time":"2025-12-23T02:53:07+00:00","og_image":[{"width":1000,"height":750,"url":"https:\/\/leatai.com\/wp-content\/uploads\/2020_08_14_1820530.jpg","type":"image\/jpeg"}],"twitter_card":"summary_large_image","twitter_misc":{"Arvioitu lukuaika":"1 minuutti"},"schema":{"@context":"https:\/\/schema.org","@graph":[{"@type":"WebPage","@id":"https:\/\/leatai.com\/fi\/product\/sisasivun-muotoilu\/reunojen-varitys\/kirjan-reunojen-varjays-yksivarinen\/","url":"https:\/\/leatai.com\/fi\/product\/sisasivun-muotoilu\/reunojen-varitys\/kirjan-reunojen-varjays-yksivarinen\/","name":"Kirjan reunojen v\u00e4rj\u00e4ys \u2013 yksiv\u00e4rinen - Leatai \u2013 R\u00e4\u00e4t\u00e4l\u00f6ityjen muistikirjojen valmistaja","isPartOf":{"@id":"https:\/\/leatai.com\/fi\/#website"},"primaryImageOfPage":{"@id":"https:\/\/leatai.com\/fi\/product\/sisasivun-muotoilu\/reunojen-varitys\/kirjan-reunojen-varjays-yksivarinen\/#primaryimage"},"image":{"@id":"https:\/\/leatai.com\/fi\/product\/sisasivun-muotoilu\/reunojen-varitys\/kirjan-reunojen-varjays-yksivarinen\/#primaryimage"},"thumbnailUrl":"https:\/\/leatai.com\/wp-content\/uploads\/2020_08_14_1820530.jpg","datePublished":"2021-06-24T05:17:29+00:00","dateModified":"2025-12-23T02:53:07+00:00","description":"Kirjan reunojen v\u00e4rj\u00e4yksess\u00e4 voidaan kultareunan lis\u00e4ksi toteuttaa my\u00f6s yksiv\u00e4rinen k\u00e4sittely. Vain suorakulmaisille sis\u00e4sivuille. V\u00e4rit sekoitetaan k\u00e4sin, joten s\u00e4vy voi poiketa hieman m\u00e4\u00e4ritetyst\u00e4 v\u00e4rist\u00e4. T\u00e4m\u00e4 on normaali ilmi\u00f6, eik\u00e4 v\u00e4rin 100 %:n tarkkaa vastaavuutta voida taata.","breadcrumb":{"@id":"https:\/\/leatai.com\/fi\/product\/sisasivun-muotoilu\/reunojen-varitys\/kirjan-reunojen-varjays-yksivarinen\/#breadcrumb"},"inLanguage":"fi","potentialAction":[{"@type":"ReadAction","target":["https:\/\/leatai.com\/fi\/product\/sisasivun-muotoilu\/reunojen-varitys\/kirjan-reunojen-varjays-yksivarinen\/"]}]},{"@type":"ImageObject","inLanguage":"fi","@id":"https:\/\/leatai.com\/fi\/product\/sisasivun-muotoilu\/reunojen-varitys\/kirjan-reunojen-varjays-yksivarinen\/#primaryimage","url":"https:\/\/leatai.com\/wp-content\/uploads\/2020_08_14_1820530.jpg","contentUrl":"https:\/\/leatai.com\/wp-content\/uploads\/2020_08_14_1820530.jpg","width":1000,"height":750,"caption":"Kirjan reunojen v\u00e4rj\u00e4ys"},{"@type":"BreadcrumbList","@id":"https:\/\/leatai.com\/fi\/product\/sisasivun-muotoilu\/reunojen-varitys\/kirjan-reunojen-varjays-yksivarinen\/#breadcrumb","itemListElement":[{"@type":"ListItem","position":1,"name":"Home","item":"https:\/\/leatai.com\/fi\/"},{"@type":"ListItem","position":2,"name":"Tuote-esittely","item":"https:\/\/leatai.com\/products\/"},{"@type":"ListItem","position":3,"name":"Sis\u00e4sivun muotoilu","item":"https:\/\/leatai.com\/fi\/tuote-osasto\/sisasivun-muotoilu\/"},{"@type":"ListItem","position":4,"name":"Reunojen v\u00e4ritys","item":"https:\/\/leatai.com\/fi\/tuote-osasto\/sisasivun-muotoilu\/reunojen-varitys\/"},{"@type":"ListItem","position":5,"name":"Kirjan reunojen v\u00e4rj\u00e4ys \u2013 yksiv\u00e4rinen"}]},{"@type":"WebSite","@id":"https:\/\/leatai.com\/fi\/#website","url":"https:\/\/leatai.com\/fi\/","name":"Leatai \u2013 R\u00e4\u00e4t\u00e4l\u00f6ityjen muistikirjojen valmistaja","description":"Leatai tarjoaa r\u00e4\u00e4t\u00e4l\u00f6ityj\u00e4 muistikirjoja ja suunnittelijoita br\u00e4ndeille ja j\u00e4lleenmyyjille maailmanlaajuisesti.","publisher":{"@id":"https:\/\/leatai.com\/fi\/#organization"},"potentialAction":[{"@type":"SearchAction","target":{"@type":"EntryPoint","urlTemplate":"https:\/\/leatai.com\/fi\/?s={search_term_string}"},"query-input":{"@type":"PropertyValueSpecification","valueRequired":true,"valueName":"search_term_string"}}],"inLanguage":"fi"},{"@type":"Organization","@id":"https:\/\/leatai.com\/fi\/#organization","name":"Leatai Diary, customized journal and business organizer","url":"https:\/\/leatai.com\/fi\/","logo":{"@type":"ImageObject","inLanguage":"fi","@id":"https:\/\/leatai.com\/fi\/#\/schema\/logo\/image\/","url":"https:\/\/leatai.com\/wp-content\/uploads\/logo-blue.png","contentUrl":"https:\/\/leatai.com\/wp-content\/uploads\/logo-blue.png","width":230,"height":60,"caption":"Leatai Diary, customized journal and business organizer"},"image":{"@id":"https:\/\/leatai.com\/fi\/#\/schema\/logo\/image\/"}}]}},"_links":{"self":[{"href":"https:\/\/leatai.com\/fi\/wp-json\/wp\/v2\/product\/249524","targetHints":{"allow":["GET"]}}],"collection":[{"href":"https:\/\/leatai.com\/fi\/wp-json\/wp\/v2\/product"}],"about":[{"href":"https:\/\/leatai.com\/fi\/wp-json\/wp\/v2\/types\/product"}],"wp:featuredmedia":[{"embeddable":true,"href":"https:\/\/leatai.com\/fi\/wp-json\/wp\/v2\/media\/211404"}],"wp:attachment":[{"href":"https:\/\/leatai.com\/fi\/wp-json\/wp\/v2\/media?parent=249524"}],"wp:term":[{"taxonomy":"product_brand","embeddable":true,"href":"https:\/\/leatai.com\/fi\/wp-json\/wp\/v2\/product_brand?post=249524"},{"taxonomy":"product_cat","embeddable":true,"href":"https:\/\/leatai.com\/fi\/wp-json\/wp\/v2\/product_cat?post=249524"},{"taxonomy":"product_tag","embeddable":true,"href":"https:\/\/leatai.com\/fi\/wp-json\/wp\/v2\/product_tag?post=249524"},{"taxonomy":"home_works","embeddable":true,"href":"https:\/\/leatai.com\/fi\/wp-json\/wp\/v2\/home_works?post=249524"}],"curies":[{"name":"wp","href":"https:\/\/api.w.org\/{rel}","templated":true}]}}