{"id":249492,"date":"2021-06-24T13:17:30","date_gmt":"2021-06-24T05:17:30","guid":{"rendered":"https:\/\/leatai.com\/product\/Ei-luokiteltu\/lgp-kuukausisuunnitelma-muistikirjatyyppinen-l32k\/"},"modified":"2025-12-22T17:15:43","modified_gmt":"2025-12-22T09:15:43","slug":"lgp-kuukausisuunnitelma-muistikirjatyyppinen-l32k","status":"publish","type":"product","link":"https:\/\/leatai.com\/fi\/product\/sisasivun-muotoilu\/b6-sisasivut\/lgp-kuukausisuunnitelma-muistikirjatyyppinen-l32k\/","title":{"rendered":"LGP \u2013 kuukausisuunnitelma, muistikirjatyyppinen \u2013 L32K"},"content":{"rendered":"<p>Paperi: t\u00e4ytekyn\u00e4lle soveltuva paperi (v\u00e4likerros\u00adpaperi)<br \/>\nKoko:<a href=\"https:\/\/leatai.com\/fi\/faq\/mitka-ovat-8k-16k-ja-25k-kalenterikoot-kuinka-suuria-ne-ovat\/\" target=\"_blank\" rel=\"noopener\"> 32K (B6)<\/a> <a href=\"https:\/\/leatai.com\/fi\/faq\/mitka-ovat-8k-16k-ja-25k-kalenterikoot-kuinka-suuria-ne-ovat\/\" target=\"_blank\" rel=\"noopener\">(Yritysp\u00e4iv\u00e4kirjojen kokojen yksityiskohtainen selitys ja vertailutaulukko)<\/a><br \/>\nPaksuus: 80 paunaa (80 arkkia \/ 160 sivua per kirja)<br \/>\nPainatus: kaksiv\u00e4rinen<br \/>\nSis\u00e4lt\u00f6: vuosikalenteri + kuukausisuunnitelmataulukko + ruudutetut sivut + viivoitetut muistiinpanosivut + tietosivut<\/p>\n<p>S.1 Imagosivu<br \/>\nS.2\u2013S.3 Vuosikalenteri<br \/>\nS.4\u2013S.5 Vuosisuunnitelmataulukko<br \/>\nS.6\u2013S.31 Kuukausisuunnitelma (kuluva vuosi tammikuu \u2013 seuraavan vuoden tammikuu, jokainen kuukausi kahdella vastakkaisella sivulla)<br \/>\nS.32 Vuoden t\u00e4rke\u00e4t tavoitteet<br \/>\nS.33\u2013S.96 Ruudutetut sivut<br \/>\nS.97\u2013S.155 Viivoitetut muistiinpanosivut<br \/>\nS.156\u2013S.160 Tietosivut (yleisten painatustehosteiden viitteet, metrokartta, henkil\u00f6kohtaiset tietolomakkeet)<\/p>\n","protected":false},"excerpt":{"rendered":"<p>Paperi: t\u00e4ytekyn\u00e4lle soveltuva paperi (v\u00e4likerros\u00adpaperi) Koko: 32K (B6) (Yritysp\u00e4iv\u00e4kirjojen kokojen yksityiskohtainen selitys ja vertailutaulukko) Paksuus: 80 paunaa (80 arkkia \/ 160 sivua per kirja) Painatus: kaksiv\u00e4rinen Sis\u00e4lt\u00f6: vuosikalenteri + kuukausisuunnitelmataulukko + ruudutetut sivut + viivoitetut muistiinpanosivut + tietosivut S.1 Imagosivu S.2\u2013S.3 Vuosikalenteri S.4\u2013S.5 Vuosisuunnitelmataulukko S.6\u2013S.31 Kuukausisuunnitelma (kuluva vuosi tammikuu \u2013 seuraavan vuoden tammikuu, jokainen kuukausi [&hellip;]<\/p>\n","protected":false},"featured_media":249504,"template":"","meta":{"_acf_changed":false},"product_brand":[],"product_cat":[970,1009],"product_tag":[1659,1660,1655],"home_works":[],"class_list":{"0":"post-249492","1":"product","2":"type-product","3":"status-publish","4":"has-post-thumbnail","6":"product_cat-sisasivun-muotoilu","7":"product_cat-b6-sisasivut","8":"product_tag-32k","9":"product_tag-b6","10":"product_tag-yrityspaivakirjan-sisasivut","12":"first","13":"instock","14":"sold-individually","15":"shipping-taxable","16":"purchasable","17":"product-type-simple"},"acf":[],"yoast_head":"<!-- This site is optimized with the Yoast SEO plugin v27.2 - https:\/\/yoast.com\/product\/yoast-seo-wordpress\/ -->\n<title>LGP \u2013 kuukausisuunnitelma, muistikirjatyyppinen \u2013 L32K - Yritysp\u00e4iv\u00e4kirjan sis\u00e4sivut - Leatai \u2013 R\u00e4\u00e4t\u00e4l\u00f6ityjen muistikirjojen valmistaja<\/title>\n<meta name=\"description\" content=\"Yritysp\u00e4iv\u00e4kirjan sis\u00e4sivujen formaatti: kuukausisuunnitelma, paperi: t\u00e4ytekyn\u00e4lle soveltuva paperi (v\u00e4likerros\u00adpaperi), koko: 32K (B6), paksuus: 80 paunaa (80 arkkia \/ 160 sivua per kirja), painatus: kaksiv\u00e4rinen, sis\u00e4lt\u00f6: vuosikalenteri + kuukausisuunnitelmataulukko + ruudutetut sivut + viivoitetut muistiinpanosivut + tietosivut.\" \/>\n<meta name=\"robots\" content=\"index, follow, max-snippet:-1, max-image-preview:large, max-video-preview:-1\" \/>\n<link rel=\"canonical\" href=\"https:\/\/leatai.com\/fi\/product\/sisasivun-muotoilu\/b6-sisasivut\/lgp-kuukausisuunnitelma-muistikirjatyyppinen-l32k\/\" \/>\n<meta property=\"og:locale\" content=\"fi_FI\" \/>\n<meta property=\"og:type\" content=\"article\" \/>\n<meta property=\"og:title\" content=\"LGP \u2013 kuukausisuunnitelma, muistikirjatyyppinen \u2013 L32K - Yritysp\u00e4iv\u00e4kirjan sis\u00e4sivut - Leatai \u2013 R\u00e4\u00e4t\u00e4l\u00f6ityjen muistikirjojen valmistaja\" \/>\n<meta property=\"og:description\" content=\"Yritysp\u00e4iv\u00e4kirjan sis\u00e4sivujen formaatti: kuukausisuunnitelma, paperi: t\u00e4ytekyn\u00e4lle soveltuva paperi (v\u00e4likerros\u00adpaperi), koko: 32K (B6), paksuus: 80 paunaa (80 arkkia \/ 160 sivua per kirja), painatus: kaksiv\u00e4rinen, sis\u00e4lt\u00f6: vuosikalenteri + kuukausisuunnitelmataulukko + ruudutetut sivut + viivoitetut muistiinpanosivut + tietosivut.\" \/>\n<meta property=\"og:url\" content=\"https:\/\/leatai.com\/fi\/product\/sisasivun-muotoilu\/b6-sisasivut\/lgp-kuukausisuunnitelma-muistikirjatyyppinen-l32k\/\" \/>\n<meta property=\"og:site_name\" content=\"Leatai \u2013 R\u00e4\u00e4t\u00e4l\u00f6ityjen muistikirjojen valmistaja\" \/>\n<meta property=\"article:modified_time\" content=\"2025-12-22T09:15:43+00:00\" \/>\n<meta property=\"og:image\" content=\"https:\/\/leatai.com\/wp-content\/uploads\/32K\u6708\u8a08\u756b-1000X750-3.jpg\" \/>\n\t<meta property=\"og:image:width\" content=\"1000\" \/>\n\t<meta property=\"og:image:height\" content=\"750\" \/>\n\t<meta property=\"og:image:type\" content=\"image\/jpeg\" \/>\n<meta name=\"twitter:card\" content=\"summary_large_image\" \/>\n<meta name=\"twitter:label1\" content=\"Arvioitu lukuaika\" \/>\n\t<meta name=\"twitter:data1\" content=\"1 minuutti\" \/>\n<script type=\"application\/ld+json\" class=\"yoast-schema-graph\">{\"@context\":\"https:\/\/schema.org\",\"@graph\":[{\"@type\":\"WebPage\",\"@id\":\"https:\/\/leatai.com\/fi\/product\/sisasivun-muotoilu\/b6-sisasivut\/lgp-kuukausisuunnitelma-muistikirjatyyppinen-l32k\/\",\"url\":\"https:\/\/leatai.com\/fi\/product\/sisasivun-muotoilu\/b6-sisasivut\/lgp-kuukausisuunnitelma-muistikirjatyyppinen-l32k\/\",\"name\":\"LGP \u2013 kuukausisuunnitelma, muistikirjatyyppinen \u2013 L32K - Yritysp\u00e4iv\u00e4kirjan sis\u00e4sivut - Leatai \u2013 R\u00e4\u00e4t\u00e4l\u00f6ityjen muistikirjojen valmistaja\",\"isPartOf\":{\"@id\":\"https:\/\/leatai.com\/fi\/#website\"},\"primaryImageOfPage\":{\"@id\":\"https:\/\/leatai.com\/fi\/product\/sisasivun-muotoilu\/b6-sisasivut\/lgp-kuukausisuunnitelma-muistikirjatyyppinen-l32k\/#primaryimage\"},\"image\":{\"@id\":\"https:\/\/leatai.com\/fi\/product\/sisasivun-muotoilu\/b6-sisasivut\/lgp-kuukausisuunnitelma-muistikirjatyyppinen-l32k\/#primaryimage\"},\"thumbnailUrl\":\"https:\/\/leatai.com\/wp-content\/uploads\/32K\u6708\u8a08\u756b-1000X750-3.jpg\",\"datePublished\":\"2021-06-24T05:17:30+00:00\",\"dateModified\":\"2025-12-22T09:15:43+00:00\",\"description\":\"Yritysp\u00e4iv\u00e4kirjan sis\u00e4sivujen formaatti: kuukausisuunnitelma, paperi: t\u00e4ytekyn\u00e4lle soveltuva paperi (v\u00e4likerros\u00adpaperi), koko: 32K (B6), paksuus: 80 paunaa (80 arkkia \/ 160 sivua per kirja), painatus: kaksiv\u00e4rinen, sis\u00e4lt\u00f6: vuosikalenteri + kuukausisuunnitelmataulukko + ruudutetut sivut + viivoitetut muistiinpanosivut + tietosivut.\",\"breadcrumb\":{\"@id\":\"https:\/\/leatai.com\/fi\/product\/sisasivun-muotoilu\/b6-sisasivut\/lgp-kuukausisuunnitelma-muistikirjatyyppinen-l32k\/#breadcrumb\"},\"inLanguage\":\"fi\",\"potentialAction\":[{\"@type\":\"ReadAction\",\"target\":[\"https:\/\/leatai.com\/fi\/product\/sisasivun-muotoilu\/b6-sisasivut\/lgp-kuukausisuunnitelma-muistikirjatyyppinen-l32k\/\"]}]},{\"@type\":\"ImageObject\",\"inLanguage\":\"fi\",\"@id\":\"https:\/\/leatai.com\/fi\/product\/sisasivun-muotoilu\/b6-sisasivut\/lgp-kuukausisuunnitelma-muistikirjatyyppinen-l32k\/#primaryimage\",\"url\":\"https:\/\/leatai.com\/wp-content\/uploads\/32K\u6708\u8a08\u756b-1000X750-3.jpg\",\"contentUrl\":\"https:\/\/leatai.com\/wp-content\/uploads\/32K\u6708\u8a08\u756b-1000X750-3.jpg\",\"width\":1000,\"height\":750,\"caption\":\"Yritysp\u00e4iv\u00e4kirjan sis\u00e4sivut\"},{\"@type\":\"BreadcrumbList\",\"@id\":\"https:\/\/leatai.com\/fi\/product\/sisasivun-muotoilu\/b6-sisasivut\/lgp-kuukausisuunnitelma-muistikirjatyyppinen-l32k\/#breadcrumb\",\"itemListElement\":[{\"@type\":\"ListItem\",\"position\":1,\"name\":\"Home\",\"item\":\"https:\/\/leatai.com\/fi\/\"},{\"@type\":\"ListItem\",\"position\":2,\"name\":\"Tuote-esittely\",\"item\":\"https:\/\/leatai.com\/products\/\"},{\"@type\":\"ListItem\",\"position\":3,\"name\":\"Sis\u00e4sivun muotoilu\",\"item\":\"https:\/\/leatai.com\/fi\/tuote-osasto\/sisasivun-muotoilu\/\"},{\"@type\":\"ListItem\",\"position\":4,\"name\":\"B6 Sis\u00e4sivut\",\"item\":\"https:\/\/leatai.com\/fi\/tuote-osasto\/sisasivun-muotoilu\/b6-sisasivut\/\"},{\"@type\":\"ListItem\",\"position\":5,\"name\":\"LGP \u2013 kuukausisuunnitelma, muistikirjatyyppinen \u2013 L32K\"}]},{\"@type\":\"WebSite\",\"@id\":\"https:\/\/leatai.com\/fi\/#website\",\"url\":\"https:\/\/leatai.com\/fi\/\",\"name\":\"Leatai \u2013 R\u00e4\u00e4t\u00e4l\u00f6ityjen muistikirjojen valmistaja\",\"description\":\"Leatai tarjoaa r\u00e4\u00e4t\u00e4l\u00f6ityj\u00e4 muistikirjoja ja suunnittelijoita br\u00e4ndeille ja j\u00e4lleenmyyjille maailmanlaajuisesti.\",\"publisher\":{\"@id\":\"https:\/\/leatai.com\/fi\/#organization\"},\"potentialAction\":[{\"@type\":\"SearchAction\",\"target\":{\"@type\":\"EntryPoint\",\"urlTemplate\":\"https:\/\/leatai.com\/fi\/?s={search_term_string}\"},\"query-input\":{\"@type\":\"PropertyValueSpecification\",\"valueRequired\":true,\"valueName\":\"search_term_string\"}}],\"inLanguage\":\"fi\"},{\"@type\":\"Organization\",\"@id\":\"https:\/\/leatai.com\/fi\/#organization\",\"name\":\"Leatai Diary, customized journal and business organizer\",\"url\":\"https:\/\/leatai.com\/fi\/\",\"logo\":{\"@type\":\"ImageObject\",\"inLanguage\":\"fi\",\"@id\":\"https:\/\/leatai.com\/fi\/#\/schema\/logo\/image\/\",\"url\":\"https:\/\/leatai.com\/wp-content\/uploads\/logo-blue.png\",\"contentUrl\":\"https:\/\/leatai.com\/wp-content\/uploads\/logo-blue.png\",\"width\":230,\"height\":60,\"caption\":\"Leatai Diary, customized journal and business organizer\"},\"image\":{\"@id\":\"https:\/\/leatai.com\/fi\/#\/schema\/logo\/image\/\"}}]}<\/script>\n<!-- \/ Yoast SEO plugin. -->","yoast_head_json":{"title":"LGP \u2013 kuukausisuunnitelma, muistikirjatyyppinen \u2013 L32K - Yritysp\u00e4iv\u00e4kirjan sis\u00e4sivut - Leatai \u2013 R\u00e4\u00e4t\u00e4l\u00f6ityjen muistikirjojen valmistaja","description":"Yritysp\u00e4iv\u00e4kirjan sis\u00e4sivujen formaatti: kuukausisuunnitelma, paperi: t\u00e4ytekyn\u00e4lle soveltuva paperi (v\u00e4likerros\u00adpaperi), koko: 32K (B6), paksuus: 80 paunaa (80 arkkia \/ 160 sivua per kirja), painatus: kaksiv\u00e4rinen, sis\u00e4lt\u00f6: vuosikalenteri + kuukausisuunnitelmataulukko + ruudutetut sivut + viivoitetut muistiinpanosivut + tietosivut.","robots":{"index":"index","follow":"follow","max-snippet":"max-snippet:-1","max-image-preview":"max-image-preview:large","max-video-preview":"max-video-preview:-1"},"canonical":"https:\/\/leatai.com\/fi\/product\/sisasivun-muotoilu\/b6-sisasivut\/lgp-kuukausisuunnitelma-muistikirjatyyppinen-l32k\/","og_locale":"fi_FI","og_type":"article","og_title":"LGP \u2013 kuukausisuunnitelma, muistikirjatyyppinen \u2013 L32K - Yritysp\u00e4iv\u00e4kirjan sis\u00e4sivut - Leatai \u2013 R\u00e4\u00e4t\u00e4l\u00f6ityjen muistikirjojen valmistaja","og_description":"Yritysp\u00e4iv\u00e4kirjan sis\u00e4sivujen formaatti: kuukausisuunnitelma, paperi: t\u00e4ytekyn\u00e4lle soveltuva paperi (v\u00e4likerros\u00adpaperi), koko: 32K (B6), paksuus: 80 paunaa (80 arkkia \/ 160 sivua per kirja), painatus: kaksiv\u00e4rinen, sis\u00e4lt\u00f6: vuosikalenteri + kuukausisuunnitelmataulukko + ruudutetut sivut + viivoitetut muistiinpanosivut + tietosivut.","og_url":"https:\/\/leatai.com\/fi\/product\/sisasivun-muotoilu\/b6-sisasivut\/lgp-kuukausisuunnitelma-muistikirjatyyppinen-l32k\/","og_site_name":"Leatai \u2013 R\u00e4\u00e4t\u00e4l\u00f6ityjen muistikirjojen valmistaja","article_modified_time":"2025-12-22T09:15:43+00:00","og_image":[{"width":1000,"height":750,"url":"https:\/\/leatai.com\/wp-content\/uploads\/32K\u6708\u8a08\u756b-1000X750-3.jpg","type":"image\/jpeg"}],"twitter_card":"summary_large_image","twitter_misc":{"Arvioitu lukuaika":"1 minuutti"},"schema":{"@context":"https:\/\/schema.org","@graph":[{"@type":"WebPage","@id":"https:\/\/leatai.com\/fi\/product\/sisasivun-muotoilu\/b6-sisasivut\/lgp-kuukausisuunnitelma-muistikirjatyyppinen-l32k\/","url":"https:\/\/leatai.com\/fi\/product\/sisasivun-muotoilu\/b6-sisasivut\/lgp-kuukausisuunnitelma-muistikirjatyyppinen-l32k\/","name":"LGP \u2013 kuukausisuunnitelma, muistikirjatyyppinen \u2013 L32K - Yritysp\u00e4iv\u00e4kirjan sis\u00e4sivut - Leatai \u2013 R\u00e4\u00e4t\u00e4l\u00f6ityjen muistikirjojen valmistaja","isPartOf":{"@id":"https:\/\/leatai.com\/fi\/#website"},"primaryImageOfPage":{"@id":"https:\/\/leatai.com\/fi\/product\/sisasivun-muotoilu\/b6-sisasivut\/lgp-kuukausisuunnitelma-muistikirjatyyppinen-l32k\/#primaryimage"},"image":{"@id":"https:\/\/leatai.com\/fi\/product\/sisasivun-muotoilu\/b6-sisasivut\/lgp-kuukausisuunnitelma-muistikirjatyyppinen-l32k\/#primaryimage"},"thumbnailUrl":"https:\/\/leatai.com\/wp-content\/uploads\/32K\u6708\u8a08\u756b-1000X750-3.jpg","datePublished":"2021-06-24T05:17:30+00:00","dateModified":"2025-12-22T09:15:43+00:00","description":"Yritysp\u00e4iv\u00e4kirjan sis\u00e4sivujen formaatti: kuukausisuunnitelma, paperi: t\u00e4ytekyn\u00e4lle soveltuva paperi (v\u00e4likerros\u00adpaperi), koko: 32K (B6), paksuus: 80 paunaa (80 arkkia \/ 160 sivua per kirja), painatus: kaksiv\u00e4rinen, sis\u00e4lt\u00f6: vuosikalenteri + kuukausisuunnitelmataulukko + ruudutetut sivut + viivoitetut muistiinpanosivut + tietosivut.","breadcrumb":{"@id":"https:\/\/leatai.com\/fi\/product\/sisasivun-muotoilu\/b6-sisasivut\/lgp-kuukausisuunnitelma-muistikirjatyyppinen-l32k\/#breadcrumb"},"inLanguage":"fi","potentialAction":[{"@type":"ReadAction","target":["https:\/\/leatai.com\/fi\/product\/sisasivun-muotoilu\/b6-sisasivut\/lgp-kuukausisuunnitelma-muistikirjatyyppinen-l32k\/"]}]},{"@type":"ImageObject","inLanguage":"fi","@id":"https:\/\/leatai.com\/fi\/product\/sisasivun-muotoilu\/b6-sisasivut\/lgp-kuukausisuunnitelma-muistikirjatyyppinen-l32k\/#primaryimage","url":"https:\/\/leatai.com\/wp-content\/uploads\/32K\u6708\u8a08\u756b-1000X750-3.jpg","contentUrl":"https:\/\/leatai.com\/wp-content\/uploads\/32K\u6708\u8a08\u756b-1000X750-3.jpg","width":1000,"height":750,"caption":"Yritysp\u00e4iv\u00e4kirjan sis\u00e4sivut"},{"@type":"BreadcrumbList","@id":"https:\/\/leatai.com\/fi\/product\/sisasivun-muotoilu\/b6-sisasivut\/lgp-kuukausisuunnitelma-muistikirjatyyppinen-l32k\/#breadcrumb","itemListElement":[{"@type":"ListItem","position":1,"name":"Home","item":"https:\/\/leatai.com\/fi\/"},{"@type":"ListItem","position":2,"name":"Tuote-esittely","item":"https:\/\/leatai.com\/products\/"},{"@type":"ListItem","position":3,"name":"Sis\u00e4sivun muotoilu","item":"https:\/\/leatai.com\/fi\/tuote-osasto\/sisasivun-muotoilu\/"},{"@type":"ListItem","position":4,"name":"B6 Sis\u00e4sivut","item":"https:\/\/leatai.com\/fi\/tuote-osasto\/sisasivun-muotoilu\/b6-sisasivut\/"},{"@type":"ListItem","position":5,"name":"LGP \u2013 kuukausisuunnitelma, muistikirjatyyppinen \u2013 L32K"}]},{"@type":"WebSite","@id":"https:\/\/leatai.com\/fi\/#website","url":"https:\/\/leatai.com\/fi\/","name":"Leatai \u2013 R\u00e4\u00e4t\u00e4l\u00f6ityjen muistikirjojen valmistaja","description":"Leatai tarjoaa r\u00e4\u00e4t\u00e4l\u00f6ityj\u00e4 muistikirjoja ja suunnittelijoita br\u00e4ndeille ja j\u00e4lleenmyyjille maailmanlaajuisesti.","publisher":{"@id":"https:\/\/leatai.com\/fi\/#organization"},"potentialAction":[{"@type":"SearchAction","target":{"@type":"EntryPoint","urlTemplate":"https:\/\/leatai.com\/fi\/?s={search_term_string}"},"query-input":{"@type":"PropertyValueSpecification","valueRequired":true,"valueName":"search_term_string"}}],"inLanguage":"fi"},{"@type":"Organization","@id":"https:\/\/leatai.com\/fi\/#organization","name":"Leatai Diary, customized journal and business organizer","url":"https:\/\/leatai.com\/fi\/","logo":{"@type":"ImageObject","inLanguage":"fi","@id":"https:\/\/leatai.com\/fi\/#\/schema\/logo\/image\/","url":"https:\/\/leatai.com\/wp-content\/uploads\/logo-blue.png","contentUrl":"https:\/\/leatai.com\/wp-content\/uploads\/logo-blue.png","width":230,"height":60,"caption":"Leatai Diary, customized journal and business organizer"},"image":{"@id":"https:\/\/leatai.com\/fi\/#\/schema\/logo\/image\/"}}]}},"_links":{"self":[{"href":"https:\/\/leatai.com\/fi\/wp-json\/wp\/v2\/product\/249492","targetHints":{"allow":["GET"]}}],"collection":[{"href":"https:\/\/leatai.com\/fi\/wp-json\/wp\/v2\/product"}],"about":[{"href":"https:\/\/leatai.com\/fi\/wp-json\/wp\/v2\/types\/product"}],"wp:featuredmedia":[{"embeddable":true,"href":"https:\/\/leatai.com\/fi\/wp-json\/wp\/v2\/media\/249504"}],"wp:attachment":[{"href":"https:\/\/leatai.com\/fi\/wp-json\/wp\/v2\/media?parent=249492"}],"wp:term":[{"taxonomy":"product_brand","embeddable":true,"href":"https:\/\/leatai.com\/fi\/wp-json\/wp\/v2\/product_brand?post=249492"},{"taxonomy":"product_cat","embeddable":true,"href":"https:\/\/leatai.com\/fi\/wp-json\/wp\/v2\/product_cat?post=249492"},{"taxonomy":"product_tag","embeddable":true,"href":"https:\/\/leatai.com\/fi\/wp-json\/wp\/v2\/product_tag?post=249492"},{"taxonomy":"home_works","embeddable":true,"href":"https:\/\/leatai.com\/fi\/wp-json\/wp\/v2\/home_works?post=249492"}],"curies":[{"name":"wp","href":"https:\/\/api.w.org\/{rel}","templated":true}]}}