{"id":249398,"date":"2021-06-24T13:17:30","date_gmt":"2021-06-24T05:17:30","guid":{"rendered":"https:\/\/leatai.com\/product\/Ei-luokiteltu\/lgp-ruudutetut-muistiinpanosivut-l25k\/"},"modified":"2025-12-22T16:20:00","modified_gmt":"2025-12-22T08:20:00","slug":"lgp-ruudutetut-muistiinpanosivut-l25k","status":"publish","type":"product","link":"https:\/\/leatai.com\/fi\/product\/sisasivun-muotoilu\/a5-sisasivut\/lgp-ruudutetut-muistiinpanosivut-l25k\/","title":{"rendered":"LGP \u2013 ruudutetut muistiinpanosivut \u2013 L25K"},"content":{"rendered":"<p>Paperi: t\u00e4ytekyn\u00e4lle soveltuva paperi (v\u00e4likerros\u00adpaperi)<br \/>\nKoko:<a href=\"https:\/\/leatai.com\/fi\/faq\/mitka-ovat-8k-16k-ja-25k-kalenterikoot-kuinka-suuria-ne-ovat\/\" target=\"_blank\" rel=\"noopener\"> 25K (A5)<\/a><a href=\"https:\/\/leatai.com\/fi\/faq\/mitka-ovat-8k-16k-ja-25k-kalenterikoot-kuinka-suuria-ne-ovat\/\" target=\"_blank\" rel=\"noopener\"> (Yritysp\u00e4iv\u00e4kirjojen kokojen yksityiskohtainen selitys ja vertailutaulukko)<\/a><br \/>\nPaksuus: 80 paunaa (80 arkkia \/ 160 sivua per kirja)<br \/>\nPainatus: yksiv\u00e4rinen<br \/>\nSis\u00e4lt\u00f6: ruudutetut muistiinpanosivut, joita kutsutaan my\u00f6s ruutupaperiksi. Vastataksemme eri k\u00e4ytt\u00e4jien tarpeisiin olemme suunnitelleet vasemman ja oikean sivun eri tavoin.<\/p>\n<p>Vasen sivu on yksiv\u00e4rinen viivasivu ja oikea sivu on ruudutettu. Molempien sivujen viivojen pystysuuntainen v\u00e4li on 5 mm, ja vasemman sivun luokittelusarakkeen leveys on 2,5 cm.<br \/>\nVasen sivu sopii erilaisten teht\u00e4vien ja asioiden luokitteluun, oikea sivu on 5 \u00d7 5 mm ruutupaperia, joka soveltuu insin\u00f6\u00f6reille, taiteilijoille, bullet journal -harrastajille ja moniin muihin k\u00e4ytt\u00f6tarkoituksiin.<\/p>\n<p>Ensimm\u00e4isell\u00e4 ja viimeisell\u00e4 sivulla on Leatai-logo kuvan mukaisesti. Mik\u00e4li Leatai-logoa ei haluta, sit\u00e4 pidet\u00e4\u00e4n yksityisen painolaatan avaamisena.<\/p>\n","protected":false},"excerpt":{"rendered":"<p>Paperi: t\u00e4ytekyn\u00e4lle soveltuva paperi (v\u00e4likerros\u00adpaperi) Koko: 25K (A5) (Yritysp\u00e4iv\u00e4kirjojen kokojen yksityiskohtainen selitys ja vertailutaulukko) Paksuus: 80 paunaa (80 arkkia \/ 160 sivua per kirja) Painatus: yksiv\u00e4rinen Sis\u00e4lt\u00f6: ruudutetut muistiinpanosivut, joita kutsutaan my\u00f6s ruutupaperiksi. Vastataksemme eri k\u00e4ytt\u00e4jien tarpeisiin olemme suunnitelleet vasemman ja oikean sivun eri tavoin. Vasen sivu on yksiv\u00e4rinen viivasivu ja oikea sivu on ruudutettu. [&hellip;]<\/p>\n","protected":false},"featured_media":249399,"template":"","meta":{"_acf_changed":false},"product_brand":[],"product_cat":[970,996],"product_tag":[1657,1658,1655],"home_works":[],"class_list":{"0":"post-249398","1":"product","2":"type-product","3":"status-publish","4":"has-post-thumbnail","6":"product_cat-sisasivun-muotoilu","7":"product_cat-a5-sisasivut","8":"product_tag-25k","9":"product_tag-a5","10":"product_tag-yrityspaivakirjan-sisasivut","12":"first","13":"instock","14":"sold-individually","15":"shipping-taxable","16":"purchasable","17":"product-type-simple"},"acf":[],"yoast_head":"<!-- This site is optimized with the Yoast SEO plugin v27.2 - https:\/\/yoast.com\/product\/yoast-seo-wordpress\/ -->\n<title>LGP \u2013 ruudutetut muistiinpanosivut \u2013 L25K - Yritysp\u00e4iv\u00e4kirjan sis\u00e4sivut - Leatai \u2013 R\u00e4\u00e4t\u00e4l\u00f6ityjen muistikirjojen valmistaja<\/title>\n<meta name=\"description\" content=\"Yritysp\u00e4iv\u00e4kirjan sis\u00e4sivujen formaatti: ruudutetut muistiinpanosivut, paperi: t\u00e4ytekyn\u00e4lle soveltuva paperi (v\u00e4likerros\u00adpaperi), koko: 25K (A5), paksuus: 80 paunaa (80 arkkia \/ 160 sivua per kirja), painatus: yksiv\u00e4rinen, sis\u00e4lt\u00f6: ruudutetut muistiinpanosivut, joissa vasen ja oikea sivu on suunniteltu eri tavoin.\" \/>\n<meta name=\"robots\" content=\"index, follow, max-snippet:-1, max-image-preview:large, max-video-preview:-1\" \/>\n<link rel=\"canonical\" href=\"https:\/\/leatai.com\/fi\/product\/sisasivun-muotoilu\/a5-sisasivut\/lgp-ruudutetut-muistiinpanosivut-l25k\/\" \/>\n<meta property=\"og:locale\" content=\"fi_FI\" \/>\n<meta property=\"og:type\" content=\"article\" \/>\n<meta property=\"og:title\" content=\"LGP \u2013 ruudutetut muistiinpanosivut \u2013 L25K - Yritysp\u00e4iv\u00e4kirjan sis\u00e4sivut - Leatai \u2013 R\u00e4\u00e4t\u00e4l\u00f6ityjen muistikirjojen valmistaja\" \/>\n<meta property=\"og:description\" content=\"Yritysp\u00e4iv\u00e4kirjan sis\u00e4sivujen formaatti: ruudutetut muistiinpanosivut, paperi: t\u00e4ytekyn\u00e4lle soveltuva paperi (v\u00e4likerros\u00adpaperi), koko: 25K (A5), paksuus: 80 paunaa (80 arkkia \/ 160 sivua per kirja), painatus: yksiv\u00e4rinen, sis\u00e4lt\u00f6: ruudutetut muistiinpanosivut, joissa vasen ja oikea sivu on suunniteltu eri tavoin.\" \/>\n<meta property=\"og:url\" content=\"https:\/\/leatai.com\/fi\/product\/sisasivun-muotoilu\/a5-sisasivut\/lgp-ruudutetut-muistiinpanosivut-l25k\/\" \/>\n<meta property=\"og:site_name\" content=\"Leatai \u2013 R\u00e4\u00e4t\u00e4l\u00f6ityjen muistikirjojen valmistaja\" \/>\n<meta property=\"article:modified_time\" content=\"2025-12-22T08:20:00+00:00\" \/>\n<meta property=\"og:image\" content=\"https:\/\/leatai.com\/wp-content\/uploads\/2020_06_16_1346460.jpg\" \/>\n\t<meta property=\"og:image:width\" content=\"1000\" \/>\n\t<meta property=\"og:image:height\" content=\"713\" \/>\n\t<meta property=\"og:image:type\" content=\"image\/jpeg\" \/>\n<meta name=\"twitter:card\" content=\"summary_large_image\" \/>\n<meta name=\"twitter:label1\" content=\"Arvioitu lukuaika\" \/>\n\t<meta name=\"twitter:data1\" content=\"1 minuutti\" \/>\n<script type=\"application\/ld+json\" class=\"yoast-schema-graph\">{\"@context\":\"https:\/\/schema.org\",\"@graph\":[{\"@type\":\"WebPage\",\"@id\":\"https:\/\/leatai.com\/fi\/product\/sisasivun-muotoilu\/a5-sisasivut\/lgp-ruudutetut-muistiinpanosivut-l25k\/\",\"url\":\"https:\/\/leatai.com\/fi\/product\/sisasivun-muotoilu\/a5-sisasivut\/lgp-ruudutetut-muistiinpanosivut-l25k\/\",\"name\":\"LGP \u2013 ruudutetut muistiinpanosivut \u2013 L25K - Yritysp\u00e4iv\u00e4kirjan sis\u00e4sivut - Leatai \u2013 R\u00e4\u00e4t\u00e4l\u00f6ityjen muistikirjojen valmistaja\",\"isPartOf\":{\"@id\":\"https:\/\/leatai.com\/fi\/#website\"},\"primaryImageOfPage\":{\"@id\":\"https:\/\/leatai.com\/fi\/product\/sisasivun-muotoilu\/a5-sisasivut\/lgp-ruudutetut-muistiinpanosivut-l25k\/#primaryimage\"},\"image\":{\"@id\":\"https:\/\/leatai.com\/fi\/product\/sisasivun-muotoilu\/a5-sisasivut\/lgp-ruudutetut-muistiinpanosivut-l25k\/#primaryimage\"},\"thumbnailUrl\":\"https:\/\/leatai.com\/wp-content\/uploads\/2020_06_16_1346460.jpg\",\"datePublished\":\"2021-06-24T05:17:30+00:00\",\"dateModified\":\"2025-12-22T08:20:00+00:00\",\"description\":\"Yritysp\u00e4iv\u00e4kirjan sis\u00e4sivujen formaatti: ruudutetut muistiinpanosivut, paperi: t\u00e4ytekyn\u00e4lle soveltuva paperi (v\u00e4likerros\u00adpaperi), koko: 25K (A5), paksuus: 80 paunaa (80 arkkia \/ 160 sivua per kirja), painatus: yksiv\u00e4rinen, sis\u00e4lt\u00f6: ruudutetut muistiinpanosivut, joissa vasen ja oikea sivu on suunniteltu eri tavoin.\",\"breadcrumb\":{\"@id\":\"https:\/\/leatai.com\/fi\/product\/sisasivun-muotoilu\/a5-sisasivut\/lgp-ruudutetut-muistiinpanosivut-l25k\/#breadcrumb\"},\"inLanguage\":\"fi\",\"potentialAction\":[{\"@type\":\"ReadAction\",\"target\":[\"https:\/\/leatai.com\/fi\/product\/sisasivun-muotoilu\/a5-sisasivut\/lgp-ruudutetut-muistiinpanosivut-l25k\/\"]}]},{\"@type\":\"ImageObject\",\"inLanguage\":\"fi\",\"@id\":\"https:\/\/leatai.com\/fi\/product\/sisasivun-muotoilu\/a5-sisasivut\/lgp-ruudutetut-muistiinpanosivut-l25k\/#primaryimage\",\"url\":\"https:\/\/leatai.com\/wp-content\/uploads\/2020_06_16_1346460.jpg\",\"contentUrl\":\"https:\/\/leatai.com\/wp-content\/uploads\/2020_06_16_1346460.jpg\",\"width\":1000,\"height\":713,\"caption\":\"Liiketoimintap\u00e4iv\u00e4kirjan sis\u00e4sivut\"},{\"@type\":\"BreadcrumbList\",\"@id\":\"https:\/\/leatai.com\/fi\/product\/sisasivun-muotoilu\/a5-sisasivut\/lgp-ruudutetut-muistiinpanosivut-l25k\/#breadcrumb\",\"itemListElement\":[{\"@type\":\"ListItem\",\"position\":1,\"name\":\"Home\",\"item\":\"https:\/\/leatai.com\/fi\/\"},{\"@type\":\"ListItem\",\"position\":2,\"name\":\"Tuote-esittely\",\"item\":\"https:\/\/leatai.com\/products\/\"},{\"@type\":\"ListItem\",\"position\":3,\"name\":\"Sis\u00e4sivun muotoilu\",\"item\":\"https:\/\/leatai.com\/fi\/tuote-osasto\/sisasivun-muotoilu\/\"},{\"@type\":\"ListItem\",\"position\":4,\"name\":\"A5 Sis\u00e4sivut\",\"item\":\"https:\/\/leatai.com\/fi\/tuote-osasto\/sisasivun-muotoilu\/a5-sisasivut\/\"},{\"@type\":\"ListItem\",\"position\":5,\"name\":\"LGP \u2013 ruudutetut muistiinpanosivut \u2013 L25K\"}]},{\"@type\":\"WebSite\",\"@id\":\"https:\/\/leatai.com\/fi\/#website\",\"url\":\"https:\/\/leatai.com\/fi\/\",\"name\":\"Leatai \u2013 R\u00e4\u00e4t\u00e4l\u00f6ityjen muistikirjojen valmistaja\",\"description\":\"Leatai tarjoaa r\u00e4\u00e4t\u00e4l\u00f6ityj\u00e4 muistikirjoja ja suunnittelijoita br\u00e4ndeille ja j\u00e4lleenmyyjille maailmanlaajuisesti.\",\"publisher\":{\"@id\":\"https:\/\/leatai.com\/fi\/#organization\"},\"potentialAction\":[{\"@type\":\"SearchAction\",\"target\":{\"@type\":\"EntryPoint\",\"urlTemplate\":\"https:\/\/leatai.com\/fi\/?s={search_term_string}\"},\"query-input\":{\"@type\":\"PropertyValueSpecification\",\"valueRequired\":true,\"valueName\":\"search_term_string\"}}],\"inLanguage\":\"fi\"},{\"@type\":\"Organization\",\"@id\":\"https:\/\/leatai.com\/fi\/#organization\",\"name\":\"Leatai Diary, customized journal and business organizer\",\"url\":\"https:\/\/leatai.com\/fi\/\",\"logo\":{\"@type\":\"ImageObject\",\"inLanguage\":\"fi\",\"@id\":\"https:\/\/leatai.com\/fi\/#\/schema\/logo\/image\/\",\"url\":\"https:\/\/leatai.com\/wp-content\/uploads\/logo-blue.png\",\"contentUrl\":\"https:\/\/leatai.com\/wp-content\/uploads\/logo-blue.png\",\"width\":230,\"height\":60,\"caption\":\"Leatai Diary, customized journal and business organizer\"},\"image\":{\"@id\":\"https:\/\/leatai.com\/fi\/#\/schema\/logo\/image\/\"}}]}<\/script>\n<!-- \/ Yoast SEO plugin. -->","yoast_head_json":{"title":"LGP \u2013 ruudutetut muistiinpanosivut \u2013 L25K - Yritysp\u00e4iv\u00e4kirjan sis\u00e4sivut - Leatai \u2013 R\u00e4\u00e4t\u00e4l\u00f6ityjen muistikirjojen valmistaja","description":"Yritysp\u00e4iv\u00e4kirjan sis\u00e4sivujen formaatti: ruudutetut muistiinpanosivut, paperi: t\u00e4ytekyn\u00e4lle soveltuva paperi (v\u00e4likerros\u00adpaperi), koko: 25K (A5), paksuus: 80 paunaa (80 arkkia \/ 160 sivua per kirja), painatus: yksiv\u00e4rinen, sis\u00e4lt\u00f6: ruudutetut muistiinpanosivut, joissa vasen ja oikea sivu on suunniteltu eri tavoin.","robots":{"index":"index","follow":"follow","max-snippet":"max-snippet:-1","max-image-preview":"max-image-preview:large","max-video-preview":"max-video-preview:-1"},"canonical":"https:\/\/leatai.com\/fi\/product\/sisasivun-muotoilu\/a5-sisasivut\/lgp-ruudutetut-muistiinpanosivut-l25k\/","og_locale":"fi_FI","og_type":"article","og_title":"LGP \u2013 ruudutetut muistiinpanosivut \u2013 L25K - Yritysp\u00e4iv\u00e4kirjan sis\u00e4sivut - Leatai \u2013 R\u00e4\u00e4t\u00e4l\u00f6ityjen muistikirjojen valmistaja","og_description":"Yritysp\u00e4iv\u00e4kirjan sis\u00e4sivujen formaatti: ruudutetut muistiinpanosivut, paperi: t\u00e4ytekyn\u00e4lle soveltuva paperi (v\u00e4likerros\u00adpaperi), koko: 25K (A5), paksuus: 80 paunaa (80 arkkia \/ 160 sivua per kirja), painatus: yksiv\u00e4rinen, sis\u00e4lt\u00f6: ruudutetut muistiinpanosivut, joissa vasen ja oikea sivu on suunniteltu eri tavoin.","og_url":"https:\/\/leatai.com\/fi\/product\/sisasivun-muotoilu\/a5-sisasivut\/lgp-ruudutetut-muistiinpanosivut-l25k\/","og_site_name":"Leatai \u2013 R\u00e4\u00e4t\u00e4l\u00f6ityjen muistikirjojen valmistaja","article_modified_time":"2025-12-22T08:20:00+00:00","og_image":[{"width":1000,"height":713,"url":"https:\/\/leatai.com\/wp-content\/uploads\/2020_06_16_1346460.jpg","type":"image\/jpeg"}],"twitter_card":"summary_large_image","twitter_misc":{"Arvioitu lukuaika":"1 minuutti"},"schema":{"@context":"https:\/\/schema.org","@graph":[{"@type":"WebPage","@id":"https:\/\/leatai.com\/fi\/product\/sisasivun-muotoilu\/a5-sisasivut\/lgp-ruudutetut-muistiinpanosivut-l25k\/","url":"https:\/\/leatai.com\/fi\/product\/sisasivun-muotoilu\/a5-sisasivut\/lgp-ruudutetut-muistiinpanosivut-l25k\/","name":"LGP \u2013 ruudutetut muistiinpanosivut \u2013 L25K - Yritysp\u00e4iv\u00e4kirjan sis\u00e4sivut - Leatai \u2013 R\u00e4\u00e4t\u00e4l\u00f6ityjen muistikirjojen valmistaja","isPartOf":{"@id":"https:\/\/leatai.com\/fi\/#website"},"primaryImageOfPage":{"@id":"https:\/\/leatai.com\/fi\/product\/sisasivun-muotoilu\/a5-sisasivut\/lgp-ruudutetut-muistiinpanosivut-l25k\/#primaryimage"},"image":{"@id":"https:\/\/leatai.com\/fi\/product\/sisasivun-muotoilu\/a5-sisasivut\/lgp-ruudutetut-muistiinpanosivut-l25k\/#primaryimage"},"thumbnailUrl":"https:\/\/leatai.com\/wp-content\/uploads\/2020_06_16_1346460.jpg","datePublished":"2021-06-24T05:17:30+00:00","dateModified":"2025-12-22T08:20:00+00:00","description":"Yritysp\u00e4iv\u00e4kirjan sis\u00e4sivujen formaatti: ruudutetut muistiinpanosivut, paperi: t\u00e4ytekyn\u00e4lle soveltuva paperi (v\u00e4likerros\u00adpaperi), koko: 25K (A5), paksuus: 80 paunaa (80 arkkia \/ 160 sivua per kirja), painatus: yksiv\u00e4rinen, sis\u00e4lt\u00f6: ruudutetut muistiinpanosivut, joissa vasen ja oikea sivu on suunniteltu eri tavoin.","breadcrumb":{"@id":"https:\/\/leatai.com\/fi\/product\/sisasivun-muotoilu\/a5-sisasivut\/lgp-ruudutetut-muistiinpanosivut-l25k\/#breadcrumb"},"inLanguage":"fi","potentialAction":[{"@type":"ReadAction","target":["https:\/\/leatai.com\/fi\/product\/sisasivun-muotoilu\/a5-sisasivut\/lgp-ruudutetut-muistiinpanosivut-l25k\/"]}]},{"@type":"ImageObject","inLanguage":"fi","@id":"https:\/\/leatai.com\/fi\/product\/sisasivun-muotoilu\/a5-sisasivut\/lgp-ruudutetut-muistiinpanosivut-l25k\/#primaryimage","url":"https:\/\/leatai.com\/wp-content\/uploads\/2020_06_16_1346460.jpg","contentUrl":"https:\/\/leatai.com\/wp-content\/uploads\/2020_06_16_1346460.jpg","width":1000,"height":713,"caption":"Liiketoimintap\u00e4iv\u00e4kirjan sis\u00e4sivut"},{"@type":"BreadcrumbList","@id":"https:\/\/leatai.com\/fi\/product\/sisasivun-muotoilu\/a5-sisasivut\/lgp-ruudutetut-muistiinpanosivut-l25k\/#breadcrumb","itemListElement":[{"@type":"ListItem","position":1,"name":"Home","item":"https:\/\/leatai.com\/fi\/"},{"@type":"ListItem","position":2,"name":"Tuote-esittely","item":"https:\/\/leatai.com\/products\/"},{"@type":"ListItem","position":3,"name":"Sis\u00e4sivun muotoilu","item":"https:\/\/leatai.com\/fi\/tuote-osasto\/sisasivun-muotoilu\/"},{"@type":"ListItem","position":4,"name":"A5 Sis\u00e4sivut","item":"https:\/\/leatai.com\/fi\/tuote-osasto\/sisasivun-muotoilu\/a5-sisasivut\/"},{"@type":"ListItem","position":5,"name":"LGP \u2013 ruudutetut muistiinpanosivut \u2013 L25K"}]},{"@type":"WebSite","@id":"https:\/\/leatai.com\/fi\/#website","url":"https:\/\/leatai.com\/fi\/","name":"Leatai \u2013 R\u00e4\u00e4t\u00e4l\u00f6ityjen muistikirjojen valmistaja","description":"Leatai tarjoaa r\u00e4\u00e4t\u00e4l\u00f6ityj\u00e4 muistikirjoja ja suunnittelijoita br\u00e4ndeille ja j\u00e4lleenmyyjille maailmanlaajuisesti.","publisher":{"@id":"https:\/\/leatai.com\/fi\/#organization"},"potentialAction":[{"@type":"SearchAction","target":{"@type":"EntryPoint","urlTemplate":"https:\/\/leatai.com\/fi\/?s={search_term_string}"},"query-input":{"@type":"PropertyValueSpecification","valueRequired":true,"valueName":"search_term_string"}}],"inLanguage":"fi"},{"@type":"Organization","@id":"https:\/\/leatai.com\/fi\/#organization","name":"Leatai Diary, customized journal and business organizer","url":"https:\/\/leatai.com\/fi\/","logo":{"@type":"ImageObject","inLanguage":"fi","@id":"https:\/\/leatai.com\/fi\/#\/schema\/logo\/image\/","url":"https:\/\/leatai.com\/wp-content\/uploads\/logo-blue.png","contentUrl":"https:\/\/leatai.com\/wp-content\/uploads\/logo-blue.png","width":230,"height":60,"caption":"Leatai Diary, customized journal and business organizer"},"image":{"@id":"https:\/\/leatai.com\/fi\/#\/schema\/logo\/image\/"}}]}},"_links":{"self":[{"href":"https:\/\/leatai.com\/fi\/wp-json\/wp\/v2\/product\/249398","targetHints":{"allow":["GET"]}}],"collection":[{"href":"https:\/\/leatai.com\/fi\/wp-json\/wp\/v2\/product"}],"about":[{"href":"https:\/\/leatai.com\/fi\/wp-json\/wp\/v2\/types\/product"}],"wp:featuredmedia":[{"embeddable":true,"href":"https:\/\/leatai.com\/fi\/wp-json\/wp\/v2\/media\/249399"}],"wp:attachment":[{"href":"https:\/\/leatai.com\/fi\/wp-json\/wp\/v2\/media?parent=249398"}],"wp:term":[{"taxonomy":"product_brand","embeddable":true,"href":"https:\/\/leatai.com\/fi\/wp-json\/wp\/v2\/product_brand?post=249398"},{"taxonomy":"product_cat","embeddable":true,"href":"https:\/\/leatai.com\/fi\/wp-json\/wp\/v2\/product_cat?post=249398"},{"taxonomy":"product_tag","embeddable":true,"href":"https:\/\/leatai.com\/fi\/wp-json\/wp\/v2\/product_tag?post=249398"},{"taxonomy":"home_works","embeddable":true,"href":"https:\/\/leatai.com\/fi\/wp-json\/wp\/v2\/home_works?post=249398"}],"curies":[{"name":"wp","href":"https:\/\/api.w.org\/{rel}","templated":true}]}}