{"id":249381,"date":"2021-06-24T13:17:29","date_gmt":"2021-06-24T05:17:29","guid":{"rendered":"https:\/\/leatai.com\/product\/Ei-luokiteltu\/lgp-kuukausisuunnitelma-muistikirjatyyppinen-a16k\/"},"modified":"2025-12-22T15:01:10","modified_gmt":"2025-12-22T07:01:10","slug":"lgp-kuukausisuunnitelma-muistikirjatyyppinen-a16k","status":"publish","type":"product","link":"https:\/\/leatai.com\/fi\/product\/sisasivun-muotoilu\/b5-sisasivut\/lgp-kuukausisuunnitelma-muistikirjatyyppinen-a16k\/","title":{"rendered":"LGP \u2013 kuukausisuunnitelma, muistikirjatyyppinen \u2013 A16K"},"content":{"rendered":"<p>Paperi: valkoinen Daolin-paperi<br \/>\nKoko: <a href=\"https:\/\/leatai.com\/fi\/faq\/mitka-ovat-8k-16k-ja-25k-kalenterikoot-kuinka-suuria-ne-ovat\/\" target=\"_blank\" rel=\"noopener\"> 16K (B5)<\/a> <a href=\"https:\/\/leatai.com\/fi\/faq\/mitka-ovat-8k-16k-ja-25k-kalenterikoot-kuinka-suuria-ne-ovat\/\" target=\"_blank\" rel=\"noopener\">(Yritysp\u00e4iv\u00e4kirjojen kokojen yksityiskohtainen selitys ja vertailutaulukko)<\/a><br \/>\nPaksuus: 80 paunaa (72 arkkia \/ 144 sivua per kirja)<br \/>\nPainatus: kaksiv\u00e4rinen<br \/>\nSis\u00e4lt\u00f6: vuosikalenteri + kuukausisuunnitelmataulukko + viivoitetut muistiinpanosivut + tietosivut<\/p>\n<p>S.1 Vapaap\u00e4ivien ja juhlap\u00e4ivien luettelo<br \/>\nS.2\u2013S.3 Vuosikalenteri<br \/>\nS.4\u2013S.5 Vuosisuunnitelmataulukko<br \/>\nS.6\u2013S.29 Kuukausisuunnitelma (kuluva vuosi tammikuu\u2013joulukuu, jokainen kuukausi kahdella vastakkaisella sivulla)<br \/>\nS.30\u2013S.128 Viivoitetut muistiinpanosivut<br \/>\nS.129\u2013S.130 Yhteystietoluettelo<br \/>\nS.131\u2013S.144 Tietosivut (mittayksik\u00f6iden muunnostaulukko, kuutiotilavuustaulukko, metrokartta, moottoriteiden reittikartta, henkil\u00f6kohtaiset tietolomakkeet)<\/p>\n","protected":false},"excerpt":{"rendered":"<p>Paperi: valkoinen Daolin-paperi Koko: 16K (B5) (Yritysp\u00e4iv\u00e4kirjojen kokojen yksityiskohtainen selitys ja vertailutaulukko) Paksuus: 80 paunaa (72 arkkia \/ 144 sivua per kirja) Painatus: kaksiv\u00e4rinen Sis\u00e4lt\u00f6: vuosikalenteri + kuukausisuunnitelmataulukko + viivoitetut muistiinpanosivut + tietosivut S.1 Vapaap\u00e4ivien ja juhlap\u00e4ivien luettelo S.2\u2013S.3 Vuosikalenteri S.4\u2013S.5 Vuosisuunnitelmataulukko S.6\u2013S.29 Kuukausisuunnitelma (kuluva vuosi tammikuu\u2013joulukuu, jokainen kuukausi kahdella vastakkaisella sivulla) S.30\u2013S.128 Viivoitetut muistiinpanosivut [&hellip;]<\/p>\n","protected":false},"featured_media":249377,"template":"","meta":{"_acf_changed":false},"product_brand":[],"product_cat":[970,983],"product_tag":[1654,1656,1655],"home_works":[],"class_list":{"0":"post-249381","1":"product","2":"type-product","3":"status-publish","4":"has-post-thumbnail","6":"product_cat-sisasivun-muotoilu","7":"product_cat-b5-sisasivut","8":"product_tag-16k","9":"product_tag-b5","10":"product_tag-yrityspaivakirjan-sisasivut","12":"first","13":"instock","14":"sold-individually","15":"shipping-taxable","16":"purchasable","17":"product-type-simple"},"acf":[],"yoast_head":"<!-- This site is optimized with the Yoast SEO plugin v27.2 - https:\/\/yoast.com\/product\/yoast-seo-wordpress\/ -->\n<title>LGP \u2013 kuukausisuunnitelma, muistikirjatyyppinen \u2013 A16K - Yritysp\u00e4iv\u00e4kirjan sis\u00e4sivut - Leatai \u2013 R\u00e4\u00e4t\u00e4l\u00f6ityjen muistikirjojen valmistaja<\/title>\n<meta name=\"description\" content=\"Yritysp\u00e4iv\u00e4kirjan sis\u00e4sivujen formaatti: kuukausisuunnitelma, paperi: valkoinen Daolin-paperi, koko: 16K (B5), paksuus: 80 paunaa (72 arkkia \/ 144 sivua per kirja), painatus: kaksiv\u00e4rinen, sis\u00e4lt\u00f6: vuosikalenteri + kuukausisuunnitelmataulukko + viivoitetut muistiinpanosivut + tietosivut, kuukausisuunnitelman sis\u00e4sivut tekev\u00e4t jokaisesta kuukaudesta t\u00e4ynn\u00e4 sis\u00e4lt\u00f6\u00e4!\" \/>\n<meta name=\"robots\" content=\"index, follow, max-snippet:-1, max-image-preview:large, max-video-preview:-1\" \/>\n<link rel=\"canonical\" href=\"https:\/\/leatai.com\/fi\/product\/sisasivun-muotoilu\/b5-sisasivut\/lgp-kuukausisuunnitelma-muistikirjatyyppinen-a16k\/\" \/>\n<meta property=\"og:locale\" content=\"fi_FI\" \/>\n<meta property=\"og:type\" content=\"article\" \/>\n<meta property=\"og:title\" content=\"LGP \u2013 kuukausisuunnitelma, muistikirjatyyppinen \u2013 A16K - Yritysp\u00e4iv\u00e4kirjan sis\u00e4sivut - Leatai \u2013 R\u00e4\u00e4t\u00e4l\u00f6ityjen muistikirjojen valmistaja\" \/>\n<meta property=\"og:description\" content=\"Yritysp\u00e4iv\u00e4kirjan sis\u00e4sivujen formaatti: kuukausisuunnitelma, paperi: valkoinen Daolin-paperi, koko: 16K (B5), paksuus: 80 paunaa (72 arkkia \/ 144 sivua per kirja), painatus: kaksiv\u00e4rinen, sis\u00e4lt\u00f6: vuosikalenteri + kuukausisuunnitelmataulukko + viivoitetut muistiinpanosivut + tietosivut, kuukausisuunnitelman sis\u00e4sivut tekev\u00e4t jokaisesta kuukaudesta t\u00e4ynn\u00e4 sis\u00e4lt\u00f6\u00e4!\" \/>\n<meta property=\"og:url\" content=\"https:\/\/leatai.com\/fi\/product\/sisasivun-muotoilu\/b5-sisasivut\/lgp-kuukausisuunnitelma-muistikirjatyyppinen-a16k\/\" \/>\n<meta property=\"og:site_name\" content=\"Leatai \u2013 R\u00e4\u00e4t\u00e4l\u00f6ityjen muistikirjojen valmistaja\" \/>\n<meta property=\"article:modified_time\" content=\"2025-12-22T07:01:10+00:00\" \/>\n<meta property=\"og:image\" content=\"https:\/\/leatai.com\/wp-content\/uploads\/\u6708\u8a08\u756b-01-scaled.jpg\" \/>\n\t<meta property=\"og:image:width\" content=\"2560\" \/>\n\t<meta property=\"og:image:height\" content=\"1776\" \/>\n\t<meta property=\"og:image:type\" content=\"image\/jpeg\" \/>\n<meta name=\"twitter:card\" content=\"summary_large_image\" \/>\n<meta name=\"twitter:label1\" content=\"Arvioitu lukuaika\" \/>\n\t<meta name=\"twitter:data1\" content=\"1 minuutti\" \/>\n<script type=\"application\/ld+json\" class=\"yoast-schema-graph\">{\"@context\":\"https:\/\/schema.org\",\"@graph\":[{\"@type\":\"WebPage\",\"@id\":\"https:\/\/leatai.com\/fi\/product\/sisasivun-muotoilu\/b5-sisasivut\/lgp-kuukausisuunnitelma-muistikirjatyyppinen-a16k\/\",\"url\":\"https:\/\/leatai.com\/fi\/product\/sisasivun-muotoilu\/b5-sisasivut\/lgp-kuukausisuunnitelma-muistikirjatyyppinen-a16k\/\",\"name\":\"LGP \u2013 kuukausisuunnitelma, muistikirjatyyppinen \u2013 A16K - Yritysp\u00e4iv\u00e4kirjan sis\u00e4sivut - Leatai \u2013 R\u00e4\u00e4t\u00e4l\u00f6ityjen muistikirjojen valmistaja\",\"isPartOf\":{\"@id\":\"https:\/\/leatai.com\/fi\/#website\"},\"primaryImageOfPage\":{\"@id\":\"https:\/\/leatai.com\/fi\/product\/sisasivun-muotoilu\/b5-sisasivut\/lgp-kuukausisuunnitelma-muistikirjatyyppinen-a16k\/#primaryimage\"},\"image\":{\"@id\":\"https:\/\/leatai.com\/fi\/product\/sisasivun-muotoilu\/b5-sisasivut\/lgp-kuukausisuunnitelma-muistikirjatyyppinen-a16k\/#primaryimage\"},\"thumbnailUrl\":\"https:\/\/leatai.com\/wp-content\/uploads\/\u6708\u8a08\u756b-01-scaled.jpg\",\"datePublished\":\"2021-06-24T05:17:29+00:00\",\"dateModified\":\"2025-12-22T07:01:10+00:00\",\"description\":\"Yritysp\u00e4iv\u00e4kirjan sis\u00e4sivujen formaatti: kuukausisuunnitelma, paperi: valkoinen Daolin-paperi, koko: 16K (B5), paksuus: 80 paunaa (72 arkkia \/ 144 sivua per kirja), painatus: kaksiv\u00e4rinen, sis\u00e4lt\u00f6: vuosikalenteri + kuukausisuunnitelmataulukko + viivoitetut muistiinpanosivut + tietosivut, kuukausisuunnitelman sis\u00e4sivut tekev\u00e4t jokaisesta kuukaudesta t\u00e4ynn\u00e4 sis\u00e4lt\u00f6\u00e4!\",\"breadcrumb\":{\"@id\":\"https:\/\/leatai.com\/fi\/product\/sisasivun-muotoilu\/b5-sisasivut\/lgp-kuukausisuunnitelma-muistikirjatyyppinen-a16k\/#breadcrumb\"},\"inLanguage\":\"fi\",\"potentialAction\":[{\"@type\":\"ReadAction\",\"target\":[\"https:\/\/leatai.com\/fi\/product\/sisasivun-muotoilu\/b5-sisasivut\/lgp-kuukausisuunnitelma-muistikirjatyyppinen-a16k\/\"]}]},{\"@type\":\"ImageObject\",\"inLanguage\":\"fi\",\"@id\":\"https:\/\/leatai.com\/fi\/product\/sisasivun-muotoilu\/b5-sisasivut\/lgp-kuukausisuunnitelma-muistikirjatyyppinen-a16k\/#primaryimage\",\"url\":\"https:\/\/leatai.com\/wp-content\/uploads\/\u6708\u8a08\u756b-01-scaled.jpg\",\"contentUrl\":\"https:\/\/leatai.com\/wp-content\/uploads\/\u6708\u8a08\u756b-01-scaled.jpg\",\"width\":2560,\"height\":1776,\"caption\":\"Yritysp\u00e4iv\u00e4kirjan sis\u00e4sivut\"},{\"@type\":\"BreadcrumbList\",\"@id\":\"https:\/\/leatai.com\/fi\/product\/sisasivun-muotoilu\/b5-sisasivut\/lgp-kuukausisuunnitelma-muistikirjatyyppinen-a16k\/#breadcrumb\",\"itemListElement\":[{\"@type\":\"ListItem\",\"position\":1,\"name\":\"Home\",\"item\":\"https:\/\/leatai.com\/fi\/\"},{\"@type\":\"ListItem\",\"position\":2,\"name\":\"Tuote-esittely\",\"item\":\"https:\/\/leatai.com\/products\/\"},{\"@type\":\"ListItem\",\"position\":3,\"name\":\"Sis\u00e4sivun muotoilu\",\"item\":\"https:\/\/leatai.com\/fi\/tuote-osasto\/sisasivun-muotoilu\/\"},{\"@type\":\"ListItem\",\"position\":4,\"name\":\"B5 Sis\u00e4sivut\",\"item\":\"https:\/\/leatai.com\/fi\/tuote-osasto\/sisasivun-muotoilu\/b5-sisasivut\/\"},{\"@type\":\"ListItem\",\"position\":5,\"name\":\"LGP \u2013 kuukausisuunnitelma, muistikirjatyyppinen \u2013 A16K\"}]},{\"@type\":\"WebSite\",\"@id\":\"https:\/\/leatai.com\/fi\/#website\",\"url\":\"https:\/\/leatai.com\/fi\/\",\"name\":\"Leatai \u2013 R\u00e4\u00e4t\u00e4l\u00f6ityjen muistikirjojen valmistaja\",\"description\":\"Leatai tarjoaa r\u00e4\u00e4t\u00e4l\u00f6ityj\u00e4 muistikirjoja ja suunnittelijoita br\u00e4ndeille ja j\u00e4lleenmyyjille maailmanlaajuisesti.\",\"publisher\":{\"@id\":\"https:\/\/leatai.com\/fi\/#organization\"},\"potentialAction\":[{\"@type\":\"SearchAction\",\"target\":{\"@type\":\"EntryPoint\",\"urlTemplate\":\"https:\/\/leatai.com\/fi\/?s={search_term_string}\"},\"query-input\":{\"@type\":\"PropertyValueSpecification\",\"valueRequired\":true,\"valueName\":\"search_term_string\"}}],\"inLanguage\":\"fi\"},{\"@type\":\"Organization\",\"@id\":\"https:\/\/leatai.com\/fi\/#organization\",\"name\":\"Leatai Diary, customized journal and business organizer\",\"url\":\"https:\/\/leatai.com\/fi\/\",\"logo\":{\"@type\":\"ImageObject\",\"inLanguage\":\"fi\",\"@id\":\"https:\/\/leatai.com\/fi\/#\/schema\/logo\/image\/\",\"url\":\"https:\/\/leatai.com\/wp-content\/uploads\/logo-blue.png\",\"contentUrl\":\"https:\/\/leatai.com\/wp-content\/uploads\/logo-blue.png\",\"width\":230,\"height\":60,\"caption\":\"Leatai Diary, customized journal and business organizer\"},\"image\":{\"@id\":\"https:\/\/leatai.com\/fi\/#\/schema\/logo\/image\/\"}}]}<\/script>\n<!-- \/ Yoast SEO plugin. -->","yoast_head_json":{"title":"LGP \u2013 kuukausisuunnitelma, muistikirjatyyppinen \u2013 A16K - Yritysp\u00e4iv\u00e4kirjan sis\u00e4sivut - Leatai \u2013 R\u00e4\u00e4t\u00e4l\u00f6ityjen muistikirjojen valmistaja","description":"Yritysp\u00e4iv\u00e4kirjan sis\u00e4sivujen formaatti: kuukausisuunnitelma, paperi: valkoinen Daolin-paperi, koko: 16K (B5), paksuus: 80 paunaa (72 arkkia \/ 144 sivua per kirja), painatus: kaksiv\u00e4rinen, sis\u00e4lt\u00f6: vuosikalenteri + kuukausisuunnitelmataulukko + viivoitetut muistiinpanosivut + tietosivut, kuukausisuunnitelman sis\u00e4sivut tekev\u00e4t jokaisesta kuukaudesta t\u00e4ynn\u00e4 sis\u00e4lt\u00f6\u00e4!","robots":{"index":"index","follow":"follow","max-snippet":"max-snippet:-1","max-image-preview":"max-image-preview:large","max-video-preview":"max-video-preview:-1"},"canonical":"https:\/\/leatai.com\/fi\/product\/sisasivun-muotoilu\/b5-sisasivut\/lgp-kuukausisuunnitelma-muistikirjatyyppinen-a16k\/","og_locale":"fi_FI","og_type":"article","og_title":"LGP \u2013 kuukausisuunnitelma, muistikirjatyyppinen \u2013 A16K - Yritysp\u00e4iv\u00e4kirjan sis\u00e4sivut - Leatai \u2013 R\u00e4\u00e4t\u00e4l\u00f6ityjen muistikirjojen valmistaja","og_description":"Yritysp\u00e4iv\u00e4kirjan sis\u00e4sivujen formaatti: kuukausisuunnitelma, paperi: valkoinen Daolin-paperi, koko: 16K (B5), paksuus: 80 paunaa (72 arkkia \/ 144 sivua per kirja), painatus: kaksiv\u00e4rinen, sis\u00e4lt\u00f6: vuosikalenteri + kuukausisuunnitelmataulukko + viivoitetut muistiinpanosivut + tietosivut, kuukausisuunnitelman sis\u00e4sivut tekev\u00e4t jokaisesta kuukaudesta t\u00e4ynn\u00e4 sis\u00e4lt\u00f6\u00e4!","og_url":"https:\/\/leatai.com\/fi\/product\/sisasivun-muotoilu\/b5-sisasivut\/lgp-kuukausisuunnitelma-muistikirjatyyppinen-a16k\/","og_site_name":"Leatai \u2013 R\u00e4\u00e4t\u00e4l\u00f6ityjen muistikirjojen valmistaja","article_modified_time":"2025-12-22T07:01:10+00:00","og_image":[{"width":2560,"height":1776,"url":"https:\/\/leatai.com\/wp-content\/uploads\/\u6708\u8a08\u756b-01-scaled.jpg","type":"image\/jpeg"}],"twitter_card":"summary_large_image","twitter_misc":{"Arvioitu lukuaika":"1 minuutti"},"schema":{"@context":"https:\/\/schema.org","@graph":[{"@type":"WebPage","@id":"https:\/\/leatai.com\/fi\/product\/sisasivun-muotoilu\/b5-sisasivut\/lgp-kuukausisuunnitelma-muistikirjatyyppinen-a16k\/","url":"https:\/\/leatai.com\/fi\/product\/sisasivun-muotoilu\/b5-sisasivut\/lgp-kuukausisuunnitelma-muistikirjatyyppinen-a16k\/","name":"LGP \u2013 kuukausisuunnitelma, muistikirjatyyppinen \u2013 A16K - Yritysp\u00e4iv\u00e4kirjan sis\u00e4sivut - Leatai \u2013 R\u00e4\u00e4t\u00e4l\u00f6ityjen muistikirjojen valmistaja","isPartOf":{"@id":"https:\/\/leatai.com\/fi\/#website"},"primaryImageOfPage":{"@id":"https:\/\/leatai.com\/fi\/product\/sisasivun-muotoilu\/b5-sisasivut\/lgp-kuukausisuunnitelma-muistikirjatyyppinen-a16k\/#primaryimage"},"image":{"@id":"https:\/\/leatai.com\/fi\/product\/sisasivun-muotoilu\/b5-sisasivut\/lgp-kuukausisuunnitelma-muistikirjatyyppinen-a16k\/#primaryimage"},"thumbnailUrl":"https:\/\/leatai.com\/wp-content\/uploads\/\u6708\u8a08\u756b-01-scaled.jpg","datePublished":"2021-06-24T05:17:29+00:00","dateModified":"2025-12-22T07:01:10+00:00","description":"Yritysp\u00e4iv\u00e4kirjan sis\u00e4sivujen formaatti: kuukausisuunnitelma, paperi: valkoinen Daolin-paperi, koko: 16K (B5), paksuus: 80 paunaa (72 arkkia \/ 144 sivua per kirja), painatus: kaksiv\u00e4rinen, sis\u00e4lt\u00f6: vuosikalenteri + kuukausisuunnitelmataulukko + viivoitetut muistiinpanosivut + tietosivut, kuukausisuunnitelman sis\u00e4sivut tekev\u00e4t jokaisesta kuukaudesta t\u00e4ynn\u00e4 sis\u00e4lt\u00f6\u00e4!","breadcrumb":{"@id":"https:\/\/leatai.com\/fi\/product\/sisasivun-muotoilu\/b5-sisasivut\/lgp-kuukausisuunnitelma-muistikirjatyyppinen-a16k\/#breadcrumb"},"inLanguage":"fi","potentialAction":[{"@type":"ReadAction","target":["https:\/\/leatai.com\/fi\/product\/sisasivun-muotoilu\/b5-sisasivut\/lgp-kuukausisuunnitelma-muistikirjatyyppinen-a16k\/"]}]},{"@type":"ImageObject","inLanguage":"fi","@id":"https:\/\/leatai.com\/fi\/product\/sisasivun-muotoilu\/b5-sisasivut\/lgp-kuukausisuunnitelma-muistikirjatyyppinen-a16k\/#primaryimage","url":"https:\/\/leatai.com\/wp-content\/uploads\/\u6708\u8a08\u756b-01-scaled.jpg","contentUrl":"https:\/\/leatai.com\/wp-content\/uploads\/\u6708\u8a08\u756b-01-scaled.jpg","width":2560,"height":1776,"caption":"Yritysp\u00e4iv\u00e4kirjan sis\u00e4sivut"},{"@type":"BreadcrumbList","@id":"https:\/\/leatai.com\/fi\/product\/sisasivun-muotoilu\/b5-sisasivut\/lgp-kuukausisuunnitelma-muistikirjatyyppinen-a16k\/#breadcrumb","itemListElement":[{"@type":"ListItem","position":1,"name":"Home","item":"https:\/\/leatai.com\/fi\/"},{"@type":"ListItem","position":2,"name":"Tuote-esittely","item":"https:\/\/leatai.com\/products\/"},{"@type":"ListItem","position":3,"name":"Sis\u00e4sivun muotoilu","item":"https:\/\/leatai.com\/fi\/tuote-osasto\/sisasivun-muotoilu\/"},{"@type":"ListItem","position":4,"name":"B5 Sis\u00e4sivut","item":"https:\/\/leatai.com\/fi\/tuote-osasto\/sisasivun-muotoilu\/b5-sisasivut\/"},{"@type":"ListItem","position":5,"name":"LGP \u2013 kuukausisuunnitelma, muistikirjatyyppinen \u2013 A16K"}]},{"@type":"WebSite","@id":"https:\/\/leatai.com\/fi\/#website","url":"https:\/\/leatai.com\/fi\/","name":"Leatai \u2013 R\u00e4\u00e4t\u00e4l\u00f6ityjen muistikirjojen valmistaja","description":"Leatai tarjoaa r\u00e4\u00e4t\u00e4l\u00f6ityj\u00e4 muistikirjoja ja suunnittelijoita br\u00e4ndeille ja j\u00e4lleenmyyjille maailmanlaajuisesti.","publisher":{"@id":"https:\/\/leatai.com\/fi\/#organization"},"potentialAction":[{"@type":"SearchAction","target":{"@type":"EntryPoint","urlTemplate":"https:\/\/leatai.com\/fi\/?s={search_term_string}"},"query-input":{"@type":"PropertyValueSpecification","valueRequired":true,"valueName":"search_term_string"}}],"inLanguage":"fi"},{"@type":"Organization","@id":"https:\/\/leatai.com\/fi\/#organization","name":"Leatai Diary, customized journal and business organizer","url":"https:\/\/leatai.com\/fi\/","logo":{"@type":"ImageObject","inLanguage":"fi","@id":"https:\/\/leatai.com\/fi\/#\/schema\/logo\/image\/","url":"https:\/\/leatai.com\/wp-content\/uploads\/logo-blue.png","contentUrl":"https:\/\/leatai.com\/wp-content\/uploads\/logo-blue.png","width":230,"height":60,"caption":"Leatai Diary, customized journal and business organizer"},"image":{"@id":"https:\/\/leatai.com\/fi\/#\/schema\/logo\/image\/"}}]}},"_links":{"self":[{"href":"https:\/\/leatai.com\/fi\/wp-json\/wp\/v2\/product\/249381","targetHints":{"allow":["GET"]}}],"collection":[{"href":"https:\/\/leatai.com\/fi\/wp-json\/wp\/v2\/product"}],"about":[{"href":"https:\/\/leatai.com\/fi\/wp-json\/wp\/v2\/types\/product"}],"wp:featuredmedia":[{"embeddable":true,"href":"https:\/\/leatai.com\/fi\/wp-json\/wp\/v2\/media\/249377"}],"wp:attachment":[{"href":"https:\/\/leatai.com\/fi\/wp-json\/wp\/v2\/media?parent=249381"}],"wp:term":[{"taxonomy":"product_brand","embeddable":true,"href":"https:\/\/leatai.com\/fi\/wp-json\/wp\/v2\/product_brand?post=249381"},{"taxonomy":"product_cat","embeddable":true,"href":"https:\/\/leatai.com\/fi\/wp-json\/wp\/v2\/product_cat?post=249381"},{"taxonomy":"product_tag","embeddable":true,"href":"https:\/\/leatai.com\/fi\/wp-json\/wp\/v2\/product_tag?post=249381"},{"taxonomy":"home_works","embeddable":true,"href":"https:\/\/leatai.com\/fi\/wp-json\/wp\/v2\/home_works?post=249381"}],"curies":[{"name":"wp","href":"https:\/\/api.w.org\/{rel}","templated":true}]}}