{"id":249306,"date":"2021-06-24T13:21:40","date_gmt":"2021-06-24T05:21:40","guid":{"rendered":"https:\/\/leatai.com\/product\/Ei-luokiteltu\/painatusalihankinta\/"},"modified":"2025-12-22T14:11:25","modified_gmt":"2025-12-22T06:11:25","slug":"painatusalihankinta","status":"publish","type":"product","link":"https:\/\/leatai.com\/fi\/product\/muu-valmistus\/painatusalihankinta\/","title":{"rendered":"Painatusalihankinta"},"content":{"rendered":"<p>Alihankintaprojekti: painatus<br \/>\nSis\u00e4ll\u00f6n kuvaus: Yksinkertainen painatusprosessi tarkoittaa sit\u00e4, ett\u00e4 muste painetaan suurikokoisilla painokoneilla erikokoisille suurille paperiarkeille. Kun suurten arkkien painatus on valmis, siirryt\u00e4\u00e4n sidontavaiheeseen. Painatuksessa on monia yksityiskohtia, joihin on kiinnitett\u00e4v\u00e4 huomiota.<\/p>\n","protected":false},"excerpt":{"rendered":"<p>Painatusalihankinta, kirjojen sidonta<\/p>\n","protected":false},"featured_media":249307,"template":"","meta":{"_acf_changed":false},"product_brand":[],"product_cat":[1152],"product_tag":[],"home_works":[],"class_list":{"0":"post-249306","1":"product","2":"type-product","3":"status-publish","4":"has-post-thumbnail","6":"product_cat-muu-valmistus","8":"first","9":"instock","10":"sold-individually","11":"shipping-taxable","12":"purchasable","13":"product-type-variable","14":"has-default-attributes"},"acf":[],"yoast_head":"<!-- This site is optimized with the Yoast SEO plugin v27.2 - https:\/\/yoast.com\/product\/yoast-seo-wordpress\/ -->\n<title>Painatusalihankinta - Painatus onnistuu t\u00e4ysarkille, kiku-t\u00e4ysarkille ja kiku-vastapainatukselle - Leatai \u2013 R\u00e4\u00e4t\u00e4l\u00f6ityjen muistikirjojen valmistaja<\/title>\n<meta name=\"description\" content=\"Alihankintaprojekti: painatus, Sis\u00e4ll\u00f6n kuvaus: Yksinkertainen painatusprosessi tarkoittaa sit\u00e4, ett\u00e4 muste painetaan suurikokoisilla painokoneilla erikokoisille suurille paperiarkeille. Kun suurten arkkien painatus on valmis, siirryt\u00e4\u00e4n sidontavaiheeseen. Painatuksessa on monia yksityiskohtia, joihin on kiinnitett\u00e4v\u00e4 huomiota.\" \/>\n<meta name=\"robots\" content=\"index, follow, max-snippet:-1, max-image-preview:large, max-video-preview:-1\" \/>\n<link rel=\"canonical\" href=\"https:\/\/leatai.com\/fi\/product\/muu-valmistus\/painatusalihankinta\/\" \/>\n<meta property=\"og:locale\" content=\"fi_FI\" \/>\n<meta property=\"og:type\" content=\"article\" \/>\n<meta property=\"og:title\" content=\"Painatusalihankinta - Painatus onnistuu t\u00e4ysarkille, kiku-t\u00e4ysarkille ja kiku-vastapainatukselle - Leatai \u2013 R\u00e4\u00e4t\u00e4l\u00f6ityjen muistikirjojen valmistaja\" \/>\n<meta property=\"og:description\" content=\"Alihankintaprojekti: painatus, Sis\u00e4ll\u00f6n kuvaus: Yksinkertainen painatusprosessi tarkoittaa sit\u00e4, ett\u00e4 muste painetaan suurikokoisilla painokoneilla erikokoisille suurille paperiarkeille. Kun suurten arkkien painatus on valmis, siirryt\u00e4\u00e4n sidontavaiheeseen. Painatuksessa on monia yksityiskohtia, joihin on kiinnitett\u00e4v\u00e4 huomiota.\" \/>\n<meta property=\"og:url\" content=\"https:\/\/leatai.com\/fi\/product\/muu-valmistus\/painatusalihankinta\/\" \/>\n<meta property=\"og:site_name\" content=\"Leatai \u2013 R\u00e4\u00e4t\u00e4l\u00f6ityjen muistikirjojen valmistaja\" \/>\n<meta property=\"article:modified_time\" content=\"2025-12-22T06:11:25+00:00\" \/>\n<meta property=\"og:image\" content=\"https:\/\/leatai.com\/wp-content\/uploads\/2016_01_20_1512120.jpg\" \/>\n\t<meta property=\"og:image:width\" content=\"1000\" \/>\n\t<meta property=\"og:image:height\" content=\"668\" \/>\n\t<meta property=\"og:image:type\" content=\"image\/jpeg\" \/>\n<meta name=\"twitter:card\" content=\"summary_large_image\" \/>\n<meta name=\"twitter:label1\" content=\"Arvioitu lukuaika\" \/>\n\t<meta name=\"twitter:data1\" content=\"1 minuutti\" \/>\n<script type=\"application\/ld+json\" class=\"yoast-schema-graph\">{\"@context\":\"https:\/\/schema.org\",\"@graph\":[{\"@type\":\"WebPage\",\"@id\":\"https:\/\/leatai.com\/fi\/product\/muu-valmistus\/painatusalihankinta\/\",\"url\":\"https:\/\/leatai.com\/fi\/product\/muu-valmistus\/painatusalihankinta\/\",\"name\":\"Painatusalihankinta - Painatus onnistuu t\u00e4ysarkille, kiku-t\u00e4ysarkille ja kiku-vastapainatukselle - Leatai \u2013 R\u00e4\u00e4t\u00e4l\u00f6ityjen muistikirjojen valmistaja\",\"isPartOf\":{\"@id\":\"https:\/\/leatai.com\/fi\/#website\"},\"primaryImageOfPage\":{\"@id\":\"https:\/\/leatai.com\/fi\/product\/muu-valmistus\/painatusalihankinta\/#primaryimage\"},\"image\":{\"@id\":\"https:\/\/leatai.com\/fi\/product\/muu-valmistus\/painatusalihankinta\/#primaryimage\"},\"thumbnailUrl\":\"https:\/\/leatai.com\/wp-content\/uploads\/2016_01_20_1512120.jpg\",\"datePublished\":\"2021-06-24T05:21:40+00:00\",\"dateModified\":\"2025-12-22T06:11:25+00:00\",\"description\":\"Alihankintaprojekti: painatus, Sis\u00e4ll\u00f6n kuvaus: Yksinkertainen painatusprosessi tarkoittaa sit\u00e4, ett\u00e4 muste painetaan suurikokoisilla painokoneilla erikokoisille suurille paperiarkeille. Kun suurten arkkien painatus on valmis, siirryt\u00e4\u00e4n sidontavaiheeseen. Painatuksessa on monia yksityiskohtia, joihin on kiinnitett\u00e4v\u00e4 huomiota.\",\"breadcrumb\":{\"@id\":\"https:\/\/leatai.com\/fi\/product\/muu-valmistus\/painatusalihankinta\/#breadcrumb\"},\"inLanguage\":\"fi\",\"potentialAction\":[{\"@type\":\"ReadAction\",\"target\":[\"https:\/\/leatai.com\/fi\/product\/muu-valmistus\/painatusalihankinta\/\"]}]},{\"@type\":\"ImageObject\",\"inLanguage\":\"fi\",\"@id\":\"https:\/\/leatai.com\/fi\/product\/muu-valmistus\/painatusalihankinta\/#primaryimage\",\"url\":\"https:\/\/leatai.com\/wp-content\/uploads\/2016_01_20_1512120.jpg\",\"contentUrl\":\"https:\/\/leatai.com\/wp-content\/uploads\/2016_01_20_1512120.jpg\",\"width\":1000,\"height\":668,\"caption\":\"Painatusalihankinta\"},{\"@type\":\"BreadcrumbList\",\"@id\":\"https:\/\/leatai.com\/fi\/product\/muu-valmistus\/painatusalihankinta\/#breadcrumb\",\"itemListElement\":[{\"@type\":\"ListItem\",\"position\":1,\"name\":\"Home\",\"item\":\"https:\/\/leatai.com\/fi\/\"},{\"@type\":\"ListItem\",\"position\":2,\"name\":\"Tuote-esittely\",\"item\":\"https:\/\/leatai.com\/products\/\"},{\"@type\":\"ListItem\",\"position\":3,\"name\":\"Muu valmistus\",\"item\":\"https:\/\/leatai.com\/fi\/tuote-osasto\/muu-valmistus\/\"},{\"@type\":\"ListItem\",\"position\":4,\"name\":\"Painatusalihankinta\"}]},{\"@type\":\"WebSite\",\"@id\":\"https:\/\/leatai.com\/fi\/#website\",\"url\":\"https:\/\/leatai.com\/fi\/\",\"name\":\"Leatai \u2013 R\u00e4\u00e4t\u00e4l\u00f6ityjen muistikirjojen valmistaja\",\"description\":\"Leatai tarjoaa r\u00e4\u00e4t\u00e4l\u00f6ityj\u00e4 muistikirjoja ja suunnittelijoita br\u00e4ndeille ja j\u00e4lleenmyyjille maailmanlaajuisesti.\",\"publisher\":{\"@id\":\"https:\/\/leatai.com\/fi\/#organization\"},\"potentialAction\":[{\"@type\":\"SearchAction\",\"target\":{\"@type\":\"EntryPoint\",\"urlTemplate\":\"https:\/\/leatai.com\/fi\/?s={search_term_string}\"},\"query-input\":{\"@type\":\"PropertyValueSpecification\",\"valueRequired\":true,\"valueName\":\"search_term_string\"}}],\"inLanguage\":\"fi\"},{\"@type\":\"Organization\",\"@id\":\"https:\/\/leatai.com\/fi\/#organization\",\"name\":\"Leatai Diary, customized journal and business organizer\",\"url\":\"https:\/\/leatai.com\/fi\/\",\"logo\":{\"@type\":\"ImageObject\",\"inLanguage\":\"fi\",\"@id\":\"https:\/\/leatai.com\/fi\/#\/schema\/logo\/image\/\",\"url\":\"https:\/\/leatai.com\/wp-content\/uploads\/logo-blue.png\",\"contentUrl\":\"https:\/\/leatai.com\/wp-content\/uploads\/logo-blue.png\",\"width\":230,\"height\":60,\"caption\":\"Leatai Diary, customized journal and business organizer\"},\"image\":{\"@id\":\"https:\/\/leatai.com\/fi\/#\/schema\/logo\/image\/\"},\"telephone\":\"+886-2-8227-8800\",\"legalName\":\"Leatai Stationary Co., Ltd.\",\"description\":\"A leading notebook factory in Taiwan offering bespoke branding, high-quality binding, and premium paper selections for corporate gifts and stationery wholesale.\",\"address\":{\"@type\":\"PostalAddress\",\"streetAddress\":\"11F., No. 168, Jiankang Rd.\",\"addressLocality\":\"Zhonghe Dist.\",\"addressRegion\":\"New Taipei City\",\"postalCode\":\"235\",\"addressCountry\":\"TW\"},\"contactPoint\":{\"@type\":\"ContactPoint\",\"telephone\":\"+886-2-8227-8800\",\"contactType\":\"sales\",\"areaServed\":\"Worldwide\",\"availableLanguage\":[\"zh-TW\",\"en\"]}}]}<\/script>\n<!-- \/ Yoast SEO plugin. -->","yoast_head_json":{"title":"Painatusalihankinta - Painatus onnistuu t\u00e4ysarkille, kiku-t\u00e4ysarkille ja kiku-vastapainatukselle - Leatai \u2013 R\u00e4\u00e4t\u00e4l\u00f6ityjen muistikirjojen valmistaja","description":"Alihankintaprojekti: painatus, Sis\u00e4ll\u00f6n kuvaus: Yksinkertainen painatusprosessi tarkoittaa sit\u00e4, ett\u00e4 muste painetaan suurikokoisilla painokoneilla erikokoisille suurille paperiarkeille. Kun suurten arkkien painatus on valmis, siirryt\u00e4\u00e4n sidontavaiheeseen. Painatuksessa on monia yksityiskohtia, joihin on kiinnitett\u00e4v\u00e4 huomiota.","robots":{"index":"index","follow":"follow","max-snippet":"max-snippet:-1","max-image-preview":"max-image-preview:large","max-video-preview":"max-video-preview:-1"},"canonical":"https:\/\/leatai.com\/fi\/product\/muu-valmistus\/painatusalihankinta\/","og_locale":"fi_FI","og_type":"article","og_title":"Painatusalihankinta - Painatus onnistuu t\u00e4ysarkille, kiku-t\u00e4ysarkille ja kiku-vastapainatukselle - Leatai \u2013 R\u00e4\u00e4t\u00e4l\u00f6ityjen muistikirjojen valmistaja","og_description":"Alihankintaprojekti: painatus, Sis\u00e4ll\u00f6n kuvaus: Yksinkertainen painatusprosessi tarkoittaa sit\u00e4, ett\u00e4 muste painetaan suurikokoisilla painokoneilla erikokoisille suurille paperiarkeille. Kun suurten arkkien painatus on valmis, siirryt\u00e4\u00e4n sidontavaiheeseen. Painatuksessa on monia yksityiskohtia, joihin on kiinnitett\u00e4v\u00e4 huomiota.","og_url":"https:\/\/leatai.com\/fi\/product\/muu-valmistus\/painatusalihankinta\/","og_site_name":"Leatai \u2013 R\u00e4\u00e4t\u00e4l\u00f6ityjen muistikirjojen valmistaja","article_modified_time":"2025-12-22T06:11:25+00:00","og_image":[{"width":1000,"height":668,"url":"https:\/\/leatai.com\/wp-content\/uploads\/2016_01_20_1512120.jpg","type":"image\/jpeg"}],"twitter_card":"summary_large_image","twitter_misc":{"Arvioitu lukuaika":"1 minuutti"},"schema":{"@context":"https:\/\/schema.org","@graph":[{"@type":"WebPage","@id":"https:\/\/leatai.com\/fi\/product\/muu-valmistus\/painatusalihankinta\/","url":"https:\/\/leatai.com\/fi\/product\/muu-valmistus\/painatusalihankinta\/","name":"Painatusalihankinta - Painatus onnistuu t\u00e4ysarkille, kiku-t\u00e4ysarkille ja kiku-vastapainatukselle - Leatai \u2013 R\u00e4\u00e4t\u00e4l\u00f6ityjen muistikirjojen valmistaja","isPartOf":{"@id":"https:\/\/leatai.com\/fi\/#website"},"primaryImageOfPage":{"@id":"https:\/\/leatai.com\/fi\/product\/muu-valmistus\/painatusalihankinta\/#primaryimage"},"image":{"@id":"https:\/\/leatai.com\/fi\/product\/muu-valmistus\/painatusalihankinta\/#primaryimage"},"thumbnailUrl":"https:\/\/leatai.com\/wp-content\/uploads\/2016_01_20_1512120.jpg","datePublished":"2021-06-24T05:21:40+00:00","dateModified":"2025-12-22T06:11:25+00:00","description":"Alihankintaprojekti: painatus, Sis\u00e4ll\u00f6n kuvaus: Yksinkertainen painatusprosessi tarkoittaa sit\u00e4, ett\u00e4 muste painetaan suurikokoisilla painokoneilla erikokoisille suurille paperiarkeille. Kun suurten arkkien painatus on valmis, siirryt\u00e4\u00e4n sidontavaiheeseen. Painatuksessa on monia yksityiskohtia, joihin on kiinnitett\u00e4v\u00e4 huomiota.","breadcrumb":{"@id":"https:\/\/leatai.com\/fi\/product\/muu-valmistus\/painatusalihankinta\/#breadcrumb"},"inLanguage":"fi","potentialAction":[{"@type":"ReadAction","target":["https:\/\/leatai.com\/fi\/product\/muu-valmistus\/painatusalihankinta\/"]}]},{"@type":"ImageObject","inLanguage":"fi","@id":"https:\/\/leatai.com\/fi\/product\/muu-valmistus\/painatusalihankinta\/#primaryimage","url":"https:\/\/leatai.com\/wp-content\/uploads\/2016_01_20_1512120.jpg","contentUrl":"https:\/\/leatai.com\/wp-content\/uploads\/2016_01_20_1512120.jpg","width":1000,"height":668,"caption":"Painatusalihankinta"},{"@type":"BreadcrumbList","@id":"https:\/\/leatai.com\/fi\/product\/muu-valmistus\/painatusalihankinta\/#breadcrumb","itemListElement":[{"@type":"ListItem","position":1,"name":"Home","item":"https:\/\/leatai.com\/fi\/"},{"@type":"ListItem","position":2,"name":"Tuote-esittely","item":"https:\/\/leatai.com\/products\/"},{"@type":"ListItem","position":3,"name":"Muu valmistus","item":"https:\/\/leatai.com\/fi\/tuote-osasto\/muu-valmistus\/"},{"@type":"ListItem","position":4,"name":"Painatusalihankinta"}]},{"@type":"WebSite","@id":"https:\/\/leatai.com\/fi\/#website","url":"https:\/\/leatai.com\/fi\/","name":"Leatai \u2013 R\u00e4\u00e4t\u00e4l\u00f6ityjen muistikirjojen valmistaja","description":"Leatai tarjoaa r\u00e4\u00e4t\u00e4l\u00f6ityj\u00e4 muistikirjoja ja suunnittelijoita br\u00e4ndeille ja j\u00e4lleenmyyjille maailmanlaajuisesti.","publisher":{"@id":"https:\/\/leatai.com\/fi\/#organization"},"potentialAction":[{"@type":"SearchAction","target":{"@type":"EntryPoint","urlTemplate":"https:\/\/leatai.com\/fi\/?s={search_term_string}"},"query-input":{"@type":"PropertyValueSpecification","valueRequired":true,"valueName":"search_term_string"}}],"inLanguage":"fi"},{"@type":"Organization","@id":"https:\/\/leatai.com\/fi\/#organization","name":"Leatai Diary, customized journal and business organizer","url":"https:\/\/leatai.com\/fi\/","logo":{"@type":"ImageObject","inLanguage":"fi","@id":"https:\/\/leatai.com\/fi\/#\/schema\/logo\/image\/","url":"https:\/\/leatai.com\/wp-content\/uploads\/logo-blue.png","contentUrl":"https:\/\/leatai.com\/wp-content\/uploads\/logo-blue.png","width":230,"height":60,"caption":"Leatai Diary, customized journal and business organizer"},"image":{"@id":"https:\/\/leatai.com\/fi\/#\/schema\/logo\/image\/"},"telephone":"+886-2-8227-8800","legalName":"Leatai Stationary Co., Ltd.","description":"A leading notebook factory in Taiwan offering bespoke branding, high-quality binding, and premium paper selections for corporate gifts and stationery wholesale.","address":{"@type":"PostalAddress","streetAddress":"11F., No. 168, Jiankang Rd.","addressLocality":"Zhonghe Dist.","addressRegion":"New Taipei City","postalCode":"235","addressCountry":"TW"},"contactPoint":{"@type":"ContactPoint","telephone":"+886-2-8227-8800","contactType":"sales","areaServed":"Worldwide","availableLanguage":["zh-TW","en"]}}]}},"_links":{"self":[{"href":"https:\/\/leatai.com\/fi\/wp-json\/wp\/v2\/product\/249306","targetHints":{"allow":["GET"]}}],"collection":[{"href":"https:\/\/leatai.com\/fi\/wp-json\/wp\/v2\/product"}],"about":[{"href":"https:\/\/leatai.com\/fi\/wp-json\/wp\/v2\/types\/product"}],"wp:featuredmedia":[{"embeddable":true,"href":"https:\/\/leatai.com\/fi\/wp-json\/wp\/v2\/media\/249307"}],"wp:attachment":[{"href":"https:\/\/leatai.com\/fi\/wp-json\/wp\/v2\/media?parent=249306"}],"wp:term":[{"taxonomy":"product_brand","embeddable":true,"href":"https:\/\/leatai.com\/fi\/wp-json\/wp\/v2\/product_brand?post=249306"},{"taxonomy":"product_cat","embeddable":true,"href":"https:\/\/leatai.com\/fi\/wp-json\/wp\/v2\/product_cat?post=249306"},{"taxonomy":"product_tag","embeddable":true,"href":"https:\/\/leatai.com\/fi\/wp-json\/wp\/v2\/product_tag?post=249306"},{"taxonomy":"home_works","embeddable":true,"href":"https:\/\/leatai.com\/fi\/wp-json\/wp\/v2\/home_works?post=249306"}],"curies":[{"name":"wp","href":"https:\/\/api.w.org\/{rel}","templated":true}]}}