{"id":249278,"date":"2021-06-24T13:22:22","date_gmt":"2021-06-24T05:22:22","guid":{"rendered":"https:\/\/leatai.com\/product\/Ei-luokiteltu\/ompelukoneompelun-alihankinta\/"},"modified":"2025-12-22T14:07:33","modified_gmt":"2025-12-22T06:07:33","slug":"ompelukoneompelun-alihankinta","status":"publish","type":"product","link":"https:\/\/leatai.com\/fi\/product\/muu-valmistus\/ompelukoneompelun-alihankinta\/","title":{"rendered":"ompelukoneompelun alihankinta"},"content":{"rendered":"<p>Alihankintakohteet: ompelukoneompelu<br \/>\nSis\u00e4ll\u00f6n kuvaus: yritysp\u00e4iv\u00e4kirjojen valmistusprosessissa ompelukoneompelu on vaihe, joka j\u00e4\u00e4 helposti huomiotta ja jonka useimmat valmistajat ulkoistavat. Leatailla on paksuille materiaaleille soveltuvat ompelukonelaitteet, joiden ansiosta aidosta nahasta valmistettavat tuotteet voidaan toteuttaa kaavoituksesta ja materiaalin leikkauksesta ompeluun asti yhden palvelun kokonaisuutena.<\/p>\n<p><iframe title=\"Advanced Sewing Techniques\" width=\"800\" height=\"450\" src=\"https:\/\/www.youtube.com\/embed\/xzuFF4DMpJg?feature=oembed&#038;enablejsapi=1&#038;origin=https:\/\/leatai.com\" frameborder=\"0\" allow=\"accelerometer; autoplay; clipboard-write; encrypted-media; gyroscope; picture-in-picture; web-share\" referrerpolicy=\"strict-origin-when-cross-origin\" allowfullscreen><\/iframe><\/p>\n","protected":false},"excerpt":{"rendered":"<p>Alihankintakohteet: ompelukoneompelu Sis\u00e4ll\u00f6n kuvaus: yritysp\u00e4iv\u00e4kirjojen valmistusprosessissa ompelukoneompelu on vaihe, joka j\u00e4\u00e4 helposti huomiotta ja jonka useimmat valmistajat ulkoistavat. Leatailla on paksuille materiaaleille soveltuvat ompelukonelaitteet, joiden ansiosta aidosta nahasta valmistettavat tuotteet voidaan toteuttaa kaavoituksesta ja materiaalin leikkauksesta ompeluun asti yhden palvelun kokonaisuutena.<\/p>\n","protected":false},"featured_media":249279,"template":"","meta":{"_acf_changed":false},"product_brand":[],"product_cat":[1152],"product_tag":[],"home_works":[],"class_list":{"0":"post-249278","1":"product","2":"type-product","3":"status-publish","4":"has-post-thumbnail","6":"product_cat-muu-valmistus","8":"first","9":"outofstock","10":"sold-individually","11":"shipping-taxable","12":"purchasable","13":"product-type-variable","14":"has-default-attributes"},"acf":[],"yoast_head":"<!-- This site is optimized with the Yoast SEO plugin v27.2 - https:\/\/yoast.com\/product\/yoast-seo-wordpress\/ -->\n<title>ompelukoneompelun alihankinta - aidon nahan paksut materiaalit eiv\u00e4t ole ongelma - Leatai \u2013 R\u00e4\u00e4t\u00e4l\u00f6ityjen muistikirjojen valmistaja<\/title>\n<meta name=\"description\" content=\"Alihankintakohteet: ompelukoneompelu Sis\u00e4ll\u00f6n kuvaus: yritysp\u00e4iv\u00e4kirjojen valmistusprosessissa ompelukoneompelu on helposti sivuutettava vaihe, ja useimmat valmistajat ulkoistavat sen. Leatailla on ompelukonelaitteet, joilla voidaan ommella paksuja materiaaleja, ja aidosta nahasta valmistettavat tuotteet voidaan toteuttaa kaavoituksesta ja materiaalin leikkauksesta aina ompeluun asti yhden luukun palveluna.\" \/>\n<meta name=\"robots\" content=\"index, follow, max-snippet:-1, max-image-preview:large, max-video-preview:-1\" \/>\n<link rel=\"canonical\" href=\"https:\/\/leatai.com\/fi\/product\/muu-valmistus\/ompelukoneompelun-alihankinta\/\" \/>\n<meta property=\"og:locale\" content=\"fi_FI\" \/>\n<meta property=\"og:type\" content=\"article\" \/>\n<meta property=\"og:title\" content=\"ompelukoneompelun alihankinta - aidon nahan paksut materiaalit eiv\u00e4t ole ongelma - Leatai \u2013 R\u00e4\u00e4t\u00e4l\u00f6ityjen muistikirjojen valmistaja\" \/>\n<meta property=\"og:description\" content=\"Alihankintakohteet: ompelukoneompelu Sis\u00e4ll\u00f6n kuvaus: yritysp\u00e4iv\u00e4kirjojen valmistusprosessissa ompelukoneompelu on helposti sivuutettava vaihe, ja useimmat valmistajat ulkoistavat sen. Leatailla on ompelukonelaitteet, joilla voidaan ommella paksuja materiaaleja, ja aidosta nahasta valmistettavat tuotteet voidaan toteuttaa kaavoituksesta ja materiaalin leikkauksesta aina ompeluun asti yhden luukun palveluna.\" \/>\n<meta property=\"og:url\" content=\"https:\/\/leatai.com\/fi\/product\/muu-valmistus\/ompelukoneompelun-alihankinta\/\" \/>\n<meta property=\"og:site_name\" content=\"Leatai \u2013 R\u00e4\u00e4t\u00e4l\u00f6ityjen muistikirjojen valmistaja\" \/>\n<meta property=\"article:modified_time\" content=\"2025-12-22T06:07:33+00:00\" \/>\n<meta property=\"og:image\" content=\"https:\/\/leatai.com\/wp-content\/uploads\/2016_01_20_1501290.jpg\" \/>\n\t<meta property=\"og:image:width\" content=\"1000\" \/>\n\t<meta property=\"og:image:height\" content=\"750\" \/>\n\t<meta property=\"og:image:type\" content=\"image\/jpeg\" \/>\n<meta name=\"twitter:card\" content=\"summary_large_image\" \/>\n<meta name=\"twitter:label1\" content=\"Arvioitu lukuaika\" \/>\n\t<meta name=\"twitter:data1\" content=\"1 minuutti\" \/>\n<script type=\"application\/ld+json\" class=\"yoast-schema-graph\">{\"@context\":\"https:\/\/schema.org\",\"@graph\":[{\"@type\":\"WebPage\",\"@id\":\"https:\/\/leatai.com\/fi\/product\/muu-valmistus\/ompelukoneompelun-alihankinta\/\",\"url\":\"https:\/\/leatai.com\/fi\/product\/muu-valmistus\/ompelukoneompelun-alihankinta\/\",\"name\":\"ompelukoneompelun alihankinta - aidon nahan paksut materiaalit eiv\u00e4t ole ongelma - Leatai \u2013 R\u00e4\u00e4t\u00e4l\u00f6ityjen muistikirjojen valmistaja\",\"isPartOf\":{\"@id\":\"https:\/\/leatai.com\/fi\/#website\"},\"primaryImageOfPage\":{\"@id\":\"https:\/\/leatai.com\/fi\/product\/muu-valmistus\/ompelukoneompelun-alihankinta\/#primaryimage\"},\"image\":{\"@id\":\"https:\/\/leatai.com\/fi\/product\/muu-valmistus\/ompelukoneompelun-alihankinta\/#primaryimage\"},\"thumbnailUrl\":\"https:\/\/leatai.com\/wp-content\/uploads\/2016_01_20_1501290.jpg\",\"datePublished\":\"2021-06-24T05:22:22+00:00\",\"dateModified\":\"2025-12-22T06:07:33+00:00\",\"description\":\"Alihankintakohteet: ompelukoneompelu Sis\u00e4ll\u00f6n kuvaus: yritysp\u00e4iv\u00e4kirjojen valmistusprosessissa ompelukoneompelu on helposti sivuutettava vaihe, ja useimmat valmistajat ulkoistavat sen. Leatailla on ompelukonelaitteet, joilla voidaan ommella paksuja materiaaleja, ja aidosta nahasta valmistettavat tuotteet voidaan toteuttaa kaavoituksesta ja materiaalin leikkauksesta aina ompeluun asti yhden luukun palveluna.\",\"breadcrumb\":{\"@id\":\"https:\/\/leatai.com\/fi\/product\/muu-valmistus\/ompelukoneompelun-alihankinta\/#breadcrumb\"},\"inLanguage\":\"fi\",\"potentialAction\":[{\"@type\":\"ReadAction\",\"target\":[\"https:\/\/leatai.com\/fi\/product\/muu-valmistus\/ompelukoneompelun-alihankinta\/\"]}]},{\"@type\":\"ImageObject\",\"inLanguage\":\"fi\",\"@id\":\"https:\/\/leatai.com\/fi\/product\/muu-valmistus\/ompelukoneompelun-alihankinta\/#primaryimage\",\"url\":\"https:\/\/leatai.com\/wp-content\/uploads\/2016_01_20_1501290.jpg\",\"contentUrl\":\"https:\/\/leatai.com\/wp-content\/uploads\/2016_01_20_1501290.jpg\",\"width\":1000,\"height\":750,\"caption\":\"ompelukoneompelun alihankinta\"},{\"@type\":\"BreadcrumbList\",\"@id\":\"https:\/\/leatai.com\/fi\/product\/muu-valmistus\/ompelukoneompelun-alihankinta\/#breadcrumb\",\"itemListElement\":[{\"@type\":\"ListItem\",\"position\":1,\"name\":\"Home\",\"item\":\"https:\/\/leatai.com\/fi\/\"},{\"@type\":\"ListItem\",\"position\":2,\"name\":\"Tuote-esittely\",\"item\":\"https:\/\/leatai.com\/products\/\"},{\"@type\":\"ListItem\",\"position\":3,\"name\":\"Muu valmistus\",\"item\":\"https:\/\/leatai.com\/fi\/tuote-osasto\/muu-valmistus\/\"},{\"@type\":\"ListItem\",\"position\":4,\"name\":\"ompelukoneompelun alihankinta\"}]},{\"@type\":\"WebSite\",\"@id\":\"https:\/\/leatai.com\/fi\/#website\",\"url\":\"https:\/\/leatai.com\/fi\/\",\"name\":\"Leatai \u2013 R\u00e4\u00e4t\u00e4l\u00f6ityjen muistikirjojen valmistaja\",\"description\":\"Leatai tarjoaa r\u00e4\u00e4t\u00e4l\u00f6ityj\u00e4 muistikirjoja ja suunnittelijoita br\u00e4ndeille ja j\u00e4lleenmyyjille maailmanlaajuisesti.\",\"publisher\":{\"@id\":\"https:\/\/leatai.com\/fi\/#organization\"},\"potentialAction\":[{\"@type\":\"SearchAction\",\"target\":{\"@type\":\"EntryPoint\",\"urlTemplate\":\"https:\/\/leatai.com\/fi\/?s={search_term_string}\"},\"query-input\":{\"@type\":\"PropertyValueSpecification\",\"valueRequired\":true,\"valueName\":\"search_term_string\"}}],\"inLanguage\":\"fi\"},{\"@type\":\"Organization\",\"@id\":\"https:\/\/leatai.com\/fi\/#organization\",\"name\":\"Leatai Diary, customized journal and business organizer\",\"url\":\"https:\/\/leatai.com\/fi\/\",\"logo\":{\"@type\":\"ImageObject\",\"inLanguage\":\"fi\",\"@id\":\"https:\/\/leatai.com\/fi\/#\/schema\/logo\/image\/\",\"url\":\"https:\/\/leatai.com\/wp-content\/uploads\/logo-blue.png\",\"contentUrl\":\"https:\/\/leatai.com\/wp-content\/uploads\/logo-blue.png\",\"width\":230,\"height\":60,\"caption\":\"Leatai Diary, customized journal and business organizer\"},\"image\":{\"@id\":\"https:\/\/leatai.com\/fi\/#\/schema\/logo\/image\/\"}}]}<\/script>\n<!-- \/ Yoast SEO plugin. -->","yoast_head_json":{"title":"ompelukoneompelun alihankinta - aidon nahan paksut materiaalit eiv\u00e4t ole ongelma - Leatai \u2013 R\u00e4\u00e4t\u00e4l\u00f6ityjen muistikirjojen valmistaja","description":"Alihankintakohteet: ompelukoneompelu Sis\u00e4ll\u00f6n kuvaus: yritysp\u00e4iv\u00e4kirjojen valmistusprosessissa ompelukoneompelu on helposti sivuutettava vaihe, ja useimmat valmistajat ulkoistavat sen. Leatailla on ompelukonelaitteet, joilla voidaan ommella paksuja materiaaleja, ja aidosta nahasta valmistettavat tuotteet voidaan toteuttaa kaavoituksesta ja materiaalin leikkauksesta aina ompeluun asti yhden luukun palveluna.","robots":{"index":"index","follow":"follow","max-snippet":"max-snippet:-1","max-image-preview":"max-image-preview:large","max-video-preview":"max-video-preview:-1"},"canonical":"https:\/\/leatai.com\/fi\/product\/muu-valmistus\/ompelukoneompelun-alihankinta\/","og_locale":"fi_FI","og_type":"article","og_title":"ompelukoneompelun alihankinta - aidon nahan paksut materiaalit eiv\u00e4t ole ongelma - Leatai \u2013 R\u00e4\u00e4t\u00e4l\u00f6ityjen muistikirjojen valmistaja","og_description":"Alihankintakohteet: ompelukoneompelu Sis\u00e4ll\u00f6n kuvaus: yritysp\u00e4iv\u00e4kirjojen valmistusprosessissa ompelukoneompelu on helposti sivuutettava vaihe, ja useimmat valmistajat ulkoistavat sen. Leatailla on ompelukonelaitteet, joilla voidaan ommella paksuja materiaaleja, ja aidosta nahasta valmistettavat tuotteet voidaan toteuttaa kaavoituksesta ja materiaalin leikkauksesta aina ompeluun asti yhden luukun palveluna.","og_url":"https:\/\/leatai.com\/fi\/product\/muu-valmistus\/ompelukoneompelun-alihankinta\/","og_site_name":"Leatai \u2013 R\u00e4\u00e4t\u00e4l\u00f6ityjen muistikirjojen valmistaja","article_modified_time":"2025-12-22T06:07:33+00:00","og_image":[{"width":1000,"height":750,"url":"https:\/\/leatai.com\/wp-content\/uploads\/2016_01_20_1501290.jpg","type":"image\/jpeg"}],"twitter_card":"summary_large_image","twitter_misc":{"Arvioitu lukuaika":"1 minuutti"},"schema":{"@context":"https:\/\/schema.org","@graph":[{"@type":"WebPage","@id":"https:\/\/leatai.com\/fi\/product\/muu-valmistus\/ompelukoneompelun-alihankinta\/","url":"https:\/\/leatai.com\/fi\/product\/muu-valmistus\/ompelukoneompelun-alihankinta\/","name":"ompelukoneompelun alihankinta - aidon nahan paksut materiaalit eiv\u00e4t ole ongelma - Leatai \u2013 R\u00e4\u00e4t\u00e4l\u00f6ityjen muistikirjojen valmistaja","isPartOf":{"@id":"https:\/\/leatai.com\/fi\/#website"},"primaryImageOfPage":{"@id":"https:\/\/leatai.com\/fi\/product\/muu-valmistus\/ompelukoneompelun-alihankinta\/#primaryimage"},"image":{"@id":"https:\/\/leatai.com\/fi\/product\/muu-valmistus\/ompelukoneompelun-alihankinta\/#primaryimage"},"thumbnailUrl":"https:\/\/leatai.com\/wp-content\/uploads\/2016_01_20_1501290.jpg","datePublished":"2021-06-24T05:22:22+00:00","dateModified":"2025-12-22T06:07:33+00:00","description":"Alihankintakohteet: ompelukoneompelu Sis\u00e4ll\u00f6n kuvaus: yritysp\u00e4iv\u00e4kirjojen valmistusprosessissa ompelukoneompelu on helposti sivuutettava vaihe, ja useimmat valmistajat ulkoistavat sen. Leatailla on ompelukonelaitteet, joilla voidaan ommella paksuja materiaaleja, ja aidosta nahasta valmistettavat tuotteet voidaan toteuttaa kaavoituksesta ja materiaalin leikkauksesta aina ompeluun asti yhden luukun palveluna.","breadcrumb":{"@id":"https:\/\/leatai.com\/fi\/product\/muu-valmistus\/ompelukoneompelun-alihankinta\/#breadcrumb"},"inLanguage":"fi","potentialAction":[{"@type":"ReadAction","target":["https:\/\/leatai.com\/fi\/product\/muu-valmistus\/ompelukoneompelun-alihankinta\/"]}]},{"@type":"ImageObject","inLanguage":"fi","@id":"https:\/\/leatai.com\/fi\/product\/muu-valmistus\/ompelukoneompelun-alihankinta\/#primaryimage","url":"https:\/\/leatai.com\/wp-content\/uploads\/2016_01_20_1501290.jpg","contentUrl":"https:\/\/leatai.com\/wp-content\/uploads\/2016_01_20_1501290.jpg","width":1000,"height":750,"caption":"ompelukoneompelun alihankinta"},{"@type":"BreadcrumbList","@id":"https:\/\/leatai.com\/fi\/product\/muu-valmistus\/ompelukoneompelun-alihankinta\/#breadcrumb","itemListElement":[{"@type":"ListItem","position":1,"name":"Home","item":"https:\/\/leatai.com\/fi\/"},{"@type":"ListItem","position":2,"name":"Tuote-esittely","item":"https:\/\/leatai.com\/products\/"},{"@type":"ListItem","position":3,"name":"Muu valmistus","item":"https:\/\/leatai.com\/fi\/tuote-osasto\/muu-valmistus\/"},{"@type":"ListItem","position":4,"name":"ompelukoneompelun alihankinta"}]},{"@type":"WebSite","@id":"https:\/\/leatai.com\/fi\/#website","url":"https:\/\/leatai.com\/fi\/","name":"Leatai \u2013 R\u00e4\u00e4t\u00e4l\u00f6ityjen muistikirjojen valmistaja","description":"Leatai tarjoaa r\u00e4\u00e4t\u00e4l\u00f6ityj\u00e4 muistikirjoja ja suunnittelijoita br\u00e4ndeille ja j\u00e4lleenmyyjille maailmanlaajuisesti.","publisher":{"@id":"https:\/\/leatai.com\/fi\/#organization"},"potentialAction":[{"@type":"SearchAction","target":{"@type":"EntryPoint","urlTemplate":"https:\/\/leatai.com\/fi\/?s={search_term_string}"},"query-input":{"@type":"PropertyValueSpecification","valueRequired":true,"valueName":"search_term_string"}}],"inLanguage":"fi"},{"@type":"Organization","@id":"https:\/\/leatai.com\/fi\/#organization","name":"Leatai Diary, customized journal and business organizer","url":"https:\/\/leatai.com\/fi\/","logo":{"@type":"ImageObject","inLanguage":"fi","@id":"https:\/\/leatai.com\/fi\/#\/schema\/logo\/image\/","url":"https:\/\/leatai.com\/wp-content\/uploads\/logo-blue.png","contentUrl":"https:\/\/leatai.com\/wp-content\/uploads\/logo-blue.png","width":230,"height":60,"caption":"Leatai Diary, customized journal and business organizer"},"image":{"@id":"https:\/\/leatai.com\/fi\/#\/schema\/logo\/image\/"}}]}},"_links":{"self":[{"href":"https:\/\/leatai.com\/fi\/wp-json\/wp\/v2\/product\/249278","targetHints":{"allow":["GET"]}}],"collection":[{"href":"https:\/\/leatai.com\/fi\/wp-json\/wp\/v2\/product"}],"about":[{"href":"https:\/\/leatai.com\/fi\/wp-json\/wp\/v2\/types\/product"}],"wp:featuredmedia":[{"embeddable":true,"href":"https:\/\/leatai.com\/fi\/wp-json\/wp\/v2\/media\/249279"}],"wp:attachment":[{"href":"https:\/\/leatai.com\/fi\/wp-json\/wp\/v2\/media?parent=249278"}],"wp:term":[{"taxonomy":"product_brand","embeddable":true,"href":"https:\/\/leatai.com\/fi\/wp-json\/wp\/v2\/product_brand?post=249278"},{"taxonomy":"product_cat","embeddable":true,"href":"https:\/\/leatai.com\/fi\/wp-json\/wp\/v2\/product_cat?post=249278"},{"taxonomy":"product_tag","embeddable":true,"href":"https:\/\/leatai.com\/fi\/wp-json\/wp\/v2\/product_tag?post=249278"},{"taxonomy":"home_works","embeddable":true,"href":"https:\/\/leatai.com\/fi\/wp-json\/wp\/v2\/home_works?post=249278"}],"curies":[{"name":"wp","href":"https:\/\/api.w.org\/{rel}","templated":true}]}}