{"id":249271,"date":"2021-06-24T13:22:22","date_gmt":"2021-06-24T05:22:22","guid":{"rendered":"https:\/\/leatai.com\/product\/Ei-luokiteltu\/leikkaus-ja-stanssaus-alihankinta\/"},"modified":"2025-12-22T14:06:28","modified_gmt":"2025-12-22T06:06:28","slug":"leikkaus-ja-stanssaus-alihankinta","status":"publish","type":"product","link":"https:\/\/leatai.com\/fi\/product\/muu-valmistus\/leikkaus-ja-stanssaus-alihankinta\/","title":{"rendered":"leikkaus- ja stanssaus-alihankinta"},"content":{"rendered":"<p>Alihankintakohteet: leikkaus, stanssaus<br \/>\nSis\u00e4ll\u00f6n kuvaus: leikkaus ja stanssaus ovat perinteisess\u00e4 valmistuksessa yh\u00e4 harvinaisempia, ja siksi niist\u00e4 on tullut entist\u00e4 t\u00e4rke\u00e4mpi\u00e4, erityisesti paksujen materiaalien ty\u00f6st\u00f6ss\u00e4, jossa ne ovat v\u00e4ltt\u00e4m\u00e4tt\u00f6mi\u00e4. Leatai on varustettu materiaalin avaus- ja leikkauslaitteilla, ja koko nahkarullan leikkaus sek\u00e4 stanssaus voidaan toteuttaa yhdell\u00e4 kertaa yhten\u00e4 kokonaispalveluna.<\/p>\n<p><iframe title=\"Cutting and Die-Cutting\" width=\"800\" height=\"450\" src=\"https:\/\/www.youtube.com\/embed\/4gTuYQcU6bU?feature=oembed&#038;enablejsapi=1&#038;origin=https:\/\/leatai.com\" frameborder=\"0\" allow=\"accelerometer; autoplay; clipboard-write; encrypted-media; gyroscope; picture-in-picture; web-share\" referrerpolicy=\"strict-origin-when-cross-origin\" allowfullscreen><\/iframe><\/p>\n<p>&nbsp;<\/p>\n","protected":false},"excerpt":{"rendered":"<p>Alihankintakohteet: leikkaus, stanssaus Sis\u00e4ll\u00f6n kuvaus: leikkaus ja stanssaus ovat perinteisess\u00e4 valmistuksessa yh\u00e4 harvinaisempia, ja siksi niist\u00e4 on tullut entist\u00e4 t\u00e4rke\u00e4mpi\u00e4, erityisesti paksujen materiaalien ty\u00f6st\u00f6ss\u00e4, jossa ne ovat v\u00e4ltt\u00e4m\u00e4tt\u00f6mi\u00e4. Leatai on varustettu materiaalin avaus- ja leikkauslaitteilla, ja koko nahkarullan leikkaus sek\u00e4 stanssaus voidaan toteuttaa yhdell\u00e4 kertaa yhten\u00e4 kokonaispalveluna. &nbsp;<\/p>\n","protected":false},"featured_media":249272,"template":"","meta":{"_acf_changed":false},"product_brand":[],"product_cat":[1152],"product_tag":[],"home_works":[],"class_list":{"0":"post-249271","1":"product","2":"type-product","3":"status-publish","4":"has-post-thumbnail","6":"product_cat-muu-valmistus","8":"first","9":"instock","10":"sold-individually","11":"shipping-taxable","12":"purchasable","13":"product-type-variable","14":"has-default-attributes"},"acf":[],"yoast_head":"<!-- This site is optimized with the Yoast SEO plugin v27.2 - https:\/\/yoast.com\/product\/yoast-seo-wordpress\/ -->\n<title>leikkaus- ja stanssaus-alihankinta - voimme valmistaa my\u00f6s stanssimuotit puolestasi ja suorittaa sek\u00e4 paksujen ett\u00e4 ohuiden materiaalien stanssauksen - Leatai \u2013 R\u00e4\u00e4t\u00e4l\u00f6ityjen muistikirjojen valmistaja<\/title>\n<meta name=\"description\" content=\"Alihankintakohteet: leikkaus, stanssaus Sis\u00e4ll\u00f6n kuvaus: leikkaus ja stanssaus ovat perinteisess\u00e4 valmistuksessa yh\u00e4 harvinaisempia, ja siksi niiden merkitys kasvaa jatkuvasti. Erityisesti paksujen materiaalien ty\u00f6st\u00f6ss\u00e4 ne ovat v\u00e4ltt\u00e4m\u00e4tt\u00f6mi\u00e4. Leatailla on materiaalin avaamiseen tarkoitetut laitteet, joiden avulla kokonaiset nahkarullat voidaan leikata ja stanssata yhdell\u00e4 kertaa yhden palveluketjun puitteissa.\" \/>\n<meta name=\"robots\" content=\"index, follow, max-snippet:-1, max-image-preview:large, max-video-preview:-1\" \/>\n<link rel=\"canonical\" href=\"https:\/\/leatai.com\/fi\/product\/muu-valmistus\/leikkaus-ja-stanssaus-alihankinta\/\" \/>\n<meta property=\"og:locale\" content=\"fi_FI\" \/>\n<meta property=\"og:type\" content=\"article\" \/>\n<meta property=\"og:title\" content=\"leikkaus- ja stanssaus-alihankinta - voimme valmistaa my\u00f6s stanssimuotit puolestasi ja suorittaa sek\u00e4 paksujen ett\u00e4 ohuiden materiaalien stanssauksen - Leatai \u2013 R\u00e4\u00e4t\u00e4l\u00f6ityjen muistikirjojen valmistaja\" \/>\n<meta property=\"og:description\" content=\"Alihankintakohteet: leikkaus, stanssaus Sis\u00e4ll\u00f6n kuvaus: leikkaus ja stanssaus ovat perinteisess\u00e4 valmistuksessa yh\u00e4 harvinaisempia, ja siksi niiden merkitys kasvaa jatkuvasti. Erityisesti paksujen materiaalien ty\u00f6st\u00f6ss\u00e4 ne ovat v\u00e4ltt\u00e4m\u00e4tt\u00f6mi\u00e4. Leatailla on materiaalin avaamiseen tarkoitetut laitteet, joiden avulla kokonaiset nahkarullat voidaan leikata ja stanssata yhdell\u00e4 kertaa yhden palveluketjun puitteissa.\" \/>\n<meta property=\"og:url\" content=\"https:\/\/leatai.com\/fi\/product\/muu-valmistus\/leikkaus-ja-stanssaus-alihankinta\/\" \/>\n<meta property=\"og:site_name\" content=\"Leatai \u2013 R\u00e4\u00e4t\u00e4l\u00f6ityjen muistikirjojen valmistaja\" \/>\n<meta property=\"article:modified_time\" content=\"2025-12-22T06:06:28+00:00\" \/>\n<meta property=\"og:image\" content=\"https:\/\/leatai.com\/wp-content\/uploads\/2016_01_20_1504420.jpg\" \/>\n\t<meta property=\"og:image:width\" content=\"1000\" \/>\n\t<meta property=\"og:image:height\" content=\"750\" \/>\n\t<meta property=\"og:image:type\" content=\"image\/jpeg\" \/>\n<meta name=\"twitter:card\" content=\"summary_large_image\" \/>\n<meta name=\"twitter:label1\" content=\"Arvioitu lukuaika\" \/>\n\t<meta name=\"twitter:data1\" content=\"1 minuutti\" \/>\n<script type=\"application\/ld+json\" class=\"yoast-schema-graph\">{\"@context\":\"https:\/\/schema.org\",\"@graph\":[{\"@type\":\"WebPage\",\"@id\":\"https:\/\/leatai.com\/fi\/product\/muu-valmistus\/leikkaus-ja-stanssaus-alihankinta\/\",\"url\":\"https:\/\/leatai.com\/fi\/product\/muu-valmistus\/leikkaus-ja-stanssaus-alihankinta\/\",\"name\":\"leikkaus- ja stanssaus-alihankinta - voimme valmistaa my\u00f6s stanssimuotit puolestasi ja suorittaa sek\u00e4 paksujen ett\u00e4 ohuiden materiaalien stanssauksen - Leatai \u2013 R\u00e4\u00e4t\u00e4l\u00f6ityjen muistikirjojen valmistaja\",\"isPartOf\":{\"@id\":\"https:\/\/leatai.com\/fi\/#website\"},\"primaryImageOfPage\":{\"@id\":\"https:\/\/leatai.com\/fi\/product\/muu-valmistus\/leikkaus-ja-stanssaus-alihankinta\/#primaryimage\"},\"image\":{\"@id\":\"https:\/\/leatai.com\/fi\/product\/muu-valmistus\/leikkaus-ja-stanssaus-alihankinta\/#primaryimage\"},\"thumbnailUrl\":\"https:\/\/leatai.com\/wp-content\/uploads\/2016_01_20_1504420.jpg\",\"datePublished\":\"2021-06-24T05:22:22+00:00\",\"dateModified\":\"2025-12-22T06:06:28+00:00\",\"description\":\"Alihankintakohteet: leikkaus, stanssaus Sis\u00e4ll\u00f6n kuvaus: leikkaus ja stanssaus ovat perinteisess\u00e4 valmistuksessa yh\u00e4 harvinaisempia, ja siksi niiden merkitys kasvaa jatkuvasti. Erityisesti paksujen materiaalien ty\u00f6st\u00f6ss\u00e4 ne ovat v\u00e4ltt\u00e4m\u00e4tt\u00f6mi\u00e4. Leatailla on materiaalin avaamiseen tarkoitetut laitteet, joiden avulla kokonaiset nahkarullat voidaan leikata ja stanssata yhdell\u00e4 kertaa yhden palveluketjun puitteissa.\",\"breadcrumb\":{\"@id\":\"https:\/\/leatai.com\/fi\/product\/muu-valmistus\/leikkaus-ja-stanssaus-alihankinta\/#breadcrumb\"},\"inLanguage\":\"fi\",\"potentialAction\":[{\"@type\":\"ReadAction\",\"target\":[\"https:\/\/leatai.com\/fi\/product\/muu-valmistus\/leikkaus-ja-stanssaus-alihankinta\/\"]}]},{\"@type\":\"ImageObject\",\"inLanguage\":\"fi\",\"@id\":\"https:\/\/leatai.com\/fi\/product\/muu-valmistus\/leikkaus-ja-stanssaus-alihankinta\/#primaryimage\",\"url\":\"https:\/\/leatai.com\/wp-content\/uploads\/2016_01_20_1504420.jpg\",\"contentUrl\":\"https:\/\/leatai.com\/wp-content\/uploads\/2016_01_20_1504420.jpg\",\"width\":1000,\"height\":750,\"caption\":\"leikkaus- ja stanssaus-alihankinta\"},{\"@type\":\"BreadcrumbList\",\"@id\":\"https:\/\/leatai.com\/fi\/product\/muu-valmistus\/leikkaus-ja-stanssaus-alihankinta\/#breadcrumb\",\"itemListElement\":[{\"@type\":\"ListItem\",\"position\":1,\"name\":\"Home\",\"item\":\"https:\/\/leatai.com\/fi\/\"},{\"@type\":\"ListItem\",\"position\":2,\"name\":\"Tuote-esittely\",\"item\":\"https:\/\/leatai.com\/products\/\"},{\"@type\":\"ListItem\",\"position\":3,\"name\":\"Muu valmistus\",\"item\":\"https:\/\/leatai.com\/fi\/tuote-osasto\/muu-valmistus\/\"},{\"@type\":\"ListItem\",\"position\":4,\"name\":\"leikkaus- ja stanssaus-alihankinta\"}]},{\"@type\":\"WebSite\",\"@id\":\"https:\/\/leatai.com\/fi\/#website\",\"url\":\"https:\/\/leatai.com\/fi\/\",\"name\":\"Leatai \u2013 R\u00e4\u00e4t\u00e4l\u00f6ityjen muistikirjojen valmistaja\",\"description\":\"Leatai tarjoaa r\u00e4\u00e4t\u00e4l\u00f6ityj\u00e4 muistikirjoja ja suunnittelijoita br\u00e4ndeille ja j\u00e4lleenmyyjille maailmanlaajuisesti.\",\"publisher\":{\"@id\":\"https:\/\/leatai.com\/fi\/#organization\"},\"potentialAction\":[{\"@type\":\"SearchAction\",\"target\":{\"@type\":\"EntryPoint\",\"urlTemplate\":\"https:\/\/leatai.com\/fi\/?s={search_term_string}\"},\"query-input\":{\"@type\":\"PropertyValueSpecification\",\"valueRequired\":true,\"valueName\":\"search_term_string\"}}],\"inLanguage\":\"fi\"},{\"@type\":\"Organization\",\"@id\":\"https:\/\/leatai.com\/fi\/#organization\",\"name\":\"Leatai Diary, customized journal and business organizer\",\"url\":\"https:\/\/leatai.com\/fi\/\",\"logo\":{\"@type\":\"ImageObject\",\"inLanguage\":\"fi\",\"@id\":\"https:\/\/leatai.com\/fi\/#\/schema\/logo\/image\/\",\"url\":\"https:\/\/leatai.com\/wp-content\/uploads\/logo-blue.png\",\"contentUrl\":\"https:\/\/leatai.com\/wp-content\/uploads\/logo-blue.png\",\"width\":230,\"height\":60,\"caption\":\"Leatai Diary, customized journal and business organizer\"},\"image\":{\"@id\":\"https:\/\/leatai.com\/fi\/#\/schema\/logo\/image\/\"},\"telephone\":\"+886-2-8227-8800\",\"legalName\":\"Leatai Stationary Co., Ltd.\",\"description\":\"A leading notebook factory in Taiwan offering bespoke branding, high-quality binding, and premium paper selections for corporate gifts and stationery wholesale.\",\"address\":{\"@type\":\"PostalAddress\",\"streetAddress\":\"11F., No. 168, Jiankang Rd.\",\"addressLocality\":\"Zhonghe Dist.\",\"addressRegion\":\"New Taipei City\",\"postalCode\":\"235\",\"addressCountry\":\"TW\"},\"contactPoint\":{\"@type\":\"ContactPoint\",\"telephone\":\"+886-2-8227-8800\",\"contactType\":\"sales\",\"areaServed\":\"Worldwide\",\"availableLanguage\":[\"zh-TW\",\"en\"]}}]}<\/script>\n<!-- \/ Yoast SEO plugin. -->","yoast_head_json":{"title":"leikkaus- ja stanssaus-alihankinta - voimme valmistaa my\u00f6s stanssimuotit puolestasi ja suorittaa sek\u00e4 paksujen ett\u00e4 ohuiden materiaalien stanssauksen - Leatai \u2013 R\u00e4\u00e4t\u00e4l\u00f6ityjen muistikirjojen valmistaja","description":"Alihankintakohteet: leikkaus, stanssaus Sis\u00e4ll\u00f6n kuvaus: leikkaus ja stanssaus ovat perinteisess\u00e4 valmistuksessa yh\u00e4 harvinaisempia, ja siksi niiden merkitys kasvaa jatkuvasti. Erityisesti paksujen materiaalien ty\u00f6st\u00f6ss\u00e4 ne ovat v\u00e4ltt\u00e4m\u00e4tt\u00f6mi\u00e4. Leatailla on materiaalin avaamiseen tarkoitetut laitteet, joiden avulla kokonaiset nahkarullat voidaan leikata ja stanssata yhdell\u00e4 kertaa yhden palveluketjun puitteissa.","robots":{"index":"index","follow":"follow","max-snippet":"max-snippet:-1","max-image-preview":"max-image-preview:large","max-video-preview":"max-video-preview:-1"},"canonical":"https:\/\/leatai.com\/fi\/product\/muu-valmistus\/leikkaus-ja-stanssaus-alihankinta\/","og_locale":"fi_FI","og_type":"article","og_title":"leikkaus- ja stanssaus-alihankinta - voimme valmistaa my\u00f6s stanssimuotit puolestasi ja suorittaa sek\u00e4 paksujen ett\u00e4 ohuiden materiaalien stanssauksen - Leatai \u2013 R\u00e4\u00e4t\u00e4l\u00f6ityjen muistikirjojen valmistaja","og_description":"Alihankintakohteet: leikkaus, stanssaus Sis\u00e4ll\u00f6n kuvaus: leikkaus ja stanssaus ovat perinteisess\u00e4 valmistuksessa yh\u00e4 harvinaisempia, ja siksi niiden merkitys kasvaa jatkuvasti. Erityisesti paksujen materiaalien ty\u00f6st\u00f6ss\u00e4 ne ovat v\u00e4ltt\u00e4m\u00e4tt\u00f6mi\u00e4. Leatailla on materiaalin avaamiseen tarkoitetut laitteet, joiden avulla kokonaiset nahkarullat voidaan leikata ja stanssata yhdell\u00e4 kertaa yhden palveluketjun puitteissa.","og_url":"https:\/\/leatai.com\/fi\/product\/muu-valmistus\/leikkaus-ja-stanssaus-alihankinta\/","og_site_name":"Leatai \u2013 R\u00e4\u00e4t\u00e4l\u00f6ityjen muistikirjojen valmistaja","article_modified_time":"2025-12-22T06:06:28+00:00","og_image":[{"width":1000,"height":750,"url":"https:\/\/leatai.com\/wp-content\/uploads\/2016_01_20_1504420.jpg","type":"image\/jpeg"}],"twitter_card":"summary_large_image","twitter_misc":{"Arvioitu lukuaika":"1 minuutti"},"schema":{"@context":"https:\/\/schema.org","@graph":[{"@type":"WebPage","@id":"https:\/\/leatai.com\/fi\/product\/muu-valmistus\/leikkaus-ja-stanssaus-alihankinta\/","url":"https:\/\/leatai.com\/fi\/product\/muu-valmistus\/leikkaus-ja-stanssaus-alihankinta\/","name":"leikkaus- ja stanssaus-alihankinta - voimme valmistaa my\u00f6s stanssimuotit puolestasi ja suorittaa sek\u00e4 paksujen ett\u00e4 ohuiden materiaalien stanssauksen - Leatai \u2013 R\u00e4\u00e4t\u00e4l\u00f6ityjen muistikirjojen valmistaja","isPartOf":{"@id":"https:\/\/leatai.com\/fi\/#website"},"primaryImageOfPage":{"@id":"https:\/\/leatai.com\/fi\/product\/muu-valmistus\/leikkaus-ja-stanssaus-alihankinta\/#primaryimage"},"image":{"@id":"https:\/\/leatai.com\/fi\/product\/muu-valmistus\/leikkaus-ja-stanssaus-alihankinta\/#primaryimage"},"thumbnailUrl":"https:\/\/leatai.com\/wp-content\/uploads\/2016_01_20_1504420.jpg","datePublished":"2021-06-24T05:22:22+00:00","dateModified":"2025-12-22T06:06:28+00:00","description":"Alihankintakohteet: leikkaus, stanssaus Sis\u00e4ll\u00f6n kuvaus: leikkaus ja stanssaus ovat perinteisess\u00e4 valmistuksessa yh\u00e4 harvinaisempia, ja siksi niiden merkitys kasvaa jatkuvasti. Erityisesti paksujen materiaalien ty\u00f6st\u00f6ss\u00e4 ne ovat v\u00e4ltt\u00e4m\u00e4tt\u00f6mi\u00e4. Leatailla on materiaalin avaamiseen tarkoitetut laitteet, joiden avulla kokonaiset nahkarullat voidaan leikata ja stanssata yhdell\u00e4 kertaa yhden palveluketjun puitteissa.","breadcrumb":{"@id":"https:\/\/leatai.com\/fi\/product\/muu-valmistus\/leikkaus-ja-stanssaus-alihankinta\/#breadcrumb"},"inLanguage":"fi","potentialAction":[{"@type":"ReadAction","target":["https:\/\/leatai.com\/fi\/product\/muu-valmistus\/leikkaus-ja-stanssaus-alihankinta\/"]}]},{"@type":"ImageObject","inLanguage":"fi","@id":"https:\/\/leatai.com\/fi\/product\/muu-valmistus\/leikkaus-ja-stanssaus-alihankinta\/#primaryimage","url":"https:\/\/leatai.com\/wp-content\/uploads\/2016_01_20_1504420.jpg","contentUrl":"https:\/\/leatai.com\/wp-content\/uploads\/2016_01_20_1504420.jpg","width":1000,"height":750,"caption":"leikkaus- ja stanssaus-alihankinta"},{"@type":"BreadcrumbList","@id":"https:\/\/leatai.com\/fi\/product\/muu-valmistus\/leikkaus-ja-stanssaus-alihankinta\/#breadcrumb","itemListElement":[{"@type":"ListItem","position":1,"name":"Home","item":"https:\/\/leatai.com\/fi\/"},{"@type":"ListItem","position":2,"name":"Tuote-esittely","item":"https:\/\/leatai.com\/products\/"},{"@type":"ListItem","position":3,"name":"Muu valmistus","item":"https:\/\/leatai.com\/fi\/tuote-osasto\/muu-valmistus\/"},{"@type":"ListItem","position":4,"name":"leikkaus- ja stanssaus-alihankinta"}]},{"@type":"WebSite","@id":"https:\/\/leatai.com\/fi\/#website","url":"https:\/\/leatai.com\/fi\/","name":"Leatai \u2013 R\u00e4\u00e4t\u00e4l\u00f6ityjen muistikirjojen valmistaja","description":"Leatai tarjoaa r\u00e4\u00e4t\u00e4l\u00f6ityj\u00e4 muistikirjoja ja suunnittelijoita br\u00e4ndeille ja j\u00e4lleenmyyjille maailmanlaajuisesti.","publisher":{"@id":"https:\/\/leatai.com\/fi\/#organization"},"potentialAction":[{"@type":"SearchAction","target":{"@type":"EntryPoint","urlTemplate":"https:\/\/leatai.com\/fi\/?s={search_term_string}"},"query-input":{"@type":"PropertyValueSpecification","valueRequired":true,"valueName":"search_term_string"}}],"inLanguage":"fi"},{"@type":"Organization","@id":"https:\/\/leatai.com\/fi\/#organization","name":"Leatai Diary, customized journal and business organizer","url":"https:\/\/leatai.com\/fi\/","logo":{"@type":"ImageObject","inLanguage":"fi","@id":"https:\/\/leatai.com\/fi\/#\/schema\/logo\/image\/","url":"https:\/\/leatai.com\/wp-content\/uploads\/logo-blue.png","contentUrl":"https:\/\/leatai.com\/wp-content\/uploads\/logo-blue.png","width":230,"height":60,"caption":"Leatai Diary, customized journal and business organizer"},"image":{"@id":"https:\/\/leatai.com\/fi\/#\/schema\/logo\/image\/"},"telephone":"+886-2-8227-8800","legalName":"Leatai Stationary Co., Ltd.","description":"A leading notebook factory in Taiwan offering bespoke branding, high-quality binding, and premium paper selections for corporate gifts and stationery wholesale.","address":{"@type":"PostalAddress","streetAddress":"11F., No. 168, Jiankang Rd.","addressLocality":"Zhonghe Dist.","addressRegion":"New Taipei City","postalCode":"235","addressCountry":"TW"},"contactPoint":{"@type":"ContactPoint","telephone":"+886-2-8227-8800","contactType":"sales","areaServed":"Worldwide","availableLanguage":["zh-TW","en"]}}]}},"_links":{"self":[{"href":"https:\/\/leatai.com\/fi\/wp-json\/wp\/v2\/product\/249271","targetHints":{"allow":["GET"]}}],"collection":[{"href":"https:\/\/leatai.com\/fi\/wp-json\/wp\/v2\/product"}],"about":[{"href":"https:\/\/leatai.com\/fi\/wp-json\/wp\/v2\/types\/product"}],"wp:featuredmedia":[{"embeddable":true,"href":"https:\/\/leatai.com\/fi\/wp-json\/wp\/v2\/media\/249272"}],"wp:attachment":[{"href":"https:\/\/leatai.com\/fi\/wp-json\/wp\/v2\/media?parent=249271"}],"wp:term":[{"taxonomy":"product_brand","embeddable":true,"href":"https:\/\/leatai.com\/fi\/wp-json\/wp\/v2\/product_brand?post=249271"},{"taxonomy":"product_cat","embeddable":true,"href":"https:\/\/leatai.com\/fi\/wp-json\/wp\/v2\/product_cat?post=249271"},{"taxonomy":"product_tag","embeddable":true,"href":"https:\/\/leatai.com\/fi\/wp-json\/wp\/v2\/product_tag?post=249271"},{"taxonomy":"home_works","embeddable":true,"href":"https:\/\/leatai.com\/fi\/wp-json\/wp\/v2\/home_works?post=249271"}],"curies":[{"name":"wp","href":"https:\/\/api.w.org\/{rel}","templated":true}]}}